{"id":634,"date":"2023-08-21T02:32:30","date_gmt":"2023-08-21T02:32:30","guid":{"rendered":"https:\/\/hydraulic-cylinders.net\/?post_type=product&#038;p=634"},"modified":"2025-04-11T03:15:51","modified_gmt":"2025-04-11T03:15:51","slug":"forklift-tilt-hydraulic-cylinder","status":"publish","type":"product","link":"https:\/\/www.hydraulic-cylinders.net\/pl\/produkt\/forklift-tilt-hydraulic-cylinder\/","title":{"rendered":"Si\u0142ownik hydrauliczny przechy\u0142u w\u00f3zka wid\u0142owego"},"content":{"rendered":"<h1 style=\"text-align: center;\"><strong>Si\u0142owniki hydrauliczne do przechylania w\u00f3zk\u00f3w wid\u0142owych<\/strong><\/h1>\n<p><img loading=\"lazy\" decoding=\"async\" class=\"aligncenter wp-image-635\" src=\"https:\/\/hydraulic-cylinders.net\/wp-content\/uploads\/2023\/08\/tilt-hydraulic-cylinder-product-1-4-300x300.webp\" alt=\"produkt z si\u0142ownikiem hydraulicznym przechy\u0142u\" width=\"400\" height=\"400\" \/><\/p>\n<p>Si\u0142ownik hydrauliczny do przechylania w\u00f3zka wid\u0142owego to dwustronnego dzia\u0142ania si\u0142ownik hydrauliczny s\u0142u\u017c\u0105cy do przechylania masztu w\u00f3zka wid\u0142owego. Znajduje si\u0119 zazwyczaj po lewej i prawej stronie w\u00f3zka wid\u0142owego i jest po\u0142\u0105czony z masztem i ram\u0105 w\u00f3zka wid\u0142owego.<\/p>\n<p>Si\u0142ownik przechy\u0142u dzia\u0142a poprzez wykorzystanie oleju hydraulicznego do popychania i ci\u0105gni\u0119cia t\u0142oka wewn\u0105trz cylindra. Po wt\u0142oczeniu oleju hydraulicznego do cylindra t\u0142ok porusza si\u0119 do przodu, pochylaj\u0105c maszt do przodu. Po wypompowaniu oleju hydraulicznego z cylindra t\u0142ok porusza si\u0119 do ty\u0142u, pochylaj\u0105c t\u0142oczysko do ty\u0142u.<\/p>\n<p>Si\u0142ownik przechy\u0142u jest wa\u017cnym elementem bezpiecze\u0144stwa w\u00f3zka wid\u0142owego. Umo\u017cliwia operatorom przechylanie masztu w celu roz\u0142adunku lub za\u0142adunku materia\u0142u z wide\u0142. Si\u0142ownik przechy\u0142u pomaga r\u00f3wnie\u017c zapobiec przewr\u00f3ceniu si\u0119 w\u00f3zka wid\u0142owego.<\/p>\n<h2><strong>Parametry si\u0142ownik\u00f3w hydraulicznych do przechylania w\u00f3zk\u00f3w wid\u0142owych:<\/strong><\/h2>\n<table>\n<tbody>\n<tr>\n<td><img loading=\"lazy\" decoding=\"async\" class=\"alignnone wp-image-636 size-full\" src=\"https:\/\/hydraulic-cylinders.net\/wp-content\/uploads\/2023\/08\/tilt-hydraulic-cylinder-product-1.webp\" alt=\"\" width=\"333\" height=\"262\" srcset=\"https:\/\/www.hydraulic-cylinders.net\/wp-content\/uploads\/2023\/08\/tilt-hydraulic-cylinder-product-1.webp 333w, https:\/\/www.hydraulic-cylinders.net\/wp-content\/uploads\/2023\/08\/tilt-hydraulic-cylinder-product-1-300x236.webp 300w\" sizes=\"(max-width: 333px) 100vw, 333px\" \/><\/td>\n<td><img loading=\"lazy\" decoding=\"async\" class=\"alignnone wp-image-637 size-full\" src=\"https:\/\/hydraulic-cylinders.net\/wp-content\/uploads\/2023\/08\/tilt-hydraulic-cylinder-product-1-1.webp\" alt=\"\" width=\"326\" height=\"286\" srcset=\"https:\/\/www.hydraulic-cylinders.net\/wp-content\/uploads\/2023\/08\/tilt-hydraulic-cylinder-product-1-1.webp 326w, https:\/\/www.hydraulic-cylinders.net\/wp-content\/uploads\/2023\/08\/tilt-hydraulic-cylinder-product-1-1-300x263.webp 300w\" sizes=\"(max-width: 326px) 100vw, 326px\" \/><\/td>\n<\/tr>\n<\/tbody>\n<\/table>\n<table border=\"1\" cellspacing=\"0\" cellpadding=\"0\">\n<tbody>\n<tr>\n<td width=\"246\">Nazwa cylindra<\/td>\n<td width=\"336\">numer rysunku<\/td>\n<td width=\"126\">\u015brednica otworu (D)<\/td>\n<td width=\"123\">\u015brednica pr\u0119ta (d)<\/td>\n<td width=\"114\">udar (S)<\/td>\n<td width=\"170\">Odleg\u0142o\u015b\u0107 instalacji (L)<\/td>\n<td width=\"172\">ci\u015bnienie robocze<\/td>\n<td width=\"366\">Wymiary interfejsu (M)<\/td>\n<td width=\"96\">waga<\/td>\n<\/tr>\n<tr>\n<td width=\"246\">SI\u0141OWNIK PRZECHY\u0141U<\/td>\n<td>QA20V500-405000-000<\/td>\n<td>\u03a660<\/td>\n<td>\u03a630<\/td>\n<td>32<\/td>\n<td>109<\/td>\n<td>18 MPa<\/td>\n<td>2-M14*1,5<\/td>\n<td>3,4 kg<\/td>\n<\/tr>\n<\/tbody>\n<\/table>\n<table>\n<tbody>\n<tr>\n<td><img loading=\"lazy\" decoding=\"async\" class=\"alignnone wp-image-638 size-full\" src=\"https:\/\/hydraulic-cylinders.net\/wp-content\/uploads\/2023\/08\/tilt-hydraulic-cylinder-product-1-2.webp\" alt=\"\" width=\"475\" height=\"365\" srcset=\"https:\/\/www.hydraulic-cylinders.net\/wp-content\/uploads\/2023\/08\/tilt-hydraulic-cylinder-product-1-2.webp 475w, https:\/\/www.hydraulic-cylinders.net\/wp-content\/uploads\/2023\/08\/tilt-hydraulic-cylinder-product-1-2-300x231.webp 300w\" sizes=\"(max-width: 475px) 100vw, 475px\" \/><\/td>\n<td><img loading=\"lazy\" decoding=\"async\" class=\"alignnone wp-image-639 size-full\" src=\"https:\/\/hydraulic-cylinders.net\/wp-content\/uploads\/2023\/08\/tilt-hydraulic-cylinder-product-1-3.webp\" alt=\"\" width=\"475\" height=\"155\" srcset=\"https:\/\/www.hydraulic-cylinders.net\/wp-content\/uploads\/2023\/08\/tilt-hydraulic-cylinder-product-1-3.webp 475w, https:\/\/www.hydraulic-cylinders.net\/wp-content\/uploads\/2023\/08\/tilt-hydraulic-cylinder-product-1-3-300x98.webp 300w\" sizes=\"(max-width: 475px) 100vw, 475px\" \/><\/td>\n<\/tr>\n<\/tbody>\n<\/table>\n<table border=\"1\" width=\"100%\" cellspacing=\"0\" cellpadding=\"0\">\n<tbody>\n<tr>\n<td width=\"246\">Nazwa cylindra<\/td>\n<td width=\"336\">numer rysunku<\/td>\n<td width=\"126\">\u015brednica otworu (D)<\/td>\n<td width=\"123\">\u015brednica pr\u0119ta (d)<\/td>\n<td width=\"114\">udar (S)<\/td>\n<td width=\"170\">Odleg\u0142o\u015b\u0107 instalacji (L)<\/td>\n<td width=\"172\">ci\u015bnienie robocze<\/td>\n<td width=\"366\">Wymiary interfejsu (M)<\/td>\n<td width=\"96\">waga<\/td>\n<\/tr>\n<tr>\n<td width=\"246\">SI\u0141OWNIK PRZECHY\u0141U<\/td>\n<td>S16N450-600000-001Z<\/td>\n<td>\u03a663<\/td>\n<td>\u03a625<\/td>\n<td>55<\/td>\n<td>368<\/td>\n<td>18,1 MPa<\/td>\n<td>2-G1\/4<\/td>\n<td>8,2 kg<\/td>\n<\/tr>\n<tr>\n<td width=\"246\">SI\u0141OWNIK PRZECHY\u0141U<\/td>\n<td>RTE35M300-600000-500<\/td>\n<td>\u03a685<\/td>\n<td>\u03a635<\/td>\n<td>180<\/td>\n<td>565<\/td>\n<td>18,1 MPa<\/td>\n<td>2-M16*1,5<\/td>\n<td>17 kg<\/td>\n<\/tr>\n<tr>\n<td width=\"246\">SI\u0141OWNIK PRZECHY\u0141U<\/td>\n<td>A15N450-600000AZ<\/td>\n<td>\u03a665<\/td>\n<td>\u03a625<\/td>\n<td>109<\/td>\n<td>514<\/td>\n<td>18,1 MPa<\/td>\n<td>2-G1\/4<\/td>\n<td>11,6 kg<\/td>\n<\/tr>\n<\/tbody>\n<\/table>\n<table>\n<tbody>\n<tr>\n<td><img loading=\"lazy\" decoding=\"async\" class=\"alignnone wp-image-640 size-full\" src=\"https:\/\/hydraulic-cylinders.net\/wp-content\/uploads\/2023\/08\/tilt-hydraulic-cylinder-product-1-4-1.webp\" alt=\"\" width=\"476\" height=\"398\" srcset=\"https:\/\/www.hydraulic-cylinders.net\/wp-content\/uploads\/2023\/08\/tilt-hydraulic-cylinder-product-1-4-1.webp 476w, https:\/\/www.hydraulic-cylinders.net\/wp-content\/uploads\/2023\/08\/tilt-hydraulic-cylinder-product-1-4-1-300x251.webp 300w\" sizes=\"(max-width: 476px) 100vw, 476px\" \/><\/td>\n<td><img loading=\"lazy\" decoding=\"async\" class=\"alignnone wp-image-641 size-full\" src=\"https:\/\/hydraulic-cylinders.net\/wp-content\/uploads\/2023\/08\/tilt-hydraulic-cylinder-product-1-5.webp\" alt=\"\" width=\"475\" height=\"162\" srcset=\"https:\/\/www.hydraulic-cylinders.net\/wp-content\/uploads\/2023\/08\/tilt-hydraulic-cylinder-product-1-5.webp 475w, https:\/\/www.hydraulic-cylinders.net\/wp-content\/uploads\/2023\/08\/tilt-hydraulic-cylinder-product-1-5-300x102.webp 300w\" sizes=\"(max-width: 475px) 100vw, 475px\" \/><\/td>\n<\/tr>\n<\/tbody>\n<\/table>\n<table border=\"1\" width=\"100%\" cellspacing=\"0\" cellpadding=\"0\">\n<tbody>\n<tr>\n<td width=\"246\">Nazwa cylindra<\/td>\n<td width=\"336\">numer rysunku<\/td>\n<td width=\"126\">\u015brednica otworu (D)<\/td>\n<td width=\"123\">\u015brednica pr\u0119ta (d)<\/td>\n<td width=\"114\">udar (S)<\/td>\n<td width=\"170\">Odleg\u0142o\u015b\u0107 instalacji (L)<\/td>\n<td width=\"172\">ci\u015bnienie robocze<\/td>\n<td width=\"366\">Wymiary interfejsu (M)<\/td>\n<td width=\"96\">waga<\/td>\n<\/tr>\n<tr>\n<td>SI\u0141OWNIK PRZECHY\u0141U<\/td>\n<td>A30M300-600000-000B<\/td>\n<td>\u03a670<\/td>\n<td>\u03a630<\/td>\n<td>156<\/td>\n<td>453<\/td>\n<td>18,1 MPa<\/td>\n<td>2-G1\/4<\/td>\n<td>12 kg<\/td>\n<\/tr>\n<tr>\n<td>SI\u0141OWNIK PRZECHY\u0141U<\/td>\n<td>A35M300-600000-000C<\/td>\n<td>\u03a680<\/td>\n<td>\u03a630<\/td>\n<td>156<\/td>\n<td>456.5<\/td>\n<td>18,1 MPa<\/td>\n<td>2-G1\/4<\/td>\n<td>13 kg<\/td>\n<\/tr>\n<tr>\n<td>SI\u0141OWNIK PRZECHY\u0141U<\/td>\n<td>A45M300-600000Z<\/td>\n<td>\u03a6100<\/td>\n<td>\u03a640<\/td>\n<td>193<\/td>\n<td>498<\/td>\n<td>18,1 MPa<\/td>\n<td>2-M16*1,5<\/td>\n<td>22 kg<\/td>\n<\/tr>\n<\/tbody>\n<\/table>\n<h2><strong>Metoda u\u017cycia <\/strong><strong>Si\u0142ownik hydrauliczny do podnoszenia w\u00f3zk\u00f3w wid\u0142owych<\/strong><strong>:<\/strong><\/h2>\n<ul>\n<li><strong>Krok 1: Analiza systemu<\/strong>Przeanalizuj wymagania swojego uk\u0142adu hydraulicznego i okre\u015bl odpowiednie parametry cylindra hydraulicznego. We\u017a pod uwag\u0119 takie czynniki, jak ud\u017awig, d\u0142ugo\u015b\u0107 skoku i ci\u015bnienie robocze.<\/li>\n<li><strong>Krok 2: Wyb\u00f3r cylindra<\/strong>Wybierz si\u0142ownik hydrauliczny, kt\u00f3ry spe\u0142nia wymagania Twojego systemu. Upewnij si\u0119, \u017ce jest kompatybilny z innymi komponentami systemu i we\u017a pod uwag\u0119 takie czynniki, jak spos\u00f3b monta\u017cu, \u015brednica t\u0142oczyska i rozmiar portu.<\/li>\n<li><strong>Krok 3: Instalacja<\/strong>: Zamontuj si\u0142ownik hydrauliczny w uk\u0142adzie hydraulicznym, post\u0119puj\u0105c zgodnie z instrukcjami producenta. Zwr\u00f3\u0107 uwag\u0119 na prawid\u0142owe ustawienie, solidne mocowanie i szczelno\u015b\u0107 po\u0142\u0105cze\u0144.<\/li>\n<li><strong>Krok 4: Testowanie systemu<\/strong>: Przeprowad\u017a dok\u0142adne testy uk\u0142adu hydraulicznego, w tym si\u0142ownika hydraulicznego. Sprawd\u017a poprawno\u015b\u0107 dzia\u0142ania, wycieki p\u0142ynu i wszelkie potencjalne problemy. Dokonaj niezb\u0119dnych regulacji, aby zapewni\u0107 optymaln\u0105 wydajno\u015b\u0107.<\/li>\n<\/ul>\n<h2><strong>Mo\u017cliwo\u015bci i pojemno\u015b\u0107 fabryki:<\/strong><\/h2>\n<h3>(1) Monta\u017c<\/h3>\n<p>Dysponujemy najwy\u017cszej klasy, niezale\u017cn\u0105 platform\u0105 monta\u017cow\u0105 do bada\u0144 i rozwoju. Warsztat produkcji cylindr\u00f3w do w\u00f3zk\u00f3w wid\u0142owych posiada 4 p\u00f3\u0142automatyczne linie monta\u017cowe do podnoszenia cylindr\u00f3w i 1 automatyczn\u0105 lini\u0119 monta\u017cow\u0105 do przechylania cylindr\u00f3w, o projektowanej rocznej zdolno\u015bci produkcyjnej 1 miliona sztuk. Specjalny warsztat do produkcji cylindr\u00f3w jest wyposa\u017cony w p\u00f3\u0142automatyczny system czyszczenia o r\u00f3\u017cnych parametrach, o projektowanej rocznej zdolno\u015bci produkcyjnej 200 000 sztuk. Wyposa\u017cony jest w renomowany sprz\u0119t do obr\u00f3bki CNC, centrum obr\u00f3bcze, specjalistyczny sprz\u0119t do precyzyjnej obr\u00f3bki cylindr\u00f3w, robota spawalniczego, automatyczn\u0105 maszyn\u0119 czyszcz\u0105c\u0105, automatyczn\u0105 maszyn\u0119 do monta\u017cu cylindr\u00f3w oraz automatyczn\u0105 lini\u0119 produkcyjn\u0105 do lakierowania. Ponad 300 zestaw\u00f3w (zestaw\u00f3w) to kluczowe wyposa\u017cenie. Optymalna alokacja i efektywne wykorzystanie zasob\u00f3w sprz\u0119towych zapewniaj\u0105 dok\u0142adno\u015b\u0107 i spe\u0142niaj\u0105 wysokie wymagania jako\u015bciowe.<\/p>\n<p><img loading=\"lazy\" decoding=\"async\" class=\"alignnone wp-image-626\" src=\"https:\/\/hydraulic-cylinders.net\/wp-content\/uploads\/2023\/08\/hydraulic-cylinder-product-1-300x158.webp\" alt=\"\" width=\"495\" height=\"260\" srcset=\"https:\/\/hydraulic-cylinders.net\/wp-content\/uploads\/2023\/08\/hydraulic-cylinder-product-1-300x158.webp 495w, https:\/\/hydraulic-cylinders.net\/wp-content\/uploads\/2023\/08\/hydraulic-cylinder-product-1-480x252.webp 480w\" sizes=\"(min-width: 0px) and (max-width: 480px) 480px, (min-width: 481px) 495px, 100vw\" \/> <img loading=\"lazy\" decoding=\"async\" class=\"alignnone wp-image-627\" src=\"https:\/\/hydraulic-cylinders.net\/wp-content\/uploads\/2023\/08\/hydraulic-cylinder-product-2-300x189.webp\" alt=\"\" width=\"413\" height=\"260\" \/><\/p>\n<h3>(2)Obr\u00f3bka skrawaniem<\/h3>\n<p>Warsztat obr\u00f3bki mechanicznej wyposa\u017cony jest w dostosowane do potrzeb klienta centrum tokarskie z pochylon\u0105 szyn\u0105, centrum obr\u00f3bcze, szybkoobrotow\u0105 maszyn\u0119 do honowania, robota spawalniczego i inny powi\u0105zany sprz\u0119t, kt\u00f3ry mo\u017ce poradzi\u0107 sobie z obr\u00f3bk\u0105 rur cylindrycznych o maksymalnej \u015brednicy wewn\u0119trznej 400 mm i maksymalnej d\u0142ugo\u015bci 6 metr\u00f3w.<\/p>\n<p><img loading=\"lazy\" decoding=\"async\" class=\"alignnone wp-image-628 size-large\" src=\"https:\/\/hydraulic-cylinders.net\/wp-content\/uploads\/2023\/08\/hydraulic-cylinder-product-3-1024x391.webp\" alt=\"\" width=\"1024\" height=\"391\" srcset=\"https:\/\/hydraulic-cylinders.net\/wp-content\/uploads\/2023\/08\/hydraulic-cylinder-product-3-980x374.webp 980w, https:\/\/hydraulic-cylinders.net\/wp-content\/uploads\/2023\/08\/hydraulic-cylinder-product-3-480x183.webp 480w\" sizes=\"(min-width: 0px) and (max-width: 480px) 480px, (min-width: 481px) and (max-width: 980px) 980px, (min-width: 981px) 1024px, 100vw\" \/><\/p>\n<h3>(3) Spawanie<\/h3>\n<p><img loading=\"lazy\" decoding=\"async\" class=\"alignnone wp-image-629 size-large\" src=\"https:\/\/hydraulic-cylinders.net\/wp-content\/uploads\/2023\/08\/hydraulic-cylinder-product-4-1024x510.webp\" alt=\"\" width=\"1024\" height=\"510\" srcset=\"https:\/\/hydraulic-cylinders.net\/wp-content\/uploads\/2023\/08\/hydraulic-cylinder-product-4-980x488.webp 980w, https:\/\/hydraulic-cylinders.net\/wp-content\/uploads\/2023\/08\/hydraulic-cylinder-product-4-480x239.webp 480w\" sizes=\"(min-width: 0px) and (max-width: 480px) 480px, (min-width: 481px) and (max-width: 980px) 980px, (min-width: 981px) 1024px, 100vw\" \/><\/p>\n<h3>(4) Malowanie i powlekanie<\/h3>\n<p>Z automatyczn\u0105 lini\u0105 do powlekania farbami na bazie wody o ma\u0142ych i \u015brednich rozmiarach, umo\u017cliwiaj\u0105c\u0105 automatyczne \u0142adowanie i roz\u0142adowywanie za pomoc\u0105 robota oraz automatyczne natryskiwanie, o projektowanej wydajno\u015bci 4000 sztuk na zmian\u0119;<br \/>\nDysponujemy r\u00f3wnie\u017c p\u00f3\u0142automatyczn\u0105 lini\u0105 produkcyjn\u0105 do lakierowania du\u017cych cylindr\u00f3w, zasilan\u0105 \u0142a\u0144cuchem nap\u0119dowym, o projektowanej wydajno\u015bci 60 skrzy\u0144 na zmian\u0119.<\/p>\n<p><img loading=\"lazy\" decoding=\"async\" class=\"alignnone wp-image-630\" src=\"https:\/\/hydraulic-cylinders.net\/wp-content\/uploads\/2023\/08\/hydraulic-cylinder-product-5-300x213.webp\" alt=\"\" width=\"366\" height=\"260\" \/> <img loading=\"lazy\" decoding=\"async\" class=\"alignnone wp-image-631\" src=\"https:\/\/hydraulic-cylinders.net\/wp-content\/uploads\/2023\/08\/hydraulic-cylinder-product-6-300x225.webp\" alt=\"\" width=\"347\" height=\"260\" \/><\/p>\n<h3>(5) Testowanie<\/h3>\n<p>Dysponujemy najwy\u017cszej klasy urz\u0105dzeniami kontrolnymi i stanowiskami testowymi, aby zapewni\u0107, \u017ce wydajno\u015b\u0107 cylindra spe\u0142nia wymagania.<\/p>\n<p><img loading=\"lazy\" decoding=\"async\" class=\"alignnone wp-image-632\" src=\"https:\/\/hydraulic-cylinders.net\/wp-content\/uploads\/2023\/08\/hydraulic-cylinder-product-8-300x200.webp\" alt=\"\" width=\"389\" height=\"260\" \/><\/p>\n<p>&nbsp;<\/p>\n<p>&nbsp;<\/p>\n<p>Jeste\u015bmy jednym z najlepszych producent\u00f3w cylindr\u00f3w hydraulicznych. Oferujemy szeroki asortyment cylindr\u00f3w hydraulicznych. Dostarczamy r\u00f3wnie\u017c\u2026 <a href=\"https:\/\/hzpt.com\/agricultural-pto-gearbox\/\" target=\"_blank\" rel=\"noopener\">przek\u0142adnie rolnicze<\/a>Eksportowali\u015bmy nasze produkty do klient\u00f3w na ca\u0142ym \u015bwiecie i zyskali\u015bmy dobr\u0105 reputacj\u0119 dzi\u0119ki doskona\u0142ej jako\u015bci produkt\u00f3w i obs\u0142udze posprzeda\u017cowej. Serdecznie zapraszamy klient\u00f3w zar\u00f3wno z kraju, jak i z zagranicy do kontaktu z nami w celu negocjacji biznesowych, wymiany informacji i\u2026\u00a0<a href=\"https:\/\/www.hydraulic-cylinders.net\/pl\/contact-us\/\">wsp\u00f3\u0142pracowa\u0107 z nami<\/a>!<\/p>","protected":false},"excerpt":{"rendered":"<p>Forklift Tilt Hydraulic Cylinders Forklift tilting hydraulic cylinder is a double acting hydraulic cylinder used for tilting the forklift mast. It is usually located on the left and right sides of the forklift and is connected to the mast and frame of the forklift. The tilting cylinder works by using hydraulic oil to push and [&hellip;]<\/p>","protected":false},"featured_media":642,"comment_status":"open","ping_status":"closed","template":"","meta":{"_et_pb_use_builder":"","_et_pb_old_content":"","_et_gb_content_width":""},"product_brand":[],"product_cat":[1550,1484],"product_tag":[1380],"class_list":{"0":"post-634","1":"product","2":"type-product","3":"status-publish","4":"has-post-thumbnail","6":"product_cat-double-acting-hydraulic-cylinder","7":"product_cat-forklift-hydraulic-cylinders","8":"product_tag-hydraulic-cylinder","10":"first","11":"instock","12":"shipping-taxable","13":"product-type-simple"},"amp_enabled":true,"_links":{"self":[{"href":"https:\/\/www.hydraulic-cylinders.net\/pl\/wp-json\/wp\/v2\/product\/634","targetHints":{"allow":["GET"]}}],"collection":[{"href":"https:\/\/www.hydraulic-cylinders.net\/pl\/wp-json\/wp\/v2\/product"}],"about":[{"href":"https:\/\/www.hydraulic-cylinders.net\/pl\/wp-json\/wp\/v2\/types\/product"}],"replies":[{"embeddable":true,"href":"https:\/\/www.hydraulic-cylinders.net\/pl\/wp-json\/wp\/v2\/comments?post=634"}],"wp:featuredmedia":[{"embeddable":true,"href":"https:\/\/www.hydraulic-cylinders.net\/pl\/wp-json\/wp\/v2\/media\/642"}],"wp:attachment":[{"href":"https:\/\/www.hydraulic-cylinders.net\/pl\/wp-json\/wp\/v2\/media?parent=634"}],"wp:term":[{"taxonomy":"product_brand","embeddable":true,"href":"https:\/\/www.hydraulic-cylinders.net\/pl\/wp-json\/wp\/v2\/product_brand?post=634"},{"taxonomy":"product_cat","embeddable":true,"href":"https:\/\/www.hydraulic-cylinders.net\/pl\/wp-json\/wp\/v2\/product_cat?post=634"},{"taxonomy":"product_tag","embeddable":true,"href":"https:\/\/www.hydraulic-cylinders.net\/pl\/wp-json\/wp\/v2\/product_tag?post=634"}],"curies":[{"name":"wp","href":"https:\/\/api.w.org\/{rel}","templated":true}]}}