{"id":652,"date":"2023-08-21T02:56:38","date_gmt":"2023-08-21T02:56:38","guid":{"rendered":"https:\/\/hydraulic-cylinders.net\/?post_type=product&#038;p=652"},"modified":"2025-04-11T01:45:01","modified_gmt":"2025-04-11T01:45:01","slug":"forklift-short-lifting-hydraulic-cylinder","status":"publish","type":"product","link":"https:\/\/www.hydraulic-cylinders.net\/pl\/produkt\/forklift-short-lifting-hydraulic-cylinder\/","title":{"rendered":"Si\u0142ownik hydrauliczny do kr\u00f3tkiego podnoszenia w\u00f3zk\u00f3w wid\u0142owych"},"content":{"rendered":"<h1 style=\"text-align: center;\"><strong>Si\u0142ownik hydrauliczny do kr\u00f3tkiego podnoszenia w\u00f3zk\u00f3w wid\u0142owych<\/strong><\/h1>\n<p><img loading=\"lazy\" decoding=\"async\" class=\"aligncenter wp-image-653\" src=\"https:\/\/hydraulic-cylinders.net\/wp-content\/uploads\/2023\/08\/short-lifting-hydraulic-cylinder-product-2-300x300.webp\" alt=\"produkt z si\u0142ownikiem hydraulicznym o kr\u00f3tkim podnoszeniu\" width=\"400\" height=\"400\" \/><\/p>\n<p>Ten <strong>Kr\u00f3tki cylinder podnosz\u0105cy w\u00f3zek wid\u0142owy<\/strong> jest zaprojektowany do bezproblemowego wykonywania kr\u00f3tkich zada\u0144 podnoszenia, zapewniaj\u0105c moc i precyzj\u0119 potrzebn\u0105 do optymalizacji operacji transportu materia\u0142\u00f3w.<\/p>\n<p>Ten si\u0142ownik hydrauliczny o solidnej konstrukcji wytrzymuje du\u017ce obci\u0105\u017cenia, cz\u0119ste u\u017cytkowanie i trudne warunki pracy. Zaprojektowany z my\u015bl\u0105 o trwa\u0142o\u015bci, gwarantuje niezawodn\u0105 prac\u0119, minimalizuj\u0105c jednocze\u015bnie przestoje zwi\u0105zane z konserwacj\u0105 lub naprawami.<\/p>\n<p>Dzi\u0119ki wyj\u0105tkowej odporno\u015bci na zu\u017cycie, korozj\u0119 i zanieczyszczenia, <strong>Kr\u00f3tki cylinder podnosz\u0105cy w\u00f3zek wid\u0142owy<\/strong> Utrzymuje najwy\u017csz\u0105 wydajno\u015b\u0107 przez ca\u0142y okres u\u017cytkowania. Zaprojektowany, aby wytrzyma\u0107 trudne warunki, skutecznie chroni si\u0119 przed wilgoci\u0105, zanieczyszczeniami i innymi zanieczyszczeniami, kt\u00f3re mog\u0142yby negatywnie wp\u0142yn\u0105\u0107 na jego funkcjonalno\u015b\u0107.<\/p>\n<p>Je\u015bli szukasz niezawodnego rozwi\u0105zania do podnoszenia, ten si\u0142ownik hydrauliczny jest idealnym wyborem, gwarantuj\u0105cym wydajno\u015b\u0107 i trwa\u0142o\u015b\u0107 przy ka\u017cdej operacji.<\/p>\n<h2><strong>Parametry cylindra hydraulicznego kr\u00f3tkiego podnoszenia w\u00f3zka wid\u0142owego:<\/strong><\/h2>\n<table>\n<tbody>\n<tr>\n<td><img loading=\"lazy\" decoding=\"async\" class=\"alignnone wp-image-654 size-full\" src=\"https:\/\/hydraulic-cylinders.net\/wp-content\/uploads\/2023\/08\/short-lifting-hydraulic-cylinder-product-1.png\" alt=\"\" width=\"457\" height=\"315\" srcset=\"https:\/\/www.hydraulic-cylinders.net\/wp-content\/uploads\/2023\/08\/short-lifting-hydraulic-cylinder-product-1.png 457w, https:\/\/www.hydraulic-cylinders.net\/wp-content\/uploads\/2023\/08\/short-lifting-hydraulic-cylinder-product-1-300x207.png 300w\" sizes=\"(max-width: 457px) 100vw, 457px\" \/><\/td>\n<td><img loading=\"lazy\" decoding=\"async\" class=\"alignnone wp-image-655 size-full\" src=\"https:\/\/hydraulic-cylinders.net\/wp-content\/uploads\/2023\/08\/short-lifting-hydraulic-cylinder-product-1-1.png\" alt=\"\" width=\"475\" height=\"137\" srcset=\"https:\/\/www.hydraulic-cylinders.net\/wp-content\/uploads\/2023\/08\/short-lifting-hydraulic-cylinder-product-1-1.png 475w, https:\/\/www.hydraulic-cylinders.net\/wp-content\/uploads\/2023\/08\/short-lifting-hydraulic-cylinder-product-1-1-300x87.png 300w\" sizes=\"(max-width: 475px) 100vw, 475px\" \/><\/td>\n<\/tr>\n<\/tbody>\n<\/table>\n<table style=\"height: 95px; width: 931px;\" border=\"1\" cellspacing=\"0\" cellpadding=\"0\">\n<tbody>\n<tr style=\"height: 47px;\">\n<td style=\"height: 47px; width: 124.137px;\">Nazwa cylindra<\/td>\n<td style=\"height: 47px; width: 182.712px;\">numer rysunku<\/td>\n<td style=\"height: 47px; width: 74.2125px;\">\u015brednica otworu (D)<\/td>\n<td style=\"height: 47px; width: 63.6375px;\">\u015brednica pr\u0119ta (d)<\/td>\n<td style=\"height: 47px; width: 69.75px;\">udar (S)<\/td>\n<td style=\"height: 47px; width: 90.0875px;\">Odleg\u0142o\u015b\u0107 instalacji (L)<\/td>\n<td style=\"height: 47px; width: 92.5625px;\">ci\u015bnienie robocze<\/td>\n<td style=\"height: 47px; width: 148.925px;\">Wymiary interfejsu (M)<\/td>\n<td style=\"height: 47px; width: 68.975px;\">waga<\/td>\n<\/tr>\n<tr style=\"height: 48px;\">\n<td class=\"et3\" style=\"height: 48px; width: 124.137px;\" height=\"325\">Kr\u00f3tki cylinder podnosz\u0105cy<\/td>\n<td style=\"width: 182.712px;\">RC25N480-800000-000A<\/td>\n<td style=\"width: 74.2125px;\">\u03a675<\/td>\n<td style=\"width: 63.6375px;\">\u03a660<\/td>\n<td style=\"width: 69.75px;\">800<\/td>\n<td style=\"width: 90.0875px;\">1065<\/td>\n<td style=\"width: 92.5625px;\">18,1 MPa<\/td>\n<td style=\"width: 148.925px;\">M22*1,5<\/td>\n<td style=\"width: 68.975px;\">36 kg<\/td>\n<\/tr>\n<tr>\n<td style=\"width: 124.137px;\">Kr\u00f3tki cylinder podnosz\u0105cy<\/td>\n<td style=\"width: 182.712px;\">X35N480-800000-001A<\/td>\n<td style=\"width: 74.2125px;\">\u03a695<\/td>\n<td style=\"width: 63.6375px;\">\u03a680<\/td>\n<td style=\"width: 69.75px;\">800<\/td>\n<td style=\"width: 90.0875px;\">1065<\/td>\n<td style=\"width: 92.5625px;\">18,1 MPa<\/td>\n<td style=\"width: 148.925px;\">M22*1,5<\/td>\n<td style=\"width: 68.975px;\">48,7 kg<\/td>\n<\/tr>\n<\/tbody>\n<\/table>\n<table>\n<tbody>\n<tr>\n<td><img loading=\"lazy\" decoding=\"async\" class=\"alignnone wp-image-656 size-full\" src=\"https:\/\/hydraulic-cylinders.net\/wp-content\/uploads\/2023\/08\/short-lifting-hydraulic-cylinder-product-2-1.webp\" alt=\"\" width=\"451\" height=\"358\" srcset=\"https:\/\/www.hydraulic-cylinders.net\/wp-content\/uploads\/2023\/08\/short-lifting-hydraulic-cylinder-product-2-1.webp 451w, https:\/\/www.hydraulic-cylinders.net\/wp-content\/uploads\/2023\/08\/short-lifting-hydraulic-cylinder-product-2-1-300x238.webp 300w\" sizes=\"(max-width: 451px) 100vw, 451px\" \/><\/td>\n<td><img loading=\"lazy\" decoding=\"async\" class=\"alignnone wp-image-657 size-full\" src=\"https:\/\/hydraulic-cylinders.net\/wp-content\/uploads\/2023\/08\/short-lifting-hydraulic-cylinder-product-2-1-1.webp\" alt=\"\" width=\"475\" height=\"223\" srcset=\"https:\/\/www.hydraulic-cylinders.net\/wp-content\/uploads\/2023\/08\/short-lifting-hydraulic-cylinder-product-2-1-1.webp 475w, https:\/\/www.hydraulic-cylinders.net\/wp-content\/uploads\/2023\/08\/short-lifting-hydraulic-cylinder-product-2-1-1-300x141.webp 300w\" sizes=\"(max-width: 475px) 100vw, 475px\" \/><\/td>\n<\/tr>\n<\/tbody>\n<\/table>\n<table style=\"height: 101px; width: 938px;\" border=\"1\" cellspacing=\"0\" cellpadding=\"0\">\n<tbody>\n<tr style=\"height: 47px;\">\n<td style=\"height: 47px; width: 122px;\">Nazwa cylindra<\/td>\n<td style=\"height: 47px; width: 155px;\">numer rysunku<\/td>\n<td style=\"height: 47px; width: 80px;\">\u015brednica otworu (D)<\/td>\n<td style=\"height: 47px; width: 79px;\">\u015brednica pr\u0119ta (d)<\/td>\n<td style=\"height: 47px; width: 65px;\">udar (S)<\/td>\n<td style=\"height: 47px; width: 104px;\">Odleg\u0142o\u015b\u0107 instalacji (L)<\/td>\n<td style=\"height: 47px; width: 96px;\">ci\u015bnienie robocze<\/td>\n<td style=\"height: 47px; width: 177px;\">Wymiary interfejsu (M)<\/td>\n<td style=\"height: 47px; width: 60px;\">waga<\/td>\n<\/tr>\n<tr style=\"height: 54px;\">\n<td class=\"et3\" style=\"height: 54px; width: 122px;\" height=\"325\">Kr\u00f3tki cylinder podnosz\u0105cy<\/td>\n<td style=\"width: 155px;\" width=\"270\">N30N450-800000-002A<\/td>\n<td style=\"width: 80px;\" width=\"102\">\u03a685<\/td>\n<td style=\"width: 79px;\" width=\"99\">\u03a670<\/td>\n<td style=\"width: 65px;\" width=\"91\">777<\/td>\n<td style=\"width: 104px;\" width=\"136\">1015<\/td>\n<td style=\"width: 96px;\" width=\"138\">18,1 MPa<\/td>\n<td style=\"width: 177px;\" width=\"294\">M22*1,5<\/td>\n<td style=\"width: 60px;\" width=\"78\">45,5 kg<\/td>\n<\/tr>\n<tr>\n<td style=\"width: 122px;\">Kr\u00f3tki cylinder podnosz\u0105cy<\/td>\n<td style=\"width: 155px;\">3U3H-800000-001A<\/td>\n<td style=\"width: 80px;\">\u03a685<\/td>\n<td style=\"width: 79px;\">\u03a670<\/td>\n<td style=\"width: 65px;\">777<\/td>\n<td style=\"width: 104px;\">1015<\/td>\n<td style=\"width: 96px;\">18,1 MPa<\/td>\n<td style=\"width: 177px;\">M22*1,5<\/td>\n<td style=\"width: 60px;\">45,5 kg<\/td>\n<\/tr>\n<tr>\n<td style=\"width: 122px;\">Kr\u00f3tki cylinder podnosz\u0105cy<\/td>\n<td style=\"width: 155px;\">N35N450-800000-003A<\/td>\n<td style=\"width: 80px;\">\u03a695<\/td>\n<td style=\"width: 79px;\">\u03a680<\/td>\n<td style=\"width: 65px;\">775<\/td>\n<td style=\"width: 104px;\">1013<\/td>\n<td style=\"width: 96px;\">18,1 MPa<\/td>\n<td style=\"width: 177px;\">M22*1,5<\/td>\n<td style=\"width: 60px;\">54 kg<\/td>\n<\/tr>\n<\/tbody>\n<\/table>\n<h2><strong>Odblokuj wydajno\u015b\u0107 i precyzj\u0119 dzi\u0119ki si\u0142ownikowi hydraulicznemu:<\/strong><\/h2>\n<p>Odkryj prawdziw\u0105 moc technologii hydraulicznej dzi\u0119ki si\u0142ownikowi hydraulicznemu. To niezwyk\u0142e urz\u0105dzenie zosta\u0142o zaprojektowane z my\u015bl\u0105 o zapewnieniu precyzji i niezawodno\u015bci w szerokim zakresie zastosowa\u0144. Od maszyn przemys\u0142owych po sprz\u0119t budowlany, si\u0142ownik hydrauliczny to klucz do optymalizacji wydajno\u015bci i osi\u0105gania znakomitych rezultat\u00f3w. Odkryj, jak to pot\u0119\u017cne narz\u0119dzie mo\u017ce zrewolucjonizowa\u0107 Twoje dzia\u0142ania.<\/p>\n<ul>\n<li><strong>In\u017cynieria precyzyjna<\/strong>:Cylinder hydrauliczny zosta\u0142 starannie zaprojektowany, aby zapewni\u0107 precyzyjn\u0105 kontrol\u0119 ruchu i si\u0142y. Dzi\u0119ki zaawansowanej konstrukcji i wysokiej jako\u015bci wykonania gwarantuje precyzj\u0119 i powtarzalno\u015b\u0107 dzia\u0142ania, pozwalaj\u0105c osi\u0105gn\u0105\u0107 po\u017c\u0105dane rezultaty z wyj\u0105tkow\u0105 precyzj\u0105.<\/li>\n<li><strong>Zwi\u0119kszona wydajno\u015b\u0107<\/strong>: Po\u017cegnaj si\u0119 z nieefektywno\u015bci\u0105 i nier\u00f3wnomiern\u0105 wydajno\u015bci\u0105. Si\u0142ownik hydrauliczny optymalizuje wykorzystanie mocy hydraulicznej, maksymalizuj\u0105c wydajno\u015b\u0107 i produktywno\u015b\u0107. Ciesz si\u0119 p\u0142ynnymi i kontrolowanymi ruchami, kt\u00f3re zmniejszaj\u0105 straty energii i poprawiaj\u0105 og\u00f3ln\u0105 wydajno\u015b\u0107 systemu.<\/li>\n<\/ul>\n<h2><strong>Mo\u017cliwo\u015bci i pojemno\u015b\u0107 fabryki:<\/strong><\/h2>\n<h3><strong>(1) Monta\u017c<\/strong><\/h3>\n<p>Nasz zak\u0142ad dysponuje niezale\u017cn\u0105 platform\u0105 monta\u017cow\u0105 najwy\u017cszej klasy, specjalizuj\u0105c\u0105 si\u0119 w badaniach i rozwoju, dedykowan\u0105 produkcji cylindr\u00f3w hydraulicznych. Dysponujemy czterema p\u00f3\u0142automatycznymi liniami monta\u017cowymi cylindr\u00f3w podnosz\u0105cych oraz jedn\u0105 w pe\u0142ni automatyczn\u0105 lini\u0105 monta\u017cow\u0105 cylindr\u00f3w przechylnych, o imponuj\u0105cej rocznej zdolno\u015bci produkcyjnej na poziomie 1 miliona cylindr\u00f3w.<img loading=\"lazy\" decoding=\"async\" class=\"aligncenter wp-image-626\" src=\"https:\/\/hydraulic-cylinders.net\/wp-content\/uploads\/2023\/08\/hydraulic-cylinder-product-1-300x158.webp\" alt=\"\" width=\"500\" height=\"263\" srcset=\"https:\/\/hydraulic-cylinders.net\/wp-content\/uploads\/2023\/08\/hydraulic-cylinder-product-1-300x158.webp 500w, https:\/\/hydraulic-cylinders.net\/wp-content\/uploads\/2023\/08\/hydraulic-cylinder-product-1-480x252.webp 480w\" sizes=\"(min-width: 0px) and (max-width: 480px) 480px, (min-width: 481px) 500px, 100vw\" \/><\/p>\n<p>W naszym specjalistycznym warsztacie produkuj\u0105cym cylindry wykorzystujemy p\u00f3\u0142automatyczny system monta\u017cu czyszcz\u0105cego, zaprojektowany dla r\u00f3\u017cnych specyfikacji, zdolny do produkcji 200 000 cylindr\u00f3w rocznie. Nasz warsztat wyposa\u017cony jest w zaawansowany sprz\u0119t do obr\u00f3bki CNC, centrum obr\u00f3bcze, precyzyjne narz\u0119dzia do obr\u00f3bki cylindr\u00f3w, roboty spawalnicze, automatyczne systemy czyszcz\u0105ce oraz zautomatyzowan\u0105 lini\u0119 monta\u017cow\u0105 cylindr\u00f3w. Dodatkowo, posiadamy w pe\u0142ni zautomatyzowan\u0105 lini\u0119 produkcyjn\u0105 do lakierowania.<\/p>\n<p>Dysponuj\u0105c ponad 300 urz\u0105dzeniami o kluczowym znaczeniu, nasza optymalna alokacja zasob\u00f3w gwarantuje spe\u0142nienie rygorystycznych standard\u00f3w dok\u0142adno\u015bci i jako\u015bci wymaganych przez naszych klient\u00f3w. To zaanga\u017cowanie w wydajno\u015b\u0107 i precyzj\u0119 plasuje nas jako lidera w bran\u017cy si\u0142ownik\u00f3w hydraulicznych.<\/p>\n<p><img loading=\"lazy\" decoding=\"async\" class=\"aligncenter wp-image-627\" src=\"https:\/\/hydraulic-cylinders.net\/wp-content\/uploads\/2023\/08\/hydraulic-cylinder-product-2-300x189.webp\" alt=\"\" width=\"500\" height=\"315\" srcset=\"https:\/\/hydraulic-cylinders.net\/wp-content\/uploads\/2023\/08\/hydraulic-cylinder-product-2-300x189.webp 500w, https:\/\/hydraulic-cylinders.net\/wp-content\/uploads\/2023\/08\/hydraulic-cylinder-product-2-480x302.webp 480w\" sizes=\"(min-width: 0px) and (max-width: 480px) 480px, (min-width: 481px) 500px, 100vw\" \/><\/p>\n<h3><strong>(2) Obr\u00f3bka<\/strong><\/h3>\n<p>Nasz zak\u0142ad obr\u00f3bki mechanicznej dysponuje najnowocze\u015bniejszym sprz\u0119tem, w tym specjalnie zaprojektowanym centrum tokarskim z pochylon\u0105 szyn\u0105, precyzyjnym centrum obr\u00f3bczym, szybkoobrotow\u0105 honownic\u0105 oraz zaawansowanymi robotami spawalniczymi. Ta zaawansowana technologia umo\u017cliwia nam efektywn\u0105 obr\u00f3bk\u0119 rur cylindrycznych o maksymalnej \u015brednicy wewn\u0119trznej 400 mm i d\u0142ugo\u015bci do 6 metr\u00f3w.<\/p>\n<p><img loading=\"lazy\" decoding=\"async\" class=\"wp-image-628 size-large aligncenter\" src=\"https:\/\/hydraulic-cylinders.net\/wp-content\/uploads\/2023\/08\/hydraulic-cylinder-product-3-1024x391.webp\" alt=\"\" width=\"1024\" height=\"391\" srcset=\"https:\/\/hydraulic-cylinders.net\/wp-content\/uploads\/2023\/08\/hydraulic-cylinder-product-3-980x374.webp 980w, https:\/\/hydraulic-cylinders.net\/wp-content\/uploads\/2023\/08\/hydraulic-cylinder-product-3-480x183.webp 480w\" sizes=\"(min-width: 0px) and (max-width: 480px) 480px, (min-width: 481px) and (max-width: 980px) 980px, (min-width: 981px) 1024px, 100vw\" \/><\/p>\n<p>Dzi\u0119ki naszej najnowocze\u015bniejszej technologii zapewniamy wysok\u0105 jako\u015b\u0107 obr\u00f3bki, kt\u00f3ra spe\u0142nia zr\u00f3\u017cnicowane wymagania w zakresie produkcji cylindr\u00f3w hydraulicznych.<\/p>\n<h3><strong>(3) Spawanie<\/strong><\/h3>\n<p><img loading=\"lazy\" decoding=\"async\" class=\"wp-image-629 size-large aligncenter\" src=\"https:\/\/hydraulic-cylinders.net\/wp-content\/uploads\/2023\/08\/hydraulic-cylinder-product-4-1024x510.webp\" alt=\"\" width=\"1024\" height=\"510\" srcset=\"https:\/\/hydraulic-cylinders.net\/wp-content\/uploads\/2023\/08\/hydraulic-cylinder-product-4-980x488.webp 980w, https:\/\/hydraulic-cylinders.net\/wp-content\/uploads\/2023\/08\/hydraulic-cylinder-product-4-480x239.webp 480w\" sizes=\"(min-width: 0px) and (max-width: 480px) 480px, (min-width: 481px) and (max-width: 980px) 980px, (min-width: 981px) 1024px, 100vw\" \/><\/p>\n<h3><strong>(4) Malowanie i powlekanie<\/strong><\/h3>\n<p><img loading=\"lazy\" decoding=\"async\" class=\"wp-image-630 aligncenter\" src=\"https:\/\/hydraulic-cylinders.net\/wp-content\/uploads\/2023\/08\/hydraulic-cylinder-product-5-300x213.webp\" alt=\"\" width=\"500\" height=\"355\" \/><\/p>\n<p>Nasz zak\u0142ad dysponuje zaawansowanymi, automatycznymi liniami do powlekania farbami na bazie wody, zaprojektowanymi specjalnie do ma\u0142ych i \u015brednich cylindr\u00f3w. Linie te wykorzystuj\u0105 technologi\u0119 robotyczn\u0105 do wydajnego za\u0142adunku, roz\u0142adunku i natrysku, osi\u0105gaj\u0105c imponuj\u0105c\u0105 wydajno\u015b\u0107 produkcyjn\u0105 4000 sztuk na zmian\u0119.<\/p>\n<p><img loading=\"lazy\" decoding=\"async\" class=\"wp-image-631 aligncenter\" src=\"https:\/\/hydraulic-cylinders.net\/wp-content\/uploads\/2023\/08\/hydraulic-cylinder-product-6-300x225.webp\" alt=\"\" width=\"500\" height=\"375\" srcset=\"https:\/\/hydraulic-cylinders.net\/wp-content\/uploads\/2023\/08\/hydraulic-cylinder-product-6-300x225.webp 500w, https:\/\/hydraulic-cylinders.net\/wp-content\/uploads\/2023\/08\/hydraulic-cylinder-product-6-480x360.webp 480w\" sizes=\"(min-width: 0px) and (max-width: 480px) 480px, (min-width: 481px) 500px, 100vw\" \/><\/p>\n<p>Ponadto, posiadamy p\u00f3\u0142automatyczn\u0105 lini\u0119 produkcyjn\u0105 do lakierowania du\u017cych cylindr\u00f3w, zasilan\u0105 solidnym \u0142a\u0144cuchem nap\u0119dowym, o projektowanej wydajno\u015bci 60 skrzy\u0144 na zmian\u0119. To po\u0142\u0105czenie automatyzacji i wydajno\u015bci gwarantuje wysok\u0105 jako\u015b\u0107 wyko\u0144czenia wszystkich naszych cylindr\u00f3w hydraulicznych.<\/p>\n<h3><strong>(5) Testowanie<\/strong><\/h3>\n<p>Dysponujemy najwy\u017cszej klasy urz\u0105dzeniami kontrolnymi i stanowiskami testowymi, aby zapewni\u0107, \u017ce wydajno\u015b\u0107 cylindra spe\u0142nia wymagania.<\/p>\n<p><img loading=\"lazy\" decoding=\"async\" class=\"wp-image-632 aligncenter\" src=\"https:\/\/hydraulic-cylinders.net\/wp-content\/uploads\/2023\/08\/hydraulic-cylinder-product-8-300x200.webp\" alt=\"\" width=\"389\" height=\"260\" \/><\/p>\n<p>Jeste\u015bmy renomowanym producentem <a href=\"https:\/\/hzpt.com\/mobile-machinery-hydraulic-cylinder\/\" target=\"_blank\" rel=\"noopener\">si\u0142owniki hydrauliczne<\/a>, uznawana za jedn\u0105 z najlepszych w bran\u017cy. Nasza bogata oferta produkt\u00f3w obejmuje szeroki wyb\u00f3r si\u0142ownik\u00f3w hydraulicznych dostosowanych do r\u00f3\u017cnorodnych zastosowa\u0144. Opr\u00f3cz si\u0142ownik\u00f3w hydraulicznych, oferujemy r\u00f3wnie\u017c wysokiej jako\u015bci przek\u0142adnie rolnicze, zapewniaj\u0105c naszym klientom dost\u0119p do kompleksowych rozwi\u0105za\u0144 dostosowanych do ich potrzeb w zakresie maszyn.<\/p>\n<p>Dzi\u0119ki d\u0105\u017ceniu do doskona\u0142o\u015bci, z powodzeniem eksportujemy nasze produkty do klient\u00f3w na ca\u0142ym \u015bwiecie, zyskuj\u0105c ugruntowan\u0105 reputacj\u0119 dzi\u0119ki doskona\u0142ej jako\u015bci produkt\u00f3w i wyj\u0105tkowej obs\u0142udze posprzeda\u017cowej. Nasze zaanga\u017cowanie w zadowolenie klienta uczyni\u0142o nas zaufanym partnerem zar\u00f3wno na rynku krajowym, jak i mi\u0119dzynarodowym.<\/p>\n<h2><strong>Dlaczego warto nas wybra\u0107?<\/strong><\/h2>\n<p><img loading=\"lazy\" decoding=\"async\" class=\"size-full wp-image-7201 aligncenter\" src=\"https:\/\/www.hydraulic-cylinders.net\/wp-content\/uploads\/2024\/09\/mining-dump-steering-cylinder-hydraulics-on-trucks-8.webp\" alt=\"\" width=\"1110\" height=\"735\" srcset=\"https:\/\/www.hydraulic-cylinders.net\/wp-content\/uploads\/2024\/09\/mining-dump-steering-cylinder-hydraulics-on-trucks-8.webp 1110w, https:\/\/www.hydraulic-cylinders.net\/wp-content\/uploads\/2024\/09\/mining-dump-steering-cylinder-hydraulics-on-trucks-8-980x649.webp 980w, https:\/\/www.hydraulic-cylinders.net\/wp-content\/uploads\/2024\/09\/mining-dump-steering-cylinder-hydraulics-on-trucks-8-480x318.webp 480w\" sizes=\"(min-width: 0px) and (max-width: 480px) 480px, (min-width: 481px) and (max-width: 980px) 980px, (min-width: 981px) 1110px, 100vw\" \/><\/p>\n<p><strong>Ekspertyza zawodowa:<\/strong> Nasz zesp\u00f3\u0142 sk\u0142ada si\u0119 z profesjonalist\u00f3w z bran\u017cy, dysponuj\u0105cych szerok\u0105 wiedz\u0105 i do\u015bwiadczeniem w zakresie uk\u0142ad\u00f3w hydraulicznych, co gwarantuje dostarczanie najwy\u017cszej jako\u015bci produkt\u00f3w i us\u0142ug.<\/p>\n<p><strong>Certyfikaty mi\u0119dzynarodowe:<\/strong> Przestrzegamy rygorystycznych norm jako\u015bciowych i posiadamy szereg mi\u0119dzynarodowych certyfikat\u00f3w, kt\u00f3re potwierdzaj\u0105 nasze zaanga\u017cowanie w dostarczanie niezawodnych i bezpiecznych rozwi\u0105za\u0144 hydraulicznych.<\/p>\n<p><strong>Rozwi\u0105zania niestandardowe:<\/strong> Rozumiemy, \u017ce potrzeby ka\u017cdego klienta s\u0105 wyj\u0105tkowe. Dlatego oferujemy niestandardowe si\u0142owniki hydrauliczne i przek\u0142adnie, dostosowane do konkretnych wymaga\u0144.<\/p>\n<p><strong>Zaawansowany sprz\u0119t produkcyjny:<\/strong> Nasze najnowocze\u015bniejsze zak\u0142ady produkcyjne wykorzystuj\u0105 najnowsze technologie i urz\u0105dzenia, co pozwala nam na wydajn\u0105 produkcj\u0119 wysokiej jako\u015bci produkt\u00f3w.<\/p>\n<p><strong>Kompleksowe wsparcie posprzeda\u017cowe:<\/strong> Nasze zaanga\u017cowanie w sprawy klient\u00f3w wykracza poza sprzeda\u017c. Zapewniamy sta\u0142e wsparcie i us\u0142ugi konserwacyjne, aby zagwarantowa\u0107 optymaln\u0105 wydajno\u015b\u0107 naszych produkt\u00f3w.<\/p>\n<p>Zapraszamy klient\u00f3w z ca\u0142ego \u015bwiata do kontaktu z nami w celu negocjacji biznesowych, wymiany informacji i nawi\u0105zania wsp\u00f3\u0142pracy. Razem mo\u017cemy osi\u0105gn\u0105\u0107 wi\u0119kszy sukces w bran\u017cy hydraulicznej!<\/p>","protected":false},"excerpt":{"rendered":"<p>Forklift Short Lifting Hydraulic Cylinder The Short Forklift Lift Cylinder is designed to tackle short lifting tasks effortlessly, delivering the power and precision needed to optimize your material handling operations. Featuring a robust design, this hydraulic cylinder can withstand heavy loads, frequent use, and challenging operating conditions. Built for durability, it ensures reliable performance while [&hellip;]<\/p>","protected":false},"featured_media":658,"comment_status":"open","ping_status":"closed","template":"","meta":{"_et_pb_use_builder":"","_et_pb_old_content":"","_et_gb_content_width":""},"product_brand":[],"product_cat":[1484,1549],"product_tag":[1380],"class_list":{"0":"post-652","1":"product","2":"type-product","3":"status-publish","4":"has-post-thumbnail","6":"product_cat-forklift-hydraulic-cylinders","7":"product_cat-single-acting-hydraulic-cylinder","8":"product_tag-hydraulic-cylinder","10":"first","11":"instock","12":"shipping-taxable","13":"product-type-simple"},"amp_enabled":true,"_links":{"self":[{"href":"https:\/\/www.hydraulic-cylinders.net\/pl\/wp-json\/wp\/v2\/product\/652","targetHints":{"allow":["GET"]}}],"collection":[{"href":"https:\/\/www.hydraulic-cylinders.net\/pl\/wp-json\/wp\/v2\/product"}],"about":[{"href":"https:\/\/www.hydraulic-cylinders.net\/pl\/wp-json\/wp\/v2\/types\/product"}],"replies":[{"embeddable":true,"href":"https:\/\/www.hydraulic-cylinders.net\/pl\/wp-json\/wp\/v2\/comments?post=652"}],"wp:featuredmedia":[{"embeddable":true,"href":"https:\/\/www.hydraulic-cylinders.net\/pl\/wp-json\/wp\/v2\/media\/658"}],"wp:attachment":[{"href":"https:\/\/www.hydraulic-cylinders.net\/pl\/wp-json\/wp\/v2\/media?parent=652"}],"wp:term":[{"taxonomy":"product_brand","embeddable":true,"href":"https:\/\/www.hydraulic-cylinders.net\/pl\/wp-json\/wp\/v2\/product_brand?post=652"},{"taxonomy":"product_cat","embeddable":true,"href":"https:\/\/www.hydraulic-cylinders.net\/pl\/wp-json\/wp\/v2\/product_cat?post=652"},{"taxonomy":"product_tag","embeddable":true,"href":"https:\/\/www.hydraulic-cylinders.net\/pl\/wp-json\/wp\/v2\/product_tag?post=652"}],"curies":[{"name":"wp","href":"https:\/\/api.w.org\/{rel}","templated":true}]}}