{"id":659,"date":"2023-08-21T03:11:05","date_gmt":"2023-08-21T03:11:05","guid":{"rendered":"https:\/\/hydraulic-cylinders.net\/?post_type=product&#038;p=659"},"modified":"2025-04-11T03:15:45","modified_gmt":"2025-04-11T03:15:45","slug":"forklift-distance-adjustment-hydraulic-cylinder","status":"publish","type":"product","link":"https:\/\/www.hydraulic-cylinders.net\/pl\/produkt\/forklift-distance-adjustment-hydraulic-cylinder\/","title":{"rendered":"Si\u0142ownik hydrauliczny regulacji odleg\u0142o\u015bci w\u00f3zka wid\u0142owego"},"content":{"rendered":"<h1 style=\"text-align: center;\"><strong>Si\u0142ownik hydrauliczny regulacji odleg\u0142o\u015bci w\u00f3zka wid\u0142owego<\/strong><\/h1>\n<p><img loading=\"lazy\" decoding=\"async\" class=\"aligncenter wp-image-660\" src=\"https:\/\/hydraulic-cylinders.net\/wp-content\/uploads\/2023\/08\/distance-ajustment-hydraulic-cylinder-product-4-300x300.webp\" alt=\"produkt si\u0142ownika hydraulicznego z regulacj\u0105 odleg\u0142o\u015bci\" width=\"400\" height=\"400\" \/><\/p>\n<p>Si\u0142ownik hydrauliczny do regulacji rozstawu wide\u0142 to wszechstronne rozwi\u0105zanie zaprojektowane w celu zwi\u0119kszenia zasi\u0119gu i precyzji pracy w\u00f3zka wid\u0142owego. Ten si\u0142ownik hydrauliczny umo\u017cliwia wygodn\u0105 i efektywn\u0105 regulacj\u0119 rozstawu wide\u0142, umo\u017cliwiaj\u0105c operatorom obs\u0142ug\u0119 \u0142adunk\u00f3w o r\u00f3\u017cnych rozmiarach i \u0142atw\u0105 adaptacj\u0119 do zr\u00f3\u017cnicowanych uk\u0142ad\u00f3w magazynu.<\/p>\n<p>Hydrauliczny uk\u0142ad si\u0142ownika regulacji odleg\u0142o\u015bci w\u00f3zka wid\u0142owego gwarantuje p\u0142ynny i kontrolowany ruch podczas regulacji odleg\u0142o\u015bci. Operatorzy mog\u0105 precyzyjnie ustawi\u0107 po\u0142o\u017cenie bez wstrz\u0105s\u00f3w i gwa\u0142townych ruch\u00f3w, co zapewnia stabilne podnoszenie \u0142adunku i komfort pracy.<\/p>\n<p>Ten si\u0142ownik hydrauliczny, zaprojektowany z my\u015bl\u0105 o trudach codziennej pracy w\u00f3zka wid\u0142owego, charakteryzuje si\u0119 solidn\u0105 konstrukcj\u0105 odporn\u0105 na zu\u017cycie, korozj\u0119 i uszkodzenia. Zosta\u0142 zaprojektowany z my\u015bl\u0105 o du\u017cych obci\u0105\u017ceniach, cz\u0119stych regulacjach i trudnych warunkach pracy, zapewniaj\u0105c niezawodn\u0105 wydajno\u015b\u0107 nawet w najbardziej wymagaj\u0105cych warunkach.<\/p>\n<h2><strong>Parametry si\u0142ownika hydraulicznego do regulacji odleg\u0142o\u015bci w\u00f3zka wid\u0142owego:<\/strong><\/h2>\n<table>\n<tbody>\n<tr>\n<td><img loading=\"lazy\" decoding=\"async\" class=\"alignnone wp-image-661 size-full\" src=\"https:\/\/hydraulic-cylinders.net\/wp-content\/uploads\/2023\/08\/distance-ajustment-hydraulic-cylinder-product-1.webp\" alt=\"\" width=\"333\" height=\"211\" srcset=\"https:\/\/www.hydraulic-cylinders.net\/wp-content\/uploads\/2023\/08\/distance-ajustment-hydraulic-cylinder-product-1.webp 333w, https:\/\/www.hydraulic-cylinders.net\/wp-content\/uploads\/2023\/08\/distance-ajustment-hydraulic-cylinder-product-1-300x190.webp 300w\" sizes=\"(max-width: 333px) 100vw, 333px\" \/><\/td>\n<td><img loading=\"lazy\" decoding=\"async\" class=\"alignnone wp-image-662 size-full\" src=\"https:\/\/hydraulic-cylinders.net\/wp-content\/uploads\/2023\/08\/distance-ajustment-hydraulic-cylinder-product-1-1.webp\" alt=\"\" width=\"475\" height=\"148\" srcset=\"https:\/\/www.hydraulic-cylinders.net\/wp-content\/uploads\/2023\/08\/distance-ajustment-hydraulic-cylinder-product-1-1.webp 475w, https:\/\/www.hydraulic-cylinders.net\/wp-content\/uploads\/2023\/08\/distance-ajustment-hydraulic-cylinder-product-1-1-300x93.webp 300w\" sizes=\"(max-width: 475px) 100vw, 475px\" \/><\/td>\n<\/tr>\n<\/tbody>\n<\/table>\n<table style=\"height: 95px; width: 938px;\" border=\"1\" cellspacing=\"0\" cellpadding=\"0\">\n<tbody>\n<tr style=\"height: 47px;\">\n<td style=\"height: 47px; width: 144.462px;\">Nazwa cylindra<\/td>\n<td style=\"height: 47px; width: 114.363px;\">numer rysunku<\/td>\n<td style=\"height: 47px; width: 90.2875px;\">\u015brednica otworu (D)<\/td>\n<td style=\"height: 47px; width: 78.25px;\">\u015brednica pr\u0119ta (d)<\/td>\n<td style=\"height: 47px; width: 64.2px;\">udar (S)<\/td>\n<td style=\"height: 47px; width: 102.325px;\">Odleg\u0142o\u015b\u0107 instalacji (L)<\/td>\n<td style=\"height: 47px; width: 95.3px;\">ci\u015bnienie robocze<\/td>\n<td style=\"height: 47px; width: 173.55px;\">Wymiary interfejsu (M)<\/td>\n<td style=\"height: 47px; width: 59.2625px;\">waga<\/td>\n<\/tr>\n<tr style=\"height: 48px;\">\n<td class=\"et3\" style=\"height: 48px; width: 144.462px;\" height=\"325\">Cylinder regulacji odleg\u0142o\u015bci<\/td>\n<td style=\"width: 114.363px;\">3CS17G-30-00T4<\/td>\n<td style=\"width: 90.2875px;\">\u03a650<\/td>\n<td style=\"width: 78.25px;\">\u03a625<\/td>\n<td style=\"width: 64.2px;\">295<\/td>\n<td style=\"width: 102.325px;\">503<\/td>\n<td style=\"width: 95.3px;\">16 MPa<\/td>\n<td style=\"width: 173.55px;\">2-M16*1,5<\/td>\n<td style=\"width: 59.2625px;\">7 kg<\/td>\n<\/tr>\n<\/tbody>\n<\/table>\n<table>\n<tbody>\n<tr>\n<td><img loading=\"lazy\" decoding=\"async\" class=\"alignnone wp-image-663 size-full\" src=\"https:\/\/hydraulic-cylinders.net\/wp-content\/uploads\/2023\/08\/distance-ajustment-hydraulic-cylinder-product-2.webp\" alt=\"\" width=\"333\" height=\"214\" srcset=\"https:\/\/www.hydraulic-cylinders.net\/wp-content\/uploads\/2023\/08\/distance-ajustment-hydraulic-cylinder-product-2.webp 333w, https:\/\/www.hydraulic-cylinders.net\/wp-content\/uploads\/2023\/08\/distance-ajustment-hydraulic-cylinder-product-2-300x193.webp 300w\" sizes=\"(max-width: 333px) 100vw, 333px\" \/><\/td>\n<td><img loading=\"lazy\" decoding=\"async\" class=\"alignnone wp-image-664 size-full\" src=\"https:\/\/hydraulic-cylinders.net\/wp-content\/uploads\/2023\/08\/distance-ajustment-hydraulic-cylinder-product-2-1.webp\" alt=\"\" width=\"475\" height=\"158\" srcset=\"https:\/\/www.hydraulic-cylinders.net\/wp-content\/uploads\/2023\/08\/distance-ajustment-hydraulic-cylinder-product-2-1.webp 475w, https:\/\/www.hydraulic-cylinders.net\/wp-content\/uploads\/2023\/08\/distance-ajustment-hydraulic-cylinder-product-2-1-300x100.webp 300w\" sizes=\"(max-width: 475px) 100vw, 475px\" \/><\/td>\n<\/tr>\n<\/tbody>\n<\/table>\n<table style=\"height: 101px; width: 938px;\" border=\"1\" cellspacing=\"0\" cellpadding=\"0\">\n<tbody>\n<tr style=\"height: 47px;\">\n<td style=\"height: 47px; width: 156.5px;\">Nazwa cylindra<\/td>\n<td style=\"height: 47px; width: 114.363px;\">numer rysunku<\/td>\n<td style=\"height: 47px; width: 79.25px;\">\u015brednica otworu (D)<\/td>\n<td style=\"height: 47px; width: 78.25px;\">\u015brednica pr\u0119ta (d)<\/td>\n<td style=\"height: 47px; width: 63.2px;\">udar (S)<\/td>\n<td style=\"height: 47px; width: 102.325px;\">Odleg\u0142o\u015b\u0107 instalacji (L)<\/td>\n<td style=\"height: 47px; width: 94.3px;\">ci\u015bnienie robocze<\/td>\n<td style=\"height: 47px; width: 174.562px;\">Wymiary interfejsu (M)<\/td>\n<td style=\"height: 47px; width: 59.25px;\">waga<\/td>\n<\/tr>\n<tr style=\"height: 54px;\">\n<td class=\"et3\" style=\"height: 54px; width: 156.5px;\" height=\"325\">Cylinder regulacji odleg\u0142o\u015bci<\/td>\n<td style=\"width: 114.363px;\">7B3-303000-00TA<\/td>\n<td style=\"width: 79.25px;\">\u03a650<\/td>\n<td style=\"width: 78.25px;\">\u03a628<\/td>\n<td style=\"width: 63.2px;\">750<\/td>\n<td style=\"width: 102.325px;\">1040<\/td>\n<td style=\"width: 94.3px;\">18 MPa<\/td>\n<td style=\"width: 174.562px;\">M14*1,5;M16*1,5<\/td>\n<td style=\"width: 59.25px;\">14 kg<\/td>\n<\/tr>\n<\/tbody>\n<\/table>\n<table>\n<tbody>\n<tr>\n<td><img loading=\"lazy\" decoding=\"async\" class=\"alignnone wp-image-665 size-full\" src=\"https:\/\/hydraulic-cylinders.net\/wp-content\/uploads\/2023\/08\/distance-ajustment-hydraulic-cylinder-product-3.webp\" alt=\"\" width=\"333\" height=\"214\" srcset=\"https:\/\/www.hydraulic-cylinders.net\/wp-content\/uploads\/2023\/08\/distance-ajustment-hydraulic-cylinder-product-3.webp 333w, https:\/\/www.hydraulic-cylinders.net\/wp-content\/uploads\/2023\/08\/distance-ajustment-hydraulic-cylinder-product-3-300x193.webp 300w\" sizes=\"(max-width: 333px) 100vw, 333px\" \/><\/td>\n<td><img loading=\"lazy\" decoding=\"async\" class=\"alignnone wp-image-666 size-full\" src=\"https:\/\/hydraulic-cylinders.net\/wp-content\/uploads\/2023\/08\/distance-ajustment-hydraulic-cylinder-product-3-1.webp\" alt=\"\" width=\"475\" height=\"154\" srcset=\"https:\/\/www.hydraulic-cylinders.net\/wp-content\/uploads\/2023\/08\/distance-ajustment-hydraulic-cylinder-product-3-1.webp 475w, https:\/\/www.hydraulic-cylinders.net\/wp-content\/uploads\/2023\/08\/distance-ajustment-hydraulic-cylinder-product-3-1-300x97.webp 300w\" sizes=\"(max-width: 475px) 100vw, 475px\" \/><\/td>\n<\/tr>\n<\/tbody>\n<\/table>\n<table style=\"height: 98px; width: 938px;\" border=\"1\" cellspacing=\"0\" cellpadding=\"0\">\n<tbody>\n<tr style=\"height: 47px;\">\n<td style=\"height: 47px; width: 150.887px;\">Nazwa cylindra<\/td>\n<td style=\"height: 47px; width: 119.35px;\">numer rysunku<\/td>\n<td style=\"height: 47px; width: 79.0625px;\">\u015brednica otworu (D)<\/td>\n<td style=\"height: 47px; width: 78.1px;\">\u015brednica pr\u0119ta (d)<\/td>\n<td style=\"height: 47px; width: 64.0125px;\">udar (S)<\/td>\n<td style=\"height: 47px; width: 102.65px;\">Odleg\u0142o\u015b\u0107 instalacji (L)<\/td>\n<td style=\"height: 47px; width: 95.45px;\">ci\u015bnienie robocze<\/td>\n<td style=\"height: 47px; width: 173.137px;\">Wymiary interfejsu (M)<\/td>\n<td style=\"height: 47px; width: 59.35px;\">waga<\/td>\n<\/tr>\n<tr style=\"height: 54px;\">\n<td class=\"et3\" style=\"height: 54px; width: 150.887px;\" height=\"325\">Cylinder regulacji odleg\u0142o\u015bci<\/td>\n<td style=\"width: 119.35px;\">5CS17-40-00Z<\/td>\n<td style=\"width: 79.0625px;\">\u03a650<\/td>\n<td style=\"width: 78.1px;\">\u03a625<\/td>\n<td style=\"width: 64.0125px;\">619<\/td>\n<td style=\"width: 102.65px;\">889<\/td>\n<td style=\"width: 95.45px;\">15 MPa<\/td>\n<td style=\"width: 173.137px;\">M14*1,5<\/td>\n<td style=\"width: 59.35px;\">13 kg<\/td>\n<\/tr>\n<\/tbody>\n<\/table>\n<table>\n<tbody>\n<tr>\n<td><img loading=\"lazy\" decoding=\"async\" class=\"alignnone wp-image-667 size-medium\" src=\"https:\/\/hydraulic-cylinders.net\/wp-content\/uploads\/2023\/08\/distance-ajustment-hydraulic-cylinder-product-4-1-300x228.webp\" alt=\"\" width=\"300\" height=\"228\" \/><\/td>\n<td><img loading=\"lazy\" decoding=\"async\" class=\"alignnone wp-image-668 size-full\" src=\"https:\/\/hydraulic-cylinders.net\/wp-content\/uploads\/2023\/08\/distance-ajustment-hydraulic-cylinder-product-4-1-1.webp\" alt=\"\" width=\"475\" height=\"175\" srcset=\"https:\/\/www.hydraulic-cylinders.net\/wp-content\/uploads\/2023\/08\/distance-ajustment-hydraulic-cylinder-product-4-1-1.webp 475w, https:\/\/www.hydraulic-cylinders.net\/wp-content\/uploads\/2023\/08\/distance-ajustment-hydraulic-cylinder-product-4-1-1-300x111.webp 300w\" sizes=\"(max-width: 475px) 100vw, 475px\" \/><\/td>\n<\/tr>\n<\/tbody>\n<\/table>\n<table style=\"height: 98px; width: 919px;\" border=\"1\" cellspacing=\"0\" cellpadding=\"0\">\n<tbody>\n<tr style=\"height: 47px;\">\n<td style=\"height: 47px; width: 150px;\">Nazwa cylindra<\/td>\n<td style=\"height: 47px; width: 119px;\">numer rysunku<\/td>\n<td style=\"height: 47px; width: 79px;\">\u015brednica otworu (D)<\/td>\n<td style=\"height: 47px; width: 78px;\">\u015brednica pr\u0119ta (d)<\/td>\n<td style=\"height: 47px; width: 64px;\">udar (S)<\/td>\n<td style=\"height: 47px; width: 102px;\">Odleg\u0142o\u015b\u0107 instalacji (L)<\/td>\n<td style=\"height: 47px; width: 95px;\">ci\u015bnienie robocze<\/td>\n<td style=\"height: 47px; width: 173px;\">Wymiary interfejsu (M)<\/td>\n<td style=\"height: 47px; width: 59px;\">waga<\/td>\n<\/tr>\n<tr style=\"height: 54px;\">\n<td class=\"et3\" style=\"height: 54px; width: 150px;\" height=\"325\">Cylinder regulacji odleg\u0142o\u015bci<\/td>\n<td style=\"width: 119px;\" width=\"270\">8M3-304000A-625<\/td>\n<td style=\"width: 79px;\" width=\"102\">\u03a663<\/td>\n<td style=\"width: 78px;\" width=\"99\">\u03a632<\/td>\n<td style=\"width: 64px;\" width=\"91\">855<\/td>\n<td style=\"width: 102px;\" width=\"136\">1174<\/td>\n<td style=\"width: 95px;\" width=\"138\">20 MPa<\/td>\n<td style=\"width: 173px;\" width=\"294\">2-M16*1,5<\/td>\n<td style=\"width: 59px;\" width=\"78\">22 kg<\/td>\n<\/tr>\n<\/tbody>\n<\/table>\n<table>\n<tbody>\n<tr>\n<td><img loading=\"lazy\" decoding=\"async\" class=\"alignnone wp-image-669 size-full\" src=\"https:\/\/hydraulic-cylinders.net\/wp-content\/uploads\/2023\/08\/distance-ajustment-hydraulic-cylinder-product-5.webp\" alt=\"\" width=\"333\" height=\"221\" srcset=\"https:\/\/www.hydraulic-cylinders.net\/wp-content\/uploads\/2023\/08\/distance-ajustment-hydraulic-cylinder-product-5.webp 333w, https:\/\/www.hydraulic-cylinders.net\/wp-content\/uploads\/2023\/08\/distance-ajustment-hydraulic-cylinder-product-5-300x199.webp 300w\" sizes=\"(max-width: 333px) 100vw, 333px\" \/><\/td>\n<td><img loading=\"lazy\" decoding=\"async\" class=\"alignnone wp-image-670 size-full\" src=\"https:\/\/hydraulic-cylinders.net\/wp-content\/uploads\/2023\/08\/distance-ajustment-hydraulic-cylinder-product-5-1.webp\" alt=\"\" width=\"475\" height=\"125\" srcset=\"https:\/\/www.hydraulic-cylinders.net\/wp-content\/uploads\/2023\/08\/distance-ajustment-hydraulic-cylinder-product-5-1.webp 475w, https:\/\/www.hydraulic-cylinders.net\/wp-content\/uploads\/2023\/08\/distance-ajustment-hydraulic-cylinder-product-5-1-300x79.webp 300w\" sizes=\"(max-width: 475px) 100vw, 475px\" \/><\/td>\n<\/tr>\n<\/tbody>\n<\/table>\n<table style=\"height: 98px; width: 919px;\" border=\"1\" cellspacing=\"0\" cellpadding=\"0\">\n<tbody>\n<tr style=\"height: 47px;\">\n<td style=\"height: 47px; width: 150px;\">Nazwa cylindra<\/td>\n<td style=\"height: 47px; width: 119px;\">numer rysunku<\/td>\n<td style=\"height: 47px; width: 79px;\">\u015brednica otworu (D)<\/td>\n<td style=\"height: 47px; width: 78px;\">\u015brednica pr\u0119ta (d)<\/td>\n<td style=\"height: 47px; width: 64px;\">udar (S)<\/td>\n<td style=\"height: 47px; width: 102px;\">Odleg\u0142o\u015b\u0107 instalacji (L)<\/td>\n<td style=\"height: 47px; width: 95px;\">ci\u015bnienie robocze<\/td>\n<td style=\"height: 47px; width: 173px;\">Wymiary interfejsu (M)<\/td>\n<td style=\"height: 47px; width: 59px;\">waga<\/td>\n<\/tr>\n<tr style=\"height: 54px;\">\n<td class=\"et3\" style=\"height: 54px; width: 150px;\" height=\"325\">Cylinder regulacji odleg\u0142o\u015bci<\/td>\n<td style=\"width: 119px;\" width=\"270\">7B3-304000-00<\/td>\n<td style=\"width: 79px;\" width=\"102\">\u03a670<\/td>\n<td style=\"width: 78px;\" width=\"99\">\u03a630<\/td>\n<td style=\"width: 64px;\" width=\"91\">300<\/td>\n<td style=\"width: 102px;\" width=\"136\">536<\/td>\n<td style=\"width: 95px;\" width=\"138\">18 MPa<\/td>\n<td style=\"width: 173px;\" width=\"294\">2-M14*1,5<\/td>\n<td style=\"width: 59px;\" width=\"78\">13,5 kg<\/td>\n<\/tr>\n<\/tbody>\n<\/table>\n<h2><strong>Uwolnij moc wytrzyma\u0142o\u015bci dzi\u0119ki si\u0142ownikowi hydraulicznemu:<\/strong><\/h2>\n<p>Je\u015bli chodzi o trwa\u0142o\u015b\u0107 i d\u0142ugowieczno\u015b\u0107, si\u0142ownik hydrauliczny wyr\u00f3\u017cnia si\u0119 na tle konkurencji. Wykonany z najwy\u017cszej jako\u015bci materia\u0142\u00f3w i zaprojektowany tak, aby wytrzyma\u0107 najtrudniejsze warunki, ten si\u0142ownik gwarantuje niezawodn\u0105 prac\u0119 nawet w najbardziej wymagaj\u0105cych zastosowaniach. Odkryj wyj\u0105tkowe cechy, kt\u00f3re sprawiaj\u0105, \u017ce si\u0142ownik hydrauliczny to najlepszy wyb\u00f3r dla Twoich potrzeb hydraulicznych.<\/p>\n<ul>\n<li><strong>Solidna konstrukcja<\/strong>Dzi\u0119ki solidnej konstrukcji i wytrzyma\u0142ym materia\u0142om, si\u0142ownik hydrauliczny zosta\u0142 zaprojektowany z my\u015bl\u0105 o wytrzyma\u0142o\u015bci i trwa\u0142o\u015bci. Bez trudu radzi sobie z wysokim ci\u015bnieniem i du\u017cymi obci\u0105\u017ceniami, zapewniaj\u0105c d\u0142ugotrwa\u0142\u0105 wydajno\u015b\u0107 i niezawodno\u015b\u0107 nawet w trudnych warunkach.<\/li>\n<li><strong>Odporno\u015b\u0107 na zu\u017cycie i korozj\u0119<\/strong>: Nie pozw\u00f3l, aby zu\u017cycie i korozja Ci\u0119 spowolni\u0142y. Si\u0142ownik hydrauliczny jest odporny na dzia\u0142anie czynnik\u00f3w atmosferycznych, chroni\u0105c go przed szkodliwym dzia\u0142aniem wilgoci, zanieczyszcze\u0144 i trudnych warunk\u00f3w pracy. Mo\u017cesz liczy\u0107 na to, \u017ce ten si\u0142ownik b\u0119dzie wytrzyma\u0142y i zapewni wyj\u0105tkowe rezultaty przez d\u0142ugi czas.<\/li>\n<\/ul>\n<h2><strong>Mo\u017cliwo\u015bci i pojemno\u015b\u0107 fabryki:<\/strong><\/h2>\n<h3>(1) Monta\u017c<\/h3>\n<p>Dysponujemy najwy\u017cszej klasy, niezale\u017cn\u0105 platform\u0105 monta\u017cow\u0105 do bada\u0144 i rozwoju. Warsztat produkcji cylindr\u00f3w do w\u00f3zk\u00f3w wid\u0142owych posiada 4 p\u00f3\u0142automatyczne linie monta\u017cowe do podnoszenia cylindr\u00f3w i 1 automatyczn\u0105 lini\u0119 monta\u017cow\u0105 do przechylania cylindr\u00f3w, o projektowanej rocznej zdolno\u015bci produkcyjnej 1 miliona sztuk. Specjalny warsztat do produkcji cylindr\u00f3w jest wyposa\u017cony w p\u00f3\u0142automatyczny system czyszczenia o r\u00f3\u017cnych parametrach, o projektowanej rocznej zdolno\u015bci produkcyjnej 200 000 sztuk. Wyposa\u017cony jest w renomowany sprz\u0119t do obr\u00f3bki CNC, centrum obr\u00f3bcze, specjalistyczny sprz\u0119t do precyzyjnej obr\u00f3bki cylindr\u00f3w, robota spawalniczego, automatyczn\u0105 maszyn\u0119 czyszcz\u0105c\u0105, automatyczn\u0105 maszyn\u0119 do monta\u017cu cylindr\u00f3w oraz automatyczn\u0105 lini\u0119 produkcyjn\u0105 do lakierowania. Ponad 300 zestaw\u00f3w (zestaw\u00f3w) to kluczowe wyposa\u017cenie. Optymalna alokacja i efektywne wykorzystanie zasob\u00f3w sprz\u0119towych zapewniaj\u0105 dok\u0142adno\u015b\u0107 i spe\u0142niaj\u0105 wysokie wymagania jako\u015bciowe.<\/p>\n<p><img loading=\"lazy\" decoding=\"async\" class=\"alignnone wp-image-626\" src=\"https:\/\/hydraulic-cylinders.net\/wp-content\/uploads\/2023\/08\/hydraulic-cylinder-product-1-300x158.webp\" alt=\"\" width=\"495\" height=\"260\" srcset=\"https:\/\/hydraulic-cylinders.net\/wp-content\/uploads\/2023\/08\/hydraulic-cylinder-product-1-300x158.webp 495w, https:\/\/hydraulic-cylinders.net\/wp-content\/uploads\/2023\/08\/hydraulic-cylinder-product-1-480x252.webp 480w\" sizes=\"(min-width: 0px) and (max-width: 480px) 480px, (min-width: 481px) 495px, 100vw\" \/> <img loading=\"lazy\" decoding=\"async\" class=\"alignnone wp-image-627\" src=\"https:\/\/hydraulic-cylinders.net\/wp-content\/uploads\/2023\/08\/hydraulic-cylinder-product-2-300x189.webp\" alt=\"\" width=\"413\" height=\"260\" \/><\/p>\n<h3>(2)Obr\u00f3bka skrawaniem<\/h3>\n<p>Warsztat obr\u00f3bki mechanicznej wyposa\u017cony jest w dostosowane do potrzeb klienta centrum tokarskie z pochylon\u0105 szyn\u0105, centrum obr\u00f3bcze, szybkoobrotow\u0105 maszyn\u0119 do honowania, robota spawalniczego i inny powi\u0105zany sprz\u0119t, kt\u00f3ry mo\u017ce poradzi\u0107 sobie z obr\u00f3bk\u0105 rur cylindrycznych o maksymalnej \u015brednicy wewn\u0119trznej 400 mm i maksymalnej d\u0142ugo\u015bci 6 metr\u00f3w.<\/p>\n<p><img loading=\"lazy\" decoding=\"async\" class=\"alignnone wp-image-628 size-large\" src=\"https:\/\/hydraulic-cylinders.net\/wp-content\/uploads\/2023\/08\/hydraulic-cylinder-product-3-1024x391.webp\" alt=\"\" width=\"1024\" height=\"391\" srcset=\"https:\/\/hydraulic-cylinders.net\/wp-content\/uploads\/2023\/08\/hydraulic-cylinder-product-3-980x374.webp 980w, https:\/\/hydraulic-cylinders.net\/wp-content\/uploads\/2023\/08\/hydraulic-cylinder-product-3-480x183.webp 480w\" sizes=\"(min-width: 0px) and (max-width: 480px) 480px, (min-width: 481px) and (max-width: 980px) 980px, (min-width: 981px) 1024px, 100vw\" \/><\/p>\n<h3>(3) Spawanie<\/h3>\n<p><img loading=\"lazy\" decoding=\"async\" class=\"alignnone wp-image-629 size-large\" src=\"https:\/\/hydraulic-cylinders.net\/wp-content\/uploads\/2023\/08\/hydraulic-cylinder-product-4-1024x510.webp\" alt=\"\" width=\"1024\" height=\"510\" srcset=\"https:\/\/hydraulic-cylinders.net\/wp-content\/uploads\/2023\/08\/hydraulic-cylinder-product-4-980x488.webp 980w, https:\/\/hydraulic-cylinders.net\/wp-content\/uploads\/2023\/08\/hydraulic-cylinder-product-4-480x239.webp 480w\" sizes=\"(min-width: 0px) and (max-width: 480px) 480px, (min-width: 481px) and (max-width: 980px) 980px, (min-width: 981px) 1024px, 100vw\" \/><\/p>\n<h3>(4) Malowanie i powlekanie<\/h3>\n<p>Z automatyczn\u0105 lini\u0105 do powlekania farbami na bazie wody o ma\u0142ych i \u015brednich rozmiarach, umo\u017cliwiaj\u0105c\u0105 automatyczne \u0142adowanie i roz\u0142adowywanie za pomoc\u0105 robota oraz automatyczne natryskiwanie, o projektowanej wydajno\u015bci 4000 sztuk na zmian\u0119;<br \/>\nDysponujemy r\u00f3wnie\u017c p\u00f3\u0142automatyczn\u0105 lini\u0105 produkcyjn\u0105 do lakierowania du\u017cych cylindr\u00f3w, zasilan\u0105 \u0142a\u0144cuchem nap\u0119dowym, o projektowanej wydajno\u015bci 60 skrzy\u0144 na zmian\u0119.<\/p>\n<p><img loading=\"lazy\" decoding=\"async\" class=\"alignnone wp-image-630\" src=\"https:\/\/hydraulic-cylinders.net\/wp-content\/uploads\/2023\/08\/hydraulic-cylinder-product-5-300x213.webp\" alt=\"\" width=\"366\" height=\"260\" \/> <img loading=\"lazy\" decoding=\"async\" class=\"alignnone wp-image-631\" src=\"https:\/\/hydraulic-cylinders.net\/wp-content\/uploads\/2023\/08\/hydraulic-cylinder-product-6-300x225.webp\" alt=\"\" width=\"347\" height=\"260\" \/><\/p>\n<h3>(5) Testowanie<\/h3>\n<p>Dysponujemy najwy\u017cszej klasy urz\u0105dzeniami kontrolnymi i stanowiskami testowymi, aby zapewni\u0107, \u017ce wydajno\u015b\u0107 cylindra spe\u0142nia wymagania.<\/p>\n<p><img loading=\"lazy\" decoding=\"async\" class=\"alignnone wp-image-632\" src=\"https:\/\/hydraulic-cylinders.net\/wp-content\/uploads\/2023\/08\/hydraulic-cylinder-product-8-300x200.webp\" alt=\"\" width=\"389\" height=\"260\" \/><\/p>\n<p>&nbsp;<\/p>\n<p>&nbsp;<\/p>\n<p>Jeste\u015bmy jednym z najlepszych producent\u00f3w cylindr\u00f3w hydraulicznych. Oferujemy szeroki asortyment cylindr\u00f3w hydraulicznych. Dostarczamy r\u00f3wnie\u017c\u2026 <a href=\"https:\/\/hzpt.com\/agricultural-pto-gearbox\/\" target=\"_blank\" rel=\"noopener\">przek\u0142adnie rolnicze<\/a>Eksportowali\u015bmy nasze produkty do klient\u00f3w na ca\u0142ym \u015bwiecie i zyskali\u015bmy dobr\u0105 reputacj\u0119 dzi\u0119ki doskona\u0142ej jako\u015bci produkt\u00f3w i obs\u0142udze posprzeda\u017cowej. Serdecznie zapraszamy klient\u00f3w zar\u00f3wno z kraju, jak i z zagranicy do kontaktu z nami w celu negocjacji biznesowych, wymiany informacji i\u2026\u00a0<a href=\"https:\/\/www.hydraulic-cylinders.net\/pl\/contact-us\/\">wsp\u00f3\u0142pracowa\u0107 z nami<\/a>!<\/p>","protected":false},"excerpt":{"rendered":"<p>Forklift Distance Adjustment Hydraulic Cylinder The forklift distance adjustment hydraulic cylinder, a versatile solution designed to enhance the reach and precision of forklift operations. This hydraulic cylinder allows for convenient and efficient adjustment of the forks&#8217; distance, enabling operators to handle different load sizes and adapt to varying warehouse layouts with ease. The hydraulic system [&hellip;]<\/p>","protected":false},"featured_media":671,"comment_status":"open","ping_status":"closed","template":"","meta":{"_et_pb_use_builder":"","_et_pb_old_content":"","_et_gb_content_width":""},"product_brand":[],"product_cat":[1550,1484],"product_tag":[1380],"class_list":{"0":"post-659","1":"product","2":"type-product","3":"status-publish","4":"has-post-thumbnail","6":"product_cat-double-acting-hydraulic-cylinder","7":"product_cat-forklift-hydraulic-cylinders","8":"product_tag-hydraulic-cylinder","10":"first","11":"instock","12":"shipping-taxable","13":"product-type-simple"},"amp_enabled":true,"_links":{"self":[{"href":"https:\/\/www.hydraulic-cylinders.net\/pl\/wp-json\/wp\/v2\/product\/659","targetHints":{"allow":["GET"]}}],"collection":[{"href":"https:\/\/www.hydraulic-cylinders.net\/pl\/wp-json\/wp\/v2\/product"}],"about":[{"href":"https:\/\/www.hydraulic-cylinders.net\/pl\/wp-json\/wp\/v2\/types\/product"}],"replies":[{"embeddable":true,"href":"https:\/\/www.hydraulic-cylinders.net\/pl\/wp-json\/wp\/v2\/comments?post=659"}],"wp:featuredmedia":[{"embeddable":true,"href":"https:\/\/www.hydraulic-cylinders.net\/pl\/wp-json\/wp\/v2\/media\/671"}],"wp:attachment":[{"href":"https:\/\/www.hydraulic-cylinders.net\/pl\/wp-json\/wp\/v2\/media?parent=659"}],"wp:term":[{"taxonomy":"product_brand","embeddable":true,"href":"https:\/\/www.hydraulic-cylinders.net\/pl\/wp-json\/wp\/v2\/product_brand?post=659"},{"taxonomy":"product_cat","embeddable":true,"href":"https:\/\/www.hydraulic-cylinders.net\/pl\/wp-json\/wp\/v2\/product_cat?post=659"},{"taxonomy":"product_tag","embeddable":true,"href":"https:\/\/www.hydraulic-cylinders.net\/pl\/wp-json\/wp\/v2\/product_tag?post=659"}],"curies":[{"name":"wp","href":"https:\/\/api.w.org\/{rel}","templated":true}]}}