{"id":759,"date":"2023-08-23T01:42:36","date_gmt":"2023-08-23T01:42:36","guid":{"rendered":"https:\/\/hydraulic-cylinders.net\/?post_type=product&#038;p=759"},"modified":"2025-03-27T01:13:04","modified_gmt":"2025-03-27T01:13:04","slug":"low-pressure-hydraulic-cylinder-rear-flange","status":"publish","type":"product","link":"https:\/\/www.hydraulic-cylinders.net\/pl\/produkt\/low-pressure-hydraulic-cylinder-rear-flange\/","title":{"rendered":"Tylny ko\u0142nierz niskoci\u015bnieniowego si\u0142ownika hydraulicznego"},"content":{"rendered":"<h1 style=\"text-align: center;\"><strong>Tylny ko\u0142nierz niskoci\u015bnieniowego si\u0142ownika hydraulicznego<\/strong><\/h1>\n<p><img loading=\"lazy\" decoding=\"async\" class=\"wp-image-762 size-full aligncenter\" src=\"https:\/\/hydraulic-cylinders.net\/wp-content\/uploads\/2023\/08\/low-pressure-pull-rod-hydraulic-cylinder-back-flange-1-1.webp\" alt=\"\" width=\"488\" height=\"237\" srcset=\"https:\/\/hydraulic-cylinders.net\/wp-content\/uploads\/2023\/08\/low-pressure-pull-rod-hydraulic-cylinder-back-flange-1-1.webp 488w, https:\/\/hydraulic-cylinders.net\/wp-content\/uploads\/2023\/08\/low-pressure-pull-rod-hydraulic-cylinder-back-flange-1-1-480x233.webp 480w\" sizes=\"(min-width: 0px) and (max-width: 480px) 480px, (min-width: 481px) 488px, 100vw\" \/><\/p>\n<p>Si\u0142ownik hydrauliczny niskiego ci\u015bnienia z tylnym ko\u0142nierzem to specjalny typ si\u0142ownika hydraulicznego z ko\u0142nierzem z ty\u0142u. Ko\u0142nierz ten jest punktem monta\u017cowym lub portem przy\u0142\u0105czeniowym s\u0142u\u017c\u0105cym do \u0142\u0105czenia si\u0142ownika z innymi cz\u0119\u015bciami lub urz\u0105dzeniami. Poni\u017cej znajduje si\u0119 przegl\u0105d si\u0142ownik\u00f3w hydraulicznych niskiego ci\u015bnienia z tylnymi ko\u0142nierzami:<\/p>\n<p>Projekt i budowa si\u0142ownika hydraulicznego niskiego ci\u015bnienia<\/p>\n<p>Blok cylindra: Blok cylindra jest zazwyczaj wykonany z wysokowytrzyma\u0142ej stali lub innego trwa\u0142ego materia\u0142u, aby wytrzyma\u0107 ci\u015bnienie hydrauliczne i si\u0142y zewn\u0119trzne. Mie\u015bci t\u0142ok i inne cz\u0119\u015bci wewn\u0119trzne.<br \/>\nT\u0142ok i t\u0142oczysko: T\u0142ok to cylindryczny element poruszaj\u0105cy si\u0119 w prz\u00f3d i w ty\u0142 w cylindrze. Jest on po\u0142\u0105czony z t\u0142oczyskiem, kt\u00f3ry przechodzi przez tylny koniec cylindra i przenosi ci\u015bnienie cieczy.<br \/>\nKo\u0142nierz tylny: Ko\u0142nierz tylny to p\u0142aska lub okr\u0105g\u0142a p\u0142yta umieszczona na tylnym ko\u0144cu cylindra. Jest on wyposa\u017cony w otwory monta\u017cowe lub inne mechanizmy \u0142\u0105cz\u0105ce, umo\u017cliwiaj\u0105ce \u0142atwe pod\u0142\u0105czenie do innych urz\u0105dze\u0144 lub komponent\u00f3w.<\/p>\n<h2><strong>Parametry tylnego ko\u0142nierza cylindra hydraulicznego niskiego ci\u015bnienia:<\/strong><\/h2>\n<p><img loading=\"lazy\" decoding=\"async\" class=\"alignnone wp-image-763 size-large\" src=\"https:\/\/hydraulic-cylinders.net\/wp-content\/uploads\/2023\/08\/low-pressure-pull-rod-hydraulic-cylinder-back-flange-2-1-1024x556.webp\" alt=\"\" width=\"1024\" height=\"556\" srcset=\"https:\/\/hydraulic-cylinders.net\/wp-content\/uploads\/2023\/08\/low-pressure-pull-rod-hydraulic-cylinder-back-flange-2-1-980x532.webp 980w, https:\/\/hydraulic-cylinders.net\/wp-content\/uploads\/2023\/08\/low-pressure-pull-rod-hydraulic-cylinder-back-flange-2-1-480x261.webp 480w\" sizes=\"(min-width: 0px) and (max-width: 480px) 480px, (min-width: 481px) and (max-width: 980px) 980px, (min-width: 981px) 1024px, 100vw\" \/><\/p>\n<h2><strong>Zastosowania <\/strong><strong>Tylny ko\u0142nierz niskoci\u015bnieniowego si\u0142ownika hydraulicznego<\/strong><strong>:<\/strong><\/h2>\n<ul>\n<li>Niskoci\u015bnieniowe si\u0142owniki hydrauliczne z tylnymi ko\u0142nierzami nadaj\u0105 si\u0119 do stosowania w wielu ga\u0142\u0119ziach przemys\u0142u i systemach pracuj\u0105cych przy ni\u017cszym ci\u015bnieniu hydraulicznym.<\/li>\n<li>S\u0105 powszechnie stosowane w maszynach przemys\u0142owych, urz\u0105dzeniach mobilnych i innych systemach, w kt\u00f3rych wyst\u0119puj\u0105 ograniczenia przestrzenne lub szczeg\u00f3lne wymagania instalacyjne.<\/li>\n<li>Cylindry te nadaj\u0105 si\u0119 do transportu materia\u0142\u00f3w, mechanizm\u00f3w podnosz\u0105cych, system\u00f3w transportowych i innych urz\u0105dze\u0144 wymagaj\u0105cych si\u0142y liniowej lub ruchu.<\/li>\n<\/ul>\n<h2><strong>Monta\u017c i pod\u0142\u0105czenie <\/strong><strong>Tylny ko\u0142nierz niskoci\u015bnieniowego si\u0142ownika hydraulicznego<\/strong><strong>:<\/strong><\/h2>\n<ul>\n<li>Tylny ko\u0142nierz si\u0142ownika hydraulicznego niskiego ci\u015bnienia zapewnia wygodny i bezpieczny spos\u00f3b monta\u017cu i pod\u0142\u0105czenia si\u0142ownika. Umo\u017cliwia on bezpo\u015brednie mocowanie do innego sprz\u0119tu lub element\u00f3w konstrukcyjnych.<\/li>\n<li>Otwory monta\u017cowe lub punkty po\u0142\u0105cze\u0144 na tylnym ko\u0142nierzu s\u0105 zazwyczaj wyr\u00f3wnane z odpowiadaj\u0105cymi im otworami lub punktami po\u0142\u0105cze\u0144 w urz\u0105dzeniu lub konstrukcji, do kt\u00f3rej s\u0105 mocowane.<\/li>\n<li>Elementy z\u0142\u0105czne, takie jak \u015bruby lub wkr\u0119ty, s\u0142u\u017c\u0105 do przymocowania tylnego ko\u0142nierza cylindra do powierzchni styku, zapewniaj\u0105c stabilne i sztywne po\u0142\u0105czenie.<\/li>\n<\/ul>\n<h2><strong>Jak zdemontowa\u0107 cylinder hydrauliczny?<\/strong><\/h2>\n<p>Demonta\u017c cylindra hydraulicznego wymaga ostro\u017cnego obchodzenia si\u0119 z nim i znajomo\u015bci jego element\u00f3w. Poni\u017cej znajduje si\u0119 og\u00f3lny przewodnik dotycz\u0105cy demonta\u017cu cylindra hydraulicznego:<\/p>\n<ol>\n<li><strong>\u015arodki ostro\u017cno\u015bci<\/strong>:\n<ul>\n<li>Upewnij si\u0119, \u017ce uk\u0142ad hydrauliczny jest rozhermetyzowany i \u017ce w cylindrze nie ma ci\u015bnienia resztkowego. Post\u0119puj zgodnie z odpowiednimi procedurami blokowania\/oznaczania, aby zapobiec przypadkowemu uruchomieniu uk\u0142adu.<\/li>\n<li>Aby zabezpieczy\u0107 si\u0119 przed p\u0142ynem hydraulicznym i potencjalnymi zagro\u017ceniami, nale\u017cy nosi\u0107 odpowiedni sprz\u0119t ochrony osobistej (PPE), taki jak r\u0119kawice i okulary ochronne.<\/li>\n<\/ul>\n<\/li>\n<li><strong>Wyjmowanie cylindra<\/strong>:\n<ul>\n<li>Od\u0142\u0105cz przewody hydrauliczne pod\u0142\u0105czone do cylindra, upewniaj\u0105c si\u0119, \u017ce wszelkie pozosta\u0142o\u015bci p\u0142ynu s\u0105 w\u0142a\u015bciwie zebrane.<\/li>\n<li>Je\u017celi cylinder jest zamontowany lub zabezpieczony do innych element\u00f3w, nale\u017cy usun\u0105\u0107 wszystkie elementy mocuj\u0105ce lub wsporniki monta\u017cowe, aby uwolni\u0107 cylinder.<\/li>\n<li>Ostro\u017cnie podnie\u015b i wyjmij cylinder z miejsca monta\u017cu, uwa\u017caj\u0105c, aby nie uszkodzi\u0107 ani nie naci\u0105gn\u0105\u0107 \u017cadnych pod\u0142\u0105czonych w\u0119\u017cy lub z\u0142\u0105czek.<\/li>\n<\/ul>\n<\/li>\n<li><strong>Inspekcja i dokumentacja<\/strong>:\n<ul>\n<li>Dok\u0142adnie sprawd\u017a zewn\u0119trzn\u0105 powierzchni\u0119 cylindra pod k\u0105tem uszkodze\u0144, nieszczelno\u015bci lub nadmiernego zu\u017cycia. Udokumentuj wszelkie obserwacje i problemy na przysz\u0142o\u015b\u0107.<\/li>\n<li>Przed demonta\u017cem zwr\u00f3\u0107 uwag\u0119 na po\u0142o\u017cenie cylindra oraz po\u0142o\u017cenie uszczelek, \u0142o\u017cysk i innych element\u00f3w. B\u0119dzie to pomocne podczas ponownego monta\u017cu.<\/li>\n<\/ul>\n<\/li>\n<li><strong>Demonta\u017c cylindra<\/strong>:\n<ul>\n<li>Zlokalizuj za\u015blepki lub pier\u015bcienie ustalaj\u0105ce na obu ko\u0144cach cylindra. Elementy te utrzymuj\u0105 zesp\u00f3\u0142 cylindra i t\u0142oka razem.<\/li>\n<li>U\u017cywaj\u0105c odpowiednich narz\u0119dzi, ostro\u017cnie zdejmij za\u015blepki lub pier\u015bcienie mocuj\u0105ce, uwa\u017caj\u0105c, aby nie uszkodzi\u0107 \u017cadnych powierzchni ani element\u00f3w.<\/li>\n<li>Po zdj\u0119ciu za\u015blepek lub pier\u015bcieni ustalaj\u0105cych zesp\u00f3\u0142 cylindra i t\u0142oka powinien da\u0107 si\u0119 swobodnie rozdzieli\u0107.<\/li>\n<\/ul>\n<\/li>\n<li><strong>Usuwanie komponent\u00f3w<\/strong>:\n<ul>\n<li>Wyjmij t\u0142ok z cylindra, zwracaj\u0105c uwag\u0119 na uszczelki, \u0142o\u017cyska i inne elementy, kt\u00f3re mog\u0105 by\u0107 do niego przymocowane.<\/li>\n<li>Sprawd\u017a i udokumentuj stan wszystkich zdemontowanych podzespo\u0142\u00f3w, sprawdzaj\u0105c je pod k\u0105tem zu\u017cycia, uszkodze\u0144 lub \u015blad\u00f3w wyciek\u00f3w. W razie potrzeby wymie\u0144 zu\u017cyte lub uszkodzone cz\u0119\u015bci.<\/li>\n<\/ul>\n<\/li>\n<li><strong>Czyszczenie i przechowywanie komponent\u00f3w<\/strong>:\n<ul>\n<li>Dok\u0142adnie wyczy\u015b\u0107 wszystkie zdemontowane elementy przy u\u017cyciu odpowiedniego \u015brodka czyszcz\u0105cego, aby usun\u0105\u0107 wszelkie zabrudzenia, zanieczyszczenia i p\u0142yn hydrauliczny.<\/li>\n<li>Przechowuj komponenty w spos\u00f3b czysty i uporz\u0105dkowany, chroni\u0105c je przed zanieczyszczeniem i uszkodzeniem.<\/li>\n<\/ul>\n<\/li>\n<\/ol>\n<h2><strong>Mo\u017cliwo\u015bci i pojemno\u015b\u0107 fabryki:<\/strong><\/h2>\n<h3>(1) Monta\u017c<\/h3>\n<p>Dysponujemy najwy\u017cszej klasy, niezale\u017cn\u0105 platform\u0105 monta\u017cow\u0105 do bada\u0144 i rozwoju. Warsztat produkcji cylindr\u00f3w do w\u00f3zk\u00f3w wid\u0142owych posiada cztery p\u00f3\u0142automatyczne linie monta\u017cowe cylindr\u00f3w podnosz\u0105cych i jedn\u0105 automatyczn\u0105 lini\u0119 monta\u017cow\u0105 cylindr\u00f3w przechylnych, o projektowanej rocznej wydajno\u015bci 1 miliona sztuk. Specjalny warsztat produkcji cylindr\u00f3w jest wyposa\u017cony w p\u00f3\u0142automatyczny system czyszczenia o r\u00f3\u017cnych parametrach, o projektowanej rocznej wydajno\u015bci 200 000 sztuk. Wyposa\u017cony jest w renomowany sprz\u0119t do obr\u00f3bki CNC, centrum obr\u00f3bcze, specjalistyczny sprz\u0119t do precyzyjnej obr\u00f3bki cylindr\u00f3w, robota spawalniczego, automatyczn\u0105 maszyn\u0119 czyszcz\u0105c\u0105, automatyczn\u0105 maszyn\u0119 do monta\u017cu cylindr\u00f3w oraz automatyczn\u0105 lini\u0119 produkcyjn\u0105 do lakierowania. Ponad 300 zestaw\u00f3w (zestaw\u00f3w) to kluczowe wyposa\u017cenie. Optymalna alokacja i efektywne wykorzystanie zasob\u00f3w sprz\u0119towych zapewniaj\u0105 spe\u0142nienie wymaga\u0144 dotycz\u0105cych dok\u0142adno\u015bci produkt\u00f3w i ich wysokiej jako\u015bci.<\/p>\n<p><img loading=\"lazy\" decoding=\"async\" class=\"alignnone wp-image-626\" src=\"https:\/\/hydraulic-cylinders.net\/wp-content\/uploads\/2023\/08\/hydraulic-cylinder-product-1-300x158.webp\" alt=\"\" width=\"495\" height=\"260\" srcset=\"https:\/\/hydraulic-cylinders.net\/wp-content\/uploads\/2023\/08\/hydraulic-cylinder-product-1-300x158.webp 495w, https:\/\/hydraulic-cylinders.net\/wp-content\/uploads\/2023\/08\/hydraulic-cylinder-product-1-480x252.webp 480w\" sizes=\"(min-width: 0px) and (max-width: 480px) 480px, (min-width: 481px) 495px, 100vw\" \/> <img loading=\"lazy\" decoding=\"async\" class=\"alignnone wp-image-627\" src=\"https:\/\/hydraulic-cylinders.net\/wp-content\/uploads\/2023\/08\/hydraulic-cylinder-product-2-300x189.webp\" alt=\"\" width=\"413\" height=\"260\" \/><\/p>\n<h3>(2)Obr\u00f3bka skrawaniem<\/h3>\n<p>Warsztat obr\u00f3bki mechanicznej wyposa\u017cony jest w dostosowane do potrzeb klienta centrum tokarskie z pochylon\u0105 szyn\u0105, centrum obr\u00f3bcze, szybkoobrotow\u0105 maszyn\u0119 do honowania, robota spawalniczego i inny powi\u0105zany sprz\u0119t, kt\u00f3ry mo\u017ce poradzi\u0107 sobie z obr\u00f3bk\u0105 rur cylindrycznych o maksymalnej \u015brednicy wewn\u0119trznej 400 mm i maksymalnej d\u0142ugo\u015bci 6 metr\u00f3w.<\/p>\n<p><img loading=\"lazy\" decoding=\"async\" class=\"alignnone wp-image-628 size-large\" src=\"https:\/\/hydraulic-cylinders.net\/wp-content\/uploads\/2023\/08\/hydraulic-cylinder-product-3-1024x391.webp\" alt=\"\" width=\"1024\" height=\"391\" srcset=\"https:\/\/hydraulic-cylinders.net\/wp-content\/uploads\/2023\/08\/hydraulic-cylinder-product-3-980x374.webp 980w, https:\/\/hydraulic-cylinders.net\/wp-content\/uploads\/2023\/08\/hydraulic-cylinder-product-3-480x183.webp 480w\" sizes=\"(min-width: 0px) and (max-width: 480px) 480px, (min-width: 481px) and (max-width: 980px) 980px, (min-width: 981px) 1024px, 100vw\" \/><\/p>\n<h3>(3) Spawanie<\/h3>\n<p><img loading=\"lazy\" decoding=\"async\" class=\"alignnone wp-image-629 size-large\" src=\"https:\/\/hydraulic-cylinders.net\/wp-content\/uploads\/2023\/08\/hydraulic-cylinder-product-4-1024x510.webp\" alt=\"\" width=\"1024\" height=\"510\" srcset=\"https:\/\/hydraulic-cylinders.net\/wp-content\/uploads\/2023\/08\/hydraulic-cylinder-product-4-980x488.webp 980w, https:\/\/hydraulic-cylinders.net\/wp-content\/uploads\/2023\/08\/hydraulic-cylinder-product-4-480x239.webp 480w\" sizes=\"(min-width: 0px) and (max-width: 480px) 480px, (min-width: 481px) and (max-width: 980px) 980px, (min-width: 981px) 1024px, 100vw\" \/><\/p>\n<h3>(4) Malowanie i powlekanie<\/h3>\n<p>Z automatyczn\u0105 lini\u0105 do powlekania farbami na bazie wody o ma\u0142ych i \u015brednich rozmiarach, umo\u017cliwiaj\u0105c\u0105 automatyczne \u0142adowanie i roz\u0142adowywanie za pomoc\u0105 robota oraz automatyczne natryskiwanie, o projektowanej wydajno\u015bci 4000 sztuk na zmian\u0119;<br \/>\nDysponujemy r\u00f3wnie\u017c p\u00f3\u0142automatyczn\u0105 lini\u0105 produkcyjn\u0105 do lakierowania du\u017cych cylindr\u00f3w, zasilan\u0105 \u0142a\u0144cuchem nap\u0119dowym, o projektowanej wydajno\u015bci 60 skrzy\u0144 na zmian\u0119.<\/p>\n<p><img loading=\"lazy\" decoding=\"async\" class=\"alignnone wp-image-630\" src=\"https:\/\/hydraulic-cylinders.net\/wp-content\/uploads\/2023\/08\/hydraulic-cylinder-product-5-300x213.webp\" alt=\"\" width=\"366\" height=\"260\" \/> <img loading=\"lazy\" decoding=\"async\" class=\"alignnone wp-image-631\" src=\"https:\/\/hydraulic-cylinders.net\/wp-content\/uploads\/2023\/08\/hydraulic-cylinder-product-6-300x225.webp\" alt=\"\" width=\"347\" height=\"260\" \/><\/p>\n<h3>(5) Testowanie<\/h3>\n<p>Dysponujemy najwy\u017cszej klasy urz\u0105dzeniami kontrolnymi i stanowiskami testowymi, aby zapewni\u0107, \u017ce wydajno\u015b\u0107 cylindra spe\u0142nia wymagania.<\/p>\n<p><img loading=\"lazy\" decoding=\"async\" class=\"alignnone wp-image-632\" src=\"https:\/\/hydraulic-cylinders.net\/wp-content\/uploads\/2023\/08\/hydraulic-cylinder-product-8-300x200.webp\" alt=\"\" width=\"389\" height=\"260\" \/><\/p>\n<p>&nbsp;<\/p>\n<p>&nbsp;<\/p>\n<p>Jeste\u015bmy jednym z najlepszych producent\u00f3w cylindr\u00f3w hydraulicznych niskoci\u015bnieniowych. Oferujemy szeroki asortyment cylindr\u00f3w hydraulicznych niskoci\u015bnieniowych. Dostarczamy r\u00f3wnie\u017c\u2026 <a href=\"https:\/\/hzpt.com\/agricultural-pto-gearbox\/\" target=\"_blank\" rel=\"noopener\">przek\u0142adnie rolnicze<\/a>Eksportowali\u015bmy nasze produkty do klient\u00f3w na ca\u0142ym \u015bwiecie i zyskali\u015bmy dobr\u0105 reputacj\u0119 dzi\u0119ki doskona\u0142ej jako\u015bci produkt\u00f3w i obs\u0142udze posprzeda\u017cowej. Serdecznie zapraszamy klient\u00f3w zar\u00f3wno z kraju, jak i z zagranicy do kontaktu z nami w celu negocjacji biznesowych, wymiany informacji i\u2026\u00a0<a href=\"https:\/\/www.hydraulic-cylinders.net\/pl\/contact-us\/\">wsp\u00f3\u0142pracowa\u0107 z nami<\/a>!<\/p>\n<p>&nbsp;<\/p>","protected":false},"excerpt":{"rendered":"<p>Low-Pressure Hydraulic Cylinder Rear Flange Rear flange low-pressure hydraulic cylinder refers to a special type of hydraulic cylinder with a flange at the back end. This flange is a mounting point or connection port used to connect the cylinder to other parts or equipment. Below is an overview of low-pressure hydraulic cylinders with rear flanges: [&hellip;]<\/p>","protected":false},"featured_media":764,"comment_status":"open","ping_status":"closed","template":"","meta":{"_et_pb_use_builder":"","_et_pb_old_content":"","_et_gb_content_width":""},"product_brand":[],"product_cat":[1376,1388],"product_tag":[1380],"class_list":{"0":"post-759","1":"product","2":"type-product","3":"status-publish","4":"has-post-thumbnail","6":"product_cat-hydraulic-cylinder","7":"product_cat-low-pressure-hydraulic-cylinder","8":"product_tag-hydraulic-cylinder","10":"first","11":"instock","12":"shipping-taxable","13":"product-type-simple"},"amp_enabled":true,"_links":{"self":[{"href":"https:\/\/www.hydraulic-cylinders.net\/pl\/wp-json\/wp\/v2\/product\/759","targetHints":{"allow":["GET"]}}],"collection":[{"href":"https:\/\/www.hydraulic-cylinders.net\/pl\/wp-json\/wp\/v2\/product"}],"about":[{"href":"https:\/\/www.hydraulic-cylinders.net\/pl\/wp-json\/wp\/v2\/types\/product"}],"replies":[{"embeddable":true,"href":"https:\/\/www.hydraulic-cylinders.net\/pl\/wp-json\/wp\/v2\/comments?post=759"}],"wp:featuredmedia":[{"embeddable":true,"href":"https:\/\/www.hydraulic-cylinders.net\/pl\/wp-json\/wp\/v2\/media\/764"}],"wp:attachment":[{"href":"https:\/\/www.hydraulic-cylinders.net\/pl\/wp-json\/wp\/v2\/media?parent=759"}],"wp:term":[{"taxonomy":"product_brand","embeddable":true,"href":"https:\/\/www.hydraulic-cylinders.net\/pl\/wp-json\/wp\/v2\/product_brand?post=759"},{"taxonomy":"product_cat","embeddable":true,"href":"https:\/\/www.hydraulic-cylinders.net\/pl\/wp-json\/wp\/v2\/product_cat?post=759"},{"taxonomy":"product_tag","embeddable":true,"href":"https:\/\/www.hydraulic-cylinders.net\/pl\/wp-json\/wp\/v2\/product_tag?post=759"}],"curies":[{"name":"wp","href":"https:\/\/api.w.org\/{rel}","templated":true}]}}