{"id":765,"date":"2023-08-23T01:51:12","date_gmt":"2023-08-23T01:51:12","guid":{"rendered":"https:\/\/hydraulic-cylinders.net\/?post_type=product&#038;p=765"},"modified":"2025-03-27T01:13:02","modified_gmt":"2025-03-27T01:13:02","slug":"low-pressure-hydraulic-cylinder-front-pin","status":"publish","type":"product","link":"https:\/\/www.hydraulic-cylinders.net\/pl\/produkt\/low-pressure-hydraulic-cylinder-front-pin\/","title":{"rendered":"Przedni sworze\u0144 niskoci\u015bnieniowego si\u0142ownika hydraulicznego"},"content":{"rendered":"<h1 style=\"text-align: center;\"><strong>Przedni sworze\u0144 niskoci\u015bnieniowego si\u0142ownika hydraulicznego<\/strong><\/h1>\n<p><img loading=\"lazy\" decoding=\"async\" class=\"aligncenter wp-image-766 size-full\" src=\"https:\/\/hydraulic-cylinders.net\/wp-content\/uploads\/2023\/08\/low-pressure-pull-rod-hydraulic-cylinder-front-hinge-pin-1.webp\" alt=\"\" width=\"379\" height=\"169\" srcset=\"https:\/\/www.hydraulic-cylinders.net\/wp-content\/uploads\/2023\/08\/low-pressure-pull-rod-hydraulic-cylinder-front-hinge-pin-1.webp 379w, https:\/\/www.hydraulic-cylinders.net\/wp-content\/uploads\/2023\/08\/low-pressure-pull-rod-hydraulic-cylinder-front-hinge-pin-1-300x134.webp 300w\" sizes=\"(max-width: 379px) 100vw, 379px\" \/><\/p>\n<p>W przypadku si\u0142ownik\u00f3w hydraulicznych niskiego ci\u015bnienia termin \u201esworze\u0144 przedni\u201d zazwyczaj odnosi si\u0119 do sworznia lub wa\u0142u znajduj\u0105cego si\u0119 na przednim ko\u0144cu si\u0142ownika. Sworze\u0144 ten s\u0142u\u017cy jako punkt po\u0142\u0105czenia lub punkt obrotu do mocowania lub monta\u017cu si\u0142ownika do innych podzespo\u0142\u00f3w lub urz\u0105dze\u0144. Oto kilka informacji na temat sworznia przedniego si\u0142ownika hydraulicznego niskiego ci\u015bnienia:<\/p>\n<p>Projektowanie i budowa si\u0142ownik\u00f3w hydraulicznych niskiego ci\u015bnienia<\/p>\n<p>Sworze\u0144 przedni: Sworze\u0144 przedni to zazwyczaj solidny metalowy sworze\u0144 lub wa\u0142ek, kt\u00f3ry si\u0119ga do przedniego ko\u0144ca cylindra hydraulicznego. Jego zadaniem jest zapewnienie bezpiecznego po\u0142\u0105czenia i punktu obrotu cylindra.<br \/>\nOtwory monta\u017cowe: Przedni sworze\u0144 jest wk\u0142adany przez otwory monta\u017cowe lub wsporniki w obudowie cylindra lub przednim ko\u0142nierzu. Otwory monta\u017cowe s\u0105 wyr\u00f3wnane z odpowiednimi otworami lub wspornikami w urz\u0105dzeniu lub konstrukcji, do kt\u00f3rej przymocowany jest cylinder.<br \/>\nMechanizm mocuj\u0105cy: Przedni sworze\u0144 mo\u017cna zamocowa\u0107 za pomoc\u0105 klips\u00f3w mocuj\u0105cych, \u015brub lub innych element\u00f3w z\u0142\u0105cznych, aby zapobiec przypadkowemu od\u0142\u0105czeniu lub przesuni\u0119ciu.<\/p>\n<h2><strong>Parametry przedniego sworznia cylindra hydraulicznego niskiego ci\u015bnienia:<\/strong><\/h2>\n<p><img loading=\"lazy\" decoding=\"async\" class=\"alignnone wp-image-767 size-full\" src=\"https:\/\/hydraulic-cylinders.net\/wp-content\/uploads\/2023\/08\/low-pressure-pull-rod-hydraulic-cylinder-front-hinge-pin-2.webp\" alt=\"\" width=\"660\" height=\"289\" srcset=\"https:\/\/hydraulic-cylinders.net\/wp-content\/uploads\/2023\/08\/low-pressure-pull-rod-hydraulic-cylinder-front-hinge-pin-2.webp 660w, https:\/\/hydraulic-cylinders.net\/wp-content\/uploads\/2023\/08\/low-pressure-pull-rod-hydraulic-cylinder-front-hinge-pin-2-480x210.webp 480w\" sizes=\"(min-width: 0px) and (max-width: 480px) 480px, (min-width: 481px) 660px, 100vw\" \/><\/p>\n<h2><strong>Zastosowania <\/strong><strong>Przedni sworze\u0144 niskoci\u015bnieniowego si\u0142ownika hydraulicznego<\/strong><strong>:<\/strong><\/h2>\n<ul>\n<li>Niskoci\u015bnieniowe si\u0142owniki hydrauliczne z przednimi sworzniami s\u0105 stosowane w wielu ga\u0142\u0119ziach przemys\u0142u i zastosowaniach, szczeg\u00f3lnie w uk\u0142adach pracuj\u0105cych przy ni\u017cszym ci\u015bnieniu hydraulicznym.<\/li>\n<li>S\u0105 powszechnie stosowane w maszynach przemys\u0142owych, urz\u0105dzeniach mobilnych i innych systemach, w kt\u00f3rych wyst\u0119puj\u0105 ograniczenia przestrzenne lub szczeg\u00f3lne wymagania instalacyjne.<\/li>\n<li>Cylindry te nadaj\u0105 si\u0119 do transportu materia\u0142\u00f3w, mechanizm\u00f3w podnosz\u0105cych, system\u00f3w transportowych i innych urz\u0105dze\u0144 wymagaj\u0105cych si\u0142y liniowej lub ruchu.<\/li>\n<\/ul>\n<h2><strong>Monta\u017c i pod\u0142\u0105czenie <\/strong><strong>Przedni sworze\u0144 niskoci\u015bnieniowego si\u0142ownika hydraulicznego<\/strong><strong>:<\/strong><\/h2>\n<ul>\n<li>Cylindry monta\u017cowe: Przednie sworznie umo\u017cliwiaj\u0105 bezpo\u015brednie pod\u0142\u0105czenie cylindr\u00f3w hydraulicznych do innego sprz\u0119tu lub element\u00f3w konstrukcyjnych. Sworze\u0144 jest wprowadzany przez otw\u00f3r monta\u017cowy lub wspornik w cylindrze i pasuj\u0105cy otw\u00f3r lub wspornik w sprz\u0119cie lub konstrukcji.<\/li>\n<li>Mocowanie przedniego sworznia: Po wsuni\u0119ciu przedniego sworznia w punkt mocowania, jest on zazwyczaj mocowany za pomoc\u0105 zacisku, \u015bruby lub innego elementu mocuj\u0105cego. Elementy te zapewniaj\u0105 stabilne i sztywne po\u0142\u0105czenie mi\u0119dzy cylindrem a powierzchni\u0105 styku.<\/li>\n<\/ul>\n<h2><strong>Jak dzia\u0142a cylinder hydrauliczny?<\/strong><\/h2>\n<p>Si\u0142ownik hydrauliczny to si\u0142ownik mechaniczny, kt\u00f3ry przekszta\u0142ca energi\u0119 hydrauliczn\u0105 (ci\u015bnienie i przep\u0142yw cieczy) w si\u0142\u0119 i ruch liniowy. Sk\u0142ada si\u0119 z cylindra, t\u0142oka, t\u0142oczyska i r\u00f3\u017cnych uszczelnie\u0144. Poni\u017cej znajduje si\u0119 kr\u00f3tkie wprowadzenie do zasady dzia\u0142ania si\u0142ownika hydraulicznego:<\/p>\n<ol>\n<li><strong>Dop\u0142yw p\u0142ynu hydraulicznego<\/strong>:Si\u0142ownik hydrauliczny jest pod\u0142\u0105czony do uk\u0142adu hydraulicznego, kt\u00f3ry dostarcza do cylindra p\u0142yn hydrauliczny pod ci\u015bnieniem, zazwyczaj olej.<\/li>\n<li><strong>Cylinder, lufa i t\u0142ok<\/strong>:Cylindra to cylindryczna rura, kt\u00f3ra zawiera p\u0142yn hydrauliczny. T\u0142ok dzieli cylinder na dwie komory: cz\u0119\u015b\u0107 t\u0142oczyska i cz\u0119\u015b\u0107 pokrywy.<\/li>\n<li><strong>T\u0142ok i t\u0142oczysko<\/strong>T\u0142ok to element cylindryczny, \u015bci\u015ble dopasowany do cylindra. Jest on przymocowany do t\u0142oczyska, kt\u00f3re przechodzi przez uszczelk\u0119 w g\u0142owicy cylindra.<\/li>\n<li><strong>Foki<\/strong>Si\u0142ownik hydrauliczny wykorzystuje r\u00f3\u017cne uszczelnienia, aby zapobiec wyciekowi p\u0142ynu mi\u0119dzy t\u0142okiem a cylindrem. Uszczelnienia te obejmuj\u0105 uszczelnienia t\u0142oka, uszczelnienia t\u0142oczyska i uszczelnienia zgarniaj\u0105ce.<\/li>\n<li><strong>Zastosowanie ci\u015bnienia hydraulicznego<\/strong>:Do cylindra dostarczany jest p\u0142yn hydrauliczny, kt\u00f3ry wytwarza ci\u015bnienie w komorach cylindra \u2014 p\u0142yn pod ci\u015bnieniem dzia\u0142a na t\u0142ok, generuj\u0105c si\u0142\u0119.<\/li>\n<li><strong>Generowanie si\u0142y i ruchu<\/strong>:Gdy p\u0142yn hydrauliczny jest dostarczany do strony pokrywy cylindra, si\u0142a generowana przez ci\u015bnienie p\u0142ynu wypycha t\u0142ok i t\u0142oczysko na zewn\u0105trz, powoduj\u0105c wysuni\u0119cie lub ruch na zewn\u0105trz. I odwrotnie, gdy p\u0142yn jest dostarczany do strony t\u0142oczyska, si\u0142a wypycha t\u0142ok i t\u0142oczysko do wewn\u0105trz, powoduj\u0105c cofanie lub ruch do wewn\u0105trz.<\/li>\n<li><strong>Za\u0142aduj aplikacj\u0119<\/strong>T\u0142oczysko jest po\u0142\u0105czone z \u0142adunkiem lub urz\u0105dzeniem, kt\u00f3re ma zosta\u0107 przesuni\u0119te. Gdy t\u0142ok i t\u0142oczysko wysuwaj\u0105 si\u0119 lub chowaj\u0105 pod wp\u0142ywem ci\u015bnienia hydraulicznego, si\u0142a liniowa jest przenoszona na \u0142adunek, umo\u017cliwiaj\u0105c jego ruch.<\/li>\n<li><strong>Kontrola i kierunek<\/strong>Kierunek ruchu i sterowanie si\u0142ownikiem hydraulicznym odbywa si\u0119 poprzez sterowanie przep\u0142ywem p\u0142ynu hydraulicznego do odpowiedniej komory si\u0142ownika. Zazwyczaj odbywa si\u0119 to za pomoc\u0105 zawor\u00f3w kierunkowych, kt\u00f3re selektywnie kieruj\u0105 przep\u0142yw p\u0142ynu na \u017c\u0105dan\u0105 stron\u0119 si\u0142ownika.<\/li>\n<li><strong>Skok powrotny<\/strong>:Gdy przep\u0142yw p\u0142ynu do jednej strony cylindra zostanie zatrzymany lub przekierowany, p\u0142yn hydrauliczny po przeciwnej stronie mo\u017ce powr\u00f3ci\u0107 do zbiornika hydraulicznego, a cylinder powraca do swojego pierwotnego po\u0142o\u017cenia na skutek dzia\u0142ania si\u0142 zewn\u0119trznych lub spr\u0119\u017cyn.<\/li>\n<\/ol>\n<h2><strong>Mo\u017cliwo\u015bci i pojemno\u015b\u0107 fabryki:<\/strong><\/h2>\n<h3>(1) Monta\u017c<\/h3>\n<p>Dysponujemy najwy\u017cszej klasy, niezale\u017cn\u0105 platform\u0105 monta\u017cow\u0105 do bada\u0144 i rozwoju. Warsztat produkcji cylindr\u00f3w do w\u00f3zk\u00f3w wid\u0142owych posiada cztery p\u00f3\u0142automatyczne linie monta\u017cowe cylindr\u00f3w podnosz\u0105cych i jedn\u0105 automatyczn\u0105 lini\u0119 monta\u017cow\u0105 cylindr\u00f3w przechylnych, o projektowanej rocznej wydajno\u015bci 1 miliona sztuk. Specjalny warsztat produkcji cylindr\u00f3w jest wyposa\u017cony w p\u00f3\u0142automatyczny system czyszczenia o r\u00f3\u017cnych parametrach, o projektowanej rocznej wydajno\u015bci 200 000 sztuk. Wyposa\u017cony jest w renomowany sprz\u0119t do obr\u00f3bki CNC, centrum obr\u00f3bcze, specjalistyczny sprz\u0119t do precyzyjnej obr\u00f3bki cylindr\u00f3w, robota spawalniczego, automatyczn\u0105 maszyn\u0119 czyszcz\u0105c\u0105, automatyczn\u0105 maszyn\u0119 do monta\u017cu cylindr\u00f3w oraz automatyczn\u0105 lini\u0119 produkcyjn\u0105 do lakierowania. Ponad 300 zestaw\u00f3w (zestaw\u00f3w) to kluczowe wyposa\u017cenie. Optymalna alokacja i efektywne wykorzystanie zasob\u00f3w sprz\u0119towych zapewniaj\u0105 spe\u0142nienie wymaga\u0144 dotycz\u0105cych dok\u0142adno\u015bci produkt\u00f3w i ich wysokiej jako\u015bci.<\/p>\n<p><img loading=\"lazy\" decoding=\"async\" class=\"alignnone wp-image-626\" src=\"https:\/\/hydraulic-cylinders.net\/wp-content\/uploads\/2023\/08\/hydraulic-cylinder-product-1-300x158.webp\" alt=\"\" width=\"495\" height=\"260\" srcset=\"https:\/\/hydraulic-cylinders.net\/wp-content\/uploads\/2023\/08\/hydraulic-cylinder-product-1-300x158.webp 495w, https:\/\/hydraulic-cylinders.net\/wp-content\/uploads\/2023\/08\/hydraulic-cylinder-product-1-480x252.webp 480w\" sizes=\"(min-width: 0px) and (max-width: 480px) 480px, (min-width: 481px) 495px, 100vw\" \/> <img loading=\"lazy\" decoding=\"async\" class=\"alignnone wp-image-627\" src=\"https:\/\/hydraulic-cylinders.net\/wp-content\/uploads\/2023\/08\/hydraulic-cylinder-product-2-300x189.webp\" alt=\"\" width=\"413\" height=\"260\" \/><\/p>\n<h3>(2)Obr\u00f3bka skrawaniem<\/h3>\n<p>Warsztat obr\u00f3bki mechanicznej wyposa\u017cony jest w dostosowane do potrzeb klienta centrum tokarskie z pochylon\u0105 szyn\u0105, centrum obr\u00f3bcze, szybkoobrotow\u0105 maszyn\u0119 do honowania, robota spawalniczego i inny powi\u0105zany sprz\u0119t, kt\u00f3ry mo\u017ce poradzi\u0107 sobie z obr\u00f3bk\u0105 rur cylindrycznych o maksymalnej \u015brednicy wewn\u0119trznej 400 mm i maksymalnej d\u0142ugo\u015bci 6 metr\u00f3w.<\/p>\n<p><img loading=\"lazy\" decoding=\"async\" class=\"alignnone wp-image-628 size-large\" src=\"https:\/\/hydraulic-cylinders.net\/wp-content\/uploads\/2023\/08\/hydraulic-cylinder-product-3-1024x391.webp\" alt=\"\" width=\"1024\" height=\"391\" srcset=\"https:\/\/hydraulic-cylinders.net\/wp-content\/uploads\/2023\/08\/hydraulic-cylinder-product-3-980x374.webp 980w, https:\/\/hydraulic-cylinders.net\/wp-content\/uploads\/2023\/08\/hydraulic-cylinder-product-3-480x183.webp 480w\" sizes=\"(min-width: 0px) and (max-width: 480px) 480px, (min-width: 481px) and (max-width: 980px) 980px, (min-width: 981px) 1024px, 100vw\" \/><\/p>\n<h3>(3) Spawanie<\/h3>\n<p><img loading=\"lazy\" decoding=\"async\" class=\"alignnone wp-image-629 size-large\" src=\"https:\/\/hydraulic-cylinders.net\/wp-content\/uploads\/2023\/08\/hydraulic-cylinder-product-4-1024x510.webp\" alt=\"\" width=\"1024\" height=\"510\" srcset=\"https:\/\/hydraulic-cylinders.net\/wp-content\/uploads\/2023\/08\/hydraulic-cylinder-product-4-980x488.webp 980w, https:\/\/hydraulic-cylinders.net\/wp-content\/uploads\/2023\/08\/hydraulic-cylinder-product-4-480x239.webp 480w\" sizes=\"(min-width: 0px) and (max-width: 480px) 480px, (min-width: 481px) and (max-width: 980px) 980px, (min-width: 981px) 1024px, 100vw\" \/><\/p>\n<h3>(4) Malowanie i powlekanie<\/h3>\n<p>Z automatyczn\u0105 lini\u0105 do powlekania farbami na bazie wody o ma\u0142ych i \u015brednich rozmiarach, umo\u017cliwiaj\u0105c\u0105 automatyczne \u0142adowanie i roz\u0142adowywanie za pomoc\u0105 robota oraz automatyczne natryskiwanie, o projektowanej wydajno\u015bci 4000 sztuk na zmian\u0119;<br \/>\nDysponujemy r\u00f3wnie\u017c p\u00f3\u0142automatyczn\u0105 lini\u0105 produkcyjn\u0105 do lakierowania du\u017cych cylindr\u00f3w, zasilan\u0105 \u0142a\u0144cuchem nap\u0119dowym, o projektowanej wydajno\u015bci 60 skrzy\u0144 na zmian\u0119.<\/p>\n<p><img loading=\"lazy\" decoding=\"async\" class=\"alignnone wp-image-630\" src=\"https:\/\/hydraulic-cylinders.net\/wp-content\/uploads\/2023\/08\/hydraulic-cylinder-product-5-300x213.webp\" alt=\"\" width=\"366\" height=\"260\" \/> <img loading=\"lazy\" decoding=\"async\" class=\"alignnone wp-image-631\" src=\"https:\/\/hydraulic-cylinders.net\/wp-content\/uploads\/2023\/08\/hydraulic-cylinder-product-6-300x225.webp\" alt=\"\" width=\"347\" height=\"260\" \/><\/p>\n<h3>(5) Testowanie<\/h3>\n<p>Dysponujemy najwy\u017cszej klasy urz\u0105dzeniami kontrolnymi i stanowiskami testowymi, aby zapewni\u0107, \u017ce wydajno\u015b\u0107 cylindra spe\u0142nia wymagania.<\/p>\n<p><img loading=\"lazy\" decoding=\"async\" class=\"alignnone wp-image-632\" src=\"https:\/\/hydraulic-cylinders.net\/wp-content\/uploads\/2023\/08\/hydraulic-cylinder-product-8-300x200.webp\" alt=\"\" width=\"389\" height=\"260\" \/><\/p>\n<p>&nbsp;<\/p>\n<p>&nbsp;<\/p>\n<p>Jeste\u015bmy jednym z najlepszych producent\u00f3w cylindr\u00f3w hydraulicznych niskoci\u015bnieniowych. Oferujemy szeroki asortyment cylindr\u00f3w hydraulicznych niskoci\u015bnieniowych. Dostarczamy r\u00f3wnie\u017c\u2026 <a href=\"https:\/\/hzpt.com\/agricultural-pto-gearbox\/\" target=\"_blank\" rel=\"noopener\">przek\u0142adnie rolnicze<\/a>Eksportowali\u015bmy nasze produkty do klient\u00f3w na ca\u0142ym \u015bwiecie i zyskali\u015bmy dobr\u0105 reputacj\u0119 dzi\u0119ki doskona\u0142ej jako\u015bci produkt\u00f3w i obs\u0142udze posprzeda\u017cowej. Serdecznie zapraszamy klient\u00f3w zar\u00f3wno z kraju, jak i z zagranicy do kontaktu z nami w celu negocjacji biznesowych, wymiany informacji i\u2026\u00a0<a href=\"https:\/\/www.hydraulic-cylinders.net\/pl\/contact-us\/\">wsp\u00f3\u0142pracowa\u0107 z nami<\/a>!<\/p>\n<p>&nbsp;<\/p>","protected":false},"excerpt":{"rendered":"<p>Low-Pressure Hydraulic Cylinder Front Pin In the case of low-pressure hydraulic cylinders, the term &#8220;front pin&#8221; usually refers to the pin or shaft located at the front end of the cylinder. This pin is used as a connection point or pivot for attaching or mounting the cylinder to other components or equipment. Here is some [&hellip;]<\/p>","protected":false},"featured_media":768,"comment_status":"open","ping_status":"closed","template":"","meta":{"_et_pb_use_builder":"","_et_pb_old_content":"","_et_gb_content_width":""},"product_brand":[],"product_cat":[1376,1388],"product_tag":[1380],"class_list":{"0":"post-765","1":"product","2":"type-product","3":"status-publish","4":"has-post-thumbnail","6":"product_cat-hydraulic-cylinder","7":"product_cat-low-pressure-hydraulic-cylinder","8":"product_tag-hydraulic-cylinder","10":"first","11":"instock","12":"shipping-taxable","13":"product-type-simple"},"amp_enabled":true,"_links":{"self":[{"href":"https:\/\/www.hydraulic-cylinders.net\/pl\/wp-json\/wp\/v2\/product\/765","targetHints":{"allow":["GET"]}}],"collection":[{"href":"https:\/\/www.hydraulic-cylinders.net\/pl\/wp-json\/wp\/v2\/product"}],"about":[{"href":"https:\/\/www.hydraulic-cylinders.net\/pl\/wp-json\/wp\/v2\/types\/product"}],"replies":[{"embeddable":true,"href":"https:\/\/www.hydraulic-cylinders.net\/pl\/wp-json\/wp\/v2\/comments?post=765"}],"wp:featuredmedia":[{"embeddable":true,"href":"https:\/\/www.hydraulic-cylinders.net\/pl\/wp-json\/wp\/v2\/media\/768"}],"wp:attachment":[{"href":"https:\/\/www.hydraulic-cylinders.net\/pl\/wp-json\/wp\/v2\/media?parent=765"}],"wp:term":[{"taxonomy":"product_brand","embeddable":true,"href":"https:\/\/www.hydraulic-cylinders.net\/pl\/wp-json\/wp\/v2\/product_brand?post=765"},{"taxonomy":"product_cat","embeddable":true,"href":"https:\/\/www.hydraulic-cylinders.net\/pl\/wp-json\/wp\/v2\/product_cat?post=765"},{"taxonomy":"product_tag","embeddable":true,"href":"https:\/\/www.hydraulic-cylinders.net\/pl\/wp-json\/wp\/v2\/product_tag?post=765"}],"curies":[{"name":"wp","href":"https:\/\/api.w.org\/{rel}","templated":true}]}}