{"id":769,"date":"2023-08-23T02:12:14","date_gmt":"2023-08-23T02:12:14","guid":{"rendered":"https:\/\/hydraulic-cylinders.net\/?post_type=product&#038;p=769"},"modified":"2025-03-27T01:13:00","modified_gmt":"2025-03-27T01:13:00","slug":"low-pressure-hydraulic-cylinder-rear-pin","status":"publish","type":"product","link":"https:\/\/www.hydraulic-cylinders.net\/pl\/produkt\/low-pressure-hydraulic-cylinder-rear-pin\/","title":{"rendered":"Tylny sworze\u0144 niskoci\u015bnieniowego si\u0142ownika hydraulicznego"},"content":{"rendered":"<h1 style=\"text-align: center;\"><strong>Tylny sworze\u0144 niskoci\u015bnieniowego si\u0142ownika hydraulicznego<\/strong><\/h1>\n<p><img loading=\"lazy\" decoding=\"async\" class=\"aligncenter wp-image-770 size-full\" src=\"https:\/\/hydraulic-cylinders.net\/wp-content\/uploads\/2023\/08\/low-pressure-pull-rod-hydraulic-cylinder-rear-pin-hole-1.webp\" alt=\"\" width=\"485\" height=\"206\" srcset=\"https:\/\/hydraulic-cylinders.net\/wp-content\/uploads\/2023\/08\/low-pressure-pull-rod-hydraulic-cylinder-rear-pin-hole-1.webp 485w, https:\/\/hydraulic-cylinders.net\/wp-content\/uploads\/2023\/08\/low-pressure-pull-rod-hydraulic-cylinder-rear-pin-hole-1-480x204.webp 480w\" sizes=\"(min-width: 0px) and (max-width: 480px) 480px, (min-width: 481px) 485px, 100vw\" \/><\/p>\n<p>W cylindrach hydraulicznych niskiego ci\u015bnienia, tylny sworze\u0144 odnosi si\u0119 do sworznia lub wa\u0142u znajduj\u0105cego si\u0119 z ty\u0142u cylindra. Ten sworze\u0144 jest punktem po\u0142\u0105czenia lub osi\u0105 obrotu s\u0142u\u017c\u0105c\u0105 do mocowania lub monta\u017cu cylindra do innych komponent\u00f3w lub urz\u0105dze\u0144. Poni\u017cej przedstawiono kilka informacji na temat tylnego sworznia cylindra hydraulicznego niskiego ci\u015bnienia:<\/p>\n<p>Projekt i budowa si\u0142ownika hydraulicznego niskiego ci\u015bnienia<\/p>\n<p>Sworze\u0144 tylny: Sworze\u0144 tylny to zazwyczaj solidny metalowy sworze\u0144 lub wa\u0142ek, kt\u00f3ry przechodzi przez tylny koniec cylindra hydraulicznego. Jego zadaniem jest zapewnienie bezpiecznego po\u0142\u0105czenia i punktu obrotu cylindra.<br \/>\nOtw\u00f3r monta\u017cowy: Tylny sworze\u0144 jest wk\u0142adany przez otw\u00f3r monta\u017cowy lub wspornik w obudowie cylindra lub tylnym ko\u0142nierzu. Otwory monta\u017cowe s\u0105 wyr\u00f3wnane z odpowiednimi otworami lub wspornikami w urz\u0105dzeniu lub konstrukcji, do kt\u00f3rej przymocowany jest cylinder.<br \/>\nMechanizm mocuj\u0105cy: Tylny sworze\u0144 mo\u017cna zabezpieczy\u0107 za pomoc\u0105 zacisk\u00f3w mocuj\u0105cych, \u015brub lub innych element\u00f3w mocuj\u0105cych, aby zapobiec przypadkowemu od\u0142\u0105czeniu lub przesuni\u0119ciu.<\/p>\n<h2><strong>Parametry tylnego sworznia cylindra hydraulicznego niskiego ci\u015bnienia:<\/strong><\/h2>\n<p><img loading=\"lazy\" decoding=\"async\" class=\"alignnone wp-image-771 size-full\" src=\"https:\/\/hydraulic-cylinders.net\/wp-content\/uploads\/2023\/08\/low-pressure-pull-rod-hydraulic-cylinder-rear-pin-hole-2.webp\" alt=\"\" width=\"690\" height=\"333\" srcset=\"https:\/\/hydraulic-cylinders.net\/wp-content\/uploads\/2023\/08\/low-pressure-pull-rod-hydraulic-cylinder-rear-pin-hole-2.webp 690w, https:\/\/hydraulic-cylinders.net\/wp-content\/uploads\/2023\/08\/low-pressure-pull-rod-hydraulic-cylinder-rear-pin-hole-2-480x232.webp 480w\" sizes=\"(min-width: 0px) and (max-width: 480px) 480px, (min-width: 481px) 690px, 100vw\" \/><\/p>\n<h2><strong>Zastosowania <\/strong><strong>Si\u0142ownik hydrauliczny niskiego ci\u015bnienia\u00a0<\/strong><strong>Tylny sworze\u0144<\/strong><strong>:<\/strong><\/h2>\n<ul>\n<li>Niskoci\u015bnieniowe si\u0142owniki hydrauliczne z tylnymi sworzniami s\u0105 stosowane w wielu ga\u0142\u0119ziach przemys\u0142u i zastosowaniach, szczeg\u00f3lnie w systemach pracuj\u0105cych przy ni\u017cszym ci\u015bnieniu hydraulicznym.<\/li>\n<li>S\u0105 powszechnie stosowane w maszynach przemys\u0142owych, urz\u0105dzeniach mobilnych i innych systemach, w kt\u00f3rych wyst\u0119puj\u0105 ograniczenia przestrzenne lub szczeg\u00f3lne wymagania instalacyjne.<\/li>\n<li>Cylindry te nadaj\u0105 si\u0119 do transportu materia\u0142\u00f3w, mechanizm\u00f3w podnosz\u0105cych, system\u00f3w transportowych i innych urz\u0105dze\u0144 wymagaj\u0105cych si\u0142y liniowej lub ruchu.<\/li>\n<\/ul>\n<h2><strong>Monta\u017c i pod\u0142\u0105czenie <\/strong><strong>Tylny sworze\u0144 niskoci\u015bnieniowego si\u0142ownika hydraulicznego<\/strong><strong>:<\/strong><\/h2>\n<ul>\n<li>Monta\u017c cylindra: Tylny sworze\u0144 umo\u017cliwia bezpo\u015brednie mocowanie cylindra hydraulicznego do innego urz\u0105dzenia lub element\u00f3w konstrukcyjnych. Sworze\u0144 jest wprowadzany przez otwory monta\u017cowe lub wsporniki w cylindrze oraz przez pasuj\u0105ce otwory lub wsporniki w urz\u0105dzeniu lub konstrukcji.<\/li>\n<li>Mocowanie tylnego sworznia: Po wsuni\u0119ciu tylnego sworznia w punkty mocowania, jest on zazwyczaj zabezpieczany za pomoc\u0105 zacisk\u00f3w, \u015brub lub innych element\u00f3w mocuj\u0105cych. Elementy te zapewniaj\u0105 stabilne i sztywne po\u0142\u0105czenie mi\u0119dzy cylindrem a powierzchni\u0105 styku.<\/li>\n<\/ul>\n<h2><strong>Jak odbudowa\u0107 cylinder hydrauliczny?<\/strong><\/h2>\n<p>Regeneracja cylindra hydraulicznego obejmuje jego demonta\u017c, sprawdzenie i wymian\u0119 zu\u017cytych lub uszkodzonych cz\u0119\u015bci, ponowne z\u0142o\u017cenie cylindra z nowymi cz\u0119\u015bciami oraz sprawdzenie jego prawid\u0142owego dzia\u0142ania. Oto og\u00f3lny zarys procesu:<\/p>\n<ol>\n<li><strong>Zbierz niezb\u0119dne narz\u0119dzia i cz\u0119\u015bci<\/strong>:Przed rozpocz\u0119ciem procesu odbudowy zbierz niezb\u0119dne narz\u0119dzia i cz\u0119\u015bci zamienne, w tym uszczelki, pier\u015bcienie uszczelniaj\u0105ce, podk\u0142adki i wszelkie inne elementy specyficzne dla danego modelu cylindra hydraulicznego.<\/li>\n<li><strong>Wyjmowanie cylindra<\/strong>: Od\u0142\u0105czy\u0107 si\u0142ownik hydrauliczny od uk\u0142adu lub urz\u0105dzenia, w kt\u00f3rym jest zainstalowany. Post\u0119powa\u0107 zgodnie z w\u0142a\u015bciwymi procedurami bezpiecze\u0144stwa i w razie potrzeby u\u017cy\u0107 odpowiedniego sprz\u0119tu podnosz\u0105cego.<\/li>\n<li><strong>Demonta\u017c cylindra<\/strong>Ostro\u017cnie rozmontuj cylinder, zwracaj\u0105c uwag\u0119 na kolejno\u015b\u0107 i orientacj\u0119 element\u00f3w podczas ich demonta\u017cu. Mo\u017ce to wymaga\u0107 zdj\u0119cia za\u015blepek, t\u0142oka, t\u0142oczyska, uszczelek i innych element\u00f3w wewn\u0119trznych.<\/li>\n<li><strong>Inspekcja komponent\u00f3w<\/strong>: Sprawd\u017a ka\u017cdy element pod k\u0105tem zu\u017cycia, uszkodze\u0144 lub oznak zu\u017cycia. Zwr\u00f3\u0107 szczeg\u00f3ln\u0105 uwag\u0119 na uszczelki, pier\u015bcienie uszczelniaj\u0105ce i inne elementy gumowe, poniewa\u017c s\u0105 one cz\u0119sto wymieniane podczas remontu. Wymie\u0144 zu\u017cyte lub uszkodzone cz\u0119\u015bci na nowe.<\/li>\n<li><strong>Czyszczenie cylindra<\/strong>Dok\u0142adnie wyczy\u015b\u0107 wszystkie elementy odpowiednim \u015brodkiem czyszcz\u0105cym, aby usun\u0105\u0107 brud, zanieczyszczenia i resztki p\u0142ynu hydraulicznego. Upewnij si\u0119, \u017ce wszystkie elementy s\u0105 odwodnione przed ponownym monta\u017cem.<\/li>\n<li><strong>Monta\u017c uszczelki<\/strong>: Zamontuj nowe uszczelki, pier\u015bcienie uszczelniaj\u0105ce i podk\u0142adki w odpowiednich miejscach w cylindrze. Upewnij si\u0119, \u017ce ustawienie i orientacja s\u0105 prawid\u0142owe, zgodnie ze specyfikacj\u0105 producenta.<\/li>\n<li><strong>Ponowny monta\u017c<\/strong>Rozpocznij ponowny monta\u017c cylindra, wykonuj\u0105c czynno\u015bci w odwrotnej kolejno\u015bci ni\u017c przy demonta\u017cu. Nasmaruj uszczelki i pier\u015bcienie uszczelniaj\u0105ce odpowiednim p\u0142ynem hydraulicznym lub smarem monta\u017cowym podczas ponownego monta\u017cu komponent\u00f3w.<\/li>\n<li><strong>Dokr\u0119\u0107 i dokr\u0119\u0107<\/strong>: Dokr\u0119caj \u015bruby, nakr\u0119tki i \u0142\u0105czniki zgodnie z odpowiednimi specyfikacjami, stosuj\u0105c momenty dokr\u0119cania zalecane przez producenta. Upewnij si\u0119, \u017ce wszystkie po\u0142\u0105czenia s\u0105 solidne, ale unikaj nadmiernego dokr\u0119cania, kt\u00f3re mo\u017ce uszkodzi\u0107 komponenty.<\/li>\n<li><strong>Testowanie<\/strong>: Po ponownym z\u0142o\u017ceniu cylindra nale\u017cy go ponownie pod\u0142\u0105czy\u0107 do uk\u0142adu hydraulicznego lub sprz\u0119tu. Przetestuj prawid\u0142owe dzia\u0142anie cylindra, w tym wysuwanie, wsuwanie i utrzymywanie ci\u015bnienia. Sprawd\u017a, czy nie ma wyciek\u00f3w i usu\u0144 je w razie potrzeby.<\/li>\n<li><strong>Wymiana p\u0142yn\u00f3w w uk\u0142adzie<\/strong>: W razie potrzeby wymie\u0144 p\u0142yn hydrauliczny w uk\u0142adzie na czysty i kompatybilny p\u0142yn, post\u0119puj\u0105c zgodnie z wytycznymi producenta.<\/li>\n<\/ol>\n<h2><strong>Mo\u017cliwo\u015bci i pojemno\u015b\u0107 fabryki:<\/strong><\/h2>\n<h3>(1) Monta\u017c<\/h3>\n<p>Dysponujemy najwy\u017cszej klasy, niezale\u017cn\u0105 platform\u0105 monta\u017cow\u0105 do bada\u0144 i rozwoju. Warsztat produkcji cylindr\u00f3w do w\u00f3zk\u00f3w wid\u0142owych posiada cztery p\u00f3\u0142automatyczne linie monta\u017cowe cylindr\u00f3w podnosz\u0105cych i jedn\u0105 automatyczn\u0105 lini\u0119 monta\u017cow\u0105 cylindr\u00f3w przechylnych, o projektowanej rocznej wydajno\u015bci 1 miliona sztuk. Specjalny warsztat produkcji cylindr\u00f3w jest wyposa\u017cony w p\u00f3\u0142automatyczny system czyszczenia o r\u00f3\u017cnych parametrach, o projektowanej rocznej wydajno\u015bci 200 000 sztuk. Wyposa\u017cony jest w renomowany sprz\u0119t do obr\u00f3bki CNC, centrum obr\u00f3bcze, specjalistyczny sprz\u0119t do precyzyjnej obr\u00f3bki cylindr\u00f3w, robota spawalniczego, automatyczn\u0105 maszyn\u0119 czyszcz\u0105c\u0105, automatyczn\u0105 maszyn\u0119 do monta\u017cu cylindr\u00f3w oraz automatyczn\u0105 lini\u0119 produkcyjn\u0105 do lakierowania. Ponad 300 zestaw\u00f3w (zestaw\u00f3w) to kluczowe wyposa\u017cenie. Optymalna alokacja i efektywne wykorzystanie zasob\u00f3w sprz\u0119towych zapewniaj\u0105 spe\u0142nienie wymaga\u0144 dotycz\u0105cych dok\u0142adno\u015bci produkt\u00f3w i ich wysokiej jako\u015bci.<\/p>\n<p><img loading=\"lazy\" decoding=\"async\" class=\"alignnone wp-image-626\" src=\"https:\/\/hydraulic-cylinders.net\/wp-content\/uploads\/2023\/08\/hydraulic-cylinder-product-1-300x158.webp\" alt=\"\" width=\"495\" height=\"260\" srcset=\"https:\/\/hydraulic-cylinders.net\/wp-content\/uploads\/2023\/08\/hydraulic-cylinder-product-1-300x158.webp 495w, https:\/\/hydraulic-cylinders.net\/wp-content\/uploads\/2023\/08\/hydraulic-cylinder-product-1-480x252.webp 480w\" sizes=\"(min-width: 0px) and (max-width: 480px) 480px, (min-width: 481px) 495px, 100vw\" \/> <img loading=\"lazy\" decoding=\"async\" class=\"alignnone wp-image-627\" src=\"https:\/\/hydraulic-cylinders.net\/wp-content\/uploads\/2023\/08\/hydraulic-cylinder-product-2-300x189.webp\" alt=\"\" width=\"413\" height=\"260\" \/><\/p>\n<h3>(2)Obr\u00f3bka skrawaniem<\/h3>\n<p>Warsztat obr\u00f3bki mechanicznej wyposa\u017cony jest w dostosowane do potrzeb klienta centrum tokarskie z pochylon\u0105 szyn\u0105, centrum obr\u00f3bcze, szybkoobrotow\u0105 maszyn\u0119 do honowania, robota spawalniczego i inny powi\u0105zany sprz\u0119t, kt\u00f3ry mo\u017ce poradzi\u0107 sobie z obr\u00f3bk\u0105 rur cylindrycznych o maksymalnej \u015brednicy wewn\u0119trznej 400 mm i maksymalnej d\u0142ugo\u015bci 6 metr\u00f3w.<\/p>\n<p><img loading=\"lazy\" decoding=\"async\" class=\"alignnone wp-image-628 size-large\" src=\"https:\/\/hydraulic-cylinders.net\/wp-content\/uploads\/2023\/08\/hydraulic-cylinder-product-3-1024x391.webp\" alt=\"\" width=\"1024\" height=\"391\" srcset=\"https:\/\/hydraulic-cylinders.net\/wp-content\/uploads\/2023\/08\/hydraulic-cylinder-product-3-980x374.webp 980w, https:\/\/hydraulic-cylinders.net\/wp-content\/uploads\/2023\/08\/hydraulic-cylinder-product-3-480x183.webp 480w\" sizes=\"(min-width: 0px) and (max-width: 480px) 480px, (min-width: 481px) and (max-width: 980px) 980px, (min-width: 981px) 1024px, 100vw\" \/><\/p>\n<h3>(3) Spawanie<\/h3>\n<p><img loading=\"lazy\" decoding=\"async\" class=\"alignnone wp-image-629 size-large\" src=\"https:\/\/hydraulic-cylinders.net\/wp-content\/uploads\/2023\/08\/hydraulic-cylinder-product-4-1024x510.webp\" alt=\"\" width=\"1024\" height=\"510\" srcset=\"https:\/\/hydraulic-cylinders.net\/wp-content\/uploads\/2023\/08\/hydraulic-cylinder-product-4-980x488.webp 980w, https:\/\/hydraulic-cylinders.net\/wp-content\/uploads\/2023\/08\/hydraulic-cylinder-product-4-480x239.webp 480w\" sizes=\"(min-width: 0px) and (max-width: 480px) 480px, (min-width: 481px) and (max-width: 980px) 980px, (min-width: 981px) 1024px, 100vw\" \/><\/p>\n<h3>(4) Malowanie i powlekanie<\/h3>\n<p>Z automatyczn\u0105 lini\u0105 do powlekania farbami na bazie wody o ma\u0142ych i \u015brednich rozmiarach, umo\u017cliwiaj\u0105c\u0105 automatyczne \u0142adowanie i roz\u0142adowywanie za pomoc\u0105 robota oraz automatyczne natryskiwanie, o projektowanej wydajno\u015bci 4000 sztuk na zmian\u0119;<br \/>\nDysponujemy r\u00f3wnie\u017c p\u00f3\u0142automatyczn\u0105 lini\u0105 produkcyjn\u0105 do lakierowania du\u017cych cylindr\u00f3w, zasilan\u0105 \u0142a\u0144cuchem nap\u0119dowym, o projektowanej wydajno\u015bci 60 skrzy\u0144 na zmian\u0119.<\/p>\n<p><img loading=\"lazy\" decoding=\"async\" class=\"alignnone wp-image-630\" src=\"https:\/\/hydraulic-cylinders.net\/wp-content\/uploads\/2023\/08\/hydraulic-cylinder-product-5-300x213.webp\" alt=\"\" width=\"366\" height=\"260\" \/> <img loading=\"lazy\" decoding=\"async\" class=\"alignnone wp-image-631\" src=\"https:\/\/hydraulic-cylinders.net\/wp-content\/uploads\/2023\/08\/hydraulic-cylinder-product-6-300x225.webp\" alt=\"\" width=\"347\" height=\"260\" \/><\/p>\n<h3>(5) Testowanie<\/h3>\n<p>Dysponujemy najwy\u017cszej klasy urz\u0105dzeniami kontrolnymi i stanowiskami testowymi, aby zapewni\u0107, \u017ce wydajno\u015b\u0107 cylindra spe\u0142nia wymagania.<\/p>\n<p><img loading=\"lazy\" decoding=\"async\" class=\"alignnone wp-image-632\" src=\"https:\/\/hydraulic-cylinders.net\/wp-content\/uploads\/2023\/08\/hydraulic-cylinder-product-8-300x200.webp\" alt=\"\" width=\"389\" height=\"260\" \/><\/p>\n<p>&nbsp;<\/p>\n<p>&nbsp;<\/p>\n<p>Jeste\u015bmy jednym z najlepszych producent\u00f3w cylindr\u00f3w hydraulicznych niskoci\u015bnieniowych. Oferujemy szeroki asortyment cylindr\u00f3w hydraulicznych niskoci\u015bnieniowych. Dostarczamy r\u00f3wnie\u017c\u2026 <a href=\"https:\/\/hzpt.com\/agricultural-pto-gearbox\/\" target=\"_blank\" rel=\"noopener\">przek\u0142adnie rolnicze<\/a>Eksportowali\u015bmy nasze produkty do klient\u00f3w na ca\u0142ym \u015bwiecie i zyskali\u015bmy dobr\u0105 reputacj\u0119 dzi\u0119ki doskona\u0142ej jako\u015bci produkt\u00f3w i obs\u0142udze posprzeda\u017cowej. Serdecznie zapraszamy klient\u00f3w zar\u00f3wno z kraju, jak i z zagranicy do kontaktu z nami w celu negocjacji biznesowych, wymiany informacji i\u2026\u00a0<a href=\"https:\/\/www.hydraulic-cylinders.net\/pl\/contact-us\/\">wsp\u00f3\u0142pracowa\u0107 z nami<\/a>!<\/p>\n<p>&nbsp;<\/p>","protected":false},"excerpt":{"rendered":"<p>Low-Pressure Hydraulic Cylinder Rear Pin In low-pressure hydraulic cylinders, the back pin refers to the pin or shaft located at the back end of the cylinder. This pin is a connection point or pivot for attaching or mounting the cylinder to other components or equipment. The following is some information about the low-pressure hydraulic cylinder [&hellip;]<\/p>","protected":false},"featured_media":772,"comment_status":"open","ping_status":"closed","template":"","meta":{"_et_pb_use_builder":"","_et_pb_old_content":"","_et_gb_content_width":""},"product_brand":[],"product_cat":[1376,1388],"product_tag":[1380],"class_list":{"0":"post-769","1":"product","2":"type-product","3":"status-publish","4":"has-post-thumbnail","6":"product_cat-hydraulic-cylinder","7":"product_cat-low-pressure-hydraulic-cylinder","8":"product_tag-hydraulic-cylinder","10":"first","11":"instock","12":"shipping-taxable","13":"product-type-simple"},"amp_enabled":true,"_links":{"self":[{"href":"https:\/\/www.hydraulic-cylinders.net\/pl\/wp-json\/wp\/v2\/product\/769","targetHints":{"allow":["GET"]}}],"collection":[{"href":"https:\/\/www.hydraulic-cylinders.net\/pl\/wp-json\/wp\/v2\/product"}],"about":[{"href":"https:\/\/www.hydraulic-cylinders.net\/pl\/wp-json\/wp\/v2\/types\/product"}],"replies":[{"embeddable":true,"href":"https:\/\/www.hydraulic-cylinders.net\/pl\/wp-json\/wp\/v2\/comments?post=769"}],"wp:featuredmedia":[{"embeddable":true,"href":"https:\/\/www.hydraulic-cylinders.net\/pl\/wp-json\/wp\/v2\/media\/772"}],"wp:attachment":[{"href":"https:\/\/www.hydraulic-cylinders.net\/pl\/wp-json\/wp\/v2\/media?parent=769"}],"wp:term":[{"taxonomy":"product_brand","embeddable":true,"href":"https:\/\/www.hydraulic-cylinders.net\/pl\/wp-json\/wp\/v2\/product_brand?post=769"},{"taxonomy":"product_cat","embeddable":true,"href":"https:\/\/www.hydraulic-cylinders.net\/pl\/wp-json\/wp\/v2\/product_cat?post=769"},{"taxonomy":"product_tag","embeddable":true,"href":"https:\/\/www.hydraulic-cylinders.net\/pl\/wp-json\/wp\/v2\/product_tag?post=769"}],"curies":[{"name":"wp","href":"https:\/\/api.w.org\/{rel}","templated":true}]}}