{"id":773,"date":"2023-08-23T02:33:49","date_gmt":"2023-08-23T02:33:49","guid":{"rendered":"https:\/\/hydraulic-cylinders.net\/?post_type=product&#038;p=773"},"modified":"2025-03-27T01:12:58","modified_gmt":"2025-03-27T01:12:58","slug":"low-pressure-hydraulic-cylinder-intermediate-pin","status":"publish","type":"product","link":"https:\/\/www.hydraulic-cylinders.net\/pl\/produkt\/low-pressure-hydraulic-cylinder-intermediate-pin\/","title":{"rendered":"Niskoci\u015bnieniowy sworze\u0144 po\u015bredni si\u0142ownika hydraulicznego"},"content":{"rendered":"<h1 style=\"text-align: center;\"><strong>Niskoci\u015bnieniowy sworze\u0144 po\u015bredni si\u0142ownika hydraulicznego<\/strong><\/h1>\n<p><img loading=\"lazy\" decoding=\"async\" class=\"aligncenter wp-image-774 size-full\" src=\"https:\/\/hydraulic-cylinders.net\/wp-content\/uploads\/2023\/08\/low-pressure-pull-rod-hydraulic-cylinder-middle-hinge-pin-1.webp\" alt=\"\" width=\"375\" height=\"175\" srcset=\"https:\/\/www.hydraulic-cylinders.net\/wp-content\/uploads\/2023\/08\/low-pressure-pull-rod-hydraulic-cylinder-middle-hinge-pin-1.webp 375w, https:\/\/www.hydraulic-cylinders.net\/wp-content\/uploads\/2023\/08\/low-pressure-pull-rod-hydraulic-cylinder-middle-hinge-pin-1-300x140.webp 300w\" sizes=\"(max-width: 375px) 100vw, 375px\" \/><\/p>\n<p>W cylindrze hydraulicznym niskiego ci\u015bnienia sworze\u0144 po\u015bredni odnosi si\u0119 do gwo\u017adzia lub wa\u0142u mi\u0119dzy t\u0142okiem a t\u0142oczyskiem. Element \u0142\u0105cz\u0105cy przenosi si\u0142\u0119 z t\u0142oka na t\u0142oczysko, umo\u017cliwiaj\u0105c ruch liniowy.<\/p>\n<p>Projekt i budowa si\u0142ownika hydraulicznego niskiego ci\u015bnienia<\/p>\n<p>Ko\u0142ki po\u015brednie to zazwyczaj solidne metalowe ko\u0142ki lub wa\u0142ki umieszczone wewn\u0105trz cylindra.<br \/>\n\u0141\u0105czy dwie cz\u0119\u015bci: t\u0142ok i korbow\u00f3d.<br \/>\nRol\u0105 sworznia po\u015bredniego jest przeniesienie ci\u015bnienia cieczy wytworzonego przez t\u0142ok na t\u0142oczysko, dzi\u0119ki czemu uzyskuje si\u0119 liniowy ruch wymagany przez cylinder.<\/p>\n<h2><strong>Parametry sworznia po\u015bredniego si\u0142ownika hydraulicznego niskiego ci\u015bnienia:<\/strong><\/h2>\n<p><img loading=\"lazy\" decoding=\"async\" class=\"alignnone wp-image-775 size-full\" src=\"https:\/\/hydraulic-cylinders.net\/wp-content\/uploads\/2023\/08\/low-pressure-pull-rod-hydraulic-cylinder-intermediate-pin-2.webp\" alt=\"\" width=\"690\" height=\"315\" srcset=\"https:\/\/hydraulic-cylinders.net\/wp-content\/uploads\/2023\/08\/low-pressure-pull-rod-hydraulic-cylinder-intermediate-pin-2.webp 690w, https:\/\/hydraulic-cylinders.net\/wp-content\/uploads\/2023\/08\/low-pressure-pull-rod-hydraulic-cylinder-intermediate-pin-2-480x219.webp 480w\" sizes=\"(min-width: 0px) and (max-width: 480px) 480px, (min-width: 481px) 690px, 100vw\" \/><\/p>\n<h2><strong>Funkcja i dzia\u0142anie <\/strong><strong>Niskoci\u015bnieniowy sworze\u0144 po\u015bredni si\u0142ownika hydraulicznego<\/strong><strong>:<\/strong><\/h2>\n<ul>\n<li>Gdy do t\u0142oka zostanie przy\u0142o\u017cone ci\u015bnienie hydrauliczne, wywiera ono si\u0142\u0119 na \u015brodkowy sworze\u0144, powoduj\u0105c jego ruch.<\/li>\n<li>Ruch sworznia po\u015bredniego przenosi si\u0142\u0119 na t\u0142oczysko, co powoduje rozci\u0105ganie lub kurczenie si\u0119 cylindra hydraulicznego.<\/li>\n<li>Ko\u0142ek po\u015bredni zapewnia efektywne przeniesienie si\u0142y wytworzonej hydraulicznie na t\u0142oczysko, dzi\u0119ki czemu uzyskuje si\u0119 po\u017c\u0105dany ruch cylindra.<\/li>\n<\/ul>\n<h2><strong>Konserwacja i wymiana sworznia po\u015bredniego si\u0142ownika hydraulicznego niskiego ci\u015bnienia<\/strong><strong>:<\/strong><\/h2>\n<ul>\n<li>Podczas naprawy lub modyfikacji si\u0142ownika hydraulicznego niskiego ci\u015bnienia nale\u017cy sprawdzi\u0107 stan \u015brodkowego sworznia.<\/li>\n<li>Je\u015bli widoczne s\u0105 jakiekolwiek \u015blady zu\u017cycia, uszkodzenia lub nadmiernego luzu, nale\u017cy wymieni\u0107 sworze\u0144 po\u015bredni, aby zapewni\u0107 normaln\u0105 prac\u0119 cylindra.<\/li>\n<li>Podczas wymiany \u015brodkowego sworznia nale\u017cy stosowa\u0107 si\u0119 do wytycznych i specyfikacji producenta, aby zagwarantowa\u0107 kompatybilno\u015b\u0107 i optymaln\u0105 wydajno\u015b\u0107.<\/li>\n<\/ul>\n<h2><strong>Jak zmierzy\u0107 cylinder hydrauliczny?<\/strong><\/h2>\n<ol>\n<li><strong>\u015arednica otworu<\/strong>:\n<ul>\n<li>Zmierz \u015brednic\u0119 wewn\u0119trzn\u0105 lufy cylindra. Jest to tzw. \u201e\u015brednica otworu\u201d.<\/li>\n<li>Umie\u015b\u0107 zacisk wewn\u0105trz cylindra i rozci\u0105gnij szcz\u0119ki, a\u017c dotkn\u0105 wewn\u0119trznych \u015bcianek.<\/li>\n<li>Zwr\u00f3\u0107 uwag\u0119 na pomiar wy\u015bwietlany na suwmiarce.<\/li>\n<\/ul>\n<\/li>\n<li><strong>\u015arednica pr\u0119ta<\/strong>:\n<ul>\n<li>Zmierz zewn\u0119trzn\u0105 \u015brednic\u0119 t\u0142oczyska. Jest to tzw. \u201e\u015brednica t\u0142oczyska\u201d.<\/li>\n<li>Umie\u015b\u0107 zaciski wok\u00f3\u0142 t\u0142oczyska i wyreguluj szcz\u0119ki tak, aby lekko zacisn\u0119\u0142y si\u0119 na powierzchni t\u0142oczyska.<\/li>\n<li>Zwr\u00f3\u0107 uwag\u0119 na pomiar wy\u015bwietlany na suwmiarce.<\/li>\n<\/ul>\n<\/li>\n<li><strong>D\u0142ugo\u015b\u0107 skoku<\/strong>:\n<ul>\n<li>Okre\u015bl d\u0142ugo\u015b\u0107 skoku, czyli maksymaln\u0105 odleg\u0142o\u015b\u0107, jak\u0105 t\u0142ok mo\u017ce pokona\u0107 wewn\u0105trz cylindra.<\/li>\n<li>Rozci\u0105gnij t\u0142oczysko do pozycji ca\u0142kowicie wysuni\u0119tej i zmierz odleg\u0142o\u015b\u0107 od przedniej powierzchni cylindra do ko\u0144ca t\u0142oczyska.<\/li>\n<li>Zanotuj pomiar jako d\u0142ugo\u015b\u0107 skoku.<\/li>\n<\/ul>\n<\/li>\n<li><strong>Wymiary monta\u017cowe<\/strong>:\n<ul>\n<li>Zmierz wymiary monta\u017cowe, aby okre\u015bli\u0107 spos\u00f3b przymocowania si\u0142ownika hydraulicznego do urz\u0105dzenia lub konstrukcji.<\/li>\n<li>Zmierz odleg\u0142o\u015b\u0107 mi\u0119dzy otworami monta\u017cowymi lub wspornikami na ko\u0142nierzu monta\u017cowym cylindra.<\/li>\n<li>Zmierz \u015brednic\u0119 otworu, je\u015bli to konieczne.<\/li>\n<\/ul>\n<\/li>\n<li><strong>D\u0142ugo\u015b\u0107 ca\u0142kowita<\/strong>:\n<ul>\n<li>Zmierz ca\u0142kowit\u0105 d\u0142ugo\u015b\u0107 cylindra hydraulicznego, kt\u00f3ra obejmuje d\u0142ugo\u015b\u0107 korpusu cylindra, t\u0142oczyska i innych wystaj\u0105cych element\u00f3w.<\/li>\n<li>Przy\u0142\u00f3\u017c linijk\u0119 do przedniej powierzchni cylindra i zmierz odleg\u0142o\u015b\u0107 od przedniej powierzchni do najdalszego punktu na przeciwleg\u0142ym ko\u0144cu.<\/li>\n<\/ul>\n<\/li>\n<li><strong>Dodatkowe pomiary<\/strong>:\n<ul>\n<li>W zale\u017cno\u015bci od konkretnych wymaga\u0144 konkretnego zastosowania mo\u017ce zaistnie\u0107 konieczno\u015b\u0107 zmierzenia dodatkowych szczeg\u00f3\u0142\u00f3w, takich jak d\u0142ugo\u015b\u0107 t\u0142oka, grubo\u015b\u0107 za\u015blepek lub wymiary ewentualnych port\u00f3w i przy\u0142\u0105czy.<\/li>\n<\/ul>\n<\/li>\n<\/ol>\n<h2><strong>Mo\u017cliwo\u015bci i pojemno\u015b\u0107 fabryki:<\/strong><\/h2>\n<h3>(1) Monta\u017c<\/h3>\n<p>Dysponujemy najwy\u017cszej klasy, niezale\u017cn\u0105 platform\u0105 monta\u017cow\u0105 do bada\u0144 i rozwoju. Warsztat produkcji cylindr\u00f3w do w\u00f3zk\u00f3w wid\u0142owych posiada cztery p\u00f3\u0142automatyczne linie monta\u017cowe cylindr\u00f3w podnosz\u0105cych i jedn\u0105 automatyczn\u0105 lini\u0119 monta\u017cow\u0105 cylindr\u00f3w przechylnych, o projektowanej rocznej wydajno\u015bci 1 miliona sztuk. Specjalny warsztat produkcji cylindr\u00f3w jest wyposa\u017cony w p\u00f3\u0142automatyczny system czyszczenia o r\u00f3\u017cnych parametrach, o projektowanej rocznej wydajno\u015bci 200 000 sztuk. Wyposa\u017cony jest w renomowany sprz\u0119t do obr\u00f3bki CNC, centrum obr\u00f3bcze, specjalistyczny sprz\u0119t do precyzyjnej obr\u00f3bki cylindr\u00f3w, robota spawalniczego, automatyczn\u0105 maszyn\u0119 czyszcz\u0105c\u0105, automatyczn\u0105 maszyn\u0119 do monta\u017cu cylindr\u00f3w oraz automatyczn\u0105 lini\u0119 produkcyjn\u0105 do lakierowania. Ponad 300 zestaw\u00f3w (zestaw\u00f3w) to kluczowe wyposa\u017cenie. Optymalna alokacja i efektywne wykorzystanie zasob\u00f3w sprz\u0119towych zapewniaj\u0105 spe\u0142nienie wymaga\u0144 dotycz\u0105cych dok\u0142adno\u015bci produkt\u00f3w i ich wysokiej jako\u015bci.<\/p>\n<p><img loading=\"lazy\" decoding=\"async\" class=\"alignnone wp-image-626\" src=\"https:\/\/hydraulic-cylinders.net\/wp-content\/uploads\/2023\/08\/hydraulic-cylinder-product-1-300x158.webp\" alt=\"\" width=\"495\" height=\"260\" srcset=\"https:\/\/hydraulic-cylinders.net\/wp-content\/uploads\/2023\/08\/hydraulic-cylinder-product-1-300x158.webp 495w, https:\/\/hydraulic-cylinders.net\/wp-content\/uploads\/2023\/08\/hydraulic-cylinder-product-1-480x252.webp 480w\" sizes=\"(min-width: 0px) and (max-width: 480px) 480px, (min-width: 481px) 495px, 100vw\" \/> <img loading=\"lazy\" decoding=\"async\" class=\"alignnone wp-image-627\" src=\"https:\/\/hydraulic-cylinders.net\/wp-content\/uploads\/2023\/08\/hydraulic-cylinder-product-2-300x189.webp\" alt=\"\" width=\"413\" height=\"260\" \/><\/p>\n<h3>(2)Obr\u00f3bka skrawaniem<\/h3>\n<p>Warsztat obr\u00f3bki mechanicznej wyposa\u017cony jest w dostosowane do potrzeb klienta centrum tokarskie z pochylon\u0105 szyn\u0105, centrum obr\u00f3bcze, szybkoobrotow\u0105 maszyn\u0119 do honowania, robota spawalniczego i inny powi\u0105zany sprz\u0119t, kt\u00f3ry mo\u017ce poradzi\u0107 sobie z obr\u00f3bk\u0105 rur cylindrycznych o maksymalnej \u015brednicy wewn\u0119trznej 400 mm i maksymalnej d\u0142ugo\u015bci 6 metr\u00f3w.<\/p>\n<p><img loading=\"lazy\" decoding=\"async\" class=\"alignnone wp-image-628 size-large\" src=\"https:\/\/hydraulic-cylinders.net\/wp-content\/uploads\/2023\/08\/hydraulic-cylinder-product-3-1024x391.webp\" alt=\"\" width=\"1024\" height=\"391\" srcset=\"https:\/\/hydraulic-cylinders.net\/wp-content\/uploads\/2023\/08\/hydraulic-cylinder-product-3-980x374.webp 980w, https:\/\/hydraulic-cylinders.net\/wp-content\/uploads\/2023\/08\/hydraulic-cylinder-product-3-480x183.webp 480w\" sizes=\"(min-width: 0px) and (max-width: 480px) 480px, (min-width: 481px) and (max-width: 980px) 980px, (min-width: 981px) 1024px, 100vw\" \/><\/p>\n<h3>(3) Spawanie<\/h3>\n<p><img loading=\"lazy\" decoding=\"async\" class=\"alignnone wp-image-629 size-large\" src=\"https:\/\/hydraulic-cylinders.net\/wp-content\/uploads\/2023\/08\/hydraulic-cylinder-product-4-1024x510.webp\" alt=\"\" width=\"1024\" height=\"510\" srcset=\"https:\/\/hydraulic-cylinders.net\/wp-content\/uploads\/2023\/08\/hydraulic-cylinder-product-4-980x488.webp 980w, https:\/\/hydraulic-cylinders.net\/wp-content\/uploads\/2023\/08\/hydraulic-cylinder-product-4-480x239.webp 480w\" sizes=\"(min-width: 0px) and (max-width: 480px) 480px, (min-width: 481px) and (max-width: 980px) 980px, (min-width: 981px) 1024px, 100vw\" \/><\/p>\n<h3>(4) Malowanie i powlekanie<\/h3>\n<p>Z automatyczn\u0105 lini\u0105 do powlekania farbami na bazie wody o ma\u0142ych i \u015brednich rozmiarach, umo\u017cliwiaj\u0105c\u0105 automatyczne \u0142adowanie i roz\u0142adowywanie za pomoc\u0105 robota oraz automatyczne natryskiwanie, o projektowanej wydajno\u015bci 4000 sztuk na zmian\u0119;<br \/>\nDysponujemy r\u00f3wnie\u017c p\u00f3\u0142automatyczn\u0105 lini\u0105 produkcyjn\u0105 do lakierowania du\u017cych cylindr\u00f3w, zasilan\u0105 \u0142a\u0144cuchem nap\u0119dowym, o projektowanej wydajno\u015bci 60 skrzy\u0144 na zmian\u0119.<\/p>\n<p><img loading=\"lazy\" decoding=\"async\" class=\"alignnone wp-image-630\" src=\"https:\/\/hydraulic-cylinders.net\/wp-content\/uploads\/2023\/08\/hydraulic-cylinder-product-5-300x213.webp\" alt=\"\" width=\"366\" height=\"260\" \/> <img loading=\"lazy\" decoding=\"async\" class=\"alignnone wp-image-631\" src=\"https:\/\/hydraulic-cylinders.net\/wp-content\/uploads\/2023\/08\/hydraulic-cylinder-product-6-300x225.webp\" alt=\"\" width=\"347\" height=\"260\" \/><\/p>\n<h3>(5) Testowanie<\/h3>\n<p>Dysponujemy najwy\u017cszej klasy urz\u0105dzeniami kontrolnymi i stanowiskami testowymi, aby zapewni\u0107, \u017ce wydajno\u015b\u0107 cylindra spe\u0142nia wymagania.<\/p>\n<p><img loading=\"lazy\" decoding=\"async\" class=\"alignnone wp-image-632\" src=\"https:\/\/hydraulic-cylinders.net\/wp-content\/uploads\/2023\/08\/hydraulic-cylinder-product-8-300x200.webp\" alt=\"\" width=\"389\" height=\"260\" \/><\/p>\n<p>&nbsp;<\/p>\n<p>&nbsp;<\/p>\n<p>Jeste\u015bmy jednym z najlepszych producent\u00f3w cylindr\u00f3w hydraulicznych niskoci\u015bnieniowych. Oferujemy szeroki asortyment cylindr\u00f3w hydraulicznych niskoci\u015bnieniowych. Dostarczamy r\u00f3wnie\u017c\u2026 <a href=\"https:\/\/hzpt.com\/agricultural-pto-gearbox\/\" target=\"_blank\" rel=\"noopener\">przek\u0142adnie rolnicze<\/a>Eksportowali\u015bmy nasze produkty do klient\u00f3w na ca\u0142ym \u015bwiecie i zyskali\u015bmy dobr\u0105 reputacj\u0119 dzi\u0119ki doskona\u0142ej jako\u015bci produkt\u00f3w i obs\u0142udze posprzeda\u017cowej. Serdecznie zapraszamy klient\u00f3w zar\u00f3wno z kraju, jak i z zagranicy do kontaktu z nami w celu negocjacji biznesowych, wymiany informacji i\u2026\u00a0<a href=\"https:\/\/www.hydraulic-cylinders.net\/pl\/contact-us\/\">wsp\u00f3\u0142pracowa\u0107 z nami<\/a>!<\/p>\n<p>&nbsp;<\/p>","protected":false},"excerpt":{"rendered":"<p>Low-Pressure Hydraulic Cylinder Intermediate Pin In a low-pressure hydraulic cylinder, the intermediate pin refers to the nail or shaft between the piston and the piston rod. A connecting element transfers force from the piston to the rod, allowing for linear motion. Design and construction of the low-pressure hydraulic cylinder Intermediate pins are usually solid metal [&hellip;]<\/p>","protected":false},"featured_media":776,"comment_status":"open","ping_status":"closed","template":"","meta":{"_et_pb_use_builder":"","_et_pb_old_content":"","_et_gb_content_width":""},"product_brand":[],"product_cat":[1376,1388],"product_tag":[1380],"class_list":{"0":"post-773","1":"product","2":"type-product","3":"status-publish","4":"has-post-thumbnail","6":"product_cat-hydraulic-cylinder","7":"product_cat-low-pressure-hydraulic-cylinder","8":"product_tag-hydraulic-cylinder","10":"first","11":"instock","12":"shipping-taxable","13":"product-type-simple"},"amp_enabled":true,"_links":{"self":[{"href":"https:\/\/www.hydraulic-cylinders.net\/pl\/wp-json\/wp\/v2\/product\/773","targetHints":{"allow":["GET"]}}],"collection":[{"href":"https:\/\/www.hydraulic-cylinders.net\/pl\/wp-json\/wp\/v2\/product"}],"about":[{"href":"https:\/\/www.hydraulic-cylinders.net\/pl\/wp-json\/wp\/v2\/types\/product"}],"replies":[{"embeddable":true,"href":"https:\/\/www.hydraulic-cylinders.net\/pl\/wp-json\/wp\/v2\/comments?post=773"}],"wp:featuredmedia":[{"embeddable":true,"href":"https:\/\/www.hydraulic-cylinders.net\/pl\/wp-json\/wp\/v2\/media\/776"}],"wp:attachment":[{"href":"https:\/\/www.hydraulic-cylinders.net\/pl\/wp-json\/wp\/v2\/media?parent=773"}],"wp:term":[{"taxonomy":"product_brand","embeddable":true,"href":"https:\/\/www.hydraulic-cylinders.net\/pl\/wp-json\/wp\/v2\/product_brand?post=773"},{"taxonomy":"product_cat","embeddable":true,"href":"https:\/\/www.hydraulic-cylinders.net\/pl\/wp-json\/wp\/v2\/product_cat?post=773"},{"taxonomy":"product_tag","embeddable":true,"href":"https:\/\/www.hydraulic-cylinders.net\/pl\/wp-json\/wp\/v2\/product_tag?post=773"}],"curies":[{"name":"wp","href":"https:\/\/api.w.org\/{rel}","templated":true}]}}