{"id":778,"date":"2023-08-23T02:56:01","date_gmt":"2023-08-23T02:56:01","guid":{"rendered":"https:\/\/hydraulic-cylinders.net\/?post_type=product&#038;p=778"},"modified":"2025-03-27T01:12:56","modified_gmt":"2025-03-27T01:12:56","slug":"low-pressure-hydraulic-cylinder-footstand","status":"publish","type":"product","link":"https:\/\/www.hydraulic-cylinders.net\/pl\/produkt\/low-pressure-hydraulic-cylinder-footstand\/","title":{"rendered":"Podn\u00f3\u017cek z niskoci\u015bnieniowym si\u0142ownikiem hydraulicznym"},"content":{"rendered":"<h1 style=\"text-align: center;\"><strong>Podn\u00f3\u017cek z niskoci\u015bnieniowym si\u0142ownikiem hydraulicznym<\/strong><\/h1>\n<p><img loading=\"lazy\" decoding=\"async\" class=\"aligncenter wp-image-779 size-full\" src=\"https:\/\/hydraulic-cylinders.net\/wp-content\/uploads\/2023\/08\/low-pressure-pull-rod-hydraulic-cylinder-footstand-1.webp\" alt=\"\" width=\"394\" height=\"164\" srcset=\"https:\/\/www.hydraulic-cylinders.net\/wp-content\/uploads\/2023\/08\/low-pressure-pull-rod-hydraulic-cylinder-footstand-1.webp 394w, https:\/\/www.hydraulic-cylinders.net\/wp-content\/uploads\/2023\/08\/low-pressure-pull-rod-hydraulic-cylinder-footstand-1-300x125.webp 300w\" sizes=\"(max-width: 394px) 100vw, 394px\" \/><\/p>\n<p>W cylindrze hydraulicznym niskiego ci\u015bnienia tr\u00f3jn\u00f3g to element zapewniaj\u0105cy stabilno\u015b\u0107 i podparcie cylindra. Zazwyczaj jest to metalowa p\u0142yta lub wspornik przymocowany do spodu lub podstawy cylindra. Tr\u00f3jnogi maj\u0105 kilka zastosowa\u0144, w tym:<\/p>\n<p>Stabilno\u015b\u0107: podstawa pomaga ustabilizowa\u0107 cylinder hydrauliczny i zapobiega jego przewr\u00f3ceniu si\u0119 lub przewr\u00f3ceniu w trakcie pracy lub pod wp\u0142ywem si\u0142 zewn\u0119trznych.<\/p>\n<p>Podparcie: Statyw zapewnia bezpieczn\u0105 podstaw\u0119 dla cylindra, gwarantuj\u0105c prawid\u0142owe wyr\u00f3wnanie i roz\u0142o\u017cenie ci\u0119\u017caru cylindra. Pomaga zachowa\u0107 integralno\u015b\u0107 konstrukcji cylindra i zapobiega nadmiernym napr\u0119\u017ceniom w punkcie mocowania.<\/p>\n<p>Monta\u017c: Statyw zazwyczaj posiada otwory lub szczeliny do monta\u017cu lub mocowania cylindra do sprz\u0119tu, maszyn lub konstrukcji. Te punkty monta\u017cowe umo\u017cliwiaj\u0105 bezpieczn\u0105 i niezawodn\u0105 instalacj\u0119 cylindra.<\/p>\n<p>Poziomowanie: W niekt\u00f3rych przypadkach statywy mog\u0105 by\u0107 wyposa\u017cone w elementy regulacyjne, takie jak gwintowane n\u00f3\u017cki lub \u015bruby poziomuj\u0105ce. Umo\u017cliwiaj\u0105 one precyzyjne dostrojenie i wypoziomowanie cylindra, aby zapewni\u0107 jego prawid\u0142owe dzia\u0142anie i wsp\u00f3\u0142osiowo\u015b\u0107 z innymi elementami.<\/p>\n<h2><strong>Parametry podn\u00f3\u017cka cylindra hydraulicznego niskiego ci\u015bnienia:<\/strong><\/h2>\n<p><img loading=\"lazy\" decoding=\"async\" class=\"alignnone wp-image-780 size-full\" src=\"https:\/\/hydraulic-cylinders.net\/wp-content\/uploads\/2023\/08\/low-pressure-pull-rod-hydraulic-cylinder-footstand-2.webp\" alt=\"\" width=\"703\" height=\"314\" srcset=\"https:\/\/hydraulic-cylinders.net\/wp-content\/uploads\/2023\/08\/low-pressure-pull-rod-hydraulic-cylinder-footstand-2.webp 703w, https:\/\/hydraulic-cylinders.net\/wp-content\/uploads\/2023\/08\/low-pressure-pull-rod-hydraulic-cylinder-footstand-2-480x214.webp 480w\" sizes=\"(min-width: 0px) and (max-width: 480px) 480px, (min-width: 481px) 703px, 100vw\" \/><\/p>\n<h2><strong>Budowa <\/strong><strong>Podn\u00f3\u017cek z niskoci\u015bnieniowym si\u0142ownikiem hydraulicznym<\/strong><strong>:<\/strong><\/h2>\n<p>Nale\u017cy pami\u0119ta\u0107, \u017ce konstrukcja i spos\u00f3b monta\u017cu statywu mog\u0105 si\u0119 r\u00f3\u017cni\u0107 w zale\u017cno\u015bci od konkretnego modelu cylindra i zastosowania. Niekt\u00f3re cylindry hydrauliczne mog\u0105 mie\u0107 zintegrowane statywy, podczas gdy inne mog\u0105 wymaga\u0107 oddzielnych mocowa\u0144 dla zapewnienia stabilno\u015bci i podparcia.<\/p>\n<p>Podczas wyboru lub monta\u017cu wspornika do niskoci\u015bnieniowego si\u0142ownika hydraulicznego zaleca si\u0119 zapoznanie z dokumentacj\u0105 lub wytycznymi producenta, aby zapewni\u0107 kompatybilno\u015b\u0107 i prawid\u0142owe procedury monta\u017cu. Ponadto, uwzgl\u0119dnienie specyficznych warunk\u00f3w pracy i wymaga\u0144 danego zastosowania pomo\u017ce w doborze odpowiedniej konstrukcji i funkcjonalno\u015bci wspornika, niezb\u0119dnych do zapewnienia optymalnej wydajno\u015bci i bezpiecze\u0144stwa.<\/p>\n<h2><strong>Jak znale\u017a\u0107 zestaw uszczelek do si\u0142ownika hydraulicznego?<\/strong><\/h2>\n<p>Aby znale\u017a\u0107 zestaw uszczelek do si\u0142ownika hydraulicznego, nale\u017cy wykona\u0107 nast\u0119puj\u0105ce czynno\u015bci:<\/p>\n<ol>\n<li><strong>Zbierz informacje<\/strong>Zbierz jak najwi\u0119cej informacji o si\u0142owniku hydraulicznym, do kt\u00f3rego potrzebujesz zestawu uszczelnie\u0144. Obejmuje to mark\u0119 i model si\u0142ownika, wymiary si\u0142ownika (\u015brednic\u0119 otworu, \u015brednic\u0119 t\u0142oczyska, d\u0142ugo\u015b\u0107 skoku) oraz wszelkie inne istotne dane techniczne.<\/li>\n<li><strong>Zidentyfikuj producenta<\/strong>: Okre\u015bl producenta si\u0142ownika hydraulicznego. Informacje te zazwyczaj znajduj\u0105 si\u0119 na samym si\u0142owniku lub w dokumentacji urz\u0105dzenia. Znajomo\u015b\u0107 producenta u\u0142atwi znalezienie odpowiedniego zestawu uszczelnie\u0144.<\/li>\n<li><strong>Zasoby producenta<\/strong>Odwied\u017a stron\u0119 internetow\u0105 producenta lub skontaktuj si\u0119 z jego dzia\u0142em obs\u0142ugi klienta, aby uzyska\u0107 informacje o zestawach uszczelnie\u0144 do cylindr\u00f3w hydraulicznych. Wielu producent\u00f3w oferuje zestawy uszczelnie\u0144 zaprojektowane specjalnie do ich cylindr\u00f3w i mo\u017ce udzieli\u0107 wskaz\u00f3wek dotycz\u0105cych wyboru odpowiedniego zestawu.<\/li>\n<li><strong>Dystrybutorzy i dealerzy<\/strong>: Skontaktuj si\u0119 z autoryzowanymi dystrybutorami lub dealerami producenta si\u0142ownik\u00f3w hydraulicznych. Dostawcy ci cz\u0119sto oferuj\u0105 zestawy uszczelnie\u0144 do sprzedawanych przez siebie si\u0142ownik\u00f3w. Mog\u0105 oni dostarczy\u0107 odpowiedni zestaw na podstawie marki i modelu si\u0142ownika.<\/li>\n<li><strong>Dostawcy online<\/strong>: Wyszukaj dostawc\u00f3w zestaw\u00f3w uszczelnie\u0144 hydraulicznych lub dostawc\u00f3w komponent\u00f3w hydraulicznych online. Istnieje wiele stron internetowych i platform internetowych specjalizuj\u0105cych si\u0119 w uszczelnieniach i zestawach hydraulicznych. Wprowad\u017a odpowiednie informacje o swoim si\u0142owniku hydraulicznym, aby znale\u017a\u0107 kompatybilne zestawy uszczelnie\u0144.<\/li>\n<li><strong>Wymiary i specyfikacje<\/strong>Por\u00f3wnaj wymiary i specyfikacje dost\u0119pnych zestaw\u00f3w uszczelnie\u0144 z wymaganiami Twojego si\u0142ownika hydraulicznego. Upewnij si\u0119, \u017ce zestaw pasuje do \u015brednicy otworu si\u0142ownika, \u015brednicy t\u0142oczyska i innych kluczowych parametr\u00f3w.<\/li>\n<li><strong>Jako\u015b\u0107 i kompatybilno\u015b\u0107<\/strong>: We\u017a pod uwag\u0119 jako\u015b\u0107 i kompatybilno\u015b\u0107 zestawu uszczelnie\u0144. Wa\u017cne jest, aby wybra\u0107 renomowanego dostawc\u0119, kt\u00f3ry oferuje wysokiej jako\u015bci uszczelnienia, aby zapewni\u0107 prawid\u0142owe dzia\u0142anie i d\u0142ugowieczno\u015b\u0107 si\u0142ownika hydraulicznego.<\/li>\n<li><strong>Zakup i instalacja<\/strong>Po znalezieniu odpowiedniego zestawu uszczelnie\u0144, dokonaj zakupu u wybranego dostawcy. Post\u0119puj zgodnie z instrukcjami producenta dotycz\u0105cymi monta\u017cu lub skonsultuj si\u0119 ze specjalist\u0105 od uk\u0142ad\u00f3w hydraulicznych, je\u015bli nie masz pewno\u015bci co do procesu wymiany.<\/li>\n<\/ol>\n<h2><strong>Mo\u017cliwo\u015bci i pojemno\u015b\u0107 fabryki:<\/strong><\/h2>\n<h3>(1) Monta\u017c<\/h3>\n<p>Dysponujemy najwy\u017cszej klasy, niezale\u017cn\u0105 platform\u0105 monta\u017cow\u0105 do bada\u0144 i rozwoju. Warsztat produkcji cylindr\u00f3w do w\u00f3zk\u00f3w wid\u0142owych posiada cztery p\u00f3\u0142automatyczne linie monta\u017cowe cylindr\u00f3w podnosz\u0105cych i jedn\u0105 automatyczn\u0105 lini\u0119 monta\u017cow\u0105 cylindr\u00f3w przechylnych, o projektowanej rocznej wydajno\u015bci 1 miliona sztuk. Specjalny warsztat produkcji cylindr\u00f3w jest wyposa\u017cony w p\u00f3\u0142automatyczny system czyszczenia o r\u00f3\u017cnych parametrach, o projektowanej rocznej wydajno\u015bci 200 000 sztuk. Wyposa\u017cony jest w renomowany sprz\u0119t do obr\u00f3bki CNC, centrum obr\u00f3bcze, specjalistyczny sprz\u0119t do precyzyjnej obr\u00f3bki cylindr\u00f3w, robota spawalniczego, automatyczn\u0105 maszyn\u0119 czyszcz\u0105c\u0105, automatyczn\u0105 maszyn\u0119 do monta\u017cu cylindr\u00f3w oraz automatyczn\u0105 lini\u0119 produkcyjn\u0105 do lakierowania. Ponad 300 zestaw\u00f3w (zestaw\u00f3w) to kluczowe wyposa\u017cenie. Optymalna alokacja i efektywne wykorzystanie zasob\u00f3w sprz\u0119towych zapewniaj\u0105 spe\u0142nienie wymaga\u0144 dotycz\u0105cych dok\u0142adno\u015bci produkt\u00f3w i ich wysokiej jako\u015bci.<\/p>\n<p><img loading=\"lazy\" decoding=\"async\" class=\"alignnone wp-image-626\" src=\"https:\/\/hydraulic-cylinders.net\/wp-content\/uploads\/2023\/08\/hydraulic-cylinder-product-1-300x158.webp\" alt=\"\" width=\"495\" height=\"260\" srcset=\"https:\/\/hydraulic-cylinders.net\/wp-content\/uploads\/2023\/08\/hydraulic-cylinder-product-1-300x158.webp 495w, https:\/\/hydraulic-cylinders.net\/wp-content\/uploads\/2023\/08\/hydraulic-cylinder-product-1-480x252.webp 480w\" sizes=\"(min-width: 0px) and (max-width: 480px) 480px, (min-width: 481px) 495px, 100vw\" \/> <img loading=\"lazy\" decoding=\"async\" class=\"alignnone wp-image-627\" src=\"https:\/\/hydraulic-cylinders.net\/wp-content\/uploads\/2023\/08\/hydraulic-cylinder-product-2-300x189.webp\" alt=\"\" width=\"413\" height=\"260\" \/><\/p>\n<h3>(2)Obr\u00f3bka skrawaniem<\/h3>\n<p>Warsztat obr\u00f3bki mechanicznej wyposa\u017cony jest w dostosowane do potrzeb klienta centrum tokarskie z pochylon\u0105 szyn\u0105, centrum obr\u00f3bcze, szybkoobrotow\u0105 maszyn\u0119 do honowania, robota spawalniczego i inny powi\u0105zany sprz\u0119t, kt\u00f3ry mo\u017ce poradzi\u0107 sobie z obr\u00f3bk\u0105 rur cylindrycznych o maksymalnej \u015brednicy wewn\u0119trznej 400 mm i maksymalnej d\u0142ugo\u015bci 6 metr\u00f3w.<\/p>\n<p><img loading=\"lazy\" decoding=\"async\" class=\"alignnone wp-image-628 size-large\" src=\"https:\/\/hydraulic-cylinders.net\/wp-content\/uploads\/2023\/08\/hydraulic-cylinder-product-3-1024x391.webp\" alt=\"\" width=\"1024\" height=\"391\" srcset=\"https:\/\/hydraulic-cylinders.net\/wp-content\/uploads\/2023\/08\/hydraulic-cylinder-product-3-980x374.webp 980w, https:\/\/hydraulic-cylinders.net\/wp-content\/uploads\/2023\/08\/hydraulic-cylinder-product-3-480x183.webp 480w\" sizes=\"(min-width: 0px) and (max-width: 480px) 480px, (min-width: 481px) and (max-width: 980px) 980px, (min-width: 981px) 1024px, 100vw\" \/><\/p>\n<h3>(3) Spawanie<\/h3>\n<p><img loading=\"lazy\" decoding=\"async\" class=\"alignnone wp-image-629 size-large\" src=\"https:\/\/hydraulic-cylinders.net\/wp-content\/uploads\/2023\/08\/hydraulic-cylinder-product-4-1024x510.webp\" alt=\"\" width=\"1024\" height=\"510\" srcset=\"https:\/\/hydraulic-cylinders.net\/wp-content\/uploads\/2023\/08\/hydraulic-cylinder-product-4-980x488.webp 980w, https:\/\/hydraulic-cylinders.net\/wp-content\/uploads\/2023\/08\/hydraulic-cylinder-product-4-480x239.webp 480w\" sizes=\"(min-width: 0px) and (max-width: 480px) 480px, (min-width: 481px) and (max-width: 980px) 980px, (min-width: 981px) 1024px, 100vw\" \/><\/p>\n<h3>(4) Malowanie i powlekanie<\/h3>\n<p>Z automatyczn\u0105 lini\u0105 do powlekania farbami na bazie wody o ma\u0142ych i \u015brednich rozmiarach, umo\u017cliwiaj\u0105c\u0105 automatyczne \u0142adowanie i roz\u0142adowywanie za pomoc\u0105 robota oraz automatyczne natryskiwanie, o projektowanej wydajno\u015bci 4000 sztuk na zmian\u0119;<br \/>\nDysponujemy r\u00f3wnie\u017c p\u00f3\u0142automatyczn\u0105 lini\u0105 produkcyjn\u0105 do lakierowania du\u017cych cylindr\u00f3w, zasilan\u0105 \u0142a\u0144cuchem nap\u0119dowym, o projektowanej wydajno\u015bci 60 skrzy\u0144 na zmian\u0119.<\/p>\n<p><img loading=\"lazy\" decoding=\"async\" class=\"alignnone wp-image-630\" src=\"https:\/\/hydraulic-cylinders.net\/wp-content\/uploads\/2023\/08\/hydraulic-cylinder-product-5-300x213.webp\" alt=\"\" width=\"366\" height=\"260\" \/> <img loading=\"lazy\" decoding=\"async\" class=\"alignnone wp-image-631\" src=\"https:\/\/hydraulic-cylinders.net\/wp-content\/uploads\/2023\/08\/hydraulic-cylinder-product-6-300x225.webp\" alt=\"\" width=\"347\" height=\"260\" \/><\/p>\n<h3>(5) Testowanie<\/h3>\n<p>Dysponujemy najwy\u017cszej klasy urz\u0105dzeniami kontrolnymi i stanowiskami testowymi, aby zapewni\u0107, \u017ce wydajno\u015b\u0107 cylindra spe\u0142nia wymagania.<\/p>\n<p><img loading=\"lazy\" decoding=\"async\" class=\"alignnone wp-image-632\" src=\"https:\/\/hydraulic-cylinders.net\/wp-content\/uploads\/2023\/08\/hydraulic-cylinder-product-8-300x200.webp\" alt=\"\" width=\"389\" height=\"260\" \/><\/p>\n<p>&nbsp;<\/p>\n<p>&nbsp;<\/p>\n<p>Jeste\u015bmy jednym z najlepszych producent\u00f3w cylindr\u00f3w hydraulicznych niskoci\u015bnieniowych. Oferujemy szeroki asortyment cylindr\u00f3w hydraulicznych niskoci\u015bnieniowych. Dostarczamy r\u00f3wnie\u017c\u2026 <a href=\"https:\/\/hzpt.com\/agricultural-pto-gearbox\/\" target=\"_blank\" rel=\"noopener\">przek\u0142adnie rolnicze<\/a>Eksportowali\u015bmy nasze produkty do klient\u00f3w na ca\u0142ym \u015bwiecie i zyskali\u015bmy dobr\u0105 reputacj\u0119 dzi\u0119ki doskona\u0142ej jako\u015bci produkt\u00f3w i obs\u0142udze posprzeda\u017cowej. Serdecznie zapraszamy klient\u00f3w zar\u00f3wno z kraju, jak i z zagranicy do kontaktu z nami w celu negocjacji biznesowych, wymiany informacji i\u2026\u00a0<a href=\"https:\/\/www.hydraulic-cylinders.net\/pl\/contact-us\/\">wsp\u00f3\u0142pracowa\u0107 z nami<\/a>!<\/p>\n<p>&nbsp;<\/p>","protected":false},"excerpt":{"rendered":"<p>Low-Pressure Hydraulic Cylinder Footstand In a low-pressure hydraulic cylinder, the tripod is the component that provides stability and support for the cylinder. It is usually a metal plate or bracket attached to the cylinder&#8217;s bottom or base. Tripods have several uses, including: Stability: The foot base helps to stabilize the hydraulic cylinder and prevent it [&hellip;]<\/p>","protected":false},"featured_media":891,"comment_status":"open","ping_status":"closed","template":"","meta":{"_et_pb_use_builder":"","_et_pb_old_content":"","_et_gb_content_width":""},"product_brand":[],"product_cat":[1376,1388],"product_tag":[1380],"class_list":{"0":"post-778","1":"product","2":"type-product","3":"status-publish","4":"has-post-thumbnail","6":"product_cat-hydraulic-cylinder","7":"product_cat-low-pressure-hydraulic-cylinder","8":"product_tag-hydraulic-cylinder","10":"first","11":"instock","12":"shipping-taxable","13":"product-type-simple"},"amp_enabled":true,"_links":{"self":[{"href":"https:\/\/www.hydraulic-cylinders.net\/pl\/wp-json\/wp\/v2\/product\/778","targetHints":{"allow":["GET"]}}],"collection":[{"href":"https:\/\/www.hydraulic-cylinders.net\/pl\/wp-json\/wp\/v2\/product"}],"about":[{"href":"https:\/\/www.hydraulic-cylinders.net\/pl\/wp-json\/wp\/v2\/types\/product"}],"replies":[{"embeddable":true,"href":"https:\/\/www.hydraulic-cylinders.net\/pl\/wp-json\/wp\/v2\/comments?post=778"}],"wp:featuredmedia":[{"embeddable":true,"href":"https:\/\/www.hydraulic-cylinders.net\/pl\/wp-json\/wp\/v2\/media\/891"}],"wp:attachment":[{"href":"https:\/\/www.hydraulic-cylinders.net\/pl\/wp-json\/wp\/v2\/media?parent=778"}],"wp:term":[{"taxonomy":"product_brand","embeddable":true,"href":"https:\/\/www.hydraulic-cylinders.net\/pl\/wp-json\/wp\/v2\/product_brand?post=778"},{"taxonomy":"product_cat","embeddable":true,"href":"https:\/\/www.hydraulic-cylinders.net\/pl\/wp-json\/wp\/v2\/product_cat?post=778"},{"taxonomy":"product_tag","embeddable":true,"href":"https:\/\/www.hydraulic-cylinders.net\/pl\/wp-json\/wp\/v2\/product_tag?post=778"}],"curies":[{"name":"wp","href":"https:\/\/api.w.org\/{rel}","templated":true}]}}