{"id":1012,"date":"2023-09-07T02:00:53","date_gmt":"2023-09-07T02:00:53","guid":{"rendered":"https:\/\/hydraulic-cylinders.net\/?post_type=product&#038;p=1012"},"modified":"2023-09-19T01:36:49","modified_gmt":"2023-09-19T01:36:49","slug":"rear-cover-trunnion-four-rod-hydraulic-cylinder","status":"publish","type":"product","link":"https:\/\/www.hydraulic-cylinders.net\/pt\/produto\/rear-cover-trunnion-four-rod-hydraulic-cylinder\/","title":{"rendered":"Cilindro hidr\u00e1ulico de quatro hastes do munh\u00e3o da tampa traseira"},"content":{"rendered":"<h1 style=\"text-align: center;\"><strong>Cilindro hidr\u00e1ulico de quatro hastes do munh\u00e3o da tampa traseira<\/strong><\/h1>\n<p><img loading=\"lazy\" decoding=\"async\" class=\"size-full wp-image-1013 aligncenter\" src=\"https:\/\/hydraulic-cylinders.net\/wp-content\/uploads\/2023\/09\/rear-cover-trunnion-four-rod-hydraulic-cylinder-1-1.webp\" alt=\"\" width=\"231\" height=\"231\" srcset=\"https:\/\/www.hydraulic-cylinders.net\/wp-content\/uploads\/2023\/09\/rear-cover-trunnion-four-rod-hydraulic-cylinder-1-1.webp 231w, https:\/\/www.hydraulic-cylinders.net\/wp-content\/uploads\/2023\/09\/rear-cover-trunnion-four-rod-hydraulic-cylinder-1-1-100x100.webp 100w, https:\/\/www.hydraulic-cylinders.net\/wp-content\/uploads\/2023\/09\/rear-cover-trunnion-four-rod-hydraulic-cylinder-1-1-150x150.webp 150w, https:\/\/www.hydraulic-cylinders.net\/wp-content\/uploads\/2023\/09\/rear-cover-trunnion-four-rod-hydraulic-cylinder-1-1-12x12.webp 12w\" sizes=\"(max-width: 231px) 100vw, 231px\" \/><\/p>\n<p>O cilindro hidr\u00e1ulico de quatro hastes com munh\u00e3o na tampa traseira \u00e9 um componente de ponta projetado para fornecer pot\u00eancia excepcional, controle preciso e desempenho incompar\u00e1vel em diversas aplica\u00e7\u00f5es industriais. Com seu design inovador de munh\u00e3o na tampa traseira e configura\u00e7\u00e3o de quatro hastes, este cilindro hidr\u00e1ulico oferece maior estabilidade, durabilidade e capacidade de carga, tornando-se um recurso indispens\u00e1vel em sistemas hidr\u00e1ulicos exigentes.<\/p>\n<p>Caracter\u00edsticas essenciais do cilindro hidr\u00e1ulico de quatro hastes:<\/p>\n<p><strong>Projeto do munh\u00e3o da tampa traseira:<\/strong><\/p>\n<ol>\n<li style=\"list-style-type: none;\">\n<ul>\n<li>O design do munh\u00e3o da tampa traseira proporciona uma solu\u00e7\u00e3o de instala\u00e7\u00e3o segura e eficiente que garante um funcionamento confi\u00e1vel mesmo sob cargas pesadas e condi\u00e7\u00f5es extremas.<\/li>\n<li>Isso simplifica a instala\u00e7\u00e3o e permite a f\u00e1cil integra\u00e7\u00e3o em diversos sistemas ou equipamentos hidr\u00e1ulicos.<\/li>\n<\/ul>\n<\/li>\n<\/ol>\n<p><strong>Configura\u00e7\u00e3o de quatro hastes:<\/strong><\/p>\n<ol>\n<li style=\"list-style-type: none;\">\n<ul>\n<li>A configura\u00e7\u00e3o de quatro hastes aumenta a capacidade de carga do cilindro hidr\u00e1ulico de quatro hastes e garante estabilidade ideal e posicionamento preciso.<\/li>\n<li>Isso permite que o cilindro hidr\u00e1ulico de quatro hastes suporte cargas laterais com efic\u00e1cia, proporcionando uma resist\u00eancia excepcional \u00e0 tor\u00e7\u00e3o e \u00e0s for\u00e7as laterais.<\/li>\n<\/ul>\n<\/li>\n<\/ol>\n<p><strong>Alta pot\u00eancia de sa\u00edda:<\/strong><\/p>\n<ol>\n<li style=\"list-style-type: none;\">\n<ul>\n<li>Este cilindro hidr\u00e1ulico de quatro hastes possui uma pot\u00eancia impressionante, permitindo lidar com cargas pesadas com facilidade.<\/li>\n<li>Oferece pot\u00eancia e impulso superiores, tornando-o adequado para aplica\u00e7\u00f5es que exigem muita for\u00e7a e capacidade de eleva\u00e7\u00e3o.<\/li>\n<\/ul>\n<\/li>\n<\/ol>\n<p><strong>Controle preciso:<\/strong><\/p>\n<ul>\n<li style=\"list-style-type: none;\">\n<ul>\n<li>O cilindro hidr\u00e1ulico de quatro hastes com munh\u00e3o na tampa traseira proporciona um controle preciso do movimento linear para garantir um posicionamento exato e uma opera\u00e7\u00e3o suave.<\/li>\n<li>Ele oferece excelente controle de curso, permitindo que os operadores alcancem a velocidade e a precis\u00e3o necess\u00e1rias para tarefas espec\u00edficas.<\/li>\n<\/ul>\n<\/li>\n<\/ul>\n<h2><strong>Par\u00e2metros do cilindro hidr\u00e1ulico de quatro hastes do munh\u00e3o da tampa traseira:<\/strong><\/h2>\n<p><img loading=\"lazy\" decoding=\"async\" class=\"alignnone wp-image-1010 size-full\" src=\"https:\/\/hydraulic-cylinders.net\/wp-content\/uploads\/2023\/09\/rear-cover-rectangular-flange-four-rod-hydraulic-cylinder-2.webp\" alt=\"\" width=\"655\" height=\"197\" srcset=\"https:\/\/hydraulic-cylinders.net\/wp-content\/uploads\/2023\/09\/rear-cover-rectangular-flange-four-rod-hydraulic-cylinder-2.webp 655w, https:\/\/hydraulic-cylinders.net\/wp-content\/uploads\/2023\/09\/rear-cover-rectangular-flange-four-rod-hydraulic-cylinder-2-480x144.webp 480w\" sizes=\"(min-width: 0px) and (max-width: 480px) 480px, (min-width: 481px) 655px, 100vw\" \/><\/p>\n<p><img loading=\"lazy\" decoding=\"async\" class=\"alignnone wp-image-1033 size-full\" src=\"https:\/\/hydraulic-cylinders.net\/wp-content\/uploads\/2023\/09\/d-db-dd-four-rod-hydraulic-cylinder.webp\" alt=\"\" width=\"655\" height=\"249\" srcset=\"https:\/\/hydraulic-cylinders.net\/wp-content\/uploads\/2023\/09\/d-db-dd-four-rod-hydraulic-cylinder.webp 655w, https:\/\/hydraulic-cylinders.net\/wp-content\/uploads\/2023\/09\/d-db-dd-four-rod-hydraulic-cylinder-480x182.webp 480w\" sizes=\"(min-width: 0px) and (max-width: 480px) 480px, (min-width: 481px) 655px, 100vw\" \/><\/p>\n<h2><strong>Cilindro hidr\u00e1ulico de quatro hastes do munh\u00e3o da tampa traseira <\/strong><strong>M\u00e9todo de uso<\/strong><strong>:<\/strong><\/h2>\n<p><strong>Montagem e instala\u00e7\u00e3o:<\/strong><\/p>\n<ol>\n<li style=\"list-style-type: none;\">\n<ul>\n<li>Considere os requisitos de carga e as restri\u00e7\u00f5es de espa\u00e7o para determinar o local de instala\u00e7\u00e3o apropriado do cilindro hidr\u00e1ulico dentro do sistema ou equipamento.<\/li>\n<li>Certifique-se de que a superf\u00edcie de montagem esteja limpa, nivelada e capaz de suportar o peso do cilindro.<\/li>\n<li>Posicione os pinos de fixa\u00e7\u00e3o da tampa traseira alinhados com a superf\u00edcie de montagem e fixe-os utilizando os parafusos ou fixadores recomendados.<\/li>\n<\/ul>\n<\/li>\n<\/ol>\n<p><strong>Conex\u00f5es hidr\u00e1ulicas:<\/strong><\/p>\n<ol>\n<li style=\"list-style-type: none;\">\n<ul>\n<li>Conecte a linha de alimenta\u00e7\u00e3o do cilindro hidr\u00e1ulico de quatro hastes \u00e0 porta do cilindro para garantir uma veda\u00e7\u00e3o adequada e evitar vazamentos.<\/li>\n<li>Siga as recomenda\u00e7\u00f5es do fabricante quanto ao tipo de \u00f3leo hidr\u00e1ulico e encha o sistema at\u00e9 o n\u00edvel recomendado.<\/li>\n<\/ul>\n<\/li>\n<\/ol>\n<p><strong>Opera\u00e7\u00e3o:<\/strong><\/p>\n<ul>\n<li style=\"list-style-type: none;\">\n<ul>\n<li>Ative o sistema hidr\u00e1ulico e controle o movimento do cilindro usando uma v\u00e1lvula de controle hidr\u00e1ulico ou outro mecanismo de controle adequado.<\/li>\n<li>Ajuste as configura\u00e7\u00f5es de fluxo e press\u00e3o para atingir a velocidade e a for\u00e7a de sa\u00edda desejadas.<\/li>\n<li>Monitore regularmente o funcionamento do cilindro para detectar quaisquer sinais de comportamento anormal, como vazamentos, superaquecimento ou ru\u00eddos incomuns.<\/li>\n<\/ul>\n<\/li>\n<\/ul>\n<h2><strong>Manuten\u00e7\u00e3o do cilindro hidr\u00e1ulico de quatro hastes do munh\u00e3o da tampa traseira<\/strong><strong>:<\/strong><\/h2>\n<ol>\n<li><strong>Inspe\u00e7\u00e3o regular:<\/strong>\n<ul>\n<li>Realize inspe\u00e7\u00f5es visuais de rotina para verificar sinais de desgaste, vazamentos ou danos.<\/li>\n<li>Inspecione a superf\u00edcie da haste, as veda\u00e7\u00f5es e as conex\u00f5es de montagem para verificar se h\u00e1 alguma anormalidade e resolva quaisquer problemas imediatamente.<\/li>\n<\/ul>\n<\/li>\n<li><strong>Lubrifica\u00e7\u00e3o:<\/strong>\n<ul>\n<li>Siga as orienta\u00e7\u00f5es do fabricante quanto aos intervalos de lubrifica\u00e7\u00e3o e utilize um lubrificante recomendado para garantir o bom funcionamento.<\/li>\n<li>Aplique lubrificante na haste, nas veda\u00e7\u00f5es e em outras partes m\u00f3veis para minimizar o atrito e prolongar a vida \u00fatil do cilindro.<\/li>\n<\/ul>\n<\/li>\n<li><strong>Substitui\u00e7\u00e3o da veda\u00e7\u00e3o:<\/strong>\n<ul>\n<li>Com o tempo, as veda\u00e7\u00f5es podem se desgastar e precisar ser substitu\u00eddas. Se for detectado algum vazamento, remova cuidadosamente as veda\u00e7\u00f5es antigas e instale novas de acordo com as especifica\u00e7\u00f5es do fabricante.<\/li>\n<\/ul>\n<\/li>\n<\/ol>\n<h2><strong>Como voc\u00ea reconstr\u00f3i um cilindro hidr\u00e1ulico?<\/strong><\/h2>\n<p>A reconstru\u00e7\u00e3o de um cilindro hidr\u00e1ulico envolve desmont\u00e1-lo, inspecionar seus componentes, substituir pe\u00e7as desgastadas ou danificadas e remont\u00e1-lo para restaurar sua funcionalidade. Aqui est\u00e1 um guia geral passo a passo sobre como reconstruir um cilindro hidr\u00e1ulico:<\/p>\n<ol>\n<li><strong>Re\u00fana as ferramentas e equipamentos necess\u00e1rios:<\/strong>\n<ul>\n<li>Antes de iniciar o processo de reconstru\u00e7\u00e3o, re\u00fana as ferramentas necess\u00e1rias, como chaves, alicates, um martelo de borracha, uma ferramenta para brunir cilindros, veda\u00e7\u00f5es e an\u00e9is de veda\u00e7\u00e3o novos, uma ferramenta para instala\u00e7\u00e3o de veda\u00e7\u00f5es e um kit de reparo de cilindros hidr\u00e1ulicos.<\/li>\n<\/ul>\n<\/li>\n<li><strong>Precau\u00e7\u00f5es de seguran\u00e7a:<\/strong>\n<ul>\n<li>Certifique-se de que o sistema hidr\u00e1ulico esteja despressurizado e que o cilindro esteja desconectado de qualquer fonte de energia.<\/li>\n<li>Utilize equipamentos de prote\u00e7\u00e3o individual (EPI) adequados, como luvas e \u00f3culos de seguran\u00e7a, para se proteger durante a reconstru\u00e7\u00e3o.<\/li>\n<\/ul>\n<\/li>\n<li><strong>Desmontagem do cilindro:<\/strong>\n<ul>\n<li>Remova o cilindro hidr\u00e1ulico do equipamento ou sistema.<\/li>\n<li>Desmonte o cilindro com cuidado, come\u00e7ando por remover as tampas das extremidades ou os an\u00e9is de reten\u00e7\u00e3o.<\/li>\n<li>Libere a press\u00e3o dentro do cilindro retraindo completamente a haste.<\/li>\n<li>Anote a sequ\u00eancia dos componentes removidos para uma remontagem correta.<\/li>\n<\/ul>\n<\/li>\n<li><strong>Inspe\u00e7\u00e3o de componentes:<\/strong>\n<ul>\n<li>Inspecione todos os componentes do cilindro, incluindo a biela, o pist\u00e3o, os retentores e os mancais, procurando sinais de desgaste, danos ou corros\u00e3o.<\/li>\n<li>Me\u00e7a as dimens\u00f5es dos componentes cr\u00edticos, como o di\u00e2metro da haste e do furo, para garantir que estejam dentro das especifica\u00e7\u00f5es.<\/li>\n<li>Preste muita aten\u00e7\u00e3o ao estado das veda\u00e7\u00f5es e dos an\u00e9is de veda\u00e7\u00e3o, pois s\u00e3o causas comuns de problemas em cilindros hidr\u00e1ulicos.<\/li>\n<\/ul>\n<\/li>\n<li><strong>Substitui\u00e7\u00e3o de pe\u00e7as desgastadas ou danificadas:<\/strong>\n<ul>\n<li>Substitua quaisquer veda\u00e7\u00f5es, an\u00e9is de veda\u00e7\u00e3o ou outros componentes danificados identificados durante a inspe\u00e7\u00e3o.<\/li>\n<li>Certifique-se de que as pe\u00e7as de reposi\u00e7\u00e3o sejam compat\u00edveis com o modelo do cilindro e atendam \u00e0s especifica\u00e7\u00f5es exigidas.<\/li>\n<li>Lubrifique as novas veda\u00e7\u00f5es ou an\u00e9is de veda\u00e7\u00e3o com \u00f3leo hidr\u00e1ulico antes da instala\u00e7\u00e3o.<\/li>\n<\/ul>\n<\/li>\n<li><strong>Remontagem do cilindro:<\/strong>\n<ul>\n<li>Limpe cuidadosamente todos os componentes desmontados para remover qualquer sujeira ou res\u00edduo.<\/li>\n<li>Aplique uma fina camada de \u00f3leo hidr\u00e1ulico nos componentes durante a remontagem para proporcionar lubrifica\u00e7\u00e3o.<\/li>\n<li>Siga as instru\u00e7\u00f5es do fabricante ou o manual de reparo para garantir a remontagem correta dos fixadores e as especifica\u00e7\u00f5es de torque.<\/li>\n<\/ul>\n<\/li>\n<li><strong>Testes e Instala\u00e7\u00e3o:<\/strong>\n<ul>\n<li>Ap\u00f3s remontar o cilindro, teste seu funcionamento aplicando press\u00e3o hidr\u00e1ulica.<\/li>\n<li>Durante o teste, verifique se h\u00e1 vazamentos, ru\u00eddos anormais ou movimentos err\u00e1ticos.<\/li>\n<li>Se o cilindro funcionar sem problemas, ele poder\u00e1 ser reinstalado no equipamento ou sistema.<\/li>\n<\/ul>\n<\/li>\n<\/ol>\n<h2><strong>Aptid\u00e3o e capacidade da f\u00e1brica:<\/strong><\/h2>\n<h3>(1) Montagem<\/h3>\n<p>Temos uma plataforma de montagem de pesquisa e desenvolvimento independente de primeira classe. A oficina de produ\u00e7\u00e3o de cilindros hidr\u00e1ulicos tem quatro linhas de montagem semiautom\u00e1ticas de cilindros de eleva\u00e7\u00e3o e uma linha de montagem autom\u00e1tica de cilindros de inclina\u00e7\u00e3o, com uma capacidade de produ\u00e7\u00e3o anual projetada de 1 milh\u00e3o de pe\u00e7as. A oficina de cilindros especiais \u00e9 equipada com v\u00e1rias especifica\u00e7\u00f5es de um sistema de montagem de limpeza semiautom\u00e1tica com uma capacidade de produ\u00e7\u00e3o anual projetada de 200.000 pe\u00e7as e equipada com famosos equipamentos de usinagem CNC, um centro de usinagem, um equipamento especial de processamento de cilindros de alta precis\u00e3o, uma m\u00e1quina de solda robotizada, uma m\u00e1quina de limpeza autom\u00e1tica, uma m\u00e1quina de montagem autom\u00e1tica de cilindros e uma linha de produ\u00e7\u00e3o de pintura autom\u00e1tica. O equipamento cr\u00edtico existente \u00e9 de mais de 300 conjuntos (conjuntos). A aloca\u00e7\u00e3o ideal e o uso eficiente dos recursos do equipamento garantem os requisitos de precis\u00e3o dos produtos e atendem \u00e0s necessidades de alta qualidade dos produtos.<\/p>\n<p><img loading=\"lazy\" decoding=\"async\" class=\"alignnone wp-image-626\" src=\"https:\/\/hydraulic-cylinders.net\/wp-content\/uploads\/2023\/08\/hydraulic-cylinder-product-1-300x158.webp\" alt=\"\" width=\"495\" height=\"260\" srcset=\"https:\/\/hydraulic-cylinders.net\/wp-content\/uploads\/2023\/08\/hydraulic-cylinder-product-1-300x158.webp 495w, https:\/\/hydraulic-cylinders.net\/wp-content\/uploads\/2023\/08\/hydraulic-cylinder-product-1-480x252.webp 480w\" sizes=\"(min-width: 0px) and (max-width: 480px) 480px, (min-width: 481px) 495px, 100vw\" \/> <img loading=\"lazy\" decoding=\"async\" class=\"alignnone wp-image-627\" src=\"https:\/\/hydraulic-cylinders.net\/wp-content\/uploads\/2023\/08\/hydraulic-cylinder-product-2-300x189.webp\" alt=\"\" width=\"413\" height=\"260\" \/><\/p>\n<h3>(2) Usinagem<\/h3>\n<p>A oficina de usinagem \u00e9 equipada com um centro de torneamento de trilho inclinado personalizado, um centro de usinagem, uma m\u00e1quina de brunimento de alta velocidade, um rob\u00f4 de soldagem e outros equipamentos relacionados, que podem lidar com o processamento de tubos de cilindros com di\u00e2metro interno m\u00e1ximo de 400 mm e comprimento m\u00e1ximo de 6 metros.<\/p>\n<p><img loading=\"lazy\" decoding=\"async\" class=\"alignnone wp-image-628 size-large\" src=\"https:\/\/hydraulic-cylinders.net\/wp-content\/uploads\/2023\/08\/hydraulic-cylinder-product-3-1024x391.webp\" alt=\"\" width=\"1024\" height=\"391\" srcset=\"https:\/\/hydraulic-cylinders.net\/wp-content\/uploads\/2023\/08\/hydraulic-cylinder-product-3-980x374.webp 980w, https:\/\/hydraulic-cylinders.net\/wp-content\/uploads\/2023\/08\/hydraulic-cylinder-product-3-480x183.webp 480w\" sizes=\"(min-width: 0px) and (max-width: 480px) 480px, (min-width: 481px) and (max-width: 980px) 980px, (min-width: 981px) 1024px, 100vw\" \/><\/p>\n<h3>(3) Soldagem<\/h3>\n<p><img loading=\"lazy\" decoding=\"async\" class=\"alignnone wp-image-629 size-large\" src=\"https:\/\/hydraulic-cylinders.net\/wp-content\/uploads\/2023\/08\/hydraulic-cylinder-product-4-1024x510.webp\" alt=\"\" width=\"1024\" height=\"510\" srcset=\"https:\/\/hydraulic-cylinders.net\/wp-content\/uploads\/2023\/08\/hydraulic-cylinder-product-4-980x488.webp 980w, https:\/\/hydraulic-cylinders.net\/wp-content\/uploads\/2023\/08\/hydraulic-cylinder-product-4-480x239.webp 480w\" sizes=\"(min-width: 0px) and (max-width: 480px) 480px, (min-width: 481px) and (max-width: 980px) 980px, (min-width: 981px) 1024px, 100vw\" \/><\/p>\n<h3>(4) Pintura e revestimento<\/h3>\n<p>Com linhas de revestimento de tinta \u00e0 base de \u00e1gua autom\u00e1ticas de cilindros de pequeno e m\u00e9dio porte, para obter carregamento e descarregamento autom\u00e1ticos de rob\u00f4s e pulveriza\u00e7\u00e3o autom\u00e1tica, a capacidade projetada \u00e9 de 4.000 pe\u00e7as por turno;<br \/>\nTamb\u00e9m temos uma linha de produ\u00e7\u00e3o de tinta semiautom\u00e1tica para cilindros grandes, acionada por uma corrente el\u00e9trica, com capacidade de projeto de 60 caixas por turno.<\/p>\n<p><img loading=\"lazy\" decoding=\"async\" class=\"alignnone wp-image-630\" src=\"https:\/\/hydraulic-cylinders.net\/wp-content\/uploads\/2023\/08\/hydraulic-cylinder-product-5-300x213.webp\" alt=\"\" width=\"366\" height=\"260\" \/> <img loading=\"lazy\" decoding=\"async\" class=\"alignnone wp-image-631\" src=\"https:\/\/hydraulic-cylinders.net\/wp-content\/uploads\/2023\/08\/hydraulic-cylinder-product-6-300x225.webp\" alt=\"\" width=\"347\" height=\"260\" \/><\/p>\n<h3>(5) Testes<\/h3>\n<p>Temos instala\u00e7\u00f5es de inspe\u00e7\u00e3o e bancos de teste de primeira classe para garantir que o desempenho do cilindro atenda aos requisitos.<\/p>\n<p><img loading=\"lazy\" decoding=\"async\" class=\"alignnone wp-image-632\" src=\"https:\/\/hydraulic-cylinders.net\/wp-content\/uploads\/2023\/08\/hydraulic-cylinder-product-8-300x200.webp\" alt=\"\" width=\"389\" height=\"260\" \/><\/p>\n<p>&nbsp;<\/p>\n<p>&nbsp;<\/p>\n<p>Somos um dos melhores fabricantes de cilindros hidr\u00e1ulicos leves de quatro hastes. Oferecemos um estoque completo de cilindros hidr\u00e1ulicos leves de quatro hastes. Tamb\u00e9m fornecemos <a href=\"https:\/\/hzpt.com\/agricultural-pto-gearbox\/\" target=\"_blank\" rel=\"noopener\">caixas de c\u00e2mbio agr\u00edcolas<\/a>. Exportamos nossos produtos para clientes em todo o mundo e conquistamos uma boa reputa\u00e7\u00e3o devido \u00e0 qualidade superior de nossos produtos e ao servi\u00e7o p\u00f3s-venda. Damos as boas-vindas aos clientes nacionais e estrangeiros que queiram entrar em contato conosco para negociar neg\u00f3cios, trocar informa\u00e7\u00f5es e\u00a0<a href=\"https:\/\/www.hydraulic-cylinders.net\/pt\/contact-us\/\">cooperar conosco<\/a>!<\/p>\n<h2><\/h2>\n<h2><\/h2>\n<h2><\/h2>","protected":false},"excerpt":{"rendered":"<p>Rear Cover Trunnion Four Rod Hydraulic Cylinder The rear cover trunnion four rod hydraulic cylinder is a cutting-edge component designed to provide exceptional power, precise control, and unmatched performance in various industrial applications. With its innovative rear cover trunnion design and four rod configuration, this four rod hydraulic cylinder offers enhanced stability, durability, and load-bearing [&hellip;]<\/p>","protected":false},"featured_media":1039,"comment_status":"open","ping_status":"closed","template":"","meta":{"_et_pb_use_builder":"","_et_pb_old_content":"","_et_gb_content_width":""},"product_brand":[],"product_cat":[1376,1386],"product_tag":[1380],"class_list":{"0":"post-1012","1":"product","2":"type-product","3":"status-publish","4":"has-post-thumbnail","6":"product_cat-hydraulic-cylinder","7":"product_cat-four-rod-hydraulic-cylinder","8":"product_tag-hydraulic-cylinder","10":"first","11":"instock","12":"shipping-taxable","13":"product-type-simple"},"amp_enabled":true,"_links":{"self":[{"href":"https:\/\/www.hydraulic-cylinders.net\/pt\/wp-json\/wp\/v2\/product\/1012","targetHints":{"allow":["GET"]}}],"collection":[{"href":"https:\/\/www.hydraulic-cylinders.net\/pt\/wp-json\/wp\/v2\/product"}],"about":[{"href":"https:\/\/www.hydraulic-cylinders.net\/pt\/wp-json\/wp\/v2\/types\/product"}],"replies":[{"embeddable":true,"href":"https:\/\/www.hydraulic-cylinders.net\/pt\/wp-json\/wp\/v2\/comments?post=1012"}],"wp:featuredmedia":[{"embeddable":true,"href":"https:\/\/www.hydraulic-cylinders.net\/pt\/wp-json\/wp\/v2\/media\/1039"}],"wp:attachment":[{"href":"https:\/\/www.hydraulic-cylinders.net\/pt\/wp-json\/wp\/v2\/media?parent=1012"}],"wp:term":[{"taxonomy":"product_brand","embeddable":true,"href":"https:\/\/www.hydraulic-cylinders.net\/pt\/wp-json\/wp\/v2\/product_brand?post=1012"},{"taxonomy":"product_cat","embeddable":true,"href":"https:\/\/www.hydraulic-cylinders.net\/pt\/wp-json\/wp\/v2\/product_cat?post=1012"},{"taxonomy":"product_tag","embeddable":true,"href":"https:\/\/www.hydraulic-cylinders.net\/pt\/wp-json\/wp\/v2\/product_tag?post=1012"}],"curies":[{"name":"wp","href":"https:\/\/api.w.org\/{rel}","templated":true}]}}