{"id":1019,"date":"2023-09-07T03:16:54","date_gmt":"2023-09-07T03:16:54","guid":{"rendered":"https:\/\/hydraulic-cylinders.net\/?post_type=product&#038;p=1019"},"modified":"2023-09-19T01:36:32","modified_gmt":"2023-09-19T01:36:32","slug":"double-pistion-rod-hydraulic-cylinder","status":"publish","type":"product","link":"https:\/\/www.hydraulic-cylinders.net\/pt\/produto\/double-pistion-rod-hydraulic-cylinder\/","title":{"rendered":"Cilindro hidr\u00e1ulico com haste de pist\u00e3o duplo"},"content":{"rendered":"<h1 style=\"text-align: center;\"><strong>Cilindro hidr\u00e1ulico com haste de pist\u00e3o duplo<\/strong><\/h1>\n<p><img loading=\"lazy\" decoding=\"async\" class=\"size-full wp-image-1022 aligncenter\" src=\"https:\/\/hydraulic-cylinders.net\/wp-content\/uploads\/2023\/09\/double-piston-rod-hydraulic-cylinder-1-1.webp\" alt=\"\" width=\"281\" height=\"281\" srcset=\"https:\/\/www.hydraulic-cylinders.net\/wp-content\/uploads\/2023\/09\/double-piston-rod-hydraulic-cylinder-1-1.webp 281w, https:\/\/www.hydraulic-cylinders.net\/wp-content\/uploads\/2023\/09\/double-piston-rod-hydraulic-cylinder-1-1-100x100.webp 100w, https:\/\/www.hydraulic-cylinders.net\/wp-content\/uploads\/2023\/09\/double-piston-rod-hydraulic-cylinder-1-1-150x150.webp 150w, https:\/\/www.hydraulic-cylinders.net\/wp-content\/uploads\/2023\/09\/double-piston-rod-hydraulic-cylinder-1-1-12x12.webp 12w\" sizes=\"(max-width: 281px) 100vw, 281px\" \/><\/p>\n<p>O cilindro hidr\u00e1ulico com haste dupla \u00e9 um elemento hidr\u00e1ulico de \u00faltima gera\u00e7\u00e3o, projetado para fornecer pot\u00eancia, estabilidade e versatilidade superiores para uma ampla gama de aplica\u00e7\u00f5es industriais. Com sua configura\u00e7\u00e3o exclusiva de haste dupla, este cilindro hidr\u00e1ulico oferece maior capacidade de carga, controle preciso e desempenho confi\u00e1vel, tornando-se um recurso indispens\u00e1vel em sistemas hidr\u00e1ulicos exigentes.<\/p>\n<p>Caracter\u00edsticas essenciais do cilindro hidr\u00e1ulico de quatro hastes:<\/p>\n<p><strong>Configura\u00e7\u00e3o de haste de pist\u00e3o duplo:<\/strong><\/p>\n<ol>\n<li style=\"list-style-type: none;\">\n<ul>\n<li>A configura\u00e7\u00e3o de haste de pist\u00e3o duplo torna o cilindro hidr\u00e1ulico diferente do design tradicional, com maior estabilidade, capacidade de carga e resist\u00eancia \u00e0 carga lateral.<\/li>\n<li>Ele fornece uma distribui\u00e7\u00e3o sim\u00e9trica de for\u00e7as, garantindo um movimento equilibrado e preciso durante a opera\u00e7\u00e3o.<\/li>\n<\/ul>\n<\/li>\n<\/ol>\n<p><strong>Alta pot\u00eancia de sa\u00edda:<\/strong><\/p>\n<ol>\n<li style=\"list-style-type: none;\">\n<ul>\n<li>Este cilindro hidr\u00e1ulico tem uma pot\u00eancia impressionante, tornando-o adequado para aplica\u00e7\u00f5es que exigem muita pot\u00eancia e capacidade de eleva\u00e7\u00e3o.<\/li>\n<li>Ele fornece um impulso especial que lhe permite lidar facilmente com cargas pesadas.<\/li>\n<\/ul>\n<\/li>\n<\/ol>\n<p><strong>Controle e posicionamento precisos:<\/strong><\/p>\n<ol>\n<li style=\"list-style-type: none;\">\n<ul>\n<li>Cilindros hidr\u00e1ulicos de haste de pist\u00e3o duplo fornecem controle preciso sobre o movimento linear, garantindo posicionamento preciso e opera\u00e7\u00e3o suave.<\/li>\n<li>Ele oferece excelente controle de curso, permitindo que os operadores alcancem a velocidade e a precis\u00e3o necess\u00e1rias para tarefas espec\u00edficas.<\/li>\n<\/ul>\n<\/li>\n<\/ol>\n<p><strong>Aplica\u00e7\u00e3o vers\u00e1til:<\/strong><\/p>\n<ul>\n<li style=\"list-style-type: none;\">\n<ul>\n<li>Sua constru\u00e7\u00e3o robusta e design vers\u00e1til tornam este cilindro hidr\u00e1ulico adequado para v\u00e1rios setores e aplica\u00e7\u00f5es.<\/li>\n<li>Pode ser usado em m\u00e1quinas pesadas, equipamentos de constru\u00e7\u00e3o, sistemas de movimenta\u00e7\u00e3o de materiais, m\u00e1quinas agr\u00edcolas, etc.<\/li>\n<\/ul>\n<\/li>\n<\/ul>\n<h2><strong>Par\u00e2metro do cilindro hidr\u00e1ulico de haste de pist\u00e3o duplo:<\/strong><\/h2>\n<p><img loading=\"lazy\" decoding=\"async\" class=\"alignnone wp-image-1023 size-full\" src=\"https:\/\/hydraulic-cylinders.net\/wp-content\/uploads\/2023\/09\/double-piston-rod-hydraulic-cylinder-2.webp\" alt=\"\" width=\"654\" height=\"388\" srcset=\"https:\/\/hydraulic-cylinders.net\/wp-content\/uploads\/2023\/09\/double-piston-rod-hydraulic-cylinder-2.webp 654w, https:\/\/hydraulic-cylinders.net\/wp-content\/uploads\/2023\/09\/double-piston-rod-hydraulic-cylinder-2-480x285.webp 480w\" sizes=\"(min-width: 0px) and (max-width: 480px) 480px, (min-width: 481px) 654px, 100vw\" \/><\/p>\n<h2><strong>Cilindro hidr\u00e1ulico com haste de pist\u00e3o duplo <\/strong><strong>M\u00e9todo de uso<\/strong><strong>:<\/strong><\/h2>\n<p><strong>Montagem e instala\u00e7\u00e3o:<\/strong><\/p>\n<ol>\n<li style=\"list-style-type: none;\">\n<ul>\n<li>Considere os requisitos de carga e as restri\u00e7\u00f5es de espa\u00e7o para determinar o local de instala\u00e7\u00e3o apropriado do cilindro hidr\u00e1ulico dentro do sistema ou equipamento.<\/li>\n<li>Certifique-se de que a superf\u00edcie de montagem esteja limpa, nivelada e capaz de suportar o peso do cilindro.<\/li>\n<li>Fixe os cilindros usando parafusos ou fixadores recomendados de acordo com as diretrizes do fabricante.<\/li>\n<\/ul>\n<\/li>\n<\/ol>\n<p><strong>Conex\u00f5es hidr\u00e1ulicas:<\/strong><\/p>\n<ol>\n<li style=\"list-style-type: none;\">\n<ul>\n<li>Conecte a linha de alimenta\u00e7\u00e3o hidr\u00e1ulica \u00e0 porta do cilindro, garantindo a veda\u00e7\u00e3o adequada para evitar vazamentos.<\/li>\n<li>Siga as recomenda\u00e7\u00f5es do fabricante quanto ao tipo de \u00f3leo hidr\u00e1ulico e encha o sistema at\u00e9 o n\u00edvel recomendado.<\/li>\n<\/ul>\n<\/li>\n<\/ol>\n<p><strong>Opera\u00e7\u00e3o:<\/strong><\/p>\n<ul>\n<li style=\"list-style-type: none;\">\n<ul>\n<li>Ative o sistema hidr\u00e1ulico e controle o movimento do cilindro usando uma v\u00e1lvula de controle hidr\u00e1ulico ou outro mecanismo de controle adequado.<\/li>\n<li>Ajuste as configura\u00e7\u00f5es de fluxo e press\u00e3o para atingir a velocidade e a for\u00e7a de sa\u00edda desejadas.<\/li>\n<li>Monitore regularmente a opera\u00e7\u00e3o do cilindro para detectar comportamento anormal, como vazamento, superaquecimento ou ru\u00eddo incomum.<\/li>\n<\/ul>\n<\/li>\n<\/ul>\n<h2><strong>Cilindro hidr\u00e1ulico com haste de pist\u00e3o duplo <\/strong><strong>Manuten\u00e7\u00e3o<\/strong><strong>:<\/strong><\/h2>\n<p><strong>Inspe\u00e7\u00e3o regular:<\/strong><\/p>\n<ol>\n<li style=\"list-style-type: none;\">\n<ul>\n<li>Realize inspe\u00e7\u00f5es visuais de rotina para verificar sinais de desgaste, vazamento ou danos.<\/li>\n<li>Verifique se h\u00e1 anormalidades na haste do pist\u00e3o, nas veda\u00e7\u00f5es e nas conex\u00f5es de montagem e resolva qualquer problema imediatamente.<\/li>\n<\/ul>\n<\/li>\n<\/ol>\n<p><strong>Lubrifica\u00e7\u00e3o:<\/strong><\/p>\n<ol>\n<li style=\"list-style-type: none;\">\n<ul>\n<li>Siga as orienta\u00e7\u00f5es de intervalo de lubrifica\u00e7\u00e3o do fabricante e use o lubrificante recomendado para garantir uma opera\u00e7\u00e3o suave.<\/li>\n<li>Lubrifique as hastes dos pist\u00f5es, veda\u00e7\u00f5es e outras pe\u00e7as m\u00f3veis para minimizar o atrito e prolongar a vida \u00fatil do cilindro.<\/li>\n<\/ul>\n<\/li>\n<\/ol>\n<p><strong>Substitui\u00e7\u00e3o da veda\u00e7\u00e3o:<\/strong><\/p>\n<ul>\n<li style=\"list-style-type: none;\">\n<ul>\n<li>Com o tempo, as veda\u00e7\u00f5es podem se desgastar e precisar ser substitu\u00eddas. Se detectar um vazamento, remova cuidadosamente a veda\u00e7\u00e3o antiga e instale a nova de acordo com as especifica\u00e7\u00f5es do fabricante.<\/li>\n<\/ul>\n<\/li>\n<\/ul>\n<h2><strong>Cilindro hidr\u00e1ulico de quatro hastes tipo TB <\/strong><strong>Manuten\u00e7\u00e3o<\/strong><strong>:<\/strong><\/h2>\n<ol>\n<li><strong>Inspe\u00e7\u00e3o regular:<\/strong><\/li>\n<\/ol>\n<ul>\n<li>Inspecione periodicamente o cilindro para verificar se h\u00e1 vazamentos, danos ou desgaste excessivo.<\/li>\n<li>Verifique a condi\u00e7\u00e3o das veda\u00e7\u00f5es, hastes e componentes de montagem e substitua quaisquer pe\u00e7as desgastadas ou danificadas.<\/li>\n<\/ul>\n<ol start=\"2\">\n<li><strong>Lubrifica\u00e7\u00e3o:<\/strong><\/li>\n<\/ol>\n<ul>\n<li>Siga as recomenda\u00e7\u00f5es do fabricante quanto aos intervalos de lubrifica\u00e7\u00e3o e use \u00f3leo hidr\u00e1ulico ou graxa de alta qualidade, adequados \u00e0s especifica\u00e7\u00f5es do cilindro.<\/li>\n<li>Aplique lubrifica\u00e7\u00e3o na haste, nas veda\u00e7\u00f5es e em outras pe\u00e7as m\u00f3veis para minimizar o atrito e garantir uma opera\u00e7\u00e3o suave.<\/li>\n<\/ul>\n<ol start=\"3\">\n<li><strong>Limpeza:<\/strong><\/li>\n<\/ol>\n<ul>\n<li>Mantenha o cilindro e a \u00e1rea ao redor limpos e livres de detritos, poeira ou contaminantes que afetem seu desempenho.<\/li>\n<li>Use um agente de limpeza suave e um pano macio para limpar as superf\u00edcies externas do cilindro.<\/li>\n<\/ul>\n<h2><strong>Aptid\u00e3o e capacidade da f\u00e1brica:<\/strong><\/h2>\n<h3>(1) Montagem<\/h3>\n<p>Temos uma plataforma de montagem de pesquisa e desenvolvimento independente de primeira classe. A oficina de produ\u00e7\u00e3o de cilindros hidr\u00e1ulicos tem quatro linhas de montagem semiautom\u00e1ticas de cilindros de eleva\u00e7\u00e3o e uma linha de montagem autom\u00e1tica de cilindros de inclina\u00e7\u00e3o, com uma capacidade de produ\u00e7\u00e3o anual projetada de 1 milh\u00e3o de pe\u00e7as. A oficina de cilindros especiais \u00e9 equipada com v\u00e1rias especifica\u00e7\u00f5es de um sistema de montagem de limpeza semiautom\u00e1tica com uma capacidade de produ\u00e7\u00e3o anual projetada de 200.000 pe\u00e7as e equipada com famosos equipamentos de usinagem CNC, um centro de usinagem, um equipamento especial de processamento de cilindros de alta precis\u00e3o, uma m\u00e1quina de solda robotizada, uma m\u00e1quina de limpeza autom\u00e1tica, uma m\u00e1quina de montagem autom\u00e1tica de cilindros e uma linha de produ\u00e7\u00e3o de pintura autom\u00e1tica. O equipamento cr\u00edtico existente \u00e9 de mais de 300 conjuntos (conjuntos). A aloca\u00e7\u00e3o ideal e o uso eficiente dos recursos do equipamento garantem os requisitos de precis\u00e3o dos produtos e atendem \u00e0s necessidades de alta qualidade dos produtos.<\/p>\n<p><img loading=\"lazy\" decoding=\"async\" class=\"alignnone wp-image-626\" src=\"https:\/\/hydraulic-cylinders.net\/wp-content\/uploads\/2023\/08\/hydraulic-cylinder-product-1-300x158.webp\" alt=\"\" width=\"495\" height=\"260\" srcset=\"https:\/\/hydraulic-cylinders.net\/wp-content\/uploads\/2023\/08\/hydraulic-cylinder-product-1-300x158.webp 495w, https:\/\/hydraulic-cylinders.net\/wp-content\/uploads\/2023\/08\/hydraulic-cylinder-product-1-480x252.webp 480w\" sizes=\"(min-width: 0px) and (max-width: 480px) 480px, (min-width: 481px) 495px, 100vw\" \/> <img loading=\"lazy\" decoding=\"async\" class=\"alignnone wp-image-627\" src=\"https:\/\/hydraulic-cylinders.net\/wp-content\/uploads\/2023\/08\/hydraulic-cylinder-product-2-300x189.webp\" alt=\"\" width=\"413\" height=\"260\" \/><\/p>\n<h3>(2) Usinagem<\/h3>\n<p>A oficina de usinagem \u00e9 equipada com um centro de torneamento de trilho inclinado personalizado, um centro de usinagem, uma m\u00e1quina de brunimento de alta velocidade, um rob\u00f4 de soldagem e outros equipamentos relacionados, que podem lidar com o processamento de tubos de cilindros com di\u00e2metro interno m\u00e1ximo de 400 mm e comprimento m\u00e1ximo de 6 metros.<\/p>\n<p><img loading=\"lazy\" decoding=\"async\" class=\"alignnone wp-image-628 size-large\" src=\"https:\/\/hydraulic-cylinders.net\/wp-content\/uploads\/2023\/08\/hydraulic-cylinder-product-3-1024x391.webp\" alt=\"\" width=\"1024\" height=\"391\" srcset=\"https:\/\/hydraulic-cylinders.net\/wp-content\/uploads\/2023\/08\/hydraulic-cylinder-product-3-980x374.webp 980w, https:\/\/hydraulic-cylinders.net\/wp-content\/uploads\/2023\/08\/hydraulic-cylinder-product-3-480x183.webp 480w\" sizes=\"(min-width: 0px) and (max-width: 480px) 480px, (min-width: 481px) and (max-width: 980px) 980px, (min-width: 981px) 1024px, 100vw\" \/><\/p>\n<h3>(3) Soldagem<\/h3>\n<p><img loading=\"lazy\" decoding=\"async\" class=\"alignnone wp-image-629 size-large\" src=\"https:\/\/hydraulic-cylinders.net\/wp-content\/uploads\/2023\/08\/hydraulic-cylinder-product-4-1024x510.webp\" alt=\"\" width=\"1024\" height=\"510\" srcset=\"https:\/\/hydraulic-cylinders.net\/wp-content\/uploads\/2023\/08\/hydraulic-cylinder-product-4-980x488.webp 980w, https:\/\/hydraulic-cylinders.net\/wp-content\/uploads\/2023\/08\/hydraulic-cylinder-product-4-480x239.webp 480w\" sizes=\"(min-width: 0px) and (max-width: 480px) 480px, (min-width: 481px) and (max-width: 980px) 980px, (min-width: 981px) 1024px, 100vw\" \/><\/p>\n<h3>(4) Pintura e revestimento<\/h3>\n<p>Com linhas de revestimento de tinta \u00e0 base de \u00e1gua autom\u00e1ticas de cilindros de pequeno e m\u00e9dio porte, para obter carregamento e descarregamento autom\u00e1ticos de rob\u00f4s e pulveriza\u00e7\u00e3o autom\u00e1tica, a capacidade projetada \u00e9 de 4.000 pe\u00e7as por turno;<br \/>\nTamb\u00e9m temos uma linha de produ\u00e7\u00e3o de tinta semiautom\u00e1tica para cilindros grandes, acionada por uma corrente el\u00e9trica, com capacidade de projeto de 60 caixas por turno.<\/p>\n<p><img loading=\"lazy\" decoding=\"async\" class=\"alignnone wp-image-630\" src=\"https:\/\/hydraulic-cylinders.net\/wp-content\/uploads\/2023\/08\/hydraulic-cylinder-product-5-300x213.webp\" alt=\"\" width=\"366\" height=\"260\" \/> <img loading=\"lazy\" decoding=\"async\" class=\"alignnone wp-image-631\" src=\"https:\/\/hydraulic-cylinders.net\/wp-content\/uploads\/2023\/08\/hydraulic-cylinder-product-6-300x225.webp\" alt=\"\" width=\"347\" height=\"260\" \/><\/p>\n<h3>(5) Testes<\/h3>\n<p>Temos instala\u00e7\u00f5es de inspe\u00e7\u00e3o e bancos de teste de primeira classe para garantir que o desempenho do cilindro atenda aos requisitos.<\/p>\n<p><img loading=\"lazy\" decoding=\"async\" class=\"alignnone wp-image-632\" src=\"https:\/\/hydraulic-cylinders.net\/wp-content\/uploads\/2023\/08\/hydraulic-cylinder-product-8-300x200.webp\" alt=\"\" width=\"389\" height=\"260\" \/><\/p>\n<p>&nbsp;<\/p>\n<p>&nbsp;<\/p>\n<p>Somos um dos melhores fabricantes de cilindros hidr\u00e1ulicos leves de quatro hastes. Oferecemos um estoque completo de cilindros hidr\u00e1ulicos leves de quatro hastes. Tamb\u00e9m fornecemos <a href=\"https:\/\/hzpt.com\/agricultural-pto-gearbox\/\" target=\"_blank\" rel=\"noopener\">caixas de c\u00e2mbio agr\u00edcolas<\/a>. Exportamos nossos produtos para clientes em todo o mundo e conquistamos uma boa reputa\u00e7\u00e3o devido \u00e0 qualidade superior de nossos produtos e ao servi\u00e7o p\u00f3s-venda. Damos as boas-vindas aos clientes nacionais e estrangeiros que queiram entrar em contato conosco para negociar neg\u00f3cios, trocar informa\u00e7\u00f5es e\u00a0<a href=\"https:\/\/www.hydraulic-cylinders.net\/pt\/contact-us\/\">cooperar conosco<\/a>!<\/p>\n<h2><\/h2>\n<h2><\/h2>","protected":false},"excerpt":{"rendered":"<p>Double Piston Rod Hydraulic Cylinder The double piston rod hydraulic cylinder is a cutting-edge hydraulic element designed to provide superior power, stability, and versatility for a wide range of industrial applications. With its unique dual piston rod configuration, this hydraulic cylinder offers enhanced load-carrying capacity, precise control, and reliable performance, making it an indispensable asset [&hellip;]<\/p>","protected":false},"featured_media":1024,"comment_status":"open","ping_status":"closed","template":"","meta":{"_et_pb_use_builder":"","_et_pb_old_content":"","_et_gb_content_width":""},"product_brand":[],"product_cat":[1376,1386],"product_tag":[1380],"class_list":{"0":"post-1019","1":"product","2":"type-product","3":"status-publish","4":"has-post-thumbnail","6":"product_cat-hydraulic-cylinder","7":"product_cat-four-rod-hydraulic-cylinder","8":"product_tag-hydraulic-cylinder","10":"first","11":"instock","12":"shipping-taxable","13":"product-type-simple"},"amp_enabled":true,"_links":{"self":[{"href":"https:\/\/www.hydraulic-cylinders.net\/pt\/wp-json\/wp\/v2\/product\/1019","targetHints":{"allow":["GET"]}}],"collection":[{"href":"https:\/\/www.hydraulic-cylinders.net\/pt\/wp-json\/wp\/v2\/product"}],"about":[{"href":"https:\/\/www.hydraulic-cylinders.net\/pt\/wp-json\/wp\/v2\/types\/product"}],"replies":[{"embeddable":true,"href":"https:\/\/www.hydraulic-cylinders.net\/pt\/wp-json\/wp\/v2\/comments?post=1019"}],"wp:featuredmedia":[{"embeddable":true,"href":"https:\/\/www.hydraulic-cylinders.net\/pt\/wp-json\/wp\/v2\/media\/1024"}],"wp:attachment":[{"href":"https:\/\/www.hydraulic-cylinders.net\/pt\/wp-json\/wp\/v2\/media?parent=1019"}],"wp:term":[{"taxonomy":"product_brand","embeddable":true,"href":"https:\/\/www.hydraulic-cylinders.net\/pt\/wp-json\/wp\/v2\/product_brand?post=1019"},{"taxonomy":"product_cat","embeddable":true,"href":"https:\/\/www.hydraulic-cylinders.net\/pt\/wp-json\/wp\/v2\/product_cat?post=1019"},{"taxonomy":"product_tag","embeddable":true,"href":"https:\/\/www.hydraulic-cylinders.net\/pt\/wp-json\/wp\/v2\/product_tag?post=1019"}],"curies":[{"name":"wp","href":"https:\/\/api.w.org\/{rel}","templated":true}]}}