{"id":1105,"date":"2023-09-11T07:55:14","date_gmt":"2023-09-11T07:55:14","guid":{"rendered":"https:\/\/hydraulic-cylinders.net\/?post_type=product&#038;p=1105"},"modified":"2023-09-19T02:17:30","modified_gmt":"2023-09-19T02:17:30","slug":"piston-rod-end-with-external-thread-connection-engineering-hydraulic-cylinder","status":"publish","type":"product","link":"https:\/\/www.hydraulic-cylinders.net\/pt\/produto\/piston-rod-end-with-external-thread-connection-engineering-hydraulic-cylinder\/","title":{"rendered":"Extremidade da haste do pist\u00e3o com conex\u00e3o de rosca externa Cilindro hidr\u00e1ulico de engenharia"},"content":{"rendered":"<h1 style=\"text-align: center;\"><strong>Extremidade da haste do pist\u00e3o com conex\u00e3o de rosca externa Cilindro hidr\u00e1ulico de engenharia<\/strong><\/h1>\n<p>A extremidade da haste do pist\u00e3o com conex\u00e3o roscada externa est\u00e1 localizada na extremidade da haste do pist\u00e3o do cilindro hidr\u00e1ulico. Geralmente possui se\u00e7\u00f5es roscadas que permitem a fixa\u00e7\u00e3o segura de diversos componentes, como suportes de montagem, fixadores ou outras estruturas de suporte de carga.<\/p>\n<p>O cilindro hidr\u00e1ulico de engenharia da s\u00e9rie HSG \u00e9 um cilindro hidr\u00e1ulico de dupla a\u00e7\u00e3o com haste de pist\u00e3o. O modo de instala\u00e7\u00e3o adota o tipo de fixa\u00e7\u00e3o por brinco. De acordo com a conex\u00e3o entre a cabe\u00e7a do cilindro e o bloco do cilindro, existem tr\u00eas tipos de conex\u00e3o: rosca externa, conex\u00e3o interna por encaixe e conex\u00e3o flangeada. O cilindro hidr\u00e1ulico de engenharia \u00e9 usado principalmente em sistemas hidr\u00e1ulicos de constru\u00e7\u00e3o, eleva\u00e7\u00e3o, minera\u00e7\u00e3o e outros.<\/p>\n<p><img loading=\"lazy\" decoding=\"async\" class=\"aligncenter wp-image-1106\" src=\"https:\/\/hydraulic-cylinders.net\/wp-content\/uploads\/2023\/09\/hsg-hydraulic-cylinder-3-1-300x300.webp\" alt=\"\" width=\"400\" height=\"400\" \/><\/p>\n<h2><strong>Par\u00e2metros do cilindro hidr\u00e1ulico da HSG Engineering<\/strong><strong>:<\/strong><\/h2>\n<p><img loading=\"lazy\" decoding=\"async\" class=\"alignnone wp-image-1107 size-full\" src=\"https:\/\/hydraulic-cylinders.net\/wp-content\/uploads\/2023\/09\/hsg-engineering-hydraulic-cylinder-parameter-1-scaled.webp\" alt=\"\" width=\"2560\" height=\"1848\" srcset=\"https:\/\/hydraulic-cylinders.net\/wp-content\/uploads\/2023\/09\/hsg-engineering-hydraulic-cylinder-parameter-1-scaled.webp 2560w, https:\/\/hydraulic-cylinders.net\/wp-content\/uploads\/2023\/09\/hsg-engineering-hydraulic-cylinder-parameter-1-1280x924.webp 1280w, https:\/\/hydraulic-cylinders.net\/wp-content\/uploads\/2023\/09\/hsg-engineering-hydraulic-cylinder-parameter-1-980x707.webp 980w, https:\/\/hydraulic-cylinders.net\/wp-content\/uploads\/2023\/09\/hsg-engineering-hydraulic-cylinder-parameter-1-480x347.webp 480w\" sizes=\"(min-width: 0px) and (max-width: 480px) 480px, (min-width: 481px) and (max-width: 980px) 980px, (min-width: 981px) and (max-width: 1280px) 1280px, (min-width: 1281px) 2560px, 100vw\" \/> <img loading=\"lazy\" decoding=\"async\" class=\"alignnone wp-image-1108 size-full\" src=\"https:\/\/hydraulic-cylinders.net\/wp-content\/uploads\/2023\/09\/hsg-engineering-hydraulic-cylinder-parameter-2-scaled.webp\" alt=\"\" width=\"2269\" height=\"2560\" srcset=\"https:\/\/hydraulic-cylinders.net\/wp-content\/uploads\/2023\/09\/hsg-engineering-hydraulic-cylinder-parameter-2-scaled.webp 2269w, https:\/\/hydraulic-cylinders.net\/wp-content\/uploads\/2023\/09\/hsg-engineering-hydraulic-cylinder-parameter-2-1280x1444.webp 1280w, https:\/\/hydraulic-cylinders.net\/wp-content\/uploads\/2023\/09\/hsg-engineering-hydraulic-cylinder-parameter-2-980x1106.webp 980w, https:\/\/hydraulic-cylinders.net\/wp-content\/uploads\/2023\/09\/hsg-engineering-hydraulic-cylinder-parameter-2-480x542.webp 480w\" sizes=\"(min-width: 0px) and (max-width: 480px) 480px, (min-width: 481px) and (max-width: 980px) 980px, (min-width: 981px) and (max-width: 1280px) 1280px, (min-width: 1281px) 2269px, 100vw\" \/> <img loading=\"lazy\" decoding=\"async\" class=\"alignnone wp-image-1109 size-full\" src=\"https:\/\/hydraulic-cylinders.net\/wp-content\/uploads\/2023\/09\/hsg-engineering-hydraulic-cylinder-parameter-3-scaled.webp\" alt=\"\" width=\"2112\" height=\"2560\" srcset=\"https:\/\/hydraulic-cylinders.net\/wp-content\/uploads\/2023\/09\/hsg-engineering-hydraulic-cylinder-parameter-3-scaled.webp 2112w, https:\/\/hydraulic-cylinders.net\/wp-content\/uploads\/2023\/09\/hsg-engineering-hydraulic-cylinder-parameter-3-1280x1552.webp 1280w, https:\/\/hydraulic-cylinders.net\/wp-content\/uploads\/2023\/09\/hsg-engineering-hydraulic-cylinder-parameter-3-980x1188.webp 980w, https:\/\/hydraulic-cylinders.net\/wp-content\/uploads\/2023\/09\/hsg-engineering-hydraulic-cylinder-parameter-3-480x582.webp 480w\" sizes=\"(min-width: 0px) and (max-width: 480px) 480px, (min-width: 481px) and (max-width: 980px) 980px, (min-width: 981px) and (max-width: 1280px) 1280px, (min-width: 1281px) 2112px, 100vw\" \/><\/p>\n<h2><strong>Cilindro hidr\u00e1ulico da HSG Engineering <\/strong><strong>Vantagens<\/strong><strong>:<\/strong><\/h2>\n<p>A extremidade da haste do pist\u00e3o com conex\u00e3o roscada externa oferece diversas vantagens na engenharia de cilindros hidr\u00e1ulicos:<\/p>\n<ol>\n<li>Versatilidade:\n<ul>\n<li>As conex\u00f5es roscadas oferecem a flexibilidade de conectar v\u00e1rios componentes ou estruturas de suporte de carga, permitindo personaliza\u00e7\u00e3o e adapta\u00e7\u00e3o a diferentes requisitos de aplica\u00e7\u00e3o.<\/li>\n<\/ul>\n<\/li>\n<li>Fixa\u00e7\u00e3o segura:\n<ul>\n<li>As roscas externas garantem uma conex\u00e3o segura e confi\u00e1vel, minimizando o risco de afrouxamento ou desprendimento durante a opera\u00e7\u00e3o.<\/li>\n<li>Isso aumenta a seguran\u00e7a e a estabilidade dos conjuntos de cilindros hidr\u00e1ulicos, especialmente em aplica\u00e7\u00f5es exigentes ou de alta resist\u00eancia.<\/li>\n<\/ul>\n<\/li>\n<li>Facilidade de manuten\u00e7\u00e3o e substitui\u00e7\u00e3o:\n<ul>\n<li>As conex\u00f5es roscadas externas simplificam a manuten\u00e7\u00e3o e a substitui\u00e7\u00e3o de pe\u00e7as, permitindo uma desmontagem e remontagem r\u00e1pidas.<\/li>\n<li>Isso ajuda a inspecionar, reparar ou substituir pe\u00e7as danificadas ou desgastadas, reduzindo o tempo de inatividade e melhorando a efici\u00eancia geral do sistema.<\/li>\n<\/ul>\n<\/li>\n<\/ol>\n<h2><strong>Cilindro hidr\u00e1ulico da HSG Engineering<\/strong><strong> Aplica\u00e7\u00f5es:<\/strong><\/h2>\n<p>A conex\u00e3o de rosca externa na extremidade da haste do pist\u00e3o oferece versatilidade e conveni\u00eancia em diversas aplica\u00e7\u00f5es de engenharia, incluindo:<\/p>\n<ol>\n<li><strong>Suportes e fixadores de montagem:<\/strong>\n<ul>\n<li>A conex\u00e3o roscada permite a fixa\u00e7\u00e3o de suportes ou bra\u00e7adeiras de montagem ao cilindro hidr\u00e1ulico.<\/li>\n<li>Esses suportes ou bra\u00e7adeiras proporcionam estabilidade e refor\u00e7o estrutural adicionais ao conjunto do cilindro, garantindo o alinhamento correto e a distribui\u00e7\u00e3o adequada da carga.<\/li>\n<\/ul>\n<\/li>\n<li><strong>Mecanismos de liga\u00e7\u00e3o:<\/strong>\n<ul>\n<li>As roscas externas permitem a conex\u00e3o de mecanismos de biela, como ranhuras ou juntas esf\u00e9ricas, \u00e0 extremidade da haste.<\/li>\n<li>Essas conex\u00f5es facilitam a transfer\u00eancia de for\u00e7a e movimento entre cilindros hidr\u00e1ulicos e outros componentes mec\u00e2nicos, permitindo movimentos controlados e posicionamento preciso.<\/li>\n<\/ul>\n<\/li>\n<li><strong>Estruturas de suporte de carga:<\/strong>\n<ul>\n<li>Os fixadores de conex\u00e3o roscada prendem a estrutura ou equipamento de suporte de carga diretamente \u00e0 extremidade da haste do pist\u00e3o.<\/li>\n<li>Isso permite que o cilindro hidr\u00e1ulico aplique for\u00e7a e suporte o peso de objetos externos ou m\u00e1quinas, tornando-o adequado para levantar, empurrar ou puxar objetos pesados.<\/li>\n<\/ul>\n<\/li>\n<\/ol>\n<h2><strong>Como reembalar um cilindro hidr\u00e1ulico?<\/strong><\/h2>\n<p>Repacking a hydraulic cylinder involves replacing the seals and other components that may have worn out or damaged over time. Here&#8217;s a general step-by-step guide on how to repack a hydraulic cylinder:<\/p>\n<ol>\n<li><strong>Prepara\u00e7\u00e3o:<\/strong>\n<ul>\n<li>Certifique-se de que o sistema hidr\u00e1ulico esteja despressurizado e o cilindro esteja totalmente retra\u00eddo.<\/li>\n<li>Re\u00fana as ferramentas necess\u00e1rias e as veda\u00e7\u00f5es de substitui\u00e7\u00e3o ou kits de veda\u00e7\u00e3o para o modelo do seu cilindro.<\/li>\n<li>Consult the manufacturer&#8217;s documentation or service manual for specific instructions or precautions.<\/li>\n<\/ul>\n<\/li>\n<li><strong>Remova o cilindro:<\/strong>\n<ul>\n<li>Desconecte todas as linhas ou conex\u00f5es hidr\u00e1ulicas ligadas ao cilindro.<\/li>\n<li>Remova quaisquer suportes ou componentes de montagem que possam estar fixados ao cilindro.<\/li>\n<li>Desencaixe cuidadosamente o cilindro do equipamento ou da m\u00e1quina em que est\u00e1 instalado.<\/li>\n<\/ul>\n<\/li>\n<li><strong>Desmonte o cilindro:<\/strong>\n<ul>\n<li>Segure firmemente o cilindro e remova a tampa ou a cabe\u00e7a da haste do pist\u00e3o utilizando as ferramentas apropriadas.<\/li>\n<li>Extraia o pist\u00e3o, a haste do pist\u00e3o e os componentes relacionados do cilindro.<\/li>\n<li>Inspecione os componentes para verificar se h\u00e1 sinais de desgaste, danos ou corros\u00e3o.<\/li>\n<\/ul>\n<\/li>\n<li><strong>Remova os lacres antigos:<\/strong>\n<ul>\n<li>Localize e remova as veda\u00e7\u00f5es antigas, incluindo as veda\u00e7\u00f5es do pist\u00e3o, as veda\u00e7\u00f5es da biela e quaisquer outras veda\u00e7\u00f5es no cilindro.<\/li>\n<li>Limpe cuidadosamente as ranhuras de veda\u00e7\u00e3o e as superf\u00edcies internas do cilindro e da haste do pist\u00e3o.<\/li>\n<\/ul>\n<\/li>\n<li><strong>Instalar novas veda\u00e7\u00f5es:<\/strong>\n<ul>\n<li>Lubrifique as novas veda\u00e7\u00f5es com um fluido hidr\u00e1ulico ou selante compat\u00edvel, conforme recomendado pelo fabricante.<\/li>\n<li>Instale as novas veda\u00e7\u00f5es em seus respectivos sulcos, garantindo a orienta\u00e7\u00e3o e o alinhamento corretos.<\/li>\n<li>Utilize ferramentas de instala\u00e7\u00e3o de veda\u00e7\u00e3o ou m\u00e9todos improvisados \u200b\u200badequados para evitar danos \u00e0 veda\u00e7\u00e3o durante a instala\u00e7\u00e3o.<\/li>\n<\/ul>\n<\/li>\n<li><strong>Remonte o cilindro:<\/strong>\n<ul>\n<li>Reinstale o pist\u00e3o, a haste do pist\u00e3o e os componentes relacionados no cilindro.<\/li>\n<li>Aplique uma fina camada de fluido hidr\u00e1ulico ou lubrificante nas superf\u00edcies internas do cilindro e da haste do pist\u00e3o.<\/li>\n<li>Carefully reattach the piston rod end cap or head, ensuring proper alignment and tightening to the manufacturer&#8217;s specifications.<\/li>\n<\/ul>\n<\/li>\n<li><strong>Teste e reinstale o cilindro:<\/strong>\n<ul>\n<li>Reconecte todas as linhas ou conex\u00f5es hidr\u00e1ulicas ao cilindro.<\/li>\n<li>Reinstale cuidadosamente o cilindro no equipamento ou m\u00e1quina, garantindo o alinhamento e a montagem corretos.<\/li>\n<li>Aumente a press\u00e3o do sistema hidr\u00e1ulico lentamente e verifique se h\u00e1 vazamentos ou funcionamento anormal.<\/li>\n<li>Estenda e retraia completamente o cilindro para garantir o funcionamento adequado.<\/li>\n<\/ul>\n<\/li>\n<li><strong>Manuten\u00e7\u00e3o e testes:<\/strong>\n<ul>\n<li>Inspecione e fa\u00e7a a manuten\u00e7\u00e3o regular do cilindro hidr\u00e1ulico para garantir o desempenho ideal e evitar falhas prematuras da veda\u00e7\u00e3o.<\/li>\n<li>Fique atento a quaisquer sinais de vazamentos, desgaste excessivo ou outros problemas e resolva-os imediatamente.<\/li>\n<li>Realize testes e ajustes peri\u00f3dicos conforme recomendado pelo fabricante ou com base nos requisitos espec\u00edficos da aplica\u00e7\u00e3o.<\/li>\n<\/ul>\n<\/li>\n<\/ol>\n<h2><strong>Aptid\u00e3o e capacidade da f\u00e1brica:<\/strong><\/h2>\n<h3>(1) Montagem<\/h3>\n<p>Temos uma plataforma de montagem de pesquisa e desenvolvimento independente de primeira classe. A oficina de produ\u00e7\u00e3o de cilindros hidr\u00e1ulicos tem quatro linhas de montagem semiautom\u00e1ticas de cilindros de eleva\u00e7\u00e3o e uma linha de montagem autom\u00e1tica de cilindros de inclina\u00e7\u00e3o, com uma capacidade de produ\u00e7\u00e3o anual projetada de 1 milh\u00e3o de pe\u00e7as. A oficina de cilindros especiais \u00e9 equipada com v\u00e1rias especifica\u00e7\u00f5es de um sistema de montagem de limpeza semiautom\u00e1tica com uma capacidade de produ\u00e7\u00e3o anual projetada de 200.000 pe\u00e7as e equipada com famosos equipamentos de usinagem CNC, um centro de usinagem, um equipamento especial de processamento de cilindros de alta precis\u00e3o, uma m\u00e1quina de solda robotizada, uma m\u00e1quina de limpeza autom\u00e1tica, uma m\u00e1quina de montagem autom\u00e1tica de cilindros e uma linha de produ\u00e7\u00e3o de pintura autom\u00e1tica. O equipamento cr\u00edtico existente \u00e9 de mais de 300 conjuntos (conjuntos). A aloca\u00e7\u00e3o ideal e o uso eficiente dos recursos do equipamento garantem os requisitos de precis\u00e3o dos produtos e atendem \u00e0s necessidades de alta qualidade dos produtos.<\/p>\n<p><img loading=\"lazy\" decoding=\"async\" class=\"alignnone wp-image-626\" src=\"https:\/\/hydraulic-cylinders.net\/wp-content\/uploads\/2023\/08\/hydraulic-cylinder-product-1-300x158.webp\" alt=\"\" width=\"495\" height=\"260\" srcset=\"https:\/\/hydraulic-cylinders.net\/wp-content\/uploads\/2023\/08\/hydraulic-cylinder-product-1-300x158.webp 495w, https:\/\/hydraulic-cylinders.net\/wp-content\/uploads\/2023\/08\/hydraulic-cylinder-product-1-480x252.webp 480w\" sizes=\"(min-width: 0px) and (max-width: 480px) 480px, (min-width: 481px) 495px, 100vw\" \/> <img loading=\"lazy\" decoding=\"async\" class=\"alignnone wp-image-627\" src=\"https:\/\/hydraulic-cylinders.net\/wp-content\/uploads\/2023\/08\/hydraulic-cylinder-product-2-300x189.webp\" alt=\"\" width=\"413\" height=\"260\" \/><\/p>\n<h3>(2) Usinagem<\/h3>\n<p>A oficina de usinagem \u00e9 equipada com um centro de torneamento de trilho inclinado personalizado, um centro de usinagem, uma m\u00e1quina de brunimento de alta velocidade, um rob\u00f4 de soldagem e outros equipamentos relacionados, que podem lidar com o processamento de tubos de cilindros com di\u00e2metro interno m\u00e1ximo de 400 mm e comprimento m\u00e1ximo de 6 metros.<\/p>\n<p><img loading=\"lazy\" decoding=\"async\" class=\"alignnone wp-image-628 size-large\" src=\"https:\/\/hydraulic-cylinders.net\/wp-content\/uploads\/2023\/08\/hydraulic-cylinder-product-3-1024x391.webp\" alt=\"\" width=\"1024\" height=\"391\" srcset=\"https:\/\/hydraulic-cylinders.net\/wp-content\/uploads\/2023\/08\/hydraulic-cylinder-product-3-980x374.webp 980w, https:\/\/hydraulic-cylinders.net\/wp-content\/uploads\/2023\/08\/hydraulic-cylinder-product-3-480x183.webp 480w\" sizes=\"(min-width: 0px) and (max-width: 480px) 480px, (min-width: 481px) and (max-width: 980px) 980px, (min-width: 981px) 1024px, 100vw\" \/><\/p>\n<h3>(3) Soldagem<\/h3>\n<p><img loading=\"lazy\" decoding=\"async\" class=\"alignnone wp-image-629 size-large\" src=\"https:\/\/hydraulic-cylinders.net\/wp-content\/uploads\/2023\/08\/hydraulic-cylinder-product-4-1024x510.webp\" alt=\"\" width=\"1024\" height=\"510\" srcset=\"https:\/\/hydraulic-cylinders.net\/wp-content\/uploads\/2023\/08\/hydraulic-cylinder-product-4-980x488.webp 980w, https:\/\/hydraulic-cylinders.net\/wp-content\/uploads\/2023\/08\/hydraulic-cylinder-product-4-480x239.webp 480w\" sizes=\"(min-width: 0px) and (max-width: 480px) 480px, (min-width: 481px) and (max-width: 980px) 980px, (min-width: 981px) 1024px, 100vw\" \/><\/p>\n<h3>(4) Pintura e revestimento<\/h3>\n<p>Com linhas de revestimento de tinta \u00e0 base de \u00e1gua autom\u00e1ticas de cilindros de pequeno e m\u00e9dio porte, para obter carregamento e descarregamento autom\u00e1ticos de rob\u00f4s e pulveriza\u00e7\u00e3o autom\u00e1tica, a capacidade projetada \u00e9 de 4.000 pe\u00e7as por turno;<br \/>\nTamb\u00e9m temos uma linha de produ\u00e7\u00e3o de tinta semiautom\u00e1tica para cilindros grandes, acionada por uma corrente el\u00e9trica, com capacidade de projeto de 60 caixas por turno.<\/p>\n<p><img loading=\"lazy\" decoding=\"async\" class=\"alignnone wp-image-630\" src=\"https:\/\/hydraulic-cylinders.net\/wp-content\/uploads\/2023\/08\/hydraulic-cylinder-product-5-300x213.webp\" alt=\"\" width=\"366\" height=\"260\" \/> <img loading=\"lazy\" decoding=\"async\" class=\"alignnone wp-image-631\" src=\"https:\/\/hydraulic-cylinders.net\/wp-content\/uploads\/2023\/08\/hydraulic-cylinder-product-6-300x225.webp\" alt=\"\" width=\"347\" height=\"260\" \/><\/p>\n<h3>(5) Testes<\/h3>\n<p>Temos instala\u00e7\u00f5es de inspe\u00e7\u00e3o e bancos de teste de primeira classe para garantir que o desempenho do cilindro atenda aos requisitos.<\/p>\n<p><img loading=\"lazy\" decoding=\"async\" class=\"alignnone wp-image-632\" src=\"https:\/\/hydraulic-cylinders.net\/wp-content\/uploads\/2023\/08\/hydraulic-cylinder-product-8-300x200.webp\" alt=\"\" width=\"389\" height=\"260\" \/><\/p>\n<p>&nbsp;<\/p>\n<p>&nbsp;<\/p>\n<p>Somos um dos melhores fabricantes de cilindros hidr\u00e1ulicos para engenharia. Oferecemos um amplo estoque de cilindros hidr\u00e1ulicos para engenharia. Tamb\u00e9m fornecemos pe\u00e7as de reposi\u00e7\u00e3o correspondentes. <a href=\"https:\/\/hzpt.com\/agricultural-pto-gearbox\/\" target=\"_blank\" rel=\"noopener\">caixas de c\u00e2mbio agr\u00edcolas<\/a>. Exportamos nossos produtos para clientes em todo o mundo e conquistamos uma boa reputa\u00e7\u00e3o devido \u00e0 qualidade superior de nossos produtos e ao servi\u00e7o p\u00f3s-venda. Damos as boas-vindas aos clientes nacionais e estrangeiros que queiram entrar em contato conosco para negociar neg\u00f3cios, trocar informa\u00e7\u00f5es e\u00a0<a href=\"https:\/\/www.hydraulic-cylinders.net\/pt\/contact-us\/\">cooperar conosco<\/a>!<\/p>\n<h2><\/h2>\n<h2><\/h2>","protected":false},"excerpt":{"rendered":"<p>Piston Rod End With External Thread Connection Engineering Hydraulic Cylinder The piston rod end with an external thread connection is located at the end of the engineering hydraulic cylinder piston rod. It usually has threaded sections that allow for the safe fastening of various components, such as mounting brackets, cracks, or other load-bearing structures. HSG [&hellip;]<\/p>","protected":false},"featured_media":1110,"comment_status":"open","ping_status":"closed","template":"","meta":{"_et_pb_use_builder":"","_et_pb_old_content":"","_et_gb_content_width":""},"product_brand":[],"product_cat":[1376],"product_tag":[1380],"class_list":{"0":"post-1105","1":"product","2":"type-product","3":"status-publish","4":"has-post-thumbnail","6":"product_cat-hydraulic-cylinder","7":"product_tag-hydraulic-cylinder","9":"first","10":"instock","11":"shipping-taxable","12":"product-type-simple"},"amp_enabled":true,"_links":{"self":[{"href":"https:\/\/www.hydraulic-cylinders.net\/pt\/wp-json\/wp\/v2\/product\/1105","targetHints":{"allow":["GET"]}}],"collection":[{"href":"https:\/\/www.hydraulic-cylinders.net\/pt\/wp-json\/wp\/v2\/product"}],"about":[{"href":"https:\/\/www.hydraulic-cylinders.net\/pt\/wp-json\/wp\/v2\/types\/product"}],"replies":[{"embeddable":true,"href":"https:\/\/www.hydraulic-cylinders.net\/pt\/wp-json\/wp\/v2\/comments?post=1105"}],"wp:featuredmedia":[{"embeddable":true,"href":"https:\/\/www.hydraulic-cylinders.net\/pt\/wp-json\/wp\/v2\/media\/1110"}],"wp:attachment":[{"href":"https:\/\/www.hydraulic-cylinders.net\/pt\/wp-json\/wp\/v2\/media?parent=1105"}],"wp:term":[{"taxonomy":"product_brand","embeddable":true,"href":"https:\/\/www.hydraulic-cylinders.net\/pt\/wp-json\/wp\/v2\/product_brand?post=1105"},{"taxonomy":"product_cat","embeddable":true,"href":"https:\/\/www.hydraulic-cylinders.net\/pt\/wp-json\/wp\/v2\/product_cat?post=1105"},{"taxonomy":"product_tag","embeddable":true,"href":"https:\/\/www.hydraulic-cylinders.net\/pt\/wp-json\/wp\/v2\/product_tag?post=1105"}],"curies":[{"name":"wp","href":"https:\/\/api.w.org\/{rel}","templated":true}]}}