{"id":1141,"date":"2023-09-12T02:01:38","date_gmt":"2023-09-12T02:01:38","guid":{"rendered":"https:\/\/hydraulic-cylinders.net\/?post_type=product&#038;p=1141"},"modified":"2023-09-19T02:17:50","modified_gmt":"2023-09-19T02:17:50","slug":"hsg-engineering-hydraulic-cylinder","status":"publish","type":"product","link":"https:\/\/www.hydraulic-cylinders.net\/pt\/produto\/hsg-engineering-hydraulic-cylinder\/","title":{"rendered":"Cilindro hidr\u00e1ulico da HSG Engineering"},"content":{"rendered":"<h1 style=\"text-align: center;\"><strong>Cilindro hidr\u00e1ulico da HSG Engineering<\/strong><\/h1>\n<p>O cilindro hidr\u00e1ulico de engenharia da s\u00e9rie HSG \u00e9 um cilindro hidr\u00e1ulico de dupla a\u00e7\u00e3o com haste de pist\u00e3o. O modo de instala\u00e7\u00e3o adota o tipo de fixa\u00e7\u00e3o por brinco. De acordo com a conex\u00e3o entre a cabe\u00e7a do cilindro e o bloco do cilindro, existem tr\u00eas tipos de conex\u00e3o: rosca externa, conex\u00e3o interna por encaixe e conex\u00e3o flangeada. O cilindro hidr\u00e1ulico de engenharia \u00e9 usado principalmente em sistemas hidr\u00e1ulicos de constru\u00e7\u00e3o, eleva\u00e7\u00e3o, minera\u00e7\u00e3o e outros.<\/p>\n<p>Caracter\u00edsticas de instala\u00e7\u00e3o de brincos na frente e no verso:<\/p>\n<p>A instala\u00e7\u00e3o do anel de eleva\u00e7\u00e3o \u00fanico na extremidade traseira \u00e9 adequada para que a parte final se mova ao longo da mesma curva do plano de movimento durante o processo de trabalho da haste do pist\u00e3o. Ambos os lados da haste do pist\u00e3o n\u00e3o devem exceder 3\u00b0, atendendo \u00e0s condi\u00e7\u00f5es reais do plano de movimento ou aos requisitos de projeto estrutural para a instala\u00e7\u00e3o do anel \u00fanico. Nesse caso, os mancais esf\u00e9ricos na extremidade traseira e na extremidade da haste podem ser instalados, mas deve-se atentar para a carga de press\u00e3o suportada pela instala\u00e7\u00e3o dos mancais esf\u00e9ricos.<\/p>\n<p><img loading=\"lazy\" decoding=\"async\" class=\"aligncenter wp-image-1142\" src=\"https:\/\/hydraulic-cylinders.net\/wp-content\/uploads\/2023\/09\/hsg-hydraulic-cylinder-1-1-300x300.webp\" alt=\"\" width=\"400\" height=\"400\" srcset=\"https:\/\/www.hydraulic-cylinders.net\/wp-content\/uploads\/2023\/09\/hsg-hydraulic-cylinder-1-1-300x300.webp 300w, https:\/\/www.hydraulic-cylinders.net\/wp-content\/uploads\/2023\/09\/hsg-hydraulic-cylinder-1-1-100x100.webp 100w, https:\/\/www.hydraulic-cylinders.net\/wp-content\/uploads\/2023\/09\/hsg-hydraulic-cylinder-1-1-150x150.webp 150w, https:\/\/www.hydraulic-cylinders.net\/wp-content\/uploads\/2023\/09\/hsg-hydraulic-cylinder-1-1-12x12.webp 12w, https:\/\/www.hydraulic-cylinders.net\/wp-content\/uploads\/2023\/09\/hsg-hydraulic-cylinder-1-1.webp 369w\" sizes=\"(max-width: 400px) 100vw, 400px\" \/><\/p>\n<h2><strong>Cilindro hidr\u00e1ulico da HSG Engineering <\/strong><strong>\u00c2mbito de aplica\u00e7\u00e3o<\/strong><strong>:<\/strong><\/h2>\n<p>Utilizado principalmente em constru\u00e7\u00e3o, i\u00e7amento de cargas pesadas, minera\u00e7\u00e3o e outros sistemas hidr\u00e1ulicos em cilindros hidr\u00e1ulicos de engenharia, mas n\u00e3o se limitando aos aspectos acima mencionados \u2013 classe de press\u00e3o 16Mpa.<br \/>\nQuando a for\u00e7a do cilindro \u00e9 relativamente grande (como 20 toneladas) e o curso \u00e9 bastante longo (como 2 metros), o cilindro de haste de tra\u00e7\u00e3o n\u00e3o \u00e9 adequado para uso devido \u00e0 limita\u00e7\u00e3o de for\u00e7a do parafuso, sendo necess\u00e1rio o uso de um cilindro de engenharia.<br \/>\nDevido \u00e0 enorme press\u00e3o e ao processo de fabrica\u00e7\u00e3o do cilindro hidr\u00e1ulico de engenharia, seu custo de material e de processamento s\u00e3o maiores do que os do cilindro com tirante.<\/p>\n<h2><strong>Par\u00e2metros do cilindro hidr\u00e1ulico da HSG Engineering<\/strong><strong>:<img loading=\"lazy\" decoding=\"async\" class=\"alignnone wp-image-1144 size-large\" src=\"https:\/\/hydraulic-cylinders.net\/wp-content\/uploads\/2023\/09\/hsg-engineering-hydraulic-cylinder-parameter-1-4-1024x739.webp\" alt=\"\" width=\"1024\" height=\"739\" srcset=\"https:\/\/hydraulic-cylinders.net\/wp-content\/uploads\/2023\/09\/hsg-engineering-hydraulic-cylinder-parameter-1-4-980x707.webp 980w, https:\/\/hydraulic-cylinders.net\/wp-content\/uploads\/2023\/09\/hsg-engineering-hydraulic-cylinder-parameter-1-4-480x347.webp 480w\" sizes=\"(min-width: 0px) and (max-width: 480px) 480px, (min-width: 481px) and (max-width: 980px) 980px, (min-width: 981px) 1024px, 100vw\" \/> <img loading=\"lazy\" decoding=\"async\" class=\"alignnone wp-image-1145 size-large\" src=\"https:\/\/hydraulic-cylinders.net\/wp-content\/uploads\/2023\/09\/hsg-engineering-hydraulic-cylinder-parameter-2-1-908x1024.webp\" alt=\"\" width=\"908\" height=\"1024\" \/> <img loading=\"lazy\" decoding=\"async\" class=\"alignnone wp-image-1146 size-large\" src=\"https:\/\/hydraulic-cylinders.net\/wp-content\/uploads\/2023\/09\/hsg-engineering-hydraulic-cylinder-parameter-3-1-845x1024.webp\" alt=\"\" width=\"845\" height=\"1024\" \/> <img loading=\"lazy\" decoding=\"async\" class=\"alignnone wp-image-1147 size-large\" src=\"https:\/\/hydraulic-cylinders.net\/wp-content\/uploads\/2023\/09\/hsg-engineering-hydraulic-cylinder-parameter-4-1-707x1024.webp\" alt=\"\" width=\"707\" height=\"1024\" \/> <img loading=\"lazy\" decoding=\"async\" class=\"alignnone wp-image-1148 size-large\" src=\"https:\/\/hydraulic-cylinders.net\/wp-content\/uploads\/2023\/09\/hsg-engineering-hydraulic-cylinder-parameter-5-1-801x1024.webp\" alt=\"\" width=\"801\" height=\"1024\" \/> <img loading=\"lazy\" decoding=\"async\" class=\"alignnone wp-image-1149 size-large\" src=\"https:\/\/hydraulic-cylinders.net\/wp-content\/uploads\/2023\/09\/hsg-engineering-hydraulic-cylinder-parameter-6-1-628x1024.webp\" alt=\"\" width=\"628\" height=\"1024\" \/> <img loading=\"lazy\" decoding=\"async\" class=\"alignnone wp-image-1150 size-large\" src=\"https:\/\/hydraulic-cylinders.net\/wp-content\/uploads\/2023\/09\/hsg-engineering-hydraulic-cylinder-parameter-7-1-844x1024.webp\" alt=\"\" width=\"844\" height=\"1024\" \/> <img loading=\"lazy\" decoding=\"async\" class=\"alignnone size-medium wp-image-1151\" src=\"https:\/\/hydraulic-cylinders.net\/wp-content\/uploads\/2023\/09\/hsg-engineering-hydraulic-cylinder-parameter-8-1-181x300.webp\" alt=\"\" width=\"181\" height=\"300\" \/> <img loading=\"lazy\" decoding=\"async\" class=\"alignnone size-medium wp-image-1152\" src=\"https:\/\/hydraulic-cylinders.net\/wp-content\/uploads\/2023\/09\/hsg-engineering-hydraulic-cylinder-parameter-9-1-249x300.webp\" alt=\"\" width=\"249\" height=\"300\" \/><\/strong><\/h2>\n<h2><strong>Sele\u00e7\u00e3o de modelo de <\/strong><strong>Cilindro hidr\u00e1ulico da HSG Engineering<\/strong><strong>:<\/strong><\/h2>\n<p>HG-L-01-D\/DX100-E2501<br \/>\nCilindro hidr\u00e1ulico de dupla a\u00e7\u00e3o HG<br \/>\nModo de conex\u00e3o do cabe\u00e7ote do cilindro em L: L = tipo rosca (di\u00e2metro do cilindro 0,80)<br \/>\n01- Projeto n\u00ba.<br \/>\nDi\u00e2metro do cilindro (mm) \/ di\u00e2metro da haste do pist\u00e3o (mm)<br \/>\nCurso do cilindro hidr\u00e1ulico de 100<br \/>\nGrau de press\u00e3o E: E=16MPa G=21MPa<br \/>\nCabe\u00e7ote de 2 cilindros, conex\u00e3o do cilindro:<br \/>\n1 = Bucha do cabe\u00e7ote com bucha; 2 = Bucha do cabe\u00e7ote com rolamento de junta; 3 = Eixo de articula\u00e7\u00e3o (para cilindros com di\u00e2metro &gt; \u03a680 e conex\u00e3o com chaveta); 4 = Flange de extremidade (para cilindros com di\u00e2metro &gt; \u03a680 e conex\u00e3o com chaveta); 5 = Flange central (para cilindros com di\u00e2metro &gt; \u03a680 e conex\u00e3o com chaveta).<br \/>\n5 - Conex\u00e3o da extremidade da haste do pist\u00e3o:<br \/>\n1 = Rosca externa na extremidade da haste; 2 = Rosca interna na extremidade da haste (di\u00e2metro do cilindro &gt; \u03a663); 3 = Rosca externa na extremidade da haste com bucha e pino; 4 = Rosca interna na extremidade da haste com bucha e pino (di\u00e2metro do cilindro &gt; \u03a663); 5 = Rosca externa na extremidade da haste com pino e rolamento de junta; 6 = Rosca interna na extremidade da haste com pino e rolamento de junta (di\u00e2metro do cilindro &gt; \u03a663); 7 = Pino integral da haste do pist\u00e3o com bucha (somente para di\u00e2metro do cilindro = \u03a640 e \u03a650); 8 = Pino integral da haste do pist\u00e3o com rolamento de junta (somente para di\u00e2metro do cilindro = \u03a640 e \u03a650)<br \/>\nParte do buffer 0:<br \/>\n0 = sem amortecedor; 1 = amortecedor em ambas as extremidades; 2 = extremidade da cabe\u00e7a do cilindro com amortecedor; 3 = extremidade da cabe\u00e7a da biela com amortecedor. 1 - Modo de conex\u00e3o da porta de \u00f3leo: 1 = rosca interna m\u00e9trica; 2 = rosca interna em polegadas<br \/>\nL1 - Modo de conex\u00e3o da extremidade da haste do pist\u00e3o: L1 = rosca externa da extremidade da haste; L2 = rosca interna da extremidade da haste<br \/>\n0 - Fluido de trabalho: 0 = \u00f3leo, \u00f3leo hidr\u00e1ulico; W = Alta base aquosa (emuls\u00e3o). Nota: Os modelos marcados com A na descri\u00e7\u00e3o s\u00e3o considerados n\u00e3o padronizados.<\/p>\n<h2><strong>Cilindro hidr\u00e1ulico da HSG Engineering <\/strong><strong>Par\u00e2metro t\u00e9cnico:<\/strong><\/h2>\n<p>Voc\u00ea pode usar a seguinte nota\u00e7\u00e3o de modelo para selecionar o produto desejado. Exemplo de modelo: HG-L-50\/40 *100-2501<\/p>\n<p><img loading=\"lazy\" decoding=\"async\" class=\"alignnone size-large wp-image-320903\" src=\"https:\/\/hzpt.com\/wp-content\/uploads\/2023\/09\/hsg-hydraulic-cylinder-2-467x1024.webp\" alt=\"\" width=\"467\" height=\"1024\" \/><\/p>\n<p>Par\u00e2metros b\u00e1sicos do cilindro hidr\u00e1ulico de engenharia da s\u00e9rie HSG, incluindo di\u00e2metro do cilindro, di\u00e2metro da haste e curso m\u00e1ximo.<\/p>\n<p>1. A rela\u00e7\u00e3o de velocidade \u00e9 a raz\u00e3o entre a \u00e1rea efetiva da cavidade do pist\u00e3o e o tamanho adequado da cavidade da haste do pist\u00e3o.<br \/>\n2. O curso m\u00e1ximo, em princ\u00edpio, \u00e9: quando a rela\u00e7\u00e3o de velocidade = 1,33, S = 8D; quando a rela\u00e7\u00e3o = 1,45, S = 10D; quando o equil\u00edbrio \u00e9 igual a 2, S \u00e9 semelhante a 12D.<\/p>\n<h2><strong>Como encontrar um kit de veda\u00e7\u00e3o para cilindro hidr\u00e1ulico?<\/strong><\/h2>\n<p>Encontrar o kit de veda\u00e7\u00e3o correto para um cilindro hidr\u00e1ulico \u00e9 crucial para garantir o encaixe, a funcionalidade e o desempenho adequados. Aqui est\u00e3o alguns passos para ajud\u00e1-lo a encontrar o kit de veda\u00e7\u00e3o apropriado:<\/p>\n<ol>\n<li><strong>Identifique o fabricante e o modelo do cilindro:<\/strong>\n<ul>\n<li>Determine o fabricante do cilindro hidr\u00e1ulico. Essa informa\u00e7\u00e3o geralmente est\u00e1 estampada ou gravada no corpo do cilindro.<\/li>\n<li>Se poss\u00edvel, anote o n\u00famero do modelo ou qualquer outra marca\u00e7\u00e3o de identifica\u00e7\u00e3o no cilindro.<\/li>\n<\/ul>\n<\/li>\n<li><strong>Obtenha as especifica\u00e7\u00f5es do cilindro:<\/strong>\n<ul>\n<li>Me\u00e7a as dimens\u00f5es do cilindro, incluindo o di\u00e2metro do furo, o di\u00e2metro da biela e o comprimento do curso.<\/li>\n<li>Observe quaisquer caracter\u00edsticas ou configura\u00e7\u00f5es espec\u00edficas exclusivas do cilindro, como flanges, portas ou estilos de montagem.<\/li>\n<\/ul>\n<\/li>\n<li><strong>Pesquise os recursos do fabricante:<\/strong>\n<ul>\n<li>Visite o site do fabricante ou entre em contato com o suporte ao cliente para obter informa\u00e7\u00f5es sobre os kits de veda\u00e7\u00e3o dispon\u00edveis para o seu modelo espec\u00edfico de cilindro.<\/li>\n<li>Forne\u00e7a ao fabricante as especifica\u00e7\u00f5es do cilindro e quaisquer informa\u00e7\u00f5es de identifica\u00e7\u00e3o que voc\u00ea tenha reunido.<\/li>\n<\/ul>\n<\/li>\n<li><strong>Explore fornecedores online de selos hidr\u00e1ulicos:<\/strong>\n<ul>\n<li>Procure fornecedores ou distribuidores de veda\u00e7\u00f5es hidr\u00e1ulicas online de boa reputa\u00e7\u00e3o.<\/li>\n<li>Utilize os filtros de pesquisa ou os menus de navega\u00e7\u00e3o nos sites para refinar a sele\u00e7\u00e3o com base nas especifica\u00e7\u00f5es do cilindro ou no fabricante.<\/li>\n<\/ul>\n<\/li>\n<li><strong>Utilize as ferramentas de refer\u00eancia cruzada do kit de veda\u00e7\u00e3o:<\/strong>\n<ul>\n<li>Alguns fornecedores de kits de veda\u00e7\u00e3o oferecem ferramentas ou bancos de dados de refer\u00eancia cruzada que ajudam a encontrar modelos de cilindros compat\u00edveis com os kits de veda\u00e7\u00e3o dispon\u00edveis.<\/li>\n<li>Insira o fabricante do cilindro, o modelo ou outras especifica\u00e7\u00f5es na ferramenta de refer\u00eancia cruzada para encontrar kits de veda\u00e7\u00e3o adequados.<\/li>\n<\/ul>\n<\/li>\n<li><strong>Consulte os manuais de manuten\u00e7\u00e3o do sistema hidr\u00e1ulico:<\/strong>\n<ul>\n<li>Verifique se o equipamento ou m\u00e1quina que utiliza o cilindro hidr\u00e1ulico possui um manual de manuten\u00e7\u00e3o.<\/li>\n<li>O manual pode incluir informa\u00e7\u00f5es sobre kits de veda\u00e7\u00e3o recomendados ou n\u00fameros de pe\u00e7as.<\/li>\n<\/ul>\n<\/li>\n<li><strong>Procure a ajuda de especialistas em hidr\u00e1ulica:<\/strong>\n<ul>\n<li>Entre em contato com especialistas em sistemas hidr\u00e1ulicos, profissionais de manuten\u00e7\u00e3o ou engenheiros com experi\u00eancia em sistemas hidr\u00e1ulicos.<\/li>\n<li>Eles podem orient\u00e1-lo e recomendar a busca pelo kit de veda\u00e7\u00e3o correto para o seu cilindro hidr\u00e1ulico.<\/li>\n<\/ul>\n<\/li>\n<li><strong>Considere kits de veda\u00e7\u00e3o personalizados:<\/strong>\n<ul>\n<li>Caso n\u00e3o encontre um kit de veda\u00e7\u00e3o projetado especificamente para o modelo do seu cilindro, considere entrar em contato com um fabricante ou fornecedor que ofere\u00e7a kits de veda\u00e7\u00e3o personalizados.<\/li>\n<li>Forne\u00e7a medidas precisas e especifica\u00e7\u00f5es do cilindro para um kit de veda\u00e7\u00e3o personalizado de acordo com suas necessidades.<\/li>\n<\/ul>\n<\/li>\n<li><strong>Adquira e instale o kit de veda\u00e7\u00e3o:<\/strong>\n<ul>\n<li>Ap\u00f3s identificar o kit de veda\u00e7\u00e3o adequado, fa\u00e7a o pedido ao fornecedor ou fabricante.<\/li>\n<li>Siga atentamente as instru\u00e7\u00f5es de instala\u00e7\u00e3o do kit de veda\u00e7\u00e3o para garantir uma instala\u00e7\u00e3o correta e um desempenho ideal.<\/li>\n<\/ul>\n<\/li>\n<\/ol>\n<h2><strong>Aptid\u00e3o e capacidade da f\u00e1brica:<\/strong><\/h2>\n<h3>(1) Montagem<\/h3>\n<p>Temos uma plataforma de montagem de pesquisa e desenvolvimento independente de primeira classe. A oficina de produ\u00e7\u00e3o de cilindros hidr\u00e1ulicos tem quatro linhas de montagem semiautom\u00e1ticas de cilindros de eleva\u00e7\u00e3o e uma linha de montagem autom\u00e1tica de cilindros de inclina\u00e7\u00e3o, com uma capacidade de produ\u00e7\u00e3o anual projetada de 1 milh\u00e3o de pe\u00e7as. A oficina de cilindros especiais \u00e9 equipada com v\u00e1rias especifica\u00e7\u00f5es de um sistema de montagem de limpeza semiautom\u00e1tica com uma capacidade de produ\u00e7\u00e3o anual projetada de 200.000 pe\u00e7as e equipada com famosos equipamentos de usinagem CNC, um centro de usinagem, um equipamento especial de processamento de cilindros de alta precis\u00e3o, uma m\u00e1quina de solda robotizada, uma m\u00e1quina de limpeza autom\u00e1tica, uma m\u00e1quina de montagem autom\u00e1tica de cilindros e uma linha de produ\u00e7\u00e3o de pintura autom\u00e1tica. O equipamento cr\u00edtico existente \u00e9 de mais de 300 conjuntos (conjuntos). A aloca\u00e7\u00e3o ideal e o uso eficiente dos recursos do equipamento garantem os requisitos de precis\u00e3o dos produtos e atendem \u00e0s necessidades de alta qualidade dos produtos.<\/p>\n<p><img loading=\"lazy\" decoding=\"async\" class=\"alignnone wp-image-626\" src=\"https:\/\/hydraulic-cylinders.net\/wp-content\/uploads\/2023\/08\/hydraulic-cylinder-product-1-300x158.webp\" alt=\"\" width=\"495\" height=\"260\" srcset=\"https:\/\/hydraulic-cylinders.net\/wp-content\/uploads\/2023\/08\/hydraulic-cylinder-product-1-300x158.webp 495w, https:\/\/hydraulic-cylinders.net\/wp-content\/uploads\/2023\/08\/hydraulic-cylinder-product-1-480x252.webp 480w\" sizes=\"(min-width: 0px) and (max-width: 480px) 480px, (min-width: 481px) 495px, 100vw\" \/> <img loading=\"lazy\" decoding=\"async\" class=\"alignnone wp-image-627\" src=\"https:\/\/hydraulic-cylinders.net\/wp-content\/uploads\/2023\/08\/hydraulic-cylinder-product-2-300x189.webp\" alt=\"\" width=\"413\" height=\"260\" \/><\/p>\n<h3>(2) Usinagem<\/h3>\n<p>A oficina de usinagem \u00e9 equipada com um centro de torneamento de trilho inclinado personalizado, um centro de usinagem, uma m\u00e1quina de brunimento de alta velocidade, um rob\u00f4 de soldagem e outros equipamentos relacionados, que podem lidar com o processamento de tubos de cilindros com di\u00e2metro interno m\u00e1ximo de 400 mm e comprimento m\u00e1ximo de 6 metros.<\/p>\n<p><img loading=\"lazy\" decoding=\"async\" class=\"alignnone wp-image-628 size-large\" src=\"https:\/\/hydraulic-cylinders.net\/wp-content\/uploads\/2023\/08\/hydraulic-cylinder-product-3-1024x391.webp\" alt=\"\" width=\"1024\" height=\"391\" srcset=\"https:\/\/hydraulic-cylinders.net\/wp-content\/uploads\/2023\/08\/hydraulic-cylinder-product-3-980x374.webp 980w, https:\/\/hydraulic-cylinders.net\/wp-content\/uploads\/2023\/08\/hydraulic-cylinder-product-3-480x183.webp 480w\" sizes=\"(min-width: 0px) and (max-width: 480px) 480px, (min-width: 481px) and (max-width: 980px) 980px, (min-width: 981px) 1024px, 100vw\" \/><\/p>\n<h3>(3) Soldagem<\/h3>\n<p><img loading=\"lazy\" decoding=\"async\" class=\"alignnone wp-image-629 size-large\" src=\"https:\/\/hydraulic-cylinders.net\/wp-content\/uploads\/2023\/08\/hydraulic-cylinder-product-4-1024x510.webp\" alt=\"\" width=\"1024\" height=\"510\" srcset=\"https:\/\/hydraulic-cylinders.net\/wp-content\/uploads\/2023\/08\/hydraulic-cylinder-product-4-980x488.webp 980w, https:\/\/hydraulic-cylinders.net\/wp-content\/uploads\/2023\/08\/hydraulic-cylinder-product-4-480x239.webp 480w\" sizes=\"(min-width: 0px) and (max-width: 480px) 480px, (min-width: 481px) and (max-width: 980px) 980px, (min-width: 981px) 1024px, 100vw\" \/><\/p>\n<h3>(4) Pintura e revestimento<\/h3>\n<p>Com linhas de revestimento de tinta \u00e0 base de \u00e1gua autom\u00e1ticas de cilindros de pequeno e m\u00e9dio porte, para obter carregamento e descarregamento autom\u00e1ticos de rob\u00f4s e pulveriza\u00e7\u00e3o autom\u00e1tica, a capacidade projetada \u00e9 de 4.000 pe\u00e7as por turno;<br \/>\nTamb\u00e9m temos uma linha de produ\u00e7\u00e3o de tinta semiautom\u00e1tica para cilindros grandes, acionada por uma corrente el\u00e9trica, com capacidade de projeto de 60 caixas por turno.<\/p>\n<p><img loading=\"lazy\" decoding=\"async\" class=\"alignnone wp-image-630\" src=\"https:\/\/hydraulic-cylinders.net\/wp-content\/uploads\/2023\/08\/hydraulic-cylinder-product-5-300x213.webp\" alt=\"\" width=\"366\" height=\"260\" \/> <img loading=\"lazy\" decoding=\"async\" class=\"alignnone wp-image-631\" src=\"https:\/\/hydraulic-cylinders.net\/wp-content\/uploads\/2023\/08\/hydraulic-cylinder-product-6-300x225.webp\" alt=\"\" width=\"347\" height=\"260\" \/><\/p>\n<h3>(5) Testes<\/h3>\n<p>Temos instala\u00e7\u00f5es de inspe\u00e7\u00e3o e bancos de teste de primeira classe para garantir que o desempenho do cilindro atenda aos requisitos.<\/p>\n<p><img loading=\"lazy\" decoding=\"async\" class=\"alignnone wp-image-632\" src=\"https:\/\/hydraulic-cylinders.net\/wp-content\/uploads\/2023\/08\/hydraulic-cylinder-product-8-300x200.webp\" alt=\"\" width=\"389\" height=\"260\" \/><\/p>\n<p>&nbsp;<\/p>\n<p>&nbsp;<\/p>\n<p>Somos um dos melhores fabricantes de cilindros hidr\u00e1ulicos para engenharia. Oferecemos um amplo estoque de cilindros hidr\u00e1ulicos para engenharia. Tamb\u00e9m fornecemos pe\u00e7as de reposi\u00e7\u00e3o correspondentes. <a href=\"https:\/\/hzpt.com\/agricultural-pto-gearbox\/\" target=\"_blank\" rel=\"noopener\">caixas de c\u00e2mbio agr\u00edcolas<\/a>. Exportamos nossos produtos para clientes em todo o mundo e conquistamos uma boa reputa\u00e7\u00e3o devido \u00e0 qualidade superior de nossos produtos e ao servi\u00e7o p\u00f3s-venda. Convidamos clientes nacionais e estrangeiros a entrar em contato conosco para negociar neg\u00f3cios, trocar informa\u00e7\u00f5es e <a href=\"https:\/\/www.hydraulic-cylinders.net\/pt\/contact-us\/\">cooperar conosco<\/a>!<\/p>\n<h2><\/h2>\n<h2><\/h2>","protected":false},"excerpt":{"rendered":"<p>HSG Engineering Hydraulic Cylinder HSG series engineering hydraulic cylinder is a double-acting piston rod hydraulic cylinder. Installation mode adopts earring type. According to the connection between the cylinder head and the cylinder block, there are three kinds of external thread connection, internal card critical connection, and flange connection. Engineering hydraulic cylinder is mainly used in [&hellip;]<\/p>","protected":false},"featured_media":1143,"comment_status":"open","ping_status":"closed","template":"","meta":{"_et_pb_use_builder":"","_et_pb_old_content":"","_et_gb_content_width":""},"product_brand":[],"product_cat":[1376],"product_tag":[1380],"class_list":{"0":"post-1141","1":"product","2":"type-product","3":"status-publish","4":"has-post-thumbnail","6":"product_cat-hydraulic-cylinder","7":"product_tag-hydraulic-cylinder","9":"first","10":"instock","11":"shipping-taxable","12":"product-type-simple"},"amp_enabled":true,"_links":{"self":[{"href":"https:\/\/www.hydraulic-cylinders.net\/pt\/wp-json\/wp\/v2\/product\/1141","targetHints":{"allow":["GET"]}}],"collection":[{"href":"https:\/\/www.hydraulic-cylinders.net\/pt\/wp-json\/wp\/v2\/product"}],"about":[{"href":"https:\/\/www.hydraulic-cylinders.net\/pt\/wp-json\/wp\/v2\/types\/product"}],"replies":[{"embeddable":true,"href":"https:\/\/www.hydraulic-cylinders.net\/pt\/wp-json\/wp\/v2\/comments?post=1141"}],"wp:featuredmedia":[{"embeddable":true,"href":"https:\/\/www.hydraulic-cylinders.net\/pt\/wp-json\/wp\/v2\/media\/1143"}],"wp:attachment":[{"href":"https:\/\/www.hydraulic-cylinders.net\/pt\/wp-json\/wp\/v2\/media?parent=1141"}],"wp:term":[{"taxonomy":"product_brand","embeddable":true,"href":"https:\/\/www.hydraulic-cylinders.net\/pt\/wp-json\/wp\/v2\/product_brand?post=1141"},{"taxonomy":"product_cat","embeddable":true,"href":"https:\/\/www.hydraulic-cylinders.net\/pt\/wp-json\/wp\/v2\/product_cat?post=1141"},{"taxonomy":"product_tag","embeddable":true,"href":"https:\/\/www.hydraulic-cylinders.net\/pt\/wp-json\/wp\/v2\/product_tag?post=1141"}],"curies":[{"name":"wp","href":"https:\/\/api.w.org\/{rel}","templated":true}]}}