{"id":1168,"date":"2023-09-12T05:36:35","date_gmt":"2023-09-12T05:36:35","guid":{"rendered":"https:\/\/hydraulic-cylinders.net\/?post_type=product&#038;p=1168"},"modified":"2025-04-11T05:07:13","modified_gmt":"2025-04-11T05:07:13","slug":"head-rectangular-flange-type-metallurgical-hydraulic-cylinder","status":"publish","type":"product","link":"https:\/\/www.hydraulic-cylinders.net\/pt\/produto\/head-rectangular-flange-type-metallurgical-hydraulic-cylinder\/","title":{"rendered":"Cilindro hidr\u00e1ulico metal\u00fargico tipo flange retangular com cabe\u00e7ote"},"content":{"rendered":"<h1 style=\"text-align: center;\"><strong>Cilindro hidr\u00e1ulico metal\u00fargico tipo flange retangular com cabe\u00e7ote<\/strong><\/h1>\n<p>O cilindro hidr\u00e1ulico metal\u00fargico com flange retangular \u00e9 um elemento de \u00faltima gera\u00e7\u00e3o, especialmente projetado para aplica\u00e7\u00f5es metal\u00fargicas. Com seu design inovador, desempenho superior e constru\u00e7\u00e3o robusta, este cilindro hidr\u00e1ulico garante controle preciso, opera\u00e7\u00e3o confi\u00e1vel e durabilidade excepcional em ambientes industriais exigentes. Seja em sider\u00fargicas, fundi\u00e7\u00f5es ou outros processos metal\u00fargicos, os cilindros com flange retangular proporcionam efici\u00eancia e produtividade.<\/p>\n<p>O cilindro hidr\u00e1ulico dos equipamentos metal\u00fargicos da s\u00e9rie Y-HG1 \u00e9 um cilindro de pist\u00e3o de dupla a\u00e7\u00e3o; o di\u00e2metro do cilindro geralmente varia de 40 a 320 mm e a press\u00e3o de trabalho \u00e9 \u2264 16 MPa. O sistema de \u00f3leo hidr\u00e1ulico pode transportar o fluido ativo, como emuls\u00f5es, e instalar diferentes modelos, como flanges, pinos e dispositivos de libera\u00e7\u00e3o (base).<\/p>\n<p>M\u00e1quina de brunimento CNC de alta precis\u00e3o, m\u00e1quina de solda autom\u00e1tica, centro de usinagem vertical e horizontal, centro de usinagem tipo p\u00f3rtico, torno CNC e outros equipamentos de processamento; a qualidade do produto \u00e9 est\u00e1vel e garantida.<\/p>\n<p><img loading=\"lazy\" decoding=\"async\" class=\"aligncenter wp-image-1169\" src=\"https:\/\/hydraulic-cylinders.net\/wp-content\/uploads\/2023\/09\/head-rectangular-flange-type-metallurgical-hydraulic-cylinder-2-300x300.webp\" alt=\"\" width=\"400\" height=\"400\" \/><\/p>\n<h2><strong>Par\u00e2metros do cilindro hidr\u00e1ulico metal\u00fargico com flange retangular:<\/strong><\/h2>\n<p><img loading=\"lazy\" decoding=\"async\" class=\"alignnone wp-image-1170 size-large\" src=\"https:\/\/hydraulic-cylinders.net\/wp-content\/uploads\/2023\/09\/head-rectangular-flange-type-metallurgical-hydraulic-cylinder-1-1024x749.webp\" alt=\"\" width=\"1024\" height=\"749\" srcset=\"https:\/\/hydraulic-cylinders.net\/wp-content\/uploads\/2023\/09\/head-rectangular-flange-type-metallurgical-hydraulic-cylinder-1-980x717.webp 980w, https:\/\/hydraulic-cylinders.net\/wp-content\/uploads\/2023\/09\/head-rectangular-flange-type-metallurgical-hydraulic-cylinder-1-480x351.webp 480w\" sizes=\"(min-width: 0px) and (max-width: 480px) 480px, (min-width: 481px) and (max-width: 980px) 980px, (min-width: 981px) 1024px, 100vw\" \/><\/p>\n<h2><strong>Cilindro hidr\u00e1ulico metal\u00fargico tipo flange retangular com cabe\u00e7ote <\/strong><strong>M\u00e9todo de uso<\/strong><strong>:<\/strong><\/h2>\n<ol>\n<li><strong>Montagem e instala\u00e7\u00e3o:<\/strong>\n<ul>\n<li>Identifique o local de montagem apropriado para o cilindro hidr\u00e1ulico metal\u00fargico com base nos requisitos espec\u00edficos do equipamento metal\u00fargico.<\/li>\n<li>Certifique-se de que a superf\u00edcie de montagem esteja limpa, plana e capaz de suportar o peso e a carga do cilindro.<\/li>\n<\/ul>\n<\/li>\n<li><strong>Conex\u00e3o ao sistema hidr\u00e1ulico:<\/strong>\n<ul>\n<li>Conecte o cilindro hidr\u00e1ulico metal\u00fargico ao sistema hidr\u00e1ulico usando mangueiras ou tubos hidr\u00e1ulicos compat\u00edveis.<\/li>\n<li>Assegure o alinhamento correto e conex\u00f5es seguras para evitar vazamentos.<\/li>\n<\/ul>\n<\/li>\n<li><strong>Integra\u00e7\u00e3o e Calibra\u00e7\u00e3o do Sistema:<\/strong>\n<ul>\n<li>Integrate the metallurgical hydraulic cylinder into the metallurgical equipment or system following the manufacturer&#8217;s guidelines.<\/li>\n<li>Calibre o sistema para obter o desempenho ideal e os par\u00e2metros de opera\u00e7\u00e3o desejados.<\/li>\n<\/ul>\n<\/li>\n<li><strong>Operando o Cilindro:<\/strong>\n<ul>\n<li>Acione o sistema hidr\u00e1ulico para aplicar press\u00e3o e iniciar o movimento do cilindro hidr\u00e1ulico.<\/li>\n<li>Utilize the hydraulic control system to control the cylinder&#8217;s extension, retraction, and precise positioning for efficient metallurgical operations.<\/li>\n<\/ul>\n<\/li>\n<\/ol>\n<h2><strong>Caracter\u00edsticas <\/strong><strong>Cilindro hidr\u00e1ulico metal\u00fargico com flange retangular de cabe\u00e7a<\/strong><strong>:<\/strong><\/h2>\n<ul>\n<li><strong>Projeto de flange retangular do cabe\u00e7ote:<\/strong> O design exclusivo do flange retangular proporciona maior estabilidade, alinhamento preciso e melhor distribui\u00e7\u00e3o de carga durante a opera\u00e7\u00e3o, garantindo desempenho ideal em processos metal\u00fargicos.<\/li>\n<li><strong>Foco na aplica\u00e7\u00e3o metal\u00fargica:<\/strong> Este cilindro hidr\u00e1ulico metal\u00fargico foi projetado com precis\u00e3o para atender \u00e0s exig\u00eancias rigorosas das aplica\u00e7\u00f5es metal\u00fargicas, oferecendo confiabilidade e durabilidade em condi\u00e7\u00f5es extremas.<\/li>\n<li><strong>Desempenho superior:<\/strong> O cilindro oferece desempenho excepcional, permitindo posicionamento preciso, opera\u00e7\u00e3o suave e produtividade eficiente em processos metal\u00fargicos.<\/li>\n<li><strong>Constru\u00e7\u00e3o robusta:<\/strong> Fabricado com materiais de alta qualidade e projetado para suportar cargas pesadas e condi\u00e7\u00f5es operacionais severas, este cilindro hidr\u00e1ulico metal\u00fargico garante durabilidade a longo prazo e desempenho confi\u00e1vel.<\/li>\n<li><strong>Recursos de seguran\u00e7a:<\/strong> O projeto incorpora prote\u00e7\u00e3o contra sobrecarga e mecanismos de parada de emerg\u00eancia, priorizando a seguran\u00e7a do operador durante os processos metal\u00fargicos.<\/li>\n<\/ul>\n<h2><strong>Como encontrar um kit de veda\u00e7\u00e3o para cilindro hidr\u00e1ulico?<\/strong><\/h2>\n<p>Encontrar o kit de veda\u00e7\u00e3o correto para um cilindro hidr\u00e1ulico \u00e9 crucial para garantir o encaixe, a funcionalidade e o desempenho adequados. Aqui est\u00e3o alguns passos para ajud\u00e1-lo a encontrar o kit de veda\u00e7\u00e3o apropriado:<\/p>\n<ol>\n<li><strong>Identifique o fabricante e o modelo do cilindro:<\/strong>\n<ul>\n<li>Determine o fabricante do cilindro hidr\u00e1ulico. Essa informa\u00e7\u00e3o geralmente est\u00e1 estampada ou gravada no corpo do cilindro.<\/li>\n<li>Se poss\u00edvel, anote o n\u00famero do modelo ou qualquer outra marca\u00e7\u00e3o de identifica\u00e7\u00e3o no cilindro.<\/li>\n<\/ul>\n<\/li>\n<li><strong>Obtenha as especifica\u00e7\u00f5es do cilindro:<\/strong>\n<ul>\n<li>Me\u00e7a as dimens\u00f5es do cilindro, incluindo o di\u00e2metro do furo, o di\u00e2metro da biela e o comprimento do curso.<\/li>\n<li>Observe quaisquer caracter\u00edsticas ou configura\u00e7\u00f5es espec\u00edficas exclusivas do cilindro, como flanges, portas ou estilos de montagem.<\/li>\n<\/ul>\n<\/li>\n<li><strong>Pesquise os recursos do fabricante:<\/strong>\n<ul>\n<li>Visite o site do fabricante ou entre em contato com o suporte ao cliente para obter informa\u00e7\u00f5es sobre os kits de veda\u00e7\u00e3o dispon\u00edveis para o seu modelo espec\u00edfico de cilindro.<\/li>\n<li>Forne\u00e7a ao fabricante as especifica\u00e7\u00f5es do cilindro e quaisquer informa\u00e7\u00f5es de identifica\u00e7\u00e3o que voc\u00ea tenha reunido.<\/li>\n<\/ul>\n<\/li>\n<li><strong>Explore fornecedores online de selos hidr\u00e1ulicos:<\/strong>\n<ul>\n<li>Procure fornecedores ou distribuidores de veda\u00e7\u00f5es hidr\u00e1ulicas online de boa reputa\u00e7\u00e3o.<\/li>\n<li>Utilize os filtros de pesquisa ou os menus de navega\u00e7\u00e3o nos sites para refinar a sele\u00e7\u00e3o com base nas especifica\u00e7\u00f5es do cilindro ou no fabricante.<\/li>\n<\/ul>\n<\/li>\n<li><strong>Utilize as ferramentas de refer\u00eancia cruzada do kit de veda\u00e7\u00e3o:<\/strong>\n<ul>\n<li>Alguns fornecedores de kits de veda\u00e7\u00e3o oferecem ferramentas ou bancos de dados de refer\u00eancia cruzada que ajudam a encontrar modelos de cilindros compat\u00edveis com os kits de veda\u00e7\u00e3o dispon\u00edveis.<\/li>\n<li>Insira o fabricante do cilindro, o modelo ou outras especifica\u00e7\u00f5es na ferramenta de refer\u00eancia cruzada para encontrar kits de veda\u00e7\u00e3o adequados.<\/li>\n<\/ul>\n<\/li>\n<li><strong>Consulte os manuais de manuten\u00e7\u00e3o do sistema hidr\u00e1ulico:<\/strong>\n<ul>\n<li>Verifique se o equipamento ou m\u00e1quina que utiliza o cilindro hidr\u00e1ulico possui um manual de manuten\u00e7\u00e3o.<\/li>\n<li>O manual pode incluir informa\u00e7\u00f5es sobre kits de veda\u00e7\u00e3o recomendados ou n\u00fameros de pe\u00e7as.<\/li>\n<\/ul>\n<\/li>\n<li><strong>Procure a ajuda de especialistas em hidr\u00e1ulica:<\/strong>\n<ul>\n<li>Entre em contato com especialistas em sistemas hidr\u00e1ulicos, profissionais de manuten\u00e7\u00e3o ou engenheiros com experi\u00eancia em sistemas hidr\u00e1ulicos.<\/li>\n<li>Eles podem orient\u00e1-lo e recomendar a busca pelo kit de veda\u00e7\u00e3o correto para o seu cilindro hidr\u00e1ulico.<\/li>\n<\/ul>\n<\/li>\n<li><strong>Considere kits de veda\u00e7\u00e3o personalizados:<\/strong>\n<ul>\n<li>Caso n\u00e3o encontre um kit de veda\u00e7\u00e3o projetado especificamente para o modelo do seu cilindro, considere entrar em contato com um fabricante ou fornecedor que ofere\u00e7a kits de veda\u00e7\u00e3o personalizados.<\/li>\n<li>Por favor, forne\u00e7a medidas precisas e especifica\u00e7\u00f5es do cilindro para que possamos fabricar um kit de veda\u00e7\u00e3o sob medida para suas necessidades.<\/li>\n<\/ul>\n<\/li>\n<li><strong>Adquira e instale o kit de veda\u00e7\u00e3o:<\/strong>\n<ul>\n<li>Ap\u00f3s identificar o kit de veda\u00e7\u00e3o adequado, fa\u00e7a o pedido ao fornecedor ou fabricante.<\/li>\n<li>Siga atentamente as instru\u00e7\u00f5es de instala\u00e7\u00e3o do kit de veda\u00e7\u00e3o para garantir uma instala\u00e7\u00e3o correta e um desempenho ideal.<\/li>\n<\/ul>\n<\/li>\n<\/ol>\n<h2><strong>Aptid\u00e3o e capacidade da f\u00e1brica:<\/strong><\/h2>\n<h3>(1) Montagem<\/h3>\n<p>Temos uma plataforma de montagem de pesquisa e desenvolvimento independente de primeira classe. A oficina de produ\u00e7\u00e3o de cilindros hidr\u00e1ulicos tem quatro linhas de montagem semiautom\u00e1ticas de cilindros de eleva\u00e7\u00e3o e uma linha de montagem autom\u00e1tica de cilindros de inclina\u00e7\u00e3o, com uma capacidade de produ\u00e7\u00e3o anual projetada de 1 milh\u00e3o de pe\u00e7as. A oficina de cilindros especiais \u00e9 equipada com v\u00e1rias especifica\u00e7\u00f5es de um sistema de montagem de limpeza semiautom\u00e1tica com uma capacidade de produ\u00e7\u00e3o anual projetada de 200.000 pe\u00e7as e equipada com famosos equipamentos de usinagem CNC, um centro de usinagem, um equipamento especial de processamento de cilindros de alta precis\u00e3o, uma m\u00e1quina de solda robotizada, uma m\u00e1quina de limpeza autom\u00e1tica, uma m\u00e1quina de montagem autom\u00e1tica de cilindros e uma linha de produ\u00e7\u00e3o de pintura autom\u00e1tica. O equipamento cr\u00edtico existente \u00e9 de mais de 300 conjuntos (conjuntos). A aloca\u00e7\u00e3o ideal e o uso eficiente dos recursos do equipamento garantem os requisitos de precis\u00e3o dos produtos e atendem \u00e0s necessidades de alta qualidade dos produtos.<\/p>\n<p><img loading=\"lazy\" decoding=\"async\" class=\"alignnone wp-image-626\" src=\"https:\/\/hydraulic-cylinders.net\/wp-content\/uploads\/2023\/08\/hydraulic-cylinder-product-1-300x158.webp\" alt=\"\" width=\"495\" height=\"260\" srcset=\"https:\/\/hydraulic-cylinders.net\/wp-content\/uploads\/2023\/08\/hydraulic-cylinder-product-1-300x158.webp 495w, https:\/\/hydraulic-cylinders.net\/wp-content\/uploads\/2023\/08\/hydraulic-cylinder-product-1-480x252.webp 480w\" sizes=\"(min-width: 0px) and (max-width: 480px) 480px, (min-width: 481px) 495px, 100vw\" \/> <img loading=\"lazy\" decoding=\"async\" class=\"alignnone wp-image-627\" src=\"https:\/\/hydraulic-cylinders.net\/wp-content\/uploads\/2023\/08\/hydraulic-cylinder-product-2-300x189.webp\" alt=\"\" width=\"413\" height=\"260\" \/><\/p>\n<h3>(2) Usinagem<\/h3>\n<p>A oficina de usinagem \u00e9 equipada com um centro de torneamento de trilho inclinado personalizado, um centro de usinagem, uma m\u00e1quina de brunimento de alta velocidade, um rob\u00f4 de soldagem e outros equipamentos relacionados, que podem lidar com o processamento de tubos de cilindros com di\u00e2metro interno m\u00e1ximo de 400 mm e comprimento m\u00e1ximo de 6 metros.<\/p>\n<p><img loading=\"lazy\" decoding=\"async\" class=\"alignnone wp-image-628 size-large\" src=\"https:\/\/hydraulic-cylinders.net\/wp-content\/uploads\/2023\/08\/hydraulic-cylinder-product-3-1024x391.webp\" alt=\"\" width=\"1024\" height=\"391\" srcset=\"https:\/\/hydraulic-cylinders.net\/wp-content\/uploads\/2023\/08\/hydraulic-cylinder-product-3-980x374.webp 980w, https:\/\/hydraulic-cylinders.net\/wp-content\/uploads\/2023\/08\/hydraulic-cylinder-product-3-480x183.webp 480w\" sizes=\"(min-width: 0px) and (max-width: 480px) 480px, (min-width: 481px) and (max-width: 980px) 980px, (min-width: 981px) 1024px, 100vw\" \/><\/p>\n<h3>(3) Soldagem<\/h3>\n<p><img loading=\"lazy\" decoding=\"async\" class=\"alignnone wp-image-629 size-large\" src=\"https:\/\/hydraulic-cylinders.net\/wp-content\/uploads\/2023\/08\/hydraulic-cylinder-product-4-1024x510.webp\" alt=\"\" width=\"1024\" height=\"510\" srcset=\"https:\/\/hydraulic-cylinders.net\/wp-content\/uploads\/2023\/08\/hydraulic-cylinder-product-4-980x488.webp 980w, https:\/\/hydraulic-cylinders.net\/wp-content\/uploads\/2023\/08\/hydraulic-cylinder-product-4-480x239.webp 480w\" sizes=\"(min-width: 0px) and (max-width: 480px) 480px, (min-width: 481px) and (max-width: 980px) 980px, (min-width: 981px) 1024px, 100vw\" \/><\/p>\n<h3>(4) Pintura e revestimento<\/h3>\n<p>Com linhas de revestimento de tinta \u00e0 base de \u00e1gua autom\u00e1ticas de cilindros de pequeno e m\u00e9dio porte, para obter carregamento e descarregamento autom\u00e1ticos de rob\u00f4s e pulveriza\u00e7\u00e3o autom\u00e1tica, a capacidade projetada \u00e9 de 4.000 pe\u00e7as por turno;<br \/>\nTamb\u00e9m temos uma linha de produ\u00e7\u00e3o de tinta semiautom\u00e1tica para cilindros grandes, acionada por uma corrente el\u00e9trica, com capacidade de projeto de 60 caixas por turno.<\/p>\n<p><img loading=\"lazy\" decoding=\"async\" class=\"alignnone wp-image-630\" src=\"https:\/\/hydraulic-cylinders.net\/wp-content\/uploads\/2023\/08\/hydraulic-cylinder-product-5-300x213.webp\" alt=\"\" width=\"366\" height=\"260\" \/> <img loading=\"lazy\" decoding=\"async\" class=\"alignnone wp-image-631\" src=\"https:\/\/hydraulic-cylinders.net\/wp-content\/uploads\/2023\/08\/hydraulic-cylinder-product-6-300x225.webp\" alt=\"\" width=\"347\" height=\"260\" \/><\/p>\n<h3>(5) Testes<\/h3>\n<p>Temos instala\u00e7\u00f5es de inspe\u00e7\u00e3o e bancos de teste de primeira classe para garantir que o desempenho do cilindro atenda aos requisitos.<\/p>\n<p><img loading=\"lazy\" decoding=\"async\" class=\"alignnone wp-image-632\" src=\"https:\/\/hydraulic-cylinders.net\/wp-content\/uploads\/2023\/08\/hydraulic-cylinder-product-8-300x200.webp\" alt=\"\" width=\"389\" height=\"260\" \/><\/p>\n<p>&nbsp;<\/p>\n<p>&nbsp;<\/p>\n<p>Somos um dos melhores fabricantes de cilindros hidr\u00e1ulicos metal\u00fargicos. Oferecemos um amplo estoque de cilindros hidr\u00e1ulicos metal\u00fargicos. Tamb\u00e9m fornecemos pe\u00e7as de reposi\u00e7\u00e3o correspondentes. <a href=\"https:\/\/hzpt.com\/agricultural-pto-gearbox\/\" target=\"_blank\" rel=\"noopener\">caixas de c\u00e2mbio agr\u00edcolas<\/a>. Exportamos nossos produtos para clientes em todo o mundo e conquistamos uma boa reputa\u00e7\u00e3o devido \u00e0 qualidade superior de nossos produtos e ao servi\u00e7o p\u00f3s-venda. Convidamos clientes nacionais e estrangeiros a entrar em contato conosco para negociar neg\u00f3cios, trocar informa\u00e7\u00f5es e <a href=\"https:\/\/www.hydraulic-cylinders.net\/pt\/contact-us\/\">cooperar conosco<\/a>!<\/p>\n<h2><\/h2>\n<h2><\/h2>","protected":false},"excerpt":{"rendered":"<p>Head Rectangular Flange Type Metallurgical Hydraulic Cylinder The rectangular flange type metallurgical hydraulic cylinder is a state-of-the-art element specially designed for metallurgical applications. With its innovative design, superior performance, and rugged construction, this hydraulic cylinder ensures precise control, reliable operation, and exceptional durability in demanding industrial environments. Whether used in steel mills, foundries, or other [&hellip;]<\/p>","protected":false},"featured_media":1171,"comment_status":"open","ping_status":"closed","template":"","meta":{"_et_pb_use_builder":"","_et_pb_old_content":"","_et_gb_content_width":""},"product_brand":[],"product_cat":[1376,1550,1524],"product_tag":[1380],"class_list":{"0":"post-1168","1":"product","2":"type-product","3":"status-publish","4":"has-post-thumbnail","6":"product_cat-hydraulic-cylinder","7":"product_cat-double-acting-hydraulic-cylinder","8":"product_cat-steel-mill-hydraulic-cylinders","9":"product_tag-hydraulic-cylinder","11":"first","12":"instock","13":"shipping-taxable","14":"product-type-simple"},"amp_enabled":true,"_links":{"self":[{"href":"https:\/\/www.hydraulic-cylinders.net\/pt\/wp-json\/wp\/v2\/product\/1168","targetHints":{"allow":["GET"]}}],"collection":[{"href":"https:\/\/www.hydraulic-cylinders.net\/pt\/wp-json\/wp\/v2\/product"}],"about":[{"href":"https:\/\/www.hydraulic-cylinders.net\/pt\/wp-json\/wp\/v2\/types\/product"}],"replies":[{"embeddable":true,"href":"https:\/\/www.hydraulic-cylinders.net\/pt\/wp-json\/wp\/v2\/comments?post=1168"}],"wp:featuredmedia":[{"embeddable":true,"href":"https:\/\/www.hydraulic-cylinders.net\/pt\/wp-json\/wp\/v2\/media\/1171"}],"wp:attachment":[{"href":"https:\/\/www.hydraulic-cylinders.net\/pt\/wp-json\/wp\/v2\/media?parent=1168"}],"wp:term":[{"taxonomy":"product_brand","embeddable":true,"href":"https:\/\/www.hydraulic-cylinders.net\/pt\/wp-json\/wp\/v2\/product_brand?post=1168"},{"taxonomy":"product_cat","embeddable":true,"href":"https:\/\/www.hydraulic-cylinders.net\/pt\/wp-json\/wp\/v2\/product_cat?post=1168"},{"taxonomy":"product_tag","embeddable":true,"href":"https:\/\/www.hydraulic-cylinders.net\/pt\/wp-json\/wp\/v2\/product_tag?post=1168"}],"curies":[{"name":"wp","href":"https:\/\/api.w.org\/{rel}","templated":true}]}}