{"id":1218,"date":"2023-09-13T08:11:02","date_gmt":"2023-09-13T08:11:02","guid":{"rendered":"https:\/\/hydraulic-cylinders.net\/?post_type=product&#038;p=1218"},"modified":"2025-04-11T05:06:49","modified_gmt":"2025-04-11T05:06:49","slug":"y-hg1-metallurgical-hydraulic-cylinder","status":"publish","type":"product","link":"https:\/\/www.hydraulic-cylinders.net\/pt\/produto\/y-hg1-metallurgical-hydraulic-cylinder\/","title":{"rendered":"Cilindro hidr\u00e1ulico metal\u00fargico Y-HG1"},"content":{"rendered":"<h1 style=\"text-align: center;\"><strong>Cilindro hidr\u00e1ulico metal\u00fargico Y-HG1<\/strong><\/h1>\n<p>Y-HG1 series metallurgical equipment hydraulic cylinder is a double-acting piston cylinder, and the cylinder diameter is generally in the range of 40~320mm, the working pressure &lt;=16MPA, the hydraulic oil mechanical system can be used for milk transport and other working medium, installation flange, earrings, pins, release device (base) and different types.<\/p>\n<p>M\u00e1quina de brunimento CNC de alta precis\u00e3o, m\u00e1quina de solda autom\u00e1tica, centro de usinagem vertical e horizontal, centro de usinagem tipo p\u00f3rtico, torno CNC e outros equipamentos de processamento; a qualidade do produto \u00e9 est\u00e1vel e garantida.<\/p>\n<p><img loading=\"lazy\" decoding=\"async\" class=\"aligncenter wp-image-1219 size-full\" src=\"https:\/\/hydraulic-cylinders.net\/wp-content\/uploads\/2023\/09\/y-hg1-hydraulic-cylinder-1-1.webp\" alt=\"\" width=\"372\" height=\"372\" srcset=\"https:\/\/www.hydraulic-cylinders.net\/wp-content\/uploads\/2023\/09\/y-hg1-hydraulic-cylinder-1-1.webp 372w, https:\/\/www.hydraulic-cylinders.net\/wp-content\/uploads\/2023\/09\/y-hg1-hydraulic-cylinder-1-1-300x300.webp 300w, https:\/\/www.hydraulic-cylinders.net\/wp-content\/uploads\/2023\/09\/y-hg1-hydraulic-cylinder-1-1-100x100.webp 100w, https:\/\/www.hydraulic-cylinders.net\/wp-content\/uploads\/2023\/09\/y-hg1-hydraulic-cylinder-1-1-150x150.webp 150w, https:\/\/www.hydraulic-cylinders.net\/wp-content\/uploads\/2023\/09\/y-hg1-hydraulic-cylinder-1-1-12x12.webp 12w\" sizes=\"(max-width: 372px) 100vw, 372px\" \/><\/p>\n<h2><strong>Metallurgical Hydraulic Cylinder Parameter:\u00a0<\/strong><\/h2>\n<h3>\uff081\uff09Axial Tripod Type Metallurgical Hydraulic Cylinder Parameter<\/h3>\n<h2><strong><img loading=\"lazy\" decoding=\"async\" class=\"alignnone wp-image-1155 size-large\" src=\"https:\/\/hydraulic-cylinders.net\/wp-content\/uploads\/2023\/09\/axial-tripod-type-metallurgical-hydraulic-cylinder-1-1024x715.webp\" alt=\"\" width=\"1024\" height=\"715\" srcset=\"https:\/\/hydraulic-cylinders.net\/wp-content\/uploads\/2023\/09\/axial-tripod-type-metallurgical-hydraulic-cylinder-1-1024x715.webp 1024w, https:\/\/hydraulic-cylinders.net\/wp-content\/uploads\/2023\/09\/axial-tripod-type-metallurgical-hydraulic-cylinder-1-980x684.webp 980w, https:\/\/hydraulic-cylinders.net\/wp-content\/uploads\/2023\/09\/axial-tripod-type-metallurgical-hydraulic-cylinder-1-480x335.webp 480w\" sizes=\"(min-width: 0px) and (max-width: 480px) 480px, (min-width: 481px) and (max-width: 980px) 980px, (min-width: 981px) 1024px, 100vw\" \/><\/strong><\/h2>\n<h3>\uff082\uff09Head Method Orchid Type Metallurgical Hydraulic Cylinder<\/h3>\n<h2><strong><img loading=\"lazy\" decoding=\"async\" class=\"alignnone wp-image-1161 size-large\" src=\"https:\/\/hydraulic-cylinders.net\/wp-content\/uploads\/2023\/09\/head-method-orchid-type-hydraulic-cylinder-1-1024x678.jpg\" alt=\"\" width=\"1024\" height=\"678\" srcset=\"https:\/\/hydraulic-cylinders.net\/wp-content\/uploads\/2023\/09\/head-method-orchid-type-hydraulic-cylinder-1-980x649.jpg 980w, https:\/\/hydraulic-cylinders.net\/wp-content\/uploads\/2023\/09\/head-method-orchid-type-hydraulic-cylinder-1-480x318.jpg 480w\" sizes=\"(min-width: 0px) and (max-width: 480px) 480px, (min-width: 481px) and (max-width: 980px) 980px, (min-width: 981px) 1024px, 100vw\" \/>\u00a0<\/strong><\/h2>\n<h3>\uff083\uff09Head Pin Type Metallurgical Hydraulic Cylinder<\/h3>\n<h2><strong><img loading=\"lazy\" decoding=\"async\" class=\"alignnone wp-image-1166 size-large\" src=\"https:\/\/hydraulic-cylinders.net\/wp-content\/uploads\/2023\/09\/head-pin-type-metallurgical-hydraulic-cylinder-1-1024x603.webp\" alt=\"\" width=\"1024\" height=\"603\" srcset=\"https:\/\/hydraulic-cylinders.net\/wp-content\/uploads\/2023\/09\/head-pin-type-metallurgical-hydraulic-cylinder-1-980x577.webp 980w, https:\/\/hydraulic-cylinders.net\/wp-content\/uploads\/2023\/09\/head-pin-type-metallurgical-hydraulic-cylinder-1-480x283.webp 480w\" sizes=\"(min-width: 0px) and (max-width: 480px) 480px, (min-width: 481px) and (max-width: 980px) 980px, (min-width: 981px) 1024px, 100vw\" \/>\u00a0<\/strong><\/h2>\n<h3>\uff084\uff09Head Rectangular Flange Type Metallurgical Hydraulic Cylinder<\/h3>\n<h2><strong><img loading=\"lazy\" decoding=\"async\" class=\"alignnone wp-image-1170 size-large\" src=\"https:\/\/hydraulic-cylinders.net\/wp-content\/uploads\/2023\/09\/head-rectangular-flange-type-metallurgical-hydraulic-cylinder-1-1024x749.webp\" alt=\"\" width=\"1024\" height=\"749\" srcset=\"https:\/\/hydraulic-cylinders.net\/wp-content\/uploads\/2023\/09\/head-rectangular-flange-type-metallurgical-hydraulic-cylinder-1-980x717.webp 980w, https:\/\/hydraulic-cylinders.net\/wp-content\/uploads\/2023\/09\/head-rectangular-flange-type-metallurgical-hydraulic-cylinder-1-480x351.webp 480w\" sizes=\"(min-width: 0px) and (max-width: 480px) 480px, (min-width: 481px) and (max-width: 980px) 980px, (min-width: 981px) 1024px, 100vw\" \/>\u00a0<\/strong><\/h2>\n<h3>\uff085\uff09Head Round Flange Type Metallurgical Hydraulic Cylinder<\/h3>\n<h2><strong><img loading=\"lazy\" decoding=\"async\" class=\"alignnone wp-image-1175 size-large\" src=\"https:\/\/hydraulic-cylinders.net\/wp-content\/uploads\/2023\/09\/head-round-flange-type-metallurgical-hydraulic-cylinder-1-1024x626.webp\" alt=\"\" width=\"1024\" height=\"626\" srcset=\"https:\/\/hydraulic-cylinders.net\/wp-content\/uploads\/2023\/09\/head-round-flange-type-metallurgical-hydraulic-cylinder-1-980x599.webp 980w, https:\/\/hydraulic-cylinders.net\/wp-content\/uploads\/2023\/09\/head-round-flange-type-metallurgical-hydraulic-cylinder-1-480x294.webp 480w\" sizes=\"(min-width: 0px) and (max-width: 480px) 480px, (min-width: 481px) and (max-width: 980px) 980px, (min-width: 981px) 1024px, 100vw\" \/>\u00a0<\/strong><\/h2>\n<h3>\uff086\uff09 Middle Pin Type Metallurgical Hydraulic Cylinder<\/h3>\n<h2><strong><img loading=\"lazy\" decoding=\"async\" class=\"alignnone wp-image-1179 size-large\" src=\"https:\/\/hydraulic-cylinders.net\/wp-content\/uploads\/2023\/09\/middle-pin-type-metallurgical-hydraulic-cylinder-1-1024x694.webp\" alt=\"\" width=\"1024\" height=\"694\" srcset=\"https:\/\/hydraulic-cylinders.net\/wp-content\/uploads\/2023\/09\/middle-pin-type-metallurgical-hydraulic-cylinder-1-980x664.webp 980w, https:\/\/hydraulic-cylinders.net\/wp-content\/uploads\/2023\/09\/middle-pin-type-metallurgical-hydraulic-cylinder-1-480x325.webp 480w\" sizes=\"(min-width: 0px) and (max-width: 480px) 480px, (min-width: 481px) and (max-width: 980px) 980px, (min-width: 981px) 1024px, 100vw\" \/>\u00a0<\/strong><\/h2>\n<h3>\uff087\uff09Rear Method Orchid Type Metallurgical Hydraulic Cylinder<\/h3>\n<h2><strong><img loading=\"lazy\" decoding=\"async\" class=\"alignnone wp-image-1183 size-large\" src=\"https:\/\/hydraulic-cylinders.net\/wp-content\/uploads\/2023\/09\/rear-method-orchid-type-hydraulic-cylinder-1-1024x610.jpg\" alt=\"\" width=\"1024\" height=\"610\" srcset=\"https:\/\/hydraulic-cylinders.net\/wp-content\/uploads\/2023\/09\/rear-method-orchid-type-hydraulic-cylinder-1-980x584.jpg 980w, https:\/\/hydraulic-cylinders.net\/wp-content\/uploads\/2023\/09\/rear-method-orchid-type-hydraulic-cylinder-1-480x286.jpg 480w\" sizes=\"(min-width: 0px) and (max-width: 480px) 480px, (min-width: 481px) and (max-width: 980px) 980px, (min-width: 981px) 1024px, 100vw\" \/>\u00a0<\/strong><\/h2>\n<h3>\uff088\uff09Rear Pin Type Metallurgical Hydraulic Cylinder<\/h3>\n<h2><strong><img loading=\"lazy\" decoding=\"async\" class=\"alignnone wp-image-1188 size-large\" src=\"https:\/\/hydraulic-cylinders.net\/wp-content\/uploads\/2023\/09\/rear-pin-type-metallurgical-hydraulic-cylinder-1-1024x608.webp\" alt=\"\" width=\"1024\" height=\"608\" srcset=\"https:\/\/hydraulic-cylinders.net\/wp-content\/uploads\/2023\/09\/rear-pin-type-metallurgical-hydraulic-cylinder-1-1024x608.webp 1024w, https:\/\/hydraulic-cylinders.net\/wp-content\/uploads\/2023\/09\/rear-pin-type-metallurgical-hydraulic-cylinder-1-980x581.webp 980w, https:\/\/hydraulic-cylinders.net\/wp-content\/uploads\/2023\/09\/rear-pin-type-metallurgical-hydraulic-cylinder-1-480x285.webp 480w\" sizes=\"(min-width: 0px) and (max-width: 480px) 480px, (min-width: 481px) and (max-width: 980px) 980px, (min-width: 981px) 1024px, 100vw\" \/>\u00a0<\/strong><\/h2>\n<h3>\uff089\uff09Rear Rectangular Flange Type Metallurgical Hydraulic Cylinder<\/h3>\n<h2><strong><img loading=\"lazy\" decoding=\"async\" class=\"alignnone wp-image-1192 size-large\" src=\"https:\/\/hydraulic-cylinders.net\/wp-content\/uploads\/2023\/09\/rear-rectangular-flange-type-metallurgical-hydraulic-cylinder-1-1024x637.webp\" alt=\"\" width=\"1024\" height=\"637\" srcset=\"https:\/\/hydraulic-cylinders.net\/wp-content\/uploads\/2023\/09\/rear-rectangular-flange-type-metallurgical-hydraulic-cylinder-1-980x610.webp 980w, https:\/\/hydraulic-cylinders.net\/wp-content\/uploads\/2023\/09\/rear-rectangular-flange-type-metallurgical-hydraulic-cylinder-1-480x299.webp 480w\" sizes=\"(min-width: 0px) and (max-width: 480px) 480px, (min-width: 481px) and (max-width: 980px) 980px, (min-width: 981px) 1024px, 100vw\" \/>\u00a0<\/strong><\/h2>\n<h3>\uff0810\uff09Rear Round Flange Type Metallurgical Hydraulic Cylinder<\/h3>\n<p><img loading=\"lazy\" decoding=\"async\" class=\"alignnone wp-image-1211 size-large\" src=\"https:\/\/hydraulic-cylinders.net\/wp-content\/uploads\/2023\/09\/rear-round-flange-type-metallurgical-hydraulic-cylinder-1-1024x613.webp\" alt=\"\" width=\"1024\" height=\"613\" srcset=\"https:\/\/hydraulic-cylinders.net\/wp-content\/uploads\/2023\/09\/rear-round-flange-type-metallurgical-hydraulic-cylinder-1-980x587.webp 980w, https:\/\/hydraulic-cylinders.net\/wp-content\/uploads\/2023\/09\/rear-round-flange-type-metallurgical-hydraulic-cylinder-1-480x287.webp 480w\" sizes=\"(min-width: 0px) and (max-width: 480px) 480px, (min-width: 481px) and (max-width: 980px) 980px, (min-width: 981px) 1024px, 100vw\" \/><\/p>\n<h3>\uff0811\uff09Rear Single Earring Type Metallurgical Hydraulic Cylinder<\/h3>\n<p><img loading=\"lazy\" decoding=\"async\" class=\"alignnone wp-image-1221 size-large\" src=\"https:\/\/hydraulic-cylinders.net\/wp-content\/uploads\/2023\/09\/rear-single-earring-type-metallurgical-hydraulic-cylinder-1-1024x684.webp\" alt=\"\" width=\"1024\" height=\"684\" srcset=\"https:\/\/hydraulic-cylinders.net\/wp-content\/uploads\/2023\/09\/rear-single-earring-type-metallurgical-hydraulic-cylinder-1-980x655.webp 980w, https:\/\/hydraulic-cylinders.net\/wp-content\/uploads\/2023\/09\/rear-single-earring-type-metallurgical-hydraulic-cylinder-1-480x321.webp 480w\" sizes=\"(min-width: 0px) and (max-width: 480px) 480px, (min-width: 481px) and (max-width: 980px) 980px, (min-width: 981px) 1024px, 100vw\" \/><\/p>\n<h3>(12) Y-HG1 Noraml Metallurgical Hydraulic Cylinder<\/h3>\n<h2><strong><img loading=\"lazy\" decoding=\"async\" class=\"alignnone wp-image-1215 size-large\" src=\"https:\/\/hydraulic-cylinders.net\/wp-content\/uploads\/2023\/09\/y-hg-1-noraml-metallurgical-hydraulic-cylinder-1-1024x307.webp\" alt=\"\" width=\"1024\" height=\"307\" srcset=\"https:\/\/hydraulic-cylinders.net\/wp-content\/uploads\/2023\/09\/y-hg-1-noraml-metallurgical-hydraulic-cylinder-1-980x293.webp 980w, https:\/\/hydraulic-cylinders.net\/wp-content\/uploads\/2023\/09\/y-hg-1-noraml-metallurgical-hydraulic-cylinder-1-480x144.webp 480w\" sizes=\"(min-width: 0px) and (max-width: 480px) 480px, (min-width: 481px) and (max-width: 980px) 980px, (min-width: 981px) 1024px, 100vw\" \/> <img loading=\"lazy\" decoding=\"async\" class=\"alignnone wp-image-1216 size-full\" src=\"https:\/\/hydraulic-cylinders.net\/wp-content\/uploads\/2023\/09\/y-hg-1-noraml-metallurgical-hydraulic-cylinder-2.webp\" alt=\"\" width=\"1458\" height=\"788\" srcset=\"https:\/\/hydraulic-cylinders.net\/wp-content\/uploads\/2023\/09\/y-hg-1-noraml-metallurgical-hydraulic-cylinder-2.webp 1458w, https:\/\/hydraulic-cylinders.net\/wp-content\/uploads\/2023\/09\/y-hg-1-noraml-metallurgical-hydraulic-cylinder-2-1280x692.webp 1280w, https:\/\/hydraulic-cylinders.net\/wp-content\/uploads\/2023\/09\/y-hg-1-noraml-metallurgical-hydraulic-cylinder-2-980x530.webp 980w, https:\/\/hydraulic-cylinders.net\/wp-content\/uploads\/2023\/09\/y-hg-1-noraml-metallurgical-hydraulic-cylinder-2-480x259.webp 480w\" sizes=\"(min-width: 0px) and (max-width: 480px) 480px, (min-width: 481px) and (max-width: 980px) 980px, (min-width: 981px) and (max-width: 1280px) 1280px, (min-width: 1281px) 1458px, 100vw\" \/><\/strong><\/h2>\n<h2><strong>Metallurgical Hydraulic Cylinder Technical Parameter:<\/strong><\/h2>\n<p>Model example: Y-HG1-E40\/22*50LJ1L10T1<\/p>\n<p><img loading=\"lazy\" decoding=\"async\" class=\"alignnone wp-image-1222 size-full\" src=\"https:\/\/hydraulic-cylinders.net\/wp-content\/uploads\/2023\/09\/y-hg-1-hydraulic-cylinder-2-2.webp\" alt=\"\" width=\"530\" height=\"540\" srcset=\"https:\/\/hydraulic-cylinders.net\/wp-content\/uploads\/2023\/09\/y-hg-1-hydraulic-cylinder-2-2.webp 530w, https:\/\/hydraulic-cylinders.net\/wp-content\/uploads\/2023\/09\/y-hg-1-hydraulic-cylinder-2-2-480x489.webp 480w\" sizes=\"(min-width: 0px) and (max-width: 480px) 480px, (min-width: 481px) 530px, 100vw\" \/><\/p>\n<h2><strong>Cilindro hidr\u00e1ulico metal\u00fargico <\/strong><strong>Scope Of Application:<\/strong><\/h2>\n<p>The hydraulic cylinder of Y-HG1 series metallurgical equipment is a double-acting piston cylinder. The cylinder diameter is generally in the range of 40~320mm, and the working pressure &lt;=16MPA; its basic parameters include cylinder diameter, rod diameter, stroke, oil port size, and so on.<\/p>\n<h2><strong>Como desmontar um cilindro hidr\u00e1ulico?<\/strong><\/h2>\n<p>A desmontagem de um cilindro hidr\u00e1ulico exige cuidado para evitar danos e garantir o manuseio seguro. Aqui est\u00e3o os passos gerais a seguir:<\/p>\n<ol>\n<li><strong>Precau\u00e7\u00f5es de seguran\u00e7a:<\/strong>\n<ul>\n<li>Ensure the hydraulic system is depressurized and the cylinder is in a retracted position.<\/li>\n<li>Utilize equipamentos de prote\u00e7\u00e3o individual adequados, como luvas e \u00f3culos de seguran\u00e7a.<\/li>\n<li>Prepare um espa\u00e7o de trabalho limpo e organizado, com ilumina\u00e7\u00e3o e ventila\u00e7\u00e3o adequadas.<\/li>\n<\/ul>\n<\/li>\n<li><strong>Identificar os componentes do cilindro:<\/strong>\n<ul>\n<li>Familiarize-se com as diferentes partes do cilindro hidr\u00e1ulico, incluindo o corpo do cilindro, o pist\u00e3o, a haste, as veda\u00e7\u00f5es e as tampas de extremidade.<\/li>\n<\/ul>\n<\/li>\n<li><strong>Remover conex\u00f5es externas:<\/strong>\n<ul>\n<li>Desconecte todas as mangueiras hidr\u00e1ulicas, conex\u00f5es ou outras liga\u00e7\u00f5es externas conectadas ao cilindro.<\/li>\n<li>Use appropriate tools, such as wrenches or pliers, to loosen and remove the connections carefully.<\/li>\n<\/ul>\n<\/li>\n<li><strong>Fixe o cilindro:<\/strong>\n<ul>\n<li>Prenda o cilindro firmemente em uma morsa ou dispositivo de fixa\u00e7\u00e3o similar, garantindo que esteja est\u00e1vel e n\u00e3o se mova durante a desmontagem.<\/li>\n<\/ul>\n<\/li>\n<li><strong>Remova a tampa da extremidade da haste:<\/strong>\n<ul>\n<li>Locate the rod end cap, which is typically situated at the end of the cylinder opposite the piston.<\/li>\n<li>Utilize a chave ou soquete apropriado para soltar e remover os parafusos que prendem a tampa da extremidade da haste.<\/li>\n<li>Tap the end cap gently with a rubber mallet if needed to break any seal or adhesive bond.<\/li>\n<\/ul>\n<\/li>\n<li><strong>Separe o conjunto da biela e do pist\u00e3o:<\/strong>\n<ul>\n<li>Ap\u00f3s remover a tampa da extremidade da haste, deslize cuidadosamente o conjunto da haste e do pist\u00e3o para fora do corpo do cilindro.<\/li>\n<li>Apoie o peso da estrutura para evitar que ela caia ou sofra danos.<\/li>\n<\/ul>\n<\/li>\n<li><strong>Desmonte o conjunto da biela e do pist\u00e3o:<\/strong>\n<ul>\n<li>Examine the rod and piston assembly for retaining rings, snap rings, or other retaining devices.<\/li>\n<li>Use appropriate tools, such as pliers or snap ring pliers, to remove these retaining devices, allowing the disassembly of the assembly into its individual components.<\/li>\n<li>Anote a ordem e a orienta\u00e7\u00e3o de cada componente para a remontagem.<\/li>\n<\/ul>\n<\/li>\n<li><strong>Inspecionar e limpar:<\/strong>\n<ul>\n<li>Inspecione todos os componentes desmontados para verificar desgaste, danos ou sinais de vazamento.<\/li>\n<li>Limpe cuidadosamente cada componente usando um solvente ou agente de limpeza apropriado para remover sujeira, detritos e res\u00edduos de fluido hidr\u00e1ulico.<\/li>\n<li>Seque completamente os componentes antes de remont\u00e1-los.<\/li>\n<\/ul>\n<\/li>\n<li><strong>Remontagem ou substitui\u00e7\u00e3o de componentes:<\/strong>\n<ul>\n<li>If necessary, replace any damaged or worn components with new ones following the manufacturer&#8217;s specifications.<\/li>\n<li>Remonte o cilindro hidr\u00e1ulico na ordem inversa da desmontagem, garantindo o alinhamento e a orienta\u00e7\u00e3o corretos dos componentes.<\/li>\n<li>Aperte os parafusos ou fixadores de acordo com as especifica\u00e7\u00f5es de torque recomendadas pelo fabricante.<\/li>\n<\/ul>\n<\/li>\n<\/ol>\n<h2><strong>Aptid\u00e3o e capacidade da f\u00e1brica:<\/strong><\/h2>\n<h3>(1) Montagem<\/h3>\n<p>Temos uma plataforma de montagem de pesquisa e desenvolvimento independente de primeira classe. A oficina de produ\u00e7\u00e3o de cilindros hidr\u00e1ulicos tem quatro linhas de montagem semiautom\u00e1ticas de cilindros de eleva\u00e7\u00e3o e uma linha de montagem autom\u00e1tica de cilindros de inclina\u00e7\u00e3o, com uma capacidade de produ\u00e7\u00e3o anual projetada de 1 milh\u00e3o de pe\u00e7as. A oficina de cilindros especiais \u00e9 equipada com v\u00e1rias especifica\u00e7\u00f5es de um sistema de montagem de limpeza semiautom\u00e1tica com uma capacidade de produ\u00e7\u00e3o anual projetada de 200.000 pe\u00e7as e equipada com famosos equipamentos de usinagem CNC, um centro de usinagem, um equipamento especial de processamento de cilindros de alta precis\u00e3o, uma m\u00e1quina de solda robotizada, uma m\u00e1quina de limpeza autom\u00e1tica, uma m\u00e1quina de montagem autom\u00e1tica de cilindros e uma linha de produ\u00e7\u00e3o de pintura autom\u00e1tica. O equipamento cr\u00edtico existente \u00e9 de mais de 300 conjuntos (conjuntos). A aloca\u00e7\u00e3o ideal e o uso eficiente dos recursos do equipamento garantem os requisitos de precis\u00e3o dos produtos e atendem \u00e0s necessidades de alta qualidade dos produtos.<\/p>\n<p><img loading=\"lazy\" decoding=\"async\" class=\"alignnone wp-image-626\" src=\"https:\/\/hydraulic-cylinders.net\/wp-content\/uploads\/2023\/08\/hydraulic-cylinder-product-1-300x158.webp\" alt=\"\" width=\"495\" height=\"260\" srcset=\"https:\/\/hydraulic-cylinders.net\/wp-content\/uploads\/2023\/08\/hydraulic-cylinder-product-1-300x158.webp 495w, https:\/\/hydraulic-cylinders.net\/wp-content\/uploads\/2023\/08\/hydraulic-cylinder-product-1-480x252.webp 480w\" sizes=\"(min-width: 0px) and (max-width: 480px) 480px, (min-width: 481px) 495px, 100vw\" \/> <img loading=\"lazy\" decoding=\"async\" class=\"alignnone wp-image-627\" src=\"https:\/\/hydraulic-cylinders.net\/wp-content\/uploads\/2023\/08\/hydraulic-cylinder-product-2-300x189.webp\" alt=\"\" width=\"413\" height=\"260\" \/><\/p>\n<h3>(2) Usinagem<\/h3>\n<p>A oficina de usinagem \u00e9 equipada com um centro de torneamento de trilho inclinado personalizado, um centro de usinagem, uma m\u00e1quina de brunimento de alta velocidade, um rob\u00f4 de soldagem e outros equipamentos relacionados, que podem lidar com o processamento de tubos de cilindros com di\u00e2metro interno m\u00e1ximo de 400 mm e comprimento m\u00e1ximo de 6 metros.<\/p>\n<p><img loading=\"lazy\" decoding=\"async\" class=\"alignnone wp-image-628 size-large\" src=\"https:\/\/hydraulic-cylinders.net\/wp-content\/uploads\/2023\/08\/hydraulic-cylinder-product-3-1024x391.webp\" alt=\"\" width=\"1024\" height=\"391\" srcset=\"https:\/\/hydraulic-cylinders.net\/wp-content\/uploads\/2023\/08\/hydraulic-cylinder-product-3-980x374.webp 980w, https:\/\/hydraulic-cylinders.net\/wp-content\/uploads\/2023\/08\/hydraulic-cylinder-product-3-480x183.webp 480w\" sizes=\"(min-width: 0px) and (max-width: 480px) 480px, (min-width: 481px) and (max-width: 980px) 980px, (min-width: 981px) 1024px, 100vw\" \/><\/p>\n<h3>(3) Soldagem<\/h3>\n<p><img loading=\"lazy\" decoding=\"async\" class=\"alignnone wp-image-629 size-large\" src=\"https:\/\/hydraulic-cylinders.net\/wp-content\/uploads\/2023\/08\/hydraulic-cylinder-product-4-1024x510.webp\" alt=\"\" width=\"1024\" height=\"510\" srcset=\"https:\/\/hydraulic-cylinders.net\/wp-content\/uploads\/2023\/08\/hydraulic-cylinder-product-4-980x488.webp 980w, https:\/\/hydraulic-cylinders.net\/wp-content\/uploads\/2023\/08\/hydraulic-cylinder-product-4-480x239.webp 480w\" sizes=\"(min-width: 0px) and (max-width: 480px) 480px, (min-width: 481px) and (max-width: 980px) 980px, (min-width: 981px) 1024px, 100vw\" \/><\/p>\n<h3>(4) Pintura e revestimento<\/h3>\n<p>Com linhas de revestimento de tinta \u00e0 base de \u00e1gua autom\u00e1ticas de cilindros de pequeno e m\u00e9dio porte, para obter carregamento e descarregamento autom\u00e1ticos de rob\u00f4s e pulveriza\u00e7\u00e3o autom\u00e1tica, a capacidade projetada \u00e9 de 4.000 pe\u00e7as por turno;<br \/>\nTamb\u00e9m temos uma linha de produ\u00e7\u00e3o de tinta semiautom\u00e1tica para cilindros grandes, acionada por uma corrente el\u00e9trica, com capacidade de projeto de 60 caixas por turno.<\/p>\n<p><img loading=\"lazy\" decoding=\"async\" class=\"alignnone wp-image-630\" src=\"https:\/\/hydraulic-cylinders.net\/wp-content\/uploads\/2023\/08\/hydraulic-cylinder-product-5-300x213.webp\" alt=\"\" width=\"366\" height=\"260\" \/> <img loading=\"lazy\" decoding=\"async\" class=\"alignnone wp-image-631\" src=\"https:\/\/hydraulic-cylinders.net\/wp-content\/uploads\/2023\/08\/hydraulic-cylinder-product-6-300x225.webp\" alt=\"\" width=\"347\" height=\"260\" \/><\/p>\n<h3>(5) Testes<\/h3>\n<p>Temos instala\u00e7\u00f5es de inspe\u00e7\u00e3o e bancos de teste de primeira classe para garantir que o desempenho do cilindro atenda aos requisitos.<\/p>\n<p><img loading=\"lazy\" decoding=\"async\" class=\"alignnone wp-image-632\" src=\"https:\/\/hydraulic-cylinders.net\/wp-content\/uploads\/2023\/08\/hydraulic-cylinder-product-8-300x200.webp\" alt=\"\" width=\"389\" height=\"260\" \/><\/p>\n<p>&nbsp;<\/p>\n<p>&nbsp;<\/p>\n<p>Somos um dos melhores fabricantes de cilindros hidr\u00e1ulicos metal\u00fargicos. Oferecemos um amplo estoque de cilindros hidr\u00e1ulicos metal\u00fargicos. Tamb\u00e9m fornecemos pe\u00e7as de reposi\u00e7\u00e3o correspondentes. <a href=\"https:\/\/hzpt.com\/agricultural-pto-gearbox\/\" target=\"_blank\" rel=\"noopener\">caixas de c\u00e2mbio agr\u00edcolas<\/a>. Exportamos nossos produtos para clientes em todo o mundo e conquistamos uma boa reputa\u00e7\u00e3o devido \u00e0 qualidade superior de nossos produtos e ao servi\u00e7o p\u00f3s-venda. Convidamos clientes nacionais e estrangeiros a entrar em contato conosco para negociar neg\u00f3cios, trocar informa\u00e7\u00f5es e <a href=\"https:\/\/www.hydraulic-cylinders.net\/pt\/contact-us\/\">cooperar conosco<\/a>!<\/p>\n<h2><\/h2>\n<p>&nbsp;<\/p>\n<p>&nbsp;<\/p>\n<p>&nbsp;<\/p>","protected":false},"excerpt":{"rendered":"<p>Y-HG1 Metallurgical Hydraulic Cylinder Y-HG1 series metallurgical equipment hydraulic cylinder is a double-acting piston cylinder, and the cylinder diameter is generally in the range of 40~320mm, the working pressure &lt;=16MPA, the hydraulic oil mechanical system can be used for milk transport and other working medium, installation flange, earrings, pins, release device (base) and different types. [&hellip;]<\/p>","protected":false},"featured_media":1220,"comment_status":"open","ping_status":"closed","template":"","meta":{"_et_pb_use_builder":"","_et_pb_old_content":"","_et_gb_content_width":""},"product_brand":[],"product_cat":[1376,1550,1524],"product_tag":[1380],"class_list":{"0":"post-1218","1":"product","2":"type-product","3":"status-publish","4":"has-post-thumbnail","6":"product_cat-hydraulic-cylinder","7":"product_cat-double-acting-hydraulic-cylinder","8":"product_cat-steel-mill-hydraulic-cylinders","9":"product_tag-hydraulic-cylinder","11":"first","12":"instock","13":"shipping-taxable","14":"product-type-simple"},"amp_enabled":true,"_links":{"self":[{"href":"https:\/\/www.hydraulic-cylinders.net\/pt\/wp-json\/wp\/v2\/product\/1218","targetHints":{"allow":["GET"]}}],"collection":[{"href":"https:\/\/www.hydraulic-cylinders.net\/pt\/wp-json\/wp\/v2\/product"}],"about":[{"href":"https:\/\/www.hydraulic-cylinders.net\/pt\/wp-json\/wp\/v2\/types\/product"}],"replies":[{"embeddable":true,"href":"https:\/\/www.hydraulic-cylinders.net\/pt\/wp-json\/wp\/v2\/comments?post=1218"}],"wp:featuredmedia":[{"embeddable":true,"href":"https:\/\/www.hydraulic-cylinders.net\/pt\/wp-json\/wp\/v2\/media\/1220"}],"wp:attachment":[{"href":"https:\/\/www.hydraulic-cylinders.net\/pt\/wp-json\/wp\/v2\/media?parent=1218"}],"wp:term":[{"taxonomy":"product_brand","embeddable":true,"href":"https:\/\/www.hydraulic-cylinders.net\/pt\/wp-json\/wp\/v2\/product_brand?post=1218"},{"taxonomy":"product_cat","embeddable":true,"href":"https:\/\/www.hydraulic-cylinders.net\/pt\/wp-json\/wp\/v2\/product_cat?post=1218"},{"taxonomy":"product_tag","embeddable":true,"href":"https:\/\/www.hydraulic-cylinders.net\/pt\/wp-json\/wp\/v2\/product_tag?post=1218"}],"curies":[{"name":"wp","href":"https:\/\/api.w.org\/{rel}","templated":true}]}}