{"id":1282,"date":"2023-09-15T08:45:50","date_gmt":"2023-09-15T08:45:50","guid":{"rendered":"https:\/\/hydraulic-cylinders.net\/?post_type=product&#038;p=1282"},"modified":"2025-03-27T01:00:54","modified_gmt":"2025-03-27T01:00:54","slug":"pin-joint-two-stage-telescopic-hydraulic-cylinder","status":"publish","type":"product","link":"https:\/\/www.hydraulic-cylinders.net\/pt\/produto\/pin-joint-two-stage-telescopic-hydraulic-cylinder\/","title":{"rendered":"Cilindro hidr\u00e1ulico telesc\u00f3pico de dois est\u00e1gios com junta de pino"},"content":{"rendered":"<h1 style=\"text-align: center;\"><strong>Cilindro hidr\u00e1ulico telesc\u00f3pico de dois est\u00e1gios com junta de pino<\/strong><\/h1>\n<p>O cilindro hidr\u00e1ulico telesc\u00f3pico de dois est\u00e1gios com junta de pino \u00e9 um elemento hidr\u00e1ulico de \u00faltima gera\u00e7\u00e3o, projetado para fornecer transmiss\u00e3o de pot\u00eancia eficiente e confi\u00e1vel para uma variedade de aplica\u00e7\u00f5es industriais. Com seu design inovador, desempenho superior e versatilidade, este cilindro hidr\u00e1ulico oferece controle preciso e maior produtividade. Sejam utilizados na constru\u00e7\u00e3o civil, agricultura ou movimenta\u00e7\u00e3o de materiais, os cilindros hidr\u00e1ulicos telesc\u00f3picos de dois est\u00e1gios com junta de pino s\u00e3o projetados para otimizar a opera\u00e7\u00e3o hidr\u00e1ulica e proporcionar resultados superiores.<\/p>\n<p>Os cilindros compactos da s\u00e9rie CX s\u00e3o utilizados para fixa\u00e7\u00e3o de cilindros. Sua instala\u00e7\u00e3o \u00e9 pequena. Nossa f\u00e1brica possui equipamentos hidr\u00e1ulicos avan\u00e7ados, incluindo um centro de usinagem vertical e horizontal e cilindros hidr\u00e1ulicos de m\u00e9dio e grande porte. A tecnologia de produ\u00e7\u00e3o de cilindros finos \u00e9 excelente.<\/p>\n<p><img loading=\"lazy\" decoding=\"async\" class=\"size-medium wp-image-1283 aligncenter\" src=\"https:\/\/hydraulic-cylinders.net\/wp-content\/uploads\/2023\/09\/two-stage-telescopic-hydraulic-cylinder-1-300x300.webp\" alt=\"\" width=\"300\" height=\"300\" \/><\/p>\n<h2><strong>Par\u00e2metro do cilindro hidr\u00e1ulico telesc\u00f3pico de dois est\u00e1gios com junta de pino:<\/strong><\/h2>\n<p><img loading=\"lazy\" decoding=\"async\" class=\"alignnone wp-image-1285 size-full\" src=\"https:\/\/hydraulic-cylinders.net\/wp-content\/uploads\/2023\/09\/two-stage-telescopic-hydraulic-cylinder-1-2.webp\" alt=\"\" width=\"1044\" height=\"603\" srcset=\"https:\/\/hydraulic-cylinders.net\/wp-content\/uploads\/2023\/09\/two-stage-telescopic-hydraulic-cylinder-1-2.webp 1044w, https:\/\/hydraulic-cylinders.net\/wp-content\/uploads\/2023\/09\/two-stage-telescopic-hydraulic-cylinder-1-2-980x566.webp 980w, https:\/\/hydraulic-cylinders.net\/wp-content\/uploads\/2023\/09\/two-stage-telescopic-hydraulic-cylinder-1-2-480x277.webp 480w\" sizes=\"(min-width: 0px) and (max-width: 480px) 480px, (min-width: 481px) and (max-width: 980px) 980px, (min-width: 981px) 1044px, 100vw\" \/><\/p>\n<h2><strong>Cilindro hidr\u00e1ulico telesc\u00f3pico de dois est\u00e1gios com junta de pino <\/strong><strong>Principais recursos e benef\u00edcios<\/strong><strong>:<\/strong><\/h2>\n<ol>\n<li><strong>Design telesc\u00f3pico de dois est\u00e1gios:<\/strong>\n<ul>\n<li>O cilindro hidr\u00e1ulico telesc\u00f3pico de dois est\u00e1gios com junta de pino apresenta um design telesc\u00f3pico de dois est\u00e1gios que aumenta o comprimento do curso, mantendo um tamanho retra\u00eddo compacto.<\/li>\n<li>Este design oferece flexibilidade em aplica\u00e7\u00f5es hidr\u00e1ulicas onde \u00e9 necess\u00e1rio maior alcance sem sacrificar restri\u00e7\u00f5es de espa\u00e7o.<\/li>\n<\/ul>\n<\/li>\n<li><strong>Constru\u00e7\u00e3o de junta de pino:<\/strong>\n<ul>\n<li>O cilindro incorpora uma constru\u00e7\u00e3o de junta de pino, o que permite um movimento suave e sincronizado dos est\u00e1gios telesc\u00f3picos.<\/li>\n<li>O mecanismo de junta de pino garante estabilidade de opera\u00e7\u00e3o, precis\u00e3o e excelente capacidade de carga.<\/li>\n<\/ul>\n<\/li>\n<li><strong>Controle preciso:<\/strong>\n<ul>\n<li>Este cilindro hidr\u00e1ulico oferece controle excepcional sobre extens\u00e3o e retra\u00e7\u00e3o, permitindo posicionamento preciso e opera\u00e7\u00f5es eficientes.<\/li>\n<li>O mecanismo de controle preciso garante movimentos suaves e controlados, aumentando a produtividade geral.<\/li>\n<\/ul>\n<\/li>\n<li><strong>Alta capacidade de carga:<\/strong>\n<ul>\n<li>O cilindro hidr\u00e1ulico telesc\u00f3pico de dois est\u00e1gios com junta de pino foi projetado para lidar com cargas pesadas e aplica\u00e7\u00f5es industriais exigentes.<\/li>\n<li>Ele oferece excelente capacidade de carga, tornando-o adequado para levantar, empurrar ou puxar pesos substanciais.<\/li>\n<\/ul>\n<\/li>\n<\/ol>\n<h2><strong>Cilindro hidr\u00e1ulico telesc\u00f3pico de dois est\u00e1gios com junta de pino <\/strong><strong>M\u00e9todo de uso<\/strong><strong>:<\/strong><\/h2>\n<ol>\n<li><strong>Montagem e instala\u00e7\u00e3o:<\/strong>\n<ul>\n<li>Determine o local de instala\u00e7\u00e3o apropriado para o cilindro hidr\u00e1ulico telesc\u00f3pico secund\u00e1rio com junta de pino com base nos requisitos espec\u00edficos do seu equipamento ou m\u00e1quina.<\/li>\n<li>Certifique-se de que a superf\u00edcie de montagem seja forte, nivelada e possa suportar com seguran\u00e7a o peso e a carga do cilindro.<\/li>\n<\/ul>\n<\/li>\n<li><strong>Conex\u00e3o do sistema hidr\u00e1ulico:<\/strong>\n<ul>\n<li>Conecte o cilindro hidr\u00e1ulico ao sistema hidr\u00e1ulico usando uma mangueira ou tubo hidr\u00e1ulico compat\u00edvel.<\/li>\n<li>Alinhe e fixe as conex\u00f5es corretamente para evitar vazamentos e garantir o desempenho ideal.<\/li>\n<\/ul>\n<\/li>\n<li><strong>Operando o Cilindro:<\/strong>\n<ul>\n<li>Inicie o sistema hidr\u00e1ulico e inicie o movimento do cilindro hidr\u00e1ulico telesc\u00f3pico de dois est\u00e1gios da junta do pino.<\/li>\n<li>O sistema de controle hidr\u00e1ulico \u00e9 usado para controlar com precis\u00e3o a extens\u00e3o do cilindro e melhorar a efici\u00eancia operacional.<\/li>\n<\/ul>\n<\/li>\n<\/ol>\n<h2><strong>Como substituir veda\u00e7\u00f5es em cilindros hidr\u00e1ulicos?<\/strong><\/h2>\n<p>Para remover um cilindro hidr\u00e1ulico de uma cadeira, siga estas etapas:<\/p>\n<ol>\n<li><strong>Prepare o espa\u00e7o de trabalho:<\/strong>\n<ul>\n<li>Limpe a \u00e1rea ao redor da cadeira para criar um espa\u00e7o de trabalho seguro e desobstru\u00eddo.<\/li>\n<li>Coloque uma cobertura protetora ou um pano no ch\u00e3o para evitar danos \u00e0 cadeira ou \u00e0s superf\u00edcies ao redor.<\/li>\n<\/ul>\n<\/li>\n<li><strong>Abaixe a cadeira:<\/strong>\n<ul>\n<li>Use a alavanca de ajuste ou o mecanismo de controle da cadeira para abaix\u00e1-la at\u00e9 a posi\u00e7\u00e3o mais baixa.<\/li>\n<li>Esta etapa garante que o cilindro esteja totalmente comprimido, facilitando sua remo\u00e7\u00e3o.<\/li>\n<\/ul>\n<\/li>\n<li><strong>Localize o cilindro:<\/strong>\n<ul>\n<li>Identifique o cilindro hidr\u00e1ulico na cadeira. Ele normalmente est\u00e1 localizado pr\u00f3ximo \u00e0 base da cadeira e se conecta ao assento ou ao mecanismo da cadeira.<\/li>\n<\/ul>\n<\/li>\n<li><strong>Remova o assento da cadeira:<\/strong>\n<ul>\n<li>Se o assento da cadeira for remov\u00edvel, localize os parafusos de montagem que o prendem ao cilindro ou \u00e0 base da cadeira.<\/li>\n<li>Use a ferramenta apropriada, como uma chave de fenda ou chave inglesa, para remover os parafusos.<\/li>\n<li>Levante o assento da cadeira, expondo o cilindro hidr\u00e1ulico.<\/li>\n<\/ul>\n<\/li>\n<li><strong>Apoie o Presidente:<\/strong>\n<ul>\n<li>Como a cadeira ficar\u00e1 inst\u00e1vel sem o assento, forne\u00e7a suporte para evitar que ela tombe.<\/li>\n<li>Use um objeto resistente, como uma caixa ou um bloco de madeira, para sustentar a estrutura restante da cadeira.<\/li>\n<\/ul>\n<\/li>\n<li><strong>Desconecte o cilindro:<\/strong>\n<ul>\n<li>Examine os pontos de conex\u00e3o entre o cilindro hidr\u00e1ulico e o mecanismo ou base da cadeira.<\/li>\n<li>Dependendo do design da cadeira, voc\u00ea pode encontrar suportes de montagem, clipes ou parafusos prendendo o cilindro.<\/li>\n<li>Remova todos os fixadores que prendem o cilindro no lugar usando as ferramentas apropriadas.<\/li>\n<li>Ap\u00f3s remover os fechos, puxe ou mexa delicadamente o cilindro para solt\u00e1-lo da cadeira.<\/li>\n<\/ul>\n<\/li>\n<li><strong>Substitua ou descarte o cilindro:<\/strong>\n<ul>\n<li>Se voc\u00ea estiver substituindo o cilindro hidr\u00e1ulico, certifique-se de ter um substituto compat\u00edvel que corresponda \u00e0s especifica\u00e7\u00f5es do cilindro antigo.<\/li>\n<li>Se necess\u00e1rio, consulte o fabricante da cadeira ou um profissional para obter o cilindro de substitui\u00e7\u00e3o correto.<\/li>\n<li>Se voc\u00ea for descartar o cilindro, siga os regulamentos e diretrizes locais para o descarte adequado.<\/li>\n<\/ul>\n<\/li>\n<li><strong>Remonte a cadeira:<\/strong>\n<ul>\n<li>Recoloque o assento da cadeira alinhando os furos dos parafusos e prendendo-os com os parafusos apropriados, caso tenha removido o assento da cadeira.<\/li>\n<li>Certifique-se de que o assento esteja firmemente preso e est\u00e1vel antes de us\u00e1-lo novamente.<\/li>\n<\/ul>\n<\/li>\n<\/ol>\n<h2><strong>Aptid\u00e3o e capacidade da f\u00e1brica:<\/strong><\/h2>\n<h3>(1) Montagem<\/h3>\n<p>Temos uma plataforma de montagem de pesquisa e desenvolvimento independente de primeira classe. A oficina de produ\u00e7\u00e3o de cilindros hidr\u00e1ulicos tem quatro linhas de montagem semiautom\u00e1ticas de cilindros de eleva\u00e7\u00e3o e uma linha de montagem autom\u00e1tica de cilindros de inclina\u00e7\u00e3o, com uma capacidade de produ\u00e7\u00e3o anual projetada de 1 milh\u00e3o de pe\u00e7as. A oficina de cilindros especiais \u00e9 equipada com v\u00e1rias especifica\u00e7\u00f5es de um sistema de montagem de limpeza semiautom\u00e1tica com uma capacidade de produ\u00e7\u00e3o anual projetada de 200.000 pe\u00e7as e equipada com famosos equipamentos de usinagem CNC, um centro de usinagem, um equipamento especial de processamento de cilindros de alta precis\u00e3o, uma m\u00e1quina de solda robotizada, uma m\u00e1quina de limpeza autom\u00e1tica, uma m\u00e1quina de montagem autom\u00e1tica de cilindros e uma linha de produ\u00e7\u00e3o de pintura autom\u00e1tica. O equipamento cr\u00edtico existente \u00e9 de mais de 300 conjuntos (conjuntos). A aloca\u00e7\u00e3o ideal e o uso eficiente dos recursos do equipamento garantem os requisitos de precis\u00e3o dos produtos e atendem \u00e0s necessidades de alta qualidade dos produtos.<\/p>\n<p><img loading=\"lazy\" decoding=\"async\" class=\"alignnone wp-image-626\" src=\"https:\/\/hydraulic-cylinders.net\/wp-content\/uploads\/2023\/08\/hydraulic-cylinder-product-1-300x158.webp\" alt=\"\" width=\"495\" height=\"260\" srcset=\"https:\/\/hydraulic-cylinders.net\/wp-content\/uploads\/2023\/08\/hydraulic-cylinder-product-1-300x158.webp 495w, https:\/\/hydraulic-cylinders.net\/wp-content\/uploads\/2023\/08\/hydraulic-cylinder-product-1-480x252.webp 480w\" sizes=\"(min-width: 0px) and (max-width: 480px) 480px, (min-width: 481px) 495px, 100vw\" \/> <img loading=\"lazy\" decoding=\"async\" class=\"alignnone wp-image-627\" src=\"https:\/\/hydraulic-cylinders.net\/wp-content\/uploads\/2023\/08\/hydraulic-cylinder-product-2-300x189.webp\" alt=\"\" width=\"413\" height=\"260\" \/><\/p>\n<h3>(2) Usinagem<\/h3>\n<p>A oficina de usinagem \u00e9 equipada com um centro de torneamento de trilho inclinado personalizado, um centro de usinagem, uma m\u00e1quina de brunimento de alta velocidade, um rob\u00f4 de soldagem e outros equipamentos relacionados, que podem lidar com o processamento de tubos de cilindros com di\u00e2metro interno m\u00e1ximo de 400 mm e comprimento m\u00e1ximo de 6 metros.<\/p>\n<p><img loading=\"lazy\" decoding=\"async\" class=\"alignnone wp-image-628 size-large\" src=\"https:\/\/hydraulic-cylinders.net\/wp-content\/uploads\/2023\/08\/hydraulic-cylinder-product-3-1024x391.webp\" alt=\"\" width=\"1024\" height=\"391\" srcset=\"https:\/\/hydraulic-cylinders.net\/wp-content\/uploads\/2023\/08\/hydraulic-cylinder-product-3-980x374.webp 980w, https:\/\/hydraulic-cylinders.net\/wp-content\/uploads\/2023\/08\/hydraulic-cylinder-product-3-480x183.webp 480w\" sizes=\"(min-width: 0px) and (max-width: 480px) 480px, (min-width: 481px) and (max-width: 980px) 980px, (min-width: 981px) 1024px, 100vw\" \/><\/p>\n<h3>(3) Soldagem<\/h3>\n<p><img loading=\"lazy\" decoding=\"async\" class=\"alignnone wp-image-629 size-large\" src=\"https:\/\/hydraulic-cylinders.net\/wp-content\/uploads\/2023\/08\/hydraulic-cylinder-product-4-1024x510.webp\" alt=\"\" width=\"1024\" height=\"510\" srcset=\"https:\/\/hydraulic-cylinders.net\/wp-content\/uploads\/2023\/08\/hydraulic-cylinder-product-4-980x488.webp 980w, https:\/\/hydraulic-cylinders.net\/wp-content\/uploads\/2023\/08\/hydraulic-cylinder-product-4-480x239.webp 480w\" sizes=\"(min-width: 0px) and (max-width: 480px) 480px, (min-width: 481px) and (max-width: 980px) 980px, (min-width: 981px) 1024px, 100vw\" \/><\/p>\n<h3>(4) Pintura e revestimento<\/h3>\n<p>Com linhas de revestimento de tinta \u00e0 base de \u00e1gua autom\u00e1ticas de cilindros de pequeno e m\u00e9dio porte, para obter carregamento e descarregamento autom\u00e1ticos de rob\u00f4s e pulveriza\u00e7\u00e3o autom\u00e1tica, a capacidade projetada \u00e9 de 4.000 pe\u00e7as por turno;<br \/>\nTamb\u00e9m temos uma linha de produ\u00e7\u00e3o de tinta semiautom\u00e1tica para cilindros grandes, acionada por uma corrente el\u00e9trica, com capacidade de projeto de 60 caixas por turno.<\/p>\n<p><img loading=\"lazy\" decoding=\"async\" class=\"alignnone wp-image-630\" src=\"https:\/\/hydraulic-cylinders.net\/wp-content\/uploads\/2023\/08\/hydraulic-cylinder-product-5-300x213.webp\" alt=\"\" width=\"366\" height=\"260\" \/> <img loading=\"lazy\" decoding=\"async\" class=\"alignnone wp-image-631\" src=\"https:\/\/hydraulic-cylinders.net\/wp-content\/uploads\/2023\/08\/hydraulic-cylinder-product-6-300x225.webp\" alt=\"\" width=\"347\" height=\"260\" \/><\/p>\n<h3>(5) Testes<\/h3>\n<p>Temos instala\u00e7\u00f5es de inspe\u00e7\u00e3o e bancos de teste de primeira classe para garantir que o desempenho do cilindro atenda aos requisitos.<\/p>\n<p><img loading=\"lazy\" decoding=\"async\" class=\"alignnone wp-image-632\" src=\"https:\/\/hydraulic-cylinders.net\/wp-content\/uploads\/2023\/08\/hydraulic-cylinder-product-8-300x200.webp\" alt=\"\" width=\"389\" height=\"260\" \/><\/p>\n<p>&nbsp;<\/p>\n<p>&nbsp;<\/p>\n<p>Somos um dos melhores fabricantes de cilindros hidr\u00e1ulicos compactos. Oferecemos um estoque completo de cilindros hidr\u00e1ulicos compactos. Tamb\u00e9m fornecemos <a href=\"https:\/\/hzpt.com\/agricultural-pto-gearbox\/\" target=\"_blank\" rel=\"noopener\">caixas de c\u00e2mbio agr\u00edcolas<\/a>. Exportamos nossos produtos para clientes em todo o mundo e conquistamos uma boa reputa\u00e7\u00e3o devido \u00e0 qualidade superior de nossos produtos e ao servi\u00e7o p\u00f3s-venda. Convidamos clientes nacionais e estrangeiros a entrar em contato conosco para negociar neg\u00f3cios, trocar informa\u00e7\u00f5es e <a href=\"https:\/\/www.hydraulic-cylinders.net\/pt\/contact-us\/\">cooperar conosco<\/a>!<\/p>\n<h2><\/h2>","protected":false},"excerpt":{"rendered":"<p>Pin Joint Two Stage Telescopic Hydraulic Cylinder The pin joint two-stage telescopic hydraulic cylinder is a cutting-edge hydraulic element designed to provide efficient and reliable power transmission for a variety of industrial applications. With its innovative design, superior performance, and versatility, this hydraulic cylinder offers precise control and increased productivity. Whether used in construction, agriculture, [&hellip;]<\/p>","protected":false},"featured_media":1284,"comment_status":"open","ping_status":"closed","template":"","meta":{"_et_pb_use_builder":"","_et_pb_old_content":"","_et_gb_content_width":""},"product_brand":[],"product_cat":[1376,1393],"product_tag":[1380],"class_list":{"0":"post-1282","1":"product","2":"type-product","3":"status-publish","4":"has-post-thumbnail","6":"product_cat-hydraulic-cylinder","7":"product_cat-telescopic-hydraulic-cylinder","8":"product_tag-hydraulic-cylinder","10":"first","11":"instock","12":"shipping-taxable","13":"product-type-simple"},"amp_enabled":true,"_links":{"self":[{"href":"https:\/\/www.hydraulic-cylinders.net\/pt\/wp-json\/wp\/v2\/product\/1282","targetHints":{"allow":["GET"]}}],"collection":[{"href":"https:\/\/www.hydraulic-cylinders.net\/pt\/wp-json\/wp\/v2\/product"}],"about":[{"href":"https:\/\/www.hydraulic-cylinders.net\/pt\/wp-json\/wp\/v2\/types\/product"}],"replies":[{"embeddable":true,"href":"https:\/\/www.hydraulic-cylinders.net\/pt\/wp-json\/wp\/v2\/comments?post=1282"}],"wp:featuredmedia":[{"embeddable":true,"href":"https:\/\/www.hydraulic-cylinders.net\/pt\/wp-json\/wp\/v2\/media\/1284"}],"wp:attachment":[{"href":"https:\/\/www.hydraulic-cylinders.net\/pt\/wp-json\/wp\/v2\/media?parent=1282"}],"wp:term":[{"taxonomy":"product_brand","embeddable":true,"href":"https:\/\/www.hydraulic-cylinders.net\/pt\/wp-json\/wp\/v2\/product_brand?post=1282"},{"taxonomy":"product_cat","embeddable":true,"href":"https:\/\/www.hydraulic-cylinders.net\/pt\/wp-json\/wp\/v2\/product_cat?post=1282"},{"taxonomy":"product_tag","embeddable":true,"href":"https:\/\/www.hydraulic-cylinders.net\/pt\/wp-json\/wp\/v2\/product_tag?post=1282"}],"curies":[{"name":"wp","href":"https:\/\/api.w.org\/{rel}","templated":true}]}}