{"id":1286,"date":"2023-09-15T08:52:26","date_gmt":"2023-09-15T08:52:26","guid":{"rendered":"https:\/\/hydraulic-cylinders.net\/?post_type=product&#038;p=1286"},"modified":"2025-03-27T01:00:52","modified_gmt":"2025-03-27T01:00:52","slug":"earring-joint-two-stage-telescopic-hydraulic-cylinder","status":"publish","type":"product","link":"https:\/\/www.hydraulic-cylinders.net\/pt\/produto\/earring-joint-two-stage-telescopic-hydraulic-cylinder\/","title":{"rendered":"Cilindro hidr\u00e1ulico telesc\u00f3pico de dois est\u00e1gios com junta de brinco"},"content":{"rendered":"<h1 style=\"text-align: center;\"><strong>Cilindro hidr\u00e1ulico telesc\u00f3pico de dois est\u00e1gios com junta de brinco<\/strong><\/h1>\n<p>O cilindro hidr\u00e1ulico telesc\u00f3pico de dois est\u00e1gios com junta de encaixe \u00e9 um dispositivo hidr\u00e1ulico de \u00faltima gera\u00e7\u00e3o, projetado para proporcionar transmiss\u00e3o de pot\u00eancia eficiente em diversas aplica\u00e7\u00f5es industriais. Com seu design inovador, desempenho superior e versatilidade, este cilindro hidr\u00e1ulico oferece controle preciso e maior produtividade. Sejam utilizados na constru\u00e7\u00e3o civil, movimenta\u00e7\u00e3o de materiais ou m\u00e1quinas agr\u00edcolas, os cilindros hidr\u00e1ulicos telesc\u00f3picos de dois est\u00e1gios com junta de encaixe s\u00e3o projetados para otimizar a opera\u00e7\u00e3o hidr\u00e1ulica e proporcionar resultados excepcionais.<\/p>\n<p>Os cilindros compactos da s\u00e9rie CX s\u00e3o utilizados para fixa\u00e7\u00e3o de cilindros. Sua instala\u00e7\u00e3o \u00e9 pequena. Nossa f\u00e1brica possui equipamentos hidr\u00e1ulicos avan\u00e7ados, incluindo um centro de usinagem vertical e horizontal e cilindros hidr\u00e1ulicos de m\u00e9dio e grande porte. A tecnologia de produ\u00e7\u00e3o de cilindros finos \u00e9 excelente.<\/p>\n<p><img loading=\"lazy\" decoding=\"async\" class=\"aligncenter wp-image-1287\" src=\"https:\/\/hydraulic-cylinders.net\/wp-content\/uploads\/2023\/09\/two-stage-telescopic-hydraulic-cylinder-3-300x300.webp\" alt=\"\" width=\"400\" height=\"400\" \/><\/p>\n<h2><strong>Par\u00e2metro do cilindro hidr\u00e1ulico telesc\u00f3pico de dois est\u00e1gios com junta de brinco:<\/strong><\/h2>\n<p><img loading=\"lazy\" decoding=\"async\" class=\"alignnone wp-image-1289 size-full\" src=\"https:\/\/hydraulic-cylinders.net\/wp-content\/uploads\/2023\/09\/two-stage-telescopic-hydraulic-cylinder-3-2.webp\" alt=\"\" width=\"1430\" height=\"1123\" srcset=\"https:\/\/hydraulic-cylinders.net\/wp-content\/uploads\/2023\/09\/two-stage-telescopic-hydraulic-cylinder-3-2.webp 1430w, https:\/\/hydraulic-cylinders.net\/wp-content\/uploads\/2023\/09\/two-stage-telescopic-hydraulic-cylinder-3-2-1280x1005.webp 1280w, https:\/\/hydraulic-cylinders.net\/wp-content\/uploads\/2023\/09\/two-stage-telescopic-hydraulic-cylinder-3-2-980x770.webp 980w, https:\/\/hydraulic-cylinders.net\/wp-content\/uploads\/2023\/09\/two-stage-telescopic-hydraulic-cylinder-3-2-480x377.webp 480w\" sizes=\"(min-width: 0px) and (max-width: 480px) 480px, (min-width: 481px) and (max-width: 980px) 980px, (min-width: 981px) and (max-width: 1280px) 1280px, (min-width: 1281px) 1430px, 100vw\" \/><\/p>\n<h2><strong>Cilindro hidr\u00e1ulico telesc\u00f3pico de dois est\u00e1gios com junta de brinco <\/strong><strong>Principais recursos e benef\u00edcios<\/strong><strong>:<\/strong><\/h2>\n<ol>\n<li><strong>Design telesc\u00f3pico de dois est\u00e1gios:<\/strong>\n<ul>\n<li>O cilindro hidr\u00e1ulico telesc\u00f3pico de dois est\u00e1gios com junta de brinco tem um design telesc\u00f3pico de dois est\u00e1gios que aumenta o comprimento do curso, mantendo um tamanho retr\u00e1til compacto.<\/li>\n<li>Este design proporciona maior alcance sem comprometer as restri\u00e7\u00f5es de espa\u00e7o, tornando-o ideal para aplica\u00e7\u00f5es onde dist\u00e2ncia e compacta\u00e7\u00e3o s\u00e3o essenciais.<\/li>\n<\/ul>\n<\/li>\n<li><strong>Constru\u00e7\u00e3o da junta do brinco:<\/strong>\n<ul>\n<li>O cilindro \u00e9 equipado com uma constru\u00e7\u00e3o de junta de brinco, que permite um movimento suave e sincronizado dos est\u00e1gios telesc\u00f3picos.<\/li>\n<li>O mecanismo de articula\u00e7\u00e3o do brinco garante estabilidade, alinhamento preciso e excelente capacidade de carga durante a opera\u00e7\u00e3o.<\/li>\n<\/ul>\n<\/li>\n<li><strong>Controle preciso:<\/strong>\n<ul>\n<li>O cilindro hidr\u00e1ulico telesc\u00f3pico de dois est\u00e1gios com junta de brinco proporciona excelente controle de expans\u00e3o e contra\u00e7\u00e3o, permitindo posicionamento preciso e opera\u00e7\u00e3o eficiente.<\/li>\n<li>O mecanismo de controle de precis\u00e3o garante movimentos suaves e controlados, melhorando a produtividade e a precis\u00e3o geral.<\/li>\n<\/ul>\n<\/li>\n<li><strong>Alta capacidade de carga:<\/strong>\n<ul>\n<li>Projetados para lidar com cargas pesadas e aplica\u00e7\u00f5es industriais exigentes, os cilindros hidr\u00e1ulicos telesc\u00f3picos de dois est\u00e1gios com junta de brinco oferecem excelente capacidade de carga.<\/li>\n<li>Ele pode levantar, empurrar ou puxar grandes quantidades de peso, o que o torna uma escolha confi\u00e1vel para tarefas que exigem muita for\u00e7a.<\/li>\n<\/ul>\n<\/li>\n<\/ol>\n<h2><strong>Cilindro hidr\u00e1ulico telesc\u00f3pico de dois est\u00e1gios com junta de brinco <\/strong><strong>M\u00e9todo de uso<\/strong><strong>:<\/strong><\/h2>\n<ol>\n<li><strong>Montagem e instala\u00e7\u00e3o:<\/strong>\n<ul>\n<li>Determine o local apropriado para a instala\u00e7\u00e3o do cilindro hidr\u00e1ulico telesc\u00f3pico secund\u00e1rio da junta de brinco de acordo com seu equipamento ou requisitos mec\u00e2nicos.<\/li>\n<li>Certifique-se de que a superf\u00edcie de montagem seja forte, nivelada e possa suportar com seguran\u00e7a o peso e a carga do cilindro.<\/li>\n<\/ul>\n<\/li>\n<li><strong>Conex\u00e3o do sistema hidr\u00e1ulico:<\/strong>\n<ul>\n<li>Conecte o cilindro hidr\u00e1ulico ao sistema hidr\u00e1ulico usando uma mangueira ou tubo hidr\u00e1ulico compat\u00edvel.<\/li>\n<li>O alinhamento adequado e as conex\u00f5es firmes evitam vazamentos e garantem o desempenho ideal.<\/li>\n<\/ul>\n<\/li>\n<li><strong>Operando o Cilindro:<\/strong>\n<ul>\n<li>Acione o sistema hidr\u00e1ulico e inicie o movimento do cilindro hidr\u00e1ulico telesc\u00f3pico secund\u00e1rio do conector do brinco.<\/li>\n<li>Use um sistema de controle hidr\u00e1ulico, como uma v\u00e1lvula ou alavanca, para controlar com precis\u00e3o a extens\u00e3o e a contra\u00e7\u00e3o do cilindro para uma opera\u00e7\u00e3o eficiente.<\/li>\n<\/ul>\n<\/li>\n<\/ol>\n<h2><strong>Como funciona um cilindro hidr\u00e1ulico unidirecional?<\/strong><\/h2>\n<p>Um cilindro hidr\u00e1ulico unidirecional de simples a\u00e7\u00e3o opera usando um sistema hidr\u00e1ulico para gerar movimento linear em uma dire\u00e7\u00e3o. Ele consiste em um cilindro, pist\u00e3o, haste e fluido hidr\u00e1ulico. Veja como funciona:<\/p>\n<ol>\n<li><strong>Fornecimento de fluido hidr\u00e1ulico:<\/strong>\n<ul>\n<li>O sistema hidr\u00e1ulico fornece fluido pressurizado, normalmente \u00f3leo, ao cilindro por meio de uma bomba hidr\u00e1ulica ou fonte de energia.<\/li>\n<\/ul>\n<\/li>\n<li><strong>Extens\u00e3o do cilindro:<\/strong>\n<ul>\n<li>Quando o fluido hidr\u00e1ulico \u00e9 fornecido ao cilindro, ele entra no tambor do cilindro por meio de uma porta de entrada.<\/li>\n<li>O fluido pressurizado empurra o pist\u00e3o, fazendo com que ele se mova na dire\u00e7\u00e3o desejada (normalmente estendendo a haste do pist\u00e3o).<\/li>\n<li>\u00c0 medida que a press\u00e3o do fluido aumenta, ela supera a resist\u00eancia ou a carga no pist\u00e3o, resultando na extens\u00e3o da haste do pist\u00e3o.<\/li>\n<\/ul>\n<\/li>\n<li><strong>Mecanismo de veda\u00e7\u00e3o:<\/strong>\n<ul>\n<li>O cilindro \u00e9 vedado para evitar vazamento de fluido. Normalmente, ele incorpora veda\u00e7\u00f5es ao redor do pist\u00e3o e da haste do pist\u00e3o, como O-rings ou veda\u00e7\u00f5es de l\u00e1bio.<\/li>\n<li>Essas veda\u00e7\u00f5es garantem que o fluido pressurizado atue somente em um lado do pist\u00e3o, criando um desequil\u00edbrio de press\u00e3o que impulsiona o pist\u00e3o na dire\u00e7\u00e3o desejada.<\/li>\n<\/ul>\n<\/li>\n<li><strong>Curso de retorno:<\/strong>\n<ul>\n<li>Ap\u00f3s o curso de extens\u00e3o, o fluido hidr\u00e1ulico \u00e9 liberado ou expelido do cilindro.<\/li>\n<li>O sistema hidr\u00e1ulico pode usar a gravidade, uma mola ou uma for\u00e7a externa para retrair o pist\u00e3o e a haste do pist\u00e3o para suas posi\u00e7\u00f5es iniciais.<\/li>\n<li>Durante o curso de retorno, o fluido hidr\u00e1ulico flui para fora do cilindro por meio de uma porta de sa\u00edda.<\/li>\n<\/ul>\n<\/li>\n<li><strong>Suporte de carga:<\/strong>\n<ul>\n<li>A haste do pist\u00e3o do cilindro hidr\u00e1ulico geralmente \u00e9 conectada a uma carga ou mecanismo que requer movimento ou for\u00e7a linear.<\/li>\n<li>\u00c0 medida que o pist\u00e3o se estende ou retrai, ele fornece a for\u00e7a necess\u00e1ria para mover ou suportar a carga.<\/li>\n<\/ul>\n<\/li>\n<li><strong>Controle e v\u00e1lvulas:<\/strong>\n<ul>\n<li>Para controlar a extens\u00e3o e a retra\u00e7\u00e3o do cilindro hidr\u00e1ulico unidirecional, o sistema hidr\u00e1ulico incorpora v\u00e1lvulas, como v\u00e1lvulas de reten\u00e7\u00e3o ou v\u00e1lvulas de controle direcional.<\/li>\n<li>Essas v\u00e1lvulas regulam o fluxo do fluido hidr\u00e1ulico, permitindo que ele entre e saia do cilindro na dire\u00e7\u00e3o desejada.<\/li>\n<\/ul>\n<\/li>\n<li><strong>Especificidades do aplicativo:<\/strong>\n<ul>\n<li>Os cilindros hidr\u00e1ulicos unidirecionais s\u00e3o comumente usados em aplica\u00e7\u00f5es em que a for\u00e7a ou o movimento \u00e9 necess\u00e1rio em apenas uma dire\u00e7\u00e3o, como eleva\u00e7\u00e3o, empurr\u00e3o ou fixa\u00e7\u00e3o.<\/li>\n<li>Eles s\u00e3o frequentemente encontrados em macacos hidr\u00e1ulicos, prensas hidr\u00e1ulicas, caminh\u00f5es basculantes e v\u00e1rios outros equipamentos industriais e m\u00f3veis.<\/li>\n<\/ul>\n<\/li>\n<\/ol>\n<h2><strong>Aptid\u00e3o e capacidade da f\u00e1brica:<\/strong><\/h2>\n<h3>(1) Montagem<\/h3>\n<p>Temos uma plataforma de montagem de pesquisa e desenvolvimento independente de primeira classe. A oficina de produ\u00e7\u00e3o de cilindros hidr\u00e1ulicos tem quatro linhas de montagem semiautom\u00e1ticas de cilindros de eleva\u00e7\u00e3o e uma linha de montagem autom\u00e1tica de cilindros de inclina\u00e7\u00e3o, com uma capacidade de produ\u00e7\u00e3o anual projetada de 1 milh\u00e3o de pe\u00e7as. A oficina de cilindros especiais \u00e9 equipada com v\u00e1rias especifica\u00e7\u00f5es de um sistema de montagem de limpeza semiautom\u00e1tica com uma capacidade de produ\u00e7\u00e3o anual projetada de 200.000 pe\u00e7as e equipada com famosos equipamentos de usinagem CNC, um centro de usinagem, um equipamento especial de processamento de cilindros de alta precis\u00e3o, uma m\u00e1quina de solda robotizada, uma m\u00e1quina de limpeza autom\u00e1tica, uma m\u00e1quina de montagem autom\u00e1tica de cilindros e uma linha de produ\u00e7\u00e3o de pintura autom\u00e1tica. O equipamento cr\u00edtico existente \u00e9 de mais de 300 conjuntos (conjuntos). A aloca\u00e7\u00e3o ideal e o uso eficiente dos recursos do equipamento garantem os requisitos de precis\u00e3o dos produtos e atendem \u00e0s necessidades de alta qualidade dos produtos.<\/p>\n<p><img loading=\"lazy\" decoding=\"async\" class=\"alignnone wp-image-626\" src=\"https:\/\/hydraulic-cylinders.net\/wp-content\/uploads\/2023\/08\/hydraulic-cylinder-product-1-300x158.webp\" alt=\"\" width=\"495\" height=\"260\" srcset=\"https:\/\/hydraulic-cylinders.net\/wp-content\/uploads\/2023\/08\/hydraulic-cylinder-product-1-300x158.webp 495w, https:\/\/hydraulic-cylinders.net\/wp-content\/uploads\/2023\/08\/hydraulic-cylinder-product-1-480x252.webp 480w\" sizes=\"(min-width: 0px) and (max-width: 480px) 480px, (min-width: 481px) 495px, 100vw\" \/> <img loading=\"lazy\" decoding=\"async\" class=\"alignnone wp-image-627\" src=\"https:\/\/hydraulic-cylinders.net\/wp-content\/uploads\/2023\/08\/hydraulic-cylinder-product-2-300x189.webp\" alt=\"\" width=\"413\" height=\"260\" \/><\/p>\n<h3>(2) Usinagem<\/h3>\n<p>A oficina de usinagem \u00e9 equipada com um centro de torneamento de trilho inclinado personalizado, um centro de usinagem, uma m\u00e1quina de brunimento de alta velocidade, um rob\u00f4 de soldagem e outros equipamentos relacionados, que podem lidar com o processamento de tubos de cilindros com di\u00e2metro interno m\u00e1ximo de 400 mm e comprimento m\u00e1ximo de 6 metros.<\/p>\n<p><img loading=\"lazy\" decoding=\"async\" class=\"alignnone wp-image-628 size-large\" src=\"https:\/\/hydraulic-cylinders.net\/wp-content\/uploads\/2023\/08\/hydraulic-cylinder-product-3-1024x391.webp\" alt=\"\" width=\"1024\" height=\"391\" srcset=\"https:\/\/hydraulic-cylinders.net\/wp-content\/uploads\/2023\/08\/hydraulic-cylinder-product-3-980x374.webp 980w, https:\/\/hydraulic-cylinders.net\/wp-content\/uploads\/2023\/08\/hydraulic-cylinder-product-3-480x183.webp 480w\" sizes=\"(min-width: 0px) and (max-width: 480px) 480px, (min-width: 481px) and (max-width: 980px) 980px, (min-width: 981px) 1024px, 100vw\" \/><\/p>\n<h3>(3) Soldagem<\/h3>\n<p><img loading=\"lazy\" decoding=\"async\" class=\"alignnone wp-image-629 size-large\" src=\"https:\/\/hydraulic-cylinders.net\/wp-content\/uploads\/2023\/08\/hydraulic-cylinder-product-4-1024x510.webp\" alt=\"\" width=\"1024\" height=\"510\" srcset=\"https:\/\/hydraulic-cylinders.net\/wp-content\/uploads\/2023\/08\/hydraulic-cylinder-product-4-980x488.webp 980w, https:\/\/hydraulic-cylinders.net\/wp-content\/uploads\/2023\/08\/hydraulic-cylinder-product-4-480x239.webp 480w\" sizes=\"(min-width: 0px) and (max-width: 480px) 480px, (min-width: 481px) and (max-width: 980px) 980px, (min-width: 981px) 1024px, 100vw\" \/><\/p>\n<h3>(4) Pintura e revestimento<\/h3>\n<p>Com linhas de revestimento de tinta \u00e0 base de \u00e1gua autom\u00e1ticas de cilindros de pequeno e m\u00e9dio porte, para obter carregamento e descarregamento autom\u00e1ticos de rob\u00f4s e pulveriza\u00e7\u00e3o autom\u00e1tica, a capacidade projetada \u00e9 de 4.000 pe\u00e7as por turno;<br \/>\nTamb\u00e9m temos uma linha de produ\u00e7\u00e3o de tinta semiautom\u00e1tica para cilindros grandes, acionada por uma corrente el\u00e9trica, com capacidade de projeto de 60 caixas por turno.<\/p>\n<p><img loading=\"lazy\" decoding=\"async\" class=\"alignnone wp-image-630\" src=\"https:\/\/hydraulic-cylinders.net\/wp-content\/uploads\/2023\/08\/hydraulic-cylinder-product-5-300x213.webp\" alt=\"\" width=\"366\" height=\"260\" \/> <img loading=\"lazy\" decoding=\"async\" class=\"alignnone wp-image-631\" src=\"https:\/\/hydraulic-cylinders.net\/wp-content\/uploads\/2023\/08\/hydraulic-cylinder-product-6-300x225.webp\" alt=\"\" width=\"347\" height=\"260\" \/><\/p>\n<h3>(5) Testes<\/h3>\n<p>Temos instala\u00e7\u00f5es de inspe\u00e7\u00e3o e bancos de teste de primeira classe para garantir que o desempenho do cilindro atenda aos requisitos.<\/p>\n<p><img loading=\"lazy\" decoding=\"async\" class=\"alignnone wp-image-632\" src=\"https:\/\/hydraulic-cylinders.net\/wp-content\/uploads\/2023\/08\/hydraulic-cylinder-product-8-300x200.webp\" alt=\"\" width=\"389\" height=\"260\" \/><\/p>\n<p>&nbsp;<\/p>\n<p>&nbsp;<\/p>\n<p>Somos um dos melhores fabricantes de cilindros hidr\u00e1ulicos compactos. Oferecemos um estoque completo de cilindros hidr\u00e1ulicos compactos. Tamb\u00e9m fornecemos <a href=\"https:\/\/hzpt.com\/agricultural-pto-gearbox\/\" target=\"_blank\" rel=\"noopener\">caixas de c\u00e2mbio agr\u00edcolas<\/a>. Exportamos nossos produtos para clientes em todo o mundo e conquistamos uma boa reputa\u00e7\u00e3o devido \u00e0 qualidade superior de nossos produtos e ao servi\u00e7o p\u00f3s-venda. Convidamos clientes nacionais e estrangeiros a entrar em contato conosco para negociar neg\u00f3cios, trocar informa\u00e7\u00f5es e <a href=\"https:\/\/www.hydraulic-cylinders.net\/pt\/contact-us\/\">cooperar conosco<\/a>!<\/p>\n<h2><\/h2>\n<h2><\/h2>","protected":false},"excerpt":{"rendered":"<p>Earring Joint Two Stage Telescopic Hydraulic Cylinder The earring joint two-stage telescopic hydraulic cylinder is a cutting-edge hydraulic device designed to provide efficient power transmission in a variety of industrial applications. With its innovative design, superior performance and versatility, this hydraulic cylinder offers precise control and increased productivity. Whether used in construction, material handling, or [&hellip;]<\/p>","protected":false},"featured_media":1288,"comment_status":"open","ping_status":"closed","template":"","meta":{"_et_pb_use_builder":"","_et_pb_old_content":"","_et_gb_content_width":""},"product_brand":[],"product_cat":[1376,1393],"product_tag":[1380],"class_list":{"0":"post-1286","1":"product","2":"type-product","3":"status-publish","4":"has-post-thumbnail","6":"product_cat-hydraulic-cylinder","7":"product_cat-telescopic-hydraulic-cylinder","8":"product_tag-hydraulic-cylinder","10":"first","11":"instock","12":"shipping-taxable","13":"product-type-simple"},"amp_enabled":true,"_links":{"self":[{"href":"https:\/\/www.hydraulic-cylinders.net\/pt\/wp-json\/wp\/v2\/product\/1286","targetHints":{"allow":["GET"]}}],"collection":[{"href":"https:\/\/www.hydraulic-cylinders.net\/pt\/wp-json\/wp\/v2\/product"}],"about":[{"href":"https:\/\/www.hydraulic-cylinders.net\/pt\/wp-json\/wp\/v2\/types\/product"}],"replies":[{"embeddable":true,"href":"https:\/\/www.hydraulic-cylinders.net\/pt\/wp-json\/wp\/v2\/comments?post=1286"}],"wp:featuredmedia":[{"embeddable":true,"href":"https:\/\/www.hydraulic-cylinders.net\/pt\/wp-json\/wp\/v2\/media\/1288"}],"wp:attachment":[{"href":"https:\/\/www.hydraulic-cylinders.net\/pt\/wp-json\/wp\/v2\/media?parent=1286"}],"wp:term":[{"taxonomy":"product_brand","embeddable":true,"href":"https:\/\/www.hydraulic-cylinders.net\/pt\/wp-json\/wp\/v2\/product_brand?post=1286"},{"taxonomy":"product_cat","embeddable":true,"href":"https:\/\/www.hydraulic-cylinders.net\/pt\/wp-json\/wp\/v2\/product_cat?post=1286"},{"taxonomy":"product_tag","embeddable":true,"href":"https:\/\/www.hydraulic-cylinders.net\/pt\/wp-json\/wp\/v2\/product_tag?post=1286"}],"curies":[{"name":"wp","href":"https:\/\/api.w.org\/{rel}","templated":true}]}}