{"id":1420,"date":"2023-09-18T08:30:35","date_gmt":"2023-09-18T08:30:35","guid":{"rendered":"https:\/\/hydraulic-cylinders.net\/?post_type=product&#038;p=1420"},"modified":"2025-04-11T02:57:08","modified_gmt":"2025-04-11T02:57:08","slug":"32-mdc-series-compact-mold-cylinder","status":"publish","type":"product","link":"https:\/\/www.hydraulic-cylinders.net\/pt\/produto\/32-mdc-series-compact-mold-cylinder\/","title":{"rendered":"32 Cilindro de molde compacto da s\u00e9rie MDC"},"content":{"rendered":"<h1 style=\"text-align: center;\"><strong>32 Cilindro de molde compacto da s\u00e9rie MDC<\/strong><\/h1>\n<p>O cilindro de moldagem compacto da S\u00e9rie 32 MDC \u00e9 um cilindro hidr\u00e1ulico eficiente e vers\u00e1til, projetado especificamente para aplica\u00e7\u00f5es em moldes. Com seu design compacto, desempenho superior e constru\u00e7\u00e3o dur\u00e1vel, este cilindro proporciona opera\u00e7\u00e3o confi\u00e1vel e precisa em diversos ambientes industriais. Seja em m\u00e1quinas de moldagem por inje\u00e7\u00e3o, equipamentos de fundi\u00e7\u00e3o sob press\u00e3o ou outras aplica\u00e7\u00f5es relacionadas a moldes, o cilindro de moldagem compacto da S\u00e9rie 32 MDC oferece funcionalidade e produtividade excepcionais.<\/p>\n<p>\u00b7 O MDC \u00e9 um cilindro hidr\u00e1ulico compacto (cx) com uma caixa el\u00e9trica e uma haste de ar\u00edete para controlar com precis\u00e3o a posi\u00e7\u00e3o de n\u00eautrons do molde.<br \/>\n\u00b7 Cilindro hidr\u00e1ulico adequado para uso em moldes pl\u00e1sticos.<\/p>\n<p><img loading=\"lazy\" decoding=\"async\" class=\"wp-image-323230 aligncenter\" src=\"https:\/\/hzpt.com\/wp-content\/uploads\/2023\/09\/mdc-compact-hydraulic-cylinder-7.webp\" alt=\"\" width=\"400\" height=\"400\" \/><\/p>\n<h2><strong>Descri\u00e7\u00e3o do modelo de cilindro de molde compacto:<\/strong><\/h2>\n<p><img loading=\"lazy\" decoding=\"async\" class=\"alignnone size-full wp-image-323234\" src=\"https:\/\/hzpt.com\/wp-content\/uploads\/2023\/09\/mdc-compact-hydraulic-cylinder-2.webp\" alt=\"\" width=\"966\" height=\"882\" \/><\/p>\n<h2><strong>Dados caracter\u00edsticos do cilindro de molde compacto:<\/strong><\/h2>\n<p><img loading=\"lazy\" decoding=\"async\" class=\"alignnone size-full wp-image-323236\" src=\"https:\/\/hzpt.com\/wp-content\/uploads\/2023\/09\/mdc-compact-hydraulic-cylinder-3-1.webp\" alt=\"\" width=\"899\" height=\"262\" \/><\/p>\n<h2><strong>Diagrama de estrutura do cilindro do molde compacto:<\/strong><\/h2>\n<p><img loading=\"lazy\" decoding=\"async\" class=\"alignnone size-full wp-image-323250\" src=\"https:\/\/hzpt.com\/wp-content\/uploads\/2023\/09\/mdc-compact-hydraulic-cylinder-4-1.webp\" alt=\"\" width=\"737\" height=\"808\" \/><\/p>\n<h2><strong>Diagrama de tamanho de conex\u00e3o da haste do pist\u00e3o:<\/strong><\/h2>\n<p><img loading=\"lazy\" decoding=\"async\" class=\"alignnone size-large wp-image-323239\" src=\"https:\/\/hzpt.com\/wp-content\/uploads\/2023\/09\/mdc-compact-hydraulic-cylinder-5-787x1024.webp\" alt=\"\" width=\"787\" height=\"1024\" \/><\/p>\n<h2><strong>Posi\u00e7\u00e3o da fivela da caixa el\u00e9trica, posi\u00e7\u00e3o da porta de \u00f3leo e posi\u00e7\u00e3o da sa\u00edda de distribui\u00e7\u00e3o:<\/strong><\/h2>\n<p><img loading=\"lazy\" decoding=\"async\" class=\"alignnone size-large wp-image-323241\" src=\"https:\/\/hzpt.com\/wp-content\/uploads\/2023\/09\/mdc-compact-hydraulic-cylinder-6-616x1024.webp\" alt=\"\" width=\"616\" height=\"1024\" \/><\/p>\n<h2><strong>Par\u00e2metros do cilindro de molde compacto da s\u00e9rie 32 MDC:<\/strong><\/h2>\n<p><img loading=\"lazy\" decoding=\"async\" class=\"alignnone size-large wp-image-323240\" src=\"https:\/\/hzpt.com\/wp-content\/uploads\/2023\/09\/mdc-compact-hydraulic-cylinder-7-1-903x1024.webp\" alt=\"\" width=\"903\" height=\"1024\" \/><\/p>\n<h2><strong>Principais caracter\u00edsticas e benef\u00edcios do cilindro de molde compacto da s\u00e9rie 32 MDC:<\/strong><\/h2>\n<ol>\n<li><strong>Design compacto:<\/strong>\n<ul>\n<li>Os cilindros de moldagem compactos da s\u00e9rie 32 MDC apresentam um design compacto que pode ser facilmente integrado em espa\u00e7os estreitos e aplica\u00e7\u00f5es de moldagem com folga limitada.<\/li>\n<li>Seu design compacto garante o uso ideal do espa\u00e7o de trabalho dispon\u00edvel, mantendo um alto desempenho.<\/li>\n<\/ul>\n<\/li>\n<li><strong>Alta precis\u00e3o e exatid\u00e3o:<\/strong>\n<ul>\n<li>O cilindro foi projetado para proporcionar movimentos precisos e exatos, garantindo resultados consistentes e repet\u00edveis na opera\u00e7\u00e3o do molde.<\/li>\n<li>Proporciona excelente controle sobre as a\u00e7\u00f5es de abertura, fechamento e fixa\u00e7\u00e3o do molde, possibilitando uma produ\u00e7\u00e3o de alta qualidade.<\/li>\n<\/ul>\n<\/li>\n<li><strong>Constru\u00e7\u00e3o robusta:<\/strong>\n<ul>\n<li>Os cilindros de moldagem compactos da s\u00e9rie 32 MDC apresentam materiais e componentes de alta qualidade para suportar condi\u00e7\u00f5es operacionais exigentes.<\/li>\n<li>Possui excelente durabilidade, resist\u00eancia ao desgaste e vida \u00fatil prolongada, minimizando o tempo de inatividade e os custos de manuten\u00e7\u00e3o.<\/li>\n<\/ul>\n<\/li>\n<li><strong>Tempo de resposta r\u00e1pido:<\/strong>\n<ul>\n<li>Com seu sistema hidr\u00e1ulico eficiente e design otimizado, o cilindro proporciona tempos de resposta r\u00e1pidos e reduz os tempos de ciclo para opera\u00e7\u00f5es de moldagem.<\/li>\n<li>Uma resposta r\u00e1pida pode melhorar a produtividade e aumentar a produ\u00e7\u00e3o.<\/li>\n<\/ul>\n<\/li>\n<\/ol>\n<h2><strong>Como desmontar o cilindro hidr\u00e1ulico?<\/strong><\/h2>\n<p>Para desmontar um cilindro hidr\u00e1ulico, siga estes passos gerais:<\/p>\n<ol>\n<li><strong>Precau\u00e7\u00f5es de seguran\u00e7a:<\/strong>\n<ul>\n<li>Antes de come\u00e7ar, certifique-se de que o sistema hidr\u00e1ulico esteja despressurizado e a fonte de alimenta\u00e7\u00e3o desconectada.<\/li>\n<li>Utilize equipamentos de prote\u00e7\u00e3o individual adequados, como luvas e \u00f3culos de seguran\u00e7a, para se proteger de poss\u00edveis riscos.<\/li>\n<\/ul>\n<\/li>\n<li><strong>Posicionamento e suporte:<\/strong>\n<ul>\n<li>Coloque o cilindro hidr\u00e1ulico sobre uma superf\u00edcie de trabalho est\u00e1vel, garantindo que esteja adequadamente apoiado para evitar movimentos acidentais ou danos.<\/li>\n<\/ul>\n<\/li>\n<li><strong>Remover componentes externos:<\/strong>\n<ul>\n<li>Desconecte todos os componentes externos conectados ao cilindro, como mangueiras, conex\u00f5es ou suportes de montagem.<\/li>\n<li>Utilize ferramentas adequadas, como chaves ou alicates, para soltar e remover esses componentes com cuidado.<\/li>\n<\/ul>\n<\/li>\n<li><strong>Drenar o fluido hidr\u00e1ulico:<\/strong>\n<ul>\n<li>Localize o buj\u00e3o ou a v\u00e1lvula de drenagem no cilindro e remova-a para permitir que o fluido hidr\u00e1ulico escorra para um recipiente adequado.<\/li>\n<li>Posicione o cilindro de forma a facilitar a drenagem completa.<\/li>\n<\/ul>\n<\/li>\n<li><strong>Desmontar as tampas das extremidades:<\/strong>\n<ul>\n<li>Identifique as tampas das extremidades do cilindro hidr\u00e1ulico. Elas geralmente est\u00e3o localizadas em cada extremidade do corpo do cilindro.<\/li>\n<li>Remova os parafusos, porcas ou fixadores, prendendo as tampas das extremidades com as ferramentas apropriadas.<\/li>\n<li>Se necess\u00e1rio, bata levemente nas tampas das extremidades com um martelo de borracha para romper qualquer veda\u00e7\u00e3o ou adesivo.<\/li>\n<\/ul>\n<\/li>\n<li><strong>Componentes cil\u00edndricos separados:<\/strong>\n<ul>\n<li>Com as tampas das extremidades removidas, deslize cuidadosamente o pist\u00e3o e a haste do pist\u00e3o para fora do cilindro.<\/li>\n<li>Por favor, verifique se h\u00e1 veda\u00e7\u00f5es, rolamentos ou buchas presentes e remova-os conforme necess\u00e1rio.<\/li>\n<li>Preste aten\u00e7\u00e3o \u00e0 ordem e \u00e0 orienta\u00e7\u00e3o dos componentes para facilitar a remontagem.<\/li>\n<\/ul>\n<\/li>\n<li><strong>Inspecionar e limpar os componentes:<\/strong>\n<ul>\n<li>Inspecione cada componente desmontado em busca de sinais de desgaste, danos ou contamina\u00e7\u00e3o.<\/li>\n<li>Limpe todos os componentes usando um solvente ou produto de limpeza apropriado para remover sujeira, detritos ou lubrificante antigo.<\/li>\n<li>Use um pano macio ou uma escova para limpar delicadamente as superf\u00edcies sem causar danos.<\/li>\n<\/ul>\n<\/li>\n<li><strong>Substituir ou reparar componentes:<\/strong>\n<ul>\n<li>Se algum componente apresentar desgaste ou dano significativo, considere substitu\u00ed-lo por um novo.<\/li>\n<li>Reparar ou reconstruir componentes, como substituir veda\u00e7\u00f5es ou recondicionar a haste do pist\u00e3o.<\/li>\n<\/ul>\n<\/li>\n<li><strong>Remontagem:<\/strong>\n<ul>\n<li>Siga a ordem inversa da desmontagem para remontar o cilindro hidr\u00e1ulico, garantindo o alinhamento e a orienta\u00e7\u00e3o corretos dos componentes.<\/li>\n<li>Durante a remontagem, lubrifique as pe\u00e7as apropriadas com o fluido hidr\u00e1ulico ou lubrificante recomendado.<\/li>\n<li>Aperte todos os fixadores de acordo com as especifica\u00e7\u00f5es do fabricante, utilizando uma chave dinamom\u00e9trica, se necess\u00e1rio.<\/li>\n<\/ul>\n<\/li>\n<li><strong>Teste e inspe\u00e7\u00e3o:<\/strong><\/li>\n<\/ol>\n<ul>\n<li>Ap\u00f3s a remontagem, realize uma inspe\u00e7\u00e3o minuciosa para garantir que todos os componentes estejam alinhados e fixados corretamente.<\/li>\n<li>Teste o cilindro hidr\u00e1ulico de forma controlada para verificar seu funcionamento e detectar vazamentos ou opera\u00e7\u00f5es anormais.<\/li>\n<\/ul>\n<h2><strong>Aptid\u00e3o e capacidade da f\u00e1brica:<\/strong><\/h2>\n<h3>(1) Montagem<\/h3>\n<p>Temos uma plataforma de montagem de pesquisa e desenvolvimento independente de primeira classe. A oficina de produ\u00e7\u00e3o de cilindros hidr\u00e1ulicos tem quatro linhas de montagem semiautom\u00e1ticas de cilindros de eleva\u00e7\u00e3o e uma linha de montagem autom\u00e1tica de cilindros de inclina\u00e7\u00e3o, com uma capacidade de produ\u00e7\u00e3o anual projetada de 1 milh\u00e3o de pe\u00e7as. A oficina de cilindros especiais \u00e9 equipada com v\u00e1rias especifica\u00e7\u00f5es de um sistema de montagem de limpeza semiautom\u00e1tica com uma capacidade de produ\u00e7\u00e3o anual projetada de 200.000 pe\u00e7as e equipada com famosos equipamentos de usinagem CNC, um centro de usinagem, um equipamento especial de processamento de cilindros de alta precis\u00e3o, uma m\u00e1quina de solda robotizada, uma m\u00e1quina de limpeza autom\u00e1tica, uma m\u00e1quina de montagem autom\u00e1tica de cilindros e uma linha de produ\u00e7\u00e3o de pintura autom\u00e1tica. O equipamento cr\u00edtico existente \u00e9 de mais de 300 conjuntos (conjuntos). A aloca\u00e7\u00e3o ideal e o uso eficiente dos recursos do equipamento garantem os requisitos de precis\u00e3o dos produtos e atendem \u00e0s necessidades de alta qualidade dos produtos.<\/p>\n<p><img loading=\"lazy\" decoding=\"async\" class=\"alignnone wp-image-626\" src=\"https:\/\/hydraulic-cylinders.net\/wp-content\/uploads\/2023\/08\/hydraulic-cylinder-product-1-300x158.webp\" alt=\"\" width=\"495\" height=\"260\" srcset=\"https:\/\/hydraulic-cylinders.net\/wp-content\/uploads\/2023\/08\/hydraulic-cylinder-product-1-300x158.webp 495w, https:\/\/hydraulic-cylinders.net\/wp-content\/uploads\/2023\/08\/hydraulic-cylinder-product-1-480x252.webp 480w\" sizes=\"(min-width: 0px) and (max-width: 480px) 480px, (min-width: 481px) 495px, 100vw\" \/> <img loading=\"lazy\" decoding=\"async\" class=\"alignnone wp-image-627\" src=\"https:\/\/hydraulic-cylinders.net\/wp-content\/uploads\/2023\/08\/hydraulic-cylinder-product-2-300x189.webp\" alt=\"\" width=\"413\" height=\"260\" \/><\/p>\n<h3>(2) Usinagem<\/h3>\n<p>A oficina de usinagem \u00e9 equipada com um centro de torneamento de trilho inclinado personalizado, um centro de usinagem, uma m\u00e1quina de brunimento de alta velocidade, um rob\u00f4 de soldagem e outros equipamentos relacionados, que podem lidar com o processamento de tubos de cilindros com di\u00e2metro interno m\u00e1ximo de 400 mm e comprimento m\u00e1ximo de 6 metros.<\/p>\n<p><img loading=\"lazy\" decoding=\"async\" class=\"alignnone wp-image-628 size-large\" src=\"https:\/\/hydraulic-cylinders.net\/wp-content\/uploads\/2023\/08\/hydraulic-cylinder-product-3-1024x391.webp\" alt=\"\" width=\"1024\" height=\"391\" srcset=\"https:\/\/hydraulic-cylinders.net\/wp-content\/uploads\/2023\/08\/hydraulic-cylinder-product-3-980x374.webp 980w, https:\/\/hydraulic-cylinders.net\/wp-content\/uploads\/2023\/08\/hydraulic-cylinder-product-3-480x183.webp 480w\" sizes=\"(min-width: 0px) and (max-width: 480px) 480px, (min-width: 481px) and (max-width: 980px) 980px, (min-width: 981px) 1024px, 100vw\" \/><\/p>\n<h3>(3) Soldagem<\/h3>\n<p><img loading=\"lazy\" decoding=\"async\" class=\"alignnone wp-image-629 size-large\" src=\"https:\/\/hydraulic-cylinders.net\/wp-content\/uploads\/2023\/08\/hydraulic-cylinder-product-4-1024x510.webp\" alt=\"\" width=\"1024\" height=\"510\" srcset=\"https:\/\/hydraulic-cylinders.net\/wp-content\/uploads\/2023\/08\/hydraulic-cylinder-product-4-980x488.webp 980w, https:\/\/hydraulic-cylinders.net\/wp-content\/uploads\/2023\/08\/hydraulic-cylinder-product-4-480x239.webp 480w\" sizes=\"(min-width: 0px) and (max-width: 480px) 480px, (min-width: 481px) and (max-width: 980px) 980px, (min-width: 981px) 1024px, 100vw\" \/><\/p>\n<h3>(4) Pintura e revestimento<\/h3>\n<p>Com linhas de revestimento de tinta \u00e0 base de \u00e1gua autom\u00e1ticas de cilindros de pequeno e m\u00e9dio porte, para obter carregamento e descarregamento autom\u00e1ticos de rob\u00f4s e pulveriza\u00e7\u00e3o autom\u00e1tica, a capacidade projetada \u00e9 de 4.000 pe\u00e7as por turno;<br \/>\nTamb\u00e9m temos uma linha de produ\u00e7\u00e3o de tinta semiautom\u00e1tica para cilindros grandes, acionada por uma corrente el\u00e9trica, com capacidade de projeto de 60 caixas por turno.<\/p>\n<p><img loading=\"lazy\" decoding=\"async\" class=\"alignnone wp-image-630\" src=\"https:\/\/hydraulic-cylinders.net\/wp-content\/uploads\/2023\/08\/hydraulic-cylinder-product-5-300x213.webp\" alt=\"\" width=\"366\" height=\"260\" \/> <img loading=\"lazy\" decoding=\"async\" class=\"alignnone wp-image-631\" src=\"https:\/\/hydraulic-cylinders.net\/wp-content\/uploads\/2023\/08\/hydraulic-cylinder-product-6-300x225.webp\" alt=\"\" width=\"347\" height=\"260\" \/><\/p>\n<h3>(5) Testes<\/h3>\n<p>Temos instala\u00e7\u00f5es de inspe\u00e7\u00e3o e bancos de teste de primeira classe para garantir que o desempenho do cilindro atenda aos requisitos.<\/p>\n<p><img loading=\"lazy\" decoding=\"async\" class=\"alignnone wp-image-632\" src=\"https:\/\/hydraulic-cylinders.net\/wp-content\/uploads\/2023\/08\/hydraulic-cylinder-product-8-300x200.webp\" alt=\"\" width=\"389\" height=\"260\" \/><\/p>\n<p>&nbsp;<\/p>\n<p>&nbsp;<\/p>\n<p>Somos um dos melhores fabricantes de cilindros hidr\u00e1ulicos compactos. Oferecemos um estoque completo de cilindros hidr\u00e1ulicos compactos. Tamb\u00e9m fornecemos <a href=\"https:\/\/hzpt.com\/agricultural-pto-gearbox\/\" target=\"_blank\" rel=\"noopener\">caixas de c\u00e2mbio agr\u00edcolas<\/a>. Exportamos nossos produtos para clientes em todo o mundo e conquistamos uma boa reputa\u00e7\u00e3o devido \u00e0 qualidade superior de nossos produtos e ao servi\u00e7o p\u00f3s-venda. Convidamos clientes nacionais e estrangeiros a entrar em contato conosco para negociar neg\u00f3cios, trocar informa\u00e7\u00f5es e <a href=\"https:\/\/www.hydraulic-cylinders.net\/pt\/contact-us\/\">cooperar conosco<\/a>!<\/p>\n<h2><\/h2>","protected":false},"excerpt":{"rendered":"<p>32 MDC Series Compact Mold Cylinder The 32 MDC Series compact mold cylinder is an efficient and versatile hydraulic cylinder designed specifically for die applications. With its compact design, superior performance, and durable construction, this cylinder provides reliable and precise operation in various industrial environments. Whether used in injection molding machines, die-casting equipment, or other [&hellip;]<\/p>","protected":false},"featured_media":1421,"comment_status":"open","ping_status":"closed","template":"","meta":{"_et_pb_use_builder":"","_et_pb_old_content":"","_et_gb_content_width":""},"product_brand":[],"product_cat":[1523,1549,1376],"product_tag":[1380],"class_list":{"0":"post-1420","1":"product","2":"type-product","3":"status-publish","4":"has-post-thumbnail","6":"product_cat-injection-molding-hydraulic-cylinders","7":"product_cat-single-acting-hydraulic-cylinder","8":"product_cat-hydraulic-cylinder","9":"product_tag-hydraulic-cylinder","11":"first","12":"instock","13":"shipping-taxable","14":"product-type-simple"},"amp_enabled":true,"_links":{"self":[{"href":"https:\/\/www.hydraulic-cylinders.net\/pt\/wp-json\/wp\/v2\/product\/1420","targetHints":{"allow":["GET"]}}],"collection":[{"href":"https:\/\/www.hydraulic-cylinders.net\/pt\/wp-json\/wp\/v2\/product"}],"about":[{"href":"https:\/\/www.hydraulic-cylinders.net\/pt\/wp-json\/wp\/v2\/types\/product"}],"replies":[{"embeddable":true,"href":"https:\/\/www.hydraulic-cylinders.net\/pt\/wp-json\/wp\/v2\/comments?post=1420"}],"wp:featuredmedia":[{"embeddable":true,"href":"https:\/\/www.hydraulic-cylinders.net\/pt\/wp-json\/wp\/v2\/media\/1421"}],"wp:attachment":[{"href":"https:\/\/www.hydraulic-cylinders.net\/pt\/wp-json\/wp\/v2\/media?parent=1420"}],"wp:term":[{"taxonomy":"product_brand","embeddable":true,"href":"https:\/\/www.hydraulic-cylinders.net\/pt\/wp-json\/wp\/v2\/product_brand?post=1420"},{"taxonomy":"product_cat","embeddable":true,"href":"https:\/\/www.hydraulic-cylinders.net\/pt\/wp-json\/wp\/v2\/product_cat?post=1420"},{"taxonomy":"product_tag","embeddable":true,"href":"https:\/\/www.hydraulic-cylinders.net\/pt\/wp-json\/wp\/v2\/product_tag?post=1420"}],"curies":[{"name":"wp","href":"https:\/\/api.w.org\/{rel}","templated":true}]}}