{"id":15128,"date":"2025-01-19T14:08:23","date_gmt":"2025-01-19T14:08:23","guid":{"rendered":"https:\/\/www.hydraulic-cylinders.net\/product\/bucket-cylinder-for-komatsu-small-excavator-pc55-55uu\/"},"modified":"2025-01-19T14:08:25","modified_gmt":"2025-01-19T14:08:25","slug":"bucket-cylinder-for-komatsu-small-excavator-pc55-55uu","status":"publish","type":"product","link":"https:\/\/www.hydraulic-cylinders.net\/pt\/produto\/bucket-cylinder-for-komatsu-small-excavator-pc55-55uu\/","title":{"rendered":"Cilindro da ca\u00e7amba para mini escavadeira Komatsu PC55 55UU"},"content":{"rendered":"<h1>Cilindro da ca\u00e7amba para mini escavadeira Komatsu PC55 55UU<\/h1>\n<h2>Introdu\u00e7\u00e3o<\/h2>\n<p>O cilindro da ca\u00e7amba para a mini escavadeira Komatsu PC55 55UU \u00e9 um cilindro hidr\u00e1ulico especializado, utilizado principalmente para controlar o movimento da ca\u00e7amba em m\u00e1quinas pesadas, como escavadeiras, retroescavadeiras e p\u00e1s carregadeiras. Sua fun\u00e7\u00e3o principal \u00e9 permitir que a ca\u00e7amba suba, des\u00e7a e incline, facilitando diversas tarefas de movimenta\u00e7\u00e3o de materiais. No sistema hidr\u00e1ulico, o cilindro da ca\u00e7amba proporciona um controle preciso da ca\u00e7amba por meio de altera\u00e7\u00f5es na press\u00e3o do \u00f3leo hidr\u00e1ulico, permitindo que os operadores manuseiem objetos pesados \u200b\u200bcom efici\u00eancia, adaptando-se a ambientes de trabalho complexos e diversas necessidades operacionais.<\/p>\n<p><img decoding=\"async\" src=\"https:\/\/www.hydraulic-cylinders.net\/wp-content\/uploads\/2025\/01\/songte-company-2.webp\" alt=\"Imagem do cilindro da ca\u00e7amba\"><\/p>\n<h2>Caracter\u00edsticas<\/h2>\n<ul>\n<li>Alta resist\u00eancia e durabilidade: geralmente fabricado em a\u00e7o ou alum\u00ednio de alta resist\u00eancia, capaz de suportar alta press\u00e3o e cargas pesadas, adequado para ambientes de trabalho severos, projetado com foco na resist\u00eancia ao desgaste e \u00e0 corros\u00e3o, e com longa vida \u00fatil.<\/li>\n<li>Opera\u00e7\u00e3o hidr\u00e1ulica eficiente: movimentos suaves de extens\u00e3o e contra\u00e7\u00e3o obtidos atrav\u00e9s da press\u00e3o do \u00f3leo hidr\u00e1ulico, resposta r\u00e1pida aos comandos de controle, proporcionando uma for\u00e7a de empurrar e puxar potente, adequada para manusear objetos pesados \u200b\u200be realizar tarefas operacionais complexas.<\/li>\n<li>Est\u00e3o dispon\u00edveis diversos tipos: cilindros de a\u00e7\u00e3o simples (sistema hidr\u00e1ulico utilizado em apenas uma dire\u00e7\u00e3o) ou de a\u00e7\u00e3o dupla (sistema hidr\u00e1ulico utilizado em duas dire\u00e7\u00f5es). A escolha do cilindro ideal depender\u00e1 das necessidades operacionais. Alguns modelos s\u00e3o telesc\u00f3picos, permitindo maior expans\u00e3o sem aumentar as dimens\u00f5es externas, sendo adequados para aplica\u00e7\u00f5es com espa\u00e7o limitado.<\/li>\n<li>Substitui\u00e7\u00e3o perfeita para cilindros hidr\u00e1ulicos: nosso produto substitui perfeitamente esses cilindros hidr\u00e1ulicos.<\/li>\n<\/ul>\n<p><img decoding=\"async\" src=\"https:\/\/www.hydraulic-cylinders.net\/wp-content\/uploads\/2025\/01\/songte-cylinder-head-with-all-kinds-excavator-models.webp\" alt=\"Imagem do cilindro da ca\u00e7amba\"><\/p>\n<h2>Aplica\u00e7\u00f5es<\/h2>\n<p>O cilindro da ca\u00e7amba para a mini escavadeira Komatsu PC55 55UU tem diversas aplica\u00e7\u00f5es em diferentes setores:<\/p>\n<ul>\n<li>Equipamentos de constru\u00e7\u00e3o: amplamente utilizados em escavadeiras para cavar, carregar e movimentar solo ou entulho; em retroescavadeiras, os cilindros da ca\u00e7amba auxiliam tanto na escava\u00e7\u00e3o quanto no levantamento. <\/li>\n<li>M\u00e1quinas agr\u00edcolas: utilizadas em p\u00e1s carregadeiras frontais para recolher, levantar e transportar terra, feno e outros materiais; em escavadeiras, os cilindros da ca\u00e7amba permitem a escava\u00e7\u00e3o, penetrando o solo com a ca\u00e7amba. <\/li>\n<li>Carregadores: em carregadeiras frontais, eles ajudam a levantar e inclinar as mercadorias com efici\u00eancia. <\/li>\n<\/ul>\n<h2>Considera\u00e7\u00f5es de design e crit\u00e9rios de sele\u00e7\u00e3o<\/h2>\n<p>O cilindro da ca\u00e7amba para a mini escavadeira Komatsu PC55 55UU levou em considera\u00e7\u00e3o os seguintes aspectos de projeto:<\/p>\n<ul>\n<li>Capacidade de carga: capaz de suportar a carga e a press\u00e3o no ambiente operacional.<\/li>\n<li>Efic\u00e1cia da veda\u00e7\u00e3o: Utiliza\u00e7\u00e3o de diversas veda\u00e7\u00f5es, como veda\u00e7\u00f5es de pist\u00e3o e veda\u00e7\u00f5es de haste, com materiais resistentes ao desgaste, aplica\u00e7\u00e3o de processo avan\u00e7ado de revestimento da superf\u00edcie do corpo do cilindro e da extremidade roscada para melhorar a resist\u00eancia ao desgaste e lubrifica\u00e7\u00e3o regular com \u00f3leo hidr\u00e1ulico para veda\u00e7\u00e3o e lubrifica\u00e7\u00e3o eficazes.<\/li>\n<li>Durabilidade: Capaz de suportar condi\u00e7\u00f5es de trabalho severas, utilizando materiais de alta resist\u00eancia e projetado com foco na resist\u00eancia ao desgaste e \u00e0 corros\u00e3o, prolongando a vida \u00fatil do produto.<\/li>\n<li>Seguran\u00e7a: Seguir rigorosamente as normas e regulamentos de seguran\u00e7a, fornecer medidas e procedimentos de seguran\u00e7a aos usu\u00e1rios e garantir a seguran\u00e7a do usu\u00e1rio durante a opera\u00e7\u00e3o.<\/li>\n<li>Manuten\u00e7\u00e3o: Manuten\u00e7\u00e3o f\u00e1cil, uso de componentes de alta qualidade e manuten\u00e7\u00e3o e inspe\u00e7\u00e3o regulares para prolongar a vida \u00fatil do produto.<\/li>\n<\/ul>\n<p><img decoding=\"async\" src=\"https:\/\/www.hydraulic-cylinders.net\/wp-content\/uploads\/2025\/01\/songte-oil-pipes-and-spare-parts.webp\" alt=\"Imagem do cilindro da ca\u00e7amba\"><\/p>\n<h2>Veda\u00e7\u00e3o e Lubrifica\u00e7\u00e3o<\/h2>\n<p>O cilindro da ca\u00e7amba da mini escavadeira Komatsu PC55 55UU utiliza diversos tipos de veda\u00e7\u00f5es, como veda\u00e7\u00f5es de pist\u00e3o e de haste, fabricadas com materiais resistentes ao desgaste. O corpo do cilindro e a superf\u00edcie roscada da extremidade passam por um processo de tratamento fino para melhorar a resist\u00eancia ao desgaste. A lubrifica\u00e7\u00e3o regular com \u00f3leo hidr\u00e1ulico lubrifica o cilindro de forma eficaz e garante a veda\u00e7\u00e3o adequada do produto.<\/p>\n<h2>Manuten\u00e7\u00e3o e Reparo<\/h2>\n<p>Inspe\u00e7\u00f5es regulares e manuten\u00e7\u00e3o preventiva podem ajudar a prolongar a vida \u00fatil do cilindro da ca\u00e7amba. As tarefas comuns de manuten\u00e7\u00e3o incluem:<\/p>\n<ul>\n<li>Inspe\u00e7\u00e3o regular<\/li>\n<li>Lubrifica\u00e7\u00e3o adequada<\/li>\n<li>Substitui\u00e7\u00e3o do selo<\/li>\n<li>Verifica\u00e7\u00e3o de calibra\u00e7\u00e3o<\/li>\n<\/ul>\n<p>A instala\u00e7\u00e3o correta do cilindro da ca\u00e7amba tamb\u00e9m \u00e9 crucial, e recomendamos o uso de suportes de instala\u00e7\u00e3o adequados para fix\u00e1-lo. O alinhamento correto do cilindro \u00e9 essencial durante a instala\u00e7\u00e3o. Oferecemos procedimentos recomendados de inspe\u00e7\u00e3o, reparo e substitui\u00e7\u00e3o, al\u00e9m de servi\u00e7os de troca de pe\u00e7as e reforma para ajudar a prolongar a vida \u00fatil do produto.<\/p>\n<p><img decoding=\"async\" src=\"https:\/\/www.hydraulic-cylinders.net\/wp-content\/uploads\/2025\/01\/songte-chushion-collar.webp\" alt=\"Imagem do cilindro da ca\u00e7amba\"><\/p>\n<h2>Considera\u00e7\u00f5es sobre seguran\u00e7a e meio ambiente<\/h2>\n<p>Ao utilizar o cilindro de ca\u00e7amba, as medidas de seguran\u00e7a devem ser rigorosamente seguidas para evitar acidentes e garantir a seguran\u00e7a do usu\u00e1rio. \u00c9 imprescind\u00edvel o uso de equipamentos de prote\u00e7\u00e3o individual adequados durante a opera\u00e7\u00e3o. As considera\u00e7\u00f5es ambientais incluem o descarte correto dos res\u00edduos e o cumprimento das normas ambientais durante a produ\u00e7\u00e3o e o uso.<\/p>\n<h2>Solu\u00e7\u00e3o de problemas e problemas comuns<\/h2>\n<p>O cilindro da ca\u00e7amba da mini escavadeira Komatsu PC55 55UU pode apresentar alguns problemas comuns durante o uso, como vazamentos, desgaste e redu\u00e7\u00e3o de desempenho. Um diagn\u00f3stico correto e medidas preventivas podem ajudar a minimizar e prevenir esses problemas, garantindo o funcionamento adequado do produto. Fornecemos dicas e solu\u00e7\u00f5es para auxiliar os leitores no diagn\u00f3stico e resolu\u00e7\u00e3o de problemas, al\u00e9m de sugerir medidas preventivas.<\/p>\n<p><img decoding=\"async\" src=\"https:\/\/www.hydraulic-cylinders.net\/wp-content\/uploads\/2025\/01\/songte-bushings-with-all-kinds-of-excavator-models.webp\" alt=\"Imagem do cilindro da ca\u00e7amba\"><\/p>\n<h2>Sobre nossa empresa<\/h2>\n<p>Somos fabricantes de cilindros hidr\u00e1ulicos de reposi\u00e7\u00e3o, com uma linha completa de produtos, o que nos torna um dos principais fabricantes e distribuidores atacadistas de cilindros hidr\u00e1ulicos nos mercados nacional e internacional. Primamos pela excel\u00eancia em qualidade, contando com oficinas de produ\u00e7\u00e3o de ponta para estrat\u00e9gias de gest\u00e3o industrial e aprimorando continuamente nossa plataforma de fabrica\u00e7\u00e3o por meio da contrata\u00e7\u00e3o de profissionais qualificados, equipamentos digitais de \u00faltima gera\u00e7\u00e3o e sistemas de teste profissionais. Possu\u00edmos grande criatividade e, guiados pelos princ\u00edpios de alta efici\u00eancia, alta precis\u00e3o e alta qualidade, conseguimos atender \u00e0s diversas necessidades de nossos clientes. <\/p>\n<p><img decoding=\"async\" src=\"https:\/\/hzpt.com\/wp-content\/uploads\/2024\/11\/songte-company-1.webp\" alt=\"Imagem do cilindro da ca\u00e7amba\"><\/p>\n<h3>Profissionalismo<\/h3>\n<p>Contamos com uma equipe profissional com vasta experi\u00eancia em produtos hidr\u00e1ulicos para fornecer aos clientes solu\u00e7\u00f5es e servi\u00e7os de alta qualidade.<\/p>\n<h3>Certifica\u00e7\u00e3o Internacional<\/h3>\n<p>Nossos produtos possuem certifica\u00e7\u00f5es internacionais, como CE, ISO9001 e SGS, garantindo a qualidade e a seguran\u00e7a dos mesmos.<\/p>\n<h3>Servi\u00e7os de Personaliza\u00e7\u00e3o<\/h3>\n<p>Oferecemos servi\u00e7os personalizados para atender \u00e0s necessidades espec\u00edficas dos clientes, produtos sob medida e solu\u00e7\u00f5es para proporcionar a melhor experi\u00eancia poss\u00edvel.<\/p>\n<h3>Equipamentos de produ\u00e7\u00e3o<\/h3>\n<p>Utilizamos equipamentos de fabrica\u00e7\u00e3o avan\u00e7ados e de alta qualidade para garantir a qualidade e o desempenho de nossos produtos.<\/p>\n<h3>Servi\u00e7o p\u00f3s-venda<\/h3>\n<p>Oferecemos servi\u00e7os p\u00f3s-venda completos, como suporte t\u00e9cnico, manuten\u00e7\u00e3o, reparo, substitui\u00e7\u00e3o de pe\u00e7as e servi\u00e7os de reconstru\u00e7\u00e3o.<\/p>\n<p>Autor: lyl<\/p>","protected":false},"excerpt":{"rendered":"<p>Bucket Cylinder For Komatsu Small Excavator PC55 55UU Introduction The bucket cylinder for Komatsu small excavator PC55 55UU is a specialized hydraulic cylinder mainly used to control the movement of the bucket in heavy machinery, such as excavators, backhoe excavators, and front loaders. Its primary function is to allow the bucket to lift, lower, and [&hellip;]<\/p>","protected":false},"featured_media":14769,"comment_status":"open","ping_status":"closed","template":"","meta":{"_et_pb_use_builder":"","_et_pb_old_content":"","_et_gb_content_width":""},"product_brand":[],"product_cat":[1494],"product_tag":[1495,1496],"class_list":{"0":"post-15128","1":"product","2":"type-product","3":"status-publish","4":"has-post-thumbnail","6":"product_cat-bucket-cylinders","7":"product_tag-bucket-cylinders","8":"product_tag-hydraulic-cylinders","10":"first","11":"instock","12":"shipping-taxable","13":"product-type-simple"},"amp_enabled":true,"_links":{"self":[{"href":"https:\/\/www.hydraulic-cylinders.net\/pt\/wp-json\/wp\/v2\/product\/15128","targetHints":{"allow":["GET"]}}],"collection":[{"href":"https:\/\/www.hydraulic-cylinders.net\/pt\/wp-json\/wp\/v2\/product"}],"about":[{"href":"https:\/\/www.hydraulic-cylinders.net\/pt\/wp-json\/wp\/v2\/types\/product"}],"replies":[{"embeddable":true,"href":"https:\/\/www.hydraulic-cylinders.net\/pt\/wp-json\/wp\/v2\/comments?post=15128"}],"wp:featuredmedia":[{"embeddable":true,"href":"https:\/\/www.hydraulic-cylinders.net\/pt\/wp-json\/wp\/v2\/media\/14769"}],"wp:attachment":[{"href":"https:\/\/www.hydraulic-cylinders.net\/pt\/wp-json\/wp\/v2\/media?parent=15128"}],"wp:term":[{"taxonomy":"product_brand","embeddable":true,"href":"https:\/\/www.hydraulic-cylinders.net\/pt\/wp-json\/wp\/v2\/product_brand?post=15128"},{"taxonomy":"product_cat","embeddable":true,"href":"https:\/\/www.hydraulic-cylinders.net\/pt\/wp-json\/wp\/v2\/product_cat?post=15128"},{"taxonomy":"product_tag","embeddable":true,"href":"https:\/\/www.hydraulic-cylinders.net\/pt\/wp-json\/wp\/v2\/product_tag?post=15128"}],"curies":[{"name":"wp","href":"https:\/\/api.w.org\/{rel}","templated":true}]}}