{"id":15129,"date":"2025-01-19T14:08:27","date_gmt":"2025-01-19T14:08:27","guid":{"rendered":"https:\/\/www.hydraulic-cylinders.net\/product\/bucket-cylinder-for-komatsu-small-excavator-pc20-8\/"},"modified":"2025-01-19T14:08:29","modified_gmt":"2025-01-19T14:08:29","slug":"bucket-cylinder-for-komatsu-small-excavator-pc20-8","status":"publish","type":"product","link":"https:\/\/www.hydraulic-cylinders.net\/pt\/produto\/bucket-cylinder-for-komatsu-small-excavator-pc20-8\/","title":{"rendered":"Cilindro da ca\u00e7amba para mini escavadeira Komatsu PC20-8"},"content":{"rendered":"<h2>Cilindro da ca\u00e7amba para mini escavadeira Komatsu PC20-8<\/h2>\n<h3>Introdu\u00e7\u00e3o<\/h3>\n<p>O cilindro da ca\u00e7amba para a mini escavadeira Komatsu PC20-8 \u00e9 um cilindro hidr\u00e1ulico especializado usado para controlar o movimento da ca\u00e7amba em m\u00e1quinas pesadas, como escavadeiras, retroescavadeiras e p\u00e1s carregadeiras. Sua principal fun\u00e7\u00e3o \u00e9 levantar, abaixar e inclinar a ca\u00e7amba para facilitar diversas tarefas de movimenta\u00e7\u00e3o de materiais. No sistema hidr\u00e1ulico, o cilindro da ca\u00e7amba controla o movimento preciso da ca\u00e7amba por meio das varia\u00e7\u00f5es de press\u00e3o do \u00f3leo hidr\u00e1ulico, permitindo que os operadores manuseiem cargas pesadas com efici\u00eancia e se adaptem a ambientes de trabalho complexos e diversas necessidades operacionais.<\/p>\n<p><img decoding=\"async\" src=\"https:\/\/www.hydraulic-cylinders.net\/wp-content\/uploads\/2025\/01\/songte-company-2.webp\" alt=\"Imagem do cilindro da ca\u00e7amba\"\/><\/p>\n<h3>Caracter\u00edsticas<\/h3>\n<ul>\n<li>Alta resist\u00eancia e durabilidade: geralmente fabricado em a\u00e7o ou alum\u00ednio de alta resist\u00eancia, capaz de suportar alta press\u00e3o e cargas pesadas, adequado para ambientes de trabalho severos, projetado com resist\u00eancia ao desgaste e \u00e0 corros\u00e3o em mente, prolongando a vida \u00fatil.<\/li>\n<li>Opera\u00e7\u00e3o hidr\u00e1ulica eficiente: utiliza a press\u00e3o do \u00f3leo hidr\u00e1ulico para obter um movimento telesc\u00f3pico suave e preciso, capaz de responder rapidamente aos comandos de controle, fornecendo uma for\u00e7a de empurrar e puxar potente, adequada para lidar com cargas pesadas e tarefas operacionais complexas.<\/li>\n<li>Diversos tipos de cilindros podem ser selecionados de acordo com as necessidades para atender a diferentes requisitos operacionais: cilindros de a\u00e7\u00e3o simples (que utilizam o sistema hidr\u00e1ulico em apenas uma dire\u00e7\u00e3o) ou de a\u00e7\u00e3o dupla (que utilizam o sistema hidr\u00e1ulico em ambas as dire\u00e7\u00f5es). Alguns modelos s\u00e3o telesc\u00f3picos, permitindo maior extens\u00e3o sem aumentar as dimens\u00f5es externas, sendo adequados para aplica\u00e7\u00f5es com espa\u00e7o limitado.<\/li>\n<li>Personaliz\u00e1vel: podemos produzir este produto e ele pode substituir perfeitamente esses cilindros hidr\u00e1ulicos.<\/li>\n<\/ul>\n<p><img decoding=\"async\" src=\"https:\/\/www.hydraulic-cylinders.net\/wp-content\/uploads\/2025\/01\/songte-cylinder-head-with-all-kinds-excavator-models.webp\" alt=\"Imagem de substitui\u00e7\u00e3o do cilindro da ca\u00e7amba\"\/><\/p>\n<h3>Aplica\u00e7\u00f5es<\/h3>\n<p>O cilindro da ca\u00e7amba para a mini escavadeira Komatsu PC20-8 \u00e9 amplamente utilizado em diversas m\u00e1quinas pesadas, incluindo:<\/p>\n<ul>\n<li>Equipamentos de constru\u00e7\u00e3o: em escavadeiras, s\u00e3o essenciais para escavar, carregar e movimentar terra ou entulho. Em retroescavadeiras, o cilindro da p\u00e1 auxilia tanto na escava\u00e7\u00e3o quanto no levantamento. <\/li>\n<li>M\u00e1quinas agr\u00edcolas: usadas em carregadeiras frontais para recolher, levantar e transportar solo, feno e outros materiais. <\/li>\n<li>Escavadeiras: o cilindro da ca\u00e7amba possibilita a escava\u00e7\u00e3o, permitindo que a ca\u00e7amba penetre no solo. <\/li>\n<li>Carregadores: em carregadeiras frontais, eles auxiliam no levantamento e despejo eficiente de mercadorias. <\/li>\n<\/ul>\n<h3>Considera\u00e7\u00f5es de design e crit\u00e9rios de sele\u00e7\u00e3o<\/h3>\n<p>Os aspectos a serem considerados no projeto de cilindros de ca\u00e7amba incluem capacidade de carga, veda\u00e7\u00e3o, durabilidade, seguran\u00e7a e facilidade de manuten\u00e7\u00e3o. Os pontos principais s\u00e3o:<\/p>\n<ul>\n<li>Capacidade de carga: o cilindro deve ser projetado para suportar a carga m\u00e1xima \u00e0 qual ser\u00e1 submetido.<\/li>\n<li>Veda\u00e7\u00e3o: diversos componentes de veda\u00e7\u00e3o, como veda\u00e7\u00f5es de pist\u00e3o e veda\u00e7\u00f5es de haste, devem ser utilizados para evitar vazamentos de \u00f3leo hidr\u00e1ulico. Veda\u00e7\u00f5es feitas de materiais resistentes ao desgaste, como poliuretano e borracha nitr\u00edlica, s\u00e3o prefer\u00edveis.<\/li>\n<li>Durabilidade: o corpo do cilindro e a superf\u00edcie roscada da extremidade devem receber um tratamento minucioso para melhorar a resist\u00eancia ao desgaste. <\/li>\n<li>Seguran\u00e7a: o cilindro deve ser projetado com foco na seguran\u00e7a para evitar acidentes. <\/li>\n<li>Facilidade de manuten\u00e7\u00e3o: componentes de f\u00e1cil acesso e substitui\u00e7\u00e3o, adequados para desmontagem e montagem para reparos e manuten\u00e7\u00e3o.<\/li>\n<\/ul>\n<p><img decoding=\"async\" src=\"https:\/\/www.hydraulic-cylinders.net\/wp-content\/uploads\/2025\/01\/songte-oil-pipes-and-spare-parts.webp\" alt=\"Imagem de pe\u00e7as sobressalentes para cilindro de ca\u00e7amba\"\/><\/p>\n<h3>Veda\u00e7\u00e3o e lubrifica\u00e7\u00e3o do produto<\/h3>\n<p>Diversos componentes de veda\u00e7\u00e3o, como veda\u00e7\u00f5es de pist\u00e3o e veda\u00e7\u00f5es de haste, devem ser utilizados para evitar vazamentos de \u00f3leo hidr\u00e1ulico. Veda\u00e7\u00f5es feitas de materiais resistentes ao desgaste, como poliuretano e borracha nitr\u00edlica, s\u00e3o prefer\u00edveis. Al\u00e9m disso, o cilindro requer lubrifica\u00e7\u00e3o peri\u00f3dica com a quantidade adequada de \u00f3leo hidr\u00e1ulico para garantir o seu bom funcionamento.<\/p>\n<h3>Manuten\u00e7\u00e3o e Reparo<\/h3>\n<p>Inspe\u00e7\u00f5es regulares, lubrifica\u00e7\u00e3o adequada, substitui\u00e7\u00e3o de veda\u00e7\u00f5es e verifica\u00e7\u00f5es de calibra\u00e7\u00e3o s\u00e3o tarefas comuns de manuten\u00e7\u00e3o. \u00c9 importante fornecer orienta\u00e7\u00f5es corretas de alinhamento durante a instala\u00e7\u00e3o e recomendar o uso de suportes de montagem apropriados para fixar o cilindro. Tamb\u00e9m recomendamos o uso de procedimentos adequados de inspe\u00e7\u00e3o, reparo e substitui\u00e7\u00e3o para prolongar a vida \u00fatil do cilindro.<\/p>\n<p><img decoding=\"async\" src=\"https:\/\/www.hydraulic-cylinders.net\/wp-content\/uploads\/2025\/01\/songte-chushion-collar.webp\" alt=\"Imagem do colarinho de almofada do cilindro do balde\"\/><\/p>\n<h3>Considera\u00e7\u00f5es de seguran\u00e7a e fatores ambientais<\/h3>\n<p>Ao utilizar o cilindro com ca\u00e7amba, as medidas de seguran\u00e7a s\u00e3o de extrema import\u00e2ncia. Al\u00e9m disso, os fatores ambientais devem ser considerados para garantir que as opera\u00e7\u00f5es sejam realizadas de forma sustent\u00e1vel e com o m\u00ednimo impacto negativo no meio ambiente.<\/p>\n<h3>Solu\u00e7\u00e3o de problemas e problemas comuns<\/h3>\n<p>Problemas comuns em cilindros de ca\u00e7amba incluem vazamentos, press\u00e3o hidr\u00e1ulica insuficiente e veda\u00e7\u00f5es danificadas. Dicas e solu\u00e7\u00f5es para a resolu\u00e7\u00e3o de problemas devem ser fornecidas para ajudar os leitores a diagnosticar e solucionar problemas de forma eficaz, e medidas preventivas devem ser tomadas para minimizar poss\u00edveis problemas.<\/p>\n<p><img decoding=\"async\" src=\"https:\/\/www.hydraulic-cylinders.net\/wp-content\/uploads\/2025\/01\/songte-bushings-with-all-kinds-of-excavator-models.webp\" alt=\"Imagem das buchas do cilindro da ca\u00e7amba\"\/><\/p>\n<h2>Sobre n\u00f3s<\/h2>\n<p>Somos um dos principais fabricantes e distribuidores de cilindros hidr\u00e1ulicos nos mercados nacional e internacional. Oferecemos uma ampla gama de produtos e temos o compromisso de produzir itens de alta qualidade para atender \u00e0s diversas necessidades de nossos clientes. Nossa empresa segue rigorosos padr\u00f5es de qualidade e utiliza estrat\u00e9gias de gest\u00e3o de produ\u00e7\u00e3o industrial em nossas sofisticadas instala\u00e7\u00f5es fabris. Contamos com uma equipe de t\u00e9cnicos altamente qualificados, equipamentos de fabrica\u00e7\u00e3o digital de ponta e sistemas de inspe\u00e7\u00e3o profissionais para aprimorar continuamente nossa plataforma de produ\u00e7\u00e3o e aperfei\u00e7oar nossas linhas de produ\u00e7\u00e3o, proporcionando produtos de alta efici\u00eancia, precis\u00e3o e qualidade para atender \u00e0s diversas necessidades de nossos clientes.<\/p>\n<h3>Profissionalismo<\/h3>\n<p>Nossa empresa conta com uma equipe de profissionais experientes e dedicados a fornecer produtos e servi\u00e7os de alta qualidade para atender \u00e0s necessidades de nossos clientes.<\/p>\n<h3>Certifica\u00e7\u00e3o Internacional<\/h3>\n<p>Obtivemos diversas certifica\u00e7\u00f5es internacionais, como ISO 9001, CE e SGS, para garantir a qualidade de nossos produtos.<\/p>\n<h3>Servi\u00e7os de Personaliza\u00e7\u00e3o<\/h3>\n<p>Oferecemos servi\u00e7os personalizados para atender \u00e0s necessidades espec\u00edficas de nossos clientes.<\/p>\n<h3>Equipamentos de produ\u00e7\u00e3o<\/h3>\n<p>Possu\u00edmos equipamentos de produ\u00e7\u00e3o avan\u00e7ados, como m\u00e1quinas-ferramenta de controle num\u00e9rico, linhas de produ\u00e7\u00e3o de cilindros hidr\u00e1ulicos e m\u00e1quinas de solda autom\u00e1ticas, para garantir a qualidade de nossos produtos.<\/p>\n<h3>Servi\u00e7o p\u00f3s-venda<\/h3>\n<p>Oferecemos servi\u00e7os p\u00f3s-venda, como pe\u00e7as de reposi\u00e7\u00e3o e servi\u00e7os de remanufatura, para garantir a longevidade de nossos produtos.<\/p>\n<p><img decoding=\"async\" src=\"https:\/\/hzpt.com\/wp-content\/uploads\/2024\/11\/songte-company-1.webp\" alt=\"Imagem da Bucket Cylinder Company\"\/><\/p>\n<p>Autor: lyl<\/p>","protected":false},"excerpt":{"rendered":"<p>Bucket Cylinder For Komatsu Small Excavator PC20-8 Introduction A bucket cylinder for Komatsu small excavator PC20-8 is a specialized hydraulic cylinder used to control the movement of shovels in heavy machinery such as excavators, backhoe excavators, and front-end loaders. Its main function is to lift, lower, and tilt shovels to facilitate various material handling tasks. [&hellip;]<\/p>","protected":false},"featured_media":14765,"comment_status":"open","ping_status":"closed","template":"","meta":{"_et_pb_use_builder":"","_et_pb_old_content":"","_et_gb_content_width":""},"product_brand":[],"product_cat":[1494],"product_tag":[1495,1496],"class_list":{"0":"post-15129","1":"product","2":"type-product","3":"status-publish","4":"has-post-thumbnail","6":"product_cat-bucket-cylinders","7":"product_tag-bucket-cylinders","8":"product_tag-hydraulic-cylinders","10":"first","11":"instock","12":"shipping-taxable","13":"product-type-simple"},"amp_enabled":true,"_links":{"self":[{"href":"https:\/\/www.hydraulic-cylinders.net\/pt\/wp-json\/wp\/v2\/product\/15129","targetHints":{"allow":["GET"]}}],"collection":[{"href":"https:\/\/www.hydraulic-cylinders.net\/pt\/wp-json\/wp\/v2\/product"}],"about":[{"href":"https:\/\/www.hydraulic-cylinders.net\/pt\/wp-json\/wp\/v2\/types\/product"}],"replies":[{"embeddable":true,"href":"https:\/\/www.hydraulic-cylinders.net\/pt\/wp-json\/wp\/v2\/comments?post=15129"}],"wp:featuredmedia":[{"embeddable":true,"href":"https:\/\/www.hydraulic-cylinders.net\/pt\/wp-json\/wp\/v2\/media\/14765"}],"wp:attachment":[{"href":"https:\/\/www.hydraulic-cylinders.net\/pt\/wp-json\/wp\/v2\/media?parent=15129"}],"wp:term":[{"taxonomy":"product_brand","embeddable":true,"href":"https:\/\/www.hydraulic-cylinders.net\/pt\/wp-json\/wp\/v2\/product_brand?post=15129"},{"taxonomy":"product_cat","embeddable":true,"href":"https:\/\/www.hydraulic-cylinders.net\/pt\/wp-json\/wp\/v2\/product_cat?post=15129"},{"taxonomy":"product_tag","embeddable":true,"href":"https:\/\/www.hydraulic-cylinders.net\/pt\/wp-json\/wp\/v2\/product_tag?post=15129"}],"curies":[{"name":"wp","href":"https:\/\/api.w.org\/{rel}","templated":true}]}}