{"id":15132,"date":"2025-01-19T14:08:45","date_gmt":"2025-01-19T14:08:45","guid":{"rendered":"https:\/\/www.hydraulic-cylinders.net\/product\/bucket-cylinder-for-komatsu-middle-excavator-pc150-5\/"},"modified":"2025-01-19T14:08:47","modified_gmt":"2025-01-19T14:08:47","slug":"bucket-cylinder-for-komatsu-middle-excavator-pc150-5","status":"publish","type":"product","link":"https:\/\/www.hydraulic-cylinders.net\/pt\/produto\/bucket-cylinder-for-komatsu-middle-excavator-pc150-5\/","title":{"rendered":"Cilindro da ca\u00e7amba para escavadeira m\u00e9dia Komatsu PC150-5"},"content":{"rendered":"<h1>Cilindro da ca\u00e7amba para escavadeira m\u00e9dia Komatsu PC150-5<\/h1>\n<h2>Introdu\u00e7\u00e3o<\/h2>\n<p>O cilindro da ca\u00e7amba para a escavadeira m\u00e9dia Komatsu PC150-5 \u00e9 um cilindro hidr\u00e1ulico especialmente projetado para controlar o movimento da ca\u00e7amba em m\u00e1quinas pesadas, como escavadeiras, retroescavadeiras e p\u00e1s carregadeiras. Sua principal fun\u00e7\u00e3o \u00e9 permitir que a ca\u00e7amba suba, des\u00e7a e incline, facilitando o manuseio de diversos materiais. No sistema hidr\u00e1ulico, o cilindro da ca\u00e7amba controla com precis\u00e3o o movimento da ca\u00e7amba por meio de varia\u00e7\u00f5es na press\u00e3o do \u00f3leo hidr\u00e1ulico, permitindo que o operador manuseie objetos pesados \u200b\u200bcom efici\u00eancia e se adapte a ambientes de trabalho complexos e diversas exig\u00eancias da tarefa.<\/p>\n<p><img decoding=\"async\" src=\"https:\/\/www.hydraulic-cylinders.net\/wp-content\/uploads\/2025\/01\/songte-company-2.webp\"><\/p>\n<h2>Caracter\u00edsticas<\/h2>\n<ul>\n<li>Alta resist\u00eancia e durabilidade: geralmente fabricado em a\u00e7o ou alum\u00ednio de alta resist\u00eancia, capaz de suportar alta press\u00e3o e cargas pesadas, adaptado a ambientes de trabalho severos e projetado para considerar a resist\u00eancia ao desgaste e \u00e0 corros\u00e3o, a fim de prolongar a vida \u00fatil.<\/li>\n<li>Opera\u00e7\u00e3o hidr\u00e1ulica eficiente: movimentos suaves de extens\u00e3o e contra\u00e7\u00e3o, obtidos atrav\u00e9s da press\u00e3o do \u00f3leo hidr\u00e1ulico, respondem rapidamente aos comandos de controle, proporcionando uma for\u00e7a de empurrar e puxar potente, adequada para o manuseio de objetos pesados \u200b\u200be tarefas complexas.<\/li>\n<li>Diversos tipos: cilindros de a\u00e7\u00e3o simples (hidr\u00e1ulica utilizada apenas em uma dire\u00e7\u00e3o) ou de a\u00e7\u00e3o dupla (hidr\u00e1ulica utilizada em ambas as dire\u00e7\u00f5es) podem ser selecionados de acordo com as necessidades para atender a diferentes requisitos de opera\u00e7\u00e3o, e alguns modelos s\u00e3o telesc\u00f3picos, permitindo maior extens\u00e3o sem aumentar as dimens\u00f5es externas, adequados para aplica\u00e7\u00f5es com espa\u00e7o limitado.<\/li>\n<li>Intercambi\u00e1veis: nossos produtos podem substituir perfeitamente esses cilindros hidr\u00e1ulicos.<\/li>\n<li>Personaliz\u00e1vel: podemos fabricar o cilindro da ca\u00e7amba de acordo com as necessidades do cliente.<\/li>\n<\/ul>\n<p><img decoding=\"async\" src=\"https:\/\/www.hydraulic-cylinders.net\/wp-content\/uploads\/2025\/01\/songte-cylinder-head-with-all-kinds-excavator-models.webp\"><\/p>\n<h2>Aplica\u00e7\u00f5es<\/h2>\n<p>O cilindro de ca\u00e7amba tem uma ampla gama de aplica\u00e7\u00f5es em diversos setores industriais, incluindo:<\/p>\n<ul>\n<li>Equipamentos de constru\u00e7\u00e3o: escavadeiras, retroescavadeiras e p\u00e1s carregadeiras dependem do cilindro da ca\u00e7amba para escavar, carregar e movimentar terra ou entulho.<\/li>\n<li>M\u00e1quinas agr\u00edcolas: usadas em carregadeiras frontais para recolher, levantar e transportar solo, feno e outros materiais.<\/li>\n<li>Escavadeiras: os cilindros da ca\u00e7amba permitem a a\u00e7\u00e3o de escava\u00e7\u00e3o, possibilitando que a ca\u00e7amba penetre no solo.<\/li>\n<li>Carregadores: em carregadeiras frontais, eles auxiliam no levantamento e inclina\u00e7\u00e3o da carga de forma eficaz.<\/li>\n<\/ul>\n<h2>Considera\u00e7\u00f5es de projeto e crit\u00e9rios de sele\u00e7\u00e3o<\/h2>\n<p>As considera\u00e7\u00f5es de projeto do cilindro da ca\u00e7amba incluem sua capacidade de carga, veda\u00e7\u00e3o, durabilidade, seguran\u00e7a e facilidade de manuten\u00e7\u00e3o. As principais considera\u00e7\u00f5es de projeto s\u00e3o:<\/p>\n<ul>\n<li>Capacidade de carga: o cilindro deve suportar cargas elevadas sem deforma\u00e7\u00e3o ou quebra.<\/li>\n<li>Veda\u00e7\u00e3o: diversos componentes de veda\u00e7\u00e3o, como veda\u00e7\u00f5es de pist\u00e3o e veda\u00e7\u00f5es de haste, s\u00e3o usados \u200b\u200bpara evitar vazamentos de \u00f3leo e manter a press\u00e3o do sistema.<\/li>\n<li>Durabilidade: o cilindro deve suportar ambientes de trabalho severos e resistir ao desgaste e \u00e0 corros\u00e3o.<\/li>\n<li>Seguran\u00e7a: medidas como a utiliza\u00e7\u00e3o de v\u00e1lvulas de al\u00edvio de seguran\u00e7a e dispositivos de prote\u00e7\u00e3o contra sobrecarga s\u00e3o necess\u00e1rias para garantir uma opera\u00e7\u00e3o segura.<\/li>\n<li>Facilidade de manuten\u00e7\u00e3o: o cilindro deve ser f\u00e1cil de desmontar, limpar, inspecionar e remontar para facilitar a manuten\u00e7\u00e3o e o reparo.<\/li>\n<\/ul>\n<p><img decoding=\"async\" src=\"https:\/\/www.hydraulic-cylinders.net\/wp-content\/uploads\/2025\/01\/songte-oil-pipes-and-spare-parts.webp\"><\/p>\n<h2>Veda\u00e7\u00e3o e lubrifica\u00e7\u00e3o<\/h2>\n<p>O cilindro da ca\u00e7amba utiliza diversos tipos de veda\u00e7\u00f5es, como veda\u00e7\u00f5es de pist\u00e3o e veda\u00e7\u00f5es de haste, feitas de materiais resistentes ao desgaste, como poliuretano e borracha nitr\u00edlica, para evitar vazamentos de \u00f3leo. O corpo do cilindro e a superf\u00edcie roscada da extremidade s\u00e3o usinados com precis\u00e3o para melhorar a resist\u00eancia ao desgaste. \u00c9 necess\u00e1rio adicionar regularmente a quantidade adequada de \u00f3leo hidr\u00e1ulico para lubrifica\u00e7\u00e3o.<\/p>\n<h2>Manuten\u00e7\u00e3o e reparos<\/h2>\n<p>A inspe\u00e7\u00e3o regular e a manuten\u00e7\u00e3o preventiva s\u00e3o necess\u00e1rias para garantir o funcionamento confi\u00e1vel do cilindro da ca\u00e7amba a longo prazo. As tarefas comuns de manuten\u00e7\u00e3o incluem:<\/p>\n<ul>\n<li>Inspe\u00e7\u00e3o regular: verifique o estado do cilindro, como rachaduras, desgaste, deforma\u00e7\u00e3o e vazamentos.<\/li>\n<li>Lubrifica\u00e7\u00e3o adequada: utilize o lubrificante e a graxa apropriados e certifique-se de que sejam adicionados regularmente.<\/li>\n<li>Substitui\u00e7\u00e3o de veda\u00e7\u00f5es: substitua as veda\u00e7\u00f5es imediatamente se apresentarem sinais de desgaste ou danos.<\/li>\n<li>Verifica\u00e7\u00e3o de calibra\u00e7\u00e3o: verifique a press\u00e3o do cilindro e ajuste-a, se necess\u00e1rio.<\/li>\n<\/ul>\n<p><img decoding=\"async\" src=\"https:\/\/www.hydraulic-cylinders.net\/wp-content\/uploads\/2025\/01\/songte-chushion-collar.webp\"><\/p>\n<h2>Considera\u00e7\u00f5es de seguran\u00e7a e ambientais<\/h2>\n<p>Ao utilizar o cilindro hidr\u00e1ulico com ca\u00e7amba, \u00e9 essencial seguir as medidas de seguran\u00e7a para evitar acidentes, como o uso de equipamentos de prote\u00e7\u00e3o individual e a montagem correta do cilindro. As considera\u00e7\u00f5es ambientais incluem garantir que o \u00f3leo hidr\u00e1ulico utilizado no cilindro seja descartado adequadamente para evitar a polui\u00e7\u00e3o do meio ambiente.<\/p>\n<h2>Diagn\u00f3stico e preven\u00e7\u00e3o de falhas<\/h2>\n<p>Problemas comuns no cilindro da ca\u00e7amba incluem vazamentos de \u00f3leo, danos no pist\u00e3o e na haste e ru\u00eddos anormais. Para evitar esses problemas, \u00e9 necess\u00e1rio realizar inspe\u00e7\u00f5es e manuten\u00e7\u00f5es regulares, e o reparo imediato de quaisquer defeitos \u00e9 crucial.<\/p>\n<p><img decoding=\"async\" src=\"https:\/\/www.hydraulic-cylinders.net\/wp-content\/uploads\/2025\/01\/songte-bushings-with-all-kinds-of-excavator-models.webp\"><\/p>\n<h2>Sobre nossa empresa<\/h2>\n<p>Somos fabricantes de cilindros hidr\u00e1ulicos que podem substituir outros cilindros hidr\u00e1ulicos. Nossa empresa oferece uma ampla variedade de produtos e se tornou uma das principais fabricantes e distribuidoras atacadistas de cilindros hidr\u00e1ulicos nos mercados nacional e internacional. Primamos pela excel\u00eancia em qualidade e utilizamos estrat\u00e9gias de gest\u00e3o de produ\u00e7\u00e3o industrial em instala\u00e7\u00f5es de fabrica\u00e7\u00e3o de alta precis\u00e3o. Aprimoramos continuamente nossa plataforma de produ\u00e7\u00e3o, otimizamos a linha de produ\u00e7\u00e3o e possu\u00edmos grande capacidade de cria\u00e7\u00e3o para atender \u00e0s diversas necessidades de nossos clientes com alta efici\u00eancia, precis\u00e3o e qualidade.<\/p>\n<ul>\n<li>Profissionalismo: Contamos com uma equipe de engenheiros e t\u00e9cnicos experientes para fornecer servi\u00e7os e suporte profissionais aos nossos clientes.<\/li>\n<li>Certifica\u00e7\u00f5es internacionais: Nossos produtos possuem certifica\u00e7\u00f5es ISO9001, CE e SGS, e s\u00e3o reconhecidos por clientes em todo o mundo.<\/li>\n<li>Servi\u00e7o de personaliza\u00e7\u00e3o: Podemos personalizar nossos produtos de acordo com as necessidades espec\u00edficas de nossos clientes.<\/li>\n<li>Equipamentos de produ\u00e7\u00e3o: Utilizamos equipamentos de produ\u00e7\u00e3o avan\u00e7ados, como m\u00e1quinas CNC e rob\u00f4s, para garantir alta qualidade e efici\u00eancia.<\/li>\n<li>Servi\u00e7o p\u00f3s-venda: Oferecemos um servi\u00e7o p\u00f3s-venda completo, incluindo manuten\u00e7\u00e3o, reparo e substitui\u00e7\u00e3o de pe\u00e7as, para garantir a satisfa\u00e7\u00e3o do cliente.<\/li>\n<\/ul>\n<p>Autor: lyl<\/p>","protected":false},"excerpt":{"rendered":"<p>Bucket Cylinder For Komatsu Middle Excavator PC150-5 Introduction The bucket cylinder for Komatsu Middle Excavator PC150-5 is a hydraulic cylinder specially designed to control the movement of the bucket in heavy machinery such as excavators, backhoes, and front loaders. Its main function is to enable the bucket to lift, lower, and tilt, making it easier [&hellip;]<\/p>","protected":false},"featured_media":14789,"comment_status":"open","ping_status":"closed","template":"","meta":{"_et_pb_use_builder":"","_et_pb_old_content":"","_et_gb_content_width":""},"product_brand":[],"product_cat":[1494],"product_tag":[1495,1496],"class_list":{"0":"post-15132","1":"product","2":"type-product","3":"status-publish","4":"has-post-thumbnail","6":"product_cat-bucket-cylinders","7":"product_tag-bucket-cylinders","8":"product_tag-hydraulic-cylinders","10":"first","11":"instock","12":"shipping-taxable","13":"product-type-simple"},"amp_enabled":true,"_links":{"self":[{"href":"https:\/\/www.hydraulic-cylinders.net\/pt\/wp-json\/wp\/v2\/product\/15132","targetHints":{"allow":["GET"]}}],"collection":[{"href":"https:\/\/www.hydraulic-cylinders.net\/pt\/wp-json\/wp\/v2\/product"}],"about":[{"href":"https:\/\/www.hydraulic-cylinders.net\/pt\/wp-json\/wp\/v2\/types\/product"}],"replies":[{"embeddable":true,"href":"https:\/\/www.hydraulic-cylinders.net\/pt\/wp-json\/wp\/v2\/comments?post=15132"}],"wp:featuredmedia":[{"embeddable":true,"href":"https:\/\/www.hydraulic-cylinders.net\/pt\/wp-json\/wp\/v2\/media\/14789"}],"wp:attachment":[{"href":"https:\/\/www.hydraulic-cylinders.net\/pt\/wp-json\/wp\/v2\/media?parent=15132"}],"wp:term":[{"taxonomy":"product_brand","embeddable":true,"href":"https:\/\/www.hydraulic-cylinders.net\/pt\/wp-json\/wp\/v2\/product_brand?post=15132"},{"taxonomy":"product_cat","embeddable":true,"href":"https:\/\/www.hydraulic-cylinders.net\/pt\/wp-json\/wp\/v2\/product_cat?post=15132"},{"taxonomy":"product_tag","embeddable":true,"href":"https:\/\/www.hydraulic-cylinders.net\/pt\/wp-json\/wp\/v2\/product_tag?post=15132"}],"curies":[{"name":"wp","href":"https:\/\/api.w.org\/{rel}","templated":true}]}}