{"id":15134,"date":"2025-01-19T14:08:54","date_gmt":"2025-01-19T14:08:54","guid":{"rendered":"https:\/\/www.hydraulic-cylinders.net\/product\/bucket-cylinder-for-komatsu-middle-excavator-pc228\/"},"modified":"2025-01-19T14:08:56","modified_gmt":"2025-01-19T14:08:56","slug":"bucket-cylinder-for-komatsu-middle-excavator-pc228","status":"publish","type":"product","link":"https:\/\/www.hydraulic-cylinders.net\/pt\/produto\/bucket-cylinder-for-komatsu-middle-excavator-pc228\/","title":{"rendered":"Cilindro da ca\u00e7amba para escavadeira m\u00e9dia Komatsu PC228"},"content":{"rendered":"<h1>Cilindro da ca\u00e7amba para escavadeira m\u00e9dia Komatsu PC228<\/h1>\n<h2>Introdu\u00e7\u00e3o<\/h2>\n<p>O cilindro da ca\u00e7amba para a escavadeira m\u00e9dia Komatsu PC228 \u00e9 um cilindro hidr\u00e1ulico especializado, projetado para controlar o movimento da ca\u00e7amba em m\u00e1quinas pesadas, como escavadeiras, retroescavadeiras e p\u00e1s carregadeiras. Sua principal fun\u00e7\u00e3o \u00e9 permitir que a ca\u00e7amba suba, des\u00e7a e incline, facilitando o manuseio de diversos materiais. No sistema hidr\u00e1ulico, o cilindro da ca\u00e7amba controla o movimento preciso da ca\u00e7amba alterando a press\u00e3o do \u00f3leo hidr\u00e1ulico, permitindo que o operador manuseie cargas pesadas com efici\u00eancia e se adapte a ambientes de trabalho complexos e diversas necessidades operacionais.<\/p>\n<p><img decoding=\"async\" src=\"https:\/\/www.hydraulic-cylinders.net\/wp-content\/uploads\/2025\/01\/songte-company-2.webp\" alt=\"Cilindro da ca\u00e7amba para escavadeira m\u00e9dia Komatsu PC228\" \/><\/p>\n<h2>Caracter\u00edsticas<\/h2>\n<ul>\n<li><strong>Alta resist\u00eancia e durabilidade:<\/strong> Normalmente fabricado em a\u00e7o de alta resist\u00eancia ou alum\u00ednio, suporta alta press\u00e3o e cargas pesadas, adaptando-se a ambientes de trabalho severos. Seu design considera a resist\u00eancia ao desgaste e \u00e0 corros\u00e3o, prolongando sua vida \u00fatil.<\/li>\n<li><strong>Opera\u00e7\u00e3o hidr\u00e1ulica eficiente:<\/strong> Utilizando a press\u00e3o do \u00f3leo hidr\u00e1ulico para obter um movimento telesc\u00f3pico suave, ele pode responder rapidamente aos comandos operacionais e fornecer uma for\u00e7a de empurrar e puxar poderosa, adequada para lidar com cargas pesadas e tarefas de trabalho complexas.<\/li>\n<li><strong>V\u00e1rios tipos:<\/strong> Voc\u00ea pode escolher entre cilindros de a\u00e7\u00e3o simples (sistema hidr\u00e1ulico utilizado em apenas uma dire\u00e7\u00e3o) ou de a\u00e7\u00e3o dupla (sistema hidr\u00e1ulico utilizado em ambas as dire\u00e7\u00f5es) de acordo com suas necessidades. Alguns modelos s\u00e3o telesc\u00f3picos, permitindo maior extens\u00e3o sem aumentar as dimens\u00f5es externas, sendo adequados para aplica\u00e7\u00f5es com espa\u00e7o limitado.<\/li>\n<li><strong>Personaliz\u00e1vel:<\/strong> Nossa empresa pode fabricar este produto e substitutos perfeitos para outros cilindros hidr\u00e1ulicos.<\/li>\n<\/ul>\n<p><img decoding=\"async\" src=\"https:\/\/www.hydraulic-cylinders.net\/wp-content\/uploads\/2025\/01\/songte-cylinder-head-with-all-kinds-excavator-models.webp\" alt=\"Cilindro da ca\u00e7amba para escavadeira m\u00e9dia Komatsu PC228\" \/><\/p>\n<h2>Aplica\u00e7\u00f5es<\/h2>\n<p>O cilindro da ca\u00e7amba para escavadeira m\u00e9dia Komatsu PC228 \u00e9 adequado para diversas m\u00e1quinas pesadas, incluindo:<\/p>\n<ul>\n<li><strong>Equipamentos de constru\u00e7\u00e3o:<\/strong> Encontrados em escavadeiras, s\u00e3o essenciais para cavar, carregar e movimentar solo ou entulho. Em retroescavadeiras, o cilindro da ca\u00e7amba auxilia tanto na escava\u00e7\u00e3o quanto no levantamento.<\/li>\n<li><strong>Maquinaria agr\u00edcola:<\/strong> Utilizados em p\u00e1s carregadeiras, eles podem escavar, levantar e transportar terra, feno e outros materiais. Em escavadeiras, os cilindros da ca\u00e7amba permitem a escava\u00e7\u00e3o, possibilitando que a ca\u00e7amba penetre no solo.<\/li>\n<li><strong>Equipamento de Carregadeira:<\/strong> Em carregadeiras frontais, elas ajudam a levantar e inclinar a carga com efici\u00eancia.<\/li>\n<\/ul>\n<h2>Considera\u00e7\u00f5es de design e crit\u00e9rios de sele\u00e7\u00e3o<\/h2>\n<ul>\n<li><strong>Capacidade de suporte:<\/strong> Deve ser capaz de suportar as cargas m\u00e1ximas que possa encontrar durante a opera\u00e7\u00e3o.<\/li>\n<li><strong>Selagem:<\/strong> A utiliza\u00e7\u00e3o de diversos elementos de veda\u00e7\u00e3o, como veda\u00e7\u00f5es de pist\u00e3o, veda\u00e7\u00f5es de haste, etc., \u00e9 essencial. Os elementos de veda\u00e7\u00e3o devem ser fabricados com materiais resistentes ao desgaste, como poliuretano ou borracha nitr\u00edlica, e o corpo do cilindro e as superf\u00edcies roscadas devem ser finamente usinadas para melhorar a resist\u00eancia ao desgaste.<\/li>\n<li><strong>Durabilidade:<\/strong> O cilindro deve ser projetado para suportar os fatores ambientais aos quais ser\u00e1 exposto, como corros\u00e3o e abras\u00e3o.<\/li>\n<li><strong>Seguran\u00e7a:<\/strong> Recursos de seguran\u00e7a devem ser incorporados ao projeto para evitar acidentes e les\u00f5es.<\/li>\n<li><strong>Manutenibilidade:<\/strong> O produto deve ser de f\u00e1cil manuten\u00e7\u00e3o e reparo para reduzir o tempo de inatividade e garantir uma longa vida \u00fatil.<\/li>\n<\/ul>\n<p><img decoding=\"async\" src=\"https:\/\/www.hydraulic-cylinders.net\/wp-content\/uploads\/2025\/01\/songte-oil-pipes-and-spare-parts.webp\" alt=\"Cilindro da ca\u00e7amba para escavadeira m\u00e9dia Komatsu PC228\" \/><\/p>\n<h2>Veda\u00e7\u00e3o e Lubrifica\u00e7\u00e3o<\/h2>\n<p>O cilindro da ca\u00e7amba para a escavadeira m\u00e9dia Komatsu PC228 utiliza diversos elementos de veda\u00e7\u00e3o para garantir o funcionamento eficiente do sistema hidr\u00e1ulico. O corpo do cilindro e as superf\u00edcies roscadas das extremidades s\u00e3o usinados com precis\u00e3o para melhorar a resist\u00eancia ao desgaste. \u00c9 necess\u00e1ria a lubrifica\u00e7\u00e3o regular com \u00f3leo hidr\u00e1ulico apropriado.<\/p>\n<p><img decoding=\"async\" src=\"https:\/\/www.hydraulic-cylinders.net\/wp-content\/uploads\/2025\/01\/songte-chushion-collar.webp\" alt=\"Cilindro da ca\u00e7amba para escavadeira m\u00e9dia Komatsu PC228\" \/><\/p>\n<h2>Manuten\u00e7\u00e3o e Reparo<\/h2>\n<p>A seguir, apresentamos algumas tarefas comuns de manuten\u00e7\u00e3o:<\/p>\n<ul>\n<li>Inspe\u00e7\u00e3o regular<\/li>\n<li>Lubrifica\u00e7\u00e3o adequada<\/li>\n<li>Substitui\u00e7\u00e3o do selo<\/li>\n<li>Verifica\u00e7\u00e3o de calibra\u00e7\u00e3o<\/li>\n<\/ul>\n<p>A instala\u00e7\u00e3o, lubrifica\u00e7\u00e3o e ajuste corretos s\u00e3o essenciais para garantir uma longa vida \u00fatil. Durante a instala\u00e7\u00e3o, recomenda-se alinhar o cilindro corretamente e utilizar suportes de montagem adequados para fix\u00e1-lo. Inspe\u00e7\u00f5es, reparos e substitui\u00e7\u00f5es regulares s\u00e3o recomendados para manter o desempenho ideal e prolongar a vida \u00fatil do Cilindro da Ca\u00e7amba para Escavadeira M\u00e9dia Komatsu PC228.<\/p>\n<p><img decoding=\"async\" src=\"https:\/\/www.hydraulic-cylinders.net\/wp-content\/uploads\/2025\/01\/songte-bushings-with-all-kinds-of-excavator-models.webp\" alt=\"Cilindro da ca\u00e7amba para escavadeira m\u00e9dia Komatsu PC228\" \/><\/p>\n<h2>Considera\u00e7\u00f5es de seguran\u00e7a e fatores ambientais<\/h2>\n<p>Ao utilizar o cilindro da ca\u00e7amba para a escavadeira m\u00e9dia Komatsu PC228, as medidas de seguran\u00e7a s\u00e3o vitais para evitar acidentes e les\u00f5es. Fatores ambientais como temperatura e umidade devem ser levados em considera\u00e7\u00e3o no projeto e na sele\u00e7\u00e3o de cilindros hidr\u00e1ulicos.<\/p>\n<h2>Diagn\u00f3stico de falhas e problemas comuns<\/h2>\n<p>Problemas comuns incluem vazamento de \u00f3leo, ru\u00eddo anormal e movimento lento ou inst\u00e1vel. Esses problemas podem ser causados \u200b\u200bpor diversos fatores, como desgaste natural, falha na veda\u00e7\u00e3o ou instala\u00e7\u00e3o inadequada.<\/p>\n<h2>Introdu\u00e7\u00e3o \u00e0 empresa<\/h2>\n<p>Somos fabricantes de cilindros hidr\u00e1ulicos de reposi\u00e7\u00e3o de alta qualidade e um dos principais fabricantes e distribuidores atacadistas de cilindros hidr\u00e1ulicos nos mercados nacional e internacional. Seguimos uma estrat\u00e9gia de excel\u00eancia em qualidade, baseada na gest\u00e3o industrial de nossas instala\u00e7\u00f5es de produ\u00e7\u00e3o de alta precis\u00e3o, e aprimoramos continuamente nossa plataforma de fabrica\u00e7\u00e3o em termos de talentos t\u00e9cnicos, equipamentos digitais de \u00faltima gera\u00e7\u00e3o e sistemas de teste profissionais. Com base nos princ\u00edpios de efici\u00eancia, precis\u00e3o e alta qualidade, atendemos \u00e0s diversas necessidades de nossos clientes.<\/p>\n<p><img decoding=\"async\" src=\"https:\/\/hzpt.com\/wp-content\/uploads\/2024\/11\/songte-company-1.webp\" alt=\"Cilindro da ca\u00e7amba para escavadeira m\u00e9dia Komatsu PC228\" \/><\/p>\n<h3>Profissionalismo:<\/h3>\n<p>Contamos com uma equipe de profissionais que seguem os mais altos padr\u00f5es em seu trabalho, garantindo que oferecemos aos nossos clientes produtos e servi\u00e7os de alta qualidade.<\/p>\n<h3>Certifica\u00e7\u00e3o Internacional:<\/h3>\n<p>Nossa empresa possui diversas certifica\u00e7\u00f5es internacionais, como ISO9001 e CE, garantindo que nossos produtos estejam em conformidade com os padr\u00f5es globais de qualidade.<\/p>\n<h3>Servi\u00e7os de personaliza\u00e7\u00e3o:<\/h3>\n<p>Oferecemos servi\u00e7os de personaliza\u00e7\u00e3o para atender a quaisquer necessidades e requisitos espec\u00edficos de nossos clientes.<\/p>\n<h3>Equipamentos de produ\u00e7\u00e3o:<\/h3>\n<p>Nosso equipamento de produ\u00e7\u00e3o inclui centros de usinagem CNC avan\u00e7ados, equipamentos de teste e outros equipamentos de alta tecnologia, o que nos permite fabricar produtos de alta qualidade.<\/p>\n<h3>Servi\u00e7os p\u00f3s-venda:<\/h3>\n<p>Oferecemos excelentes servi\u00e7os p\u00f3s-venda para garantir a satisfa\u00e7\u00e3o de nossos clientes com nossos produtos e servi\u00e7os, incluindo manuten\u00e7\u00e3o regular, inspe\u00e7\u00e3o, reparo e substitui\u00e7\u00e3o de pe\u00e7as.<\/p>\n<p>Autor: lyl<\/p>","protected":false},"excerpt":{"rendered":"<p>Bucket Cylinder For Komatsu Middle Excavator PC228 Introduction The Bucket Cylinder for Komatsu Middle Excavator PC228 is a specialized hydraulic cylinder designed to control the movement of the bucket in heavy machinery such as excavators, backhoes, and front-end loaders. Its primary function is to allow the bucket to lift, lower, and tilt, making it easier [&hellip;]<\/p>","protected":false},"featured_media":14787,"comment_status":"open","ping_status":"closed","template":"","meta":{"_et_pb_use_builder":"","_et_pb_old_content":"","_et_gb_content_width":""},"product_brand":[],"product_cat":[1494],"product_tag":[1495,1496],"class_list":{"0":"post-15134","1":"product","2":"type-product","3":"status-publish","4":"has-post-thumbnail","6":"product_cat-bucket-cylinders","7":"product_tag-bucket-cylinders","8":"product_tag-hydraulic-cylinders","10":"first","11":"instock","12":"shipping-taxable","13":"product-type-simple"},"amp_enabled":true,"_links":{"self":[{"href":"https:\/\/www.hydraulic-cylinders.net\/pt\/wp-json\/wp\/v2\/product\/15134","targetHints":{"allow":["GET"]}}],"collection":[{"href":"https:\/\/www.hydraulic-cylinders.net\/pt\/wp-json\/wp\/v2\/product"}],"about":[{"href":"https:\/\/www.hydraulic-cylinders.net\/pt\/wp-json\/wp\/v2\/types\/product"}],"replies":[{"embeddable":true,"href":"https:\/\/www.hydraulic-cylinders.net\/pt\/wp-json\/wp\/v2\/comments?post=15134"}],"wp:featuredmedia":[{"embeddable":true,"href":"https:\/\/www.hydraulic-cylinders.net\/pt\/wp-json\/wp\/v2\/media\/14787"}],"wp:attachment":[{"href":"https:\/\/www.hydraulic-cylinders.net\/pt\/wp-json\/wp\/v2\/media?parent=15134"}],"wp:term":[{"taxonomy":"product_brand","embeddable":true,"href":"https:\/\/www.hydraulic-cylinders.net\/pt\/wp-json\/wp\/v2\/product_brand?post=15134"},{"taxonomy":"product_cat","embeddable":true,"href":"https:\/\/www.hydraulic-cylinders.net\/pt\/wp-json\/wp\/v2\/product_cat?post=15134"},{"taxonomy":"product_tag","embeddable":true,"href":"https:\/\/www.hydraulic-cylinders.net\/pt\/wp-json\/wp\/v2\/product_tag?post=15134"}],"curies":[{"name":"wp","href":"https:\/\/api.w.org\/{rel}","templated":true}]}}