{"id":15135,"date":"2025-01-19T14:08:59","date_gmt":"2025-01-19T14:08:59","guid":{"rendered":"https:\/\/www.hydraulic-cylinders.net\/product\/bucket-cylinder-for-komatsu-middle-excavator-pc240lc-8mo\/"},"modified":"2025-01-19T14:09:01","modified_gmt":"2025-01-19T14:09:01","slug":"bucket-cylinder-for-komatsu-middle-excavator-pc240lc-8mo","status":"publish","type":"product","link":"https:\/\/www.hydraulic-cylinders.net\/pt\/produto\/bucket-cylinder-for-komatsu-middle-excavator-pc240lc-8mo\/","title":{"rendered":"Cilindro da ca\u00e7amba para escavadeira m\u00e9dia Komatsu PC240LC-8MO"},"content":{"rendered":"<h2>Cilindro da ca\u00e7amba para escavadeira m\u00e9dia Komatsu PC240LC-8MO<\/h2>\n<p>O cilindro da ca\u00e7amba para a escavadeira m\u00e9dia Komatsu PC240LC-8MO \u00e9 um cilindro hidr\u00e1ulico especializado, projetado para controlar o movimento da ca\u00e7amba em m\u00e1quinas pesadas, como escavadeiras, retroescavadeiras e p\u00e1s carregadeiras. Sua principal fun\u00e7\u00e3o \u00e9 permitir o levantamento, abaixamento e inclina\u00e7\u00e3o da ca\u00e7amba, facilitando o manuseio de diversos materiais. No sistema hidr\u00e1ulico, o cilindro da ca\u00e7amba proporciona um controle preciso da ca\u00e7amba utilizando as varia\u00e7\u00f5es de press\u00e3o no \u00f3leo hidr\u00e1ulico, permitindo que os operadores manuseiem cargas pesadas com efici\u00eancia e se adaptem a ambientes de trabalho complexos e diversas exig\u00eancias da tarefa.<\/p>\n<p><img decoding=\"async\" src=\"https:\/\/www.hydraulic-cylinders.net\/wp-content\/uploads\/2025\/01\/songte-company-2.webp\" alt=\"Imagem do cilindro da ca\u00e7amba\"><\/p>\n<h2>Caracter\u00edsticas do cilindro da ca\u00e7amba para escavadeira m\u00e9dia Komatsu PC240LC-8MO<\/h2>\n<ul>\n<li>Alta resist\u00eancia e durabilidade: Normalmente fabricado em a\u00e7o ou alum\u00ednio de alta resist\u00eancia, suporta altas press\u00f5es e cargas pesadas, adaptando-se a ambientes de trabalho severos. O design considera a resist\u00eancia ao desgaste e \u00e0 corros\u00e3o, prolongando sua vida \u00fatil.<\/li>\n<li>Opera\u00e7\u00e3o hidr\u00e1ulica eficiente: Utilizando a press\u00e3o do \u00f3leo hidr\u00e1ulico, proporciona movimentos suaves de extens\u00e3o e retra\u00e7\u00e3o, responde rapidamente aos comandos de controle, oferece fortes for\u00e7as de empurrar e puxar e \u00e9 adequado para lidar com cargas pesadas e tarefas complexas.<\/li>\n<li>Diversos tipos: O cilindro da ca\u00e7amba pode ser selecionado como de a\u00e7\u00e3o simples (acionamento hidr\u00e1ulico em apenas uma dire\u00e7\u00e3o) ou de a\u00e7\u00e3o dupla (acionamento hidr\u00e1ulico em ambas as dire\u00e7\u00f5es), de acordo com as necessidades operacionais. Alguns modelos s\u00e3o telesc\u00f3picos, permitindo maior extens\u00e3o sem aumentar as dimens\u00f5es externas, sendo ideais para aplica\u00e7\u00f5es com espa\u00e7o limitado.<\/li>\n<li>Substitui\u00e7\u00e3o perfeita: Nossos produtos podem substituir perfeitamente esses cilindros hidr\u00e1ulicos.<\/li>\n<\/ul>\n<p><img decoding=\"async\" src=\"https:\/\/www.hydraulic-cylinders.net\/wp-content\/uploads\/2025\/01\/songte-cylinder-head-with-all-kinds-excavator-models.webp\" alt=\"Imagem de substitui\u00e7\u00e3o de cilindro hidr\u00e1ulico\"><\/p>\n<h2>Aplica\u00e7\u00f5es do cilindro da ca\u00e7amba para escavadeira m\u00e9dia Komatsu PC240LC-8MO<\/h2>\n<p>O cilindro de ca\u00e7amba encontra aplica\u00e7\u00f5es em diversas m\u00e1quinas pesadas:<\/p>\n<ul>\n<li>Equipamentos de constru\u00e7\u00e3o: Em escavadeiras, s\u00e3o vitais para escavar, carregar e movimentar terra ou entulho. Em retroescavadeiras, o cilindro da ca\u00e7amba auxilia tanto na escava\u00e7\u00e3o quanto no levantamento.<\/li>\n<li>M\u00e1quinas agr\u00edcolas: usadas em carregadeiras frontais para recolher, levantar e transportar solo, feno e outros materiais.<\/li>\n<li>Escavadeiras: O cilindro da ca\u00e7amba permite a\u00e7\u00f5es de escava\u00e7\u00e3o permitindo que a ca\u00e7amba penetre no solo.<\/li>\n<li>Carregadeiras: Em carregadeiras frontais, elas auxiliam no levantamento e inclina\u00e7\u00e3o eficiente de mercadorias.<\/li>\n<\/ul>\n<h2>Considera\u00e7\u00f5es de design e crit\u00e9rios de sele\u00e7\u00e3o<\/h2>\n<p>Ao considerar o projeto do cilindro da ca\u00e7amba, fatores-chave como capacidade de carga, veda\u00e7\u00e3o, durabilidade, seguran\u00e7a e facilidade de manuten\u00e7\u00e3o s\u00e3o levados em conta:<\/p>\n<p><img decoding=\"async\" src=\"https:\/\/www.hydraulic-cylinders.net\/wp-content\/uploads\/2025\/01\/songte-oil-pipes-and-spare-parts.webp\" alt=\"Imagem de projeto de cilindro hidr\u00e1ulico\"><\/p>\n<h2>Veda\u00e7\u00e3o e Lubrifica\u00e7\u00e3o<\/h2>\n<p>O cilindro da ca\u00e7amba utiliza diversos componentes de veda\u00e7\u00e3o, como veda\u00e7\u00f5es de pist\u00e3o e veda\u00e7\u00f5es de haste, feitos de materiais resistentes ao desgaste, como poliuretano e borracha nitr\u00edlica. O corpo do cilindro e as superf\u00edcies roscadas das extremidades passam por um tratamento fino para aumentar a resist\u00eancia ao desgaste. A lubrifica\u00e7\u00e3o regular com \u00f3leo hidr\u00e1ulico apropriado \u00e9 necess\u00e1ria para garantir o bom funcionamento.<\/p>\n<h2>Inspe\u00e7\u00e3o regular e manuten\u00e7\u00e3o preventiva<\/h2>\n<p>Para manter o desempenho ideal do cilindro da ca\u00e7amba, inspe\u00e7\u00f5es regulares e medidas de manuten\u00e7\u00e3o preventiva s\u00e3o essenciais:<\/p>\n<h2>Guia de Instala\u00e7\u00e3o Correta<\/h2>\n<p>A instala\u00e7\u00e3o correta do cilindro da ca\u00e7amba \u00e9 crucial para sua funcionalidade e longevidade:<\/p>\n<p><img decoding=\"async\" src=\"https:\/\/www.hydraulic-cylinders.net\/wp-content\/uploads\/2025\/01\/songte-chushion-collar.webp\" alt=\"Imagem de Instala\u00e7\u00e3o do Cilindro do Balde\"><\/p>\n<h2>Tarefas comuns de manuten\u00e7\u00e3o<\/h2>\n<p>Tr\u00eas tarefas comuns de manuten\u00e7\u00e3o para o cilindro da ca\u00e7amba s\u00e3o:<\/p>\n<ul>\n<li>Inspe\u00e7\u00e3o regular<\/li>\n<li>Lubrifica\u00e7\u00e3o adequada<\/li>\n<li>Substitui\u00e7\u00e3o do selo e verifica\u00e7\u00e3o da calibra\u00e7\u00e3o<\/li>\n<\/ul>\n<p>A import\u00e2ncia da instala\u00e7\u00e3o, lubrifica\u00e7\u00e3o e ajuste corretos \u00e9 enfatizada ao longo de todo o processo de instala\u00e7\u00e3o. O alinhamento adequado do cilindro \u00e9 orientado e recomenda-se o uso de suportes de instala\u00e7\u00e3o apropriados para fix\u00e1-lo. Os procedimentos recomendados para inspe\u00e7\u00e3o, reparo e substitui\u00e7\u00e3o s\u00e3o fornecidos, juntamente com dicas para prolongar a vida \u00fatil do cilindro da ca\u00e7amba.<\/p>\n<p><img decoding=\"async\" src=\"https:\/\/www.hydraulic-cylinders.net\/wp-content\/uploads\/2025\/01\/songte-bushings-with-all-kinds-of-excavator-models.webp\" alt=\"Imagem de manuten\u00e7\u00e3o do cilindro da ca\u00e7amba\"><\/p>\n<h2>Considera\u00e7\u00f5es de seguran\u00e7a e fatores ambientais<\/h2>\n<p>A import\u00e2ncia das medidas de seguran\u00e7a ao utilizar o cilindro com balde \u00e9 enfatizada, considerando o uso de palavras-chave.<\/p>\n<h2>Diagn\u00f3stico de falhas e problemas comuns<\/h2>\n<p>S\u00e3o discutidas as falhas comuns e seus m\u00e9todos de resolu\u00e7\u00e3o, fornecendo dicas e solu\u00e7\u00f5es para diagnosticar e solucionar problemas com efic\u00e1cia. Tamb\u00e9m s\u00e3o sugeridas medidas preventivas para minimizar poss\u00edveis problemas.<\/p>\n<p><img decoding=\"async\" src=\"https:\/\/www.hydraulic-cylinders.net\/wp-content\/uploads\/2025\/01\/songte-company-1.webp\" alt=\"Imagem de diagn\u00f3stico de falha do cilindro da ca\u00e7amba\"><\/p>\n<h2>Sobre nossa empresa<\/h2>\n<p>Somos fabricantes de cilindros hidr\u00e1ulicos de reposi\u00e7\u00e3o e oferecemos uma ampla gama de produtos. Tornamo-nos um dos principais fabricantes e distribuidores atacadistas de cilindros hidr\u00e1ulicos nos mercados nacional e internacional. Nossa empresa segue a estrat\u00e9gia de excel\u00eancia em qualidade, baseada na gest\u00e3o industrializada de nossas sofisticadas instala\u00e7\u00f5es de produ\u00e7\u00e3o. Aprimoramos continuamente nossa plataforma de fabrica\u00e7\u00e3o por meio da contrata\u00e7\u00e3o de profissionais altamente qualificados, equipamentos digitais de \u00faltima gera\u00e7\u00e3o e sistemas de teste profissionais. Nossa empresa possui forte capacidade criativa e busca atender \u00e0s diversas necessidades dos clientes com base nos princ\u00edpios de alta efici\u00eancia, alta precis\u00e3o e alta qualidade.<\/p>\n<p><img decoding=\"async\" src=\"https:\/\/www.hydraulic-cylinders.net\/wp-content\/uploads\/2025\/01\/songte-company-3.webp\" alt=\"Imagem da Vis\u00e3o Geral da Empresa\"><\/p>\n<p>Al\u00e9m disso, apresentamos uma introdu\u00e7\u00e3o mais abrangente da nossa empresa, abordando diversos aspectos, como profissionalismo, certifica\u00e7\u00f5es internacionais, servi\u00e7os personalizados, equipamentos de produ\u00e7\u00e3o e servi\u00e7os p\u00f3s-venda.<\/p>\n<p>Autor: lyl<\/p>","protected":false},"excerpt":{"rendered":"<p>Bucket Cylinder For Komatsu Middle Excavator PC240LC-8MO The Bucket Cylinder for Komatsu Middle Excavator PC240LC-8MO is a specialized hydraulic cylinder designed to control the movement of the bucket in heavy-duty machinery such as excavators, backhoe loaders, and front-end loaders. Its main function is to enable the lifting, lowering, and tilting of the bucket, making it [&hellip;]<\/p>","protected":false},"featured_media":14785,"comment_status":"open","ping_status":"closed","template":"","meta":{"_et_pb_use_builder":"","_et_pb_old_content":"","_et_gb_content_width":""},"product_brand":[],"product_cat":[1494],"product_tag":[1495,1496],"class_list":{"0":"post-15135","1":"product","2":"type-product","3":"status-publish","4":"has-post-thumbnail","6":"product_cat-bucket-cylinders","7":"product_tag-bucket-cylinders","8":"product_tag-hydraulic-cylinders","10":"first","11":"instock","12":"shipping-taxable","13":"product-type-simple"},"amp_enabled":true,"_links":{"self":[{"href":"https:\/\/www.hydraulic-cylinders.net\/pt\/wp-json\/wp\/v2\/product\/15135","targetHints":{"allow":["GET"]}}],"collection":[{"href":"https:\/\/www.hydraulic-cylinders.net\/pt\/wp-json\/wp\/v2\/product"}],"about":[{"href":"https:\/\/www.hydraulic-cylinders.net\/pt\/wp-json\/wp\/v2\/types\/product"}],"replies":[{"embeddable":true,"href":"https:\/\/www.hydraulic-cylinders.net\/pt\/wp-json\/wp\/v2\/comments?post=15135"}],"wp:featuredmedia":[{"embeddable":true,"href":"https:\/\/www.hydraulic-cylinders.net\/pt\/wp-json\/wp\/v2\/media\/14785"}],"wp:attachment":[{"href":"https:\/\/www.hydraulic-cylinders.net\/pt\/wp-json\/wp\/v2\/media?parent=15135"}],"wp:term":[{"taxonomy":"product_brand","embeddable":true,"href":"https:\/\/www.hydraulic-cylinders.net\/pt\/wp-json\/wp\/v2\/product_brand?post=15135"},{"taxonomy":"product_cat","embeddable":true,"href":"https:\/\/www.hydraulic-cylinders.net\/pt\/wp-json\/wp\/v2\/product_cat?post=15135"},{"taxonomy":"product_tag","embeddable":true,"href":"https:\/\/www.hydraulic-cylinders.net\/pt\/wp-json\/wp\/v2\/product_tag?post=15135"}],"curies":[{"name":"wp","href":"https:\/\/api.w.org\/{rel}","templated":true}]}}