{"id":15139,"date":"2025-01-19T14:09:15","date_gmt":"2025-01-19T14:09:15","guid":{"rendered":"https:\/\/www.hydraulic-cylinders.net\/product\/bucket-cylinder-for-komatsu-middle-excavator-pc200-3-5-6-7-8-8mo\/"},"modified":"2025-01-19T14:09:17","modified_gmt":"2025-01-19T14:09:17","slug":"bucket-cylinder-for-komatsu-middle-excavator-pc200-3-5-6-7-8-8mo","status":"publish","type":"product","link":"https:\/\/www.hydraulic-cylinders.net\/pt\/produto\/bucket-cylinder-for-komatsu-middle-excavator-pc200-3-5-6-7-8-8mo\/","title":{"rendered":"Cilindro da ca\u00e7amba para escavadeira m\u00e9dia Komatsu PC200-3-5-6-7-8-8MO"},"content":{"rendered":"<h1>Cilindro da ca\u00e7amba para escavadeira m\u00e9dia Komatsu PC200-3-5-6-7-8-8MO<\/h1>\n<h2>Introdu\u00e7\u00e3o<\/h2>\n<h3>Definindo o Cilindro da Ca\u00e7amba<\/h3>\n<p>O Cilindro da Ca\u00e7amba para Escavadeira M\u00e9dia Komatsu PC200-3-5-6-7-8-8MO \u00e9 um cilindro hidr\u00e1ulico especializado, projetado para controlar o movimento da ca\u00e7amba em m\u00e1quinas pesadas, como escavadeiras, retroescavadeiras e p\u00e1s carregadeiras. Sua principal fun\u00e7\u00e3o \u00e9 permitir o levantamento, abaixamento e inclina\u00e7\u00e3o da ca\u00e7amba, facilitando diversas tarefas de movimenta\u00e7\u00e3o de materiais. No sistema hidr\u00e1ulico, o Cilindro da Ca\u00e7amba utiliza as varia\u00e7\u00f5es na press\u00e3o do \u00f3leo hidr\u00e1ulico para obter um controle preciso da ca\u00e7amba, permitindo que os operadores manuseiem cargas pesadas com efici\u00eancia e se adaptem a ambientes de trabalho complexos e diversas necessidades operacionais.<\/p>\n<p><img decoding=\"async\" src=\"https:\/\/www.hydraulic-cylinders.net\/wp-content\/uploads\/2025\/01\/songte-company-2.webp\"><\/p>\n<h3>Caracter\u00edsticas do Cilindro da Ca\u00e7amba<\/h3>\n<ul>\n<li><strong>Alta resist\u00eancia e durabilidade:<\/strong> Normalmente fabricado em a\u00e7o de alta resist\u00eancia ou alum\u00ednio, suporta alta press\u00e3o e cargas pesadas, adaptando-se a ambientes de trabalho severos. O projeto considera a resist\u00eancia ao desgaste e \u00e0 corros\u00e3o, prolongando a vida \u00fatil.<\/li>\n<li><strong>Opera\u00e7\u00e3o hidr\u00e1ulica eficiente:<\/strong> Utiliza press\u00e3o de \u00f3leo hidr\u00e1ulico para obter extens\u00e3o e retra\u00e7\u00e3o suaves, respondendo rapidamente aos comandos de controle, fornecendo for\u00e7as de empurrar e puxar potentes, adequadas para lidar com cargas pesadas e tarefas complexas.<\/li>\n<li><strong>V\u00e1rios tipos:<\/strong> Cilindros de a\u00e7\u00e3o simples (sistema hidr\u00e1ulico utilizado em apenas uma dire\u00e7\u00e3o) ou de a\u00e7\u00e3o dupla (sistema hidr\u00e1ulico utilizado em duas dire\u00e7\u00f5es) podem ser selecionados de acordo com as necessidades operacionais. Alguns modelos s\u00e3o telesc\u00f3picos, permitindo maior extens\u00e3o sem aumentar as dimens\u00f5es externas, sendo adequados para aplica\u00e7\u00f5es com espa\u00e7o limitado.<\/li>\n<li><strong>Substitui\u00e7\u00e3o perfeita:<\/strong> Nossos produtos podem substituir perfeitamente esses cilindros hidr\u00e1ulicos.<\/li>\n<\/ul>\n<p><img decoding=\"async\" src=\"https:\/\/www.hydraulic-cylinders.net\/wp-content\/uploads\/2025\/01\/songte-cylinder-head-with-all-kinds-excavator-models.webp\"><\/p>\n<h3>Aplica\u00e7\u00f5es do Cilindro de Ca\u00e7amba<\/h3>\n<ul>\n<li><strong>Equipamentos de constru\u00e7\u00e3o:<\/strong> Em escavadeiras, s\u00e3o essenciais para escavar, carregar e movimentar terra ou entulho. Em retroescavadeiras, o cilindro da ca\u00e7amba auxilia na escava\u00e7\u00e3o e no levantamento de materiais. <\/li>\n<li><strong>Maquinaria agr\u00edcola:<\/strong> Usado em carregadeiras frontais para recolher, levantar e transportar solo, feno e outros materiais. <\/li>\n<li><strong>Escavadeiras:<\/strong> O cilindro da ca\u00e7amba permite a escava\u00e7\u00e3o, possibilitando que a ca\u00e7amba penetre no solo.<\/li>\n<li><strong>Carregador:<\/strong> Em m\u00e1quinas de carregamento frontal, isso facilita o levantamento e o despejo eficientes de mercadorias. <\/li>\n<\/ul>\n<h3>Considera\u00e7\u00f5es de design e crit\u00e9rios de sele\u00e7\u00e3o<\/h3>\n<h4>Considera\u00e7\u00f5es de design<\/h4>\n<ul>\n<li><strong>Capacidade de carga:<\/strong> A capacidade de carga do cilindro da ca\u00e7amba \u00e9 um fator crucial, pois determina a quantidade de peso que ele pode suportar.<\/li>\n<li><strong>Selagem:<\/strong> O sistema de veda\u00e7\u00e3o do cilindro da ca\u00e7amba deve impedir vazamentos de \u00f3leo hidr\u00e1ulico e garantir o funcionamento eficiente do sistema. <\/li>\n<li><strong>Durabilidade:<\/strong> A durabilidade do cilindro da ca\u00e7amba depende do material utilizado em sua constru\u00e7\u00e3o e do projeto de componentes resistentes ao desgaste e \u00e0 corros\u00e3o.<\/li>\n<li><strong>Seguran\u00e7a:<\/strong> O projeto do cilindro da ca\u00e7amba deve levar em considera\u00e7\u00e3o medidas de seguran\u00e7a, como evitar movimentos bruscos e garantir que o cilindro permane\u00e7a est\u00e1vel durante a opera\u00e7\u00e3o.<\/li>\n<li><strong>Manuten\u00e7\u00e3o:<\/strong> O cilindro da ca\u00e7amba deve ser de f\u00e1cil manuten\u00e7\u00e3o e reparo, com componentes que possam ser acessados \u200b\u200be substitu\u00eddos com facilidade.<\/li>\n<\/ul>\n<h4>Crit\u00e9rios de sele\u00e7\u00e3o<\/h4>\n<ul>\n<li><strong>Capacidade de carga:<\/strong> A capacidade de carga do cilindro da ca\u00e7amba deve ser compat\u00edvel com os requisitos operacionais da m\u00e1quina. <\/li>\n<li><strong>Comprimento do curso:<\/strong> O curso do cilindro da ca\u00e7amba deve corresponder \u00e0 amplitude de movimento necess\u00e1ria da m\u00e1quina. <\/li>\n<li><strong>Di\u00e2metro:<\/strong> O di\u00e2metro do cilindro da ca\u00e7amba deve ser compat\u00edvel com a press\u00e3o de trabalho do sistema hidr\u00e1ulico.<\/li>\n<\/ul>\n<p><img decoding=\"async\" src=\"https:\/\/www.hydraulic-cylinders.net\/wp-content\/uploads\/2025\/01\/songte-oil-pipes-and-spare-parts.webp\"><\/p>\n<h3>Veda\u00e7\u00e3o e lubrifica\u00e7\u00e3o do cilindro da ca\u00e7amba<\/h3>\n<p>O cilindro da ca\u00e7amba utiliza diversas veda\u00e7\u00f5es, como veda\u00e7\u00f5es de pist\u00e3o e veda\u00e7\u00f5es de haste, feitas de materiais resistentes ao desgaste, como poliuretano e borracha nitr\u00edlica. O corpo do cilindro e as superf\u00edcies roscadas das extremidades passam por um processo de usinagem de precis\u00e3o para melhorar a resist\u00eancia ao desgaste. O cilindro da ca\u00e7amba requer lubrifica\u00e7\u00e3o regular com a quantidade adequada de \u00f3leo hidr\u00e1ulico para garantir um funcionamento suave.<\/p>\n<h3>Manuten\u00e7\u00e3o e Reparo<\/h3>\n<p>O cilindro da ca\u00e7amba requer inspe\u00e7\u00f5es regulares e medidas de manuten\u00e7\u00e3o preventiva, como lubrifica\u00e7\u00e3o adequada, substitui\u00e7\u00e3o de veda\u00e7\u00f5es e verifica\u00e7\u00f5es de calibra\u00e7\u00e3o. A instala\u00e7\u00e3o correta \u00e9 essencial, com o alinhamento adequado do cilindro e o uso recomendado de suportes de instala\u00e7\u00e3o para fix\u00e1-lo. Recomendamos seguir os procedimentos de inspe\u00e7\u00e3o, reparo e substitui\u00e7\u00e3o fornecidos para prolongar a vida \u00fatil do cilindro da ca\u00e7amba.<\/p>\n<p><img decoding=\"async\" src=\"https:\/\/www.hydraulic-cylinders.net\/wp-content\/uploads\/2025\/01\/songte-chushion-collar.webp\"><\/p>\n<h3>Quest\u00f5es de seguran\u00e7a e ambientais<\/h3>\n<p>Ao utilizar o cilindro de ca\u00e7amba, devem-se sempre seguir as medidas de seguran\u00e7a adequadas. \u00c9 essencial seguir os procedimentos de instala\u00e7\u00e3o recomendados e utilizar os equipamentos de seguran\u00e7a apropriados. Os fluidos hidr\u00e1ulicos do cilindro de ca\u00e7amba devem ser descartados corretamente, de acordo com as normas ambientais.<\/p>\n<h3>Diagn\u00f3stico de falhas e problemas comuns<\/h3>\n<p>Problemas comuns que podem surgir com o cilindro da ca\u00e7amba incluem falha na veda\u00e7\u00e3o, vazamento e desgaste excessivo. A manuten\u00e7\u00e3o adequada, incluindo inspe\u00e7\u00e3o regular, lubrifica\u00e7\u00e3o e substitui\u00e7\u00e3o de componentes desgastados, pode prevenir esses problemas. Em caso de falha, o diagn\u00f3stico e a solu\u00e7\u00e3o de problemas devem ser realizados para identificar a causa raiz do problema e tomar as medidas corretivas necess\u00e1rias.<\/p>\n<p><img decoding=\"async\" src=\"https:\/\/www.hydraulic-cylinders.net\/wp-content\/uploads\/2025\/01\/songte-bushings-with-all-kinds-of-excavator-models.webp\"><\/p>\n<h3>Sobre nossa empresa<\/h3>\n<p>Somos fabricantes de cilindros hidr\u00e1ulicos de reposi\u00e7\u00e3o, oferecendo uma gama completa de produtos e servi\u00e7os. Somos um dos principais fabricantes e distribuidores de cilindros hidr\u00e1ulicos nos mercados nacional e internacional. Primamos pela excel\u00eancia em qualidade e nos baseamos na estrat\u00e9gia de gest\u00e3o de produ\u00e7\u00e3o industrial de nossas instala\u00e7\u00f5es. Nossa empresa investe continuamente na melhoria da plataforma de produ\u00e7\u00e3o, aperfei\u00e7oa o processo produtivo e possui forte capacidade criativa, atendendo \u00e0s diversas necessidades dos clientes com alta efici\u00eancia, precis\u00e3o e padr\u00f5es de alta qualidade.<\/p>\n<p><img decoding=\"async\" src=\"https:\/\/hzpt.com\/wp-content\/uploads\/2024\/11\/songte-company-1.webp\"><\/p>\n<h4>O profissionalismo da nossa empresa<\/h4>\n<p>Nossa empresa conta com uma equipe de especialistas t\u00e9cnicos e utiliza equipamentos avan\u00e7ados de fabrica\u00e7\u00e3o digital e sistemas de teste profissionais para fornecer servi\u00e7os personalizados aos nossos clientes.<\/p>\n<h4>Certifica\u00e7\u00f5es internacionais da nossa empresa<\/h4>\n<p>Nossa empresa obteve certifica\u00e7\u00f5es internacionais, como CE e ISO9001, demonstrando nosso compromisso em fornecer produtos e servi\u00e7os de alta qualidade.<\/p>\n<h4>Servi\u00e7os de personaliza\u00e7\u00e3o da nossa empresa<\/h4>\n<p>Nossa empresa oferece servi\u00e7os de personaliza\u00e7\u00e3o, o que nos permite adaptar nossos produtos para atender \u00e0s necessidades espec\u00edficas de nossos clientes.<\/p>\n<h4>Equipamentos de produ\u00e7\u00e3o da nossa empresa<\/h4>\n<p>Nossa empresa utiliza equipamentos de produ\u00e7\u00e3o avan\u00e7ados, como tornos CNC, fresadoras e rob\u00f4s de soldagem, para garantir a qualidade de nossos produtos.<\/p>\n<h4>Servi\u00e7os de p\u00f3s-venda da nossa empresa<\/h4>\n<p>Nossa empresa oferece servi\u00e7os p\u00f3s-venda completos, incluindo substitui\u00e7\u00e3o de componentes, servi\u00e7os de reconstru\u00e7\u00e3o e suporte t\u00e9cnico.<\/p>\n<p>Autor: lyl.<\/p>","protected":false},"excerpt":{"rendered":"<p>Bucket Cylinder For Komatsu Middle Excavator PC200-3-5-6-7-8-8MO Introduction Defining the Bucket Cylinder The Bucket Cylinder for Komatsu Middle Excavator PC200-3-5-6-7-8-8MO is a specialized hydraulic cylinder designed for controlling the movement of the bucket in heavy machinery, such as excavators, backhoes, and front loaders. Its primary function is to enable lifting, lowering, and tilting of the [&hellip;]<\/p>","protected":false},"featured_media":14778,"comment_status":"open","ping_status":"closed","template":"","meta":{"_et_pb_use_builder":"","_et_pb_old_content":"","_et_gb_content_width":""},"product_brand":[],"product_cat":[1494],"product_tag":[1495,1496],"class_list":{"0":"post-15139","1":"product","2":"type-product","3":"status-publish","4":"has-post-thumbnail","6":"product_cat-bucket-cylinders","7":"product_tag-bucket-cylinders","8":"product_tag-hydraulic-cylinders","10":"first","11":"instock","12":"shipping-taxable","13":"product-type-simple"},"amp_enabled":true,"_links":{"self":[{"href":"https:\/\/www.hydraulic-cylinders.net\/pt\/wp-json\/wp\/v2\/product\/15139","targetHints":{"allow":["GET"]}}],"collection":[{"href":"https:\/\/www.hydraulic-cylinders.net\/pt\/wp-json\/wp\/v2\/product"}],"about":[{"href":"https:\/\/www.hydraulic-cylinders.net\/pt\/wp-json\/wp\/v2\/types\/product"}],"replies":[{"embeddable":true,"href":"https:\/\/www.hydraulic-cylinders.net\/pt\/wp-json\/wp\/v2\/comments?post=15139"}],"wp:featuredmedia":[{"embeddable":true,"href":"https:\/\/www.hydraulic-cylinders.net\/pt\/wp-json\/wp\/v2\/media\/14778"}],"wp:attachment":[{"href":"https:\/\/www.hydraulic-cylinders.net\/pt\/wp-json\/wp\/v2\/media?parent=15139"}],"wp:term":[{"taxonomy":"product_brand","embeddable":true,"href":"https:\/\/www.hydraulic-cylinders.net\/pt\/wp-json\/wp\/v2\/product_brand?post=15139"},{"taxonomy":"product_cat","embeddable":true,"href":"https:\/\/www.hydraulic-cylinders.net\/pt\/wp-json\/wp\/v2\/product_cat?post=15139"},{"taxonomy":"product_tag","embeddable":true,"href":"https:\/\/www.hydraulic-cylinders.net\/pt\/wp-json\/wp\/v2\/product_tag?post=15139"}],"curies":[{"name":"wp","href":"https:\/\/api.w.org\/{rel}","templated":true}]}}