{"id":15147,"date":"2025-01-19T14:09:54","date_gmt":"2025-01-19T14:09:54","guid":{"rendered":"https:\/\/www.hydraulic-cylinders.net\/product\/bucket-cylinder-for-komatsu-large-excavator-pc360-8mo\/"},"modified":"2025-01-19T14:09:56","modified_gmt":"2025-01-19T14:09:56","slug":"bucket-cylinder-for-komatsu-large-excavator-pc360-8mo","status":"publish","type":"product","link":"https:\/\/www.hydraulic-cylinders.net\/pt\/produto\/bucket-cylinder-for-komatsu-large-excavator-pc360-8mo\/","title":{"rendered":"Cilindro da ca\u00e7amba para escavadeira grande Komatsu PC360-8MO"},"content":{"rendered":"<h1>Cilindro da ca\u00e7amba para escavadeira grande Komatsu PC360-8MO<\/h1>\n<h2>Introdu\u00e7\u00e3o<\/h2>\n<h3>Definindo o Cilindro do Balde<\/h3>\n<p>O cilindro da ca\u00e7amba \u00e9 um cilindro hidr\u00e1ulico especialmente projetado para controlar o movimento da ca\u00e7amba em m\u00e1quinas pesadas, como escavadeiras, retroescavadeiras e p\u00e1s carregadeiras. Sua principal fun\u00e7\u00e3o \u00e9 permitir que a ca\u00e7amba suba, des\u00e7a e incline, facilitando o manuseio de diversos materiais. No sistema hidr\u00e1ulico, o cilindro da ca\u00e7amba proporciona um controle preciso da ca\u00e7amba por meio de varia\u00e7\u00f5es na press\u00e3o do \u00f3leo hidr\u00e1ulico, permitindo que os operadores manuseiem cargas pesadas com efici\u00eancia, se adaptem a ambientes de trabalho complexos e a diversas necessidades operacionais.<\/p>\n<p><img decoding=\"async\" src=\"https:\/\/www.hydraulic-cylinders.net\/wp-content\/uploads\/2025\/01\/songte-company-2.webp\" alt=\"Imagem do cilindro da ca\u00e7amba\"><\/p>\n<h3>Caracter\u00edsticas do cilindro da ca\u00e7amba<\/h3>\n<ul>\n<li>Alta resist\u00eancia e durabilidade: Geralmente fabricado em a\u00e7o ou alum\u00ednio de alta resist\u00eancia, suporta alta press\u00e3o e cargas pesadas, adapta-se a ambientes de trabalho severos e considera a resist\u00eancia ao desgaste e \u00e0 corros\u00e3o em seu projeto para prolongar a vida \u00fatil.<\/li>\n<li>Opera\u00e7\u00e3o hidr\u00e1ulica eficiente: A extens\u00e3o e a contra\u00e7\u00e3o suaves s\u00e3o alcan\u00e7adas utilizando a press\u00e3o do \u00f3leo hidr\u00e1ulico, proporcionando uma for\u00e7a de tra\u00e7\u00e3o e compress\u00e3o potente, adequada para lidar com cargas pesadas e tarefas operacionais complexas.<\/li>\n<li>Diversos tipos: Cilindros de a\u00e7\u00e3o simples (que utilizam o sistema hidr\u00e1ulico em apenas uma dire\u00e7\u00e3o) ou de a\u00e7\u00e3o dupla (que utilizam o sistema hidr\u00e1ulico em ambas as dire\u00e7\u00f5es) podem ser selecionados de acordo com as necessidades para atender a diferentes requisitos operacionais. Alguns modelos s\u00e3o telesc\u00f3picos, permitindo maior extens\u00e3o sem aumentar as dimens\u00f5es externas, sendo adequados para aplica\u00e7\u00f5es com espa\u00e7o limitado.<\/li>\n<li>Substitu\u00edvel por outros modelos: Nossos produtos podem substituir perfeitamente esses cilindros hidr\u00e1ulicos.<\/li>\n<\/ul>\n<p><img decoding=\"async\" src=\"https:\/\/www.hydraulic-cylinders.net\/wp-content\/uploads\/2025\/01\/songte-cylinder-head-with-all-kinds-excavator-models.webp\" alt=\"Imagem de substitui\u00e7\u00e3o do cilindro da ca\u00e7amba\"><\/p>\n<h3>Aplica\u00e7\u00e3o do Cilindro de Ca\u00e7amba<\/h3>\n<p>Cilindros de ca\u00e7amba s\u00e3o amplamente utilizados em diversos tipos de m\u00e1quinas, tais como:<\/p>\n<ul>\n<li>Equipamentos de constru\u00e7\u00e3o: Em escavadeiras, s\u00e3o essenciais para escavar, carregar e movimentar terra ou entulho. Em retroescavadeiras, auxiliam tanto na escava\u00e7\u00e3o quanto no levantamento de materiais.<\/li>\n<li>M\u00e1quinas agr\u00edcolas: usadas em carregadeiras frontais, para coletar, levantar e transportar solo, feno e outros materiais.<\/li>\n<li>Escavadeiras: O cilindro da ca\u00e7amba possibilita a escava\u00e7\u00e3o, permitindo que a ca\u00e7amba penetre no solo.<\/li>\n<li>Carregadores: Em carregadeiras frontais, eles auxiliam no levantamento e inclina\u00e7\u00e3o eficiente da carga.<\/li>\n<\/ul>\n<h3>Considera\u00e7\u00f5es de projeto para cilindro de ca\u00e7amba<\/h3>\n<p>Ao projetar um cilindro de ca\u00e7amba, os seguintes fatores s\u00e3o essenciais:<\/p>\n<h4>Capacidade de carga<\/h4>\n<p>O projeto do cilindro deve levar em considera\u00e7\u00e3o a quantidade de carga que ele pode suportar sem deforma\u00e7\u00e3o ou falha.<\/p>\n<h4>Selagem<\/h4>\n<p>Uma veda\u00e7\u00e3o adequada \u00e9 essencial para evitar vazamentos de \u00f3leo hidr\u00e1ulico e garantir o funcionamento eficaz do cilindro.<\/p>\n<h4>Durabilidade<\/h4>\n<p>O material do cilindro deve ser capaz de suportar o ambiente operacional severo e resistir ao desgaste e \u00e0 corros\u00e3o.<\/p>\n<h4>Seguran\u00e7a<\/h4>\n<p>Os cilindros de ca\u00e7amba devem ser projetados com foco na seguran\u00e7a, levando em considera\u00e7\u00e3o todos os riscos potenciais e garantindo que o cilindro n\u00e3o falhe durante a opera\u00e7\u00e3o.<\/p>\n<h4>Manutenibilidade<\/h4>\n<p>O cilindro deve ser projetado para permitir f\u00e1cil reparo e manuten\u00e7\u00e3o, garantindo desempenho ideal e longa vida \u00fatil.<\/p>\n<p><img decoding=\"async\" src=\"https:\/\/www.hydraulic-cylinders.net\/wp-content\/uploads\/2025\/01\/songte-oil-pipes-and-spare-parts.webp\" alt=\"Imagem de projeto de cilindro de ca\u00e7amba\"><\/p>\n<h3>Veda\u00e7\u00e3o e Lubrifica\u00e7\u00e3o do Cilindro da Ca\u00e7amba<\/h3>\n<p>O cilindro da ca\u00e7amba requer diversos componentes de veda\u00e7\u00e3o, como veda\u00e7\u00f5es de pist\u00e3o e veda\u00e7\u00f5es de haste, fabricados com materiais resistentes ao desgaste, como poliuretano e borracha nitr\u00edlica, para garantir uma veda\u00e7\u00e3o eficaz. O corpo do cilindro e a superf\u00edcie roscada da extremidade passam por um processo de usinagem de precis\u00e3o para melhorar a resist\u00eancia ao desgaste. A lubrifica\u00e7\u00e3o regular com \u00f3leo hidr\u00e1ulico \u00e9 necess\u00e1ria para garantir o desempenho ideal e a longevidade do equipamento.<\/p>\n<h3>Manuten\u00e7\u00e3o preventiva e resolu\u00e7\u00e3o de problemas do cilindro da ca\u00e7amba<\/h3>\n<ul>\n<li>Inspe\u00e7\u00f5es regulares: Inspecione o cilindro regularmente para detectar e corrigir poss\u00edveis problemas antes que se agravem.<\/li>\n<li>Lubrifica\u00e7\u00e3o adequada: Uma lubrifica\u00e7\u00e3o adequada \u00e9 essencial para que o cilindro funcione de forma eficiente e reduza o desgaste.<\/li>\n<li>Substitui\u00e7\u00e3o de veda\u00e7\u00f5es: Veda\u00e7\u00f5es desgastadas podem causar vazamentos e reduzir a efic\u00e1cia do cilindro; substitu\u00ed-las pode ajudar a manter o desempenho ideal.<\/li>\n<\/ul>\n<p>\u00c9 essencial instalar o cilindro da ca\u00e7amba corretamente e alinh\u00e1-lo com precis\u00e3o. Recomenda-se o uso de suportes de instala\u00e7\u00e3o adequados para fixar o cilindro. Inspe\u00e7\u00f5es, reparos e substitui\u00e7\u00f5es regulares s\u00e3o essenciais para prolongar a vida \u00fatil do cilindro da ca\u00e7amba.<\/p>\n<p><img decoding=\"async\" src=\"https:\/\/www.hydraulic-cylinders.net\/wp-content\/uploads\/2025\/01\/songte-chushion-collar.webp\" alt=\"Imagem de manuten\u00e7\u00e3o do cilindro da ca\u00e7amba\"><\/p>\n<h3>Considera\u00e7\u00f5es de seguran\u00e7a e fatores ambientais<\/h3>\n<p>Ao utilizar cilindros hidr\u00e1ulicos para ca\u00e7ambas, \u00e9 essencial considerar as medidas de seguran\u00e7a para garantir o funcionamento eficaz do cilindro e evitar perdas ou danos. O descarte adequado de cilindros hidr\u00e1ulicos usados \u200b\u200bdeve ser considerado para prevenir a polui\u00e7\u00e3o ambiental e garantir a seguran\u00e7a.<\/p>\n<h3>Diagn\u00f3stico e resolu\u00e7\u00e3o de problemas do cilindro da ca\u00e7amba<\/h3>\n<p>O problema mais comum com cilindros de ca\u00e7amba \u00e9 o dano \u00e0s veda\u00e7\u00f5es, que pode causar vazamentos e reduzir a efic\u00e1cia do cilindro. Inspe\u00e7\u00f5es regulares, um cronograma de manuten\u00e7\u00e3o adequado e a substitui\u00e7\u00e3o imediata de pe\u00e7as danificadas podem prevenir esse problema.<\/p>\n<p><img decoding=\"async\" src=\"https:\/\/www.hydraulic-cylinders.net\/wp-content\/uploads\/2025\/01\/songte-bushings-with-all-kinds-of-excavator-models.webp\" alt=\"Imagem de resolu\u00e7\u00e3o de problemas do cilindro da ca\u00e7amba\"><\/p>\n<h2>Sobre n\u00f3s<\/h2>\n<p>Somos fabricantes de cilindros hidr\u00e1ulicos de reposi\u00e7\u00e3o com uma linha completa de produtos e nos tornamos um dos principais fabricantes e distribuidores de cilindros hidr\u00e1ulicos nos mercados nacional e internacional. Seguimos uma estrat\u00e9gia de gest\u00e3o de produ\u00e7\u00e3o industrial baseada na excel\u00eancia da qualidade e contamos com a aplica\u00e7\u00e3o de talentos t\u00e9cnicos, equipamentos de fabrica\u00e7\u00e3o digital de ponta e sistemas de teste profissionais para aprimorar continuamente a linha de produ\u00e7\u00e3o, melhorar a qualidade dos produtos e ter uma forte capacidade criativa para atender \u00e0s diversas necessidades dos clientes com base nos princ\u00edpios de alta efici\u00eancia, alta precis\u00e3o e alta qualidade.<\/p>\n<p><img decoding=\"async\" src=\"https:\/\/hzpt.com\/wp-content\/uploads\/2024\/11\/songte-company-1.webp\" alt=\"Imagem Sobre N\u00f3s\"><\/p>\n<h3>Nossas especialidades<\/h3>\n<ul>\n<li>Profissionalismo: Contamos com uma equipe de especialistas que possuem amplo conhecimento em cilindros hidr\u00e1ulicos e podem fornecer solu\u00e7\u00f5es personalizadas para diferentes clientes.<\/li>\n<li>Certifica\u00e7\u00f5es internacionais: Nossos produtos possuem certifica\u00e7\u00e3o internacional, garantindo que atendam aos padr\u00f5es e regulamenta\u00e7\u00f5es do setor.<\/li>\n<li>Servi\u00e7os de personaliza\u00e7\u00e3o: Oferecemos cilindros hidr\u00e1ulicos personalizados de acordo com as necessidades dos clientes, garantindo que o cilindro atenda aos seus requisitos espec\u00edficos.<\/li>\n<li>Equipamentos de produ\u00e7\u00e3o: Possu\u00edmos equipamentos e tecnologia de produ\u00e7\u00e3o avan\u00e7ados para garantir a qualidade e a efici\u00eancia dos produtos.<\/li>\n<li>Servi\u00e7o p\u00f3s-venda: Oferecemos um servi\u00e7o p\u00f3s-venda completo, incluindo pe\u00e7as de reposi\u00e7\u00e3o e servi\u00e7os de remanufatura, para garantir a longevidade de nossos produtos.<\/li>\n<\/ul>\n<p><img decoding=\"async\" src=\"https:\/\/www.hydraulic-cylinders.net\/wp-content\/uploads\/2025\/01\/songte-company-3.webp\" alt=\"A imagem da nossa empresa\"><\/p>\n<p><em>Autor: lyl<\/em><\/p>","protected":false},"excerpt":{"rendered":"<p>Bucket Cylinder for Komatsu Large Excavator PC360-8MO Introduction Defining Bucket Cylinder A bucket cylinder is a specially designed hydraulic cylinder used to control the movement of the bucket in heavy machinery such as excavators, backhoe excavators, and front-end loaders. Its main function is to enable the bucket to lift, lower, and tilt, making it easier [&hellip;]<\/p>","protected":false},"featured_media":14789,"comment_status":"open","ping_status":"closed","template":"","meta":{"_et_pb_use_builder":"","_et_pb_old_content":"","_et_gb_content_width":""},"product_brand":[],"product_cat":[1494],"product_tag":[1495,1496],"class_list":{"0":"post-15147","1":"product","2":"type-product","3":"status-publish","4":"has-post-thumbnail","6":"product_cat-bucket-cylinders","7":"product_tag-bucket-cylinders","8":"product_tag-hydraulic-cylinders","10":"first","11":"instock","12":"shipping-taxable","13":"product-type-simple"},"amp_enabled":true,"_links":{"self":[{"href":"https:\/\/www.hydraulic-cylinders.net\/pt\/wp-json\/wp\/v2\/product\/15147","targetHints":{"allow":["GET"]}}],"collection":[{"href":"https:\/\/www.hydraulic-cylinders.net\/pt\/wp-json\/wp\/v2\/product"}],"about":[{"href":"https:\/\/www.hydraulic-cylinders.net\/pt\/wp-json\/wp\/v2\/types\/product"}],"replies":[{"embeddable":true,"href":"https:\/\/www.hydraulic-cylinders.net\/pt\/wp-json\/wp\/v2\/comments?post=15147"}],"wp:featuredmedia":[{"embeddable":true,"href":"https:\/\/www.hydraulic-cylinders.net\/pt\/wp-json\/wp\/v2\/media\/14789"}],"wp:attachment":[{"href":"https:\/\/www.hydraulic-cylinders.net\/pt\/wp-json\/wp\/v2\/media?parent=15147"}],"wp:term":[{"taxonomy":"product_brand","embeddable":true,"href":"https:\/\/www.hydraulic-cylinders.net\/pt\/wp-json\/wp\/v2\/product_brand?post=15147"},{"taxonomy":"product_cat","embeddable":true,"href":"https:\/\/www.hydraulic-cylinders.net\/pt\/wp-json\/wp\/v2\/product_cat?post=15147"},{"taxonomy":"product_tag","embeddable":true,"href":"https:\/\/www.hydraulic-cylinders.net\/pt\/wp-json\/wp\/v2\/product_tag?post=15147"}],"curies":[{"name":"wp","href":"https:\/\/api.w.org\/{rel}","templated":true}]}}