{"id":15150,"date":"2025-01-19T14:10:08","date_gmt":"2025-01-19T14:10:08","guid":{"rendered":"https:\/\/www.hydraulic-cylinders.net\/product\/bucket-cylinder-for-komatsu-large-excavator-pc350-5-6-7\/"},"modified":"2025-01-19T14:10:10","modified_gmt":"2025-01-19T14:10:10","slug":"bucket-cylinder-for-komatsu-large-excavator-pc350-5-6-7","status":"publish","type":"product","link":"https:\/\/www.hydraulic-cylinders.net\/pt\/produto\/bucket-cylinder-for-komatsu-large-excavator-pc350-5-6-7\/","title":{"rendered":"Cilindro da ca\u00e7amba para escavadeira grande Komatsu PC350-5-6-7"},"content":{"rendered":"<h2>Cilindro da ca\u00e7amba para escavadeira grande Komatsu PC350-5-6-7<\/h2>\n<h3>Introdu\u00e7\u00e3o<\/h3>\n<p>O cilindro da ca\u00e7amba \u00e9 um cilindro hidr\u00e1ulico especialmente projetado para controlar o movimento da ca\u00e7amba em m\u00e1quinas pesadas, como escavadeiras, retroescavadeiras e p\u00e1s carregadeiras. Sua principal fun\u00e7\u00e3o \u00e9 permitir que a ca\u00e7amba suba, des\u00e7a e incline, facilitando diversas tarefas de movimenta\u00e7\u00e3o de materiais. No sistema hidr\u00e1ulico, o cilindro da ca\u00e7amba proporciona um controle preciso da ca\u00e7amba atrav\u00e9s da varia\u00e7\u00e3o da press\u00e3o do \u00f3leo hidr\u00e1ulico, permitindo que os operadores manuseiem objetos pesados \u200b\u200bcom efici\u00eancia, adaptem-se a ambientes de trabalho complexos e a diversas necessidades operacionais. <\/p>\n<p><img decoding=\"async\" src=\"https:\/\/www.hydraulic-cylinders.net\/wp-content\/uploads\/2025\/01\/songte-company-2.webp\" \/><\/p>\n<h3>Caracter\u00edsticas<\/h3>\n<ul>\n<li>Alta resist\u00eancia e durabilidade: geralmente fabricado em a\u00e7o ou alum\u00ednio de alta resist\u00eancia, capaz de suportar alta press\u00e3o e cargas pesadas, adaptando-se a ambientes de trabalho severos e projetado com resist\u00eancia ao desgaste e \u00e0 corros\u00e3o para prolongar a vida \u00fatil.<\/li>\n<li>Opera\u00e7\u00e3o hidr\u00e1ulica eficiente: utiliza a press\u00e3o do \u00f3leo hidr\u00e1ulico para realizar movimentos suaves de extens\u00e3o e contra\u00e7\u00e3o, respondendo rapidamente aos comandos operacionais e fornecendo for\u00e7as de empurrar e puxar potentes, sendo adequado para manusear objetos pesados \u200b\u200be executar tarefas operacionais complexas.<\/li>\n<li>Diversos tipos de cilindros podem ser escolhidos: de a\u00e7\u00e3o simples (utilizando hidr\u00e1ulica em apenas uma dire\u00e7\u00e3o) ou de a\u00e7\u00e3o dupla (utilizando hidr\u00e1ulica em ambas as dire\u00e7\u00f5es), de acordo com as necessidades operacionais. Alguns modelos s\u00e3o telesc\u00f3picos, permitindo maior extens\u00e3o sem aumentar o tamanho externo, sendo adequados para aplica\u00e7\u00f5es com espa\u00e7o limitado.<\/li>\n<li>Podem substituir outros cilindros hidr\u00e1ulicos: nossos cilindros podem substituir perfeitamente outros cilindros hidr\u00e1ulicos, oferecendo solu\u00e7\u00f5es econ\u00f4micas para manuten\u00e7\u00e3o e reparos de equipamentos.<\/li>\n<\/ul>\n<p><img decoding=\"async\" src=\"https:\/\/www.hydraulic-cylinders.net\/wp-content\/uploads\/2025\/01\/songte-cylinder-head-with-all-kinds-excavator-models.webp\" \/><\/p>\n<h3>Aplica\u00e7\u00f5es<\/h3>\n<p>Cilindros de ca\u00e7amba s\u00e3o utilizados em diversas aplica\u00e7\u00f5es de m\u00e1quinas pesadas, incluindo:<\/p>\n<ul>\n<li>Equipamentos de constru\u00e7\u00e3o: em escavadeiras, os cilindros da ca\u00e7amba s\u00e3o cruciais para escava\u00e7\u00e3o, carregamento e movimenta\u00e7\u00e3o de solo ou entulho. Em retroescavadeiras, os cilindros da ca\u00e7amba auxiliam tanto na escava\u00e7\u00e3o quanto no levantamento. <\/li>\n<li>M\u00e1quinas agr\u00edcolas: usadas em carregadeiras frontais para recolher, levantar e transportar solo, feno e outros materiais. <\/li>\n<li>Escavadeiras: os cilindros da ca\u00e7amba possibilitam a a\u00e7\u00e3o de escava\u00e7\u00e3o, permitindo que a ca\u00e7amba penetre no solo.<\/li>\n<li>Carregadores: em carregadeiras frontais, eles auxiliam no levantamento e despejo eficiente da carga.<\/li>\n<\/ul>\n<h3>Considera\u00e7\u00f5es de design e crit\u00e9rios de sele\u00e7\u00e3o<\/h3>\n<p>As considera\u00e7\u00f5es de design incluem:<\/p>\n<ul>\n<li>Capacidade de carga: os cilindros da ca\u00e7amba s\u00e3o projetados para suportar alta press\u00e3o e cargas pesadas.<\/li>\n<li>Veda\u00e7\u00e3o: diversos componentes de veda\u00e7\u00e3o, como veda\u00e7\u00f5es de pist\u00e3o e veda\u00e7\u00f5es de haste, s\u00e3o utilizados para garantir que o fluido hidr\u00e1ulico n\u00e3o vaze do cilindro.<\/li>\n<li>Durabilidade: os cilindros das ca\u00e7ambas s\u00e3o projetados para serem resistentes ao desgaste, com alguns modelos apresentando revestimentos anodizados r\u00edgidos para prote\u00e7\u00e3o adicional.<\/li>\n<li>Seguran\u00e7a: os cilindros de ca\u00e7amba s\u00e3o projetados para minimizar o potencial de acidentes, por exemplo, incluindo v\u00e1lvulas de al\u00edvio de press\u00e3o.<\/li>\n<li>Manuten\u00e7\u00e3o: os cilindros da ca\u00e7amba s\u00e3o projetados para facilitar a manuten\u00e7\u00e3o e o reparo, com recursos como tampas remov\u00edveis e f\u00e1cil acesso aos componentes internos. <\/li>\n<\/ul>\n<p><img decoding=\"async\" src=\"https:\/\/www.hydraulic-cylinders.net\/wp-content\/uploads\/2025\/01\/songte-oil-pipes-and-spare-parts.webp\" \/><\/p>\n<p>Considera\u00e7\u00f5es sobre veda\u00e7\u00e3o e lubrifica\u00e7\u00e3o:<\/p>\n<ul>\n<li>S\u00e3o utilizados diversos componentes de veda\u00e7\u00e3o, como veda\u00e7\u00f5es de pist\u00e3o, veda\u00e7\u00f5es de haste e raspadores, para garantir que o fluido hidr\u00e1ulico n\u00e3o vaze do cilindro.<\/li>\n<li>Os componentes de veda\u00e7\u00e3o s\u00e3o normalmente feitos de materiais resistentes ao desgaste, como poliuretano e borracha nitr\u00edlica.<\/li>\n<li>O corpo do cilindro e as superf\u00edcies roscadas das extremidades s\u00e3o processados \u200b\u200bcom precis\u00e3o para melhorar a resist\u00eancia ao desgaste.<\/li>\n<li>O cilindro da ca\u00e7amba requer lubrifica\u00e7\u00e3o regular com a quantidade adequada de \u00f3leo hidr\u00e1ulico.<\/li>\n<\/ul>\n<p>A manuten\u00e7\u00e3o regular e as medidas preventivas incluem:<\/p>\n<ul>\n<li>Inspe\u00e7\u00e3o regular do corpo do cilindro e do pist\u00e3o para verificar danos ou desgaste.<\/li>\n<li>Lubrifica\u00e7\u00e3o regular com \u00f3leo hidr\u00e1ulico apropriado.<\/li>\n<li>Substitui\u00e7\u00e3o regular de componentes de veda\u00e7\u00e3o desgastados ou danificados.<\/li>\n<li>Verifica\u00e7\u00f5es regulares de calibra\u00e7\u00e3o para garantir que o cilindro esteja funcionando corretamente.<\/li>\n<\/ul>\n<p><img decoding=\"async\" src=\"https:\/\/www.hydraulic-cylinders.net\/wp-content\/uploads\/2025\/01\/songte-chushion-collar.webp\" \/><\/p>\n<h3>Considera\u00e7\u00f5es de seguran\u00e7a e fatores ambientais<\/h3>\n<p>Ao utilizar cilindros de balde, \u00e9 essencial seguir as precau\u00e7\u00f5es de seguran\u00e7a, tais como:<\/p>\n<ul>\n<li>Certifique-se de que o cilindro esteja instalado correta e firmemente.<\/li>\n<li>Certifique-se de que o cilindro esteja devidamente lubrificado e com a manuten\u00e7\u00e3o em dia.<\/li>\n<li>Utilize equipamentos de prote\u00e7\u00e3o individual adequados, como luvas e \u00f3culos de seguran\u00e7a.<\/li>\n<li>Esteja atento aos riscos potenciais, como alta press\u00e3o e cargas pesadas.<\/li>\n<\/ul>\n<p>Os cilindros para baldes s\u00e3o normalmente feitos de materiais recicl\u00e1veis \u200b\u200be ecol\u00f3gicos. <\/p>\n<h3>Diagn\u00f3stico e solu\u00e7\u00e3o de problemas<\/h3>\n<p>Problemas comuns em cilindros de ca\u00e7amba podem incluir vazamento de fluido hidr\u00e1ulico, danos \u00e0s hastes do pist\u00e3o ou \u00e0s veda\u00e7\u00f5es e lubrifica\u00e7\u00e3o incorreta ou insuficiente. <\/p>\n<p>Para diagnosticar e solucionar problemas com cilindros de ca\u00e7amba:<\/p>\n<ul>\n<li>Verifique se h\u00e1 sinais de vazamento de fluido hidr\u00e1ulico.<\/li>\n<li>Inspecione o pist\u00e3o e as veda\u00e7\u00f5es quanto a danos ou desgaste.<\/li>\n<li>Certifique-se de que o cilindro esteja devidamente lubrificado.<\/li>\n<li>Inspecione o sistema hidr\u00e1ulico para verificar se h\u00e1 algum problema.<\/li>\n<\/ul>\n<p>As medidas preventivas incluem manuten\u00e7\u00e3o e lubrifica\u00e7\u00e3o regulares, bem como garantir que o cilindro esteja instalado e calibrado corretamente.<\/p>\n<p><img decoding=\"async\" src=\"https:\/\/www.hydraulic-cylinders.net\/wp-content\/uploads\/2025\/01\/songte-bushings-with-all-kinds-of-excavator-models.webp\" \/><\/p>\n<h3>Sobre nossa empresa<\/h3>\n<p>Somos um fabricante e distribuidor atacadista l\u00edder de cilindros hidr\u00e1ulicos, oferecendo solu\u00e7\u00f5es econ\u00f4micas para manuten\u00e7\u00e3o e reparo de equipamentos. Especializamo-nos na produ\u00e7\u00e3o de uma ampla gama de cilindros hidr\u00e1ulicos, e nossa produ\u00e7\u00e3o \u00e9 respaldada por uma equipe de t\u00e9cnicos altamente qualificados, equipamentos de \u00faltima gera\u00e7\u00e3o e sistemas de teste profissionais. Nossa plataforma de fabrica\u00e7\u00e3o \u00e9 continuamente aprimorada para atender aos mais altos padr\u00f5es de efici\u00eancia, precis\u00e3o e qualidade. Oferecemos servi\u00e7os personalizados e possu\u00edmos vasta experi\u00eancia na produ\u00e7\u00e3o de cilindros hidr\u00e1ulicos para diversas aplica\u00e7\u00f5es. Priorizamos a satisfa\u00e7\u00e3o do cliente e nos esfor\u00e7amos para fornecer servi\u00e7os e suporte superiores.<\/p>\n<ul>\n<li>Profissionalismo: Nossa equipe \u00e9 formada por especialistas t\u00e9cnicos com vasta experi\u00eancia em projeto e produ\u00e7\u00e3o de cilindros hidr\u00e1ulicos.<\/li>\n<li>Certifica\u00e7\u00f5es internacionais: Nossos produtos foram testados e certificados por organiza\u00e7\u00f5es de padr\u00f5es internacionais, como a ISO.<\/li>\n<li>Servi\u00e7os personalizados: Oferecemos solu\u00e7\u00f5es personalizadas em cilindros hidr\u00e1ulicos para atender \u00e0s necessidades espec\u00edficas de nossos clientes.<\/li>\n<li>Equipamentos de produ\u00e7\u00e3o: Nossas instala\u00e7\u00f5es de produ\u00e7\u00e3o est\u00e3o equipadas com tecnologia de ponta, incluindo m\u00e1quinas CNC e sistemas de soldagem rob\u00f3tica.<\/li>\n<li>Servi\u00e7o p\u00f3s-venda: Oferecemos um servi\u00e7o p\u00f3s-venda completo, incluindo pe\u00e7as de reposi\u00e7\u00e3o e servi\u00e7os de remanufatura, para garantir a longevidade e a confiabilidade de nossos produtos.<\/li>\n<\/ul>\n<p><img decoding=\"async\" src=\"https:\/\/hzpt.com\/wp-content\/uploads\/2024\/11\/songte-company-1.webp\" \/><\/p>\n<p>Autor: lyl<\/p>","protected":false},"excerpt":{"rendered":"<p>Bucket Cylinder For Komatsu Large Excavator PC350-5-6-7 Introduction A bucket cylinder is a specially designed hydraulic cylinder used to control the movement of the bucket in heavy machinery such as excavators, backhoe excavators, and front-end loaders. Its main function is to enable the bucket to lift, lower, and tilt, making it easier for various materials [&hellip;]<\/p>","protected":false},"featured_media":14785,"comment_status":"open","ping_status":"closed","template":"","meta":{"_et_pb_use_builder":"","_et_pb_old_content":"","_et_gb_content_width":""},"product_brand":[],"product_cat":[1494],"product_tag":[1495,1496],"class_list":{"0":"post-15150","1":"product","2":"type-product","3":"status-publish","4":"has-post-thumbnail","6":"product_cat-bucket-cylinders","7":"product_tag-bucket-cylinders","8":"product_tag-hydraulic-cylinders","10":"first","11":"instock","12":"shipping-taxable","13":"product-type-simple"},"amp_enabled":true,"_links":{"self":[{"href":"https:\/\/www.hydraulic-cylinders.net\/pt\/wp-json\/wp\/v2\/product\/15150","targetHints":{"allow":["GET"]}}],"collection":[{"href":"https:\/\/www.hydraulic-cylinders.net\/pt\/wp-json\/wp\/v2\/product"}],"about":[{"href":"https:\/\/www.hydraulic-cylinders.net\/pt\/wp-json\/wp\/v2\/types\/product"}],"replies":[{"embeddable":true,"href":"https:\/\/www.hydraulic-cylinders.net\/pt\/wp-json\/wp\/v2\/comments?post=15150"}],"wp:featuredmedia":[{"embeddable":true,"href":"https:\/\/www.hydraulic-cylinders.net\/pt\/wp-json\/wp\/v2\/media\/14785"}],"wp:attachment":[{"href":"https:\/\/www.hydraulic-cylinders.net\/pt\/wp-json\/wp\/v2\/media?parent=15150"}],"wp:term":[{"taxonomy":"product_brand","embeddable":true,"href":"https:\/\/www.hydraulic-cylinders.net\/pt\/wp-json\/wp\/v2\/product_brand?post=15150"},{"taxonomy":"product_cat","embeddable":true,"href":"https:\/\/www.hydraulic-cylinders.net\/pt\/wp-json\/wp\/v2\/product_cat?post=15150"},{"taxonomy":"product_tag","embeddable":true,"href":"https:\/\/www.hydraulic-cylinders.net\/pt\/wp-json\/wp\/v2\/product_tag?post=15150"}],"curies":[{"name":"wp","href":"https:\/\/api.w.org\/{rel}","templated":true}]}}