{"id":15151,"date":"2025-01-19T14:10:12","date_gmt":"2025-01-19T14:10:12","guid":{"rendered":"https:\/\/www.hydraulic-cylinders.net\/product\/bucket-cylinder-for-komatsu-large-excavator-pc400-3-5-6-7-8\/"},"modified":"2025-01-19T14:10:14","modified_gmt":"2025-01-19T14:10:14","slug":"bucket-cylinder-for-komatsu-large-excavator-pc400-3-5-6-7-8","status":"publish","type":"product","link":"https:\/\/www.hydraulic-cylinders.net\/pt\/produto\/bucket-cylinder-for-komatsu-large-excavator-pc400-3-5-6-7-8\/","title":{"rendered":"Cilindro de ca\u00e7amba para escavadeira grande Komatsu PC400-3-5-6-7-8"},"content":{"rendered":"<h1>Cilindro de ca\u00e7amba para escavadeira grande Komatsu PC400-3-5-6-7-8<\/h1>\n<h2>Introdu\u00e7\u00e3o<\/h2>\n<p>Um cilindro de ca\u00e7amba \u00e9 um cilindro hidr\u00e1ulico especialmente projetado para controlar o movimento de ca\u00e7ambas em m\u00e1quinas pesadas, como escavadeiras, retroescavadeiras e carregadeiras frontais. Sua principal fun\u00e7\u00e3o \u00e9 permitir que a ca\u00e7amba levante, abaixe e incline, facilitando a execu\u00e7\u00e3o de diversas tarefas de movimenta\u00e7\u00e3o de materiais. No sistema hidr\u00e1ulico, o cilindro da ca\u00e7amba proporciona o controle preciso da ca\u00e7amba por meio das varia\u00e7\u00f5es de press\u00e3o do \u00f3leo hidr\u00e1ulico, permitindo que os operadores manuseiem objetos pesados \u200b\u200bcom efici\u00eancia e se adaptem a ambientes de trabalho complexos e \u00e0s diversas necessidades operacionais.<\/p>\n<p><img decoding=\"async\" src=\"https:\/\/www.hydraulic-cylinders.net\/wp-content\/uploads\/2025\/01\/songte-company-2.webp\" alt=\"Imagem do cilindro da ca\u00e7amba\"><\/p>\n<h2>Caracter\u00edsticas<\/h2>\n<ul>\n<li>Alta resist\u00eancia e durabilidade: normalmente feito de a\u00e7o de alta resist\u00eancia ou alum\u00ednio, ele pode suportar alta press\u00e3o e cargas pesadas, adaptar-se a ambientes de trabalho adversos e \u00e9 projetado com considera\u00e7\u00f5es de resist\u00eancia ao desgaste e \u00e0 corros\u00e3o para estender sua vida \u00fatil.<\/li>\n<li>Opera\u00e7\u00e3o hidr\u00e1ulica eficiente: a\u00e7\u00f5es suaves de extens\u00e3o e contra\u00e7\u00e3o s\u00e3o obtidas utilizando a press\u00e3o do \u00f3leo hidr\u00e1ulico, permitindo uma resposta r\u00e1pida aos comandos de controle, fornecendo for\u00e7as poderosas de empurrar e puxar e sendo adequado para manusear objetos pesados \u200b\u200be tarefas operacionais complexas.<\/li>\n<li>V\u00e1rios tipos: Cilindros de simples a\u00e7\u00e3o (hidr\u00e1ulico usado em apenas uma dire\u00e7\u00e3o) ou dupla a\u00e7\u00e3o (hidr\u00e1ulico usado em ambas as dire\u00e7\u00f5es) podem ser selecionados de acordo com as necessidades operacionais. Alguns modelos s\u00e3o telesc\u00f3picos, permitindo maior extens\u00e3o sem aumentar as dimens\u00f5es externas, adequados para aplica\u00e7\u00f5es com espa\u00e7o limitado.<\/li>\n<li>F\u00e1cil substitui\u00e7\u00e3o: Nosso produto pode substituir perfeitamente esses cilindros hidr\u00e1ulicos.<\/li>\n<\/ul>\n<p><img decoding=\"async\" src=\"https:\/\/www.hydraulic-cylinders.net\/wp-content\/uploads\/2025\/01\/songte-cylinder-head-with-all-kinds-excavator-models.webp\" alt=\"Imagem do cilindro da ca\u00e7amba\"><\/p>\n<h2>Aplicativo<\/h2>\n<p>Cilindros de ca\u00e7amba s\u00e3o amplamente utilizados em diversos setores, como equipamentos de constru\u00e7\u00e3o, m\u00e1quinas agr\u00edcolas, escavadeiras e carregadeiras. Algumas de suas aplica\u00e7\u00f5es s\u00e3o:<\/p>\n<ul>\n<li>Equipamentos de Constru\u00e7\u00e3o: Em escavadeiras, s\u00e3o essenciais para escavar, carregar e movimentar solo ou entulho. Em retroescavadeiras, os cilindros da ca\u00e7amba auxiliam tanto na escava\u00e7\u00e3o quanto na eleva\u00e7\u00e3o. Em carregadeiras frontais, auxiliam na eleva\u00e7\u00e3o e inclina\u00e7\u00e3o para um manuseio eficaz de materiais.<\/li>\n<li>M\u00e1quinas agr\u00edcolas: usadas em carregadeiras frontais para recolher, levantar e transportar solo, feno e outros materiais.<\/li>\n<li>Escavadeiras: Os cilindros de ca\u00e7amba permitem a a\u00e7\u00e3o de escava\u00e7\u00e3o, permitindo que a ca\u00e7amba penetre no solo.<\/li>\n<li>Carregadores: Em carregadores frontais, eles auxiliam na eleva\u00e7\u00e3o e descarga de cargas de forma eficaz.<\/li>\n<\/ul>\n<h2>Considera\u00e7\u00f5es de projeto e padr\u00f5es de sele\u00e7\u00e3o<\/h2>\n<p>Ao projetar cilindros de ca\u00e7amba, v\u00e1rias considera\u00e7\u00f5es e padr\u00f5es de sele\u00e7\u00e3o s\u00e3o essenciais:<\/p>\n<ul>\n<li>Capacidade de suporte: deve ser capaz de suportar a carga m\u00e1xima que se destina a suportar.<\/li>\n<li>Veda\u00e7\u00e3o: Devem ser utilizados diversos componentes de veda\u00e7\u00e3o, como veda\u00e7\u00f5es de pist\u00e3o, veda\u00e7\u00f5es de biela, etc. Poliuretano e borracha nitr\u00edlica s\u00e3o materiais dur\u00e1veis.<\/li>\n<li>Durabilidade: O corpo do cilindro e as superf\u00edcies das extremidades roscadas devem ser finamente processados \u200b\u200bpara melhorar a resist\u00eancia ao desgaste.<\/li>\n<li>Seguran\u00e7a: Considera\u00e7\u00f5es de seguran\u00e7a, como design \u00e0 prova de explos\u00e3o, devem ser levadas em conta.<\/li>\n<li>Manuten\u00e7\u00e3o: F\u00e1cil manuten\u00e7\u00e3o e reparo, como f\u00e1cil acesso aos componentes, substitui\u00e7\u00e3o direta, etc.<\/li>\n<\/ul>\n<p><img decoding=\"async\" src=\"https:\/\/www.hydraulic-cylinders.net\/wp-content\/uploads\/2025\/01\/songte-oil-pipes-and-spare-parts.webp\" alt=\"Imagem do cilindro da ca\u00e7amba\"><\/p>\n<h2>Veda\u00e7\u00e3o e Lubrifica\u00e7\u00e3o<\/h2>\n<p>V\u00e1rios tipos de componentes de veda\u00e7\u00e3o devem ser usados \u200b\u200bem cilindros de ca\u00e7amba para garantir a estanqueidade e aumentar a durabilidade. Politetrafluoretileno (PTFE) e poliuretano s\u00e3o dois materiais populares para an\u00e9is de veda\u00e7\u00e3o. A lubrifica\u00e7\u00e3o regular com \u00f3leo hidr\u00e1ulico apropriado tamb\u00e9m \u00e9 necess\u00e1ria para garantir o funcionamento adequado.<\/p>\n<h2>Manuten\u00e7\u00e3o e Reparo<\/h2>\n<p>A manuten\u00e7\u00e3o regular e as medidas preventivas podem prolongar a vida \u00fatil dos cilindros de ca\u00e7amba. Algumas medidas incluem:<\/p>\n<ul>\n<li>Inspe\u00e7\u00e3o regular<\/li>\n<li>Lubrifica\u00e7\u00e3o adequada<\/li>\n<li>Substitui\u00e7\u00e3o do selo<\/li>\n<li>Verifica\u00e7\u00e3o de calibra\u00e7\u00e3o<\/li>\n<\/ul>\n<p>Durante a instala\u00e7\u00e3o, \u00e9 importante alinhar o cilindro corretamente e usar suportes de instala\u00e7\u00e3o adequados para fix\u00e1-lo. Tamb\u00e9m \u00e9 importante seguir os procedimentos recomendados de inspe\u00e7\u00e3o, reparo e substitui\u00e7\u00e3o para garantir o desempenho ideal.<\/p>\n<p><img decoding=\"async\" src=\"https:\/\/www.hydraulic-cylinders.net\/wp-content\/uploads\/2025\/01\/songte-chushion-collar.webp\" alt=\"Imagem do cilindro da ca\u00e7amba\"><\/p>\n<h2>Considera\u00e7\u00f5es de seguran\u00e7a e fatores ambientais<\/h2>\n<p>Cilindros de ca\u00e7amba devem ser manuseados com cuidado. As normas de seguran\u00e7a devem ser seguidas para evitar acidentes. Fatores ambientais tamb\u00e9m devem ser considerados, como exposi\u00e7\u00e3o a temperaturas extremas, umidade ou materiais corrosivos.<\/p>\n<h2>Solu\u00e7\u00e3o de problemas e problemas comuns<\/h2>\n<p>Alguns dos problemas comuns enfrentados com cilindros de ca\u00e7amba incluem:<\/p>\n<ul>\n<li>Vazamento do cilindro<\/li>\n<li>Opera\u00e7\u00e3o lenta ou movimento brusco<\/li>\n<li>Desvio do cilindro<\/li>\n<li>Falha do cilindro em estender ou retrair<\/li>\n<\/ul>\n<p>O diagn\u00f3stico adequado e a solu\u00e7\u00e3o de problemas podem ser alcan\u00e7ados por meio de inspe\u00e7\u00f5es regulares, abordando problemas identificados prontamente e seguindo os procedimentos de manuten\u00e7\u00e3o e reparo recomendados.<\/p>\n<p><img decoding=\"async\" src=\"https:\/\/www.hydraulic-cylinders.net\/wp-content\/uploads\/2025\/01\/songte-bushings-with-all-kinds-of-excavator-models.webp\" alt=\"Imagem do cilindro da ca\u00e7amba\"><\/p>\n<h2>Sobre nossa empresa<\/h2>\n<p>Somos fabricantes de cilindros hidr\u00e1ulicos de reposi\u00e7\u00e3o com uma gama completa de produtos. Nos tornamos um dos principais fabricantes e distribuidores atacadistas de cilindros hidr\u00e1ulicos nos mercados nacional e internacional. Aderimos ao princ\u00edpio da excel\u00eancia em qualidade, apoiando-nos na estrat\u00e9gia de gest\u00e3o da produ\u00e7\u00e3o industrial de oficinas de manufatura de alta precis\u00e3o. Aprimoramos continuamente a plataforma de fabrica\u00e7\u00e3o das oficinas, aperfei\u00e7oamos a rota de produ\u00e7\u00e3o para garantir a qualidade dos produtos e possu\u00edmos forte capacidade criativa para atender \u00e0s diversas necessidades dos clientes com alta efici\u00eancia, alta precis\u00e3o e alta qualidade. <\/p>\n<p>Oferecemos servi\u00e7os personalizados, certifica\u00e7\u00e3o internacional e equipamentos de produ\u00e7\u00e3o de qualidade. Nosso servi\u00e7o p\u00f3s-venda \u00e9 impec\u00e1vel, oferecendo servi\u00e7os de substitui\u00e7\u00e3o de pe\u00e7as e reconstru\u00e7\u00e3o para aumentar a vida \u00fatil dos cilindros hidr\u00e1ulicos. <\/p>\n<p><img decoding=\"async\" src=\"https:\/\/hzpt.com\/wp-content\/uploads\/2024\/11\/songte-company-1.webp\" alt=\"Imagem do cilindro da ca\u00e7amba\"><\/p>\n<p>Autor: lyl<\/p>","protected":false},"excerpt":{"rendered":"<p>Bucket Cylinder For Komatsu Large Excavator PC400-3-5-6-7-8 Introduction A bucket cylinder is a specially designed hydraulic cylinder used to control the movement of buckets in heavy machinery such as excavators, backhoe excavators, and front-end loaders. Its main function is to enable the bucket to lift, lower, and tilt, making it easier to handle various material [&hellip;]<\/p>","protected":false},"featured_media":14784,"comment_status":"open","ping_status":"closed","template":"","meta":{"_et_pb_use_builder":"","_et_pb_old_content":"","_et_gb_content_width":""},"product_brand":[],"product_cat":[1494],"product_tag":[1495,1496],"class_list":{"0":"post-15151","1":"product","2":"type-product","3":"status-publish","4":"has-post-thumbnail","6":"product_cat-bucket-cylinders","7":"product_tag-bucket-cylinders","8":"product_tag-hydraulic-cylinders","10":"first","11":"instock","12":"shipping-taxable","13":"product-type-simple"},"amp_enabled":true,"_links":{"self":[{"href":"https:\/\/www.hydraulic-cylinders.net\/pt\/wp-json\/wp\/v2\/product\/15151","targetHints":{"allow":["GET"]}}],"collection":[{"href":"https:\/\/www.hydraulic-cylinders.net\/pt\/wp-json\/wp\/v2\/product"}],"about":[{"href":"https:\/\/www.hydraulic-cylinders.net\/pt\/wp-json\/wp\/v2\/types\/product"}],"replies":[{"embeddable":true,"href":"https:\/\/www.hydraulic-cylinders.net\/pt\/wp-json\/wp\/v2\/comments?post=15151"}],"wp:featuredmedia":[{"embeddable":true,"href":"https:\/\/www.hydraulic-cylinders.net\/pt\/wp-json\/wp\/v2\/media\/14784"}],"wp:attachment":[{"href":"https:\/\/www.hydraulic-cylinders.net\/pt\/wp-json\/wp\/v2\/media?parent=15151"}],"wp:term":[{"taxonomy":"product_brand","embeddable":true,"href":"https:\/\/www.hydraulic-cylinders.net\/pt\/wp-json\/wp\/v2\/product_brand?post=15151"},{"taxonomy":"product_cat","embeddable":true,"href":"https:\/\/www.hydraulic-cylinders.net\/pt\/wp-json\/wp\/v2\/product_cat?post=15151"},{"taxonomy":"product_tag","embeddable":true,"href":"https:\/\/www.hydraulic-cylinders.net\/pt\/wp-json\/wp\/v2\/product_tag?post=15151"}],"curies":[{"name":"wp","href":"https:\/\/api.w.org\/{rel}","templated":true}]}}