{"id":15169,"date":"2025-01-19T14:11:30","date_gmt":"2025-01-19T14:11:30","guid":{"rendered":"https:\/\/www.hydraulic-cylinders.net\/product\/bucket-cylinder-for-sumitomo-small-excavator-sh130-5\/"},"modified":"2025-01-19T14:11:32","modified_gmt":"2025-01-19T14:11:32","slug":"bucket-cylinder-for-sumitomo-small-excavator-sh130-5","status":"publish","type":"product","link":"https:\/\/www.hydraulic-cylinders.net\/pt\/produto\/bucket-cylinder-for-sumitomo-small-excavator-sh130-5\/","title":{"rendered":"Cilindro da ca\u00e7amba para mini escavadeira Sumitomo SH130-5"},"content":{"rendered":"<h1>Cilindro da ca\u00e7amba para mini escavadeira Sumitomo SH130-5<\/h1>\n<h2>Introdu\u00e7\u00e3o<\/h2>\n<p>Um cilindro de ca\u00e7amba \u00e9 um cilindro hidr\u00e1ulico especialmente projetado para controlar o movimento de ca\u00e7ambas em m\u00e1quinas pesadas, como escavadeiras, retroescavadeiras e p\u00e1s carregadeiras. Sua principal fun\u00e7\u00e3o \u00e9 permitir que a ca\u00e7amba suba, des\u00e7a e incline, facilitando o manuseio de diversos materiais. No sistema hidr\u00e1ulico, o cilindro de ca\u00e7amba controla os movimentos precisos da ca\u00e7amba por meio de varia\u00e7\u00f5es de press\u00e3o no \u00f3leo hidr\u00e1ulico, permitindo que os operadores manuseiem cargas pesadas com efici\u00eancia e se adaptem a ambientes de trabalho complexos e diversas necessidades operacionais.<\/p>\n<p><img decoding=\"async\" src=\"https:\/\/www.hydraulic-cylinders.net\/wp-content\/uploads\/2025\/01\/songte-company-2.webp\" alt=\"Imagem do cilindro da ca\u00e7amba\"><\/p>\n<h2>Caracter\u00edsticas<\/h2>\n<ul>\n<li>Alta resist\u00eancia e durabilidade: Geralmente fabricado em a\u00e7o ou alum\u00ednio de alta resist\u00eancia, suporta alta press\u00e3o e cargas pesadas, adaptando-se a ambientes de trabalho severos. O design considera a resist\u00eancia ao desgaste e \u00e0 corros\u00e3o, prolongando a vida \u00fatil.<\/li>\n<li>Opera\u00e7\u00e3o hidr\u00e1ulica eficiente: Utiliza a press\u00e3o do \u00f3leo hidr\u00e1ulico para obter um movimento telesc\u00f3pico suave, responde rapidamente aos comandos de controle, fornece uma for\u00e7a de empurrar e puxar potente e \u00e9 adequado para lidar com cargas pesadas e tarefas operacionais complexas.<\/li>\n<li>Diversos tipos: \u00c9 poss\u00edvel escolher cilindros de a\u00e7\u00e3o simples (acionamento hidr\u00e1ulico em apenas uma dire\u00e7\u00e3o) ou de a\u00e7\u00e3o dupla (acionamento hidr\u00e1ulico em ambas as dire\u00e7\u00f5es) de acordo com as necessidades para atender a diferentes requisitos de opera\u00e7\u00e3o. Alguns modelos s\u00e3o telesc\u00f3picos, permitindo maior extens\u00e3o sem aumentar as dimens\u00f5es externas, sendo adequados para aplica\u00e7\u00f5es com espa\u00e7o limitado.<\/li>\n<li>Dispon\u00edvel para produ\u00e7\u00e3o: Nosso produto pode substituir perfeitamente o cilindro hidr\u00e1ulico. <\/li>\n<\/ul>\n<p><img decoding=\"async\" src=\"https:\/\/www.hydraulic-cylinders.net\/wp-content\/uploads\/2025\/01\/songte-cylinder-head-with-all-kinds-excavator-models.webp\" alt=\"Imagem do produto\"><\/p>\n<h2>Aplica\u00e7\u00f5es<\/h2>\n<h3>Equipamentos de constru\u00e7\u00e3o<\/h3>\n<p>Em escavadeiras, s\u00e3o essenciais para escavar, carregar e movimentar solo ou entulho. Em retroescavadeiras, os cilindros da ca\u00e7amba auxiliam tanto na escava\u00e7\u00e3o quanto no levantamento. <\/p>\n<h3>Maquinaria agr\u00edcola<\/h3>\n<p>Utilizado em p\u00e1s carregadeiras frontais para recolher, levantar e transportar terra, feno e outros materiais. <\/p>\n<h3>Escavadeiras<\/h3>\n<p>O cilindro da ca\u00e7amba permite que ela penetre no solo para realizar a escava\u00e7\u00e3o. <\/p>\n<h3>Carregadores<\/h3>\n<p>Os cilindros da ca\u00e7amba ajudam a levantar e inclinar mercadorias de forma eficaz em carregadeiras frontais. <\/p>\n<h2>Considera\u00e7\u00f5es de design e crit\u00e9rios de sele\u00e7\u00e3o<\/h2>\n<ul>\n<li>Capacidade de carga: O cilindro deve ser capaz de suportar a carga m\u00e1xima sem quebrar ou deformar.<\/li>\n<li>Veda\u00e7\u00e3o: Utilizam-se diversos tipos de veda\u00e7\u00f5es, como veda\u00e7\u00f5es de pist\u00e3o e de haste, fabricadas com materiais resistentes ao desgaste, como poliuretano e borracha nitr\u00edlica. O corpo do cilindro e a superf\u00edcie da extremidade da rosca s\u00e3o finamente usinados para melhorar a resist\u00eancia ao desgaste. <\/li>\n<li>Durabilidade: O cilindro deve ser capaz de suportar uso cont\u00ednuo e intenso, adaptando-se a ambientes agressivos. <\/li>\n<li>Seguran\u00e7a: O cilindro n\u00e3o deve apresentar perda repentina de press\u00e3o ou movimentos inesperados que possam colocar em risco o equipamento ou o operador. <\/li>\n<li>Facilidade de manuten\u00e7\u00e3o: O cilindro deve exigir manuten\u00e7\u00e3o f\u00e1cil e regular. <\/li>\n<\/ul>\n<p><img decoding=\"async\" src=\"https:\/\/www.hydraulic-cylinders.net\/wp-content\/uploads\/2025\/01\/songte-oil-pipes-and-spare-parts.webp\" alt=\"Imagem das pe\u00e7as do produto\"><\/p>\n<h2>Veda\u00e7\u00e3o e Lubrifica\u00e7\u00e3o<\/h2>\n<p>S\u00e3o utilizadas diversas veda\u00e7\u00f5es, como veda\u00e7\u00f5es de pist\u00e3o e veda\u00e7\u00f5es de haste, fabricadas com materiais resistentes ao desgaste, como poliuretano e borracha nitr\u00edlica. O corpo do cilindro e a superf\u00edcie da extremidade da rosca s\u00e3o finamente usinados para melhorar a resist\u00eancia ao desgaste. O cilindro deve ser lubrificado regularmente com uma quantidade adequada de \u00f3leo hidr\u00e1ulico.<\/p>\n<h2>Manuten\u00e7\u00e3o e Medidas Preventivas<\/h2>\n<ul>\n<li>Inspe\u00e7\u00e3o regular<\/li>\n<li>Lubrifica\u00e7\u00e3o adequada<\/li>\n<li>Substitui\u00e7\u00e3o da veda\u00e7\u00e3o e verifica\u00e7\u00e3o da calibra\u00e7\u00e3o<\/li>\n<\/ul>\n<p>A instala\u00e7\u00e3o, lubrifica\u00e7\u00e3o e ajuste corretos s\u00e3o cruciais para a longevidade do cilindro. Durante a instala\u00e7\u00e3o, forne\u00e7a orienta\u00e7\u00f5es sobre o alinhamento correto do cilindro e sugira o uso de suportes de instala\u00e7\u00e3o apropriados para fix\u00e1-lo. Recomende procedimentos de inspe\u00e7\u00e3o, reparo e substitui\u00e7\u00e3o, bem como servi\u00e7os de troca e reconstru\u00e7\u00e3o de pe\u00e7as para prolongar a vida \u00fatil do cilindro.<\/p>\n<p><img decoding=\"async\" src=\"https:\/\/www.hydraulic-cylinders.net\/wp-content\/uploads\/2025\/01\/songte-chushion-collar.webp\" alt=\"Imagem da gola do produto\"><\/p>\n<h2>Considera\u00e7\u00f5es de seguran\u00e7a e fatores ambientais<\/h2>\n<p>Ao utilizar o cilindro, \u00e9 essencial seguir as medidas de seguran\u00e7a para evitar acidentes. O descarte adequado do \u00f3leo hidr\u00e1ulico e das pe\u00e7as \u00e9 necess\u00e1rio para a prote\u00e7\u00e3o ambiental.<\/p>\n<h2>Solu\u00e7\u00e3o de problemas e problemas comuns<\/h2>\n<p>Problemas comuns em cilindros de ca\u00e7amba incluem vazamentos, danos na haste do pist\u00e3o ou na parede do cilindro, ou ainda uma haste torta ou quebrada. Inspe\u00e7\u00e3o e manuten\u00e7\u00e3o podem ajudar a prevenir esses problemas.<\/p>\n<p>Caso surjam problemas, os m\u00e9todos de diagn\u00f3stico e reparo incluem a limpeza do cilindro, a substitui\u00e7\u00e3o das veda\u00e7\u00f5es e a corre\u00e7\u00e3o do desalinhamento. Medidas preventivas, como inspe\u00e7\u00e3o e manuten\u00e7\u00e3o regulares, podem reduzir o risco de problemas potenciais.<\/p>\n<p><img decoding=\"async\" src=\"https:\/\/www.hydraulic-cylinders.net\/wp-content\/uploads\/2025\/01\/songte-bushings-with-all-kinds-of-excavator-models.webp\" alt=\"Imagem das buchas do produto\"><\/p>\n<h2>Sobre nossa empresa<\/h2>\n<p>Somos fabricantes de cilindros hidr\u00e1ulicos de reposi\u00e7\u00e3o, com uma linha completa de produtos, e nos tornamos um dos principais fabricantes e distribuidores atacadistas de cilindros hidr\u00e1ulicos nos mercados nacional e internacional. Nossa empresa adere ao princ\u00edpio da excel\u00eancia em qualidade, apoiando-se na estrat\u00e9gia de gest\u00e3o de produ\u00e7\u00e3o industrializada de oficinas de fabrica\u00e7\u00e3o de alta precis\u00e3o, e aprimorando continuamente a plataforma de produ\u00e7\u00e3o da oficina por meio da utiliza\u00e7\u00e3o de talentos t\u00e9cnicos, equipamentos de fabrica\u00e7\u00e3o digital de ponta e sistemas de teste profissionais. Possu\u00edmos forte criatividade e atendemos \u00e0s diversas necessidades dos clientes com alta efici\u00eancia, alta precis\u00e3o e alta qualidade.<\/p>\n<p><img decoding=\"async\" src=\"https:\/\/hzpt.com\/wp-content\/uploads\/2024\/11\/songte-company-1.webp\" alt=\"Imagem da empresa\"><\/p>\n<h3>Profissionalismo<\/h3>\n<p>Nossa empresa conta com uma equipe dedicada de profissionais especialistas na produ\u00e7\u00e3o de cilindros hidr\u00e1ulicos. <\/p>\n<h3>Certifica\u00e7\u00e3o Internacional<\/h3>\n<p>Obtivemos diversas certifica\u00e7\u00f5es internacionais, incluindo ISO9001, CE, RoHS e SGS, garantindo a qualidade e a seguran\u00e7a de nossos produtos. <\/p>\n<h3>Servi\u00e7os de Personaliza\u00e7\u00e3o<\/h3>\n<p>Oferecemos servi\u00e7os personalizados para atender \u00e0s necessidades espec\u00edficas de cada cliente.<\/p>\n<h3>Equipamentos de produ\u00e7\u00e3o<\/h3>\n<p>Nossa empresa possui uma gama completa de equipamentos de produ\u00e7\u00e3o avan\u00e7ados, incluindo tornos, retificadoras, fresadoras e equipamentos de teste, garantindo a qualidade de nossos produtos.<\/p>\n<h3>Servi\u00e7o p\u00f3s-venda<\/h3>\n<p>Oferecemos um excelente servi\u00e7o p\u00f3s-venda, incluindo suporte t\u00e9cnico e resolu\u00e7\u00e3o de problemas relacionados ao produto. <\/p>\n<p>Autor: lyl.<\/p>","protected":false},"excerpt":{"rendered":"<p>Bucket Cylinder For Sumitomo Small Excavator SH130-5 Introduction A bucket cylinder is a specially designed hydraulic cylinder primarily used to control the movement of buckets in heavy machinery such as excavators, backhoes, and front loaders. Its main function is to allow the bucket to lift, lower, and tilt, making it easier to handle various material [&hellip;]<\/p>","protected":false},"featured_media":14778,"comment_status":"open","ping_status":"closed","template":"","meta":{"_et_pb_use_builder":"","_et_pb_old_content":"","_et_gb_content_width":""},"product_brand":[],"product_cat":[1494],"product_tag":[1495,1496],"class_list":{"0":"post-15169","1":"product","2":"type-product","3":"status-publish","4":"has-post-thumbnail","6":"product_cat-bucket-cylinders","7":"product_tag-bucket-cylinders","8":"product_tag-hydraulic-cylinders","10":"first","11":"instock","12":"shipping-taxable","13":"product-type-simple"},"amp_enabled":true,"_links":{"self":[{"href":"https:\/\/www.hydraulic-cylinders.net\/pt\/wp-json\/wp\/v2\/product\/15169","targetHints":{"allow":["GET"]}}],"collection":[{"href":"https:\/\/www.hydraulic-cylinders.net\/pt\/wp-json\/wp\/v2\/product"}],"about":[{"href":"https:\/\/www.hydraulic-cylinders.net\/pt\/wp-json\/wp\/v2\/types\/product"}],"replies":[{"embeddable":true,"href":"https:\/\/www.hydraulic-cylinders.net\/pt\/wp-json\/wp\/v2\/comments?post=15169"}],"wp:featuredmedia":[{"embeddable":true,"href":"https:\/\/www.hydraulic-cylinders.net\/pt\/wp-json\/wp\/v2\/media\/14778"}],"wp:attachment":[{"href":"https:\/\/www.hydraulic-cylinders.net\/pt\/wp-json\/wp\/v2\/media?parent=15169"}],"wp:term":[{"taxonomy":"product_brand","embeddable":true,"href":"https:\/\/www.hydraulic-cylinders.net\/pt\/wp-json\/wp\/v2\/product_brand?post=15169"},{"taxonomy":"product_cat","embeddable":true,"href":"https:\/\/www.hydraulic-cylinders.net\/pt\/wp-json\/wp\/v2\/product_cat?post=15169"},{"taxonomy":"product_tag","embeddable":true,"href":"https:\/\/www.hydraulic-cylinders.net\/pt\/wp-json\/wp\/v2\/product_tag?post=15169"}],"curies":[{"name":"wp","href":"https:\/\/api.w.org\/{rel}","templated":true}]}}