{"id":15174,"date":"2025-01-19T14:11:57","date_gmt":"2025-01-19T14:11:57","guid":{"rendered":"https:\/\/www.hydraulic-cylinders.net\/product\/bucket-cylinder-for-sumitomo-middle-excavator-sh200a1a2a3\/"},"modified":"2025-01-19T14:11:58","modified_gmt":"2025-01-19T14:11:58","slug":"bucket-cylinder-for-sumitomo-middle-excavator-sh200a1a2a3","status":"publish","type":"product","link":"https:\/\/www.hydraulic-cylinders.net\/pt\/produto\/bucket-cylinder-for-sumitomo-middle-excavator-sh200a1a2a3\/","title":{"rendered":"Cilindro da ca\u00e7amba para escavadeira m\u00e9dia Sumitomo SH200A1A2A3"},"content":{"rendered":"<h1>Cilindro da ca\u00e7amba para escavadeira m\u00e9dia Sumitomo SH200A1A2A3<\/h1>\n<h2>Introdu\u00e7\u00e3o<\/h2>\n<p>O cilindro da ca\u00e7amba para a escavadeira m\u00e9dia Sumitomo SH200A1A2A3 \u00e9 um cilindro hidr\u00e1ulico especializado usado para controlar o movimento da ca\u00e7amba em m\u00e1quinas pesadas, como escavadeiras, retroescavadeiras e p\u00e1s carregadeiras. Seu principal objetivo \u00e9 facilitar diversas tarefas de movimenta\u00e7\u00e3o de materiais, permitindo que a ca\u00e7amba levante, abaixe e incline com precis\u00e3o. Em sistemas hidr\u00e1ulicos, o cilindro da ca\u00e7amba permite o controle preciso da ca\u00e7amba por meio de altera\u00e7\u00f5es na press\u00e3o do \u00f3leo hidr\u00e1ulico, possibilitando que os operadores manuseiem cargas pesadas com efici\u00eancia e se adaptem a ambientes de trabalho complexos e diversas exig\u00eancias da tarefa.<\/p>\n<p><img decoding=\"async\" src=\"https:\/\/www.hydraulic-cylinders.net\/wp-content\/uploads\/2025\/01\/songte-company-2.webp\" alt=\"Imagem do cilindro da ca\u00e7amba\"><\/p>\n<h2>Caracter\u00edsticas<\/h2>\n<ul>\n<li>\n<h3>Alta resist\u00eancia e durabilidade<\/h3>\n<p>O cilindro da ca\u00e7amba \u00e9 geralmente feito de a\u00e7o ou alum\u00ednio de alta resist\u00eancia, capaz de suportar alta press\u00e3o e cargas pesadas, e projetado com foco na resist\u00eancia ao desgaste e \u00e0 corros\u00e3o para prolongar sua vida \u00fatil.<\/p>\n<\/li>\n<li>\n<h3>Opera\u00e7\u00e3o Hidr\u00e1ulica Eficiente<\/h3>\n<p>O cilindro da ca\u00e7amba utiliza press\u00e3o de \u00f3leo hidr\u00e1ulico para obter um movimento telesc\u00f3pico suave, responde rapidamente aos comandos de controle, fornece for\u00e7as de empurrar e puxar potentes e \u00e9 adequado para lidar com cargas pesadas e tarefas operacionais complexas.<\/p>\n<\/li>\n<li>\n<h3>V\u00e1rios tipos<\/h3>\n<p>O cilindro da ca\u00e7amba pode ser um cilindro hidr\u00e1ulico de a\u00e7\u00e3o simples (utilizando hidr\u00e1ulica em apenas uma dire\u00e7\u00e3o) ou um cilindro hidr\u00e1ulico de a\u00e7\u00e3o dupla (utilizando hidr\u00e1ulica em duas dire\u00e7\u00f5es), dependendo das necessidades, e alguns modelos s\u00e3o telesc\u00f3picos, permitindo maior extens\u00e3o sem aumentar as dimens\u00f5es externas, sendo adequados para aplica\u00e7\u00f5es com espa\u00e7o limitado.<\/p>\n<\/li>\n<li>\n<h3>Substitu\u00edvel<\/h3>\n<p>Nossa empresa pode fabricar este produto, e ele pode substituir perfeitamente esses cilindros hidr\u00e1ulicos.<\/p>\n<\/li>\n<li>\n<h3>Aplica\u00e7\u00f5es<\/h3>\n<p>O cilindro de ca\u00e7amba pode ser usado em diversos equipamentos, tais como:<\/p>\n<ul>\n<li>Equipamentos de constru\u00e7\u00e3o: Em escavadeiras, s\u00e3o essenciais para escavar, carregar e movimentar terra ou entulho. Em retroescavadeiras, o cilindro da p\u00e1 auxilia na escava\u00e7\u00e3o e no levantamento. <\/li>\n<li>M\u00e1quinas agr\u00edcolas: Utilizadas em carregadeiras frontais para recolher, levantar e transportar terra, feno e outros materiais. <\/li>\n<li>Escavadeiras: O cilindro da p\u00e1 permite a escava\u00e7\u00e3o, possibilitando que a p\u00e1 penetre no solo. <\/li>\n<li>Carregadeiras: Em carregadeiras frontais, elas auxiliam no levantamento e inclina\u00e7\u00e3o eficiente de mercadorias. <\/li>\n<\/ul>\n<\/li>\n<\/ul>\n<h2>Considera\u00e7\u00f5es de design e crit\u00e9rios de sele\u00e7\u00e3o<\/h2>\n<p>Do ponto de vista do projeto, o cilindro da ca\u00e7amba deve considerar o seguinte:<\/p>\n<ul>\n<li>\n<h3>Capacidade de suporte<\/h3>\n<p>O cilindro da ca\u00e7amba deve ter capacidade de carga suficiente para suportar a carga necess\u00e1ria, garantindo que n\u00e3o se deforme, rache ou quebre durante a opera\u00e7\u00e3o. <\/p>\n<\/li>\n<li>\n<h3>Veda\u00e7\u00e3o e durabilidade<\/h3>\n<p>O cilindro da ca\u00e7amba deve apresentar excelente veda\u00e7\u00e3o, impedindo vazamentos de \u00f3leo hidr\u00e1ulico e a entrada de \u00e1gua\/lama. O cilindro deve ser fabricado com materiais de alta resist\u00eancia e durabilidade, e o corpo do cilindro e a superf\u00edcie roscada da extremidade devem ser usinados com precis\u00e3o para melhorar a resist\u00eancia ao desgaste.<\/p>\n<\/li>\n<li>\n<h3>Seguran\u00e7a e Manuten\u00e7\u00e3o<\/h3>\n<p>O cilindro da ca\u00e7amba deve ser projetado levando em considera\u00e7\u00e3o a seguran\u00e7a e a manuten\u00e7\u00e3o, garantindo que n\u00e3o cause acidentes durante a opera\u00e7\u00e3o e que seja f\u00e1cil de desmontar, inspecionar e reparar quando necess\u00e1rio. <\/p>\n<\/li>\n<\/ul>\n<p><img decoding=\"async\" src=\"https:\/\/www.hydraulic-cylinders.net\/wp-content\/uploads\/2025\/01\/songte-oil-pipes-and-spare-parts.webp\" alt=\"Imagem das pe\u00e7as\"><\/p>\n<h2>Veda\u00e7\u00e3o e Lubrifica\u00e7\u00e3o<\/h2>\n<p>O cilindro da ca\u00e7amba utiliza diversos tipos de veda\u00e7\u00f5es, como veda\u00e7\u00f5es de pist\u00e3o, veda\u00e7\u00f5es de haste, etc. Os materiais de veda\u00e7\u00e3o s\u00e3o normalmente feitos de materiais resistentes ao desgaste, como poliuretano e borracha nitr\u00edlica. O corpo do cilindro e a superf\u00edcie roscada da extremidade s\u00e3o usinados com precis\u00e3o para melhorar a resist\u00eancia ao desgaste e prolongar a vida \u00fatil do cilindro. A adi\u00e7\u00e3o regular da quantidade adequada de \u00f3leo hidr\u00e1ulico \u00e9 necess\u00e1ria para manter a lubrifica\u00e7\u00e3o do cilindro da ca\u00e7amba e garantir seu bom funcionamento.<\/p>\n<h2>Manuten\u00e7\u00e3o e Reparo<\/h2>\n<p>A manuten\u00e7\u00e3o e o reparo adequados s\u00e3o essenciais para garantir que o cilindro da ca\u00e7amba opere com efici\u00eancia e seguran\u00e7a. Inspe\u00e7\u00f5es regulares, lubrifica\u00e7\u00e3o apropriada, substitui\u00e7\u00e3o de veda\u00e7\u00f5es e verifica\u00e7\u00f5es de calibra\u00e7\u00e3o s\u00e3o tarefas comuns de manuten\u00e7\u00e3o que devem ser realizadas. O alinhamento correto do cilindro durante a instala\u00e7\u00e3o \u00e9 fundamental, e recomenda-se o uso de suportes de instala\u00e7\u00e3o adequados para fix\u00e1-lo. Recomendamos a utiliza\u00e7\u00e3o de nossos programas de inspe\u00e7\u00e3o, reparo e substitui\u00e7\u00e3o para maximizar a vida \u00fatil do cilindro.<\/p>\n<p><img decoding=\"async\" src=\"https:\/\/www.hydraulic-cylinders.net\/wp-content\/uploads\/2025\/01\/songte-chushion-collar.webp\" alt=\"Imagem de gola almofadada\"><\/p>\n<h2>Considera\u00e7\u00f5es de seguran\u00e7a e fatores ambientais<\/h2>\n<p>Ao utilizar o cilindro de balde, \u00e9 essencial seguir medidas de seguran\u00e7a como o uso de equipamentos de prote\u00e7\u00e3o individual e a realiza\u00e7\u00e3o de manuten\u00e7\u00e3o regular. Fatores ambientais como temperatura, umidade e poeira tamb\u00e9m devem ser considerados, e a prote\u00e7\u00e3o adequada deve ser tomada para evitar danos ao cilindro.<\/p>\n<h2>Diagn\u00f3stico e problemas comuns<\/h2>\n<p>Alguns problemas comuns em cilindros de ca\u00e7amba incluem vazamento de \u00f3leo, resposta lenta, pot\u00eancia insuficiente e ru\u00eddo anormal. Nossa empresa pode fornecer dicas e solu\u00e7\u00f5es para esses problemas, como a substitui\u00e7\u00e3o de veda\u00e7\u00f5es, limpeza do \u00f3leo e diagn\u00f3stico e reparo de problemas estruturais.<\/p>\n<p><img decoding=\"async\" src=\"https:\/\/www.hydraulic-cylinders.net\/wp-content\/uploads\/2025\/01\/songte-bushings-with-all-kinds-of-excavator-models.webp\" alt=\"Imagem de buchas\"><\/p>\n<h2>Sobre nossa empresa<\/h2>\n<p>Nossa empresa \u00e9 fabricante de cilindros hidr\u00e1ulicos de reposi\u00e7\u00e3o. Com uma linha completa de produtos, nos tornamos um dos principais fabricantes e distribuidores atacadistas de cilindros hidr\u00e1ulicos nos mercados nacional e internacional. Primamos pela excel\u00eancia em qualidade, contando com a gest\u00e3o industrializada de nossa oficina de fabrica\u00e7\u00e3o refinada, aprimorando continuamente nossa plataforma de produ\u00e7\u00e3o, aperfei\u00e7oando o processo produtivo e possuindo forte capacidade criativa. Oferecemos produtos eficientes, precisos e de alta qualidade para atender \u00e0s diversas necessidades de nossos clientes.<\/p>\n<p>Nossa empresa \u00e9 especializada em fornecer servi\u00e7os profissionais, com certifica\u00e7\u00e3o internacional e personalizados, al\u00e9m de equipamentos de produ\u00e7\u00e3o. Nosso servi\u00e7o p\u00f3s-venda inclui manuten\u00e7\u00e3o regular, lubrifica\u00e7\u00e3o, substitui\u00e7\u00e3o de veda\u00e7\u00f5es e verifica\u00e7\u00f5es de calibra\u00e7\u00e3o. Recomendamos o uso de nossos programas de inspe\u00e7\u00e3o, reparo e substitui\u00e7\u00e3o para maximizar a vida \u00fatil do cilindro.<\/p>\n<p><img decoding=\"async\" src=\"https:\/\/hzpt.com\/wp-content\/uploads\/2024\/11\/songte-company-1.webp\" alt=\"Imagem da empresa\"><\/p>\n<p>Autor: lyl<\/p>","protected":false},"excerpt":{"rendered":"<p>Bucket Cylinder For Sumitomo Middle Excavator SH200A1A2A3 Introduction The bucket cylinder for Sumitomo middle excavator SH200A1A2A3 is a specialized hydraulic cylinder used to control the movement of shovels in heavy machinery such as excavators, backhoe excavators, and front loaders. Its main purpose is to facilitate various material handling tasks by enabling the shovel to lift, [&hellip;]<\/p>","protected":false},"featured_media":14765,"comment_status":"open","ping_status":"closed","template":"","meta":{"_et_pb_use_builder":"","_et_pb_old_content":"","_et_gb_content_width":""},"product_brand":[],"product_cat":[1494],"product_tag":[1495,1496],"class_list":{"0":"post-15174","1":"product","2":"type-product","3":"status-publish","4":"has-post-thumbnail","6":"product_cat-bucket-cylinders","7":"product_tag-bucket-cylinders","8":"product_tag-hydraulic-cylinders","10":"first","11":"instock","12":"shipping-taxable","13":"product-type-simple"},"amp_enabled":true,"_links":{"self":[{"href":"https:\/\/www.hydraulic-cylinders.net\/pt\/wp-json\/wp\/v2\/product\/15174","targetHints":{"allow":["GET"]}}],"collection":[{"href":"https:\/\/www.hydraulic-cylinders.net\/pt\/wp-json\/wp\/v2\/product"}],"about":[{"href":"https:\/\/www.hydraulic-cylinders.net\/pt\/wp-json\/wp\/v2\/types\/product"}],"replies":[{"embeddable":true,"href":"https:\/\/www.hydraulic-cylinders.net\/pt\/wp-json\/wp\/v2\/comments?post=15174"}],"wp:featuredmedia":[{"embeddable":true,"href":"https:\/\/www.hydraulic-cylinders.net\/pt\/wp-json\/wp\/v2\/media\/14765"}],"wp:attachment":[{"href":"https:\/\/www.hydraulic-cylinders.net\/pt\/wp-json\/wp\/v2\/media?parent=15174"}],"wp:term":[{"taxonomy":"product_brand","embeddable":true,"href":"https:\/\/www.hydraulic-cylinders.net\/pt\/wp-json\/wp\/v2\/product_brand?post=15174"},{"taxonomy":"product_cat","embeddable":true,"href":"https:\/\/www.hydraulic-cylinders.net\/pt\/wp-json\/wp\/v2\/product_cat?post=15174"},{"taxonomy":"product_tag","embeddable":true,"href":"https:\/\/www.hydraulic-cylinders.net\/pt\/wp-json\/wp\/v2\/product_tag?post=15174"}],"curies":[{"name":"wp","href":"https:\/\/api.w.org\/{rel}","templated":true}]}}