{"id":15186,"date":"2025-01-19T14:12:44","date_gmt":"2025-01-19T14:12:44","guid":{"rendered":"https:\/\/www.hydraulic-cylinders.net\/product\/bucket-cylinder-for-sumitomo-large-excavator-sh350hb-3b\/"},"modified":"2025-01-19T14:12:52","modified_gmt":"2025-01-19T14:12:52","slug":"bucket-cylinder-for-sumitomo-large-excavator-sh350hb-3b","status":"publish","type":"product","link":"https:\/\/www.hydraulic-cylinders.net\/pt\/produto\/bucket-cylinder-for-sumitomo-large-excavator-sh350hb-3b\/","title":{"rendered":"Cilindro da ca\u00e7amba para escavadeira grande Sumitomo SH350HB-3B"},"content":{"rendered":"<h1>Cilindro da ca\u00e7amba para escavadeira grande Sumitomo SH350HB-3B<\/h1>\n<h2>Introdu\u00e7\u00e3o<\/h2>\n<p>O cilindro da ca\u00e7amba para a escavadeira de grande porte Sumitomo SH350HB-3B \u00e9 um cilindro hidr\u00e1ulico especialmente projetado para controlar o movimento da ca\u00e7amba em m\u00e1quinas pesadas, como escavadeiras, retroescavadeiras e p\u00e1s carregadeiras. Sua principal fun\u00e7\u00e3o \u00e9 permitir o levantamento, abaixamento e inclina\u00e7\u00e3o da ca\u00e7amba, facilitando diversas tarefas de movimenta\u00e7\u00e3o de materiais. No sistema hidr\u00e1ulico, o cilindro da ca\u00e7amba proporciona um controle preciso da ca\u00e7amba utilizando as varia\u00e7\u00f5es de press\u00e3o no \u00f3leo hidr\u00e1ulico, permitindo que os operadores manuseiem cargas pesadas com efici\u00eancia e se adaptem a ambientes de trabalho complexos e diversas necessidades operacionais.<\/p>\n<p><img decoding=\"async\" src=\"https:\/\/www.hydraulic-cylinders.net\/wp-content\/uploads\/2025\/01\/songte-company-2.webp\" alt=\"Cilindro de ca\u00e7amba\"><\/p>\n<h2>Caracter\u00edsticas<\/h2>\n<ul>\n<li>Alta resist\u00eancia e durabilidade: Normalmente fabricado em a\u00e7o ou alum\u00ednio de alta resist\u00eancia, o cilindro da ca\u00e7amba \u00e9 capaz de suportar alta press\u00e3o e cargas pesadas, adaptando-se a ambientes de trabalho severos. Seu design considera a resist\u00eancia ao desgaste e \u00e0 corros\u00e3o, prolongando sua vida \u00fatil.<\/li>\n<li>Opera\u00e7\u00e3o hidr\u00e1ulica eficiente: Utilizando a press\u00e3o do \u00f3leo hidr\u00e1ulico, o cilindro da ca\u00e7amba realiza movimentos suaves de extens\u00e3o e retra\u00e7\u00e3o, permitindo uma resposta r\u00e1pida aos comandos de controle e fornecendo for\u00e7as de empurrar e puxar potentes, adequadas para o manuseio de cargas pesadas e tarefas complexas.<\/li>\n<li>Tipos Variados: O cilindro da ca\u00e7amba pode ser selecionado como de a\u00e7\u00e3o simples (press\u00e3o hidr\u00e1ulica aplicada em apenas uma dire\u00e7\u00e3o) ou de a\u00e7\u00e3o dupla (press\u00e3o hidr\u00e1ulica aplicada em ambas as dire\u00e7\u00f5es), de acordo com as necessidades operacionais. Alguns modelos s\u00e3o telesc\u00f3picos, permitindo maior extens\u00e3o sem aumentar as dimens\u00f5es externas, sendo adequados para aplica\u00e7\u00f5es com espa\u00e7o limitado.<\/li>\n<li>Substitui\u00e7\u00e3o perfeita: Nossos produtos podem substituir perfeitamente esses cilindros hidr\u00e1ulicos. <\/li>\n<\/ul>\n<p><img decoding=\"async\" src=\"https:\/\/www.hydraulic-cylinders.net\/wp-content\/uploads\/2025\/01\/songte-cylinder-head-with-all-kinds-excavator-models.webp\" alt=\"Substitui\u00e7\u00e3o\"><\/p>\n<h2>Aplica\u00e7\u00f5es<\/h2>\n<p>O cilindro de ca\u00e7amba encontra suas aplica\u00e7\u00f5es em diversos equipamentos:<\/p>\n<ul>\n<li>Equipamentos de constru\u00e7\u00e3o: Em escavadeiras, s\u00e3o essenciais para escava\u00e7\u00e3o, carregamento e movimenta\u00e7\u00e3o de materiais. Em retroescavadeiras, o cilindro da ca\u00e7amba auxilia tanto na escava\u00e7\u00e3o quanto no levantamento.<\/li>\n<li>M\u00e1quinas agr\u00edcolas: Utilizadas em p\u00e1s carregadeiras frontais para recolher, levantar e transportar terra, feno e outros materiais.<\/li>\n<li>Escavadeiras: O cilindro da ca\u00e7amba permite a\u00e7\u00f5es de escava\u00e7\u00e3o permitindo que a ca\u00e7amba penetre no solo.<\/li>\n<li>Carregadeiras frontais: Nas carregadeiras frontais, elas auxiliam no levantamento e inclina\u00e7\u00e3o de mercadorias de forma eficaz.<\/li>\n<\/ul>\n<h2>Considera\u00e7\u00f5es de design e crit\u00e9rios de sele\u00e7\u00e3o<\/h2>\n<p>Ao projetar o cilindro da ca\u00e7amba, diversos fatores-chave e crit\u00e9rios de sele\u00e7\u00e3o s\u00e3o levados em considera\u00e7\u00e3o:<\/p>\n<ul>\n<li>Capacidade de carga: O cilindro da ca\u00e7amba foi projetado para suportar a capacidade de carga necess\u00e1ria.<\/li>\n<li>Veda\u00e7\u00e3o: Diversos componentes de veda\u00e7\u00e3o, como veda\u00e7\u00f5es de pist\u00e3o e veda\u00e7\u00f5es de haste, s\u00e3o utilizados para garantir uma veda\u00e7\u00e3o eficaz. Eles s\u00e3o fabricados com materiais resistentes ao desgaste, como poliuretano e borracha nitr\u00edlica.<\/li>\n<li>Durabilidade: O corpo do cilindro e as extremidades roscadas passam por um cuidadoso tratamento de superf\u00edcie para aumentar a resist\u00eancia ao desgaste.<\/li>\n<li>Seguran\u00e7a: O projeto incorpora recursos de seguran\u00e7a para garantir uma opera\u00e7\u00e3o segura.<\/li>\n<li>Facilidade de manuten\u00e7\u00e3o: O cilindro da ca\u00e7amba foi projetado para facilitar a manuten\u00e7\u00e3o e o reparo.<\/li>\n<\/ul>\n<p><img decoding=\"async\" src=\"https:\/\/www.hydraulic-cylinders.net\/wp-content\/uploads\/2025\/01\/songte-oil-pipes-and-spare-parts.webp\" alt=\"Veda\u00e7\u00e3o e Lubrifica\u00e7\u00e3o\"><\/p>\n<h2>Manuten\u00e7\u00e3o e Medidas de Precau\u00e7\u00e3o<\/h2>\n<p>Para garantir a longevidade do cilindro da ca\u00e7amba, devem ser realizadas inspe\u00e7\u00f5es regulares e medidas de manuten\u00e7\u00e3o preventiva:<\/p>\n<ul>\n<li>Inspe\u00e7\u00f5es regulares: Verifique se h\u00e1 sinais de danos ou desgaste e corrija-os imediatamente.<\/li>\n<li>Lubrifica\u00e7\u00e3o adequada: Adicione regularmente a quantidade apropriada de \u00f3leo hidr\u00e1ulico para lubrifica\u00e7\u00e3o.<\/li>\n<li>Substitui\u00e7\u00e3o das veda\u00e7\u00f5es: Substitua as veda\u00e7\u00f5es conforme necess\u00e1rio para manter a veda\u00e7\u00e3o eficaz.<\/li>\n<li>Verifica\u00e7\u00f5es de calibra\u00e7\u00e3o: Verifique e calibre periodicamente o cilindro da ca\u00e7amba para garantir o seu funcionamento adequado.<\/li>\n<\/ul>\n<p><img decoding=\"async\" src=\"https:\/\/www.hydraulic-cylinders.net\/wp-content\/uploads\/2025\/01\/songte-chushion-collar.webp\" alt=\"Manuten\u00e7\u00e3o\"><\/p>\n<h2>Considera\u00e7\u00f5es de seguran\u00e7a e fatores ambientais<\/h2>\n<p>Ao utilizar o cilindro com balde, \u00e9 de extrema import\u00e2ncia seguir as medidas de seguran\u00e7a para prevenir acidentes e considerar os fatores ambientais:<\/p>\n<ul>\n<li>Siga as diretrizes de seguran\u00e7a e utilize os equipamentos de prote\u00e7\u00e3o individual adequados.<\/li>\n<li>Descarte os fluidos hidr\u00e1ulicos e outros materiais de maneira ambientalmente correta.<\/li>\n<\/ul>\n<p><img decoding=\"async\" src=\"https:\/\/www.hydraulic-cylinders.net\/wp-content\/uploads\/2025\/01\/songte-bushings-with-all-kinds-of-excavator-models.webp\" alt=\"Seguran\u00e7a e Meio Ambiente\"><\/p>\n<h2>Solu\u00e7\u00e3o de problemas e problemas comuns<\/h2>\n<p>Algumas dicas e solu\u00e7\u00f5es comuns para problemas relacionados ao cilindro da ca\u00e7amba incluem:<\/p>\n<ul>\n<li>Problema: Vazamento. Solu\u00e7\u00e3o: Verifique e substitua as veda\u00e7\u00f5es danificadas.<\/li>\n<li>Problema: Cilindro n\u00e3o estende\/retrai. Solu\u00e7\u00e3o: Inspecione o n\u00edvel e a press\u00e3o do fluido hidr\u00e1ulico e verifique se h\u00e1 bloqueios ou mau funcionamento no sistema.<\/li>\n<li>Problema: Pot\u00eancia insuficiente. Solu\u00e7\u00e3o: Verifique a press\u00e3o do sistema hidr\u00e1ulico e inspecione se h\u00e1 alguma obstru\u00e7\u00e3o ou mau funcionamento.<\/li>\n<\/ul>\n<p><img decoding=\"async\" src=\"https:\/\/hzpt.com\/wp-content\/uploads\/2024\/11\/songte-company-1.webp\" alt=\"Solu\u00e7\u00e3o de problemas\"><\/p>\n<h2>Sobre nossa empresa<\/h2>\n<p>Somos fabricantes de cilindros hidr\u00e1ulicos de reposi\u00e7\u00e3o e um dos principais fabricantes e distribuidores atacadistas nos mercados nacional e internacional. Nossa empresa oferece uma gama completa de produtos e segue uma estrat\u00e9gia de gest\u00e3o de produ\u00e7\u00e3o industrializada, baseada em excelente qualidade, equipamentos de fabrica\u00e7\u00e3o avan\u00e7ados e sistemas de teste profissionais. Aprimoramos continuamente nossa plataforma de produ\u00e7\u00e3o para alcan\u00e7ar alta efici\u00eancia, precis\u00e3o e qualidade, atendendo \u00e0s diversas necessidades de nossos clientes.<\/p>\n<p><img decoding=\"async\" src=\"https:\/\/www.hydraulic-cylinders.net\/wp-content\/uploads\/2025\/01\/songte-company-3.webp\" alt=\"Empresa\"><\/p>\n<p>Do profissionalismo e certifica\u00e7\u00f5es internacionais a servi\u00e7os personalizados, equipamentos de produ\u00e7\u00e3o e servi\u00e7os p\u00f3s-venda, nossa empresa se esfor\u00e7a para fornecer as melhores solu\u00e7\u00f5es para as necessidades de cilindros hidr\u00e1ulicos de nossos clientes.<\/p>\n<p>Autor: lyl<\/p>","protected":false},"excerpt":{"rendered":"<p>Bucket Cylinder For Sumitomo Large Excavator SH350HB-3B Introduction The bucket cylinder for Sumitomo large excavator SH350HB-3B is a specially designed hydraulic cylinder that is primarily used to control the movement of the bucket in heavy machinery such as excavators, backhoe loaders, and front loaders. Its main function is to enable the lifting, lowering, and tilting [&hellip;]<\/p>","protected":false},"featured_media":14773,"comment_status":"open","ping_status":"closed","template":"","meta":{"_et_pb_use_builder":"","_et_pb_old_content":"","_et_gb_content_width":""},"product_brand":[],"product_cat":[1494],"product_tag":[1495,1496],"class_list":{"0":"post-15186","1":"product","2":"type-product","3":"status-publish","4":"has-post-thumbnail","6":"product_cat-bucket-cylinders","7":"product_tag-bucket-cylinders","8":"product_tag-hydraulic-cylinders","10":"first","11":"instock","12":"shipping-taxable","13":"product-type-simple"},"amp_enabled":true,"_links":{"self":[{"href":"https:\/\/www.hydraulic-cylinders.net\/pt\/wp-json\/wp\/v2\/product\/15186","targetHints":{"allow":["GET"]}}],"collection":[{"href":"https:\/\/www.hydraulic-cylinders.net\/pt\/wp-json\/wp\/v2\/product"}],"about":[{"href":"https:\/\/www.hydraulic-cylinders.net\/pt\/wp-json\/wp\/v2\/types\/product"}],"replies":[{"embeddable":true,"href":"https:\/\/www.hydraulic-cylinders.net\/pt\/wp-json\/wp\/v2\/comments?post=15186"}],"wp:featuredmedia":[{"embeddable":true,"href":"https:\/\/www.hydraulic-cylinders.net\/pt\/wp-json\/wp\/v2\/media\/14773"}],"wp:attachment":[{"href":"https:\/\/www.hydraulic-cylinders.net\/pt\/wp-json\/wp\/v2\/media?parent=15186"}],"wp:term":[{"taxonomy":"product_brand","embeddable":true,"href":"https:\/\/www.hydraulic-cylinders.net\/pt\/wp-json\/wp\/v2\/product_brand?post=15186"},{"taxonomy":"product_cat","embeddable":true,"href":"https:\/\/www.hydraulic-cylinders.net\/pt\/wp-json\/wp\/v2\/product_cat?post=15186"},{"taxonomy":"product_tag","embeddable":true,"href":"https:\/\/www.hydraulic-cylinders.net\/pt\/wp-json\/wp\/v2\/product_tag?post=15186"}],"curies":[{"name":"wp","href":"https:\/\/api.w.org\/{rel}","templated":true}]}}