{"id":15193,"date":"2025-01-19T14:13:19","date_gmt":"2025-01-19T14:13:19","guid":{"rendered":"https:\/\/www.hydraulic-cylinders.net\/product\/bucket-cylinder-for-sumitomo-large-excavator-sh480hd-5\/"},"modified":"2025-01-19T14:13:21","modified_gmt":"2025-01-19T14:13:21","slug":"bucket-cylinder-for-sumitomo-large-excavator-sh480hd-5","status":"publish","type":"product","link":"https:\/\/www.hydraulic-cylinders.net\/pt\/produto\/bucket-cylinder-for-sumitomo-large-excavator-sh480hd-5\/","title":{"rendered":"Cilindro da ca\u00e7amba para escavadeira grande Sumitomo SH480HD-5"},"content":{"rendered":"<h1>Cilindro da ca\u00e7amba para escavadeira grande Sumitomo SH480HD-5<\/h1>\n<h2>Introdu\u00e7\u00e3o<\/h2>\n<p>Um cilindro de ca\u00e7amba \u00e9 um cilindro hidr\u00e1ulico especialmente projetado para controlar o movimento de ca\u00e7ambas em m\u00e1quinas pesadas, como escavadeiras, retroescavadeiras e p\u00e1s carregadeiras. Sua principal fun\u00e7\u00e3o \u00e9 permitir que a ca\u00e7amba suba, des\u00e7a e incline, tornando-a ideal para diversas tarefas de movimenta\u00e7\u00e3o de materiais. No sistema hidr\u00e1ulico, os cilindros de ca\u00e7amba controlam o movimento preciso da ca\u00e7amba por meio de varia\u00e7\u00f5es na press\u00e3o do \u00f3leo hidr\u00e1ulico, permitindo que os operadores manuseiem cargas pesadas com efici\u00eancia e se adaptem a ambientes de trabalho complexos e diversas exig\u00eancias da tarefa.<\/p>\n<p><img decoding=\"async\" src=\"https:\/\/www.hydraulic-cylinders.net\/wp-content\/uploads\/2025\/01\/songte-company-2.webp\" alt=\"Cilindro da ca\u00e7amba para escavadeira grande Sumitomo SH480HD-5\"><\/p>\n<h2>Caracter\u00edsticas<\/h2>\n<ul>\n<li>\n<h3>Alta resist\u00eancia e durabilidade<\/h3>\n<p>Os cilindros de ca\u00e7amba s\u00e3o normalmente feitos de a\u00e7o ou alum\u00ednio de alta resist\u00eancia, capazes de suportar alta press\u00e3o e cargas pesadas, adaptando-se a ambientes de trabalho severos e projetados com durabilidade e resist\u00eancia \u00e0 corros\u00e3o em mente, prolongando sua vida \u00fatil.<\/p>\n<\/li>\n<li>\n<h3>Opera\u00e7\u00f5es hidr\u00e1ulicas eficientes<\/h3>\n<p>Os cilindros da ca\u00e7amba utilizam a press\u00e3o do \u00f3leo hidr\u00e1ulico para realizar movimentos suaves de extens\u00e3o e contra\u00e7\u00e3o, respondendo rapidamente aos comandos de controle, fornecendo for\u00e7as de empurrar e puxar potentes e sendo adequados para o manuseio de cargas pesadas e tarefas complexas.<\/p>\n<\/li>\n<li>\n<h3>Tipos diversos<\/h3>\n<p>Os cilindros de ca\u00e7amba podem ser de a\u00e7\u00e3o simples ou dupla (utilizando press\u00e3o hidr\u00e1ulica em uma ou ambas as dire\u00e7\u00f5es), dependendo das necessidades operacionais. Alguns modelos s\u00e3o telesc\u00f3picos, permitindo maior extens\u00e3o sem aumentar as dimens\u00f5es externas, sendo adequados para aplica\u00e7\u00f5es com espa\u00e7o limitado.<\/p>\n<\/li>\n<li>\n<h3>Substitu\u00edvel<\/h3>\n<p>Nosso produto pode substituir perfeitamente esses cilindros hidr\u00e1ulicos.<\/p>\n<\/li>\n<\/ul>\n<p><img decoding=\"async\" src=\"https:\/\/www.hydraulic-cylinders.net\/wp-content\/uploads\/2025\/01\/songte-cylinder-head-with-all-kinds-excavator-models.webp\" alt=\"Cilindro da ca\u00e7amba para escavadeira grande Sumitomo SH480HD-5\"><\/p>\n<h2>Aplica\u00e7\u00f5es<\/h2>\n<p>Cilindros de ca\u00e7amba s\u00e3o amplamente utilizados em diversos setores, incluindo equipamentos de constru\u00e7\u00e3o, m\u00e1quinas agr\u00edcolas, escavadeiras e carregadeiras. Abaixo est\u00e3o algumas das aplica\u00e7\u00f5es mais comuns:<\/p>\n<ul>\n<li>\n<h3>Equipamentos de constru\u00e7\u00e3o<\/h3>\n<p>Em escavadeiras, s\u00e3o essenciais para escavar, carregar e movimentar terra ou entulho. Em retroescavadeiras, os cilindros da ca\u00e7amba auxiliam tanto na escava\u00e7\u00e3o quanto no levantamento. Em p\u00e1s carregadeiras, ajudam a levantar e bascular a carga com efici\u00eancia.<\/p>\n<\/li>\n<li>\n<h3>Maquinaria agr\u00edcola<\/h3>\n<p>Utilizadas em p\u00e1s carregadeiras frontais, servem para recolher, levantar e transportar terra, feno e outros materiais.<\/p>\n<\/li>\n<li>\n<h3>Escavadeiras<\/h3>\n<p>Os cilindros da ca\u00e7amba possibilitam a a\u00e7\u00e3o de escava\u00e7\u00e3o, permitindo que a ca\u00e7amba da escavadeira penetre no solo.<\/p>\n<\/li>\n<li>\n<h3>Carregadores<\/h3>\n<p>Em carregadores frontais, eles auxiliam na eleva\u00e7\u00e3o e descarga de cargas de forma eficaz.<\/p>\n<\/li>\n<\/ul>\n<h2>Considera\u00e7\u00f5es de design e crit\u00e9rios de sele\u00e7\u00e3o<\/h2>\n<p>Ao selecionar cilindros para ca\u00e7ambas, v\u00e1rios aspectos de projeto devem ser considerados, incluindo:<\/p>\n<ul>\n<li>\n<h3>Capacidade de suporte<\/h3>\n<p>A capacidade de carga do cilindro deve ser suficiente para suportar a carga, garantindo um funcionamento suave.<\/p>\n<\/li>\n<li>\n<h3>Selagem<\/h3>\n<p>Diversos componentes de veda\u00e7\u00e3o, como veda\u00e7\u00f5es de pist\u00e3o e veda\u00e7\u00f5es de haste, devem ser utilizados para evitar vazamentos e garantir o funcionamento adequado do cilindro.<\/p>\n<\/li>\n<li>\n<h3>Durabilidade<\/h3>\n<p>O cilindro deve ser projetado para ser dur\u00e1vel em condi\u00e7\u00f5es ambientais adversas e resistente \u00e0 corros\u00e3o e ao desgaste.<\/p>\n<\/li>\n<li>\n<h3>Seguran\u00e7a<\/h3>\n<p>Os cilindros de ca\u00e7amba devem ser projetados com recursos de seguran\u00e7a, como v\u00e1lvulas de al\u00edvio de press\u00e3o, para evitar sobrecargas e garantir uma opera\u00e7\u00e3o segura.<\/p>\n<\/li>\n<li>\n<h3>Manutenibilidade<\/h3>\n<p>O cilindro deve ser projetado para facilitar a manuten\u00e7\u00e3o, incluindo desmontagem e remontagem simples, f\u00e1cil acesso aos componentes e a possibilidade de substitui\u00e7\u00e3o r\u00e1pida de pe\u00e7as.<\/p>\n<\/li>\n<\/ul>\n<p><img decoding=\"async\" src=\"https:\/\/www.hydraulic-cylinders.net\/wp-content\/uploads\/2025\/01\/songte-oil-pipes-and-spare-parts.webp\" alt=\"Cilindro da ca\u00e7amba para escavadeira grande Sumitomo SH480HD-5\"><\/p>\n<h2>Veda\u00e7\u00e3o e Lubrifica\u00e7\u00e3o<\/h2>\n<p>Diversos componentes de veda\u00e7\u00e3o, como veda\u00e7\u00f5es de pist\u00e3o e veda\u00e7\u00f5es de haste, devem ser utilizados para evitar vazamentos e garantir o funcionamento adequado do cilindro. O corpo do cilindro e as superf\u00edcies roscadas das extremidades s\u00e3o usinados com precis\u00e3o para melhorar a resist\u00eancia ao desgaste. Adicione regularmente \u00f3leo hidr\u00e1ulico apropriado para lubrificar o cilindro.<\/p>\n<h2>Manuten\u00e7\u00e3o e solu\u00e7\u00e3o de problemas<\/h2>\n<p>Inspe\u00e7\u00f5es regulares, lubrifica\u00e7\u00e3o adequada, substitui\u00e7\u00e3o de veda\u00e7\u00f5es e verifica\u00e7\u00e3o de calibra\u00e7\u00e3o s\u00e3o tarefas comuns de manuten\u00e7\u00e3o. A instala\u00e7\u00e3o, lubrifica\u00e7\u00e3o e ajuste corretos s\u00e3o essenciais para garantir uma longa vida \u00fatil ao cilindro da ca\u00e7amba. Durante a instala\u00e7\u00e3o, devem ser fornecidas orienta\u00e7\u00f5es adequadas de alinhamento e utilizados suportes de instala\u00e7\u00e3o apropriados para fixar o cilindro.<\/p>\n<p><img decoding=\"async\" src=\"https:\/\/www.hydraulic-cylinders.net\/wp-content\/uploads\/2025\/01\/songte-chushion-collar.webp\" alt=\"Cilindro da ca\u00e7amba para escavadeira grande Sumitomo SH480HD-5\"><\/p>\n<h2>Considera\u00e7\u00f5es de seguran\u00e7a e fatores ambientais<\/h2>\n<p>Medidas de seguran\u00e7a s\u00e3o cruciais ao utilizar cilindros hidr\u00e1ulicos com ca\u00e7amba. Dispositivos de seguran\u00e7a, como v\u00e1lvulas de al\u00edvio de press\u00e3o, devem ser instalados para evitar sobrecargas e garantir a opera\u00e7\u00e3o segura. Medidas adequadas de prote\u00e7\u00e3o ambiental devem ser tomadas para evitar vazamentos de \u00f3leo e danos ao meio ambiente.<\/p>\n<h2>Introdu\u00e7\u00e3o \u00e0 empresa<\/h2>\n<p>Somos um dos principais fabricantes e distribuidores de cilindros hidr\u00e1ulicos nos mercados nacional e internacional, especializados em cilindros hidr\u00e1ulicos de reposi\u00e7\u00e3o. Primamos pela excel\u00eancia em qualidade, com base em uma estrat\u00e9gia de gest\u00e3o de produ\u00e7\u00e3o industrializada e instala\u00e7\u00f5es de fabrica\u00e7\u00e3o sofisticadas. Aprimoramos continuamente nossa plataforma de produ\u00e7\u00e3o, utilizando talentos t\u00e9cnicos, equipamentos digitais de \u00faltima gera\u00e7\u00e3o e sistemas de teste profissionais, aperfei\u00e7oando a linha de produ\u00e7\u00e3o e garantindo a qualidade dos nossos produtos. Possu\u00edmos uma s\u00f3lida capacidade produtiva para atender \u00e0s diversas necessidades dos clientes com alta efici\u00eancia, precis\u00e3o e qualidade.<\/p>\n<p><img decoding=\"async\" src=\"https:\/\/hzpt.com\/wp-content\/uploads\/2024\/11\/songte-company-1.webp\" alt=\"Cilindro da ca\u00e7amba para escavadeira grande Sumitomo SH480HD-5\"><\/p>\n<h3>Profissionalismo<\/h3>\n<p>Contamos com uma equipe de especialistas em cilindros hidr\u00e1ulicos para ajudar os clientes a escolher o cilindro certo para suas necessidades espec\u00edficas.<\/p>\n<h3>Certifica\u00e7\u00e3o Internacional<\/h3>\n<p>Nossos produtos possuem certifica\u00e7\u00e3o ISO9001:2008 e CE.<\/p>\n<h3>Servi\u00e7os de Personaliza\u00e7\u00e3o<\/h3>\n<p>Oferecemos servi\u00e7os personalizados para atender \u00e0s diversas necessidades dos clientes e fornecemos solu\u00e7\u00f5es sob medida.<\/p>\n<h3>Equipamentos de produ\u00e7\u00e3o<\/h3>\n<p>Estamos equipados com equipamentos avan\u00e7ados, como m\u00e1quinas CNC, m\u00e1quinas de solda autom\u00e1tica e m\u00e1quinas de galvanoplastia, que podem atender \u00e0s diversas necessidades de nossos clientes.<\/p>\n<h3>Servi\u00e7o p\u00f3s-venda<\/h3>\n<p>Oferecemos servi\u00e7os p\u00f3s-venda, incluindo reparos e manuten\u00e7\u00e3o, para garantir o bom funcionamento dos equipamentos de nossos clientes.<\/p>\n<p>Autor: lyl<\/p>","protected":false},"excerpt":{"rendered":"<p>Bucket Cylinder For Sumitomo Large Excavator SH480HD-5 Introduction A bucket cylinder is a specially designed hydraulic cylinder used primarily to control the movement of buckets in heavy machinery such as excavators, backhoes, and front-end loaders. Its main function is to enable the bucket to lift, lower, and tilt, making it ideal for various material handling [&hellip;]<\/p>","protected":false},"featured_media":14788,"comment_status":"open","ping_status":"closed","template":"","meta":{"_et_pb_use_builder":"","_et_pb_old_content":"","_et_gb_content_width":""},"product_brand":[],"product_cat":[1494],"product_tag":[1495,1496],"class_list":{"0":"post-15193","1":"product","2":"type-product","3":"status-publish","4":"has-post-thumbnail","6":"product_cat-bucket-cylinders","7":"product_tag-bucket-cylinders","8":"product_tag-hydraulic-cylinders","10":"first","11":"instock","12":"shipping-taxable","13":"product-type-simple"},"amp_enabled":true,"_links":{"self":[{"href":"https:\/\/www.hydraulic-cylinders.net\/pt\/wp-json\/wp\/v2\/product\/15193","targetHints":{"allow":["GET"]}}],"collection":[{"href":"https:\/\/www.hydraulic-cylinders.net\/pt\/wp-json\/wp\/v2\/product"}],"about":[{"href":"https:\/\/www.hydraulic-cylinders.net\/pt\/wp-json\/wp\/v2\/types\/product"}],"replies":[{"embeddable":true,"href":"https:\/\/www.hydraulic-cylinders.net\/pt\/wp-json\/wp\/v2\/comments?post=15193"}],"wp:featuredmedia":[{"embeddable":true,"href":"https:\/\/www.hydraulic-cylinders.net\/pt\/wp-json\/wp\/v2\/media\/14788"}],"wp:attachment":[{"href":"https:\/\/www.hydraulic-cylinders.net\/pt\/wp-json\/wp\/v2\/media?parent=15193"}],"wp:term":[{"taxonomy":"product_brand","embeddable":true,"href":"https:\/\/www.hydraulic-cylinders.net\/pt\/wp-json\/wp\/v2\/product_brand?post=15193"},{"taxonomy":"product_cat","embeddable":true,"href":"https:\/\/www.hydraulic-cylinders.net\/pt\/wp-json\/wp\/v2\/product_cat?post=15193"},{"taxonomy":"product_tag","embeddable":true,"href":"https:\/\/www.hydraulic-cylinders.net\/pt\/wp-json\/wp\/v2\/product_tag?post=15193"}],"curies":[{"name":"wp","href":"https:\/\/api.w.org\/{rel}","templated":true}]}}