{"id":15203,"date":"2025-01-19T14:14:05","date_gmt":"2025-01-19T14:14:05","guid":{"rendered":"https:\/\/www.hydraulic-cylinders.net\/product\/bucket-cylinder-for-caterpillar-small-excavator-e308b\/"},"modified":"2025-01-19T14:14:07","modified_gmt":"2025-01-19T14:14:07","slug":"bucket-cylinder-for-caterpillar-small-excavator-e308b","status":"publish","type":"product","link":"https:\/\/www.hydraulic-cylinders.net\/pt\/produto\/bucket-cylinder-for-caterpillar-small-excavator-e308b\/","title":{"rendered":"Cilindro da ca\u00e7amba para escavadeira pequena Caterpillar E308B"},"content":{"rendered":"<h1>Cilindro da ca\u00e7amba para escavadeira pequena Caterpillar E308B<\/h1>\n<h2>Introdu\u00e7\u00e3o<\/h2>\n<p>O cilindro da ca\u00e7amba \u00e9 um cilindro hidr\u00e1ulico especializado, projetado principalmente para controlar o movimento da ca\u00e7amba em m\u00e1quinas pesadas, como escavadeiras, retroescavadeiras e p\u00e1s carregadeiras. Sua principal fun\u00e7\u00e3o \u00e9 permitir que a ca\u00e7amba suba, des\u00e7a e incline, facilitando o manuseio de diversos materiais. Em um sistema hidr\u00e1ulico, o cilindro da ca\u00e7amba controla com precis\u00e3o o movimento da ca\u00e7amba por meio de varia\u00e7\u00f5es na press\u00e3o do \u00f3leo hidr\u00e1ulico, permitindo que os operadores manuseiem cargas pesadas com efici\u00eancia e se adaptem a ambientes de trabalho complexos e diversas exig\u00eancias da tarefa.<\/p>\n<p><img decoding=\"async\" src=\"https:\/\/www.hydraulic-cylinders.net\/wp-content\/uploads\/2025\/01\/songte-company-2.webp\"><\/p>\n<h2>Caracter\u00edsticas<\/h2>\n<ul>\n<li><strong>Alta resist\u00eancia e durabilidade:<\/strong> Normalmente fabricado em a\u00e7o ou alum\u00ednio de alta resist\u00eancia, ele suporta alta press\u00e3o e cargas pesadas, adapta-se a ambientes de trabalho severos e \u00e9 projetado com resist\u00eancia ao desgaste e \u00e0 corros\u00e3o para prolongar sua vida \u00fatil.<\/li>\n<li><strong>Opera\u00e7\u00e3o hidr\u00e1ulica eficiente:<\/strong> O cilindro da ca\u00e7amba realiza extens\u00e3o e retra\u00e7\u00e3o suaves atrav\u00e9s da press\u00e3o do \u00f3leo hidr\u00e1ulico, permitindo uma resposta r\u00e1pida aos comandos de controle, proporcionando for\u00e7as de empurrar e puxar potentes, e \u00e9 adequado para lidar com cargas pesadas e tarefas complexas.<\/li>\n<li><strong>V\u00e1rios tipos:<\/strong> O cilindro da ca\u00e7amba pode ser selecionado como um cilindro de a\u00e7\u00e3o simples (sistema hidr\u00e1ulico utilizado em apenas uma dire\u00e7\u00e3o) ou um cilindro de a\u00e7\u00e3o dupla (sistema hidr\u00e1ulico utilizado em ambas as dire\u00e7\u00f5es), de acordo com as necessidades para atender a diferentes requisitos operacionais. Alguns modelos s\u00e3o telesc\u00f3picos, permitindo maior extens\u00e3o sem aumentar as dimens\u00f5es externas, tornando-os adequados para aplica\u00e7\u00f5es com espa\u00e7o limitado.<\/li>\n<li><strong>Substitui\u00e7\u00e3o f\u00e1cil:<\/strong> Nossos produtos podem substituir perfeitamente esses cilindros hidr\u00e1ulicos. <\/li>\n<\/ul>\n<p><img decoding=\"async\" src=\"https:\/\/www.hydraulic-cylinders.net\/wp-content\/uploads\/2025\/01\/songte-cylinder-head-with-all-kinds-excavator-models.webp\"><\/p>\n<h2>Aplica\u00e7\u00f5es<\/h2>\n<p>O cilindro da ca\u00e7amba \u00e9 essencial para escavar, carregar e movimentar solo ou detritos em diversas m\u00e1quinas pesadas, incluindo:<\/p>\n<ul>\n<li><strong>Equipamentos de constru\u00e7\u00e3o:<\/strong> Em escavadeiras, s\u00e3o cruciais para escavar, carregar e movimentar solo ou entulho. Em retroescavadeiras, o cilindro da ca\u00e7amba auxilia na escava\u00e7\u00e3o e no levantamento. <\/li>\n<li><strong>Maquinaria agr\u00edcola:<\/strong> Utilizado em p\u00e1s carregadeiras frontais para recolher, levantar e transportar terra, feno e outros materiais. <\/li>\n<li><strong>Escavadeiras:<\/strong> O cilindro da ca\u00e7amba realiza a a\u00e7\u00e3o de escava\u00e7\u00e3o permitindo que a ca\u00e7amba penetre no solo. <\/li>\n<li><strong>Carregadores:<\/strong> Em p\u00e1s carregadeiras, elas auxiliam no levantamento e despejo eficiente de mercadorias.<\/li>\n<\/ul>\n<h2>Considera\u00e7\u00f5es de design e crit\u00e9rios de sele\u00e7\u00e3o<\/h2>\n<p>Ao selecionar um cilindro de ca\u00e7amba, v\u00e1rios fatores devem ser considerados, incluindo:<\/p>\n<ul>\n<li><strong>Capacidade de suporte:<\/strong> O cilindro da ca\u00e7amba deve ser capaz de suportar o peso do material que est\u00e1 sendo manuseado.<\/li>\n<li><strong>Selagem:<\/strong> Diversas veda\u00e7\u00f5es, como veda\u00e7\u00f5es de pist\u00e3o, veda\u00e7\u00f5es de haste, etc., devem ser feitas de materiais resistentes ao desgaste, como poliuretano e borracha nitr\u00edlica, e a superf\u00edcie do corpo do cilindro e das extremidades roscadas deve ser finamente processada para melhorar a resist\u00eancia ao desgaste.<\/li>\n<li><strong>Durabilidade:<\/strong> O cilindro da ca\u00e7amba deve ser feito de materiais de alta resist\u00eancia para suportar alta press\u00e3o e cargas pesadas, e projetado com materiais resistentes ao desgaste e \u00e0 corros\u00e3o para prolongar sua vida \u00fatil.<\/li>\n<li><strong>Seguran\u00e7a e manuten\u00e7\u00e3o:<\/strong> O cilindro da ca\u00e7amba deve ser projetado para garantir uma manuten\u00e7\u00e3o segura e f\u00e1cil, incluindo f\u00e1cil acesso \u00e0s conex\u00f5es para inspe\u00e7\u00e3o, f\u00e1cil substitui\u00e7\u00e3o de veda\u00e7\u00f5es ou outras pe\u00e7as, etc.<\/li>\n<\/ul>\n<p><img decoding=\"async\" src=\"https:\/\/www.hydraulic-cylinders.net\/wp-content\/uploads\/2025\/01\/songte-oil-pipes-and-spare-parts.webp\"><\/p>\n<h2>Veda\u00e7\u00e3o e Lubrifica\u00e7\u00e3o<\/h2>\n<p>O cilindro da ca\u00e7amba utiliza diversos componentes de veda\u00e7\u00e3o, como veda\u00e7\u00f5es de pist\u00e3o, veda\u00e7\u00f5es de haste, etc., fabricados com materiais resistentes ao desgaste, como poliuretano e borracha nitr\u00edlica. O corpo do cilindro e a superf\u00edcie das extremidades roscadas s\u00e3o finamente usinados para melhorar a resist\u00eancia ao desgaste, e uma quantidade adequada de \u00f3leo hidr\u00e1ulico deve ser adicionada regularmente para lubrifica\u00e7\u00e3o.<\/p>\n<h2>Manuten\u00e7\u00e3o e Inspe\u00e7\u00e3o Preventivas<\/h2>\n<p>Inspe\u00e7\u00f5es regulares e manuten\u00e7\u00e3o preventiva podem reduzir a probabilidade de paradas inesperadas e aumentar a vida \u00fatil do cilindro da ca\u00e7amba. As tarefas comuns de manuten\u00e7\u00e3o incluem:<\/p>\n<ul>\n<li>Inspe\u00e7\u00e3o regular<\/li>\n<li>Lubrifica\u00e7\u00e3o adequada<\/li>\n<li>Substitui\u00e7\u00e3o do selo<\/li>\n<li>Verifica\u00e7\u00e3o de calibra\u00e7\u00e3o<\/li>\n<\/ul>\n<p><img decoding=\"async\" src=\"https:\/\/www.hydraulic-cylinders.net\/wp-content\/uploads\/2025\/01\/songte-chushion-collar.webp\"><\/p>\n<h2>Considera\u00e7\u00f5es de seguran\u00e7a e fatores ambientais<\/h2>\n<p>Ao operar o cilindro com ca\u00e7amba, \u00e9 essencial seguir os protocolos de seguran\u00e7a para evitar ferimentos ou danos ao equipamento. Devem ser tomadas as medidas de seguran\u00e7a adequadas para garantir o uso seguro do cilindro com ca\u00e7amba durante a opera\u00e7\u00e3o. Os fatores ambientais tamb\u00e9m devem ser levados em considera\u00e7\u00e3o para garantir que o cilindro com ca\u00e7amba seja utilizado em conformidade com as normas e regulamenta\u00e7\u00f5es de prote\u00e7\u00e3o ambiental.<\/p>\n<h2>Solu\u00e7\u00e3o de problemas e problemas comuns<\/h2>\n<p>Alguns problemas comuns que podem ocorrer ao usar o cilindro de ca\u00e7amba incluem:<\/p>\n<ul>\n<li>Vazamento de fluido hidr\u00e1ulico<\/li>\n<li>Ru\u00eddos incomuns durante a opera\u00e7\u00e3o<\/li>\n<li>Dificuldade em controlar o balde<\/li>\n<\/ul>\n<p>Para resolver esses problemas, recomenda-se consultar um profissional. A manuten\u00e7\u00e3o regular pode ajudar a prevenir que esses problemas ocorram.<\/p>\n<p><img decoding=\"async\" src=\"https:\/\/www.hydraulic-cylinders.net\/wp-content\/uploads\/2025\/01\/songte-bushings-with-all-kinds-of-excavator-models.webp\"><\/p>\n<h2>Sobre nossa empresa<\/h2>\n<p>Somos fabricantes de cilindros hidr\u00e1ulicos de reposi\u00e7\u00e3o, com uma linha completa de produtos, e nos tornamos um dos principais fabricantes e distribuidores atacadistas de cilindros hidr\u00e1ulicos nos mercados nacional e internacional. Primamos pela excel\u00eancia em qualidade e nos baseamos em estrat\u00e9gias de gest\u00e3o de produ\u00e7\u00e3o industrializada em instala\u00e7\u00f5es de fabrica\u00e7\u00e3o refinadas. Nossa empresa aprimora continuamente a plataforma de produ\u00e7\u00e3o, aperfei\u00e7oa o processo de qualidade e possui forte capacidade criativa. Com os princ\u00edpios de alta efici\u00eancia, alta precis\u00e3o e alta qualidade, atendemos \u00e0s diversas necessidades de nossos clientes.<\/p>\n<p>Nossa empresa possui diversas certifica\u00e7\u00f5es internacionais e oferecemos servi\u00e7os personalizados, equipamentos de fabrica\u00e7\u00e3o digital de ponta e sistemas de teste profissionais. Nosso objetivo \u00e9 fornecer os melhores produtos e servi\u00e7os.<\/p>\n<h3>Especialidades<\/h3>\n<ul>\n<li>Certifica\u00e7\u00e3o Internacional<\/li>\n<li>Servi\u00e7os de Personaliza\u00e7\u00e3o<\/li>\n<li>Equipamentos de fabrica\u00e7\u00e3o de alta tecnologia<\/li>\n<li>Servi\u00e7o p\u00f3s-venda<\/li>\n<\/ul>\n<p><img decoding=\"async\" src=\"https:\/\/hzpt.com\/wp-content\/uploads\/2024\/11\/songte-company-1.webp\"><\/p>\n<p>Autor: lyl.<\/p>","protected":false},"excerpt":{"rendered":"<p>Bucket Cylinder For Caterpillar Small Excavator E308B Introduction A bucket cylinder is a specialized hydraulic cylinder designed primarily for controlling the movement of the bucket in heavy machinery such as excavators, backhoes, and front-end loaders. Its main function is to enable the bucket to lift, lower, and tilt, making it easy to handle various material-handling [&hellip;]<\/p>","protected":false},"featured_media":14769,"comment_status":"open","ping_status":"closed","template":"","meta":{"_et_pb_use_builder":"","_et_pb_old_content":"","_et_gb_content_width":""},"product_brand":[],"product_cat":[1494],"product_tag":[1495,1496],"class_list":{"0":"post-15203","1":"product","2":"type-product","3":"status-publish","4":"has-post-thumbnail","6":"product_cat-bucket-cylinders","7":"product_tag-bucket-cylinders","8":"product_tag-hydraulic-cylinders","10":"first","11":"instock","12":"shipping-taxable","13":"product-type-simple"},"amp_enabled":true,"_links":{"self":[{"href":"https:\/\/www.hydraulic-cylinders.net\/pt\/wp-json\/wp\/v2\/product\/15203","targetHints":{"allow":["GET"]}}],"collection":[{"href":"https:\/\/www.hydraulic-cylinders.net\/pt\/wp-json\/wp\/v2\/product"}],"about":[{"href":"https:\/\/www.hydraulic-cylinders.net\/pt\/wp-json\/wp\/v2\/types\/product"}],"replies":[{"embeddable":true,"href":"https:\/\/www.hydraulic-cylinders.net\/pt\/wp-json\/wp\/v2\/comments?post=15203"}],"wp:featuredmedia":[{"embeddable":true,"href":"https:\/\/www.hydraulic-cylinders.net\/pt\/wp-json\/wp\/v2\/media\/14769"}],"wp:attachment":[{"href":"https:\/\/www.hydraulic-cylinders.net\/pt\/wp-json\/wp\/v2\/media?parent=15203"}],"wp:term":[{"taxonomy":"product_brand","embeddable":true,"href":"https:\/\/www.hydraulic-cylinders.net\/pt\/wp-json\/wp\/v2\/product_brand?post=15203"},{"taxonomy":"product_cat","embeddable":true,"href":"https:\/\/www.hydraulic-cylinders.net\/pt\/wp-json\/wp\/v2\/product_cat?post=15203"},{"taxonomy":"product_tag","embeddable":true,"href":"https:\/\/www.hydraulic-cylinders.net\/pt\/wp-json\/wp\/v2\/product_tag?post=15203"}],"curies":[{"name":"wp","href":"https:\/\/api.w.org\/{rel}","templated":true}]}}