{"id":15215,"date":"2025-01-19T14:14:58","date_gmt":"2025-01-19T14:14:58","guid":{"rendered":"https:\/\/www.hydraulic-cylinders.net\/product\/bucket-cylinder-for-caterpillar-small-excavator-e307e\/"},"modified":"2025-01-19T14:14:59","modified_gmt":"2025-01-19T14:14:59","slug":"bucket-cylinder-for-caterpillar-small-excavator-e307e","status":"publish","type":"product","link":"https:\/\/www.hydraulic-cylinders.net\/pt\/produto\/bucket-cylinder-for-caterpillar-small-excavator-e307e\/","title":{"rendered":"Cilindro da ca\u00e7amba para escavadeira pequena Caterpillar E307E"},"content":{"rendered":"<h2>Cilindro da ca\u00e7amba para escavadeira pequena Caterpillar E307E<\/h2>\n<h3>Introdu\u00e7\u00e3o<\/h3>\n<p>Um cilindro de ca\u00e7amba \u00e9 um cilindro hidr\u00e1ulico especialmente projetado para controlar o movimento da ca\u00e7amba em m\u00e1quinas pesadas, como escavadeiras, retroescavadeiras e p\u00e1s carregadeiras. Sua principal fun\u00e7\u00e3o \u00e9 permitir que a ca\u00e7amba suba, des\u00e7a e incline, facilitando a execu\u00e7\u00e3o de diversas tarefas de movimenta\u00e7\u00e3o de materiais. No sistema hidr\u00e1ulico, o cilindro de ca\u00e7amba proporciona um controle preciso da ca\u00e7amba por meio das varia\u00e7\u00f5es de press\u00e3o do \u00f3leo hidr\u00e1ulico, permitindo que os operadores manuseiem objetos pesados \u200b\u200bcom efici\u00eancia e se adaptem a ambientes de trabalho complexos e diversas necessidades operacionais.<\/p>\n<p><img decoding=\"async\" src=\"https:\/\/www.hydraulic-cylinders.net\/wp-content\/uploads\/2025\/01\/songte-company-2.webp\"><\/p>\n<h3>Caracter\u00edsticas do produto<\/h3>\n<ul>\n<li>Alta resist\u00eancia e durabilidade: Geralmente \u00e9 fabricado em a\u00e7o ou alum\u00ednio de alta resist\u00eancia, capaz de suportar alta press\u00e3o e cargas pesadas, adaptando-se a ambientes de trabalho severos. Seu design prioriza a resist\u00eancia ao desgaste e \u00e0 corros\u00e3o, prolongando sua vida \u00fatil.<\/li>\n<li>Opera\u00e7\u00e3o hidr\u00e1ulica eficiente: Utiliza a press\u00e3o do \u00f3leo hidr\u00e1ulico para obter extens\u00e3o e contra\u00e7\u00e3o suaves, responde rapidamente aos comandos operacionais, fornece forte for\u00e7a de empurrar e puxar e \u00e9 adequado para manusear objetos pesados \u200b\u200be realizar tarefas operacionais complexas.<\/li>\n<li>Diversos tipos: Cilindros de a\u00e7\u00e3o simples (hidr\u00e1ulica em apenas uma dire\u00e7\u00e3o) ou de a\u00e7\u00e3o dupla (hidr\u00e1ulica em ambas as dire\u00e7\u00f5es) podem ser escolhidos de acordo com as necessidades para atender a diferentes requisitos operacionais. Alguns modelos s\u00e3o telesc\u00f3picos, permitindo maior extens\u00e3o sem aumentar as dimens\u00f5es externas, tornando-os adequados para aplica\u00e7\u00f5es com espa\u00e7o limitado.<\/li>\n<li>Substitui\u00e7\u00e3o f\u00e1cil: Nossos produtos podem substituir perfeitamente esses cilindros hidr\u00e1ulicos.<\/li>\n<li>Personaliz\u00e1vel: Nossos produtos podem ser personalizados para atender \u00e0s necessidades espec\u00edficas dos clientes.<\/li>\n<\/ul>\n<p><img decoding=\"async\" src=\"https:\/\/www.hydraulic-cylinders.net\/wp-content\/uploads\/2025\/01\/songte-cylinder-head-with-all-kinds-excavator-models.webp\"><\/p>\n<h3>Aplica\u00e7\u00f5es<\/h3>\n<p>O cilindro de ca\u00e7amba pode ser amplamente utilizado em diversas m\u00e1quinas pesadas, incluindo:<\/p>\n<ul>\n<li>Equipamentos de constru\u00e7\u00e3o: Escavadeiras, retroescavadeiras e p\u00e1s carregadeiras dependem de cilindros de ca\u00e7amba para escavar, carregar e movimentar terra ou entulho. Nas retroescavadeiras, o cilindro da ca\u00e7amba auxilia tanto na escava\u00e7\u00e3o quanto no levantamento.<\/li>\n<li>M\u00e1quinas agr\u00edcolas: Utilizadas em p\u00e1s carregadeiras para escavar, levantar e transportar terra, feno e outros materiais. Em escavadeiras, o cilindro da ca\u00e7amba permite a escava\u00e7\u00e3o, penetrando no solo. Em p\u00e1s carregadeiras, auxiliam no levantamento e inclina\u00e7\u00e3o eficiente de mercadorias.<\/li>\n<\/ul>\n<h3>Considera\u00e7\u00f5es de design e crit\u00e9rios de sele\u00e7\u00e3o<\/h3>\n<p>O projeto do cilindro da ca\u00e7amba leva em considera\u00e7\u00e3o os seguintes fatores:<\/p>\n<ul>\n<li>Capacidade de carga: O cilindro deve suportar alta press\u00e3o e cargas pesadas.<\/li>\n<li>Veda\u00e7\u00e3o: Diversas pe\u00e7as de veda\u00e7\u00e3o, como veda\u00e7\u00f5es de pist\u00e3o e veda\u00e7\u00f5es de haste, devem ser selecionadas com base na aplica\u00e7\u00e3o para garantir uma veda\u00e7\u00e3o eficaz.<\/li>\n<li>Durabilidade: O cilindro deve ser projetado levando em considera\u00e7\u00e3o a resist\u00eancia ao desgaste e \u00e0 corros\u00e3o para prolongar sua vida \u00fatil.<\/li>\n<li>Seguran\u00e7a: O cilindro deve ser projetado para evitar acidentes e proteger os operadores contra danos.<\/li>\n<li>Manuten\u00e7\u00e3o: O cilindro deve ser f\u00e1cil de manter e reparar quando necess\u00e1rio.<\/li>\n<\/ul>\n<p><img decoding=\"async\" src=\"https:\/\/www.hydraulic-cylinders.net\/wp-content\/uploads\/2025\/01\/songte-oil-pipes-and-spare-parts.webp\"><\/p>\n<h3>Veda\u00e7\u00e3o e Lubrifica\u00e7\u00e3o<\/h3>\n<p>O cilindro da ca\u00e7amba utiliza diversas pe\u00e7as de veda\u00e7\u00e3o, como veda\u00e7\u00f5es de pist\u00e3o e veda\u00e7\u00f5es de haste, que devem ser selecionadas de acordo com a aplica\u00e7\u00e3o para garantir uma veda\u00e7\u00e3o eficaz. As pe\u00e7as de veda\u00e7\u00e3o devem ser fabricadas com materiais resistentes ao desgaste, como poliuretano e borracha nitr\u00edlica. O corpo do cilindro e a superf\u00edcie roscada da extremidade devem ser usinados com precis\u00e3o para melhorar a resist\u00eancia ao desgaste. Al\u00e9m disso, a lubrifica\u00e7\u00e3o regular com \u00f3leo hidr\u00e1ulico \u00e9 necess\u00e1ria para garantir o funcionamento suave e prolongar a vida \u00fatil do produto.<\/p>\n<h3>Manuten\u00e7\u00e3o e Reparo<\/h3>\n<p>A manuten\u00e7\u00e3o e inspe\u00e7\u00e3o regulares do cilindro da ca\u00e7amba s\u00e3o essenciais para prolongar sua vida \u00fatil. A seguir, est\u00e3o algumas tarefas comuns de manuten\u00e7\u00e3o:<\/p>\n<ul>\n<li>Inspe\u00e7\u00e3o regular<\/li>\n<li>Lubrifica\u00e7\u00e3o adequada<\/li>\n<li>Substitui\u00e7\u00e3o do selo<\/li>\n<li>Verifica\u00e7\u00e3o de calibra\u00e7\u00e3o<\/li>\n<\/ul>\n<p>A instala\u00e7\u00e3o correta tamb\u00e9m \u00e9 crucial para garantir o desempenho ideal do cilindro. Os procedimentos de instala\u00e7\u00e3o recomendados s\u00e3o os seguintes:<\/p>\n<ul>\n<li>Alinhamento correto do cilindro<\/li>\n<li>Utilize suportes de instala\u00e7\u00e3o adequados para fixar o cilindro.<\/li>\n<li>Inspe\u00e7\u00e3o, reparo e substitui\u00e7\u00e3o regulares de pe\u00e7as.<\/li>\n<\/ul>\n<p><img decoding=\"async\" src=\"https:\/\/www.hydraulic-cylinders.net\/wp-content\/uploads\/2025\/01\/songte-chushion-collar.webp\"><\/p>\n<h3>Considera\u00e7\u00f5es de seguran\u00e7a e fatores ambientais<\/h3>\n<p>Ao utilizar cilindros de ca\u00e7amba, \u00e9 importante seguir as precau\u00e7\u00f5es de seguran\u00e7a, como o uso de equipamentos de prote\u00e7\u00e3o individual e o cumprimento dos procedimentos operacionais adequados, para prevenir acidentes e garantir a seguran\u00e7a dos trabalhadores. Al\u00e9m disso, fatores ambientais, como temperatura e umidade, tamb\u00e9m devem ser considerados para assegurar o desempenho ideal.<\/p>\n<h3>Solu\u00e7\u00e3o de problemas e problemas comuns<\/h3>\n<p>A seguir, apresentamos alguns problemas comuns que podem ocorrer ao usar cilindros de ca\u00e7amba:<\/p>\n<ul>\n<li>Vazamento<\/li>\n<li>Aderente<\/li>\n<li>Baixa efici\u00eancia<\/li>\n<li>Ru\u00eddo anormal<\/li>\n<\/ul>\n<p>Para solucionar esses problemas, recomenda-se verificar as pe\u00e7as de veda\u00e7\u00e3o, a lubrifica\u00e7\u00e3o e outros fatores que possam afetar o desempenho do cilindro. A manuten\u00e7\u00e3o e a inspe\u00e7\u00e3o adequadas tamb\u00e9m podem reduzir a probabilidade de ocorr\u00eancia desses problemas.<\/p>\n<p><img decoding=\"async\" src=\"https:\/\/www.hydraulic-cylinders.net\/wp-content\/uploads\/2025\/01\/songte-bushings-with-all-kinds-of-excavator-models.webp\"><\/p>\n<h3>Sobre nossa empresa<\/h3>\n<p>Nossa empresa \u00e9 uma fabricante e distribuidora l\u00edder de cilindros hidr\u00e1ulicos nos mercados nacional e internacional. Seguimos o princ\u00edpio da excel\u00eancia em qualidade e nos baseamos na estrat\u00e9gia de gest\u00e3o de produ\u00e7\u00e3o industrial de oficinas de fabrica\u00e7\u00e3o de alta precis\u00e3o. Aprimoramos constantemente a plataforma de fabrica\u00e7\u00e3o da oficina, otimizamos o processo de produ\u00e7\u00e3o e possu\u00edmos forte capacidade criativa para atender \u00e0s diversas necessidades dos clientes. Nossos produtos s\u00e3o personaliz\u00e1veis \u200b\u200be podem ser adaptados para atender aos requisitos espec\u00edficos de cada cliente. Oferecemos servi\u00e7os profissionais e personalizados, e nossos produtos possuem certifica\u00e7\u00e3o internacional. Utilizamos equipamentos de fabrica\u00e7\u00e3o digital de \u00faltima gera\u00e7\u00e3o e sistemas de teste profissionais para garantir a melhor qualidade poss\u00edvel do produto. Tamb\u00e9m oferecemos servi\u00e7os de manuten\u00e7\u00e3o, reparo e reconstru\u00e7\u00e3o para prolongar a vida \u00fatil de nossos produtos. Nos orgulhamos do nosso compromisso em fornecer produtos de alta qualidade e um excelente atendimento ao cliente.<\/p>\n<p><img decoding=\"async\" src=\"https:\/\/hzpt.com\/wp-content\/uploads\/2024\/11\/songte-company-1.webp\"><\/p>\n<p>Autor: lyl<\/p>","protected":false},"excerpt":{"rendered":"<p>Bucket Cylinder For Caterpillar Small Excavator E307E Introduction A bucket cylinder is a specially designed hydraulic cylinder primarily used to control the movement of buckets in heavy machinery such as excavators, backhoes, and front-end loaders. Its main function is to enable the bucket to lift, lower, and tilt, making it easier to perform various material [&hellip;]<\/p>","protected":false},"featured_media":14776,"comment_status":"open","ping_status":"closed","template":"","meta":{"_et_pb_use_builder":"","_et_pb_old_content":"","_et_gb_content_width":""},"product_brand":[],"product_cat":[1494],"product_tag":[1495,1496],"class_list":{"0":"post-15215","1":"product","2":"type-product","3":"status-publish","4":"has-post-thumbnail","6":"product_cat-bucket-cylinders","7":"product_tag-bucket-cylinders","8":"product_tag-hydraulic-cylinders","10":"first","11":"instock","12":"shipping-taxable","13":"product-type-simple"},"amp_enabled":true,"_links":{"self":[{"href":"https:\/\/www.hydraulic-cylinders.net\/pt\/wp-json\/wp\/v2\/product\/15215","targetHints":{"allow":["GET"]}}],"collection":[{"href":"https:\/\/www.hydraulic-cylinders.net\/pt\/wp-json\/wp\/v2\/product"}],"about":[{"href":"https:\/\/www.hydraulic-cylinders.net\/pt\/wp-json\/wp\/v2\/types\/product"}],"replies":[{"embeddable":true,"href":"https:\/\/www.hydraulic-cylinders.net\/pt\/wp-json\/wp\/v2\/comments?post=15215"}],"wp:featuredmedia":[{"embeddable":true,"href":"https:\/\/www.hydraulic-cylinders.net\/pt\/wp-json\/wp\/v2\/media\/14776"}],"wp:attachment":[{"href":"https:\/\/www.hydraulic-cylinders.net\/pt\/wp-json\/wp\/v2\/media?parent=15215"}],"wp:term":[{"taxonomy":"product_brand","embeddable":true,"href":"https:\/\/www.hydraulic-cylinders.net\/pt\/wp-json\/wp\/v2\/product_brand?post=15215"},{"taxonomy":"product_cat","embeddable":true,"href":"https:\/\/www.hydraulic-cylinders.net\/pt\/wp-json\/wp\/v2\/product_cat?post=15215"},{"taxonomy":"product_tag","embeddable":true,"href":"https:\/\/www.hydraulic-cylinders.net\/pt\/wp-json\/wp\/v2\/product_tag?post=15215"}],"curies":[{"name":"wp","href":"https:\/\/api.w.org\/{rel}","templated":true}]}}