{"id":15217,"date":"2025-01-19T14:15:08","date_gmt":"2025-01-19T14:15:08","guid":{"rendered":"https:\/\/www.hydraulic-cylinders.net\/product\/bucket-cylinder-for-caterpillar-small-excavator-e313bcr\/"},"modified":"2025-01-19T14:15:11","modified_gmt":"2025-01-19T14:15:11","slug":"bucket-cylinder-for-caterpillar-small-excavator-e313bcr","status":"publish","type":"product","link":"https:\/\/www.hydraulic-cylinders.net\/pt\/produto\/bucket-cylinder-for-caterpillar-small-excavator-e313bcr\/","title":{"rendered":"Cilindro da ca\u00e7amba para escavadeira pequena Caterpillar E313BCR"},"content":{"rendered":"<h1>Cilindro da ca\u00e7amba para escavadeira pequena Caterpillar E313BCR<\/h1>\n<h2>Introdu\u00e7\u00e3o<\/h2>\n<p>O cilindro da ca\u00e7amba para escavadeira de pequeno porte Caterpillar E313BCR \u00e9 um cilindro hidr\u00e1ulico especialmente projetado para controlar o movimento da ca\u00e7amba em m\u00e1quinas pesadas, como escavadeiras, retroescavadeiras e p\u00e1s carregadeiras. Sua principal fun\u00e7\u00e3o \u00e9 permitir que a ca\u00e7amba levante, abaixe e incline, facilitando o manuseio de diversos materiais. No sistema hidr\u00e1ulico, o cilindro da ca\u00e7amba controla com precis\u00e3o os movimentos da ca\u00e7amba por meio de altera\u00e7\u00f5es na press\u00e3o do \u00f3leo hidr\u00e1ulico, permitindo que os operadores manuseiem cargas pesadas com efici\u00eancia e se adaptem a ambientes de trabalho complexos e diversas demandas operacionais.<\/p>\n<p><img decoding=\"async\" src=\"https:\/\/www.hydraulic-cylinders.net\/wp-content\/uploads\/2025\/01\/songte-company-2.webp\" alt=\"Imagem do cilindro da ca\u00e7amba\"><\/p>\n<h2>Caracter\u00edsticas<\/h2>\n<ul>\n<li>Alta resist\u00eancia e durabilidade: Normalmente feito de a\u00e7o ou alum\u00ednio de alta resist\u00eancia, suporta alta press\u00e3o e cargas pesadas, sendo projetado com foco na resist\u00eancia ao desgaste e \u00e0 corros\u00e3o, prolongando sua vida \u00fatil.<\/li>\n<li>Opera\u00e7\u00e3o hidr\u00e1ulica eficiente: Utiliza a press\u00e3o do \u00f3leo hidr\u00e1ulico para obter uma extens\u00e3o e retra\u00e7\u00e3o suaves, responde rapidamente aos comandos de controle, fornece uma for\u00e7a de empurrar e puxar potente e \u00e9 adequado para lidar com cargas pesadas e tarefas operacionais complexas.<\/li>\n<li>Diversos tipos: Cilindros de a\u00e7\u00e3o simples (que utilizam o sistema hidr\u00e1ulico em apenas uma dire\u00e7\u00e3o) ou de a\u00e7\u00e3o dupla (que utilizam o sistema hidr\u00e1ulico em duas dire\u00e7\u00f5es) podem ser selecionados conforme a necessidade para atender a diferentes requisitos operacionais. Alguns modelos s\u00e3o telesc\u00f3picos, permitindo maior extens\u00e3o sem aumentar as dimens\u00f5es externas, sendo ideais para aplica\u00e7\u00f5es com espa\u00e7o limitado.<\/li>\n<li>F\u00e1cil de produzir: Podemos fabricar este produto, e nossos produtos podem substituir perfeitamente esses cilindros hidr\u00e1ulicos.<\/li>\n<\/ul>\n<p><img decoding=\"async\" src=\"https:\/\/www.hydraulic-cylinders.net\/wp-content\/uploads\/2025\/01\/songte-cylinder-head-with-all-kinds-excavator-models.webp\" alt=\"Imagem do cilindro da ca\u00e7amba\"><\/p>\n<h2>Aplica\u00e7\u00f5es<\/h2>\n<h3>Equipamentos de constru\u00e7\u00e3o<\/h3>\n<p>Em escavadeiras, s\u00e3o essenciais para escavar, carregar e movimentar terra ou entulho. Em retroescavadeiras, o cilindro da ca\u00e7amba auxilia na escava\u00e7\u00e3o e no levantamento. Em p\u00e1s carregadeiras, auxiliam no levantamento e despejo eficiente da carga.<\/p>\n<h3>Maquinaria agr\u00edcola<\/h3>\n<p>Utilizado em p\u00e1s carregadeiras frontais para escavar, levantar e transportar terra, feno e outros materiais. Em escavadeiras, o cilindro da ca\u00e7amba permite a escava\u00e7\u00e3o, possibilitando que a ca\u00e7amba penetre no solo. <\/p>\n<p><img decoding=\"async\" src=\"https:\/\/www.hydraulic-cylinders.net\/wp-content\/uploads\/2025\/01\/songte-chushion-collar.webp\" alt=\"Imagem do cilindro da ca\u00e7amba\"><\/p>\n<h2>Considera\u00e7\u00f5es de design e crit\u00e9rios de sele\u00e7\u00e3o<\/h2>\n<ul>\n<li>Capacidade de carga: A capacidade de carga do cilindro deve ser suficiente para suportar a carga m\u00e1xima esperada.<\/li>\n<li>Veda\u00e7\u00e3o: As veda\u00e7\u00f5es, como as de pist\u00e3o e as de haste, devem ser feitas de materiais resistentes ao desgaste, como poliuretano e borracha nitr\u00edlica, e o corpo do cilindro e a superf\u00edcie da extremidade roscada devem ser processados \u200b\u200bcom precis\u00e3o para melhorar a resist\u00eancia ao desgaste.<\/li>\n<li>Durabilidade: O cilindro deve ser projetado para suportar condi\u00e7\u00f5es ambientais adversas e ser resistente \u00e0 corros\u00e3o.<\/li>\n<li>Seguran\u00e7a: As medidas de seguran\u00e7a devem ser concebidas para garantir uma opera\u00e7\u00e3o segura e prevenir acidentes.<\/li>\n<li>Manuten\u00e7\u00e3o: O cilindro deve ser projetado para facilitar a manuten\u00e7\u00e3o, e verifica\u00e7\u00f5es regulares devem ser realizadas para garantir seu funcionamento adequado.<\/li>\n<\/ul>\n<p><img decoding=\"async\" src=\"https:\/\/www.hydraulic-cylinders.net\/wp-content\/uploads\/2025\/01\/songte-oil-pipes-and-spare-parts.webp\" alt=\"Imagem do cilindro da ca\u00e7amba\"><\/p>\n<h2>Veda\u00e7\u00e3o e Lubrifica\u00e7\u00e3o<\/h2>\n<p>Diversos dispositivos de veda\u00e7\u00e3o, como veda\u00e7\u00f5es de pist\u00e3o e veda\u00e7\u00f5es de haste, s\u00e3o utilizados para garantir que o \u00f3leo hidr\u00e1ulico n\u00e3o vaze do cilindro. Materiais de poliuretano e borracha nitr\u00edlica s\u00e3o comumente usados \u200b\u200bcomo materiais de veda\u00e7\u00e3o resistentes ao desgaste. O corpo do cilindro e a superf\u00edcie roscada da extremidade s\u00e3o usinados com precis\u00e3o para aumentar a resist\u00eancia ao desgaste. O cilindro requer lubrifica\u00e7\u00e3o regular com a quantidade adequada de \u00f3leo hidr\u00e1ulico para garantir um funcionamento suave.<\/p>\n<h2>Manuten\u00e7\u00e3o e Inspe\u00e7\u00e3o Preventivas<\/h2>\n<p>Para minimizar poss\u00edveis problemas, inspe\u00e7\u00f5es regulares e manuten\u00e7\u00e3o preventiva devem ser realizadas, incluindo:<\/p>\n<ul>\n<li>Lubrifica\u00e7\u00e3o regular<\/li>\n<li>Inspe\u00e7\u00e3o regular das veda\u00e7\u00f5es para verificar vazamentos ou desgaste.<\/li>\n<li>Verifica\u00e7\u00f5es peri\u00f3dicas de calibra\u00e7\u00e3o<\/li>\n<\/ul>\n<h2>Considera\u00e7\u00f5es de seguran\u00e7a e fatores ambientais<\/h2>\n<p>Ao operar m\u00e1quinas pesadas, devem sempre ser tomadas medidas de seguran\u00e7a, incluindo treinamento adequado para os operadores, inspe\u00e7\u00e3o regular dos equipamentos e o cumprimento dos procedimentos de seguran\u00e7a recomendados. Fatores ambientais, como o uso de \u00f3leo hidr\u00e1ulico biodegrad\u00e1vel, tamb\u00e9m devem ser considerados na sele\u00e7\u00e3o de um cilindro hidr\u00e1ulico.<\/p>\n<h2>Solu\u00e7\u00e3o de problemas e problemas comuns<\/h2>\n<p>Problemas comuns incluem vazamentos nas veda\u00e7\u00f5es, danos na haste do pist\u00e3o e lubrifica\u00e7\u00e3o inadequada. Dicas para solucionar problemas incluem verificar vazamentos, inspecionar a haste do pist\u00e3o e garantir a lubrifica\u00e7\u00e3o adequada.<\/p>\n<p><img decoding=\"async\" src=\"https:\/\/www.hydraulic-cylinders.net\/wp-content\/uploads\/2025\/01\/songte-bushings-with-all-kinds-of-excavator-models.webp\" alt=\"Imagem do cilindro da ca\u00e7amba\"><\/p>\n<h2>Sobre nossa empresa<\/h2>\n<p>Somos fabricantes de cilindros hidr\u00e1ulicos de reposi\u00e7\u00e3o, com uma linha completa de produtos, e nos tornamos um dos principais fabricantes e distribuidores de cilindros hidr\u00e1ulicos nos mercados nacional e internacional. Adotamos uma pol\u00edtica de excel\u00eancia em qualidade, baseada na estrat\u00e9gia de gest\u00e3o de produ\u00e7\u00e3o industrial de nossas instala\u00e7\u00f5es. Aprimoramos continuamente a plataforma de produ\u00e7\u00e3o, aperfei\u00e7oamos o processo produtivo e cultivamos grande criatividade. Atendemos \u00e0s diversas necessidades de nossos clientes com base nos princ\u00edpios de alta efici\u00eancia, alta precis\u00e3o e alta qualidade.<\/p>\n<ul>\n<li>Profissionalismo<\/li>\n<li>Certifica\u00e7\u00e3o internacional<\/li>\n<li>Servi\u00e7os de personaliza\u00e7\u00e3o<\/li>\n<li>Equipamentos de produ\u00e7\u00e3o avan\u00e7ados<\/li>\n<li>Servi\u00e7o p\u00f3s-venda<\/li>\n<\/ul>\n<p><img decoding=\"async\" src=\"https:\/\/hzpt.com\/wp-content\/uploads\/2024\/11\/songte-company-1.webp\" alt=\"Imagem do cilindro da ca\u00e7amba\"><\/p>\n<p>Autor: lyl<\/p>","protected":false},"excerpt":{"rendered":"<p>Bucket Cylinder For Caterpillar Small Excavator E313BCR Introduction The Bucket Cylinder for Caterpillar Small Excavator E313BCR is a specially designed hydraulic cylinder primarily used to control the movement of buckets in heavy machinery such as excavators, backhoe loaders, and front-end loaders. Its main function is to enable the bucket to lift, lower, and tilt, making [&hellip;]<\/p>","protected":false},"featured_media":14771,"comment_status":"open","ping_status":"closed","template":"","meta":{"_et_pb_use_builder":"","_et_pb_old_content":"","_et_gb_content_width":""},"product_brand":[],"product_cat":[1494],"product_tag":[1495,1496],"class_list":{"0":"post-15217","1":"product","2":"type-product","3":"status-publish","4":"has-post-thumbnail","6":"product_cat-bucket-cylinders","7":"product_tag-bucket-cylinders","8":"product_tag-hydraulic-cylinders","10":"first","11":"instock","12":"shipping-taxable","13":"product-type-simple"},"amp_enabled":true,"_links":{"self":[{"href":"https:\/\/www.hydraulic-cylinders.net\/pt\/wp-json\/wp\/v2\/product\/15217","targetHints":{"allow":["GET"]}}],"collection":[{"href":"https:\/\/www.hydraulic-cylinders.net\/pt\/wp-json\/wp\/v2\/product"}],"about":[{"href":"https:\/\/www.hydraulic-cylinders.net\/pt\/wp-json\/wp\/v2\/types\/product"}],"replies":[{"embeddable":true,"href":"https:\/\/www.hydraulic-cylinders.net\/pt\/wp-json\/wp\/v2\/comments?post=15217"}],"wp:featuredmedia":[{"embeddable":true,"href":"https:\/\/www.hydraulic-cylinders.net\/pt\/wp-json\/wp\/v2\/media\/14771"}],"wp:attachment":[{"href":"https:\/\/www.hydraulic-cylinders.net\/pt\/wp-json\/wp\/v2\/media?parent=15217"}],"wp:term":[{"taxonomy":"product_brand","embeddable":true,"href":"https:\/\/www.hydraulic-cylinders.net\/pt\/wp-json\/wp\/v2\/product_brand?post=15217"},{"taxonomy":"product_cat","embeddable":true,"href":"https:\/\/www.hydraulic-cylinders.net\/pt\/wp-json\/wp\/v2\/product_cat?post=15217"},{"taxonomy":"product_tag","embeddable":true,"href":"https:\/\/www.hydraulic-cylinders.net\/pt\/wp-json\/wp\/v2\/product_tag?post=15217"}],"curies":[{"name":"wp","href":"https:\/\/api.w.org\/{rel}","templated":true}]}}