{"id":15220,"date":"2025-01-19T14:15:22","date_gmt":"2025-01-19T14:15:22","guid":{"rendered":"https:\/\/www.hydraulic-cylinders.net\/product\/bucket-cylinder-for-caterpillar-small-excavator-e305-5e\/"},"modified":"2025-01-19T14:15:24","modified_gmt":"2025-01-19T14:15:24","slug":"bucket-cylinder-for-caterpillar-small-excavator-e305-5e","status":"publish","type":"product","link":"https:\/\/www.hydraulic-cylinders.net\/pt\/produto\/bucket-cylinder-for-caterpillar-small-excavator-e305-5e\/","title":{"rendered":"Cilindro da ca\u00e7amba para escavadeira pequena Caterpillar E305.5E"},"content":{"rendered":"<h1>Cilindro da ca\u00e7amba para escavadeira pequena Caterpillar E305.5E<\/h1>\n<h2>Introdu\u00e7\u00e3o<\/h2>\n<h3>Definindo o Cilindro do Balde<\/h3>\n<p>Um cilindro de ca\u00e7amba \u00e9 um cilindro hidr\u00e1ulico especialmente projetado para controlar o movimento de p\u00e1s ou ca\u00e7ambas em m\u00e1quinas pesadas, como escavadeiras, retroescavadeiras e p\u00e1s carregadeiras. Sua principal fun\u00e7\u00e3o \u00e9 permitir que a ca\u00e7amba suba, des\u00e7a e incline, facilitando a execu\u00e7\u00e3o de diversas tarefas de movimenta\u00e7\u00e3o de materiais. No sistema hidr\u00e1ulico, os cilindros de ca\u00e7amba controlam os movimentos precisos da ca\u00e7amba por meio de altera\u00e7\u00f5es na press\u00e3o do \u00f3leo hidr\u00e1ulico, permitindo que os operadores manuseiem cargas pesadas com efici\u00eancia e se adaptem a ambientes de trabalho complexos e diversas necessidades operacionais.<\/p>\n<p><img decoding=\"async\" src=\"https:\/\/www.hydraulic-cylinders.net\/wp-content\/uploads\/2025\/01\/songte-company-2.webp\"\/><\/p>\n<h3>Caracter\u00edsticas<\/h3>\n<ul>\n<li>Alta resist\u00eancia e durabilidade: Normalmente fabricado em a\u00e7o ou alum\u00ednio de alta resist\u00eancia, suporta alta press\u00e3o e cargas pesadas, adapta-se a ambientes de trabalho severos e considera a resist\u00eancia ao desgaste e \u00e0 corros\u00e3o em seu projeto, prolongando sua vida \u00fatil.<\/li>\n<li>Opera\u00e7\u00e3o hidr\u00e1ulica eficiente: Movimentos suaves de extens\u00e3o e retra\u00e7\u00e3o s\u00e3o obtidos atrav\u00e9s da press\u00e3o hidr\u00e1ulica, que responde rapidamente aos comandos de controle, fornece for\u00e7as de empurrar e puxar robustas e \u00e9 adequada para o manuseio de cargas pesadas e tarefas complexas.<\/li>\n<li>Diversos tipos: Cilindros de a\u00e7\u00e3o simples (a for\u00e7a hidr\u00e1ulica atua em apenas uma dire\u00e7\u00e3o) ou de a\u00e7\u00e3o dupla (a for\u00e7a hidr\u00e1ulica atua em ambas as dire\u00e7\u00f5es) podem ser selecionados de acordo com as necessidades operacionais. Alguns modelos s\u00e3o telesc\u00f3picos, permitindo maior extens\u00e3o sem aumentar as dimens\u00f5es externas, o que os torna ideais para aplica\u00e7\u00f5es com espa\u00e7o limitado.<\/li>\n<li>F\u00e1cil de produzir: Nossos produtos podem substituir perfeitamente esses cilindros hidr\u00e1ulicos.<\/li>\n<\/ul>\n<p><img decoding=\"async\" src=\"https:\/\/www.hydraulic-cylinders.net\/wp-content\/uploads\/2025\/01\/songte-cylinder-head-with-all-kinds-excavator-models.webp\"\/><\/p>\n<h3>Aplica\u00e7\u00f5es<\/h3>\n<p>Cilindros de ca\u00e7amba s\u00e3o amplamente utilizados em diversos setores industriais devido ao seu excelente desempenho. Aqui est\u00e3o algumas das aplica\u00e7\u00f5es mais comuns:<\/p>\n<h4>Equipamentos de constru\u00e7\u00e3o<\/h4>\n<p>Em escavadeiras, s\u00e3o essenciais para escavar, carregar e movimentar solo ou entulho. Em retroescavadeiras, os cilindros da ca\u00e7amba auxiliam tanto na escava\u00e7\u00e3o quanto no levantamento. <\/p>\n<h4>Maquinaria agr\u00edcola<\/h4>\n<p>Usado em carregadeiras frontais para recolher, levantar e transportar solo, feno e outros materiais.<\/p>\n<h4>Escavadeiras<\/h4>\n<p>Os cilindros da ca\u00e7amba s\u00e3o usados \u200b\u200bpara permitir que a ca\u00e7amba penetre no solo.<\/p>\n<h4>Carregadores<\/h4>\n<p>Em carregadeiras frontais, elas auxiliam no levantamento e despejo eficiente de mercadorias.<\/p>\n<h3>Considera\u00e7\u00f5es de projeto e padr\u00f5es de sele\u00e7\u00e3o<\/h3>\n<p>Os cilindros de ca\u00e7amba s\u00e3o componentes essenciais dos sistemas hidr\u00e1ulicos, e seus padr\u00f5es de projeto e sele\u00e7\u00e3o s\u00e3o cr\u00edticos. Aqui est\u00e3o alguns fatores-chave a serem considerados:<\/p>\n<h4>Capacidade de carga<\/h4>\n<p>Os cilindros das ca\u00e7ambas devem ser projetados para suportar as cargas induzidas pelo equipamento e pelo material a ser movimentado.<\/p>\n<h4>Selagem<\/h4>\n<p>As veda\u00e7\u00f5es do pist\u00e3o e da haste devem ser cuidadosamente selecionadas para evitar vazamentos e contamina\u00e7\u00e3o. Poliuretano ou borracha nitr\u00edlica s\u00e3o frequentemente usados \u200b\u200bcomo material devido \u00e0 sua resist\u00eancia ao desgaste e propriedades anticorrosivas.<\/p>\n<h4>Durabilidade<\/h4>\n<p>O cilindro deve ser projetado para suportar o ambiente operacional severo e resistir ao desgaste e \u00e0 corros\u00e3o por um longo per\u00edodo.<\/p>\n<h4>Seguran\u00e7a<\/h4>\n<p>O projeto deve levar em considera\u00e7\u00e3o aspectos de seguran\u00e7a para minimizar o risco de acidentes.<\/p>\n<h4>Manuten\u00e7\u00e3o<\/h4>\n<p>O cilindro deve ser projetado para facilitar inspe\u00e7\u00f5es, manuten\u00e7\u00e3o e reparos, al\u00e9m de ser f\u00e1cil de desmontar e remontar.<\/p>\n<p><img decoding=\"async\" src=\"https:\/\/www.hydraulic-cylinders.net\/wp-content\/uploads\/2025\/01\/songte-oil-pipes-and-spare-parts.webp\"\/><\/p>\n<h3>Veda\u00e7\u00e3o e Lubrifica\u00e7\u00e3o<\/h3>\n<p>Os cilindros de ca\u00e7amba requerem veda\u00e7\u00e3o e lubrifica\u00e7\u00e3o adequadas para garantir desempenho ideal e vida \u00fatil prolongada. Os seguintes passos s\u00e3o essenciais:<\/p>\n<ul>\n<li>Diversos elementos de veda\u00e7\u00e3o, como veda\u00e7\u00f5es de pist\u00e3o, veda\u00e7\u00f5es de haste, etc., devem ser verificados regularmente e substitu\u00eddos conforme necess\u00e1rio.<\/li>\n<li>O corpo do cilindro e a superf\u00edcie da rosca devem ser processados \u200b\u200bcom precis\u00e3o para melhorar a resist\u00eancia ao desgaste.<\/li>\n<li>Lubrifique regularmente o cilindro hidr\u00e1ulico com o \u00f3leo hidr\u00e1ulico apropriado para garantir um funcionamento suave e prolongar sua vida \u00fatil.<\/li>\n<\/ul>\n<p><img decoding=\"async\" src=\"https:\/\/www.hydraulic-cylinders.net\/wp-content\/uploads\/2025\/01\/songte-chushion-collar.webp\"\/><\/p>\n<h3>Manuten\u00e7\u00e3o regular e medidas preventivas<\/h3>\n<ul>\n<li>Regular inspections and appropriate lubrication are essential to ensuring the cylinder&#8217;s optimal performance.<\/li>\n<li>Substitua quaisquer pe\u00e7as desgastadas ou danificadas o mais r\u00e1pido poss\u00edvel.<\/li>\n<li>O alinhamento correto durante a instala\u00e7\u00e3o \u00e9 fundamental para garantir o desempenho ideal.<\/li>\n<li>O alinhamento correto do cilindro e a utiliza\u00e7\u00e3o de suportes de montagem adequados podem melhorar a durabilidade do cilindro e reduzir o risco de danos.<\/li>\n<li>S\u00e3o apresentadas recomenda\u00e7\u00f5es relativas aos procedimentos de inspe\u00e7\u00e3o, reparo e substitui\u00e7\u00e3o para aumentar a vida \u00fatil do cilindro da ca\u00e7amba.<\/li>\n<\/ul>\n<p><img decoding=\"async\" src=\"https:\/\/www.hydraulic-cylinders.net\/wp-content\/uploads\/2025\/01\/songte-bushings-with-all-kinds-of-excavator-models.webp\"\/><\/p>\n<h3>Considera\u00e7\u00f5es de seguran\u00e7a e fatores ambientais<\/h3>\n<p>Ao utilizar cilindros de ca\u00e7amba, as medidas de seguran\u00e7a s\u00e3o cruciais para minimizar o risco de acidentes. \u00c9 essencial seguir as normas de seguran\u00e7a e as instru\u00e7\u00f5es de opera\u00e7\u00e3o.<\/p>\n<h3>Diagn\u00f3stico de falhas e problemas comuns<\/h3>\n<p>A seguir, apresentamos alguns problemas comuns com cilindros de ca\u00e7amba:<\/p>\n<ul>\n<li>Vazamento de \u00f3leo hidr\u00e1ulico.<\/li>\n<li>Desvio ou incapacidade de manter a press\u00e3o.<\/li>\n<li>Funcionamento lento ou irregular.<\/li>\n<\/ul>\n<p>Quando esses problemas surgirem, as seguintes medidas podem ser tomadas para resolv\u00ea-los:<\/p>\n<ul>\n<li>Verifique e substitua quaisquer veda\u00e7\u00f5es ou outros componentes desgastados ou danificados.<\/li>\n<li>Verifique se h\u00e1 alguma contamina\u00e7\u00e3o no \u00f3leo hidr\u00e1ulico e substitua-o, se necess\u00e1rio.<\/li>\n<li>Certifique-se de que todas as linhas e conex\u00f5es hidr\u00e1ulicas estejam seguras e em boas condi\u00e7\u00f5es.<\/li>\n<\/ul>\n<p><img decoding=\"async\" src=\"https:\/\/hzpt.com\/wp-content\/uploads\/2024\/11\/songte-company-1.webp\"\/><\/p>\n<h2>Sobre n\u00f3s<\/h2>\n<p>Somos fabricantes de cilindros hidr\u00e1ulicos de reposi\u00e7\u00e3o com uma ampla gama de produtos, o que nos torna um dos principais fabricantes e distribuidores atacadistas de cilindros hidr\u00e1ulicos nos mercados nacional e internacional. Aderimos ao princ\u00edpio da excel\u00eancia em qualidade e nos baseamos em estrat\u00e9gias de gest\u00e3o de produ\u00e7\u00e3o industrial que utilizam oficinas de fabrica\u00e7\u00e3o de precis\u00e3o, profissionais t\u00e9cnicos qualificados, equipamentos de fabrica\u00e7\u00e3o digital de ponta e sistemas de inspe\u00e7\u00e3o profissionais para aprimorar continuamente a plataforma de produ\u00e7\u00e3o de nossa f\u00e1brica, melhorar a qualidade da linha de produ\u00e7\u00e3o e cultivar forte criatividade. Desenvolvemos e produzimos produtos que atendem \u00e0s demandas dos clientes com base nos princ\u00edpios de alta efici\u00eancia, alta precis\u00e3o e alta qualidade.<\/p>\n<p><img decoding=\"async\" src=\"https:\/\/www.hydraulic-cylinders.net\/wp-content\/uploads\/2025\/01\/songte-company-3.webp\"\/><\/p>\n<h3>Profissionalismo<\/h3>\n<p>Contamos com uma equipe de especialistas t\u00e9cnicos com vasta experi\u00eancia na produ\u00e7\u00e3o, teste e inspe\u00e7\u00e3o de cilindros hidr\u00e1ulicos, garantindo que nossos produtos atendam aos padr\u00f5es internacionais de qualidade.<\/p>\n<h3>Certifica\u00e7\u00e3o Internacional<\/h3>\n<p>Nossos produtos passaram por diversas certifica\u00e7\u00f5es internacionais, como ISO9001:2015, CE, RoHS, UL e outras, garantindo que nossos clientes tenham um alto grau de confian\u00e7a em nossos produtos.<\/p>\n<h3>Servi\u00e7os de Personaliza\u00e7\u00e3o<\/h3>\n<p>Podemos personalizar o produto de acordo com as necessidades espec\u00edficas de nossos clientes, garantindo que suas necessidades individuais sejam atendidas.<\/p>\n<h3>Equipamentos de produ\u00e7\u00e3o<\/h3>\n<p>Utilizamos equipamentos de produ\u00e7\u00e3o e sistemas de inspe\u00e7\u00e3o avan\u00e7ados para garantir que nossos produtos sejam da mais alta qualidade e atendam \u00e0s demandas dos clientes.<\/p>\n<h3>Servi\u00e7os p\u00f3s-venda<\/h3>\n<p>Oferecemos um excelente servi\u00e7o p\u00f3s-venda, garantindo a satisfa\u00e7\u00e3o dos nossos clientes com os nossos produtos e servi\u00e7os. Disponibilizamos pe\u00e7as de reposi\u00e7\u00e3o e servi\u00e7os de recondicionamento, al\u00e9m de dicas para prolongar a vida \u00fatil dos cilindros hidr\u00e1ulicos, entre outros servi\u00e7os.<\/p>\n<h4>Autor: lyl<\/h4>","protected":false},"excerpt":{"rendered":"<p>Bucket Cylinder For Caterpillar Small Excavator E305.5E Introduction Defining Bucket Cylinder A bucket cylinder is a specially designed hydraulic cylinder mainly used to control the movement of shovels or buckets in heavy machinery such as excavators, backhoe loaders, and front-end loaders. Its primary function is to enable the bucket to lift, lower, and tilt, making [&hellip;]<\/p>","protected":false},"featured_media":14762,"comment_status":"open","ping_status":"closed","template":"","meta":{"_et_pb_use_builder":"","_et_pb_old_content":"","_et_gb_content_width":""},"product_brand":[],"product_cat":[1494],"product_tag":[1495,1496],"class_list":{"0":"post-15220","1":"product","2":"type-product","3":"status-publish","4":"has-post-thumbnail","6":"product_cat-bucket-cylinders","7":"product_tag-bucket-cylinders","8":"product_tag-hydraulic-cylinders","10":"first","11":"instock","12":"shipping-taxable","13":"product-type-simple"},"amp_enabled":true,"_links":{"self":[{"href":"https:\/\/www.hydraulic-cylinders.net\/pt\/wp-json\/wp\/v2\/product\/15220","targetHints":{"allow":["GET"]}}],"collection":[{"href":"https:\/\/www.hydraulic-cylinders.net\/pt\/wp-json\/wp\/v2\/product"}],"about":[{"href":"https:\/\/www.hydraulic-cylinders.net\/pt\/wp-json\/wp\/v2\/types\/product"}],"replies":[{"embeddable":true,"href":"https:\/\/www.hydraulic-cylinders.net\/pt\/wp-json\/wp\/v2\/comments?post=15220"}],"wp:featuredmedia":[{"embeddable":true,"href":"https:\/\/www.hydraulic-cylinders.net\/pt\/wp-json\/wp\/v2\/media\/14762"}],"wp:attachment":[{"href":"https:\/\/www.hydraulic-cylinders.net\/pt\/wp-json\/wp\/v2\/media?parent=15220"}],"wp:term":[{"taxonomy":"product_brand","embeddable":true,"href":"https:\/\/www.hydraulic-cylinders.net\/pt\/wp-json\/wp\/v2\/product_brand?post=15220"},{"taxonomy":"product_cat","embeddable":true,"href":"https:\/\/www.hydraulic-cylinders.net\/pt\/wp-json\/wp\/v2\/product_cat?post=15220"},{"taxonomy":"product_tag","embeddable":true,"href":"https:\/\/www.hydraulic-cylinders.net\/pt\/wp-json\/wp\/v2\/product_tag?post=15220"}],"curies":[{"name":"wp","href":"https:\/\/api.w.org\/{rel}","templated":true}]}}