{"id":15225,"date":"2025-01-19T14:15:41","date_gmt":"2025-01-19T14:15:41","guid":{"rendered":"https:\/\/www.hydraulic-cylinders.net\/product\/bucket-cylinder-for-caterpillar-middle-excavator-e200b\/"},"modified":"2025-01-19T14:15:43","modified_gmt":"2025-01-19T14:15:43","slug":"bucket-cylinder-for-caterpillar-middle-excavator-e200b","status":"publish","type":"product","link":"https:\/\/www.hydraulic-cylinders.net\/pt\/produto\/bucket-cylinder-for-caterpillar-middle-excavator-e200b\/","title":{"rendered":"Cilindro da ca\u00e7amba para escavadeira m\u00e9dia Caterpillar E200B"},"content":{"rendered":"<h1>Cilindro da ca\u00e7amba para escavadeira m\u00e9dia Caterpillar E200B<\/h1>\n<h2>Introdu\u00e7\u00e3o<\/h2>\n<p>Um cilindro de ca\u00e7amba \u00e9 um tipo de cilindro hidr\u00e1ulico especialmente projetado para controlar o movimento da ca\u00e7amba em m\u00e1quinas pesadas, como escavadeiras, retroescavadeiras e p\u00e1s carregadeiras. Sua principal fun\u00e7\u00e3o \u00e9 permitir que a ca\u00e7amba execute opera\u00e7\u00f5es de eleva\u00e7\u00e3o, abaixamento e inclina\u00e7\u00e3o, facilitando assim diversas tarefas de movimenta\u00e7\u00e3o de materiais. No sistema hidr\u00e1ulico, o cilindro de ca\u00e7amba proporciona um controle preciso do movimento da ca\u00e7amba por meio de altera\u00e7\u00f5es na press\u00e3o do \u00f3leo hidr\u00e1ulico, permitindo que os operadores manuseiem cargas pesadas com efici\u00eancia e se adaptem a ambientes de trabalho complexos e a diferentes requisitos de tarefas.<\/p>\n<p><img decoding=\"async\" src=\"https:\/\/www.hydraulic-cylinders.net\/wp-content\/uploads\/2025\/01\/songte-company-2.webp\" alt=\"Cilindro de ca\u00e7amba\"><\/p>\n<h2>Caracter\u00edsticas<\/h2>\n<ul>\n<li>Alta resist\u00eancia e durabilidade: Normalmente fabricado em a\u00e7o ou alum\u00ednio de alta resist\u00eancia, suporta alta press\u00e3o e cargas pesadas, adaptando-se a ambientes de trabalho severos. Projetado com foco na resist\u00eancia ao desgaste e \u00e0 corros\u00e3o, prolonga sua vida \u00fatil.<\/li>\n<li>Opera\u00e7\u00e3o hidr\u00e1ulica eficiente: Utilizando a press\u00e3o do \u00f3leo hidr\u00e1ulico para obter uma extens\u00e3o e retra\u00e7\u00e3o suaves, o equipamento responde rapidamente aos comandos de controle, fornecendo uma for\u00e7a de empurrar e puxar potente, adequada para lidar com cargas pesadas e tarefas complexas.<\/li>\n<li>Diversos tipos: Cilindros de a\u00e7\u00e3o simples (hidr\u00e1ulica aplicada apenas em uma dire\u00e7\u00e3o) ou de a\u00e7\u00e3o dupla (hidr\u00e1ulica aplicada em ambas as dire\u00e7\u00f5es) podem ser escolhidos de acordo com as necessidades para atender a diferentes requisitos de opera\u00e7\u00e3o. Alguns modelos s\u00e3o telesc\u00f3picos, permitindo maior extens\u00e3o sem aumentar as dimens\u00f5es externas, adequados para aplica\u00e7\u00f5es com espa\u00e7o limitado.<\/li>\n<li>Substitui\u00e7\u00e3o perfeita: Nosso produto pode substituir perfeitamente outros cilindros hidr\u00e1ulicos.<\/li>\n<\/ul>\n<p><img decoding=\"async\" src=\"https:\/\/www.hydraulic-cylinders.net\/wp-content\/uploads\/2025\/01\/songte-cylinder-head-with-all-kinds-excavator-models.webp\" alt=\"Substitui\u00e7\u00e3o do cilindro da ca\u00e7amba\"><\/p>\n<h2>Aplica\u00e7\u00f5es<\/h2>\n<p>Cilindros de ca\u00e7amba s\u00e3o amplamente utilizados em diversas aplica\u00e7\u00f5es, tais como:<\/p>\n<ul>\n<li>Equipamentos de constru\u00e7\u00e3o: Em escavadeiras, s\u00e3o essenciais para escavar, carregar e movimentar terra ou entulho. Em retroescavadeiras, os cilindros da ca\u00e7amba auxiliam tanto na escava\u00e7\u00e3o quanto no levantamento de material. <\/li>\n<li>M\u00e1quinas agr\u00edcolas: Utilizadas em p\u00e1s carregadeiras frontais para escavar, levantar e transportar terra, feno e outros materiais. <\/li>\n<li>Escavadeiras: Os cilindros da ca\u00e7amba realizam a escava\u00e7\u00e3o permitindo que a ca\u00e7amba penetre no solo. <\/li>\n<li>Carregadores: Em carregadores frontais, eles auxiliam no levantamento e inclina\u00e7\u00e3o eficientes de mercadorias. <\/li>\n<\/ul>\n<h2>Considera\u00e7\u00f5es de design e crit\u00e9rios de sele\u00e7\u00e3o<\/h2>\n<p>Ao selecionar cilindros para ca\u00e7ambas, \u00e9 preciso levar em considera\u00e7\u00e3o diversos aspectos importantes do projeto:<\/p>\n<ul>\n<li>Capacidade de carga: O cilindro deve ser capaz de suportar alta press\u00e3o e cargas pesadas. <\/li>\n<li>Veda\u00e7\u00e3o: O anel de veda\u00e7\u00e3o do pist\u00e3o, o anel de veda\u00e7\u00e3o da haste e outros componentes de veda\u00e7\u00e3o devem ser feitos de materiais resistentes ao desgaste, como poliuretano ou borracha nitr\u00edlica, e o corpo do cilindro e a superf\u00edcie da extremidade da rosca devem ser processados \u200b\u200bcom precis\u00e3o para melhorar a resist\u00eancia ao desgaste. <\/li>\n<li>Durabilidade: O cilindro deve ser capaz de suportar condi\u00e7\u00f5es operacionais severas e ter uma longa vida \u00fatil. <\/li>\n<li>Seguran\u00e7a: O cilindro deve ser projetado com foco na seguran\u00e7a, garantindo que n\u00e3o falhe ou cause ferimentos durante o funcionamento. <\/li>\n<li>Facilidade de manuten\u00e7\u00e3o: O cilindro deve ser f\u00e1cil de manter e reparar, permitindo a r\u00e1pida substitui\u00e7\u00e3o de pe\u00e7as desgastadas e minimizando o tempo de inatividade.<\/li>\n<\/ul>\n<p><img decoding=\"async\" src=\"https:\/\/www.hydraulic-cylinders.net\/wp-content\/uploads\/2025\/01\/songte-oil-pipes-and-spare-parts.webp\" alt=\"Pe\u00e7as do cilindro da ca\u00e7amba\"><\/p>\n<h2>Veda\u00e7\u00e3o e Lubrifica\u00e7\u00e3o<\/h2>\n<p>Os cilindros de ca\u00e7amba utilizam diversos componentes de veda\u00e7\u00e3o, como an\u00e9is de veda\u00e7\u00e3o do pist\u00e3o e an\u00e9is de veda\u00e7\u00e3o da haste, fabricados com materiais resistentes ao desgaste, como poliuretano ou borracha nitr\u00edlica. O corpo do cilindro e a superf\u00edcie da extremidade da rosca s\u00e3o finamente usinados para melhorar a resist\u00eancia ao desgaste. O cilindro requer lubrifica\u00e7\u00e3o regular com \u00f3leo hidr\u00e1ulico para garantir um funcionamento suave.<\/p>\n<h2>Manuten\u00e7\u00e3o e Reparo<\/h2>\n<p>Para garantir o desempenho ideal e prolongar a vida \u00fatil dos cilindros da ca\u00e7amba, \u00e9 necess\u00e1ria manuten\u00e7\u00e3o regular. As tarefas comuns de manuten\u00e7\u00e3o incluem:<\/p>\n<ul>\n<li>Inspe\u00e7\u00f5es regulares<\/li>\n<li>Lubrifica\u00e7\u00e3o adequada<\/li>\n<li>Substitui\u00e7\u00e3o do selo<\/li>\n<li>Verifica\u00e7\u00f5es de calibra\u00e7\u00e3o<\/li>\n<\/ul>\n<p>A instala\u00e7\u00e3o correta tamb\u00e9m \u00e9 crucial, e diretrizes de alinhamento devem ser fornecidas. O cilindro deve ser fixado utilizando suportes de montagem apropriados. Os procedimentos recomendados de inspe\u00e7\u00e3o, reparo e substitui\u00e7\u00e3o devem ser seguidos para maximizar a vida \u00fatil do cilindro.<\/p>\n<p><img decoding=\"async\" src=\"https:\/\/www.hydraulic-cylinders.net\/wp-content\/uploads\/2025\/01\/songte-chushion-collar.webp\" alt=\"Instala\u00e7\u00e3o do cilindro do balde\"><\/p>\n<h2>Considera\u00e7\u00f5es de seguran\u00e7a e fatores ambientais<\/h2>\n<p>Os cilindros de ca\u00e7amba devem ser operados de acordo com todas as normas e diretrizes de seguran\u00e7a pertinentes. Devem ser tomadas as devidas precau\u00e7\u00f5es de seguran\u00e7a ao trabalhar com m\u00e1quinas pesadas. Fatores ambientais como temperatura e umidade tamb\u00e9m devem ser levados em considera\u00e7\u00e3o na sele\u00e7\u00e3o e opera\u00e7\u00e3o de cilindros de ca\u00e7amba.<\/p>\n<h2>Falhas comuns e resolu\u00e7\u00e3o de problemas<\/h2>\n<p>As falhas comuns que podem ocorrer com os cilindros da ca\u00e7amba incluem:<\/p>\n<ul>\n<li>Vazamento de \u00f3leo<\/li>\n<li>Opera\u00e7\u00e3o lenta<\/li>\n<li>Movimento err\u00e1tico<\/li>\n<\/ul>\n<p>Para diagnosticar e resolver esses problemas de forma eficaz, \u00e9 necess\u00e1rio seguir as t\u00e9cnicas adequadas de resolu\u00e7\u00e3o de problemas. A manuten\u00e7\u00e3o e inspe\u00e7\u00e3o regulares podem ajudar a prevenir problemas potenciais.<\/p>\n<p><img decoding=\"async\" src=\"https:\/\/www.hydraulic-cylinders.net\/wp-content\/uploads\/2025\/01\/songte-bushings-with-all-kinds-of-excavator-models.webp\" alt=\"Buchas do cilindro da ca\u00e7amba\"><\/p>\n<h2>Sobre n\u00f3s<\/h2>\n<p>Somos um dos principais fabricantes e distribuidores de cilindros hidr\u00e1ulicos nos mercados nacional e internacional. Nossa linha completa de produtos e a excelente qualidade nos tornaram uma das empresas mais confi\u00e1veis \u200b\u200be respeitadas do setor. Priorizamos a qualidade de nossos produtos, utilizando um sistema de gest\u00e3o de produ\u00e7\u00e3o eficiente em nossas modernas instala\u00e7\u00f5es fabris e aprimorando-os constantemente com o uso de tecnologia, profissionais especializados e sistemas de teste profissionais. Possu\u00edmos uma equipe de P&amp;D robusta e estamos comprometidos em fornecer produtos de alta efici\u00eancia, alta precis\u00e3o e alta qualidade que atendam \u00e0s diversas necessidades de nossos clientes.<\/p>\n<p><img decoding=\"async\" src=\"https:\/\/hzpt.com\/wp-content\/uploads\/2024\/11\/songte-company-1.webp\" alt=\"Empresa\"><\/p>\n<h3>Nossos pontos fortes incluem:<\/h3>\n<ul>\n<li>Profissionalismo<\/li>\n<li>Certifica\u00e7\u00e3o internacional<\/li>\n<li>Servi\u00e7os de personaliza\u00e7\u00e3o<\/li>\n<li>Equipamentos de produ\u00e7\u00e3o avan\u00e7ados<\/li>\n<li>Servi\u00e7o p\u00f3s-venda<\/li>\n<\/ul>\n<p>Autor: lyl<\/p>","protected":false},"excerpt":{"rendered":"<p>Bucket Cylinder For Caterpillar Middle Excavator E200B Introduction A bucket cylinder is a type of hydraulic cylinder specially designed for controlling the movement of the bucket in heavy machinery such as excavators, backhoes, and front loaders. Its main function is to enable the bucket to perform lifting, lowering, and tilting operations, thus facilitating material handling [&hellip;]<\/p>","protected":false},"featured_media":14785,"comment_status":"open","ping_status":"closed","template":"","meta":{"_et_pb_use_builder":"","_et_pb_old_content":"","_et_gb_content_width":""},"product_brand":[],"product_cat":[1494],"product_tag":[1495,1496],"class_list":{"0":"post-15225","1":"product","2":"type-product","3":"status-publish","4":"has-post-thumbnail","6":"product_cat-bucket-cylinders","7":"product_tag-bucket-cylinders","8":"product_tag-hydraulic-cylinders","10":"first","11":"instock","12":"shipping-taxable","13":"product-type-simple"},"amp_enabled":true,"_links":{"self":[{"href":"https:\/\/www.hydraulic-cylinders.net\/pt\/wp-json\/wp\/v2\/product\/15225","targetHints":{"allow":["GET"]}}],"collection":[{"href":"https:\/\/www.hydraulic-cylinders.net\/pt\/wp-json\/wp\/v2\/product"}],"about":[{"href":"https:\/\/www.hydraulic-cylinders.net\/pt\/wp-json\/wp\/v2\/types\/product"}],"replies":[{"embeddable":true,"href":"https:\/\/www.hydraulic-cylinders.net\/pt\/wp-json\/wp\/v2\/comments?post=15225"}],"wp:featuredmedia":[{"embeddable":true,"href":"https:\/\/www.hydraulic-cylinders.net\/pt\/wp-json\/wp\/v2\/media\/14785"}],"wp:attachment":[{"href":"https:\/\/www.hydraulic-cylinders.net\/pt\/wp-json\/wp\/v2\/media?parent=15225"}],"wp:term":[{"taxonomy":"product_brand","embeddable":true,"href":"https:\/\/www.hydraulic-cylinders.net\/pt\/wp-json\/wp\/v2\/product_brand?post=15225"},{"taxonomy":"product_cat","embeddable":true,"href":"https:\/\/www.hydraulic-cylinders.net\/pt\/wp-json\/wp\/v2\/product_cat?post=15225"},{"taxonomy":"product_tag","embeddable":true,"href":"https:\/\/www.hydraulic-cylinders.net\/pt\/wp-json\/wp\/v2\/product_tag?post=15225"}],"curies":[{"name":"wp","href":"https:\/\/api.w.org\/{rel}","templated":true}]}}