{"id":15228,"date":"2025-01-19T14:15:58","date_gmt":"2025-01-19T14:15:58","guid":{"rendered":"https:\/\/www.hydraulic-cylinders.net\/product\/bucket-cylinder-for-caterpillar-middle-excavator-e320dlrr\/"},"modified":"2025-01-19T14:16:00","modified_gmt":"2025-01-19T14:16:00","slug":"bucket-cylinder-for-caterpillar-middle-excavator-e320dlrr","status":"publish","type":"product","link":"https:\/\/www.hydraulic-cylinders.net\/pt\/produto\/bucket-cylinder-for-caterpillar-middle-excavator-e320dlrr\/","title":{"rendered":"Cilindro da ca\u00e7amba para escavadeira m\u00e9dia Caterpillar E320DLRR"},"content":{"rendered":"<h1>Cilindro da ca\u00e7amba para escavadeira m\u00e9dia Caterpillar E320DLRR<\/h1>\n<h2>Introdu\u00e7\u00e3o<\/h2>\n<p>O cilindro da ca\u00e7amba para a escavadeira m\u00e9dia Caterpillar E320DLRR \u00e9 um cilindro hidr\u00e1ulico especialmente projetado para controlar o movimento da ca\u00e7amba em m\u00e1quinas pesadas, como escavadeiras, retroescavadeiras e p\u00e1s carregadeiras. Sua principal fun\u00e7\u00e3o \u00e9 permitir o levantamento, abaixamento e inclina\u00e7\u00e3o da ca\u00e7amba, facilitando o manuseio de diversos materiais. No sistema hidr\u00e1ulico, o cilindro da ca\u00e7amba proporciona um controle preciso da ca\u00e7amba por meio de varia\u00e7\u00f5es na press\u00e3o do \u00f3leo hidr\u00e1ulico, permitindo que os operadores manuseiem cargas pesadas com efici\u00eancia e se adaptem a ambientes de trabalho complexos e diversas exig\u00eancias da tarefa.<\/p>\n<p><img decoding=\"async\" src=\"https:\/\/www.hydraulic-cylinders.net\/wp-content\/uploads\/2025\/01\/songte-company-2.webp\" alt=\"Imagem do produto\"><\/p>\n<h2>Caracter\u00edsticas<\/h2>\n<ul>\n<li>Alta resist\u00eancia e durabilidade: Normalmente fabricado em a\u00e7o ou alum\u00ednio de alta resist\u00eancia, suporta alta press\u00e3o e cargas pesadas, adaptando-se a ambientes de trabalho severos. O design leva em considera\u00e7\u00e3o a resist\u00eancia ao desgaste e \u00e0 corros\u00e3o para prolongar a vida \u00fatil.<\/li>\n<li>Opera\u00e7\u00e3o hidr\u00e1ulica eficiente: Utilizando a press\u00e3o do \u00f3leo hidr\u00e1ulico para obter a\u00e7\u00f5es suaves de extens\u00e3o e retra\u00e7\u00e3o, o equipamento responde rapidamente aos comandos de controle, fornecendo for\u00e7as de empurrar e puxar potentes, adequadas para lidar com cargas pesadas e tarefas complexas.<\/li>\n<li>Diversos tipos: Cilindros de a\u00e7\u00e3o simples (hidr\u00e1ulica em apenas uma dire\u00e7\u00e3o) ou de a\u00e7\u00e3o dupla (hidr\u00e1ulica em ambas as dire\u00e7\u00f5es) podem ser selecionados conforme as necessidades operacionais. Alguns modelos s\u00e3o telesc\u00f3picos, permitindo maior extens\u00e3o sem aumentar as dimens\u00f5es externas, o que os torna adequados para aplica\u00e7\u00f5es com espa\u00e7o limitado.<\/li>\n<li>Substitui\u00e7\u00e3o perfeita: Nosso produto pode substituir perfeitamente os cilindros hidr\u00e1ulicos existentes. <\/li>\n<\/ul>\n<p><img decoding=\"async\" src=\"https:\/\/www.hydraulic-cylinders.net\/wp-content\/uploads\/2025\/01\/songte-cylinder-head-with-all-kinds-excavator-models.webp\" alt=\"Imagem do produto\"><\/p>\n<h2>Aplica\u00e7\u00f5es<\/h2>\n<p>O cilindro de ca\u00e7amba encontra sua aplica\u00e7\u00e3o em diversos equipamentos:<\/p>\n<ul>\n<li>Equipamentos de constru\u00e7\u00e3o: Encontrados em escavadeiras, s\u00e3o essenciais para cavar, carregar e movimentar terra ou entulho. Em retroescavadeiras, o cilindro da ca\u00e7amba auxilia tanto na escava\u00e7\u00e3o quanto no levantamento de materiais.<\/li>\n<li>M\u00e1quinas agr\u00edcolas: usadas em carregadeiras frontais para recolher, levantar e transportar solo, feno e outros materiais.<\/li>\n<li>Escavadeiras: O cilindro da ca\u00e7amba permite a\u00e7\u00f5es de escava\u00e7\u00e3o permitindo que a ca\u00e7amba penetre no solo.<\/li>\n<li>Carregadores: Em carregadores frontais, eles auxiliam na eleva\u00e7\u00e3o e descarga de mercadorias de forma eficiente.<\/li>\n<\/ul>\n<h2>Considera\u00e7\u00f5es de design e crit\u00e9rios de sele\u00e7\u00e3o<\/h2>\n<p>Em termos de projeto, fatores-chave como capacidade de carga, veda\u00e7\u00e3o, durabilidade, seguran\u00e7a e facilidade de manuten\u00e7\u00e3o desempenham um papel crucial. Aqui est\u00e3o alguns pontos a serem considerados:<\/p>\n<p><img decoding=\"async\" src=\"https:\/\/www.hydraulic-cylinders.net\/wp-content\/uploads\/2025\/01\/songte-oil-pipes-and-spare-parts.webp\" alt=\"Imagem do produto\"><\/p>\n<h2>Veda\u00e7\u00e3o e Lubrifica\u00e7\u00e3o<\/h2>\n<p>O cilindro da ca\u00e7amba utiliza diversos elementos de veda\u00e7\u00e3o, como veda\u00e7\u00f5es de pist\u00e3o e veda\u00e7\u00f5es de haste, feitos de materiais resistentes ao desgaste, como poliuretano e borracha nitr\u00edlica. O corpo do cilindro e as superf\u00edcies roscadas das extremidades recebem um tratamento preciso para aumentar a resist\u00eancia ao desgaste. \u00c9 necess\u00e1ria lubrifica\u00e7\u00e3o regular com a quantidade adequada de \u00f3leo hidr\u00e1ulico.<\/p>\n<h2>Medidas de inspe\u00e7\u00e3o regular e manuten\u00e7\u00e3o preventiva<\/h2>\n<p>Para garantir a longevidade do cilindro da ca\u00e7amba, inspe\u00e7\u00f5es regulares e medidas de manuten\u00e7\u00e3o preventiva devem ser realizadas. Aqui est\u00e3o algumas dicas e pr\u00e1ticas:<\/p>\n<h2>Guia de instala\u00e7\u00e3o do produto<\/h2>\n<p>A instala\u00e7\u00e3o correta \u00e9 crucial para o funcionamento eficiente do cilindro da ca\u00e7amba. Aqui est\u00e3o as diretrizes:<\/p>\n<p><img decoding=\"async\" src=\"https:\/\/www.hydraulic-cylinders.net\/wp-content\/uploads\/2025\/01\/songte-chushion-collar.webp\" alt=\"Imagem do produto\"><\/p>\n<h2>Tarefas de manuten\u00e7\u00e3o<\/h2>\n<p>As tarefas comuns de manuten\u00e7\u00e3o incluem inspe\u00e7\u00f5es regulares, lubrifica\u00e7\u00e3o adequada, substitui\u00e7\u00e3o de veda\u00e7\u00f5es e verifica\u00e7\u00f5es de calibra\u00e7\u00e3o. \u00c9 importante enfatizar a import\u00e2ncia da instala\u00e7\u00e3o, lubrifica\u00e7\u00e3o e ajuste corretos. Recomenda-se o alinhamento adequado do cilindro durante a instala\u00e7\u00e3o e o uso de suportes de montagem apropriados para fix\u00e1-lo. Os procedimentos recomendados para inspe\u00e7\u00e3o, reparo e substitui\u00e7\u00e3o s\u00e3o fornecidos, juntamente com dicas para prolongar a vida \u00fatil do cilindro da ca\u00e7amba.<\/p>\n<p><img decoding=\"async\" src=\"https:\/\/www.hydraulic-cylinders.net\/wp-content\/uploads\/2025\/01\/songte-bushings-with-all-kinds-of-excavator-models.webp\" alt=\"Imagem do produto\"><\/p>\n<h2>Considera\u00e7\u00f5es de seguran\u00e7a e fatores ambientais<\/h2>\n<p>Incorporar medidas de seguran\u00e7a ao usar o cilindro com balde \u00e9 de extrema import\u00e2ncia. Aqui est\u00e3o alguns pontos-chave a serem considerados:<\/p>\n<h2>Diagn\u00f3stico de falhas e problemas comuns<\/h2>\n<p>Quando se trata de diagn\u00f3stico de falhas e resolu\u00e7\u00e3o de problemas comuns, \u00e9 essencial fornecer dicas e solu\u00e7\u00f5es para ajudar os leitores a diagnosticar e resolver problemas com efic\u00e1cia. Medidas preventivas tamb\u00e9m devem ser sugeridas para minimizar poss\u00edveis problemas.<\/p>\n<p><img decoding=\"async\" src=\"https:\/\/hzpt.com\/wp-content\/uploads\/2024\/11\/songte-company-1.webp\" alt=\"Imagem do produto\"><\/p>\n<h2>Sobre nossa empresa<\/h2>\n<p>Somos fabricantes de cilindros hidr\u00e1ulicos de reposi\u00e7\u00e3o e oferecemos uma ampla gama de produtos. Tornamo-nos um dos principais fabricantes e distribuidores atacadistas de cilindros hidr\u00e1ulicos nos mercados nacional e internacional. Aderimos aos princ\u00edpios da excel\u00eancia e nos baseamos em estrat\u00e9gias de gest\u00e3o de produ\u00e7\u00e3o industrial em nossas modernas instala\u00e7\u00f5es de fabrica\u00e7\u00e3o. Com o uso de talentos t\u00e9cnicos, equipamentos de fabrica\u00e7\u00e3o digital avan\u00e7ados e sistemas de teste profissionais, aprimoramos continuamente nossa plataforma de fabrica\u00e7\u00e3o e os processos de produ\u00e7\u00e3o de alta qualidade. Possu\u00edmos forte capacidade criativa e nossos princ\u00edpios de alta efici\u00eancia, alta precis\u00e3o e alta qualidade nos permitem atender \u00e0s diversas necessidades de nossos clientes.<\/p>\n<p><img decoding=\"async\" src=\"https:\/\/www.hydraulic-cylinders.net\/wp-content\/uploads\/2025\/01\/songte-company-3.webp\" alt=\"Imagem da empresa\"><\/p>\n<p>Temos orgulho do nosso profissionalismo, das nossas certifica\u00e7\u00f5es internacionais, dos servi\u00e7os personalizados, dos equipamentos de produ\u00e7\u00e3o e dos servi\u00e7os p\u00f3s-venda. <\/p>\n<p>Autor: lyl<\/p>","protected":false},"excerpt":{"rendered":"<p>Bucket Cylinder For Caterpillar Middle Excavator E320DLRR Introduction The bucket cylinder for Caterpillar middle excavator E320DLRR is a specially designed hydraulic cylinder used to control the movement of the bucket in heavy machinery such as excavators, backhoe loaders, and front-end loaders. Its main function is to enable the lifting, lowering, and tilting of the bucket, [&hellip;]<\/p>","protected":false},"featured_media":14780,"comment_status":"open","ping_status":"closed","template":"","meta":{"_et_pb_use_builder":"","_et_pb_old_content":"","_et_gb_content_width":""},"product_brand":[],"product_cat":[1494],"product_tag":[1495,1496],"class_list":{"0":"post-15228","1":"product","2":"type-product","3":"status-publish","4":"has-post-thumbnail","6":"product_cat-bucket-cylinders","7":"product_tag-bucket-cylinders","8":"product_tag-hydraulic-cylinders","10":"first","11":"instock","12":"shipping-taxable","13":"product-type-simple"},"amp_enabled":true,"_links":{"self":[{"href":"https:\/\/www.hydraulic-cylinders.net\/pt\/wp-json\/wp\/v2\/product\/15228","targetHints":{"allow":["GET"]}}],"collection":[{"href":"https:\/\/www.hydraulic-cylinders.net\/pt\/wp-json\/wp\/v2\/product"}],"about":[{"href":"https:\/\/www.hydraulic-cylinders.net\/pt\/wp-json\/wp\/v2\/types\/product"}],"replies":[{"embeddable":true,"href":"https:\/\/www.hydraulic-cylinders.net\/pt\/wp-json\/wp\/v2\/comments?post=15228"}],"wp:featuredmedia":[{"embeddable":true,"href":"https:\/\/www.hydraulic-cylinders.net\/pt\/wp-json\/wp\/v2\/media\/14780"}],"wp:attachment":[{"href":"https:\/\/www.hydraulic-cylinders.net\/pt\/wp-json\/wp\/v2\/media?parent=15228"}],"wp:term":[{"taxonomy":"product_brand","embeddable":true,"href":"https:\/\/www.hydraulic-cylinders.net\/pt\/wp-json\/wp\/v2\/product_brand?post=15228"},{"taxonomy":"product_cat","embeddable":true,"href":"https:\/\/www.hydraulic-cylinders.net\/pt\/wp-json\/wp\/v2\/product_cat?post=15228"},{"taxonomy":"product_tag","embeddable":true,"href":"https:\/\/www.hydraulic-cylinders.net\/pt\/wp-json\/wp\/v2\/product_tag?post=15228"}],"curies":[{"name":"wp","href":"https:\/\/api.w.org\/{rel}","templated":true}]}}