{"id":15236,"date":"2025-01-19T14:16:34","date_gmt":"2025-01-19T14:16:34","guid":{"rendered":"https:\/\/www.hydraulic-cylinders.net\/product\/bucket-cylinder-for-caterpillar-middle-excavator-e320dz-bl\/"},"modified":"2025-01-19T14:16:36","modified_gmt":"2025-01-19T14:16:36","slug":"bucket-cylinder-for-caterpillar-middle-excavator-e320dz-bl","status":"publish","type":"product","link":"https:\/\/www.hydraulic-cylinders.net\/pt\/produto\/bucket-cylinder-for-caterpillar-middle-excavator-e320dz-bl\/","title":{"rendered":"Cilindro da ca\u00e7amba para escavadeira m\u00e9dia Caterpillar E320DZ\/BL"},"content":{"rendered":"<p><!DOCTYPE html><br \/>\n<html><br \/>\n<head><br \/>\n<title>Cilindro da ca\u00e7amba para escavadeira m\u00e9dia Caterpillar E320DZ\/BL<\/title><br \/>\n<\/head><br \/>\n<body><\/p>\n<h1>Cilindro da ca\u00e7amba para escavadeira m\u00e9dia Caterpillar E320DZ\/BL<\/h1>\n<h2>Introdu\u00e7\u00e3o<\/h2>\n<p>O cilindro da ca\u00e7amba para a escavadeira m\u00e9dia Caterpillar E320DZ\/BL \u00e9 um cilindro hidr\u00e1ulico especialmente projetado para controlar o movimento da ca\u00e7amba em m\u00e1quinas pesadas, como escavadeiras, retroescavadeiras e p\u00e1s carregadeiras. Sua principal fun\u00e7\u00e3o \u00e9 permitir que a ca\u00e7amba execute a\u00e7\u00f5es de eleva\u00e7\u00e3o, abaixamento e inclina\u00e7\u00e3o, facilitando diversas tarefas de movimenta\u00e7\u00e3o de materiais. No sistema hidr\u00e1ulico, o cilindro da ca\u00e7amba proporciona um controle preciso da ca\u00e7amba por meio de altera\u00e7\u00f5es na press\u00e3o do \u00f3leo hidr\u00e1ulico, permitindo que os operadores manuseiem cargas pesadas com efici\u00eancia e se adaptem a ambientes de trabalho complexos e diversas exig\u00eancias da tarefa.<\/p>\n<p><img decoding=\"async\" src=\"https:\/\/www.hydraulic-cylinders.net\/wp-content\/uploads\/2025\/01\/songte-company-2.webp\" alt=\"Imagem do cilindro da ca\u00e7amba\"><\/p>\n<h2>Caracter\u00edsticas<\/h2>\n<ul>\n<li><strong>Alta resist\u00eancia e durabilidade:<\/strong> Normalmente fabricado em a\u00e7o de alta resist\u00eancia ou alum\u00ednio, o cilindro da ca\u00e7amba suporta alta press\u00e3o e cargas pesadas, adaptando-se a ambientes de trabalho severos. Seu design considera a resist\u00eancia ao desgaste e \u00e0 corros\u00e3o, prolongando sua vida \u00fatil.<\/li>\n<li><strong>Opera\u00e7\u00e3o hidr\u00e1ulica eficiente:<\/strong> Utilizando a press\u00e3o do \u00f3leo hidr\u00e1ulico, o cilindro da ca\u00e7amba realiza movimentos telesc\u00f3picos suaves, permitindo uma resposta r\u00e1pida aos comandos de controle e fornecendo for\u00e7as de empurrar e puxar potentes, adequadas para o manuseio de cargas pesadas e tarefas complexas.<\/li>\n<li><strong>V\u00e1rios tipos:<\/strong> O cilindro da ca\u00e7amba pode ser selecionado como de a\u00e7\u00e3o simples (sistema hidr\u00e1ulico utilizado em apenas uma dire\u00e7\u00e3o) ou de a\u00e7\u00e3o dupla (sistema hidr\u00e1ulico utilizado em ambas as dire\u00e7\u00f5es), de acordo com as necessidades operacionais espec\u00edficas. Alguns modelos s\u00e3o telesc\u00f3picos, permitindo maior extens\u00e3o sem aumentar as dimens\u00f5es externas, o que os torna adequados para aplica\u00e7\u00f5es com espa\u00e7o limitado.<\/li>\n<li><strong>Substitui\u00e7\u00e3o perfeita:<\/strong> Nossos produtos podem substituir perfeitamente esses cilindros hidr\u00e1ulicos, oferecendo a mesma funcionalidade e qualidade.<\/li>\n<\/ul>\n<p><img decoding=\"async\" src=\"https:\/\/www.hydraulic-cylinders.net\/wp-content\/uploads\/2025\/01\/songte-cylinder-head-with-all-kinds-excavator-models.webp\" alt=\"Imagem de substitui\u00e7\u00e3o do cilindro da ca\u00e7amba\"><\/p>\n<h2>Aplica\u00e7\u00f5es<\/h2>\n<p>O cilindro de ca\u00e7amba encontra aplica\u00e7\u00f5es em diversos equipamentos:<\/p>\n<ul>\n<li><strong>Equipamentos de constru\u00e7\u00e3o:<\/strong> S\u00e3o essenciais em escavadeiras para escavar, carregar e movimentar solo ou entulho. Em retroescavadeiras, o cilindro da ca\u00e7amba auxilia tanto na escava\u00e7\u00e3o quanto no levantamento.<\/li>\n<li><strong>Maquinaria agr\u00edcola:<\/strong> Usado em carregadeiras frontais para recolher, levantar e transportar solo, feno e outros materiais.<\/li>\n<li><strong>Escavadeiras:<\/strong> O cilindro da ca\u00e7amba permite a\u00e7\u00f5es de escava\u00e7\u00e3o permitindo que a ca\u00e7amba penetre no solo.<\/li>\n<li><strong>Carregadores:<\/strong> Em p\u00e1s carregadeiras, elas auxiliam no levantamento e despejo eficientes de mercadorias.<\/li>\n<\/ul>\n<h2>Considera\u00e7\u00f5es de design e crit\u00e9rios de sele\u00e7\u00e3o<\/h2>\n<ul>\n<li><strong>Capacidade de suporte:<\/strong> O cilindro da ca\u00e7amba foi projetado para suportar cargas e press\u00f5es elevadas, mantendo a estabilidade e a seguran\u00e7a.<\/li>\n<li><strong>Selagem:<\/strong> S\u00e3o utilizados diversos componentes de veda\u00e7\u00e3o, como veda\u00e7\u00f5es de pist\u00e3o e veda\u00e7\u00f5es de haste, fabricados com materiais resistentes ao desgaste, como poliuretano e borracha nitr\u00edlica. O corpo do cilindro e as extremidades roscadas passam por um tratamento fino para melhorar a resist\u00eancia ao desgaste.<\/li>\n<\/ul>\n<p><img decoding=\"async\" src=\"https:\/\/www.hydraulic-cylinders.net\/wp-content\/uploads\/2025\/01\/songte-oil-pipes-and-spare-parts.webp\" alt=\"Imagem de Veda\u00e7\u00e3o e Lubrifica\u00e7\u00e3o\"><\/p>\n<h2>Veda\u00e7\u00e3o e Lubrifica\u00e7\u00e3o<\/h2>\n<p>O cilindro da ca\u00e7amba utiliza diversos componentes de veda\u00e7\u00e3o, como veda\u00e7\u00f5es de pist\u00e3o e veda\u00e7\u00f5es de haste, fabricados com materiais resistentes ao desgaste, como poliuretano e borracha nitr\u00edlica. O corpo do cilindro e as extremidades roscadas passam por um tratamento fino para melhorar a resist\u00eancia ao desgaste. A lubrifica\u00e7\u00e3o regular com \u00f3leo hidr\u00e1ulico apropriado \u00e9 necess\u00e1ria para garantir o bom funcionamento.<\/p>\n<h2>Inspe\u00e7\u00e3o regular e manuten\u00e7\u00e3o preventiva<\/h2>\n<ul>\n<li>Inspe\u00e7\u00f5es regulares devem ser realizadas para verificar vazamentos, danos ou mau funcionamento no cilindro do balde.<\/li>\n<li>A lubrifica\u00e7\u00e3o adequada do cilindro e de outras pe\u00e7as m\u00f3veis deve ser feita em intervalos regulares.<\/li>\n<li>As veda\u00e7\u00f5es devem ser substitu\u00eddas caso sejam detectados sinais de desgaste ou danos.<\/li>\n<li>Devem ser realizadas verifica\u00e7\u00f5es de calibra\u00e7\u00e3o para garantir o funcionamento correto.<\/li>\n<\/ul>\n<h2>Diretrizes corretas para instala\u00e7\u00e3o do produto<\/h2>\n<p>A instala\u00e7\u00e3o correta do cilindro da ca\u00e7amba \u00e9 essencial para o desempenho ideal e a longevidade do produto. Aqui est\u00e3o algumas orienta\u00e7\u00f5es:<\/p>\n<ul>\n<li>Garanta o alinhamento correto do cilindro durante a instala\u00e7\u00e3o.<\/li>\n<li>Utilize suportes de instala\u00e7\u00e3o adequados para fixar o cilindro.<\/li>\n<li>Siga os procedimentos recomendados para inspe\u00e7\u00e3o, reparo e substitui\u00e7\u00e3o.<\/li>\n<li>Fornecer servi\u00e7os de reconstru\u00e7\u00e3o e pe\u00e7as de reposi\u00e7\u00e3o para aumentar a vida \u00fatil do cilindro da ca\u00e7amba.<\/li>\n<\/ul>\n<p><img decoding=\"async\" src=\"https:\/\/www.hydraulic-cylinders.net\/wp-content\/uploads\/2025\/01\/songte-chushion-collar.webp\" alt=\"Instru\u00e7\u00f5es de Instala\u00e7\u00e3o (Imagem)\"><\/p>\n<h2>Considera\u00e7\u00f5es de seguran\u00e7a e fatores ambientais<\/h2>\n<p>Ao utilizar o cilindro com ca\u00e7amba, \u00e9 importante seguir as medidas de seguran\u00e7a para prevenir acidentes e garantir a seguran\u00e7a dos funcion\u00e1rios e do meio ambiente.<\/p>\n<h2>Diagn\u00f3stico de falhas e problemas comuns<\/h2>\n<p>Problemas comuns e dicas de resolu\u00e7\u00e3o de problemas para o cilindro da ca\u00e7amba:<\/p>\n<p><img decoding=\"async\" src=\"https:\/\/www.hydraulic-cylinders.net\/wp-content\/uploads\/2025\/01\/songte-bushings-with-all-kinds-of-excavator-models.webp\" alt=\"Imagem de diagn\u00f3stico de falhas\"><\/p>\n<h2>Dicas de manuten\u00e7\u00e3o<\/h2>\n<p>Fornecer dicas e solu\u00e7\u00f5es para solucionar problemas de forma eficaz, al\u00e9m de medidas preventivas para minimizar poss\u00edveis problemas.<\/p>\n<h2>Sobre nossa empresa<\/h2>\n<p>Somos um dos principais fabricantes e distribuidores atacadistas de cilindros hidr\u00e1ulicos nos mercados nacional e internacional. Nossa empresa oferece uma ampla gama de produtos e segue uma estrat\u00e9gia de gest\u00e3o de produ\u00e7\u00e3o industrial, baseada em excelente qualidade, oficinas de fabrica\u00e7\u00e3o especializadas, equipamentos de fabrica\u00e7\u00e3o digital avan\u00e7ados e sistemas de teste profissionais. Possu\u00edmos grande capacidade de cria\u00e7\u00e3o e atendimento \u00e0s diversas necessidades dos clientes com alta efici\u00eancia, precis\u00e3o e qualidade. Nossa empresa \u00e9 reconhecida pelo profissionalismo, certifica\u00e7\u00f5es internacionais, servi\u00e7os personalizados, equipamentos de produ\u00e7\u00e3o avan\u00e7ados e excelente servi\u00e7o p\u00f3s-venda.<\/p>\n<p><img decoding=\"async\" src=\"https:\/\/www.hydraulic-cylinders.net\/wp-content\/uploads\/2025\/01\/songte-company-3.webp\" alt=\"Imagem de apresenta\u00e7\u00e3o da empresa\"><\/p>\n<p>Autor: lyl<\/p>\n<p><\/body><br \/>\n<\/html><\/p>","protected":false},"excerpt":{"rendered":"<p>Bucket Cylinder For Caterpillar Middle Excavator E320DZ\/BL Bucket Cylinder For Caterpillar Middle Excavator E320DZ\/BL Introduction The bucket cylinder for Caterpillar middle excavator E320DZ\/BL is a specially designed hydraulic cylinder used to control the movement of the bucket in heavy machinery such as excavators, backhoe loaders, and front-end loaders. Its main function is to enable the [&hellip;]<\/p>","protected":false},"featured_media":14761,"comment_status":"open","ping_status":"closed","template":"","meta":{"_et_pb_use_builder":"","_et_pb_old_content":"","_et_gb_content_width":""},"product_brand":[],"product_cat":[1494],"product_tag":[1495,1496],"class_list":{"0":"post-15236","1":"product","2":"type-product","3":"status-publish","4":"has-post-thumbnail","6":"product_cat-bucket-cylinders","7":"product_tag-bucket-cylinders","8":"product_tag-hydraulic-cylinders","10":"first","11":"instock","12":"shipping-taxable","13":"product-type-simple"},"amp_enabled":true,"_links":{"self":[{"href":"https:\/\/www.hydraulic-cylinders.net\/pt\/wp-json\/wp\/v2\/product\/15236","targetHints":{"allow":["GET"]}}],"collection":[{"href":"https:\/\/www.hydraulic-cylinders.net\/pt\/wp-json\/wp\/v2\/product"}],"about":[{"href":"https:\/\/www.hydraulic-cylinders.net\/pt\/wp-json\/wp\/v2\/types\/product"}],"replies":[{"embeddable":true,"href":"https:\/\/www.hydraulic-cylinders.net\/pt\/wp-json\/wp\/v2\/comments?post=15236"}],"wp:featuredmedia":[{"embeddable":true,"href":"https:\/\/www.hydraulic-cylinders.net\/pt\/wp-json\/wp\/v2\/media\/14761"}],"wp:attachment":[{"href":"https:\/\/www.hydraulic-cylinders.net\/pt\/wp-json\/wp\/v2\/media?parent=15236"}],"wp:term":[{"taxonomy":"product_brand","embeddable":true,"href":"https:\/\/www.hydraulic-cylinders.net\/pt\/wp-json\/wp\/v2\/product_brand?post=15236"},{"taxonomy":"product_cat","embeddable":true,"href":"https:\/\/www.hydraulic-cylinders.net\/pt\/wp-json\/wp\/v2\/product_cat?post=15236"},{"taxonomy":"product_tag","embeddable":true,"href":"https:\/\/www.hydraulic-cylinders.net\/pt\/wp-json\/wp\/v2\/product_tag?post=15236"}],"curies":[{"name":"wp","href":"https:\/\/api.w.org\/{rel}","templated":true}]}}