{"id":15242,"date":"2025-01-19T14:17:04","date_gmt":"2025-01-19T14:17:04","guid":{"rendered":"https:\/\/www.hydraulic-cylinders.net\/product\/bucket-cylinder-for-caterpillar-large-excavator-e336d\/"},"modified":"2025-01-19T14:17:06","modified_gmt":"2025-01-19T14:17:06","slug":"bucket-cylinder-for-caterpillar-large-excavator-e336d","status":"publish","type":"product","link":"https:\/\/www.hydraulic-cylinders.net\/pt\/produto\/bucket-cylinder-for-caterpillar-large-excavator-e336d\/","title":{"rendered":"Cilindro da ca\u00e7amba para escavadeira grande Caterpillar E336D"},"content":{"rendered":"<h1>Cilindro da ca\u00e7amba para escavadeira grande Caterpillar E336D<\/h1>\n<h2>Introdu\u00e7\u00e3o<\/h2>\n<p>O cilindro da ca\u00e7amba para a escavadeira de grande porte Caterpillar E336D \u00e9 um cilindro hidr\u00e1ulico especialmente projetado para controlar o movimento da ca\u00e7amba em m\u00e1quinas pesadas, como escavadeiras, retroescavadeiras e p\u00e1s carregadeiras. Sua principal fun\u00e7\u00e3o \u00e9 permitir que a ca\u00e7amba suba, des\u00e7a e incline, facilitando diversas tarefas de movimenta\u00e7\u00e3o de materiais. No sistema hidr\u00e1ulico, o cilindro da ca\u00e7amba proporciona um controle preciso da ca\u00e7amba utilizando as varia\u00e7\u00f5es de press\u00e3o no \u00f3leo hidr\u00e1ulico, permitindo que os operadores manuseiem cargas pesadas com efici\u00eancia e se adaptem a ambientes de trabalho complexos e diversas exig\u00eancias da tarefa.<\/p>\n<p><img decoding=\"async\" src=\"https:\/\/www.hydraulic-cylinders.net\/wp-content\/uploads\/2025\/01\/songte-company-2.webp\"><\/p>\n<h2>Caracter\u00edsticas<\/h2>\n<ul>\n<li>Alta resist\u00eancia e durabilidade: Normalmente fabricado em a\u00e7o ou alum\u00ednio de alta resist\u00eancia, o cilindro da ca\u00e7amba suporta alta press\u00e3o e cargas pesadas, adaptando-se a ambientes de trabalho severos. Seu design leva em considera\u00e7\u00e3o a resist\u00eancia ao desgaste e \u00e0 corros\u00e3o, prolongando sua vida \u00fatil.<\/li>\n<li>Opera\u00e7\u00e3o hidr\u00e1ulica eficiente: Utilizando a press\u00e3o do \u00f3leo hidr\u00e1ulico, o cilindro da ca\u00e7amba permite movimentos suaves de extens\u00e3o e retra\u00e7\u00e3o, proporcionando for\u00e7as de empurr\u00e3o e tra\u00e7\u00e3o poderosas, tornando-o adequado para o manuseio de cargas pesadas e tarefas complexas.<\/li>\n<li>Tipos Variados: O cilindro da ca\u00e7amba pode ser selecionado como de a\u00e7\u00e3o simples (sistema hidr\u00e1ulico utilizado em apenas uma dire\u00e7\u00e3o) ou de a\u00e7\u00e3o dupla (sistema hidr\u00e1ulico utilizado em ambas as dire\u00e7\u00f5es), dependendo das necessidades operacionais. Alguns modelos s\u00e3o telesc\u00f3picos, permitindo maior extens\u00e3o sem aumentar as dimens\u00f5es externas, tornando-os adequados para aplica\u00e7\u00f5es com espa\u00e7o limitado.<\/li>\n<li>Substitui\u00e7\u00e3o perfeita: Nossos produtos podem substituir perfeitamente esses cilindros hidr\u00e1ulicos.<\/li>\n<\/ul>\n<p><img decoding=\"async\" src=\"https:\/\/www.hydraulic-cylinders.net\/wp-content\/uploads\/2025\/01\/songte-cylinder-head-with-all-kinds-excavator-models.webp\"><\/p>\n<h2>Aplica\u00e7\u00f5es<\/h2>\n<p>O cilindro da ca\u00e7amba \u00e9 encontrado em diversos equipamentos de constru\u00e7\u00e3o, tais como:<\/p>\n<ul>\n<li>Escavadeiras: Auxilia na escava\u00e7\u00e3o, permitindo que a ca\u00e7amba penetre no solo.<\/li>\n<li>Retroescavadeiras: Auxiliam tanto na escava\u00e7\u00e3o quanto no levantamento de cargas.<\/li>\n<li>M\u00e1quinas agr\u00edcolas: usadas em carregadeiras frontais para recolher, levantar e transportar solo, feno e outros materiais.<\/li>\n<li>P\u00e1s carregadeiras frontais: Auxiliam no levantamento e descarregamento eficiente de mercadorias.<\/li>\n<\/ul>\n<h2>Considera\u00e7\u00f5es de design e crit\u00e9rios de sele\u00e7\u00e3o<\/h2>\n<ul>\n<li>Capacidade de carga: O cilindro da ca\u00e7amba foi projetado para suportar cargas pesadas e altas press\u00f5es.<\/li>\n<li>Veda\u00e7\u00e3o: V\u00e1rios componentes de veda\u00e7\u00e3o, como veda\u00e7\u00f5es de pist\u00e3o e veda\u00e7\u00f5es de haste, s\u00e3o usados \u200b\u200bpara garantir uma veda\u00e7\u00e3o eficaz e evitar vazamentos.<\/li>\n<li>Durabilidade: O corpo do cilindro e as extremidades roscadas passam por um tratamento preciso para aumentar a resist\u00eancia ao desgaste.<\/li>\n<li>Seguran\u00e7a: O cilindro da ca\u00e7amba foi projetado com recursos de seguran\u00e7a para garantir uma opera\u00e7\u00e3o segura.<\/li>\n<li>Manuten\u00e7\u00e3o: O cilindro requer inspe\u00e7\u00e3o regular e manuten\u00e7\u00e3o preventiva para garantir seu desempenho ideal e longa vida \u00fatil.<\/li>\n<\/ul>\n<p><img decoding=\"async\" src=\"https:\/\/www.hydraulic-cylinders.net\/wp-content\/uploads\/2025\/01\/songte-oil-pipes-and-spare-parts.webp\"><\/p>\n<h2>Veda\u00e7\u00e3o e Lubrifica\u00e7\u00e3o<\/h2>\n<p>O cilindro da ca\u00e7amba utiliza diversas veda\u00e7\u00f5es, como veda\u00e7\u00f5es de pist\u00e3o e veda\u00e7\u00f5es de haste, fabricadas com materiais resistentes ao desgaste, como poliuretano e borracha nitr\u00edlica. O corpo do cilindro e as extremidades roscadas passam por um tratamento fino para melhorar a resist\u00eancia ao desgaste. A lubrifica\u00e7\u00e3o regular com a quantidade adequada de \u00f3leo hidr\u00e1ulico \u00e9 necess\u00e1ria para garantir o bom funcionamento.<\/p>\n<h2>Inspe\u00e7\u00e3o regular e manuten\u00e7\u00e3o preventiva<\/h2>\n<p>Para prolongar a vida \u00fatil do cilindro da ca\u00e7amba, \u00e9 essencial realizar inspe\u00e7\u00f5es regulares e implementar medidas de manuten\u00e7\u00e3o preventiva. Estas incluem:<\/p>\n<ul>\n<li>Verifica\u00e7\u00f5es peri\u00f3dicas para identificar quaisquer sinais de desgaste ou danos.<\/li>\n<li>Lubrifica\u00e7\u00e3o adequada para garantir o desempenho ideal.<\/li>\n<li>Substitui\u00e7\u00e3o da veda\u00e7\u00e3o quando necess\u00e1rio<\/li>\n<li>Verifica\u00e7\u00f5es de calibra\u00e7\u00e3o para manter a precis\u00e3o.<\/li>\n<\/ul>\n<p><img decoding=\"async\" src=\"https:\/\/www.hydraulic-cylinders.net\/wp-content\/uploads\/2025\/01\/songte-chushion-collar.webp\"><\/p>\n<h2>Considera\u00e7\u00f5es de seguran\u00e7a e fatores ambientais<\/h2>\n<p>Ao utilizar o cilindro com ca\u00e7amba, \u00e9 crucial priorizar as medidas de seguran\u00e7a para evitar acidentes e garantir um ambiente de trabalho seguro. Devem ser consideradas as precau\u00e7\u00f5es de seguran\u00e7a ao manusear cargas pesadas e operar m\u00e1quinas.<\/p>\n<h2>Solu\u00e7\u00e3o de problemas e problemas comuns<\/h2>\n<p>Problemas comuns que podem surgir com o cilindro da ca\u00e7amba incluem vazamentos, press\u00e3o insuficiente e movimentos irregulares. Para solucionar esses problemas, considere as seguintes dicas e solu\u00e7\u00f5es:<\/p>\n<ul>\n<li>Verifique se h\u00e1 componentes danificados ou desgastados.<\/li>\n<li>Garanta a lubrifica\u00e7\u00e3o adequada e os n\u00edveis de fluido hidr\u00e1ulico corretos.<\/li>\n<li>Inspecione as veda\u00e7\u00f5es e substitua-as, se necess\u00e1rio.<\/li>\n<li>Implemente medidas preventivas para minimizar poss\u00edveis problemas.<\/li>\n<\/ul>\n<p><img decoding=\"async\" src=\"https:\/\/www.hydraulic-cylinders.net\/wp-content\/uploads\/2025\/01\/songte-bushings-with-all-kinds-of-excavator-models.webp\"><\/p>\n<h2>Sobre nossa empresa<\/h2>\n<p>Somos fabricantes de cilindros hidr\u00e1ulicos de reposi\u00e7\u00e3o, oferecendo uma ampla gama de produtos. Somos um dos principais fabricantes e distribuidores atacadistas de cilindros hidr\u00e1ulicos nos mercados nacional e internacional. Com foco na excel\u00eancia em qualidade, utilizamos estrat\u00e9gias de gest\u00e3o de produ\u00e7\u00e3o industrializada em nossa moderna f\u00e1brica. Aprimoramos continuamente nossa plataforma de produ\u00e7\u00e3o, refor\u00e7amos o processo produtivo e contamos com forte capacidade de inova\u00e7\u00e3o. Nossos princ\u00edpios de alta efici\u00eancia, alta precis\u00e3o e alta qualidade nos permitem atender \u00e0s diversas necessidades de nossos clientes.<\/p>\n<p><img decoding=\"async\" src=\"https:\/\/www.hydraulic-cylinders.net\/wp-content\/uploads\/2025\/01\/songte-company-3.webp\"><\/p>\n<p>Do profissionalismo e certifica\u00e7\u00f5es internacionais aos servi\u00e7os personalizados, equipamentos de produ\u00e7\u00e3o e servi\u00e7os p\u00f3s-venda, nos destacamos em todos os aspectos da nossa empresa.<\/p>\n<p>Autor: lyl<\/p>","protected":false},"excerpt":{"rendered":"<p>Bucket Cylinder For Caterpillar Large Excavator E336D Introduction The bucket cylinder for Caterpillar large excavator E336D is a specially designed hydraulic cylinder used to control the movement of the bucket in heavy machinery such as excavators, backhoe loaders, and front-end loaders. Its main function is to enable the bucket to lift, lower, and tilt, making [&hellip;]<\/p>","protected":false},"featured_media":14782,"comment_status":"open","ping_status":"closed","template":"","meta":{"_et_pb_use_builder":"","_et_pb_old_content":"","_et_gb_content_width":""},"product_brand":[],"product_cat":[1494],"product_tag":[1495,1496],"class_list":{"0":"post-15242","1":"product","2":"type-product","3":"status-publish","4":"has-post-thumbnail","6":"product_cat-bucket-cylinders","7":"product_tag-bucket-cylinders","8":"product_tag-hydraulic-cylinders","10":"first","11":"instock","12":"shipping-taxable","13":"product-type-simple"},"amp_enabled":true,"_links":{"self":[{"href":"https:\/\/www.hydraulic-cylinders.net\/pt\/wp-json\/wp\/v2\/product\/15242","targetHints":{"allow":["GET"]}}],"collection":[{"href":"https:\/\/www.hydraulic-cylinders.net\/pt\/wp-json\/wp\/v2\/product"}],"about":[{"href":"https:\/\/www.hydraulic-cylinders.net\/pt\/wp-json\/wp\/v2\/types\/product"}],"replies":[{"embeddable":true,"href":"https:\/\/www.hydraulic-cylinders.net\/pt\/wp-json\/wp\/v2\/comments?post=15242"}],"wp:featuredmedia":[{"embeddable":true,"href":"https:\/\/www.hydraulic-cylinders.net\/pt\/wp-json\/wp\/v2\/media\/14782"}],"wp:attachment":[{"href":"https:\/\/www.hydraulic-cylinders.net\/pt\/wp-json\/wp\/v2\/media?parent=15242"}],"wp:term":[{"taxonomy":"product_brand","embeddable":true,"href":"https:\/\/www.hydraulic-cylinders.net\/pt\/wp-json\/wp\/v2\/product_brand?post=15242"},{"taxonomy":"product_cat","embeddable":true,"href":"https:\/\/www.hydraulic-cylinders.net\/pt\/wp-json\/wp\/v2\/product_cat?post=15242"},{"taxonomy":"product_tag","embeddable":true,"href":"https:\/\/www.hydraulic-cylinders.net\/pt\/wp-json\/wp\/v2\/product_tag?post=15242"}],"curies":[{"name":"wp","href":"https:\/\/api.w.org\/{rel}","templated":true}]}}