{"id":15259,"date":"2025-01-19T14:18:18","date_gmt":"2025-01-19T14:18:18","guid":{"rendered":"https:\/\/www.hydraulic-cylinders.net\/product\/bucket-cylinder-for-caterpillar-large-excavator-e390d\/"},"modified":"2025-01-19T14:18:20","modified_gmt":"2025-01-19T14:18:20","slug":"bucket-cylinder-for-caterpillar-large-excavator-e390d","status":"publish","type":"product","link":"https:\/\/www.hydraulic-cylinders.net\/pt\/produto\/bucket-cylinder-for-caterpillar-large-excavator-e390d\/","title":{"rendered":"Cilindro da ca\u00e7amba para escavadeira grande Caterpillar E390D"},"content":{"rendered":"<h1>Cilindro da ca\u00e7amba para escavadeira grande Caterpillar E390D<\/h1>\n<h2>Introdu\u00e7\u00e3o<\/h2>\n<p>O cilindro da ca\u00e7amba \u00e9 um cilindro hidr\u00e1ulico especialmente projetado para controlar o movimento da ca\u00e7amba em m\u00e1quinas pesadas, como escavadeiras, retroescavadeiras e p\u00e1s carregadeiras. Sua principal fun\u00e7\u00e3o \u00e9 permitir que a ca\u00e7amba suba, des\u00e7a e incline, tornando-a adequada para diversas tarefas de movimenta\u00e7\u00e3o de materiais. No sistema hidr\u00e1ulico, o cilindro da ca\u00e7amba controla com precis\u00e3o os movimentos da ca\u00e7amba por meio de altera\u00e7\u00f5es na press\u00e3o do \u00f3leo hidr\u00e1ulico, permitindo que os operadores manuseiem cargas pesadas com efici\u00eancia e se adaptem a ambientes de trabalho complexos e diversas exig\u00eancias da tarefa. <\/p>\n<p><img decoding=\"async\" src=\"https:\/\/www.hydraulic-cylinders.net\/wp-content\/uploads\/2025\/01\/songte-company-2.webp\"><\/p>\n<h2>Caracter\u00edsticas<\/h2>\n<ul>\n<li>\n<h3>Alta resist\u00eancia e durabilidade<\/h3>\n<p>Os cilindros de ca\u00e7amba s\u00e3o normalmente fabricados em a\u00e7o de alta resist\u00eancia ou alum\u00ednio e s\u00e3o capazes de suportar alta press\u00e3o e cargas pesadas, tornando-os adequados para ambientes de trabalho severos. S\u00e3o projetados com foco na resist\u00eancia ao desgaste e \u00e0 corros\u00e3o, prolongando sua vida \u00fatil.<\/p>\n<\/li>\n<li>\n<h3>Opera\u00e7\u00e3o hidr\u00e1ulica eficiente<\/h3>\n<p>Os cilindros da ca\u00e7amba utilizam a press\u00e3o do \u00f3leo hidr\u00e1ulico para realizar movimentos suaves de extens\u00e3o e retra\u00e7\u00e3o. Eles respondem rapidamente aos comandos de controle, fornecendo for\u00e7as de empurrar e puxar potentes, adequadas para o manuseio de cargas pesadas e tarefas complexas.<\/p>\n<\/li>\n<li>\n<h3>Tipos diversos<\/h3>\n<p>Os cilindros de ca\u00e7amba podem ser de a\u00e7\u00e3o simples (utilizando press\u00e3o hidr\u00e1ulica apenas em uma dire\u00e7\u00e3o) ou de a\u00e7\u00e3o dupla (utilizando press\u00e3o hidr\u00e1ulica em ambas as dire\u00e7\u00f5es), dependendo das necessidades operacionais. Alguns modelos s\u00e3o telesc\u00f3picos, permitindo maior extens\u00e3o sem aumentar as dimens\u00f5es externas, o que os torna adequados para aplica\u00e7\u00f5es com espa\u00e7o limitado.<\/p>\n<\/li>\n<li>\n<h3>Compat\u00edvel com diversos modelos de escavadeiras<\/h3>\n<p>Nosso produto pode substituir perfeitamente esses cilindros hidr\u00e1ulicos. <\/p>\n<\/li>\n<\/ul>\n<p><img decoding=\"async\" src=\"https:\/\/www.hydraulic-cylinders.net\/wp-content\/uploads\/2025\/01\/songte-cylinder-head-with-all-kinds-excavator-models.webp\"><\/p>\n<h2>Aplica\u00e7\u00f5es<\/h2>\n<p>Os cilindros de ca\u00e7amba s\u00e3o componentes essenciais em diversas m\u00e1quinas pesadas, incluindo, entre outras:<\/p>\n<ul>\n<li>\n<h3>Equipamentos de constru\u00e7\u00e3o<\/h3>\n<p>Em escavadeiras, s\u00e3o essenciais para escavar, carregar e movimentar solo ou entulho. Em retroescavadeiras, o cilindro da ca\u00e7amba auxilia tanto na escava\u00e7\u00e3o quanto no levantamento. <\/p>\n<\/li>\n<li>\n<h3>Maquinaria agr\u00edcola<\/h3>\n<p>Usado em carregadeiras frontais para recolher, levantar e transportar solo, feno e outros materiais. <\/p>\n<\/li>\n<li>\n<h3>Escavadeiras<\/h3>\n<p>O cilindro da ca\u00e7amba permite que ela penetre no solo e execute a\u00e7\u00f5es de escava\u00e7\u00e3o. <\/p>\n<\/li>\n<li>\n<h3>carregadeiras frontais<\/h3>\n<p>Em carregadores frontais, eles ajudam a levantar e despejar mercadorias de forma eficiente. <\/p>\n<\/li>\n<\/ul>\n<h2>Considera\u00e7\u00f5es de design e crit\u00e9rios de sele\u00e7\u00e3o<\/h2>\n<p>Os cilindros de ca\u00e7amba s\u00e3o projetados levando-se em considera\u00e7\u00e3o diversos fatores:<\/p>\n<ul>\n<li>\n<h3>Capacidade de carga<\/h3>\n<p>O cilindro da ca\u00e7amba deve ser robusto o suficiente para suportar cargas pesadas e resistir \u00e0 alta press\u00e3o.<\/p>\n<\/li>\n<li>\n<h3>Selagem<\/h3>\n<p>O cilindro deve ser devidamente vedado para evitar vazamentos de \u00f3leo e manter a press\u00e3o adequada. Deve ser equipado com materiais de veda\u00e7\u00e3o de alta qualidade, como veda\u00e7\u00f5es de pist\u00e3o e veda\u00e7\u00f5es de haste feitas de materiais resistentes ao desgaste, como poliuretano e borracha nitr\u00edlica.<\/p>\n<\/li>\n<li>\n<h3>Durabilidade<\/h3>\n<p>O cilindro deve ser suficientemente dur\u00e1vel para suportar o desgaste em ambientes agressivos, e o corpo do cilindro e as extremidades roscadas devem ser processados \u200b\u200bcom precis\u00e3o para aumentar a resist\u00eancia ao desgaste.<\/p>\n<\/li>\n<li>\n<h3>Seguran\u00e7a<\/h3>\n<p>O cilindro deve ser projetado com recursos de seguran\u00e7a, como prote\u00e7\u00e3o contra sobrecarga e v\u00e1lvulas de al\u00edvio de press\u00e3o, para evitar acidentes.<\/p>\n<\/li>\n<li>\n<h3>Manutenibilidade<\/h3>\n<p>O cilindro deve ser de f\u00e1cil manuten\u00e7\u00e3o e reparo, sendo recomend\u00e1vel o uso de pe\u00e7as de reposi\u00e7\u00e3o adequadas e servi\u00e7os de recondicionamento para prolongar sua vida \u00fatil.<\/p>\n<\/li>\n<\/ul>\n<p><img decoding=\"async\" src=\"https:\/\/www.hydraulic-cylinders.net\/wp-content\/uploads\/2025\/01\/songte-oil-pipes-and-spare-parts.webp\"><\/p>\n<h2>Veda\u00e7\u00e3o e Lubrifica\u00e7\u00e3o<\/h2>\n<p>Os cilindros de ca\u00e7amba requerem veda\u00e7\u00e3o e lubrifica\u00e7\u00e3o adequadas para garantir seu desempenho ideal. Isso inclui o uso de diversos componentes de veda\u00e7\u00e3o, como veda\u00e7\u00f5es de pist\u00e3o, veda\u00e7\u00f5es de haste e raspadores, fabricados com materiais resistentes ao desgaste. O corpo do cilindro e as extremidades roscadas devem ser processados \u200b\u200bpara aumentar a resist\u00eancia ao desgaste. Recomenda-se a lubrifica\u00e7\u00e3o regular com \u00f3leo hidr\u00e1ulico para garantir uma opera\u00e7\u00e3o suave.<\/p>\n<h2>Manuten\u00e7\u00e3o e Reparo<\/h2>\n<p>A manuten\u00e7\u00e3o e os reparos regulares s\u00e3o essenciais para manter o desempenho ideal do cilindro da ca\u00e7amba. As tarefas comuns de manuten\u00e7\u00e3o incluem inspe\u00e7\u00e3o regular, lubrifica\u00e7\u00e3o adequada, substitui\u00e7\u00e3o de veda\u00e7\u00f5es e verifica\u00e7\u00e3o da calibra\u00e7\u00e3o. Tamb\u00e9m \u00e9 vital garantir a instala\u00e7\u00e3o, lubrifica\u00e7\u00e3o e ajuste corretos para aumentar a vida \u00fatil do cilindro. <\/p>\n<p><img decoding=\"async\" src=\"https:\/\/www.hydraulic-cylinders.net\/wp-content\/uploads\/2025\/01\/songte-chushion-collar.webp\"><\/p>\n<h2>Considera\u00e7\u00f5es de seguran\u00e7a<\/h2>\n<p>Os cilindros de balde devem ser operados seguindo as medidas de seguran\u00e7a adequadas e as diretrizes de seguran\u00e7a recomendadas. A instala\u00e7\u00e3o e a opera\u00e7\u00e3o do cilindro devem ser realizadas por pessoal qualificado para evitar acidentes.<\/p>\n<h2>Diagn\u00f3stico de falhas e solu\u00e7\u00e3o de problemas<\/h2>\n<p>Problemas comuns em cilindros de ca\u00e7amba incluem vazamento de \u00f3leo, pot\u00eancia insuficiente e opera\u00e7\u00e3o lenta. M\u00e9todos eficazes de solu\u00e7\u00e3o de problemas incluem verificar o n\u00edvel do \u00f3leo hidr\u00e1ulico, inspecionar o cilindro quanto a danos ou desgaste e substituir veda\u00e7\u00f5es desgastadas ou danificadas. \u00c9 essencial seguir os procedimentos de manuten\u00e7\u00e3o recomendados para evitar que esses problemas ocorram.<\/p>\n<p><img decoding=\"async\" src=\"https:\/\/www.hydraulic-cylinders.net\/wp-content\/uploads\/2025\/01\/songte-bushings-with-all-kinds-of-excavator-models.webp\"><\/p>\n<h2>Sobre n\u00f3s<\/h2>\n<p>Somos fabricantes de cilindros hidr\u00e1ulicos de reposi\u00e7\u00e3o com uma linha completa de produtos. Tornamo-nos um dos principais fabricantes e distribuidores atacadistas de cilindros hidr\u00e1ulicos nos mercados nacional e internacional. Seguimos padr\u00f5es de excel\u00eancia em qualidade, baseados em estrat\u00e9gias de gest\u00e3o de produ\u00e7\u00e3o industrial de alta precis\u00e3o, e aprimoramos constantemente nossa plataforma de fabrica\u00e7\u00e3o, melhorando as linhas de produ\u00e7\u00e3o e a qualidade dos produtos. Possu\u00edmos uma forte capacidade criativa para atender \u00e0s diversas necessidades dos clientes com alta efici\u00eancia, alta precis\u00e3o e alta qualidade. <\/p>\n<p><img decoding=\"async\" src=\"https:\/\/hzpt.com\/wp-content\/uploads\/2024\/11\/songte-company-1.webp\"><\/p>\n<h3>Profissionalismo<\/h3>\n<p>Contamos com uma equipe de engenheiros e t\u00e9cnicos altamente qualificados que projetam e fabricam cilindros hidr\u00e1ulicos para atender aos mais altos padr\u00f5es de qualidade. <\/p>\n<h3>Certifica\u00e7\u00f5es Internacionais<\/h3>\n<p>Nossos produtos possuem certifica\u00e7\u00e3o de acordo com diversas normas internacionais, incluindo ISO, CE e SGS. <\/p>\n<h3>Servi\u00e7os de Personaliza\u00e7\u00e3o<\/h3>\n<p>Fornecemos cilindros hidr\u00e1ulicos personalizados para atender \u00e0s necessidades espec\u00edficas de cada cliente, incluindo projeto, fabrica\u00e7\u00e3o e testes. <\/p>\n<h3>Equipamentos de produ\u00e7\u00e3o<\/h3>\n<p>Utilizamos equipamentos avan\u00e7ados, incluindo centros de usinagem CNC, retificadoras de precis\u00e3o e equipamentos de teste. <\/p>\n<h3>Servi\u00e7os p\u00f3s-venda<\/h3>\n<p>Oferecemos servi\u00e7os p\u00f3s-venda completos, incluindo manuten\u00e7\u00e3o, reparo e reconstru\u00e7\u00e3o, para garantir desempenho e durabilidade ideais. <\/p>\n<p>Autor: lyl.<\/p>","protected":false},"excerpt":{"rendered":"<p>Bucket Cylinder For Caterpillar Large Excavator E390D Introduction A bucket cylinder is a specially designed hydraulic cylinder used to control the movement of the bucket in heavy machinery, such as excavators, backhoe loaders, and front-end loaders. Its primary function is to allow the bucket to lift, lower and tilt, making it suitable for various material [&hellip;]<\/p>","protected":false},"featured_media":14778,"comment_status":"open","ping_status":"closed","template":"","meta":{"_et_pb_use_builder":"","_et_pb_old_content":"","_et_gb_content_width":""},"product_brand":[],"product_cat":[1494],"product_tag":[1495,1496],"class_list":{"0":"post-15259","1":"product","2":"type-product","3":"status-publish","4":"has-post-thumbnail","6":"product_cat-bucket-cylinders","7":"product_tag-bucket-cylinders","8":"product_tag-hydraulic-cylinders","10":"first","11":"instock","12":"shipping-taxable","13":"product-type-simple"},"amp_enabled":true,"_links":{"self":[{"href":"https:\/\/www.hydraulic-cylinders.net\/pt\/wp-json\/wp\/v2\/product\/15259","targetHints":{"allow":["GET"]}}],"collection":[{"href":"https:\/\/www.hydraulic-cylinders.net\/pt\/wp-json\/wp\/v2\/product"}],"about":[{"href":"https:\/\/www.hydraulic-cylinders.net\/pt\/wp-json\/wp\/v2\/types\/product"}],"replies":[{"embeddable":true,"href":"https:\/\/www.hydraulic-cylinders.net\/pt\/wp-json\/wp\/v2\/comments?post=15259"}],"wp:featuredmedia":[{"embeddable":true,"href":"https:\/\/www.hydraulic-cylinders.net\/pt\/wp-json\/wp\/v2\/media\/14778"}],"wp:attachment":[{"href":"https:\/\/www.hydraulic-cylinders.net\/pt\/wp-json\/wp\/v2\/media?parent=15259"}],"wp:term":[{"taxonomy":"product_brand","embeddable":true,"href":"https:\/\/www.hydraulic-cylinders.net\/pt\/wp-json\/wp\/v2\/product_brand?post=15259"},{"taxonomy":"product_cat","embeddable":true,"href":"https:\/\/www.hydraulic-cylinders.net\/pt\/wp-json\/wp\/v2\/product_cat?post=15259"},{"taxonomy":"product_tag","embeddable":true,"href":"https:\/\/www.hydraulic-cylinders.net\/pt\/wp-json\/wp\/v2\/product_tag?post=15259"}],"curies":[{"name":"wp","href":"https:\/\/api.w.org\/{rel}","templated":true}]}}