{"id":15270,"date":"2025-01-19T14:19:09","date_gmt":"2025-01-19T14:19:09","guid":{"rendered":"https:\/\/www.hydraulic-cylinders.net\/product\/bucket-cylinder-for-doosan-small-excavator-dx150lc-7\/"},"modified":"2025-01-19T14:19:11","modified_gmt":"2025-01-19T14:19:11","slug":"bucket-cylinder-for-doosan-small-excavator-dx150lc-7","status":"publish","type":"product","link":"https:\/\/www.hydraulic-cylinders.net\/pt\/produto\/bucket-cylinder-for-doosan-small-excavator-dx150lc-7\/","title":{"rendered":"Cilindro da ca\u00e7amba para mini escavadeira Doosan DX150LC-7"},"content":{"rendered":"<p><!DOCTYPE html><br \/>\n<html><br \/>\n<head><br \/>\n<title>Cilindro da ca\u00e7amba para mini escavadeira Doosan DX150LC-7<\/title><br \/>\n<\/head><br \/>\n<body><\/p>\n<h1>Cilindro da ca\u00e7amba para mini escavadeira Doosan DX150LC-7<\/h1>\n<h2>Introdu\u00e7\u00e3o<\/h2>\n<p>O cilindro da ca\u00e7amba para a miniescavadeira Doosan DX150LC-7 \u00e9 um cilindro hidr\u00e1ulico especialmente projetado para controlar o movimento da ca\u00e7amba em m\u00e1quinas pesadas, como escavadeiras, retroescavadeiras e p\u00e1s carregadeiras. Sua principal fun\u00e7\u00e3o \u00e9 permitir o levantamento, abaixamento e inclina\u00e7\u00e3o da ca\u00e7amba, facilitando diversas tarefas de movimenta\u00e7\u00e3o de materiais. No sistema hidr\u00e1ulico, o cilindro da ca\u00e7amba proporciona um controle preciso da ca\u00e7amba utilizando as varia\u00e7\u00f5es de press\u00e3o do \u00f3leo hidr\u00e1ulico, permitindo que os operadores manuseiem cargas pesadas com efici\u00eancia e se adaptem a ambientes de trabalho complexos e diversas necessidades operacionais.<\/p>\n<p><img decoding=\"async\" src=\"https:\/\/www.hydraulic-cylinders.net\/wp-content\/uploads\/2025\/01\/songte-company-2.webp\" alt=\"Imagem do cilindro da ca\u00e7amba\"><\/p>\n<h2>Caracter\u00edsticas<\/h2>\n<ul>\n<li>Alta resist\u00eancia e durabilidade: Geralmente fabricado em a\u00e7o ou alum\u00ednio de alta resist\u00eancia, suporta alta press\u00e3o e cargas pesadas, adaptando-se a ambientes de trabalho severos. O design considera a resist\u00eancia ao desgaste e \u00e0 corros\u00e3o para prolongar sua vida \u00fatil.<\/li>\n<li>Opera\u00e7\u00e3o hidr\u00e1ulica eficiente: Utilizando a press\u00e3o do \u00f3leo hidr\u00e1ulico para realizar movimentos suaves de extens\u00e3o e retra\u00e7\u00e3o, o equipamento responde rapidamente aos comandos de controle, fornecendo for\u00e7as de empurrar e puxar potentes, adequadas para lidar com cargas pesadas e tarefas operacionais complexas.<\/li>\n<li>Diversos tipos: Dispon\u00edveis com cilindros de a\u00e7\u00e3o simples (sistema hidr\u00e1ulico em apenas uma dire\u00e7\u00e3o) ou de a\u00e7\u00e3o dupla (sistema hidr\u00e1ulico em ambas as dire\u00e7\u00f5es), atendendo a diferentes requisitos operacionais. Alguns modelos s\u00e3o telesc\u00f3picos, permitindo maior extens\u00e3o sem aumentar as dimens\u00f5es externas, o que os torna adequados para aplica\u00e7\u00f5es com espa\u00e7o limitado.<\/li>\n<li>Substitui\u00e7\u00e3o perfeita: Nosso produto pode substituir perfeitamente esses cilindros hidr\u00e1ulicos.<\/li>\n<\/ul>\n<p><img decoding=\"async\" src=\"https:\/\/www.hydraulic-cylinders.net\/wp-content\/uploads\/2025\/01\/songte-cylinder-head-with-all-kinds-excavator-models.webp\" alt=\"Imagem do produto\"><\/p>\n<h2>Aplica\u00e7\u00f5es<\/h2>\n<ul>\n<li>Equipamentos de constru\u00e7\u00e3o: Encontrados em escavadeiras, s\u00e3o cruciais para escavar, carregar e movimentar terra ou entulho. Em retroescavadeiras, o cilindro da ca\u00e7amba auxilia tanto na escava\u00e7\u00e3o quanto no levantamento.<\/li>\n<li>M\u00e1quinas agr\u00edcolas: usadas em carregadeiras frontais para recolher, levantar e transportar solo, feno e outros materiais.<\/li>\n<li>Escavadeiras: O cilindro da ca\u00e7amba permite a a\u00e7\u00e3o de escava\u00e7\u00e3o, permitindo que a ca\u00e7amba penetre no solo.<\/li>\n<li>Carregadeiras de rodas: Nas carregadeiras de rodas, elas auxiliam no levantamento e despejo eficiente de mercadorias.<\/li>\n<\/ul>\n<h2>Considera\u00e7\u00f5es de design e crit\u00e9rios de sele\u00e7\u00e3o<\/h2>\n<ul>\n<li>Capacidade de carga: Discuta a capacidade do cilindro de suportar cargas.<\/li>\n<li>Veda\u00e7\u00e3o: Discuta a import\u00e2ncia de uma veda\u00e7\u00e3o adequada para evitar vazamentos.<\/li>\n<li>Durabilidade: Discuta a capacidade do cilindro de resistir ao desgaste.<\/li>\n<li>Seguran\u00e7a: Discuta os recursos e considera\u00e7\u00f5es de seguran\u00e7a no projeto.<\/li>\n<li>Facilidade de manuten\u00e7\u00e3o: Discuta a facilidade de manuten\u00e7\u00e3o e reparo.<\/li>\n<\/ul>\n<p><img decoding=\"async\" src=\"https:\/\/www.hydraulic-cylinders.net\/wp-content\/uploads\/2025\/01\/songte-oil-pipes-and-spare-parts.webp\" alt=\"Pe\u00e7as de cilindro hidr\u00e1ulico\"><\/p>\n<h2>Veda\u00e7\u00e3o e Lubrifica\u00e7\u00e3o<\/h2>\n<p>O cilindro da ca\u00e7amba utiliza diversas veda\u00e7\u00f5es, como veda\u00e7\u00f5es de pist\u00e3o e veda\u00e7\u00f5es de haste, feitas de materiais resistentes ao desgaste, como poliuretano e borracha nitr\u00edlica. O corpo do cilindro e as superf\u00edcies roscadas das extremidades passam por um tratamento fino para aumentar a resist\u00eancia ao desgaste. A lubrifica\u00e7\u00e3o regular com \u00f3leo hidr\u00e1ulico \u00e9 necess\u00e1ria para garantir o bom funcionamento.<\/p>\n<h2>Inspe\u00e7\u00e3o regular e manuten\u00e7\u00e3o preventiva<\/h2>\n<ul>\n<li>Inspecione regularmente o cilindro para verificar se h\u00e1 sinais de desgaste ou danos.<\/li>\n<li>Garanta a lubrifica\u00e7\u00e3o adequada de todas as pe\u00e7as m\u00f3veis.<\/li>\n<li>Substitua as veda\u00e7\u00f5es periodicamente para manter o desempenho ideal.<\/li>\n<li>Realize verifica\u00e7\u00f5es de calibra\u00e7\u00e3o para garantir o funcionamento correto.<\/li>\n<\/ul>\n<h2>Guia de instala\u00e7\u00e3o do produto<\/h2>\n<p>Siga estes passos para a instala\u00e7\u00e3o correta do cilindro da ca\u00e7amba:<\/p>\n<ol>\n<li>Alinhe o cilindro corretamente de acordo com as instru\u00e7\u00f5es fornecidas.<\/li>\n<li>Utilize suportes de instala\u00e7\u00e3o adequados para fixar o cilindro.<\/li>\n<li>Consulte os procedimentos recomendados de inspe\u00e7\u00e3o, reparo e substitui\u00e7\u00e3o.<\/li>\n<li>Forne\u00e7a dicas para prolongar a vida \u00fatil do cilindro.<\/li>\n<\/ol>\n<p><img decoding=\"async\" src=\"https:\/\/www.hydraulic-cylinders.net\/wp-content\/uploads\/2025\/01\/songte-chushion-collar.webp\" alt=\"Instala\u00e7\u00e3o do cilindro\"><\/p>\n<h2>Considera\u00e7\u00f5es de seguran\u00e7a e fatores ambientais<\/h2>\n<p>Discuta a import\u00e2ncia das medidas de seguran\u00e7a ao usar o cilindro com ca\u00e7amba e como isso contribui para um ambiente de trabalho mais seguro.<\/p>\n<h2>Solu\u00e7\u00e3o de problemas e problemas comuns<\/h2>\n<p>Discuta problemas comuns que podem surgir e forne\u00e7a dicas e solu\u00e7\u00f5es para ajudar os leitores a diagnosticar e resolver problemas com efic\u00e1cia. Inclua medidas preventivas para minimizar poss\u00edveis problemas.<\/p>\n<p><img decoding=\"async\" src=\"https:\/\/www.hydraulic-cylinders.net\/wp-content\/uploads\/2025\/01\/songte-bushings-with-all-kinds-of-excavator-models.webp\" alt=\"Problemas comuns\"><\/p>\n<h2>Nossa empresa<\/h2>\n<p>Somos um dos principais fabricantes e distribuidores atacadistas de cilindros hidr\u00e1ulicos de reposi\u00e7\u00e3o nos mercados nacional e internacional. Nossa empresa oferece uma ampla gama de produtos e segue uma estrat\u00e9gia de gest\u00e3o de produ\u00e7\u00e3o baseada na excel\u00eancia da qualidade. Com nossa expertise t\u00e9cnica, equipamentos de fabrica\u00e7\u00e3o de \u00faltima gera\u00e7\u00e3o e sistemas de teste profissionais, aprimoramos continuamente nossa plataforma de produ\u00e7\u00e3o e garantimos a fabrica\u00e7\u00e3o de produtos de alta efici\u00eancia, precis\u00e3o e qualidade para atender \u00e0s diversas necessidades de nossos clientes.<\/p>\n<p><img decoding=\"async\" src=\"https:\/\/www.hydraulic-cylinders.net\/wp-content\/uploads\/2025\/01\/songte-company-3.webp\" alt=\"Imagem da empresa\"><\/p>\n<h3>Profissionalismo:<\/h3>\n<p>Explique o profissionalismo da empresa na entrega de produtos e servi\u00e7os de qualidade.<\/p>\n<h3>Certifica\u00e7\u00f5es Internacionais:<\/h3>\n<p>Destaque quaisquer certifica\u00e7\u00f5es internacionais relevantes obtidas pela empresa.<\/p>\n<h3>Servi\u00e7os de personaliza\u00e7\u00e3o:<\/h3>\n<p>Discuta a capacidade da empresa de fornecer servi\u00e7os personalizados.<\/p>\n<h3>Equipamentos de produ\u00e7\u00e3o:<\/h3>\n<p>Descreva os equipamentos de produ\u00e7\u00e3o avan\u00e7ados utilizados pela empresa.<\/p>\n<h3>Servi\u00e7o p\u00f3s-venda:<\/h3>\n<p>Destaque o compromisso da empresa com um excelente servi\u00e7o p\u00f3s-venda.<\/p>\n<p><img decoding=\"async\" src=\"https:\/\/hzpt.com\/wp-content\/uploads\/2024\/11\/songte-company-1.webp\" alt=\"Imagem da empresa\"><\/p>\n<p>Autor: lyl<\/p>\n<p><\/body><br \/>\n<\/html><\/p>","protected":false},"excerpt":{"rendered":"<p>Bucket Cylinder For Doosan Small Excavator DX150LC-7 Bucket Cylinder For Doosan Small Excavator DX150LC-7 Introduction The bucket cylinder for Doosan small excavator DX150LC-7 is a specially designed hydraulic cylinder used to control the movement of the bucket in heavy machinery such as excavators, backhoe loaders, and wheel loaders. Its main function is to enable the [&hellip;]<\/p>","protected":false},"featured_media":14785,"comment_status":"open","ping_status":"closed","template":"","meta":{"_et_pb_use_builder":"","_et_pb_old_content":"","_et_gb_content_width":""},"product_brand":[],"product_cat":[1494],"product_tag":[1495,1496],"class_list":{"0":"post-15270","1":"product","2":"type-product","3":"status-publish","4":"has-post-thumbnail","6":"product_cat-bucket-cylinders","7":"product_tag-bucket-cylinders","8":"product_tag-hydraulic-cylinders","10":"first","11":"instock","12":"shipping-taxable","13":"product-type-simple"},"amp_enabled":true,"_links":{"self":[{"href":"https:\/\/www.hydraulic-cylinders.net\/pt\/wp-json\/wp\/v2\/product\/15270","targetHints":{"allow":["GET"]}}],"collection":[{"href":"https:\/\/www.hydraulic-cylinders.net\/pt\/wp-json\/wp\/v2\/product"}],"about":[{"href":"https:\/\/www.hydraulic-cylinders.net\/pt\/wp-json\/wp\/v2\/types\/product"}],"replies":[{"embeddable":true,"href":"https:\/\/www.hydraulic-cylinders.net\/pt\/wp-json\/wp\/v2\/comments?post=15270"}],"wp:featuredmedia":[{"embeddable":true,"href":"https:\/\/www.hydraulic-cylinders.net\/pt\/wp-json\/wp\/v2\/media\/14785"}],"wp:attachment":[{"href":"https:\/\/www.hydraulic-cylinders.net\/pt\/wp-json\/wp\/v2\/media?parent=15270"}],"wp:term":[{"taxonomy":"product_brand","embeddable":true,"href":"https:\/\/www.hydraulic-cylinders.net\/pt\/wp-json\/wp\/v2\/product_brand?post=15270"},{"taxonomy":"product_cat","embeddable":true,"href":"https:\/\/www.hydraulic-cylinders.net\/pt\/wp-json\/wp\/v2\/product_cat?post=15270"},{"taxonomy":"product_tag","embeddable":true,"href":"https:\/\/www.hydraulic-cylinders.net\/pt\/wp-json\/wp\/v2\/product_tag?post=15270"}],"curies":[{"name":"wp","href":"https:\/\/api.w.org\/{rel}","templated":true}]}}