{"id":15274,"date":"2025-01-19T14:19:27","date_gmt":"2025-01-19T14:19:27","guid":{"rendered":"https:\/\/www.hydraulic-cylinders.net\/product\/bucket-cylinder-for-doosan-small-excavator-dx120\/"},"modified":"2025-01-19T14:19:30","modified_gmt":"2025-01-19T14:19:30","slug":"bucket-cylinder-for-doosan-small-excavator-dx120","status":"publish","type":"product","link":"https:\/\/www.hydraulic-cylinders.net\/pt\/produto\/bucket-cylinder-for-doosan-small-excavator-dx120\/","title":{"rendered":"Cilindro da ca\u00e7amba para mini escavadeira Doosan DX120"},"content":{"rendered":"<p><!DOCTYPE html><br \/>\n<html><br \/>\n<head><br \/>\n\t<title>Cilindro da ca\u00e7amba para mini escavadeira Doosan DX120<\/title><br \/>\n<\/head><br \/>\n<body><\/p>\n<h1>Cilindro da ca\u00e7amba para mini escavadeira Doosan DX120<\/h1>\n<h2>Introdu\u00e7\u00e3o<\/h2>\n<p>O cilindro da ca\u00e7amba \u00e9 um cilindro hidr\u00e1ulico especialmente projetado para controlar o movimento da ca\u00e7amba em m\u00e1quinas pesadas, como escavadeiras, retroescavadeiras e p\u00e1s carregadeiras. Sua principal fun\u00e7\u00e3o \u00e9 permitir que a ca\u00e7amba suba, des\u00e7a e incline, facilitando o manuseio de diversos materiais. No sistema hidr\u00e1ulico, o cilindro da ca\u00e7amba proporciona um controle preciso da ca\u00e7amba por meio da varia\u00e7\u00e3o da press\u00e3o do \u00f3leo hidr\u00e1ulico, permitindo que os operadores manuseiem cargas pesadas com efici\u00eancia e se adaptem a ambientes de trabalho complexos e diversas necessidades operacionais.<\/p>\n<p>\t<img decoding=\"async\" src=\"https:\/\/www.hydraulic-cylinders.net\/wp-content\/uploads\/2025\/01\/songte-company-2.webp\" alt=\"Imagem de exemplo de cilindro de balde\"><\/p>\n<h2>Caracter\u00edsticas<\/h2>\n<ul>\n<li>Alta resist\u00eancia e durabilidade: Normalmente fabricado em a\u00e7o ou alum\u00ednio de alta resist\u00eancia, capaz de suportar alta press\u00e3o e cargas pesadas, adaptando-se a ambientes de trabalho severos, com considera\u00e7\u00f5es sobre resist\u00eancia ao desgaste e \u00e0 corros\u00e3o para prolongar a vida \u00fatil do produto.<\/li>\n<li>Opera\u00e7\u00e3o hidr\u00e1ulica eficiente: Utilizando a press\u00e3o do \u00f3leo hidr\u00e1ulico para obter movimentos suaves de extens\u00e3o e retra\u00e7\u00e3o, capaz de responder rapidamente aos comandos de controle, proporcionando for\u00e7as de empurrar e puxar potentes, adequadas para lidar com cargas pesadas e tarefas operacionais complexas.<\/li>\n<li>Diversos tipos: Cilindros de a\u00e7\u00e3o simples (for\u00e7a hidr\u00e1ulica em apenas uma dire\u00e7\u00e3o) ou de a\u00e7\u00e3o dupla (for\u00e7a hidr\u00e1ulica em ambas as dire\u00e7\u00f5es) podem ser escolhidos de acordo com as necessidades, sendo que alguns modelos s\u00e3o telesc\u00f3picos, permitindo maior extens\u00e3o sem aumentar as dimens\u00f5es externas, adequados para aplica\u00e7\u00f5es com espa\u00e7o limitado.<\/li>\n<li>Substitui\u00e7\u00e3o perfeita: Nossos cilindros podem substituir perfeitamente os cilindros hidr\u00e1ulicos existentes, oferecendo uma alternativa confi\u00e1vel.<\/li>\n<\/ul>\n<p>\t<img decoding=\"async\" src=\"https:\/\/www.hydraulic-cylinders.net\/wp-content\/uploads\/2025\/01\/songte-cylinder-head-with-all-kinds-excavator-models.webp\" alt=\"Imagem de exemplo do produto\"><\/p>\n<h2>Aplica\u00e7\u00f5es<\/h2>\n<ul>\n<li>M\u00e1quinas de constru\u00e7\u00e3o: Encontradas em escavadeiras, onde s\u00e3o cruciais para escavar, carregar e movimentar solo ou entulho. Em retroescavadeiras, os cilindros da ca\u00e7amba auxiliam tanto na escava\u00e7\u00e3o quanto no levantamento.<\/li>\n<li>M\u00e1quinas agr\u00edcolas: usadas em carregadeiras frontais para recolher, levantar e transportar solo, feno e outros materiais.<\/li>\n<li>Escavadeiras: O cilindro da ca\u00e7amba permite a\u00e7\u00f5es de escava\u00e7\u00e3o permitindo que a ca\u00e7amba penetre no solo.<\/li>\n<li>Carregadores: Em carregadores frontais, eles auxiliam no levantamento e inclina\u00e7\u00e3o eficientes de mercadorias.<\/li>\n<\/ul>\n<h2>Considera\u00e7\u00f5es de design e crit\u00e9rios de sele\u00e7\u00e3o<\/h2>\n<ul>\n<li>Capacidade de carga: An\u00e1lise da capacidade do cilindro de suportar cargas.<\/li>\n<li>Veda\u00e7\u00e3o: Destaca-se a import\u00e2ncia de v\u00e1rios componentes de veda\u00e7\u00e3o, como veda\u00e7\u00f5es de pist\u00e3o e veda\u00e7\u00f5es de haste, fabricados com materiais resistentes ao desgaste, como poliuretano e borracha nitr\u00edlica, com o corpo do cilindro e as extremidades roscadas finamente processadas para aumentar a resist\u00eancia ao desgaste.<\/li>\n<\/ul>\n<p>\t<img decoding=\"async\" src=\"https:\/\/www.hydraulic-cylinders.net\/wp-content\/uploads\/2025\/01\/songte-oil-pipes-and-spare-parts.webp\" alt=\"Imagem de exemplo de design\"><\/p>\n<h2>Veda\u00e7\u00e3o e Lubrifica\u00e7\u00e3o<\/h2>\n<p>S\u00e3o utilizados diversos componentes de veda\u00e7\u00e3o, como veda\u00e7\u00f5es de pist\u00e3o e veda\u00e7\u00f5es de haste. Essas veda\u00e7\u00f5es s\u00e3o fabricadas com materiais como poliuretano e borracha nitr\u00edlica para garantir durabilidade. O corpo do cilindro e as extremidades roscadas passam por um processo de usinagem de precis\u00e3o para aumentar a resist\u00eancia ao desgaste. A lubrifica\u00e7\u00e3o regular com a quantidade adequada de \u00f3leo hidr\u00e1ulico \u00e9 necess\u00e1ria para manter o funcionamento ideal.<\/p>\n<h2>Manuten\u00e7\u00e3o e Medidas Preventivas<\/h2>\n<ul>\n<li>Inspe\u00e7\u00f5es regulares: Verifica\u00e7\u00e3o de quaisquer sinais de desgaste ou danos.<\/li>\n<li>Lubrifica\u00e7\u00e3o adequada: Garantir que o cilindro esteja devidamente lubrificado.<\/li>\n<li>Substitui\u00e7\u00e3o de veda\u00e7\u00f5es: Substituir as veda\u00e7\u00f5es conforme necess\u00e1rio para manter a funcionalidade de veda\u00e7\u00e3o adequada.<\/li>\n<li>Verifica\u00e7\u00f5es de Calibra\u00e7\u00e3o: Verifica\u00e7\u00e3o da calibra\u00e7\u00e3o do cilindro para um desempenho preciso.<\/li>\n<\/ul>\n<p>\t<img decoding=\"async\" src=\"https:\/\/www.hydraulic-cylinders.net\/wp-content\/uploads\/2025\/01\/songte-chushion-collar.webp\" alt=\"Exemplo de imagem de manuten\u00e7\u00e3o\"><\/p>\n<h2>Considera\u00e7\u00f5es de seguran\u00e7a e fatores ambientais<\/h2>\n<p>Destacando a import\u00e2ncia das medidas de seguran\u00e7a na utiliza\u00e7\u00e3o de cilindros hidr\u00e1ulicos e seu impacto no meio ambiente.<\/p>\n<h2>Solu\u00e7\u00e3o de problemas e problemas comuns<\/h2>\n<ul>\n<li>Diagn\u00f3stico de falhas e resolu\u00e7\u00e3o de problemas comuns.<\/li>\n<\/ul>\n<p>\t<img decoding=\"async\" src=\"https:\/\/www.hydraulic-cylinders.net\/wp-content\/uploads\/2025\/01\/songte-bushings-with-all-kinds-of-excavator-models.webp\" alt=\"Imagem de exemplo para resolu\u00e7\u00e3o de problemas\"><\/p>\n<h2>Dicas e solu\u00e7\u00f5es de manuten\u00e7\u00e3o<\/h2>\n<p>Oferecendo dicas e solu\u00e7\u00f5es para diagn\u00f3stico e resolu\u00e7\u00e3o de problemas eficazes, juntamente com medidas preventivas para minimizar poss\u00edveis problemas.<\/p>\n<h2>Guia de instala\u00e7\u00e3o<\/h2>\n<p>Fornece instru\u00e7\u00f5es passo a passo para a instala\u00e7\u00e3o correta do cilindro da ca\u00e7amba.<\/p>\n<h2>Tarefas regulares de manuten\u00e7\u00e3o<\/h2>\n<ul>\n<li>Inspe\u00e7\u00f5es regulares<\/li>\n<li>Lubrifica\u00e7\u00e3o adequada<\/li>\n<li>Substitui\u00e7\u00e3o de veda\u00e7\u00f5es<\/li>\n<\/ul>\n<p>\t<img decoding=\"async\" src=\"https:\/\/www.hydraulic-cylinders.net\/wp-content\/uploads\/2025\/01\/songte-company-1.webp\" alt=\"Exemplo de imagem para tarefas de manuten\u00e7\u00e3o\"><\/p>\n<h2>Introdu\u00e7\u00e3o \u00e0 empresa<\/h2>\n<p>Somos fabricantes de cilindros hidr\u00e1ulicos de reposi\u00e7\u00e3o, oferecendo uma ampla gama de produtos. Tornamo-nos um dos principais fabricantes e distribuidores atacadistas de cilindros hidr\u00e1ulicos nos mercados nacional e internacional. Comprometidos com a excel\u00eancia, nossa estrat\u00e9gia de gest\u00e3o de produ\u00e7\u00e3o industrializada se baseia em t\u00e9cnicos qualificados, equipamentos de fabrica\u00e7\u00e3o avan\u00e7ados e sistemas de teste profissionais. Aprimoramos continuamente nossa plataforma de fabrica\u00e7\u00e3o e o processo de produ\u00e7\u00e3o com foco na qualidade dos produtos, fornecendo aos nossos clientes solu\u00e7\u00f5es eficientes, precisas e de alta qualidade para atender \u00e0s suas diversas necessidades.<\/p>\n<p>\t<img decoding=\"async\" src=\"https:\/\/www.hydraulic-cylinders.net\/wp-content\/uploads\/2025\/01\/songte-company-3.webp\" alt=\"Exemplo de imagem da empresa\"><\/p>\n<h2>Sobre nossa empresa<\/h2>\n<ul>\n<li>Profissionalismo<\/li>\n<li>Certifica\u00e7\u00f5es Internacionais<\/li>\n<li>Servi\u00e7os de Personaliza\u00e7\u00e3o<\/li>\n<li>Equipamentos de produ\u00e7\u00e3o<\/li>\n<li>Servi\u00e7o p\u00f3s-venda<\/li>\n<\/ul>\n<p>Autor: lyl<\/p>\n<p><\/body><br \/>\n<\/html><\/p>","protected":false},"excerpt":{"rendered":"<p>Bucket Cylinder For Doosan Small Excavator DX120 Bucket Cylinder For Doosan Small Excavator DX120 Introduction The bucket cylinder is a specially designed hydraulic cylinder used to control the movement of the bucket in heavy machinery such as excavators, backhoe loaders, and front-end loaders. Its main function is to enable the bucket to lift, lower, and [&hellip;]<\/p>","protected":false},"featured_media":14778,"comment_status":"open","ping_status":"closed","template":"","meta":{"_et_pb_use_builder":"","_et_pb_old_content":"","_et_gb_content_width":""},"product_brand":[],"product_cat":[1494],"product_tag":[1495,1496],"class_list":{"0":"post-15274","1":"product","2":"type-product","3":"status-publish","4":"has-post-thumbnail","6":"product_cat-bucket-cylinders","7":"product_tag-bucket-cylinders","8":"product_tag-hydraulic-cylinders","10":"first","11":"instock","12":"shipping-taxable","13":"product-type-simple"},"amp_enabled":true,"_links":{"self":[{"href":"https:\/\/www.hydraulic-cylinders.net\/pt\/wp-json\/wp\/v2\/product\/15274","targetHints":{"allow":["GET"]}}],"collection":[{"href":"https:\/\/www.hydraulic-cylinders.net\/pt\/wp-json\/wp\/v2\/product"}],"about":[{"href":"https:\/\/www.hydraulic-cylinders.net\/pt\/wp-json\/wp\/v2\/types\/product"}],"replies":[{"embeddable":true,"href":"https:\/\/www.hydraulic-cylinders.net\/pt\/wp-json\/wp\/v2\/comments?post=15274"}],"wp:featuredmedia":[{"embeddable":true,"href":"https:\/\/www.hydraulic-cylinders.net\/pt\/wp-json\/wp\/v2\/media\/14778"}],"wp:attachment":[{"href":"https:\/\/www.hydraulic-cylinders.net\/pt\/wp-json\/wp\/v2\/media?parent=15274"}],"wp:term":[{"taxonomy":"product_brand","embeddable":true,"href":"https:\/\/www.hydraulic-cylinders.net\/pt\/wp-json\/wp\/v2\/product_brand?post=15274"},{"taxonomy":"product_cat","embeddable":true,"href":"https:\/\/www.hydraulic-cylinders.net\/pt\/wp-json\/wp\/v2\/product_cat?post=15274"},{"taxonomy":"product_tag","embeddable":true,"href":"https:\/\/www.hydraulic-cylinders.net\/pt\/wp-json\/wp\/v2\/product_tag?post=15274"}],"curies":[{"name":"wp","href":"https:\/\/api.w.org\/{rel}","templated":true}]}}