{"id":15277,"date":"2025-01-19T14:19:39","date_gmt":"2025-01-19T14:19:39","guid":{"rendered":"https:\/\/www.hydraulic-cylinders.net\/product\/bucket-cylinder-for-doosan-middle-excavator-dh215-9e\/"},"modified":"2025-01-19T14:19:41","modified_gmt":"2025-01-19T14:19:41","slug":"bucket-cylinder-for-doosan-middle-excavator-dh215-9e","status":"publish","type":"product","link":"https:\/\/www.hydraulic-cylinders.net\/pt\/produto\/bucket-cylinder-for-doosan-middle-excavator-dh215-9e\/","title":{"rendered":"Cilindro da ca\u00e7amba para escavadeira m\u00e9dia Doosan DH215-9E"},"content":{"rendered":"<h1>Cilindro da ca\u00e7amba para escavadeira m\u00e9dia Doosan DH215-9E<\/h1>\n<h2>Introdu\u00e7\u00e3o<\/h2>\n<p>O cilindro da ca\u00e7amba \u00e9 um cilindro hidr\u00e1ulico especialmente projetado para controlar o movimento da ca\u00e7amba em m\u00e1quinas pesadas, como escavadeiras, retroescavadeiras e p\u00e1s carregadeiras. Sua principal fun\u00e7\u00e3o \u00e9 permitir o levantamento, abaixamento e inclina\u00e7\u00e3o da ca\u00e7amba, facilitando o manuseio de diversos materiais. Em um sistema hidr\u00e1ulico, o cilindro da ca\u00e7amba utiliza as varia\u00e7\u00f5es de press\u00e3o do \u00f3leo hidr\u00e1ulico para obter um controle preciso da ca\u00e7amba, permitindo que os operadores manuseiem cargas pesadas com efici\u00eancia e se adaptem a ambientes de trabalho complexos e diversas exig\u00eancias da tarefa.<\/p>\n<p><img decoding=\"async\" src=\"https:\/\/www.hydraulic-cylinders.net\/wp-content\/uploads\/2025\/01\/songte-company-2.webp\" alt=\"Imagem do cilindro da ca\u00e7amba\"><\/p>\n<h2>Caracter\u00edsticas<\/h2>\n<ul>\n<li>Alta resist\u00eancia e durabilidade: Normalmente fabricado em a\u00e7o ou alum\u00ednio de alta resist\u00eancia, o cilindro da ca\u00e7amba suporta alta press\u00e3o e cargas pesadas, adaptando-se a condi\u00e7\u00f5es de trabalho severas. Seu design considera a resist\u00eancia ao desgaste e \u00e0 corros\u00e3o para prolongar sua vida \u00fatil.<\/li>\n<li>Opera\u00e7\u00e3o hidr\u00e1ulica eficiente: Utilizando a press\u00e3o do \u00f3leo hidr\u00e1ulico, o cilindro da ca\u00e7amba realiza movimentos suaves de extens\u00e3o e retra\u00e7\u00e3o, permitindo uma resposta r\u00e1pida aos comandos de controle e fornecendo for\u00e7as de empurrar e puxar potentes, adequadas para o manuseio de cargas pesadas e tarefas complexas.<\/li>\n<li>Diversos tipos: Os cilindros de ca\u00e7amba podem ser de a\u00e7\u00e3o simples (hidr\u00e1ulicos apenas em uma dire\u00e7\u00e3o) ou de a\u00e7\u00e3o dupla (hidr\u00e1ulicos em ambas as dire\u00e7\u00f5es) para atender a diferentes necessidades operacionais. Alguns modelos s\u00e3o telesc\u00f3picos, permitindo maior extens\u00e3o sem aumentar as dimens\u00f5es externas, o que os torna adequados para aplica\u00e7\u00f5es com espa\u00e7o limitado.<\/li>\n<li>Substitui\u00e7\u00e3o perfeita: Nosso cilindro para ca\u00e7amba pode substituir esses cilindros hidr\u00e1ulicos sem problemas.<\/li>\n<\/ul>\n<p><img decoding=\"async\" src=\"https:\/\/www.hydraulic-cylinders.net\/wp-content\/uploads\/2025\/01\/songte-cylinder-head-with-all-kinds-excavator-models.webp\" alt=\"Imagem da cabe\u00e7a do cilindro\"><\/p>\n<h2>Aplica\u00e7\u00f5es<\/h2>\n<p>O cilindro de ca\u00e7amba encontra sua aplica\u00e7\u00e3o em diversos equipamentos:<\/p>\n<ul>\n<li>Equipamentos de constru\u00e7\u00e3o: Encontrados em escavadeiras, s\u00e3o cruciais para escavar, carregar e movimentar terra ou entulho. Em retroescavadeiras, o cilindro da ca\u00e7amba auxilia tanto na escava\u00e7\u00e3o quanto no levantamento.<\/li>\n<li>M\u00e1quinas agr\u00edcolas: usadas em carregadeiras frontais para recolher, levantar e transportar solo, feno e outros materiais.<\/li>\n<li>Escavadeiras: O cilindro da ca\u00e7amba possibilita a a\u00e7\u00e3o de escava\u00e7\u00e3o, permitindo que a ca\u00e7amba penetre no solo.<\/li>\n<li>Carregadeiras: Nas carregadeiras frontais, elas auxiliam no levantamento e despejo eficiente de mercadorias.<\/li>\n<\/ul>\n<h2>Considera\u00e7\u00f5es de design e crit\u00e9rios de sele\u00e7\u00e3o<\/h2>\n<p>Ao projetar cilindros de ca\u00e7amba, diversos fatores s\u00e3o levados em considera\u00e7\u00e3o:<\/p>\n<ul>\n<li>Capacidade de carga: O cilindro deve ser capaz de suportar as cargas e press\u00f5es previstas.<\/li>\n<li>Veda\u00e7\u00e3o: S\u00e3o utilizadas diversas veda\u00e7\u00f5es, como veda\u00e7\u00f5es de pist\u00e3o e veda\u00e7\u00f5es de haste, feitas de materiais resistentes ao desgaste, como poliuretano e borracha nitr\u00edlica. O corpo do cilindro e as extremidades roscadas passam por um tratamento fino para aumentar a resist\u00eancia ao desgaste.<\/li>\n<li>Durabilidade: O cilindro da ca\u00e7amba foi projetado para garantir longa vida \u00fatil mesmo em condi\u00e7\u00f5es exigentes.<\/li>\n<li>Seguran\u00e7a: Recursos de seguran\u00e7a s\u00e3o incorporados para prevenir acidentes e garantir o bem-estar do operador.<\/li>\n<li>Facilidade de manuten\u00e7\u00e3o: Leva-se em considera\u00e7\u00e3o a facilidade de manuten\u00e7\u00e3o e reparo.<\/li>\n<\/ul>\n<p><img decoding=\"async\" src=\"https:\/\/www.hydraulic-cylinders.net\/wp-content\/uploads\/2025\/01\/songte-oil-pipes-and-spare-parts.webp\" alt=\"Imagem de tubos de petr\u00f3leo\"><\/p>\n<h2>Veda\u00e7\u00e3o e Lubrifica\u00e7\u00e3o<\/h2>\n<p>O cilindro da ca\u00e7amba utiliza diversos tipos de veda\u00e7\u00f5es, como veda\u00e7\u00f5es de pist\u00e3o e veda\u00e7\u00f5es de haste. Essas veda\u00e7\u00f5es s\u00e3o fabricadas com materiais resistentes ao desgaste, como poliuretano e borracha nitr\u00edlica. O corpo do cilindro e as extremidades roscadas recebem um tratamento de precis\u00e3o para melhorar a resist\u00eancia ao desgaste. A lubrifica\u00e7\u00e3o regular com a quantidade adequada de \u00f3leo hidr\u00e1ulico \u00e9 essencial para garantir o bom funcionamento.<\/p>\n<h2>Inspe\u00e7\u00e3o regular e manuten\u00e7\u00e3o preventiva<\/h2>\n<p>Para manter o desempenho ideal do cilindro da ca\u00e7amba, recomenda-se inspe\u00e7\u00e3o regular e manuten\u00e7\u00e3o preventiva:<\/p>\n<ul>\n<li>Inspecione para verificar se h\u00e1 sinais de desgaste, vazamento ou danos.<\/li>\n<li>Assegure-se de que a lubrifica\u00e7\u00e3o esteja adequada.<\/li>\n<li>Substitua as veda\u00e7\u00f5es regularmente para manter sua efic\u00e1cia.<\/li>\n<li>Realize verifica\u00e7\u00f5es de calibra\u00e7\u00e3o para garantir o funcionamento correto.<\/li>\n<\/ul>\n<p><img decoding=\"async\" src=\"https:\/\/www.hydraulic-cylinders.net\/wp-content\/uploads\/2025\/01\/songte-chushion-collar.webp\" alt=\"Imagem de gola chushion\"><\/p>\n<h2>Considera\u00e7\u00f5es de seguran\u00e7a e fatores ambientais<\/h2>\n<p>Ao utilizar o cilindro de balde, \u00e9 crucial seguir as medidas de seguran\u00e7a para evitar acidentes. Os dispositivos de seguran\u00e7a devem ser instalados corretamente e mantidos em bom estado. Fatores ambientais como temperatura e umidade tamb\u00e9m devem ser levados em considera\u00e7\u00e3o para garantir o desempenho ideal.<\/p>\n<h2>Diagn\u00f3stico de falhas e problemas comuns<\/h2>\n<p>Problemas comuns que podem surgir com o cilindro do balde incluem vazamentos, press\u00e3o insuficiente e ru\u00eddo anormal. Para solucionar esses problemas:<\/p>\n<ul>\n<li>Verifique se h\u00e1 vazamentos vis\u00edveis e repare-os imediatamente.<\/li>\n<li>Certifique-se de que o sistema hidr\u00e1ulico tenha press\u00e3o suficiente.<\/li>\n<li>Investigue e resolva qualquer ru\u00eddo anormal inspecionando o cilindro e seus componentes.<\/li>\n<\/ul>\n<p><img decoding=\"async\" src=\"https:\/\/www.hydraulic-cylinders.net\/wp-content\/uploads\/2025\/01\/songte-bushings-with-all-kinds-of-excavator-models.webp\" alt=\"Imagem de buchas\"><\/p>\n<p>Tarefas regulares de manuten\u00e7\u00e3o, como instala\u00e7\u00e3o correta, lubrifica\u00e7\u00e3o adequada e verifica\u00e7\u00f5es de calibra\u00e7\u00e3o, s\u00e3o essenciais para garantir a longevidade e o desempenho ideal do cilindro da ca\u00e7amba. \u00c9 crucial fornecer orienta\u00e7\u00f5es para o alinhamento correto durante a instala\u00e7\u00e3o e recomendar o uso de suportes de montagem adequados para fixar o cilindro. Os procedimentos recomendados de inspe\u00e7\u00e3o, reparo e substitui\u00e7\u00e3o, bem como dicas para aumentar a vida \u00fatil do cilindro da ca\u00e7amba, devem ser seguidos.<\/p>\n<h2>Sobre nossa empresa<\/h2>\n<p>Somos um dos principais fabricantes e distribuidores atacadistas de cilindros hidr\u00e1ulicos nos mercados nacional e internacional. Nossa extensa linha de produtos e compromisso com a excel\u00eancia nos tornam um dos principais fabricantes de cilindros hidr\u00e1ulicos do setor. Aderimos aos princ\u00edpios da qualidade superior e utilizamos estrat\u00e9gias de gest\u00e3o de produ\u00e7\u00e3o industrial em nossa oficina de fabrica\u00e7\u00e3o finamente equipada. Com nossa expertise t\u00e9cnica, equipamentos de fabrica\u00e7\u00e3o de \u00faltima gera\u00e7\u00e3o e sistemas de teste profissionais, aprimoramos continuamente nossa plataforma de produ\u00e7\u00e3o, elevamos a qualidade dos produtos e temos uma forte capacidade de atender \u00e0s diversas necessidades dos clientes em termos de efici\u00eancia, precis\u00e3o e altos padr\u00f5es de qualidade.<\/p>\n<p><img decoding=\"async\" src=\"https:\/\/www.hydraulic-cylinders.net\/wp-content\/uploads\/2025\/01\/songte-company-3.webp\" alt=\"Imagem da empresa\"><\/p>\n<p>Al\u00e9m do nosso profissionalismo, certifica\u00e7\u00f5es internacionais e servi\u00e7os personalizados, nossa empresa orgulha-se de possuir equipamentos de produ\u00e7\u00e3o avan\u00e7ados e um excelente servi\u00e7o p\u00f3s-venda.<\/p>\n<p><img decoding=\"async\" src=\"https:\/\/hzpt.com\/wp-content\/uploads\/2024\/11\/songte-company-1.webp\" alt=\"Imagem da empresa\"><\/p>\n<p>Autor: lyl<\/p>","protected":false},"excerpt":{"rendered":"<p>Bucket Cylinder For Doosan Middle Excavator DH215-9E Introduction A bucket cylinder is a specially designed hydraulic cylinder used to control the movement of the bucket in heavy machinery such as excavators, backhoe loaders, and front-end loaders. Its main function is to enable the lifting, lowering, and tilting of the bucket, making it easier to handle [&hellip;]<\/p>","protected":false},"featured_media":14771,"comment_status":"open","ping_status":"closed","template":"","meta":{"_et_pb_use_builder":"","_et_pb_old_content":"","_et_gb_content_width":""},"product_brand":[],"product_cat":[1494],"product_tag":[1495,1496],"class_list":{"0":"post-15277","1":"product","2":"type-product","3":"status-publish","4":"has-post-thumbnail","6":"product_cat-bucket-cylinders","7":"product_tag-bucket-cylinders","8":"product_tag-hydraulic-cylinders","10":"first","11":"instock","12":"shipping-taxable","13":"product-type-simple"},"amp_enabled":true,"_links":{"self":[{"href":"https:\/\/www.hydraulic-cylinders.net\/pt\/wp-json\/wp\/v2\/product\/15277","targetHints":{"allow":["GET"]}}],"collection":[{"href":"https:\/\/www.hydraulic-cylinders.net\/pt\/wp-json\/wp\/v2\/product"}],"about":[{"href":"https:\/\/www.hydraulic-cylinders.net\/pt\/wp-json\/wp\/v2\/types\/product"}],"replies":[{"embeddable":true,"href":"https:\/\/www.hydraulic-cylinders.net\/pt\/wp-json\/wp\/v2\/comments?post=15277"}],"wp:featuredmedia":[{"embeddable":true,"href":"https:\/\/www.hydraulic-cylinders.net\/pt\/wp-json\/wp\/v2\/media\/14771"}],"wp:attachment":[{"href":"https:\/\/www.hydraulic-cylinders.net\/pt\/wp-json\/wp\/v2\/media?parent=15277"}],"wp:term":[{"taxonomy":"product_brand","embeddable":true,"href":"https:\/\/www.hydraulic-cylinders.net\/pt\/wp-json\/wp\/v2\/product_brand?post=15277"},{"taxonomy":"product_cat","embeddable":true,"href":"https:\/\/www.hydraulic-cylinders.net\/pt\/wp-json\/wp\/v2\/product_cat?post=15277"},{"taxonomy":"product_tag","embeddable":true,"href":"https:\/\/www.hydraulic-cylinders.net\/pt\/wp-json\/wp\/v2\/product_tag?post=15277"}],"curies":[{"name":"wp","href":"https:\/\/api.w.org\/{rel}","templated":true}]}}