{"id":15281,"date":"2025-01-19T14:19:55","date_gmt":"2025-01-19T14:19:55","guid":{"rendered":"https:\/\/www.hydraulic-cylinders.net\/product\/bucket-cylinder-for-doosan-middle-excavator-dh220lc-9e\/"},"modified":"2025-01-19T14:20:04","modified_gmt":"2025-01-19T14:20:04","slug":"bucket-cylinder-for-doosan-middle-excavator-dh220lc-9e","status":"publish","type":"product","link":"https:\/\/www.hydraulic-cylinders.net\/pt\/produto\/bucket-cylinder-for-doosan-middle-excavator-dh220lc-9e\/","title":{"rendered":"Cilindro da ca\u00e7amba para escavadeira m\u00e9dia Doosan DH220LC-9E"},"content":{"rendered":"<h1>Cilindro da ca\u00e7amba para escavadeira m\u00e9dia Doosan DH220LC-9E<\/h1>\n<h2>Introdu\u00e7\u00e3o<\/h2>\n<p>O cilindro da ca\u00e7amba para a escavadeira m\u00e9dia Doosan DH220LC-9E \u00e9 um cilindro hidr\u00e1ulico projetado para controlar o movimento da ca\u00e7amba em m\u00e1quinas pesadas, como escavadeiras, retroescavadeiras e p\u00e1s carregadeiras. Sua principal fun\u00e7\u00e3o \u00e9 permitir que a ca\u00e7amba suba, des\u00e7a e incline, facilitando a execu\u00e7\u00e3o de diversas tarefas de movimenta\u00e7\u00e3o de materiais. No sistema hidr\u00e1ulico, o cilindro da ca\u00e7amba utiliza a press\u00e3o do \u00f3leo hidr\u00e1ulico para controlar a ca\u00e7amba com precis\u00e3o, permitindo que os operadores manuseiem cargas pesadas com efici\u00eancia, se adaptem a ambientes de trabalho complexos e atendam a diversas necessidades de trabalho.<\/p>\n<p><img decoding=\"async\" src=\"https:\/\/www.hydraulic-cylinders.net\/wp-content\/uploads\/2025\/01\/songte-company-2.webp\" alt=\"Imagem do cilindro da ca\u00e7amba\"><\/p>\n<h2>Caracter\u00edsticas<\/h2>\n<ul>\n<li>Alta resist\u00eancia e durabilidade: geralmente fabricado em a\u00e7o ou alum\u00ednio de alta resist\u00eancia, capaz de suportar alta press\u00e3o e cargas pesadas, adequado para ambientes de trabalho severos, projetado com resist\u00eancia ao desgaste e \u00e0 corros\u00e3o em mente para prolongar a vida \u00fatil.<\/li>\n<li>Opera\u00e7\u00e3o hidr\u00e1ulica eficiente: utiliza a press\u00e3o do \u00f3leo hidr\u00e1ulico para obter extens\u00e3o e contra\u00e7\u00e3o suaves, respondendo rapidamente aos comandos de controle e fornecendo for\u00e7a de tra\u00e7\u00e3o e empurr\u00e3o potente, sendo adequado para o manuseio de cargas pesadas e tarefas complexas.<\/li>\n<li>Diversos tipos de cilindros podem ser selecionados de acordo com as necessidades: cilindros de a\u00e7\u00e3o simples (que utilizam o sistema hidr\u00e1ulico em apenas uma dire\u00e7\u00e3o) ou de a\u00e7\u00e3o dupla (que utilizam o sistema hidr\u00e1ulico em duas dire\u00e7\u00f5es). Alguns modelos s\u00e3o telesc\u00f3picos, permitindo maior extens\u00e3o sem aumentar as dimens\u00f5es externas, sendo adequados para aplica\u00e7\u00f5es com espa\u00e7o limitado.<\/li>\n<li>Substitui\u00e7\u00e3o perfeita: nossos produtos podem substituir perfeitamente esses cilindros hidr\u00e1ulicos.<\/li>\n<\/ul>\n<p><img decoding=\"async\" src=\"https:\/\/www.hydraulic-cylinders.net\/wp-content\/uploads\/2025\/01\/songte-cylinder-head-with-all-kinds-excavator-models.webp\" alt=\"Imagem de substitui\u00e7\u00e3o do cilindro da ca\u00e7amba\"><\/p>\n<h2>Aplica\u00e7\u00f5es<\/h2>\n<p>O cilindro da ca\u00e7amba para a escavadeira m\u00e9dia Doosan DH220LC-9E \u00e9 amplamente utilizado em diversas aplica\u00e7\u00f5es de m\u00e1quinas pesadas, tais como:<\/p>\n<ul>\n<li>Equipamentos de constru\u00e7\u00e3o: essenciais para escavar, carregar e movimentar solo ou entulho em escavadeiras e retroescavadeiras; os cilindros da ca\u00e7amba auxiliam na escava\u00e7\u00e3o e eleva\u00e7\u00e3o em retroescavadeiras.<\/li>\n<li>M\u00e1quinas agr\u00edcolas: utilizadas em p\u00e1s carregadeiras frontais para escavar, levantar e transportar terra, feno e outros materiais; os cilindros da ca\u00e7amba permitem a escava\u00e7\u00e3o, permitindo que a ca\u00e7amba penetre no solo em escavadeiras.<\/li>\n<li>P\u00e1 carregadeira: em p\u00e1s carregadeiras frontais, os cilindros da ca\u00e7amba auxiliam no levantamento e despejo eficiente de mercadorias.<\/li>\n<\/ul>\n<h2>Considera\u00e7\u00f5es de design e crit\u00e9rios de sele\u00e7\u00e3o<\/h2>\n<p>O cilindro da ca\u00e7amba para a escavadeira m\u00e9dia Doosan DH220LC-9E foi projetado levando em considera\u00e7\u00e3o diversos aspectos importantes, como:<\/p>\n<ul>\n<li>Capacidade de carga: o cilindro deve ser capaz de suportar as cargas m\u00e1ximas \u00e0s quais ser\u00e1 submetido.<\/li>\n<li>Veda\u00e7\u00e3o: essencial para evitar vazamentos e manter a press\u00e3o hidr\u00e1ulica.<\/li>\n<li>Durabilidade: o cilindro deve ser capaz de suportar ambientes agressivos e uso intenso.<\/li>\n<li>Seguran\u00e7a: o cilindro deve ser projetado com recursos de seguran\u00e7a para evitar acidentes ou ferimentos.<\/li>\n<li>Facilidade de manuten\u00e7\u00e3o: o cilindro deve ser f\u00e1cil de manter e reparar para minimizar o tempo de inatividade.<\/li>\n<\/ul>\n<p><img decoding=\"async\" src=\"https:\/\/www.hydraulic-cylinders.net\/wp-content\/uploads\/2025\/01\/songte-oil-pipes-and-spare-parts.webp\" alt=\"Componentes do cilindro da ca\u00e7amba\"><\/p>\n<h2>Veda\u00e7\u00e3o e Lubrifica\u00e7\u00e3o<\/h2>\n<p>O cilindro da ca\u00e7amba para a escavadeira m\u00e9dia Doosan DH220LC-9E utiliza diversos componentes de veda\u00e7\u00e3o, como veda\u00e7\u00f5es do pist\u00e3o, veda\u00e7\u00f5es da haste, etc., fabricados com materiais resistentes ao desgaste, como poliuretano, borracha nitr\u00edlica, etc. O corpo do cilindro e as superf\u00edcies roscadas das extremidades s\u00e3o finamente usinados para melhorar a resist\u00eancia ao desgaste. A lubrifica\u00e7\u00e3o regular com a quantidade adequada de \u00f3leo hidr\u00e1ulico \u00e9 necess\u00e1ria para o bom funcionamento.<\/p>\n<h2>Manuten\u00e7\u00e3o e Reparo<\/h2>\n<p>Inspe\u00e7\u00f5es regulares, lubrifica\u00e7\u00e3o e substitui\u00e7\u00e3o de veda\u00e7\u00f5es s\u00e3o algumas das tarefas comuns de manuten\u00e7\u00e3o do cilindro da ca\u00e7amba da escavadeira Doosan DH220LC-9E. A instala\u00e7\u00e3o, lubrifica\u00e7\u00e3o e ajuste corretos s\u00e3o essenciais para o desempenho ideal. Recomenda-se o alinhamento correto do cilindro e o uso de suportes de montagem adequados. Tamb\u00e9m oferecemos pe\u00e7as de reposi\u00e7\u00e3o e servi\u00e7os de recondicionamento para aumentar a vida \u00fatil do cilindro.<\/p>\n<p><img decoding=\"async\" src=\"https:\/\/www.hydraulic-cylinders.net\/wp-content\/uploads\/2025\/01\/songte-chushion-collar.webp\" alt=\"Imagem de Instala\u00e7\u00e3o do Cilindro do Balde\"><\/p>\n<h2>Considera\u00e7\u00f5es sobre seguran\u00e7a e meio ambiente<\/h2>\n<p>Ao utilizar o cilindro da ca\u00e7amba da escavadeira de m\u00e9dio porte Doosan DH220LC-9E, \u00e9 fundamental seguir as medidas de seguran\u00e7a adequadas. Os sistemas hidr\u00e1ulicos operam em alta press\u00e3o e podem causar ferimentos graves ou acidentes se n\u00e3o forem manuseados corretamente. O descarte adequado do \u00f3leo hidr\u00e1ulico usado e de outros componentes \u00e9 essencial para minimizar o impacto ambiental.<\/p>\n<h2>Solu\u00e7\u00e3o de problemas e problemas comuns<\/h2>\n<p>O cilindro da ca\u00e7amba da escavadeira de m\u00e9dio porte Doosan DH220LC-9E pode apresentar problemas como vazamentos, desempenho reduzido e danos devido ao uso indevido ou desgaste natural. Um diagn\u00f3stico preciso e o reparo oportuno s\u00e3o essenciais para evitar maiores danos. Oferecemos dicas e solu\u00e7\u00f5es para ajudar os leitores a diagnosticar e resolver problemas com efic\u00e1cia. Tamb\u00e9m sugerimos medidas preventivas para minimizar poss\u00edveis problemas.<\/p>\n<p><img decoding=\"async\" src=\"https:\/\/www.hydraulic-cylinders.net\/wp-content\/uploads\/2025\/01\/songte-bushings-with-all-kinds-of-excavator-models.webp\" alt=\"Imagem das buchas do cilindro da ca\u00e7amba\"><\/p>\n<h2>Sobre n\u00f3s<\/h2>\n<p>We are a manufacturer of hydraulic cylinder replacements, offering a wide range of products. We are one of the leading manufacturers and wholesalers of hydraulic cylinders in the domestic and international markets. We adhere to the principles of excellent quality, rely on the industrialized production management strategy of the refined manufacturing workshop, and continuously improve the workshop manufacturing platform, improve the product quality production route, and have strong innovation capabilities. We satisfy customers&#8217; diverse needs with high efficiency, high precision, and high-quality principles.<\/p>\n<p>Oferecemos servi\u00e7os profissionais, com certifica\u00e7\u00e3o internacional e personalizados, utilizando equipamentos de fabrica\u00e7\u00e3o avan\u00e7ados e sistemas de teste profissionais. Disponibilizamos equipamentos de produ\u00e7\u00e3o confi\u00e1veis \u200b\u200be um excelente servi\u00e7o p\u00f3s-venda.<\/p>\n<p><img decoding=\"async\" src=\"https:\/\/www.hydraulic-cylinders.net\/wp-content\/uploads\/2025\/01\/songte-company-3.webp\" alt=\"Imagem da empresa\"><\/p>\n<p><em>Autor: lyl<\/em><\/p>","protected":false},"excerpt":{"rendered":"<p>Bucket Cylinder For Doosan Middle Excavator DH220LC-9E Introduction The Bucket Cylinder for Doosan Middle Excavator DH220LC-9E is a hydraulic cylinder designed to control the movement of the bucket in heavy machinery such as excavators, backhoe excavators, and front-end loaders. Its main function is to enable the bucket to lift, lower, and tilt, making it easier [&hellip;]<\/p>","protected":false},"featured_media":14761,"comment_status":"open","ping_status":"closed","template":"","meta":{"_et_pb_use_builder":"","_et_pb_old_content":"","_et_gb_content_width":""},"product_brand":[],"product_cat":[1494],"product_tag":[1495,1496],"class_list":{"0":"post-15281","1":"product","2":"type-product","3":"status-publish","4":"has-post-thumbnail","6":"product_cat-bucket-cylinders","7":"product_tag-bucket-cylinders","8":"product_tag-hydraulic-cylinders","10":"first","11":"instock","12":"shipping-taxable","13":"product-type-simple"},"amp_enabled":true,"_links":{"self":[{"href":"https:\/\/www.hydraulic-cylinders.net\/pt\/wp-json\/wp\/v2\/product\/15281","targetHints":{"allow":["GET"]}}],"collection":[{"href":"https:\/\/www.hydraulic-cylinders.net\/pt\/wp-json\/wp\/v2\/product"}],"about":[{"href":"https:\/\/www.hydraulic-cylinders.net\/pt\/wp-json\/wp\/v2\/types\/product"}],"replies":[{"embeddable":true,"href":"https:\/\/www.hydraulic-cylinders.net\/pt\/wp-json\/wp\/v2\/comments?post=15281"}],"wp:featuredmedia":[{"embeddable":true,"href":"https:\/\/www.hydraulic-cylinders.net\/pt\/wp-json\/wp\/v2\/media\/14761"}],"wp:attachment":[{"href":"https:\/\/www.hydraulic-cylinders.net\/pt\/wp-json\/wp\/v2\/media?parent=15281"}],"wp:term":[{"taxonomy":"product_brand","embeddable":true,"href":"https:\/\/www.hydraulic-cylinders.net\/pt\/wp-json\/wp\/v2\/product_brand?post=15281"},{"taxonomy":"product_cat","embeddable":true,"href":"https:\/\/www.hydraulic-cylinders.net\/pt\/wp-json\/wp\/v2\/product_cat?post=15281"},{"taxonomy":"product_tag","embeddable":true,"href":"https:\/\/www.hydraulic-cylinders.net\/pt\/wp-json\/wp\/v2\/product_tag?post=15281"}],"curies":[{"name":"wp","href":"https:\/\/api.w.org\/{rel}","templated":true}]}}