{"id":15286,"date":"2025-01-19T14:20:24","date_gmt":"2025-01-19T14:20:24","guid":{"rendered":"https:\/\/www.hydraulic-cylinders.net\/product\/bucket-cylinder-for-doosan-large-excavator-dh320\/"},"modified":"2025-01-19T14:20:26","modified_gmt":"2025-01-19T14:20:26","slug":"bucket-cylinder-for-doosan-large-excavator-dh320","status":"publish","type":"product","link":"https:\/\/www.hydraulic-cylinders.net\/pt\/produto\/bucket-cylinder-for-doosan-large-excavator-dh320\/","title":{"rendered":"Cilindro da ca\u00e7amba para escavadeira grande Doosan DH320"},"content":{"rendered":"<h1>Cilindro da ca\u00e7amba para escavadeira grande Doosan DH320<\/h1>\n<h2>Introdu\u00e7\u00e3o<\/h2>\n<p>O cilindro da ca\u00e7amba para a escavadeira de grande porte Doosan DH320 \u00e9 um tipo especializado de cilindro hidr\u00e1ulico usado para controlar o movimento da ca\u00e7amba em m\u00e1quinas pesadas, como escavadeiras, retroescavadeiras e p\u00e1s carregadeiras. Sua principal fun\u00e7\u00e3o \u00e9 levantar, abaixar e inclinar a ca\u00e7amba para facilitar o manuseio de materiais. No sistema hidr\u00e1ulico, o cilindro da ca\u00e7amba utiliza a press\u00e3o do \u00f3leo hidr\u00e1ulico para obter um controle preciso da ca\u00e7amba, permitindo que os operadores manuseiem objetos pesados \u200b\u200bcom efici\u00eancia e se adaptem a ambientes de trabalho complexos e diversas exig\u00eancias da tarefa.<\/p>\n<p><img decoding=\"async\" src=\"https:\/\/www.hydraulic-cylinders.net\/wp-content\/uploads\/2025\/01\/songte-company-2.webp\"><\/p>\n<h2>Caracter\u00edsticas<\/h2>\n<ul>\n<li>\n<h3>Alta resist\u00eancia e durabilidade<\/h3>\n<p>Os cilindros de ca\u00e7amba s\u00e3o geralmente feitos de a\u00e7o ou alum\u00ednio de alta resist\u00eancia, capazes de suportar alta press\u00e3o e cargas pesadas. Eles s\u00e3o projetados para serem resistentes ao desgaste e \u00e0 corros\u00e3o, prolongando assim sua vida \u00fatil.<\/p>\n<\/li>\n<li>\n<h3>Opera\u00e7\u00e3o Hidr\u00e1ulica Eficiente<\/h3>\n<p>Os cilindros de ca\u00e7amba utilizam a press\u00e3o do \u00f3leo hidr\u00e1ulico para realizar movimentos suaves de expans\u00e3o e contra\u00e7\u00e3o, respondem rapidamente aos comandos de controle e fornecem for\u00e7as de empurrar e puxar poderosas, tornando-os adequados para manusear objetos pesados \u200b\u200be realizar tarefas complexas.<\/p>\n<\/li>\n<li>\n<h3>V\u00e1rios tipos<\/h3>\n<p>Os cilindros de ca\u00e7amba podem ser de a\u00e7\u00e3o simples (utilizam a press\u00e3o hidr\u00e1ulica apenas em uma dire\u00e7\u00e3o) ou de a\u00e7\u00e3o dupla (utilizam a press\u00e3o hidr\u00e1ulica em ambas as dire\u00e7\u00f5es), dependendo da necessidade operacional. Alguns modelos s\u00e3o telesc\u00f3picos, permitindo maior extens\u00e3o sem aumentar o tamanho externo, o que os torna adequados para aplica\u00e7\u00f5es com espa\u00e7o limitado.<\/p>\n<\/li>\n<li>\n<h3>Substitui\u00e7\u00e3o perfeita para cilindros hidr\u00e1ulicos<\/h3>\n<p>Nossos produtos podem substituir perfeitamente esses cilindros hidr\u00e1ulicos, e n\u00f3s podemos fabricar esse produto.<\/p>\n<\/li>\n<\/ul>\n<p><img decoding=\"async\" src=\"https:\/\/www.hydraulic-cylinders.net\/wp-content\/uploads\/2025\/01\/songte-cylinder-head-with-all-kinds-excavator-models.webp\"><\/p>\n<h2>Aplica\u00e7\u00f5es<\/h2>\n<p>Os cilindros de ca\u00e7amba t\u00eam diversas aplica\u00e7\u00f5es em diferentes ind\u00fastrias, incluindo equipamentos de constru\u00e7\u00e3o, m\u00e1quinas agr\u00edcolas, escavadeiras e carregadeiras:<\/p>\n<ul>\n<li>\n<h3>Equipamentos de constru\u00e7\u00e3o<\/h3>\n<p>Em escavadeiras, os cilindros da ca\u00e7amba s\u00e3o essenciais para escavar, carregar e movimentar terra ou entulho. Em retroescavadeiras, os cilindros da ca\u00e7amba auxiliam tanto na escava\u00e7\u00e3o quanto no levantamento. Em p\u00e1s carregadeiras, eles ajudam a levantar e inclinar mercadorias com efici\u00eancia.<\/p>\n<\/li>\n<li>\n<h3>Maquinaria agr\u00edcola<\/h3>\n<p>Os cilindros de ca\u00e7amba s\u00e3o usados \u200b\u200bem carregadeiras frontais para recolher, levantar e transportar terra, feno e outros materiais.<\/p>\n<\/li>\n<li>\n<h3>Escavadeiras<\/h3>\n<p>O cilindro da ca\u00e7amba permite que a ca\u00e7amba penetre no solo para realizar a escava\u00e7\u00e3o.<\/p>\n<\/li>\n<li>\n<h3>Carregadores<\/h3>\n<p>Os cilindros da ca\u00e7amba auxiliam no levantamento e despejo de mercadorias em p\u00e1s carregadeiras frontais de forma eficiente.<\/p>\n<\/li>\n<\/ul>\n<h2>Considera\u00e7\u00f5es de design e crit\u00e9rios de sele\u00e7\u00e3o<\/h2>\n<p>Ao considerar o projeto e a sele\u00e7\u00e3o de cilindros de ca\u00e7amba, os seguintes fatores devem ser levados em conta:<\/p>\n<ul>\n<li>\n<h3>Capacidade de carga<\/h3>\n<p>O cilindro deve ser projetado para suportar a carga e a press\u00e3o esperadas.<\/p>\n<\/li>\n<li>\n<h3>Veda\u00e7\u00e3o e durabilidade<\/h3>\n<p>O cilindro deve ser projetado com veda\u00e7\u00e3o adequada e caracter\u00edsticas de durabilidade para garantir uma longa vida \u00fatil.<\/p>\n<\/li>\n<li>\n<h3>Seguran\u00e7a e Manuten\u00e7\u00e3o<\/h3>\n<p>O cilindro deve ser projetado para garantir a seguran\u00e7a durante a opera\u00e7\u00e3o e facilitar a manuten\u00e7\u00e3o.<\/p>\n<\/li>\n<\/ul>\n<p><img decoding=\"async\" src=\"https:\/\/www.hydraulic-cylinders.net\/wp-content\/uploads\/2025\/01\/songte-oil-pipes-and-spare-parts.webp\"><\/p>\n<h2>Veda\u00e7\u00e3o e Lubrifica\u00e7\u00e3o<\/h2>\n<p>Os cilindros de ca\u00e7amba utilizam diferentes elementos de veda\u00e7\u00e3o, como veda\u00e7\u00f5es de pist\u00e3o e veda\u00e7\u00f5es de haste, fabricados com materiais resistentes ao desgaste, como poliuretano e borracha nitr\u00edlica. A cabe\u00e7a do cilindro e as superf\u00edcies roscadas das extremidades s\u00e3o usinadas com precis\u00e3o para melhorar a resist\u00eancia ao desgaste. A lubrifica\u00e7\u00e3o regular com \u00f3leo hidr\u00e1ulico apropriado \u00e9 necess\u00e1ria para garantir o funcionamento suave e uma longa vida \u00fatil.<\/p>\n<h2>Manuten\u00e7\u00e3o e Instala\u00e7\u00e3o<\/h2>\n<p>A manuten\u00e7\u00e3o e a instala\u00e7\u00e3o regulares s\u00e3o essenciais para garantir o funcionamento adequado e a longa vida \u00fatil do cilindro da ca\u00e7amba. As seguintes tarefas de manuten\u00e7\u00e3o s\u00e3o recomendadas:<\/p>\n<ul>\n<li>\n<h3>Inspe\u00e7\u00e3o regular<\/h3>\n<p>\u00c9 necess\u00e1rio inspecionar regularmente as veda\u00e7\u00f5es, conex\u00f5es e outros componentes do cilindro para garantir que estejam em boas condi\u00e7\u00f5es e funcionando corretamente.<\/p>\n<\/li>\n<li>\n<h3>Lubrifica\u00e7\u00e3o<\/h3>\n<p>A lubrifica\u00e7\u00e3o regular do cilindro com o \u00f3leo hidr\u00e1ulico apropriado \u00e9 necess\u00e1ria para garantir um funcionamento suave e uma longa vida \u00fatil.<\/p>\n<\/li>\n<li>\n<h3>Substitui\u00e7\u00e3o do selo e verifica\u00e7\u00e3o da calibra\u00e7\u00e3o<\/h3>\n<p>Pode ser necess\u00e1rio substituir periodicamente as veda\u00e7\u00f5es e realizar uma verifica\u00e7\u00e3o de calibra\u00e7\u00e3o para garantir o funcionamento correto do cilindro.<\/p>\n<\/li>\n<\/ul>\n<p><img decoding=\"async\" src=\"https:\/\/www.hydraulic-cylinders.net\/wp-content\/uploads\/2025\/01\/songte-chushion-collar.webp\"><\/p>\n<h2>Considera\u00e7\u00f5es sobre seguran\u00e7a e meio ambiente<\/h2>\n<p>Os cilindros de ca\u00e7amba devem ser instalados e operados de acordo com os procedimentos de seguran\u00e7a recomendados para garantir a seguran\u00e7a do operador e do meio ambiente. Devem ser tomadas medidas de seguran\u00e7a adequadas para evitar danos acidentais e vazamentos ou derramamentos de \u00f3leo.<\/p>\n<h2>Diagn\u00f3stico e solu\u00e7\u00e3o de problemas<\/h2>\n<p>Se o cilindro n\u00e3o estiver funcionando corretamente, os seguintes problemas podem ser diagnosticados:<\/p>\n<ul>\n<li>\n<h3>Veda\u00e7\u00f5es com vazamento<\/h3>\n<p>Se o cilindro estiver vazando \u00f3leo, pode ser devido a veda\u00e7\u00f5es desgastadas que precisam ser substitu\u00eddas.<\/p>\n<\/li>\n<li>\n<h3>Opera\u00e7\u00e3o ruidosa<\/h3>\n<p>Se o funcionamento do cilindro for ruidoso, isso pode indicar a presen\u00e7a de ar no sistema hidr\u00e1ulico ou lubrifica\u00e7\u00e3o insuficiente.<\/p>\n<\/li>\n<li>\n<h3>Opera\u00e7\u00e3o lenta<\/h3>\n<p>Se o funcionamento do cilindro for lento, isso pode indicar press\u00e3o hidr\u00e1ulica insuficiente ou um bloqueio no fornecimento de \u00f3leo.<\/p>\n<\/li>\n<\/ul>\n<p>As dicas e solu\u00e7\u00f5es de resolu\u00e7\u00e3o de problemas a seguir podem ser \u00fateis:<\/p>\n<ul>\n<li>\n<h3>Substitui\u00e7\u00e3o da veda\u00e7\u00e3o<\/h3>\n<p>As veda\u00e7\u00f5es desgastadas devem ser substitu\u00eddas por novas.<\/p>\n<\/li>\n<li>\n<h3>Sangria do sistema hidr\u00e1ulico<\/h3>\n<p>\u00c9 necess\u00e1rio eliminar as bolsas de ar do sistema hidr\u00e1ulico.<\/p>\n<\/li>\n<li>\n<h3>Lubrifica\u00e7\u00e3o<\/h3>\n<p>O cilindro deve ser lubrificado com o \u00f3leo hidr\u00e1ulico apropriado.<\/p>\n<\/li>\n<\/ul>\n<p><img decoding=\"async\" src=\"https:\/\/www.hydraulic-cylinders.net\/wp-content\/uploads\/2025\/01\/songte-bushings-with-all-kinds-of-excavator-models.webp\"><\/p>\n<h2>Sobre nossa empresa<\/h2>\n<p>Somos um dos principais fabricantes e distribuidores de cilindros hidr\u00e1ulicos nos mercados nacional e internacional. Possu\u00edmos uma linha completa de produtos e seguimos uma estrat\u00e9gia de gest\u00e3o de produ\u00e7\u00e3o industrial com foco em excelente qualidade, contando com oficinas de fabrica\u00e7\u00e3o de ponta, profissionais qualificados em tecnologia, equipamentos de fabrica\u00e7\u00e3o digital de \u00faltima gera\u00e7\u00e3o e sistemas de teste profissionais. Nossa plataforma de fabrica\u00e7\u00e3o est\u00e1 em constante aprimoramento, nossa linha de produ\u00e7\u00e3o \u00e9 impec\u00e1vel e temos uma forte capacidade de inova\u00e7\u00e3o para atender \u00e0s diversas necessidades dos clientes com alta efici\u00eancia, precis\u00e3o e qualidade.<\/p>\n<h3>Profissionalismo<\/h3>\n<p>Nossa empresa possui conhecimento t\u00e9cnico especializado e rigorosas medidas de controle de qualidade para garantir que nossos produtos atendam aos padr\u00f5es da ind\u00fastria e \u00e0s exig\u00eancias dos clientes.<\/p>\n<h3>Certifica\u00e7\u00e3o Internacional<\/h3>\n<p>Nossos produtos s\u00e3o certificados e atendem a padr\u00f5es internacionais, como ISO, CE e SGS.<\/p>\n<h3>Servi\u00e7os Personalizados<\/h3>\n<p>Oferecemos servi\u00e7os personalizados para atender \u00e0s necessidades espec\u00edficas de cada cliente.<\/p>\n<h3>Equipamentos de produ\u00e7\u00e3o<\/h3>\n<p>Nossa empresa utiliza equipamentos de fabrica\u00e7\u00e3o digital de \u00faltima gera\u00e7\u00e3o, como centros de usinagem CNC, retificadoras de precis\u00e3o e m\u00e1quinas de solda autom\u00e1ticas, para garantir a mais alta qualidade de nossos produtos.<\/p>\n<h3>Servi\u00e7o p\u00f3s-venda<\/h3>\n<p>Nossa empresa oferece um servi\u00e7o p\u00f3s-venda completo, incluindo manuten\u00e7\u00e3o, reparo e substitui\u00e7\u00e3o de produtos.<\/p>\n<p><img decoding=\"async\" src=\"https:\/\/hzpt.com\/wp-content\/uploads\/2024\/11\/songte-company-1.webp\"><\/p>\n<p>Autor: lyl<\/p>","protected":false},"excerpt":{"rendered":"<p>Bucket Cylinder For Doosan Large Excavator DH320 Introduction A bucket cylinder for Doosan large excavator DH320 is a specialized type of hydraulic cylinder used to control the movement of the bucket in heavy machinery such as excavators, backhoe excavators, and front-end loaders. Its main function is to lift, lower, and tilt the bucket for easy [&hellip;]<\/p>","protected":false},"featured_media":14784,"comment_status":"open","ping_status":"closed","template":"","meta":{"_et_pb_use_builder":"","_et_pb_old_content":"","_et_gb_content_width":""},"product_brand":[],"product_cat":[1494],"product_tag":[1495,1496],"class_list":{"0":"post-15286","1":"product","2":"type-product","3":"status-publish","4":"has-post-thumbnail","6":"product_cat-bucket-cylinders","7":"product_tag-bucket-cylinders","8":"product_tag-hydraulic-cylinders","10":"first","11":"instock","12":"shipping-taxable","13":"product-type-simple"},"amp_enabled":true,"_links":{"self":[{"href":"https:\/\/www.hydraulic-cylinders.net\/pt\/wp-json\/wp\/v2\/product\/15286","targetHints":{"allow":["GET"]}}],"collection":[{"href":"https:\/\/www.hydraulic-cylinders.net\/pt\/wp-json\/wp\/v2\/product"}],"about":[{"href":"https:\/\/www.hydraulic-cylinders.net\/pt\/wp-json\/wp\/v2\/types\/product"}],"replies":[{"embeddable":true,"href":"https:\/\/www.hydraulic-cylinders.net\/pt\/wp-json\/wp\/v2\/comments?post=15286"}],"wp:featuredmedia":[{"embeddable":true,"href":"https:\/\/www.hydraulic-cylinders.net\/pt\/wp-json\/wp\/v2\/media\/14784"}],"wp:attachment":[{"href":"https:\/\/www.hydraulic-cylinders.net\/pt\/wp-json\/wp\/v2\/media?parent=15286"}],"wp:term":[{"taxonomy":"product_brand","embeddable":true,"href":"https:\/\/www.hydraulic-cylinders.net\/pt\/wp-json\/wp\/v2\/product_brand?post=15286"},{"taxonomy":"product_cat","embeddable":true,"href":"https:\/\/www.hydraulic-cylinders.net\/pt\/wp-json\/wp\/v2\/product_cat?post=15286"},{"taxonomy":"product_tag","embeddable":true,"href":"https:\/\/www.hydraulic-cylinders.net\/pt\/wp-json\/wp\/v2\/product_tag?post=15286"}],"curies":[{"name":"wp","href":"https:\/\/api.w.org\/{rel}","templated":true}]}}