{"id":15294,"date":"2025-01-19T14:20:55","date_gmt":"2025-01-19T14:20:55","guid":{"rendered":"https:\/\/www.hydraulic-cylinders.net\/product\/bucket-cylinder-for-doosan-large-excavator-dx700lc\/"},"modified":"2025-01-19T14:20:57","modified_gmt":"2025-01-19T14:20:57","slug":"bucket-cylinder-for-doosan-large-excavator-dx700lc","status":"publish","type":"product","link":"https:\/\/www.hydraulic-cylinders.net\/pt\/produto\/bucket-cylinder-for-doosan-large-excavator-dx700lc\/","title":{"rendered":"Cilindro da ca\u00e7amba para escavadeira grande Doosan DX700LC"},"content":{"rendered":"<h1>Cilindro da ca\u00e7amba para escavadeira grande Doosan DX700LC<\/h1>\n<h2>Introdu\u00e7\u00e3o<\/h2>\n<h3>O que \u00e9 um cilindro de ca\u00e7amba?<\/h3>\n<p>O cilindro da ca\u00e7amba \u00e9 um cilindro hidr\u00e1ulico especialmente projetado para controlar o movimento da ca\u00e7amba em m\u00e1quinas pesadas, como escavadeiras, retroescavadeiras e p\u00e1s carregadeiras. Sua principal fun\u00e7\u00e3o \u00e9 permitir que a ca\u00e7amba suba, des\u00e7a e incline, facilitando o transporte de diversos materiais. No sistema hidr\u00e1ulico, o cilindro da ca\u00e7amba utiliza as varia\u00e7\u00f5es de press\u00e3o do \u00f3leo hidr\u00e1ulico para obter um controle preciso da ca\u00e7amba, permitindo que os operadores manuseiem cargas pesadas com efici\u00eancia e se adaptem a ambientes de trabalho complexos e diversas exig\u00eancias operacionais.<\/p>\n<p><img decoding=\"async\" src=\"https:\/\/www.hydraulic-cylinders.net\/wp-content\/uploads\/2025\/01\/songte-company-2.webp\" alt=\"Imagem do cilindro da ca\u00e7amba\"><\/p>\n<h2>Caracter\u00edsticas<\/h2>\n<ul>\n<li>Alta resist\u00eancia e durabilidade: Normalmente fabricado em a\u00e7o ou alum\u00ednio de alta resist\u00eancia, suporta alta press\u00e3o e cargas pesadas, adapta-se a ambientes de trabalho severos e \u00e9 projetado com resist\u00eancia ao desgaste e \u00e0 corros\u00e3o para prolongar a vida \u00fatil.<\/li>\n<li>Opera\u00e7\u00e3o hidr\u00e1ulica eficiente: Utiliza a press\u00e3o do \u00f3leo hidr\u00e1ulico para obter extens\u00e3o e retra\u00e7\u00e3o suaves, responde rapidamente aos comandos de controle, fornece forte for\u00e7a de tra\u00e7\u00e3o e compress\u00e3o e \u00e9 adequado para lidar com cargas pesadas e tarefas operacionais complexas.<\/li>\n<li>Diversos tipos: Cilindros de a\u00e7\u00e3o simples (hidr\u00e1ulicos utilizados em apenas uma dire\u00e7\u00e3o) ou de a\u00e7\u00e3o dupla (hidr\u00e1ulicos utilizados em ambas as dire\u00e7\u00f5es) podem ser selecionados conforme a necessidade para atender a diferentes requisitos operacionais. Alguns modelos s\u00e3o telesc\u00f3picos, permitindo maior extens\u00e3o sem aumentar as dimens\u00f5es externas, sendo adequados para aplica\u00e7\u00f5es com espa\u00e7o limitado.<\/li>\n<\/ul>\n<p>Podemos produzir este produto, nosso produto pode substituir perfeitamente esses cilindros hidr\u00e1ulicos.<\/p>\n<p><img decoding=\"async\" src=\"https:\/\/www.hydraulic-cylinders.net\/wp-content\/uploads\/2025\/01\/songte-cylinder-head-with-all-kinds-excavator-models.webp\" alt=\"Imagem de substitui\u00e7\u00e3o do cilindro da ca\u00e7amba\"><\/p>\n<h2>Aplica\u00e7\u00f5es<\/h2>\n<h3>Equipamentos de constru\u00e7\u00e3o<\/h3>\n<p>Em escavadeiras, s\u00e3o essenciais para escavar, carregar e movimentar solo ou entulho. Em retroescavadeiras, o cilindro da ca\u00e7amba auxilia tanto na escava\u00e7\u00e3o quanto no levantamento. Em m\u00e1quinas agr\u00edcolas, \u00e9 utilizado em p\u00e1s carregadeiras frontais para recolher, levantar e transportar solo, feno e outros materiais. Em carregadeiras, auxilia no levantamento e basculamento eficientes de cargas.<\/p>\n<h2>Considera\u00e7\u00f5es de design e crit\u00e9rios de sele\u00e7\u00e3o<\/h2>\n<h3>Capacidade de carga<\/h3>\n<p>A capacidade de carga do cilindro da ca\u00e7amba \u00e9 crucial. Ele deve ser projetado para suportar o peso da carga a ser i\u00e7ada e resistir \u00e0 press\u00e3o hidr\u00e1ulica.<\/p>\n<h3>Selagem<\/h3>\n<p>A veda\u00e7\u00e3o \u00e9 essencial para evitar vazamentos de \u00f3leo hidr\u00e1ulico e garantir o bom funcionamento do cilindro da ca\u00e7amba.<\/p>\n<h3>Durabilidade<\/h3>\n<p>O cilindro da ca\u00e7amba deve ser projetado com foco na durabilidade, considerando a resist\u00eancia ao desgaste e \u00e0 corros\u00e3o para prolongar sua vida \u00fatil.<\/p>\n<h3>Seguran\u00e7a<\/h3>\n<p>O cilindro da ca\u00e7amba deve ser projetado para atender aos requisitos de seguran\u00e7a da m\u00e1quina e do operador.<\/p>\n<h3>Manuten\u00e7\u00e3o<\/h3>\n<p>O cilindro da ca\u00e7amba deve ser projetado levando em considera\u00e7\u00e3o a facilidade de manuten\u00e7\u00e3o, com componentes acess\u00edveis para manuten\u00e7\u00e3o e reparos.<\/p>\n<p><img decoding=\"async\" src=\"https:\/\/www.hydraulic-cylinders.net\/wp-content\/uploads\/2025\/01\/songte-oil-pipes-and-spare-parts.webp\" alt=\"Imagem de pe\u00e7as de cilindro de ca\u00e7amba\"><\/p>\n<h2>Veda\u00e7\u00e3o e Lubrifica\u00e7\u00e3o<\/h2>\n<p>S\u00e3o utilizados diversos elementos de veda\u00e7\u00e3o, como veda\u00e7\u00f5es de pist\u00e3o, veda\u00e7\u00f5es de haste, etc. Essas veda\u00e7\u00f5es utilizam materiais resistentes ao desgaste, como poliuretano e borracha nitr\u00edlica. O corpo do cilindro e a superf\u00edcie da extremidade roscada s\u00e3o finamente usinados para melhorar a resist\u00eancia ao desgaste. O cilindro da ca\u00e7amba requer lubrifica\u00e7\u00e3o regular com \u00f3leo hidr\u00e1ulico para garantir o funcionamento suave, sendo essencial o uso do \u00f3leo lubrificante correto.<\/p>\n<h2>Medidas de Inspe\u00e7\u00e3o e Manuten\u00e7\u00e3o Preventiva<\/h2>\n<p>Inspe\u00e7\u00f5es peri\u00f3dicas, lubrifica\u00e7\u00e3o adequada, substitui\u00e7\u00e3o de veda\u00e7\u00f5es e verifica\u00e7\u00f5es de calibra\u00e7\u00e3o s\u00e3o tarefas comuns de manuten\u00e7\u00e3o. A instala\u00e7\u00e3o, lubrifica\u00e7\u00e3o e ajuste corretos s\u00e3o cruciais. Durante a instala\u00e7\u00e3o, deve-se fornecer orienta\u00e7\u00f5es adequadas de alinhamento e o cilindro deve ser fixado com suportes de montagem apropriados. Os procedimentos recomendados de inspe\u00e7\u00e3o, reparo e substitui\u00e7\u00e3o devem ser seguidos. Pe\u00e7as de reposi\u00e7\u00e3o e servi\u00e7os de recondicionamento est\u00e3o dispon\u00edveis para prolongar a vida \u00fatil do cilindro da ca\u00e7amba.<\/p>\n<p><img decoding=\"async\" src=\"https:\/\/www.hydraulic-cylinders.net\/wp-content\/uploads\/2025\/01\/songte-chushion-collar.webp\" alt=\"Imagem de manuten\u00e7\u00e3o do cilindro da ca\u00e7amba\"><\/p>\n<h2>Considera\u00e7\u00f5es de seguran\u00e7a e fatores ambientais<\/h2>\n<p>Ao utilizar o cilindro hidr\u00e1ulico com ca\u00e7amba, devem ser tomadas precau\u00e7\u00f5es de seguran\u00e7a, como o uso de equipamentos de prote\u00e7\u00e3o individual. O descarte adequado do \u00f3leo hidr\u00e1ulico usado e dos componentes deve ser garantido para proteger o meio ambiente.<\/p>\n<h2>Diagn\u00f3stico e solu\u00e7\u00e3o de problemas<\/h2>\n<p>Problemas comuns com o cilindro da ca\u00e7amba incluem vazamentos, opera\u00e7\u00e3o lenta e veda\u00e7\u00f5es danificadas. Um diagn\u00f3stico e diagn\u00f3stico precisos s\u00e3o essenciais para identificar e solucionar problemas com efic\u00e1cia.<\/p>\n<p>Algumas dicas para solucionar problemas incluem verificar vazamentos, inspecionar o cilindro quanto a desgaste e danos e verificar se a press\u00e3o hidr\u00e1ulica e as taxas de fluxo est\u00e3o corretas. Inspe\u00e7\u00f5es e manuten\u00e7\u00f5es frequentes podem ajudar a prevenir problemas potenciais.<\/p>\n<p><img decoding=\"async\" src=\"https:\/\/www.hydraulic-cylinders.net\/wp-content\/uploads\/2025\/01\/songte-bushings-with-all-kinds-of-excavator-models.webp\" alt=\"Imagem de resolu\u00e7\u00e3o de problemas do cilindro da ca\u00e7amba\"><\/p>\n<h2>Nossa empresa<\/h2>\n<p>Somos fabricantes de cilindros hidr\u00e1ulicos de reposi\u00e7\u00e3o e nossa linha de produtos \u00e9 completa. Somos um dos principais fabricantes e distribuidores atacadistas de cilindros hidr\u00e1ulicos nos mercados nacional e internacional. Primamos pela excel\u00eancia em qualidade e nos baseamos na estrat\u00e9gia de gest\u00e3o de produ\u00e7\u00e3o industrial de nossas sofisticadas instala\u00e7\u00f5es. Aprimoramos continuamente a plataforma de produ\u00e7\u00e3o, aperfei\u00e7oando a linha de fabrica\u00e7\u00e3o e a qualidade dos produtos, al\u00e9m de possuirmos forte capacidade de inova\u00e7\u00e3o. Nosso objetivo \u00e9 atender \u00e0s diversas necessidades de nossos clientes com produtos de alta efici\u00eancia, precis\u00e3o e qualidade.<\/p>\n<p><img decoding=\"async\" src=\"https:\/\/hzpt.com\/wp-content\/uploads\/2024\/11\/songte-company-1.webp\" alt=\"Imagem da Bucket Cylinder Company\"><\/p>\n<h3>Profissionalismo<\/h3>\n<p>Contamos com uma equipe de especialistas t\u00e9cnicos para fornecer servi\u00e7os profissionais, incluindo design, produ\u00e7\u00e3o e controle de qualidade, para garantir que nossos clientes recebam os melhores produtos e servi\u00e7os.<\/p>\n<h3>Certifica\u00e7\u00e3o Internacional<\/h3>\n<p>Nossos produtos possuem certifica\u00e7\u00f5es internacionais como ISO 9001, CE e SGS, garantindo que atendam aos padr\u00f5es internacionais.<\/p>\n<h3>Servi\u00e7os de Personaliza\u00e7\u00e3o<\/h3>\n<p>Oferecemos servi\u00e7os personalizados para atender a requisitos espec\u00edficos, incluindo tamanho, cor e fun\u00e7\u00e3o, para satisfazer as diversas necessidades de nossos clientes.<\/p>\n<h3>Equipamentos de produ\u00e7\u00e3o<\/h3>\n<p>Utilizamos equipamentos avan\u00e7ados de fabrica\u00e7\u00e3o digital e instala\u00e7\u00f5es de teste profissionais para garantir que nossos produtos sejam da mais alta qualidade.<\/p>\n<h3>Servi\u00e7o p\u00f3s-venda<\/h3>\n<p>Oferecemos um servi\u00e7o p\u00f3s-venda completo, incluindo suporte t\u00e9cnico, manuten\u00e7\u00e3o e servi\u00e7os de reparo, para garantir que nossos clientes recebam servi\u00e7os oportunos e profissionais.<\/p>\n<p>Autor: lyl.<\/p>","protected":false},"excerpt":{"rendered":"<p>Bucket Cylinder For Doosan Large Excavator DX700LC Introduction What is Bucket Cylinder? The bucket cylinder is a specially designed hydraulic cylinder that is primarily used to control the movement of the bucket in heavy machinery such as excavators, backhoe loaders, and front-end loaders. Its primary function is to allow the bucket to lift, lower, and [&hellip;]<\/p>","protected":false},"featured_media":14765,"comment_status":"open","ping_status":"closed","template":"","meta":{"_et_pb_use_builder":"","_et_pb_old_content":"","_et_gb_content_width":""},"product_brand":[],"product_cat":[1494],"product_tag":[1495,1496],"class_list":{"0":"post-15294","1":"product","2":"type-product","3":"status-publish","4":"has-post-thumbnail","6":"product_cat-bucket-cylinders","7":"product_tag-bucket-cylinders","8":"product_tag-hydraulic-cylinders","10":"first","11":"instock","12":"shipping-taxable","13":"product-type-simple"},"amp_enabled":true,"_links":{"self":[{"href":"https:\/\/www.hydraulic-cylinders.net\/pt\/wp-json\/wp\/v2\/product\/15294","targetHints":{"allow":["GET"]}}],"collection":[{"href":"https:\/\/www.hydraulic-cylinders.net\/pt\/wp-json\/wp\/v2\/product"}],"about":[{"href":"https:\/\/www.hydraulic-cylinders.net\/pt\/wp-json\/wp\/v2\/types\/product"}],"replies":[{"embeddable":true,"href":"https:\/\/www.hydraulic-cylinders.net\/pt\/wp-json\/wp\/v2\/comments?post=15294"}],"wp:featuredmedia":[{"embeddable":true,"href":"https:\/\/www.hydraulic-cylinders.net\/pt\/wp-json\/wp\/v2\/media\/14765"}],"wp:attachment":[{"href":"https:\/\/www.hydraulic-cylinders.net\/pt\/wp-json\/wp\/v2\/media?parent=15294"}],"wp:term":[{"taxonomy":"product_brand","embeddable":true,"href":"https:\/\/www.hydraulic-cylinders.net\/pt\/wp-json\/wp\/v2\/product_brand?post=15294"},{"taxonomy":"product_cat","embeddable":true,"href":"https:\/\/www.hydraulic-cylinders.net\/pt\/wp-json\/wp\/v2\/product_cat?post=15294"},{"taxonomy":"product_tag","embeddable":true,"href":"https:\/\/www.hydraulic-cylinders.net\/pt\/wp-json\/wp\/v2\/product_tag?post=15294"}],"curies":[{"name":"wp","href":"https:\/\/api.w.org\/{rel}","templated":true}]}}