{"id":15308,"date":"2025-01-19T14:21:57","date_gmt":"2025-01-19T14:21:57","guid":{"rendered":"https:\/\/www.hydraulic-cylinders.net\/product\/bucket-cylinder-for-hyundai-small-excavator-r130-5\/"},"modified":"2025-01-19T14:21:59","modified_gmt":"2025-01-19T14:21:59","slug":"bucket-cylinder-for-hyundai-small-excavator-r130-5","status":"publish","type":"product","link":"https:\/\/www.hydraulic-cylinders.net\/pt\/produto\/bucket-cylinder-for-hyundai-small-excavator-r130-5\/","title":{"rendered":"Cilindro da ca\u00e7amba para mini escavadeira Hyundai R130-5"},"content":{"rendered":"<h1>Cilindro da ca\u00e7amba para mini escavadeira Hyundai R130-5<\/h1>\n<h2>Introdu\u00e7\u00e3o<\/h2>\n<p>O cilindro da ca\u00e7amba para a miniescavadeira Hyundai R130-5 \u00e9 um cilindro hidr\u00e1ulico especialmente projetado para controlar o movimento da ca\u00e7amba em m\u00e1quinas pesadas, como escavadeiras, retroescavadeiras e p\u00e1s carregadeiras. Sua principal fun\u00e7\u00e3o \u00e9 permitir que a ca\u00e7amba seja levantada, abaixada e inclinada, facilitando o manuseio de diversos materiais. No sistema hidr\u00e1ulico, o cilindro da ca\u00e7amba proporciona um controle preciso da ca\u00e7amba por meio de varia\u00e7\u00f5es na press\u00e3o do \u00f3leo hidr\u00e1ulico, permitindo que os operadores manuseiem cargas pesadas com efici\u00eancia e se adaptem a ambientes de trabalho complexos e diversas exig\u00eancias da tarefa.<\/p>\n<p><img decoding=\"async\" src=\"https:\/\/www.hydraulic-cylinders.net\/wp-content\/uploads\/2025\/01\/songte-company-2.webp\" alt=\"Cilindro de ca\u00e7amba\" \/><\/p>\n<h2>Caracter\u00edsticas<\/h2>\n<ul>\n<li>Alta resist\u00eancia e durabilidade: Geralmente fabricado em a\u00e7o ou alum\u00ednio de alta resist\u00eancia, suporta alta press\u00e3o e cargas pesadas, adapta-se a ambientes de trabalho severos e \u00e9 projetado para resist\u00eancia ao desgaste e \u00e0 corros\u00e3o, prolongando sua vida \u00fatil.<\/li>\n<li>Opera\u00e7\u00e3o hidr\u00e1ulica eficiente: Movimentos suaves de extens\u00e3o e contra\u00e7\u00e3o s\u00e3o obtidos utilizando a press\u00e3o do \u00f3leo hidr\u00e1ulico, permitindo uma resposta r\u00e1pida aos comandos operacionais, fornecendo uma for\u00e7a de tra\u00e7\u00e3o e compress\u00e3o potente e sendo adequado para o manuseio de cargas pesadas e tarefas complexas.<\/li>\n<li>Diversos tipos: Pode ser selecionado como cilindro de a\u00e7\u00e3o simples (hidr\u00e1ulico utilizado apenas em uma dire\u00e7\u00e3o) ou de a\u00e7\u00e3o dupla (hidr\u00e1ulico utilizado em ambas as dire\u00e7\u00f5es), de acordo com as necessidades para atender a diferentes requisitos operacionais. Alguns modelos s\u00e3o telesc\u00f3picos, permitindo maior extens\u00e3o sem aumentar as dimens\u00f5es externas, adequados para aplica\u00e7\u00f5es com espa\u00e7o limitado.<\/li>\n<li>F\u00e1cil de instalar e manter: Nossos produtos podem substituir perfeitamente esses cilindros hidr\u00e1ulicos.<\/li>\n<\/ul>\n<p><img decoding=\"async\" src=\"https:\/\/www.hydraulic-cylinders.net\/wp-content\/uploads\/2025\/01\/songte-cylinder-head-with-all-kinds-excavator-models.webp\" alt=\"Modelos de cilindros de ca\u00e7amba\" \/><\/p>\n<h2>Aplica\u00e7\u00f5es<\/h2>\n<p>O cilindro de ca\u00e7amba tem uma ampla gama de aplica\u00e7\u00f5es, incluindo:<\/p>\n<ul>\n<li>Equipamentos de constru\u00e7\u00e3o: Em escavadeiras, s\u00e3o essenciais para escavar, carregar e movimentar terra ou entulho. Em retroescavadeiras, o cilindro da ca\u00e7amba auxilia tanto na escava\u00e7\u00e3o quanto no levantamento. <\/li>\n<li>M\u00e1quinas agr\u00edcolas: Utilizadas em p\u00e1s carregadeiras frontais para recolher, levantar e transportar terra, feno e outros materiais. <\/li>\n<li>Escavadeiras: O cilindro da ca\u00e7amba realiza a a\u00e7\u00e3o de escava\u00e7\u00e3o permitindo que a ca\u00e7amba penetre no solo. <\/li>\n<li>Carregadeiras: Em carregadeiras frontais, elas auxiliam no levantamento e inclina\u00e7\u00e3o eficiente de mercadorias. <\/li>\n<\/ul>\n<h2>Considera\u00e7\u00f5es de design e crit\u00e9rios de sele\u00e7\u00e3o<\/h2>\n<p>Ao utilizar o cilindro com ca\u00e7amba, devem ser observadas as seguintes considera\u00e7\u00f5es de projeto e crit\u00e9rios de sele\u00e7\u00e3o:<\/p>\n<ul>\n<li>Capacidade de carga: O cilindro deve ser capaz de suportar o peso da carga que transporta.<\/li>\n<li>Veda\u00e7\u00e3o: Diversos componentes de veda\u00e7\u00e3o precisam ser selecionados com base em sua resist\u00eancia ao desgaste, como veda\u00e7\u00f5es de pist\u00e3o, veda\u00e7\u00f5es de haste, etc. A escolha do material de veda\u00e7\u00e3o tamb\u00e9m deve ser considerada para evitar vazamentos de \u00f3leo hidr\u00e1ulico.<\/li>\n<li>Durabilidade: O cilindro deve ser capaz de suportar cargas pesadas e ambientes de trabalho severos que possa encontrar, e a superf\u00edcie do corpo do cilindro e da extremidade roscada deve ser bem tratada para melhorar a resist\u00eancia ao desgaste.<\/li>\n<li>Seguran\u00e7a: Devem ser tomadas medidas de seguran\u00e7a para prevenir acidentes durante a opera\u00e7\u00e3o.<\/li>\n<li>Manuten\u00e7\u00e3o: O cilindro precisa ser lubrificado regularmente com \u00f3leo hidr\u00e1ulico, e v\u00e1rios componentes devem ser verificados periodicamente para manuten\u00e7\u00e3o.<\/li>\n<\/ul>\n<p><img decoding=\"async\" src=\"https:\/\/www.hydraulic-cylinders.net\/wp-content\/uploads\/2025\/01\/songte-oil-pipes-and-spare-parts.webp\" alt=\"Pe\u00e7as de reposi\u00e7\u00e3o\" \/><\/p>\n<h2>Veda\u00e7\u00e3o e Lubrifica\u00e7\u00e3o<\/h2>\n<p>Diversos componentes de veda\u00e7\u00e3o, como veda\u00e7\u00f5es de pist\u00e3o, veda\u00e7\u00f5es de haste, etc., precisam ser utilizados, e materiais de veda\u00e7\u00e3o como poliuretano e borracha nitr\u00edlica, etc., devem ser considerados devido \u00e0 sua resist\u00eancia ao desgaste para evitar vazamentos de \u00f3leo. O corpo do cilindro e a superf\u00edcie da extremidade roscada devem ser tratados com precis\u00e3o para melhorar a resist\u00eancia ao desgaste e lubrificados regularmente com \u00f3leo hidr\u00e1ulico para garantir um funcionamento suave.<\/p>\n<h2>Manuten\u00e7\u00e3o e Reparo<\/h2>\n<p>Verifica\u00e7\u00f5es regulares, lubrifica\u00e7\u00e3o adequada, substitui\u00e7\u00e3o de veda\u00e7\u00f5es e calibra\u00e7\u00f5es s\u00e3o tarefas comuns de manuten\u00e7\u00e3o. A instala\u00e7\u00e3o, lubrifica\u00e7\u00e3o e ajuste corretos s\u00e3o essenciais, e orienta\u00e7\u00f5es adequadas de alinhamento devem ser fornecidas durante a instala\u00e7\u00e3o. Recomenda-se o uso de suportes de instala\u00e7\u00e3o apropriados para fixar o cilindro e a ado\u00e7\u00e3o de procedimentos recomendados de inspe\u00e7\u00e3o, reparo e substitui\u00e7\u00e3o para prolongar a vida \u00fatil do cilindro.<\/p>\n<p><img decoding=\"async\" src=\"https:\/\/www.hydraulic-cylinders.net\/wp-content\/uploads\/2025\/01\/songte-chushion-collar.webp\" alt=\"Coleira almofadada\" \/><\/p>\n<h2>Considera\u00e7\u00f5es sobre seguran\u00e7a e meio ambiente<\/h2>\n<p>Ao utilizar o cilindro com ca\u00e7amba, devem ser tomadas medidas de seguran\u00e7a para evitar acidentes durante a opera\u00e7\u00e3o. Considera\u00e7\u00f5es ambientais, como vazamento de \u00f3leo e descarte de res\u00edduos, tamb\u00e9m devem ser levadas em conta.<\/p>\n<h2>Problemas comuns e resolu\u00e7\u00e3o de problemas<\/h2>\n<p>Problemas comuns com o cilindro da ca\u00e7amba incluem vazamentos, ru\u00eddos anormais e deforma\u00e7\u00e3o do corpo do cilindro. Dicas e solu\u00e7\u00f5es para a resolu\u00e7\u00e3o de problemas podem ajudar os leitores a diagnosticar e solucionar problemas com efic\u00e1cia, e medidas preventivas podem minimizar poss\u00edveis problemas.<\/p>\n<p><img decoding=\"async\" src=\"https:\/\/www.hydraulic-cylinders.net\/wp-content\/uploads\/2025\/01\/songte-bushings-with-all-kinds-of-excavator-models.webp\" alt=\"Buchas\" \/><\/p>\n<h2>Sobre nossa empresa<\/h2>\n<p>We are a hydraulic cylinder manufacturer specializing in replacement cylinders. Our products are complete, making us one of the leading hydraulic cylinder manufacturers and wholesale distributors in the domestic and international markets. We adhere to the principle of excellent quality and rely on the industrial production management strategy of a refined manufacturing workshop. We continuously improve the manufacturing platform, perfect the product quality production route, and have strong creativity and high efficiency, high accuracy, and high-quality principles to meet customers&#8217; diverse needs.<\/p>\n<p><img decoding=\"async\" src=\"https:\/\/hzpt.com\/wp-content\/uploads\/2024\/11\/songte-company-1.webp\" alt=\"Empresa\" \/><\/p>\n<h2>Profissionalismo<\/h2>\n<p>Nossa empresa conta com uma equipe de t\u00e9cnicos especializados capazes de projetar e desenvolver cilindros hidr\u00e1ulicos personalizados de acordo com as necessidades do cliente. Possu\u00edmos uma equipe experiente que oferece servi\u00e7os profissionais e suporte confi\u00e1vel aos nossos clientes.<\/p>\n<h2>Certifica\u00e7\u00e3o Internacional<\/h2>\n<p>Obtivemos certifica\u00e7\u00f5es internacionais, como a ISO9001, e passamos por diversos testes de qualidade e seguran\u00e7a para garantir que nossos produtos atendam aos padr\u00f5es internacionais e sejam de alta qualidade.<\/p>\n<h2>Servi\u00e7os Personalizados<\/h2>\n<p>Nossa empresa oferece servi\u00e7os personalizados e podemos produzir cilindros hidr\u00e1ulicos de acordo com as necessidades e desenhos do cliente, fornecendo solu\u00e7\u00f5es sob medida para atender \u00e0s suas necessidades espec\u00edficas.<\/p>\n<h2>Equipamentos de produ\u00e7\u00e3o<\/h2>\n<p>Nossa empresa possui um conjunto completo de equipamentos avan\u00e7ados de produ\u00e7\u00e3o e teste, incluindo tornos CNC, centros de usinagem CNC, retificadoras de superf\u00edcie e outros equipamentos de fabrica\u00e7\u00e3o. Adotamos um processo de fabrica\u00e7\u00e3o refinado para garantir a precis\u00e3o e a qualidade de cada cilindro hidr\u00e1ulico.<\/p>\n<h2>Servi\u00e7o p\u00f3s-venda<\/h2>\n<p>Nossa empresa oferece aos clientes um servi\u00e7o p\u00f3s-venda de qualidade, incluindo manuten\u00e7\u00e3o regular, reparo e substitui\u00e7\u00e3o de pe\u00e7as. Tamb\u00e9m fornecemos suporte t\u00e9cnico e orienta\u00e7\u00e3o para ajud\u00e1-los a solucionar problemas no uso de cilindros hidr\u00e1ulicos.<\/p>\n<p>Autor: lyl<\/p>","protected":false},"excerpt":{"rendered":"<p>Bucket Cylinder For Hyundai Small Excavator R130-5 Introduction The bucket cylinder for Hyundai small excavator R130-5 is a specially designed hydraulic cylinder mainly used to control the movement of the bucket in heavy machinery, such as excavators, backhoe loaders, and front-end loaders. Its main function is to enable the bucket to be lifted, lowered, and [&hellip;]<\/p>","protected":false},"featured_media":14769,"comment_status":"open","ping_status":"closed","template":"","meta":{"_et_pb_use_builder":"","_et_pb_old_content":"","_et_gb_content_width":""},"product_brand":[],"product_cat":[1494],"product_tag":[1495,1496],"class_list":{"0":"post-15308","1":"product","2":"type-product","3":"status-publish","4":"has-post-thumbnail","6":"product_cat-bucket-cylinders","7":"product_tag-bucket-cylinders","8":"product_tag-hydraulic-cylinders","10":"first","11":"instock","12":"shipping-taxable","13":"product-type-simple"},"amp_enabled":true,"_links":{"self":[{"href":"https:\/\/www.hydraulic-cylinders.net\/pt\/wp-json\/wp\/v2\/product\/15308","targetHints":{"allow":["GET"]}}],"collection":[{"href":"https:\/\/www.hydraulic-cylinders.net\/pt\/wp-json\/wp\/v2\/product"}],"about":[{"href":"https:\/\/www.hydraulic-cylinders.net\/pt\/wp-json\/wp\/v2\/types\/product"}],"replies":[{"embeddable":true,"href":"https:\/\/www.hydraulic-cylinders.net\/pt\/wp-json\/wp\/v2\/comments?post=15308"}],"wp:featuredmedia":[{"embeddable":true,"href":"https:\/\/www.hydraulic-cylinders.net\/pt\/wp-json\/wp\/v2\/media\/14769"}],"wp:attachment":[{"href":"https:\/\/www.hydraulic-cylinders.net\/pt\/wp-json\/wp\/v2\/media?parent=15308"}],"wp:term":[{"taxonomy":"product_brand","embeddable":true,"href":"https:\/\/www.hydraulic-cylinders.net\/pt\/wp-json\/wp\/v2\/product_brand?post=15308"},{"taxonomy":"product_cat","embeddable":true,"href":"https:\/\/www.hydraulic-cylinders.net\/pt\/wp-json\/wp\/v2\/product_cat?post=15308"},{"taxonomy":"product_tag","embeddable":true,"href":"https:\/\/www.hydraulic-cylinders.net\/pt\/wp-json\/wp\/v2\/product_tag?post=15308"}],"curies":[{"name":"wp","href":"https:\/\/api.w.org\/{rel}","templated":true}]}}