{"id":15310,"date":"2025-01-19T14:22:11","date_gmt":"2025-01-19T14:22:11","guid":{"rendered":"https:\/\/www.hydraulic-cylinders.net\/product\/bucket-cylinder-for-hyundai-small-excavator-r110-7-9\/"},"modified":"2025-01-19T14:22:13","modified_gmt":"2025-01-19T14:22:13","slug":"bucket-cylinder-for-hyundai-small-excavator-r110-7-9","status":"publish","type":"product","link":"https:\/\/www.hydraulic-cylinders.net\/pt\/produto\/bucket-cylinder-for-hyundai-small-excavator-r110-7-9\/","title":{"rendered":"Cilindro da ca\u00e7amba para mini escavadeira Hyundai R110-7-9"},"content":{"rendered":"<h1>Cilindro da ca\u00e7amba para mini escavadeira Hyundai R110-7-9<\/h1>\n<h2>Introdu\u00e7\u00e3o<\/h2>\n<h3>Definindo o Cilindro do Balde<\/h3>\n<p>O cilindro da ca\u00e7amba \u00e9 um cilindro hidr\u00e1ulico especialmente projetado para controlar o movimento da ca\u00e7amba em m\u00e1quinas pesadas, como escavadeiras, retroescavadeiras e p\u00e1s carregadeiras. Sua principal fun\u00e7\u00e3o \u00e9 permitir que a ca\u00e7amba suba, des\u00e7a e incline, facilitando diversas tarefas de movimenta\u00e7\u00e3o de materiais. No sistema hidr\u00e1ulico, o cilindro da ca\u00e7amba proporciona um controle preciso da ca\u00e7amba atrav\u00e9s da varia\u00e7\u00e3o da press\u00e3o do \u00f3leo hidr\u00e1ulico, permitindo que o operador manuseie objetos pesados \u200b\u200bcom efici\u00eancia e se adapte a ambientes de trabalho complexos e diversas exig\u00eancias da tarefa.<\/p>\n<p><img decoding=\"async\" src=\"https:\/\/www.hydraulic-cylinders.net\/wp-content\/uploads\/2025\/01\/songte-company-2.webp\" alt=\"Imagem do cilindro da ca\u00e7amba\"><\/p>\n<h3>Caracter\u00edsticas do cilindro da ca\u00e7amba<\/h3>\n<ul>\n<li>Alta resist\u00eancia e durabilidade: Normalmente fabricado em a\u00e7o ou alum\u00ednio de alta resist\u00eancia, suporta alta press\u00e3o e cargas pesadas, adaptando-se a ambientes de trabalho severos, e projetado com resist\u00eancia ao desgaste e \u00e0 corros\u00e3o para prolongar a vida \u00fatil.<\/li>\n<li>Opera\u00e7\u00e3o hidr\u00e1ulica eficiente: Movimentos suaves de extens\u00e3o e contra\u00e7\u00e3o s\u00e3o obtidos atrav\u00e9s da press\u00e3o do \u00f3leo hidr\u00e1ulico, que responde rapidamente aos comandos de controle, fornece forte for\u00e7a de empurrar e puxar e \u00e9 adequado para manusear objetos pesados \u200b\u200be realizar tarefas complexas.<\/li>\n<li>Diversos tipos: Cilindros de a\u00e7\u00e3o simples (que utilizam o sistema hidr\u00e1ulico em apenas uma dire\u00e7\u00e3o) ou de a\u00e7\u00e3o dupla (que utilizam o sistema hidr\u00e1ulico em duas dire\u00e7\u00f5es) podem ser selecionados conforme a necessidade para atender a diferentes requisitos operacionais. Alguns modelos s\u00e3o telesc\u00f3picos, permitindo maior expans\u00e3o sem aumentar as dimens\u00f5es externas, o que os torna adequados para aplica\u00e7\u00f5es com espa\u00e7o limitado.<\/li>\n<li>Custo-benef\u00edcio: Nossos produtos podem substituir perfeitamente esses cilindros hidr\u00e1ulicos, sendo projetados para oferecer uma op\u00e7\u00e3o acess\u00edvel aos clientes, reduzindo custos.<\/li>\n<li>Flexibilidade: Podemos produzir este produto de acordo com as exig\u00eancias do cliente, levando em considera\u00e7\u00e3o as necessidades e demandas espec\u00edficas de cada um.<\/li>\n<\/ul>\n<p><img decoding=\"async\" src=\"https:\/\/www.hydraulic-cylinders.net\/wp-content\/uploads\/2025\/01\/songte-cylinder-head-with-all-kinds-excavator-models.webp\" alt=\"Imagem de modelos de cilindros de ca\u00e7amba\"><\/p>\n<h3>Aplica\u00e7\u00f5es do Cilindro de Ca\u00e7amba<\/h3>\n<p>Cilindros com ca\u00e7amba s\u00e3o utilizados em uma ampla variedade de ind\u00fastrias e aplica\u00e7\u00f5es, incluindo:<\/p>\n<ul>\n<li>Equipamentos de constru\u00e7\u00e3o: Em escavadeiras, s\u00e3o essenciais para escavar, carregar e movimentar solo ou entulho. Em retroescavadeiras, os cilindros da ca\u00e7amba auxiliam tanto na escava\u00e7\u00e3o quanto no levantamento de materiais. <\/li>\n<li>M\u00e1quinas agr\u00edcolas: usadas em carregadeiras frontais para recolher, levantar e transportar solo, feno e outros materiais. <\/li>\n<li>Escavadeiras: Um cilindro de ca\u00e7amba possibilita a a\u00e7\u00e3o de escava\u00e7\u00e3o, permitindo que a ca\u00e7amba penetre no solo. <\/li>\n<li>Carregadores: Em carregadeiras frontais, eles auxiliam no levantamento e inclina\u00e7\u00e3o eficiente da carga.<\/li>\n<\/ul>\n<p>Abaixo est\u00e3o alguns exemplos espec\u00edficos de aplica\u00e7\u00f5es de cilindros de ca\u00e7amba:<\/p>\n<h4>Equipamentos de constru\u00e7\u00e3o<\/h4>\n<p>Em escavadeiras, os cilindros da ca\u00e7amba s\u00e3o usados \u200b\u200bpara escavar, carregar e movimentar solo ou entulho. Com a ajuda do cilindro da ca\u00e7amba, a escavadeira consegue atingir uma profundidade e um \u00e2ngulo de escava\u00e7\u00e3o precisos, e o operador pode controlar o movimento da ca\u00e7amba com facilidade. Da mesma forma, em retroescavadeiras, o cilindro da ca\u00e7amba permite que a ca\u00e7amba penetre no solo e auxilia no levantamento e despejo de entulho.<\/p>\n<h4>Maquinaria agr\u00edcola<\/h4>\n<p>O cilindro da ca\u00e7amba \u00e9 utilizado em p\u00e1s carregadeiras frontais para recolher, levantar e transportar terra, feno e outros materiais. Os movimentos suaves de extens\u00e3o e contra\u00e7\u00e3o do cilindro permitem o manuseio eficiente de materiais pesados, e o operador pode usar o joystick para controlar o movimento da ca\u00e7amba.<\/p>\n<h4>Escavadeiras<\/h4>\n<p>O cilindro da ca\u00e7amba permite a escava\u00e7\u00e3o, possibilitando que a ca\u00e7amba penetre no solo. O cilindro controla tanto a profundidade quanto o \u00e2ngulo de escava\u00e7\u00e3o, tornando-se um componente essencial da escavadeira.<\/p>\n<h4>Carregadores<\/h4>\n<p>Em p\u00e1s carregadeiras, os cilindros da ca\u00e7amba auxiliam no levantamento e inclina\u00e7\u00e3o da carga de forma eficaz. Os movimentos de extens\u00e3o e contra\u00e7\u00e3o do cilindro permitem um levantamento suave, e o operador pode controlar a ca\u00e7amba com facilidade.<\/p>\n<h3>Considera\u00e7\u00f5es de design e crit\u00e9rios de sele\u00e7\u00e3o<\/h3>\n<p>Ao selecionar um cilindro de ca\u00e7amba, \u00e9 importante considerar os seguintes crit\u00e9rios de projeto e sele\u00e7\u00e3o:<\/p>\n<ul>\n<li>Capacidade de carga: O cilindro deve ser capaz de suportar a capacidade de carga necess\u00e1ria e a press\u00e3o do \u00f3leo hidr\u00e1ulico.<\/li>\n<li>Veda\u00e7\u00e3o: O cilindro deve ser vedado adequadamente para evitar vazamento de \u00f3leo e contamina\u00e7\u00e3o.<\/li>\n<li>Durabilidade: O cilindro deve ser feito de materiais de alta qualidade que possam suportar ambientes de trabalho severos e prolongar sua vida \u00fatil.<\/li>\n<li>Seguran\u00e7a: O projeto do cilindro deve levar em considera\u00e7\u00e3o aspectos de seguran\u00e7a para evitar acidentes ou danos ao equipamento.<\/li>\n<li>Manuten\u00e7\u00e3o: O cilindro deve ser projetado para permitir f\u00e1cil manuten\u00e7\u00e3o, reparo e substitui\u00e7\u00e3o de pe\u00e7as.<\/li>\n<\/ul>\n<p><img decoding=\"async\" src=\"https:\/\/www.hydraulic-cylinders.net\/wp-content\/uploads\/2025\/01\/songte-oil-pipes-and-spare-parts.webp\" alt=\"Imagem de pe\u00e7as sobressalentes para cilindro de ca\u00e7amba\"><\/p>\n<h3>Veda\u00e7\u00e3o e Lubrifica\u00e7\u00e3o<\/h3>\n<p>O cilindro da ca\u00e7amba utiliza diversos componentes de veda\u00e7\u00e3o, como veda\u00e7\u00f5es de pist\u00e3o, veda\u00e7\u00f5es de haste, etc., fabricados com materiais resistentes ao desgaste, como poliuretano e borracha nitr\u00edlica, para evitar vazamentos de \u00f3leo hidr\u00e1ulico. O corpo do cilindro e as superf\u00edcies das extremidades da rosca passam por um processo de usinagem de precis\u00e3o, o que aumenta a resist\u00eancia ao desgaste e \u00e0 corros\u00e3o. \u00c9 importante adicionar regularmente a quantidade adequada de \u00f3leo hidr\u00e1ulico para garantir a lubrifica\u00e7\u00e3o correta do cilindro.<\/p>\n<h3>Manuten\u00e7\u00e3o e Reparo<\/h3>\n<p>A manuten\u00e7\u00e3o e o reparo regulares s\u00e3o essenciais para garantir o funcionamento adequado e a longevidade do cilindro da ca\u00e7amba. As tarefas comuns de manuten\u00e7\u00e3o incluem inspe\u00e7\u00f5es regulares, lubrifica\u00e7\u00e3o, substitui\u00e7\u00e3o de veda\u00e7\u00f5es e verifica\u00e7\u00f5es de calibra\u00e7\u00e3o. \u00c9 importante instalar o cilindro corretamente, alinh\u00e1-lo adequadamente e usar suportes apropriados para fix\u00e1-lo no lugar. Em caso de mau funcionamento, o diagn\u00f3stico e o reparo imediatos s\u00e3o necess\u00e1rios. Fornecemos pe\u00e7as de reposi\u00e7\u00e3o e servi\u00e7os de recondicionamento para prolongar a vida \u00fatil do cilindro.<\/p>\n<p><img decoding=\"async\" src=\"https:\/\/www.hydraulic-cylinders.net\/wp-content\/uploads\/2025\/01\/songte-chushion-collar.webp\" alt=\"Imagem do colar do cilindro da ca\u00e7amba\"><\/p>\n<h3>Considera\u00e7\u00f5es sobre seguran\u00e7a e meio ambiente<\/h3>\n<p>Ao utilizar cilindros hidr\u00e1ulicos para ca\u00e7ambas, \u00e9 essencial seguir as normas de seguran\u00e7a para evitar acidentes e danos ao equipamento. \u00c9 importante garantir que o cilindro esteja instalado corretamente e alinhado adequadamente para evitar desgaste. Al\u00e9m disso, inspe\u00e7\u00f5es e manuten\u00e7\u00f5es regulares s\u00e3o necess\u00e1rias para assegurar o bom funcionamento do cilindro e prevenir acidentes. \u00c9 importante tamb\u00e9m levar em considera\u00e7\u00e3o aspectos ambientais, como o descarte correto do \u00f3leo hidr\u00e1ulico usado e outros res\u00edduos.<\/p>\n<h3>Solu\u00e7\u00e3o de problemas e problemas comuns<\/h3>\n<p>Problemas comuns em cilindros de ca\u00e7amba incluem vazamento de \u00f3leo, lubrifica\u00e7\u00e3o insuficiente e desalinhamento. O cilindro pode apresentar mau funcionamento se as veda\u00e7\u00f5es estiverem desgastadas ou danificadas. Inspe\u00e7\u00f5es e manuten\u00e7\u00f5es regulares podem prevenir esses problemas. Caso surja algum problema, recomendamos consultar nossa equipe t\u00e9cnica para um diagn\u00f3stico e reparo r\u00e1pidos.<\/p>\n<p><img decoding=\"async\" src=\"https:\/\/www.hydraulic-cylinders.net\/wp-content\/uploads\/2025\/01\/songte-bushings-with-all-kinds-of-excavator-models.webp\" alt=\"Imagem das buchas do cilindro da ca\u00e7amba\"><\/p>\n<h2>Sobre nossa empresa<\/h2>\n<p>Somos um fabricante e distribuidor l\u00edder de cilindros hidr\u00e1ulicos, oferecendo uma ampla variedade de produtos e solu\u00e7\u00f5es para atender \u00e0s necessidades de diversos setores. Seguimos uma filosofia de excel\u00eancia em qualidade e utilizamos estrat\u00e9gias avan\u00e7adas de gest\u00e3o de produ\u00e7\u00e3o em nossas modernas instala\u00e7\u00f5es. Nossa empresa investe em tecnologia, equipamentos e sistemas de teste profissionais para desenvolver uma linha de produ\u00e7\u00e3o eficiente, precisa e de alta qualidade que atenda \u00e0s necessidades de nossos clientes. Podemos fornecer servi\u00e7os e solu\u00e7\u00f5es personalizados para atender \u00e0s necessidades espec\u00edficas de cada cliente.<\/p>\n<h3>Profissionalismo<\/h3>\n<p>Nossa equipe experiente de profissionais oferece suporte t\u00e9cnico especializado e consultoria aos nossos clientes, garantindo que atendamos \u00e0s suas necessidades e superemos suas expectativas. Asseguramos que cada produto seja testado e inspecionado para garantir alta qualidade e funcionalidade.<\/p>\n<h3>Certifica\u00e7\u00e3o Internacional<\/h3>\n<p>Nossos produtos s\u00e3o certificados por organiza\u00e7\u00f5es e normas internacionais, garantindo que nosso processo de fabrica\u00e7\u00e3o e controle de qualidade atendam aos padr\u00f5es da ind\u00fastria. Exportamos nossos produtos para clientes em todo o mundo e constru\u00edmos uma reputa\u00e7\u00e3o de qualidade, confiabilidade e efici\u00eancia.<\/p>\n<h3>Personaliza\u00e7\u00e3o<\/h3>\n<p>Podemos personalizar nossos produtos para atender \u00e0s necessidades espec\u00edficas de cada cliente, garantindo que oferecemos a melhor solu\u00e7\u00e3o para suas demandas. Nossos produtos s\u00e3o projetados para serem flex\u00edveis, econ\u00f4micos e adapt\u00e1veis \u200b\u200ba diversos ambientes e aplica\u00e7\u00f5es de trabalho.<\/p>\n<h3>Equipamentos de produ\u00e7\u00e3o<\/h3>\n<p>Utilizamos equipamentos e maquin\u00e1rios de fabrica\u00e7\u00e3o avan\u00e7ados para garantir que nossos produtos atendam aos mais altos padr\u00f5es de qualidade. Nossa linha de produ\u00e7\u00e3o est\u00e1 equipada com as mais modernas m\u00e1quinas CNC, retificadoras, tornos e outros equipamentos especializados para atender \u00e0s necessidades espec\u00edficas de cada cliente.<\/p>\n<h3>Servi\u00e7o p\u00f3s-venda<\/h3>\n<p>Oferecemos servi\u00e7os e suporte p\u00f3s-venda para garantir a satisfa\u00e7\u00e3o dos nossos clientes com os nossos produtos. Fornecemos suporte t\u00e9cnico, pe\u00e7as de reposi\u00e7\u00e3o e servi\u00e7os de remanufatura para prolongar a vida \u00fatil dos nossos produtos e maximizar o seu valor para os nossos clientes.<\/p>\n<p><img decoding=\"async\" src=\"https:\/\/hzpt.com\/wp-content\/uploads\/2024\/11\/songte-company-1.webp\" alt=\"A imagem da nossa empresa\"><\/p>\n<p>Autor: lyl<\/p>","protected":false},"excerpt":{"rendered":"<p>Bucket Cylinder For Hyundai Small Excavator R110-7-9 Introduction Defining Bucket Cylinder A bucket cylinder is a specially designed hydraulic cylinder used to control the movement of the bucket in heavy machinery such as excavators, backhoe excavators, and front-end loaders. Its main function is to enable the bucket to lift, lower and tilt, thus facilitating various [&hellip;]<\/p>","protected":false},"featured_media":14762,"comment_status":"open","ping_status":"closed","template":"","meta":{"_et_pb_use_builder":"","_et_pb_old_content":"","_et_gb_content_width":""},"product_brand":[],"product_cat":[1494],"product_tag":[1495,1496],"class_list":{"0":"post-15310","1":"product","2":"type-product","3":"status-publish","4":"has-post-thumbnail","6":"product_cat-bucket-cylinders","7":"product_tag-bucket-cylinders","8":"product_tag-hydraulic-cylinders","10":"first","11":"instock","12":"shipping-taxable","13":"product-type-simple"},"amp_enabled":true,"_links":{"self":[{"href":"https:\/\/www.hydraulic-cylinders.net\/pt\/wp-json\/wp\/v2\/product\/15310","targetHints":{"allow":["GET"]}}],"collection":[{"href":"https:\/\/www.hydraulic-cylinders.net\/pt\/wp-json\/wp\/v2\/product"}],"about":[{"href":"https:\/\/www.hydraulic-cylinders.net\/pt\/wp-json\/wp\/v2\/types\/product"}],"replies":[{"embeddable":true,"href":"https:\/\/www.hydraulic-cylinders.net\/pt\/wp-json\/wp\/v2\/comments?post=15310"}],"wp:featuredmedia":[{"embeddable":true,"href":"https:\/\/www.hydraulic-cylinders.net\/pt\/wp-json\/wp\/v2\/media\/14762"}],"wp:attachment":[{"href":"https:\/\/www.hydraulic-cylinders.net\/pt\/wp-json\/wp\/v2\/media?parent=15310"}],"wp:term":[{"taxonomy":"product_brand","embeddable":true,"href":"https:\/\/www.hydraulic-cylinders.net\/pt\/wp-json\/wp\/v2\/product_brand?post=15310"},{"taxonomy":"product_cat","embeddable":true,"href":"https:\/\/www.hydraulic-cylinders.net\/pt\/wp-json\/wp\/v2\/product_cat?post=15310"},{"taxonomy":"product_tag","embeddable":true,"href":"https:\/\/www.hydraulic-cylinders.net\/pt\/wp-json\/wp\/v2\/product_tag?post=15310"}],"curies":[{"name":"wp","href":"https:\/\/api.w.org\/{rel}","templated":true}]}}