{"id":15334,"date":"2025-01-19T14:23:56","date_gmt":"2025-01-19T14:23:56","guid":{"rendered":"https:\/\/www.hydraulic-cylinders.net\/product\/bucket-cylinder-for-hyundai-wheel-excavator-r160w-5\/"},"modified":"2025-01-19T14:23:58","modified_gmt":"2025-01-19T14:23:58","slug":"bucket-cylinder-for-hyundai-wheel-excavator-r160w-5","status":"publish","type":"product","link":"https:\/\/www.hydraulic-cylinders.net\/pt\/produto\/bucket-cylinder-for-hyundai-wheel-excavator-r160w-5\/","title":{"rendered":"Cilindro da ca\u00e7amba para escavadeira de rodas Hyundai R160W-5"},"content":{"rendered":"<h1>Cilindro da ca\u00e7amba para escavadeira de rodas Hyundai R160W-5<\/h1>\n<h2>Introdu\u00e7\u00e3o<\/h2>\n<p>O cilindro da ca\u00e7amba para a escavadeira de rodas Hyundai R160W-5 \u00e9 um cilindro hidr\u00e1ulico especializado, projetado principalmente para controlar o movimento da ca\u00e7amba em m\u00e1quinas pesadas, como escavadeiras, retroescavadeiras e p\u00e1s carregadeiras. Sua fun\u00e7\u00e3o principal \u00e9 permitir que a ca\u00e7amba suba, des\u00e7a e incline, facilitando o manuseio de diversos materiais. No sistema hidr\u00e1ulico, o cilindro da ca\u00e7amba proporciona um controle preciso da ca\u00e7amba por meio de varia\u00e7\u00f5es na press\u00e3o do \u00f3leo hidr\u00e1ulico, permitindo que os operadores manuseiem cargas pesadas com efici\u00eancia e se adaptem a ambientes de trabalho complexos e diversas exig\u00eancias da tarefa.<\/p>\n<p><img decoding=\"async\" src=\"https:\/\/www.hydraulic-cylinders.net\/wp-content\/uploads\/2025\/01\/songte-company-2.webp\" alt=\"Cilindro de ca\u00e7amba\" \/><\/p>\n<h2>Caracter\u00edsticas<\/h2>\n<ul>\n<li>Alta resist\u00eancia e durabilidade: Normalmente fabricado em a\u00e7o ou alum\u00ednio de alta resist\u00eancia, suporta alta press\u00e3o e cargas pesadas, adaptando-se a ambientes de trabalho severos. O design considera a resist\u00eancia ao desgaste e \u00e0 corros\u00e3o, prolongando a vida \u00fatil.<\/li>\n<li>Opera\u00e7\u00e3o hidr\u00e1ulica eficiente: O movimento telesc\u00f3pico suave \u00e9 obtido atrav\u00e9s da press\u00e3o do \u00f3leo hidr\u00e1ulico, permitindo uma resposta r\u00e1pida aos comandos de controle, proporcionando uma for\u00e7a de tra\u00e7\u00e3o e compress\u00e3o potente e sendo adequado para o manuseio de cargas pesadas e tarefas complexas.<\/li>\n<li>Diversos tipos: Cilindros de a\u00e7\u00e3o simples (hidr\u00e1ulicos utilizados em apenas uma dire\u00e7\u00e3o) ou de a\u00e7\u00e3o dupla (hidr\u00e1ulicos utilizados em duas dire\u00e7\u00f5es) podem ser selecionados de acordo com as necessidades operacionais. Alguns modelos s\u00e3o telesc\u00f3picos, permitindo maior extens\u00e3o sem aumentar as dimens\u00f5es externas, sendo adequados para aplica\u00e7\u00f5es com espa\u00e7o limitado.<\/li>\n<li>Capacidade de produ\u00e7\u00e3o: Nossa empresa pode produzir este produto, e nosso produto pode substituir perfeitamente esses cilindros hidr\u00e1ulicos.<\/li>\n<\/ul>\n<p><img decoding=\"async\" src=\"https:\/\/www.hydraulic-cylinders.net\/wp-content\/uploads\/2025\/01\/songte-cylinder-head-with-all-kinds-excavator-models.webp\" alt=\"Cilindro de ca\u00e7amba\" \/><\/p>\n<h2>Aplica\u00e7\u00f5es<\/h2>\n<p>O cilindro da ca\u00e7amba para escavadeira de rodas Hyundai R160W-5 \u00e9 amplamente utilizado nas seguintes aplica\u00e7\u00f5es:<\/p>\n<ul>\n<li>Equipamentos de constru\u00e7\u00e3o: Em escavadeiras, s\u00e3o essenciais para escavar, carregar e movimentar terra ou entulho. Em retroescavadeiras, o cilindro da ca\u00e7amba auxilia tanto na escava\u00e7\u00e3o quanto no levantamento. Em p\u00e1s carregadeiras, ajudam a levantar e despejar materiais com efici\u00eancia.<\/li>\n<li>M\u00e1quinas agr\u00edcolas: Utilizadas em p\u00e1s carregadeiras para recolher, levantar e transportar terra, feno e outros materiais. Em escavadeiras, o cilindro da ca\u00e7amba realiza a escava\u00e7\u00e3o, permitindo que a ca\u00e7amba penetre no solo. <\/li>\n<\/ul>\n<h2>Considera\u00e7\u00f5es de projeto e padr\u00f5es de sele\u00e7\u00e3o<\/h2>\n<p>Ao projetar o cilindro da ca\u00e7amba para a escavadeira de rodas Hyundai R160W-5, os seguintes fatores-chave s\u00e3o considerados:<\/p>\n<ul>\n<li>Capacidade de carga: O cilindro deve ser capaz de suportar as cargas \u00e0s quais ser\u00e1 submetido durante a opera\u00e7\u00e3o.<\/li>\n<li>Veda\u00e7\u00e3o: O cilindro deve ter uma boa veda\u00e7\u00e3o para evitar vazamento de \u00f3leo hidr\u00e1ulico.<\/li>\n<li>Durabilidade: O cilindro deve ser capaz de suportar o ambiente de trabalho severo e o desgaste inerente a ele.<\/li>\n<li>Seguran\u00e7a: O cilindro deve ser projetado com foco na seguran\u00e7a para evitar acidentes durante a opera\u00e7\u00e3o.<\/li>\n<li>Facilidade de manuten\u00e7\u00e3o: O cilindro deve ser projetado de forma a permitir reparos e manuten\u00e7\u00e3o f\u00e1ceis, reduzindo custos e minimizando o tempo de inatividade.<\/li>\n<\/ul>\n<p><img decoding=\"async\" src=\"https:\/\/www.hydraulic-cylinders.net\/wp-content\/uploads\/2025\/01\/songte-oil-pipes-and-spare-parts.webp\" alt=\"Cilindro de ca\u00e7amba\" \/><\/p>\n<h2>Veda\u00e7\u00e3o e Lubrifica\u00e7\u00e3o<\/h2>\n<p>O cilindro da ca\u00e7amba da escavadeira de rodas Hyundai R160W-5 \u00e9 equipado com diversos dispositivos de veda\u00e7\u00e3o, como veda\u00e7\u00f5es de pist\u00e3o e de haste, fabricados com materiais resistentes ao desgaste, como poliuretano e borracha nitr\u00edlica. O corpo do cilindro e a superf\u00edcie da extremidade da rosca s\u00e3o finamente usinados para melhorar a resist\u00eancia ao desgaste. \u00c9 necess\u00e1rio adicionar regularmente a quantidade adequada de \u00f3leo hidr\u00e1ulico para lubrifica\u00e7\u00e3o.<\/p>\n<h2>Manuten\u00e7\u00e3o e Reparo<\/h2>\n<p>Inspe\u00e7\u00f5es regulares e medidas de manuten\u00e7\u00e3o preventiva s\u00e3o essenciais para garantir a longevidade do cilindro da ca\u00e7amba. As tarefas comuns de manuten\u00e7\u00e3o incluem:<\/p>\n<ul>\n<li>Inspe\u00e7\u00e3o regular<\/li>\n<li>Lubrifica\u00e7\u00e3o adequada<\/li>\n<li>Substitui\u00e7\u00e3o do selo<\/li>\n<li>Verifica\u00e7\u00e3o de calibra\u00e7\u00e3o<\/li>\n<\/ul>\n<p><img decoding=\"async\" src=\"https:\/\/www.hydraulic-cylinders.net\/wp-content\/uploads\/2025\/01\/songte-chushion-collar.webp\" alt=\"Cilindro de ca\u00e7amba\" \/><\/p>\n<h2>Considera\u00e7\u00f5es sobre seguran\u00e7a e meio ambiente<\/h2>\n<p>Ao utilizar o cilindro da ca\u00e7amba da escavadeira de rodas Hyundai R160W-5, devem ser tomadas as devidas precau\u00e7\u00f5es de seguran\u00e7a. \u00c9 essencial seguir os procedimentos corretos de instala\u00e7\u00e3o, opera\u00e7\u00e3o e manuten\u00e7\u00e3o para minimizar o risco de acidentes. Fatores ambientais, como vazamentos e derramamentos de \u00f3leo, tamb\u00e9m devem ser considerados e resolvidos imediatamente.<\/p>\n<h2>Solu\u00e7\u00e3o de problemas e problemas comuns<\/h2>\n<p>Problemas comuns com o cilindro da ca\u00e7amba da escavadeira de rodas Hyundai R160W-5 incluem vazamento de \u00f3leo, veda\u00e7\u00f5es danificadas e hastes do cilindro tortas. T\u00e9cnicas e solu\u00e7\u00f5es de diagn\u00f3stico est\u00e3o prontamente dispon\u00edveis para ajudar os operadores a identificar e resolver problemas, com medidas preventivas recomendadas para minimizar poss\u00edveis problemas.<\/p>\n<p><img decoding=\"async\" src=\"https:\/\/www.hydraulic-cylinders.net\/wp-content\/uploads\/2025\/01\/songte-bushings-with-all-kinds-of-excavator-models.webp\" alt=\"Cilindro de ca\u00e7amba\" \/><\/p>\n<h2>Sobre nossa empresa<\/h2>\n<p>Somos fabricantes de cilindros hidr\u00e1ulicos de reposi\u00e7\u00e3o com uma linha completa de produtos, consolidando-nos como um dos principais fabricantes e distribuidores atacadistas de cilindros hidr\u00e1ulicos nos mercados nacional e internacional. Seguimos o princ\u00edpio da excel\u00eancia em qualidade, apoiando-nos na estrat\u00e9gia de gest\u00e3o de produ\u00e7\u00e3o industrial de oficinas de fabrica\u00e7\u00e3o de alta precis\u00e3o, aprimorando continuamente a plataforma de produ\u00e7\u00e3o, aperfei\u00e7oando o processo produtivo e garantindo a qualidade dos produtos, al\u00e9m de possuirmos forte capacidade criativa. Atendemos \u00e0s diversas necessidades dos clientes com alta efici\u00eancia, alta precis\u00e3o e alta qualidade.<\/p>\n<p><img decoding=\"async\" src=\"https:\/\/hzpt.com\/wp-content\/uploads\/2024\/11\/songte-company-1.webp\" alt=\"Cilindro de ca\u00e7amba\" \/><\/p>\n<h3>Nossas especialidades:<\/h3>\n<ul>\n<li>Profissionalismo<\/li>\n<li>Certifica\u00e7\u00e3o Internacional<\/li>\n<li>Servi\u00e7os Personalizados<\/li>\n<li>Equipamentos de produ\u00e7\u00e3o<\/li>\n<li>Servi\u00e7o p\u00f3s-venda<\/li>\n<\/ul>\n<p>Esperamos que este artigo forne\u00e7a informa\u00e7\u00f5es \u00fateis sobre o cilindro da ca\u00e7amba para a escavadeira de rodas Hyundai R160W-5. Para obter mais informa\u00e7\u00f5es sobre nossos produtos e servi\u00e7os, visite nosso site ou entre em contato conosco diretamente.<\/p>\n<p>Autor: lyl<\/p>","protected":false},"excerpt":{"rendered":"<p>Bucket Cylinder For Hyundai Wheel Excavator R160W-5 Introduction The bucket cylinder for Hyundai wheel excavator R160W-5 is a specialized hydraulic cylinder designed mainly for controlling the movement of the bucket in heavy machinery such as excavators, backhoe excavators, and front-end loaders. Its primary function is to allow the bucket to lift, lower, and tilt, making [&hellip;]<\/p>","protected":false},"featured_media":14778,"comment_status":"open","ping_status":"closed","template":"","meta":{"_et_pb_use_builder":"","_et_pb_old_content":"","_et_gb_content_width":""},"product_brand":[],"product_cat":[1494],"product_tag":[1495,1496],"class_list":{"0":"post-15334","1":"product","2":"type-product","3":"status-publish","4":"has-post-thumbnail","6":"product_cat-bucket-cylinders","7":"product_tag-bucket-cylinders","8":"product_tag-hydraulic-cylinders","10":"first","11":"instock","12":"shipping-taxable","13":"product-type-simple"},"amp_enabled":true,"_links":{"self":[{"href":"https:\/\/www.hydraulic-cylinders.net\/pt\/wp-json\/wp\/v2\/product\/15334","targetHints":{"allow":["GET"]}}],"collection":[{"href":"https:\/\/www.hydraulic-cylinders.net\/pt\/wp-json\/wp\/v2\/product"}],"about":[{"href":"https:\/\/www.hydraulic-cylinders.net\/pt\/wp-json\/wp\/v2\/types\/product"}],"replies":[{"embeddable":true,"href":"https:\/\/www.hydraulic-cylinders.net\/pt\/wp-json\/wp\/v2\/comments?post=15334"}],"wp:featuredmedia":[{"embeddable":true,"href":"https:\/\/www.hydraulic-cylinders.net\/pt\/wp-json\/wp\/v2\/media\/14778"}],"wp:attachment":[{"href":"https:\/\/www.hydraulic-cylinders.net\/pt\/wp-json\/wp\/v2\/media?parent=15334"}],"wp:term":[{"taxonomy":"product_brand","embeddable":true,"href":"https:\/\/www.hydraulic-cylinders.net\/pt\/wp-json\/wp\/v2\/product_brand?post=15334"},{"taxonomy":"product_cat","embeddable":true,"href":"https:\/\/www.hydraulic-cylinders.net\/pt\/wp-json\/wp\/v2\/product_cat?post=15334"},{"taxonomy":"product_tag","embeddable":true,"href":"https:\/\/www.hydraulic-cylinders.net\/pt\/wp-json\/wp\/v2\/product_tag?post=15334"}],"curies":[{"name":"wp","href":"https:\/\/api.w.org\/{rel}","templated":true}]}}