{"id":15355,"date":"2025-01-19T14:25:34","date_gmt":"2025-01-19T14:25:34","guid":{"rendered":"https:\/\/www.hydraulic-cylinders.net\/product\/bucket-cylinder-for-kobelco-middle-excavator-sk250-8\/"},"modified":"2025-01-19T14:25:36","modified_gmt":"2025-01-19T14:25:36","slug":"bucket-cylinder-for-kobelco-middle-excavator-sk250-8","status":"publish","type":"product","link":"https:\/\/www.hydraulic-cylinders.net\/pt\/produto\/bucket-cylinder-for-kobelco-middle-excavator-sk250-8\/","title":{"rendered":"Cilindro da ca\u00e7amba para escavadeira m\u00e9dia Kobelco SK250-8"},"content":{"rendered":"<h1>Cilindro da ca\u00e7amba para escavadeira m\u00e9dia Kobelco SK250-8<\/h1>\n<h2>Introdu\u00e7\u00e3o<\/h2>\n<h3>O que \u00e9 um cilindro de ca\u00e7amba?<\/h3>\n<p>O cilindro da ca\u00e7amba \u00e9 um cilindro hidr\u00e1ulico especializado, projetado para controlar o movimento da ca\u00e7amba em m\u00e1quinas pesadas, como escavadeiras, retroescavadeiras e p\u00e1s carregadeiras. Sua principal fun\u00e7\u00e3o \u00e9 permitir que a ca\u00e7amba suba, des\u00e7a e incline, facilitando a execu\u00e7\u00e3o de diversas tarefas de movimenta\u00e7\u00e3o de materiais. No sistema hidr\u00e1ulico, o cilindro da ca\u00e7amba proporciona um controle preciso da ca\u00e7amba por meio de altera\u00e7\u00f5es na press\u00e3o do \u00f3leo hidr\u00e1ulico, permitindo que os operadores manuseiem cargas pesadas com efici\u00eancia e se adaptem a ambientes de trabalho complexos e diversas exig\u00eancias operacionais.<\/p>\n<p><img decoding=\"async\" src=\"https:\/\/www.hydraulic-cylinders.net\/wp-content\/uploads\/2025\/01\/songte-company-2.webp\" alt=\"Imagem do cilindro da ca\u00e7amba\"><\/p>\n<h3>Caracter\u00edsticas do cilindro da ca\u00e7amba<\/h3>\n<ul>\n<li><strong>Alta resist\u00eancia e durabilidade:<\/strong> Normalmente fabricado em a\u00e7o de alta resist\u00eancia ou alum\u00ednio, suporta alta press\u00e3o e cargas pesadas, sendo adequado para ambientes de trabalho severos. O projeto considera a resist\u00eancia ao desgaste e \u00e0 corros\u00e3o, prolongando a vida \u00fatil.<\/li>\n<li><strong>Opera\u00e7\u00e3o hidr\u00e1ulica eficiente:<\/strong> Utilizando a press\u00e3o do \u00f3leo hidr\u00e1ulico para obter uma extens\u00e3o e contra\u00e7\u00e3o suaves, ele responde rapidamente aos comandos de controle, fornece uma for\u00e7a de empurrar e puxar potente e \u00e9 adequado para lidar com cargas pesadas e tarefas complexas.<\/li>\n<li><strong>V\u00e1rios tipos:<\/strong> Cilindros de a\u00e7\u00e3o simples (sistema hidr\u00e1ulico utilizado apenas em uma dire\u00e7\u00e3o) ou de a\u00e7\u00e3o dupla (sistema hidr\u00e1ulico utilizado em duas dire\u00e7\u00f5es) podem ser selecionados de acordo com as necessidades operacionais. Alguns modelos s\u00e3o telesc\u00f3picos, permitindo maior extens\u00e3o sem aumentar as dimens\u00f5es externas, sendo adequados para aplica\u00e7\u00f5es com espa\u00e7o limitado.<\/li>\n<li><strong>Instala\u00e7\u00e3o f\u00e1cil:<\/strong> Nosso produto pode substituir perfeitamente esses cilindros hidr\u00e1ulicos.<\/li>\n<li><strong>Personaliz\u00e1vel:<\/strong> Podemos produzir cilindros hidr\u00e1ulicos personalizados de acordo com as necessidades espec\u00edficas de nossos clientes.<\/li>\n<\/ul>\n<p><img decoding=\"async\" src=\"https:\/\/www.hydraulic-cylinders.net\/wp-content\/uploads\/2025\/01\/songte-cylinder-head-with-all-kinds-excavator-models.webp\" alt=\"Imagem 2 do cilindro da ca\u00e7amba\"><\/p>\n<h3>Aplica\u00e7\u00f5es do Cilindro de Ca\u00e7amba<\/h3>\n<h4>Equipamentos de constru\u00e7\u00e3o<\/h4>\n<p>Em escavadeiras, s\u00e3o cruciais para escavar, carregar e movimentar terra ou entulho. Em retroescavadeiras, o cilindro da ca\u00e7amba auxilia tanto na escava\u00e7\u00e3o quanto no levantamento. <\/p>\n<h4>Maquinaria agr\u00edcola<\/h4>\n<p>Utilizados em p\u00e1s carregadeiras frontais para recolher, levantar e transportar terra, feno e outros materiais. Em escavadeiras, o cilindro da ca\u00e7amba permite que a ca\u00e7amba penetre no solo para escavar. Em p\u00e1s carregadeiras frontais, auxiliam no basculamento e despejo eficiente da carga.<\/p>\n<h4>Outras aplica\u00e7\u00f5es<\/h4>\n<p>O cilindro com ca\u00e7amba tamb\u00e9m \u00e9 utilizado em outras aplica\u00e7\u00f5es, como minera\u00e7\u00e3o, silvicultura e movimenta\u00e7\u00e3o de materiais.<\/p>\n<h3>Considera\u00e7\u00f5es de design e crit\u00e9rios de sele\u00e7\u00e3o<\/h3>\n<h4>Capacidade de carga<\/h4>\n<p>A capacidade de carga de um cilindro de ca\u00e7amba \u00e9 crucial e deve ser selecionada com base na carga m\u00e1xima que ele precisa suportar. \u00c9 essencial garantir que o cilindro possa suportar a press\u00e3o e a carga m\u00e1ximas \u00e0s quais ser\u00e1 submetido durante sua opera\u00e7\u00e3o.<\/p>\n<h4>Veda\u00e7\u00e3o e durabilidade<\/h4>\n<p>A veda\u00e7\u00e3o e a durabilidade s\u00e3o cruciais para o desempenho e a vida \u00fatil do cilindro. A veda\u00e7\u00e3o do pist\u00e3o e a veda\u00e7\u00e3o da haste devem ser feitas de materiais resistentes ao desgaste e \u00e0 corros\u00e3o, como poliuretano e borracha nitr\u00edlica. O corpo do cilindro e as superf\u00edcies roscadas devem receber um tratamento fino para melhorar a resist\u00eancia ao desgaste. A lubrifica\u00e7\u00e3o regular com o \u00f3leo hidr\u00e1ulico apropriado tamb\u00e9m \u00e9 necess\u00e1ria para manter o desempenho ideal do cilindro.<\/p>\n<p><img decoding=\"async\" src=\"https:\/\/www.hydraulic-cylinders.net\/wp-content\/uploads\/2025\/01\/songte-oil-pipes-and-spare-parts.webp\" alt=\"Imagem 3 do cilindro da ca\u00e7amba\"><\/p>\n<h3>Manuten\u00e7\u00e3o e Reparo<\/h3>\n<h4>Instala\u00e7\u00e3o<\/h4>\n<p>A instala\u00e7\u00e3o correta \u00e9 essencial para garantir o desempenho ideal e a longa vida \u00fatil do cilindro da ca\u00e7amba. Recomenda-se alinhar o cilindro corretamente durante a instala\u00e7\u00e3o e usar os suportes de fixa\u00e7\u00e3o apropriados para prend\u00ea-lo.<\/p>\n<h4>Manuten\u00e7\u00e3o<\/h4>\n<ul>\n<li><strong>Inspe\u00e7\u00e3o regular:<\/strong> \u00c9 necess\u00e1rio inspecionar regularmente o estado do cilindro para detectar qualquer desgaste ou dano e tomar medidas corretivas em tempo h\u00e1bil.<\/li>\n<li><strong>Lubrifica\u00e7\u00e3o:<\/strong> A lubrifica\u00e7\u00e3o regular com o \u00f3leo hidr\u00e1ulico apropriado \u00e9 necess\u00e1ria para manter o desempenho ideal do cilindro.<\/li>\n<li><strong>Substitui\u00e7\u00e3o da veda\u00e7\u00e3o:<\/strong> As veda\u00e7\u00f5es devem ser substitu\u00eddas periodicamente para garantir uma veda\u00e7\u00e3o adequada e evitar vazamentos de \u00f3leo.<\/li>\n<\/ul>\n<h4>Reparar<\/h4>\n<p>Para quaisquer reparos, recomendamos que consulte nossos t\u00e9cnicos experientes para garantir que o trabalho seja realizado com os mais altos padr\u00f5es de qualidade.<\/p>\n<h3>Considera\u00e7\u00f5es sobre seguran\u00e7a e meio ambiente<\/h3>\n<p>Ao manusear o cilindro da ca\u00e7amba, \u00e9 essencial observar todas as medidas de seguran\u00e7a necess\u00e1rias para evitar acidentes. O descarte adequado do \u00f3leo hidr\u00e1ulico usado e de outros res\u00edduos perigosos tamb\u00e9m \u00e9 fundamental para a prote\u00e7\u00e3o do meio ambiente.<\/p>\n<p><img decoding=\"async\" src=\"https:\/\/www.hydraulic-cylinders.net\/wp-content\/uploads\/2025\/01\/songte-chushion-collar.webp\" alt=\"Imagem 4 do cilindro da ca\u00e7amba\"><\/p>\n<h3>Solu\u00e7\u00e3o de problemas e problemas comuns<\/h3>\n<p>Problemas comuns em cilindros de ca\u00e7amba incluem vazamento de \u00f3leo, danos nas veda\u00e7\u00f5es e mau funcionamento da haste do pist\u00e3o. Se voc\u00ea encontrar algum problema com o seu cilindro de ca\u00e7amba, consulte nossos t\u00e9cnicos experientes para obter assist\u00eancia.<\/p>\n<h3>Sobre n\u00f3s<\/h3>\n<p>Somos fabricantes de cilindros hidr\u00e1ulicos de reposi\u00e7\u00e3o, oferecendo uma ampla gama de produtos e nos tornando um dos principais fabricantes e distribuidores atacadistas de cilindros hidr\u00e1ulicos nos mercados nacional e internacional. Seguimos a estrat\u00e9gia de excel\u00eancia em qualidade, apoiando-nos na gest\u00e3o industrializada de nossas sofisticadas instala\u00e7\u00f5es de produ\u00e7\u00e3o. Nossa empresa investe continuamente na melhoria da plataforma de fabrica\u00e7\u00e3o, aprimorando a qualidade dos produtos e possuindo forte capacidade de inova\u00e7\u00e3o. Satisfazemos as diversas necessidades dos clientes, pautando-nos pelos princ\u00edpios de alta efici\u00eancia, alta precis\u00e3o e alta qualidade. <\/p>\n<p><img decoding=\"async\" src=\"https:\/\/hzpt.com\/wp-content\/uploads\/2024\/11\/songte-company-1.webp\" alt=\"Imagem 5 do cilindro da ca\u00e7amba\"><\/p>\n<h4>Profissionalismo<\/h4>\n<p>Contamos com uma equipe de profissionais com anos de experi\u00eancia, conhecimento t\u00e9cnico e equipamentos de fabrica\u00e7\u00e3o avan\u00e7ados.<\/p>\n<h4>Certifica\u00e7\u00e3o Internacional<\/h4>\n<p>Nossos produtos s\u00e3o certificados por organiza\u00e7\u00f5es internacionais e atendem aos mais altos padr\u00f5es de qualidade e seguran\u00e7a.<\/p>\n<h4>Servi\u00e7os de Personaliza\u00e7\u00e3o<\/h4>\n<p>Oferecemos servi\u00e7os de personaliza\u00e7\u00e3o para atender \u00e0s necessidades espec\u00edficas de nossos clientes.<\/p>\n<h4>Equipamentos de produ\u00e7\u00e3o<\/h4>\n<p>Possu\u00edmos equipamentos avan\u00e7ados de fabrica\u00e7\u00e3o digital e sistemas de teste profissionais para garantir a alta qualidade de nossos produtos.<\/p>\n<h4>Servi\u00e7o p\u00f3s-venda<\/h4>\n<p>Oferecemos um servi\u00e7o p\u00f3s-venda completo, incluindo substitui\u00e7\u00e3o de pe\u00e7as e servi\u00e7os de reconstru\u00e7\u00e3o, para garantir a longevidade de nossos produtos.<\/p>\n<p>Autor: lyl.<\/p>","protected":false},"excerpt":{"rendered":"<p>Bucket Cylinder For Kobelco Middle Excavator SK250-8 Introduction What is a Bucket Cylinder? A bucket cylinder is a specialized hydraulic cylinder designed for controlling the movement of buckets in heavy machinery such as excavators, backhoe loaders, and front-end loaders. Its main function is to enable the bucket to lift, lower, and tilt, making it easier [&hellip;]<\/p>","protected":false},"featured_media":14762,"comment_status":"open","ping_status":"closed","template":"","meta":{"_et_pb_use_builder":"","_et_pb_old_content":"","_et_gb_content_width":""},"product_brand":[],"product_cat":[1494],"product_tag":[1495,1496],"class_list":{"0":"post-15355","1":"product","2":"type-product","3":"status-publish","4":"has-post-thumbnail","6":"product_cat-bucket-cylinders","7":"product_tag-bucket-cylinders","8":"product_tag-hydraulic-cylinders","10":"first","11":"instock","12":"shipping-taxable","13":"product-type-simple"},"amp_enabled":true,"_links":{"self":[{"href":"https:\/\/www.hydraulic-cylinders.net\/pt\/wp-json\/wp\/v2\/product\/15355","targetHints":{"allow":["GET"]}}],"collection":[{"href":"https:\/\/www.hydraulic-cylinders.net\/pt\/wp-json\/wp\/v2\/product"}],"about":[{"href":"https:\/\/www.hydraulic-cylinders.net\/pt\/wp-json\/wp\/v2\/types\/product"}],"replies":[{"embeddable":true,"href":"https:\/\/www.hydraulic-cylinders.net\/pt\/wp-json\/wp\/v2\/comments?post=15355"}],"wp:featuredmedia":[{"embeddable":true,"href":"https:\/\/www.hydraulic-cylinders.net\/pt\/wp-json\/wp\/v2\/media\/14762"}],"wp:attachment":[{"href":"https:\/\/www.hydraulic-cylinders.net\/pt\/wp-json\/wp\/v2\/media?parent=15355"}],"wp:term":[{"taxonomy":"product_brand","embeddable":true,"href":"https:\/\/www.hydraulic-cylinders.net\/pt\/wp-json\/wp\/v2\/product_brand?post=15355"},{"taxonomy":"product_cat","embeddable":true,"href":"https:\/\/www.hydraulic-cylinders.net\/pt\/wp-json\/wp\/v2\/product_cat?post=15355"},{"taxonomy":"product_tag","embeddable":true,"href":"https:\/\/www.hydraulic-cylinders.net\/pt\/wp-json\/wp\/v2\/product_tag?post=15355"}],"curies":[{"name":"wp","href":"https:\/\/api.w.org\/{rel}","templated":true}]}}