{"id":15361,"date":"2025-01-19T14:25:58","date_gmt":"2025-01-19T14:25:58","guid":{"rendered":"https:\/\/www.hydraulic-cylinders.net\/product\/bucket-cylinder-for-kobelco-large-excavator-sk300-2\/"},"modified":"2025-01-19T14:26:00","modified_gmt":"2025-01-19T14:26:00","slug":"bucket-cylinder-for-kobelco-large-excavator-sk300-2","status":"publish","type":"product","link":"https:\/\/www.hydraulic-cylinders.net\/pt\/produto\/bucket-cylinder-for-kobelco-large-excavator-sk300-2\/","title":{"rendered":"Cilindro da ca\u00e7amba para escavadeira grande Kobelco SK300-2"},"content":{"rendered":"<p><!DOCTYPE html><br \/>\n<html><br \/>\n<head><br \/>\n<title>Cilindro da ca\u00e7amba para escavadeira grande Kobelco SK300-2<\/title><br \/>\n<\/head><br \/>\n<body><\/p>\n<h1>Cilindro da ca\u00e7amba para escavadeira grande Kobelco SK300-2<\/h1>\n<h2>Defini\u00e7\u00e3o de Cilindro de Ca\u00e7amba<\/h2>\n<p>O cilindro da ca\u00e7amba \u00e9 um cilindro hidr\u00e1ulico especialmente projetado para controlar o movimento da ca\u00e7amba em m\u00e1quinas pesadas, como escavadeiras, retroescavadeiras e p\u00e1s carregadeiras. Sua principal fun\u00e7\u00e3o \u00e9 permitir o levantamento, abaixamento e inclina\u00e7\u00e3o da ca\u00e7amba, facilitando diversas tarefas de movimenta\u00e7\u00e3o de materiais. No sistema hidr\u00e1ulico, o cilindro da ca\u00e7amba proporciona um controle preciso da ca\u00e7amba utilizando as varia\u00e7\u00f5es de press\u00e3o do \u00f3leo hidr\u00e1ulico, permitindo que o operador manuseie cargas pesadas com efici\u00eancia e se adapte a ambientes de trabalho complexos e diversas exig\u00eancias operacionais.<\/p>\n<p><img decoding=\"async\" src=\"https:\/\/www.hydraulic-cylinders.net\/wp-content\/uploads\/2025\/01\/songte-company-2.webp\" alt=\"Imagem do cilindro da ca\u00e7amba\"><\/p>\n<h2>Caracter\u00edsticas do cilindro da ca\u00e7amba<\/h2>\n<ul>\n<li><strong>Alta resist\u00eancia e durabilidade:<\/strong> Normalmente fabricado em a\u00e7o de alta resist\u00eancia ou alum\u00ednio, o cilindro da ca\u00e7amba suporta alta press\u00e3o e cargas pesadas, adaptando-se a ambientes de trabalho severos. Seu design leva em considera\u00e7\u00e3o a resist\u00eancia ao desgaste e \u00e0 corros\u00e3o, prolongando sua vida \u00fatil.<\/li>\n<li><strong>Opera\u00e7\u00e3o hidr\u00e1ulica eficiente:<\/strong> Utilizando a press\u00e3o do \u00f3leo hidr\u00e1ulico, o cilindro da ca\u00e7amba permite movimentos suaves de extens\u00e3o e retra\u00e7\u00e3o, possibilitando uma resposta r\u00e1pida aos comandos de controle e fornecendo for\u00e7as de empurrar e puxar potentes, adequadas para o manuseio de cargas pesadas e tarefas operacionais complexas.<\/li>\n<li><strong>V\u00e1rios tipos:<\/strong> O cilindro da ca\u00e7amba pode ser selecionado como de a\u00e7\u00e3o simples (press\u00e3o hidr\u00e1ulica aplicada em apenas uma dire\u00e7\u00e3o) ou de a\u00e7\u00e3o dupla (press\u00e3o hidr\u00e1ulica aplicada em ambas as dire\u00e7\u00f5es), de acordo com as necessidades operacionais espec\u00edficas. Alguns modelos s\u00e3o telesc\u00f3picos, permitindo maior extens\u00e3o sem aumentar as dimens\u00f5es externas, o que os torna adequados para aplica\u00e7\u00f5es com espa\u00e7o limitado.<\/li>\n<li><strong>Substitui\u00e7\u00e3o de cilindros hidr\u00e1ulicos:<\/strong> Nossos produtos podem substituir perfeitamente esses cilindros hidr\u00e1ulicos.<\/li>\n<\/ul>\n<p><img decoding=\"async\" src=\"https:\/\/www.hydraulic-cylinders.net\/wp-content\/uploads\/2025\/01\/songte-cylinder-head-with-all-kinds-excavator-models.webp\" alt=\"Imagem do produto\"><\/p>\n<h2>Aplica\u00e7\u00f5es do Cilindro de Ca\u00e7amba<\/h2>\n<p>Os cilindros de ca\u00e7amba t\u00eam diversas aplica\u00e7\u00f5es em diferentes tipos de m\u00e1quinas:<\/p>\n<ul>\n<li><strong>Equipamentos de constru\u00e7\u00e3o:<\/strong> Encontrados em escavadeiras, s\u00e3o cruciais para cavar, carregar e mover solo ou entulho. Em retroescavadeiras, o cilindro da ca\u00e7amba auxilia tanto na escava\u00e7\u00e3o quanto na eleva\u00e7\u00e3o.<\/li>\n<li><strong>Maquinaria agr\u00edcola:<\/strong> Utilizado em p\u00e1s carregadeiras frontais, o cilindro da ca\u00e7amba auxilia na coleta, eleva\u00e7\u00e3o e transporte de terra, feno e outros materiais.<\/li>\n<li><strong>Escavadeiras:<\/strong> O cilindro da ca\u00e7amba permite a escava\u00e7\u00e3o permitindo que a ca\u00e7amba penetre no solo.<\/li>\n<li><strong>Carregadeiras frontais:<\/strong> Em carregadeiras frontais, elas auxiliam no levantamento e despejo eficiente de mercadorias.<\/li>\n<\/ul>\n<h2>Considera\u00e7\u00f5es de design e crit\u00e9rios de sele\u00e7\u00e3o<\/h2>\n<p>Ao projetar cilindros de ca\u00e7amba, fatores-chave como capacidade de carga, veda\u00e7\u00e3o, durabilidade, seguran\u00e7a e facilidade de manuten\u00e7\u00e3o s\u00e3o levados em considera\u00e7\u00e3o:<\/p>\n<p><img decoding=\"async\" src=\"https:\/\/www.hydraulic-cylinders.net\/wp-content\/uploads\/2025\/01\/songte-oil-pipes-and-spare-parts.webp\" alt=\"Considera\u00e7\u00f5es de design Imagem\"><\/p>\n<h2>Veda\u00e7\u00e3o e lubrifica\u00e7\u00e3o do cilindro<\/h2>\n<p>O cilindro da ca\u00e7amba utiliza diversas veda\u00e7\u00f5es, como veda\u00e7\u00f5es de pist\u00e3o e veda\u00e7\u00f5es de haste, feitas de materiais resistentes ao desgaste, como poliuretano e borracha nitr\u00edlica. O corpo do cilindro e as superf\u00edcies roscadas das extremidades recebem um tratamento fino para aumentar a resist\u00eancia ao desgaste. \u00c9 necess\u00e1ria a lubrifica\u00e7\u00e3o regular com a quantidade adequada de \u00f3leo hidr\u00e1ulico.<\/p>\n<h2>Inspe\u00e7\u00e3o regular e medidas de manuten\u00e7\u00e3o preventiva<\/h2>\n<p>Para garantir o desempenho ideal e a longevidade do equipamento, \u00e9 importante realizar inspe\u00e7\u00f5es regulares e manuten\u00e7\u00e3o preventiva no cilindro da ca\u00e7amba. Algumas medidas incluem:<\/p>\n<h2>Guia de Instala\u00e7\u00e3o Correta<\/h2>\n<p>A instala\u00e7\u00e3o correta do cilindro da ca\u00e7amba \u00e9 crucial para seu desempenho e durabilidade. Siga estas orienta\u00e7\u00f5es:<\/p>\n<h2>Tarefas comuns de manuten\u00e7\u00e3o<\/h2>\n<p>As tarefas comuns de manuten\u00e7\u00e3o para cilindros de ca\u00e7amba incluem inspe\u00e7\u00e3o regular, lubrifica\u00e7\u00e3o adequada, substitui\u00e7\u00e3o de veda\u00e7\u00f5es e verifica\u00e7\u00e3o de calibra\u00e7\u00e3o. \u00c9 importante enfatizar a import\u00e2ncia da instala\u00e7\u00e3o, lubrifica\u00e7\u00e3o e ajuste corretos. Forne\u00e7a orienta\u00e7\u00f5es adequadas sobre o alinhamento do cilindro durante a instala\u00e7\u00e3o e recomende o uso de suportes de montagem apropriados para fix\u00e1-lo. Os procedimentos recomendados para inspe\u00e7\u00e3o, reparo e substitui\u00e7\u00e3o devem ser fornecidos, juntamente com dicas para prolongar a vida \u00fatil do cilindro da ca\u00e7amba.<\/p>\n<p><img decoding=\"async\" src=\"https:\/\/www.hydraulic-cylinders.net\/wp-content\/uploads\/2025\/01\/songte-chushion-collar.webp\" alt=\"Imagem de manuten\u00e7\u00e3o\"><\/p>\n<h2>Considera\u00e7\u00f5es de seguran\u00e7a e fatores ambientais<\/h2>\n<p>Ao utilizar cilindros de concreto armado, \u00e9 fundamental priorizar as medidas de seguran\u00e7a. Devem ser tomadas precau\u00e7\u00f5es para evitar poss\u00edveis riscos e proteger o meio ambiente.<\/p>\n<h2>Solu\u00e7\u00e3o de problemas e problemas comuns<\/h2>\n<p>Identificar poss\u00edveis falhas e problemas comuns relacionados aos cilindros da ca\u00e7amba. Fornecer dicas e solu\u00e7\u00f5es para diagnosticar e resolver problemas com efic\u00e1cia. Oferecer medidas preventivas para minimizar problemas potenciais.<\/p>\n<p><img decoding=\"async\" src=\"https:\/\/www.hydraulic-cylinders.net\/wp-content\/uploads\/2025\/01\/songte-bushings-with-all-kinds-of-excavator-models.webp\" alt=\"Solu\u00e7\u00e3o de problemas de imagem\"><\/p>\n<h2>Sobre nossa empresa<\/h2>\n<p>Somos fabricantes de cilindros hidr\u00e1ulicos de reposi\u00e7\u00e3o e um dos principais fabricantes e distribuidores atacadistas nos mercados nacional e internacional. Nossa empresa oferece uma ampla gama de produtos e segue uma estrat\u00e9gia de gest\u00e3o de produ\u00e7\u00e3o industrializada, baseada em excelente qualidade, equipamentos de fabrica\u00e7\u00e3o avan\u00e7ados e sistemas de teste profissionais. Com nossos princ\u00edpios de efici\u00eancia, precis\u00e3o e alta qualidade, atendemos \u00e0s diversas necessidades de nossos clientes.<\/p>\n<p><img decoding=\"async\" src=\"https:\/\/www.hydraulic-cylinders.net\/wp-content\/uploads\/2025\/01\/songte-company-3.webp\" alt=\"Imagem da empresa\"><\/p>\n<h3>Especialidades da empresa:<\/h3>\n<ul>\n<li>Profissionalismo<\/li>\n<li>Certifica\u00e7\u00f5es Internacionais<\/li>\n<li>Servi\u00e7os de Personaliza\u00e7\u00e3o<\/li>\n<li>Equipamentos de produ\u00e7\u00e3o<\/li>\n<li>Servi\u00e7o p\u00f3s-venda<\/li>\n<\/ul>\n<p>Autor: lyl<\/p>\n<p><\/body><br \/>\n<\/html><\/p>","protected":false},"excerpt":{"rendered":"<p>Bucket Cylinder For Kobelco Large Excavator SK300-2 Bucket Cylinder For Kobelco Large Excavator SK300-2 Definition of Bucket Cylinder A bucket cylinder is a specially designed hydraulic cylinder used to control the movement of the bucket in heavy machinery such as excavators, backhoe loaders, and front-end loaders. Its main function is to enable the lifting, lowering, [&hellip;]<\/p>","protected":false},"featured_media":14784,"comment_status":"open","ping_status":"closed","template":"","meta":{"_et_pb_use_builder":"","_et_pb_old_content":"","_et_gb_content_width":""},"product_brand":[],"product_cat":[1494],"product_tag":[1495,1496],"class_list":{"0":"post-15361","1":"product","2":"type-product","3":"status-publish","4":"has-post-thumbnail","6":"product_cat-bucket-cylinders","7":"product_tag-bucket-cylinders","8":"product_tag-hydraulic-cylinders","10":"first","11":"instock","12":"shipping-taxable","13":"product-type-simple"},"amp_enabled":true,"_links":{"self":[{"href":"https:\/\/www.hydraulic-cylinders.net\/pt\/wp-json\/wp\/v2\/product\/15361","targetHints":{"allow":["GET"]}}],"collection":[{"href":"https:\/\/www.hydraulic-cylinders.net\/pt\/wp-json\/wp\/v2\/product"}],"about":[{"href":"https:\/\/www.hydraulic-cylinders.net\/pt\/wp-json\/wp\/v2\/types\/product"}],"replies":[{"embeddable":true,"href":"https:\/\/www.hydraulic-cylinders.net\/pt\/wp-json\/wp\/v2\/comments?post=15361"}],"wp:featuredmedia":[{"embeddable":true,"href":"https:\/\/www.hydraulic-cylinders.net\/pt\/wp-json\/wp\/v2\/media\/14784"}],"wp:attachment":[{"href":"https:\/\/www.hydraulic-cylinders.net\/pt\/wp-json\/wp\/v2\/media?parent=15361"}],"wp:term":[{"taxonomy":"product_brand","embeddable":true,"href":"https:\/\/www.hydraulic-cylinders.net\/pt\/wp-json\/wp\/v2\/product_brand?post=15361"},{"taxonomy":"product_cat","embeddable":true,"href":"https:\/\/www.hydraulic-cylinders.net\/pt\/wp-json\/wp\/v2\/product_cat?post=15361"},{"taxonomy":"product_tag","embeddable":true,"href":"https:\/\/www.hydraulic-cylinders.net\/pt\/wp-json\/wp\/v2\/product_tag?post=15361"}],"curies":[{"name":"wp","href":"https:\/\/api.w.org\/{rel}","templated":true}]}}